{"id":129066,"date":"2024-12-05T09:15:10","date_gmt":"2024-12-05T09:15:10","guid":{"rendered":"https:\/\/intermob.be\/?page_id=129066"},"modified":"2025-01-15T06:38:54","modified_gmt":"2025-01-15T06:38:54","slug":"ueber-uns","status":"publish","type":"page","link":"https:\/\/intermob.be\/de\/ueber-uns\/","title":{"rendered":"\u00dcber Uns"},"content":{"rendered":"\t\t<div data-elementor-type=\"wp-page\" data-elementor-id=\"129066\" class=\"elementor elementor-129066 elementor-121524\" data-elementor-post-type=\"page\">\n\t\t\t\t<div class=\"elementor-element elementor-element-61cc356a e-con-full wd-section-stretch-content e-flex e-con e-parent\" data-id=\"61cc356a\" data-element_type=\"container\">\n\t\t<div class=\"elementor-element elementor-element-70d38d6e e-con-full e-flex e-con e-child\" data-id=\"70d38d6e\" data-element_type=\"container\">\n\t\t\t\t<div class=\"elementor-element elementor-element-5683f05b elementor-widget elementor-widget-heading\" data-id=\"5683f05b\" data-element_type=\"widget\" data-widget_type=\"heading.default\">\n\t\t\t\t<div class=\"elementor-widget-container\">\n\t\t\t\t\t<h2 class=\"elementor-heading-title elementor-size-default\">HORECA MEUBEL CENTER BV<\/h2>\t\t\t\t<\/div>\n\t\t\t\t<\/div>\n\t\t\t\t<div class=\"elementor-element elementor-element-3373018e color-scheme-inherit text-left elementor-widget elementor-widget-text-editor\" data-id=\"3373018e\" data-element_type=\"widget\" data-widget_type=\"text-editor.default\">\n\t\t\t\t<div class=\"elementor-widget-container\">\n\t\t\t\t\t\t\t\t\t<p>Mit mehr als <strong>22 Jahren Erfahrung<\/strong> ist Horeca Meubel Center der Spezialist f\u00fcr Gastronomiem\u00f6bel. Wir sind sowohl Gro\u00dfh\u00e4ndler als auch Einzelh\u00e4ndler und bieten eine breite Produktpalette sowie ma\u00dfgeschneiderte L\u00f6sungen, die den Bed\u00fcrfnissen unserer Kunden vollst\u00e4ndig entsprechen.<\/p><p>Unser Fokus liegt auf der Bereitstellung von hochwertigen M\u00f6beln f\u00fcr <strong>Hotels, Restaurants<\/strong> und <strong>Caf\u00e9s<\/strong>, die den europ\u00e4ischen Normen entsprechen. Ob Standardm\u00f6bel oder ma\u00dfgeschneiderte St\u00fccke \u2013 unsere erfahrenen Berater stehen bereit, um Sie bei der Umsetzung Ihrer Projekte zu unterst\u00fctzen.<\/p><p>Bei Horeca Meubel Center verbinden wir Qualit\u00e4t mit Komfort. Dank unserer Zusammenarbeit mit einem zuverl\u00e4ssigen Transportunternehmen sorgen wir f\u00fcr eine zuverl\u00e4ssige und effiziente Lieferung.<\/p><p><span style=\"color: #0078d7;\"><strong>W\u00e4hlen Sie Horeca Meubel Center und profitieren Sie von:<\/strong><\/span><\/p><ul><li>Fachkompetenz im Bereich Gastronomiem\u00f6bel<\/li><li>Hochwertigen und ma\u00dfgeschneiderten M\u00f6beln<\/li><li>Unterst\u00fctzung bei Projekten, von der Konzeption bis zur Umsetzung<\/li><li>Pers\u00f6nlichem Service<\/li><\/ul><p>Wir helfen Ihnen gerne, Ihre Vision Wirklichkeit werden zu lassen. Horeca Meubel Center: Ihr Partner f\u00fcr stilvolle und nachhaltige Gastronomiem\u00f6bel!<\/p>\t\t\t\t\t\t\t\t<\/div>\n\t\t\t\t<\/div>\n\t\t\t\t<\/div>\n\t\t<div class=\"elementor-element elementor-element-7d164fc9 e-con-full e-flex e-con e-child\" data-id=\"7d164fc9\" data-element_type=\"container\">\n\t\t\t\t<div class=\"elementor-element elementor-element-3b288680 elementor-widget elementor-widget-image\" data-id=\"3b288680\" data-element_type=\"widget\" data-widget_type=\"image.default\">\n\t\t\t\t<div class=\"elementor-widget-container\">\n\t\t\t\t\t\t\t\t\t\t\t\t\t\t\t<img decoding=\"async\" width=\"1080\" height=\"1080\" src=\"https:\/\/intermob.be\/wp-content\/uploads\/2025\/01\/De-V2-Hoofd-Categorie-Over-Ons-1-1080x1080.jpg\" class=\"attachment-large size-large wp-image-129128\" alt=\"De-V2-Hoofd-Categorie-Over-Ons (1)\" srcset=\"https:\/\/intermob.be\/wp-content\/uploads\/2025\/01\/De-V2-Hoofd-Categorie-Over-Ons-1-1080x1080.jpg 1080w, https:\/\/intermob.be\/wp-content\/uploads\/2025\/01\/De-V2-Hoofd-Categorie-Over-Ons-1-900x900.jpg 900w, https:\/\/intermob.be\/wp-content\/uploads\/2025\/01\/De-V2-Hoofd-Categorie-Over-Ons-1-400x400.jpg 400w, https:\/\/intermob.be\/wp-content\/uploads\/2025\/01\/De-V2-Hoofd-Categorie-Over-Ons-1-768x768.jpg 768w, https:\/\/intermob.be\/wp-content\/uploads\/2025\/01\/De-V2-Hoofd-Categorie-Over-Ons-1-1536x1536.jpg 1536w, https:\/\/intermob.be\/wp-content\/uploads\/2025\/01\/De-V2-Hoofd-Categorie-Over-Ons-1-2048x2048.jpg 2048w, https:\/\/intermob.be\/wp-content\/uploads\/2025\/01\/De-V2-Hoofd-Categorie-Over-Ons-1-430x430.jpg 430w, https:\/\/intermob.be\/wp-content\/uploads\/2025\/01\/De-V2-Hoofd-Categorie-Over-Ons-1-1200x1200.jpg 1200w, https:\/\/intermob.be\/wp-content\/uploads\/2025\/01\/De-V2-Hoofd-Categorie-Over-Ons-1-150x150.jpg 150w\" sizes=\"(max-width: 768px) 768px, (max-width: 576px) 576px, 100vw\" \/>\t\t\t\t\t\t\t\t\t\t\t\t\t\t\t<\/div>\n\t\t\t\t<\/div>\n\t\t\t\t<\/div>\n\t\t\t\t<\/div>\n\t\t\t\t<\/div>\n\t\t","protected":false},"excerpt":{"rendered":"<p>Intermob BV Mit mehr als 22 Jahren Erfahrung ist Intermob der Spezialist f\u00fcr Gastronomiem\u00f6bel. Wir sind sowohl Gro\u00dfh\u00e4ndler als auch<\/p>\n","protected":false},"author":1,"featured_media":0,"parent":0,"menu_order":0,"comment_status":"closed","ping_status":"closed","template":"","meta":{"footnotes":""},"class_list":["post-129066","page","type-page","status-publish","hentry"],"yoast_head":"<!-- This site is optimized with the Yoast SEO plugin v26.4 - https:\/\/yoast.com\/wordpress\/plugins\/seo\/ -->\n<title>\u00dcber Uns - Intermob Mobilier<\/title>\n<meta name=\"robots\" content=\"index, follow, max-snippet:-1, max-image-preview:large, max-video-preview:-1\" \/>\n<link rel=\"canonical\" href=\"https:\/\/intermob.be\/de\/ueber-uns\/\" \/>\n<meta property=\"og:locale\" content=\"de_DE\" \/>\n<meta property=\"og:type\" content=\"article\" \/>\n<meta property=\"og:title\" content=\"\u00dcber Uns - Intermob Mobilier\" \/>\n<meta property=\"og:description\" content=\"Intermob BV Mit mehr als 22 Jahren Erfahrung ist Intermob der Spezialist f\u00fcr Gastronomiem\u00f6bel. Wir sind sowohl Gro\u00dfh\u00e4ndler als auch\" \/>\n<meta property=\"og:url\" content=\"https:\/\/intermob.be\/de\/ueber-uns\/\" \/>\n<meta property=\"og:site_name\" content=\"Intermob Mobilier\" \/>\n<meta property=\"article:modified_time\" content=\"2025-01-15T06:38:54+00:00\" \/>\n<meta property=\"og:image\" content=\"https:\/\/intermob.be\/wp-content\/uploads\/2025\/01\/De-V2-Hoofd-Categorie-Over-Ons-1.jpg\" \/>\n\t<meta property=\"og:image:width\" content=\"3000\" \/>\n\t<meta property=\"og:image:height\" content=\"3000\" \/>\n\t<meta property=\"og:image:type\" content=\"image\/jpeg\" \/>\n<meta name=\"twitter:card\" content=\"summary_large_image\" \/>\n<meta name=\"twitter:label1\" content=\"Gesch\u00e4tzte Lesezeit\" \/>\n\t<meta name=\"twitter:data1\" content=\"2\u00a0Minuten\" \/>\n<script type=\"application\/ld+json\" class=\"yoast-schema-graph\">{\"@context\":\"https:\/\/schema.org\",\"@graph\":[{\"@type\":\"WebPage\",\"@id\":\"https:\/\/intermob.be\/de\/ueber-uns\/\",\"url\":\"https:\/\/intermob.be\/de\/ueber-uns\/\",\"name\":\"\u00dcber Uns - Intermob Mobilier\",\"isPartOf\":{\"@id\":\"https:\/\/intermob.be\/de\/#website\"},\"primaryImageOfPage\":{\"@id\":\"https:\/\/intermob.be\/de\/ueber-uns\/#primaryimage\"},\"image\":{\"@id\":\"https:\/\/intermob.be\/de\/ueber-uns\/#primaryimage\"},\"thumbnailUrl\":\"https:\/\/intermob.be\/wp-content\/uploads\/2025\/01\/De-V2-Hoofd-Categorie-Over-Ons-1-1080x1080.jpg\",\"datePublished\":\"2024-12-05T09:15:10+00:00\",\"dateModified\":\"2025-01-15T06:38:54+00:00\",\"breadcrumb\":{\"@id\":\"https:\/\/intermob.be\/de\/ueber-uns\/#breadcrumb\"},\"inLanguage\":\"de\",\"potentialAction\":[{\"@type\":\"ReadAction\",\"target\":[\"https:\/\/intermob.be\/de\/ueber-uns\/\"]}]},{\"@type\":\"ImageObject\",\"inLanguage\":\"de\",\"@id\":\"https:\/\/intermob.be\/de\/ueber-uns\/#primaryimage\",\"url\":\"https:\/\/intermob.be\/wp-content\/uploads\/2025\/01\/De-V2-Hoofd-Categorie-Over-Ons-1-1080x1080.jpg\",\"contentUrl\":\"https:\/\/intermob.be\/wp-content\/uploads\/2025\/01\/De-V2-Hoofd-Categorie-Over-Ons-1-1080x1080.jpg\"},{\"@type\":\"BreadcrumbList\",\"@id\":\"https:\/\/intermob.be\/de\/ueber-uns\/#breadcrumb\",\"itemListElement\":[{\"@type\":\"ListItem\",\"position\":1,\"name\":\"Home\",\"item\":\"https:\/\/intermob.be\/de\/\"},{\"@type\":\"ListItem\",\"position\":2,\"name\":\"\u00dcber Uns\"}]},{\"@type\":\"WebSite\",\"@id\":\"https:\/\/intermob.be\/de\/#website\",\"url\":\"https:\/\/intermob.be\/de\/\",\"name\":\"Intermob\",\"description\":\"\",\"publisher\":{\"@id\":\"https:\/\/intermob.be\/de\/#organization\"},\"potentialAction\":[{\"@type\":\"SearchAction\",\"target\":{\"@type\":\"EntryPoint\",\"urlTemplate\":\"https:\/\/intermob.be\/de\/?s={search_term_string}\"},\"query-input\":{\"@type\":\"PropertyValueSpecification\",\"valueRequired\":true,\"valueName\":\"search_term_string\"}}],\"inLanguage\":\"de\"},{\"@type\":\"Organization\",\"@id\":\"https:\/\/intermob.be\/de\/#organization\",\"name\":\"Intermob Mobilier\",\"url\":\"https:\/\/intermob.be\/de\/\",\"logo\":{\"@type\":\"ImageObject\",\"inLanguage\":\"de\",\"@id\":\"https:\/\/intermob.be\/de\/#\/schema\/logo\/image\/\",\"url\":\"https:\/\/intermob.be\/wp-content\/uploads\/2025\/09\/intb-bold-logo.png\",\"contentUrl\":\"https:\/\/intermob.be\/wp-content\/uploads\/2025\/09\/intb-bold-logo.png\",\"width\":480,\"height\":158,\"caption\":\"Intermob Mobilier\"},\"image\":{\"@id\":\"https:\/\/intermob.be\/de\/#\/schema\/logo\/image\/\"}}]}<\/script>\n<!-- \/ Yoast SEO plugin. -->","yoast_head_json":{"title":"\u00dcber Uns - Intermob Mobilier","robots":{"index":"index","follow":"follow","max-snippet":"max-snippet:-1","max-image-preview":"max-image-preview:large","max-video-preview":"max-video-preview:-1"},"canonical":"https:\/\/intermob.be\/de\/ueber-uns\/","og_locale":"de_DE","og_type":"article","og_title":"\u00dcber Uns - Intermob Mobilier","og_description":"Intermob BV Mit mehr als 22 Jahren Erfahrung ist Intermob der Spezialist f\u00fcr Gastronomiem\u00f6bel. Wir sind sowohl Gro\u00dfh\u00e4ndler als auch","og_url":"https:\/\/intermob.be\/de\/ueber-uns\/","og_site_name":"Intermob Mobilier","article_modified_time":"2025-01-15T06:38:54+00:00","og_image":[{"width":3000,"height":3000,"url":"https:\/\/intermob.be\/wp-content\/uploads\/2025\/01\/De-V2-Hoofd-Categorie-Over-Ons-1.jpg","type":"image\/jpeg"}],"twitter_card":"summary_large_image","twitter_misc":{"Gesch\u00e4tzte Lesezeit":"2\u00a0Minuten"},"schema":{"@context":"https:\/\/schema.org","@graph":[{"@type":"WebPage","@id":"https:\/\/intermob.be\/de\/ueber-uns\/","url":"https:\/\/intermob.be\/de\/ueber-uns\/","name":"\u00dcber Uns - Intermob Mobilier","isPartOf":{"@id":"https:\/\/intermob.be\/de\/#website"},"primaryImageOfPage":{"@id":"https:\/\/intermob.be\/de\/ueber-uns\/#primaryimage"},"image":{"@id":"https:\/\/intermob.be\/de\/ueber-uns\/#primaryimage"},"thumbnailUrl":"https:\/\/intermob.be\/wp-content\/uploads\/2025\/01\/De-V2-Hoofd-Categorie-Over-Ons-1-1080x1080.jpg","datePublished":"2024-12-05T09:15:10+00:00","dateModified":"2025-01-15T06:38:54+00:00","breadcrumb":{"@id":"https:\/\/intermob.be\/de\/ueber-uns\/#breadcrumb"},"inLanguage":"de","potentialAction":[{"@type":"ReadAction","target":["https:\/\/intermob.be\/de\/ueber-uns\/"]}]},{"@type":"ImageObject","inLanguage":"de","@id":"https:\/\/intermob.be\/de\/ueber-uns\/#primaryimage","url":"https:\/\/intermob.be\/wp-content\/uploads\/2025\/01\/De-V2-Hoofd-Categorie-Over-Ons-1-1080x1080.jpg","contentUrl":"https:\/\/intermob.be\/wp-content\/uploads\/2025\/01\/De-V2-Hoofd-Categorie-Over-Ons-1-1080x1080.jpg"},{"@type":"BreadcrumbList","@id":"https:\/\/intermob.be\/de\/ueber-uns\/#breadcrumb","itemListElement":[{"@type":"ListItem","position":1,"name":"Home","item":"https:\/\/intermob.be\/de\/"},{"@type":"ListItem","position":2,"name":"\u00dcber Uns"}]},{"@type":"WebSite","@id":"https:\/\/intermob.be\/de\/#website","url":"https:\/\/intermob.be\/de\/","name":"Intermob","description":"","publisher":{"@id":"https:\/\/intermob.be\/de\/#organization"},"potentialAction":[{"@type":"SearchAction","target":{"@type":"EntryPoint","urlTemplate":"https:\/\/intermob.be\/de\/?s={search_term_string}"},"query-input":{"@type":"PropertyValueSpecification","valueRequired":true,"valueName":"search_term_string"}}],"inLanguage":"de"},{"@type":"Organization","@id":"https:\/\/intermob.be\/de\/#organization","name":"Intermob Mobilier","url":"https:\/\/intermob.be\/de\/","logo":{"@type":"ImageObject","inLanguage":"de","@id":"https:\/\/intermob.be\/de\/#\/schema\/logo\/image\/","url":"https:\/\/intermob.be\/wp-content\/uploads\/2025\/09\/intb-bold-logo.png","contentUrl":"https:\/\/intermob.be\/wp-content\/uploads\/2025\/09\/intb-bold-logo.png","width":480,"height":158,"caption":"Intermob Mobilier"},"image":{"@id":"https:\/\/intermob.be\/de\/#\/schema\/logo\/image\/"}}]}},"_links":{"self":[{"href":"https:\/\/intermob.be\/de\/wp-json\/wp\/v2\/pages\/129066","targetHints":{"allow":["GET"]}}],"collection":[{"href":"https:\/\/intermob.be\/de\/wp-json\/wp\/v2\/pages"}],"about":[{"href":"https:\/\/intermob.be\/de\/wp-json\/wp\/v2\/types\/page"}],"author":[{"embeddable":true,"href":"https:\/\/intermob.be\/de\/wp-json\/wp\/v2\/users\/1"}],"replies":[{"embeddable":true,"href":"https:\/\/intermob.be\/de\/wp-json\/wp\/v2\/comments?post=129066"}],"version-history":[{"count":0,"href":"https:\/\/intermob.be\/de\/wp-json\/wp\/v2\/pages\/129066\/revisions"}],"wp:attachment":[{"href":"https:\/\/intermob.be\/de\/wp-json\/wp\/v2\/media?parent=129066"}],"curies":[{"name":"wp","href":"https:\/\/api.w.org\/{rel}","templated":true}]}}