{"id":114663,"date":"2024-08-12T10:15:05","date_gmt":"2024-08-12T10:15:05","guid":{"rendered":"https:\/\/intermob.be\/?post_type=product&#038;p=114663"},"modified":"2025-10-11T08:49:49","modified_gmt":"2025-10-11T08:49:49","slug":"horeca-stuhl-megan","status":"publish","type":"product","link":"https:\/\/intermob.be\/de\/produkt\/horeca-stuhl-megan\/","title":{"rendered":"Stuhl - Megan - Kunstleder"},"content":{"rendered":"<p><span style=\"color: #000000;\">Dieser luxuri\u00f6se Stuhl aus hochwertigem Kunstleder ist in den Farben Schwarz, Braun und Bordeaux erh\u00e4ltlich und mit einem eleganten Wenge-Buchenrahmen versehen. Die tiefen T\u00f6ne und die weiche Polsterung strahlen W\u00e4rme und Komfort aus, wodurch dieser Stuhl eine raffinierte Erg\u00e4nzung f\u00fcr jedes Gastronomieumfeld ist. Mit seinem stabilen Rahmen und stilvollen Design eignet sich dieser Stuhl perfekt f\u00fcr den intensiven Einsatz in Restaurants, Caf\u00e9s und Bars, die eine gem\u00fctliche und einladende Atmosph\u00e4re schaffen m\u00f6chten. Eine ausgezeichnete Wahl f\u00fcr diejenigen, die Komfort und modernes Design kombinieren m\u00f6chten, um G\u00e4sten ein angenehmes Sitzerlebnis zu bieten.<\/span><\/p>\n<p><span style=\"color: #000000;\">St\u00fchle f\u00fcr Ihr Unternehmen gibt es in allen Formen, Gr\u00f6\u00dfen und Farben. Das Intermob bietet eine Auswahl an St\u00fchlen, auf denen alles m\u00f6glich ist. Auf diese Weise k\u00f6nnen Sie das gew\u00fcnschte Material f\u00fcr Ihre St\u00fchle ausw\u00e4hlen. Passt Holz besser zu Ihrem Interieur? Oder eher Metall? Komfort ist auch ein wichtiger Faktor. Welche R\u00fcckenlehne bevorzugen Sie und \u00fcberlegen, welche Farbe am besten zum Rest des Raums passt. Nicht genug Auswahl? Das Intermob stellt ma\u00dfgefertigte M\u00f6bel her und ist offen f\u00fcr Ihre Fragen und W\u00fcnsche.<\/span><\/p>\n<p><span style=\"color: #000000;\"><strong>Zus\u00e4tzliche Information:<\/strong><\/span><\/p>\n<ul>\n<li><span style=\"color: #000000;\">Lieferung mit einem Standard-Kunststoffgleitnagel<\/span><\/li>\n<li><span style=\"color: #000000;\">Kommt gebrauchsfertig<\/span><\/li>\n<li><span style=\"color: #000000;\">Garantiertes europ\u00e4isches Produkt<\/span><\/li>\n<li><span style=\"color: #000000;\">1 Jahr Garantie<\/span><\/li>\n<\/ul>\n","protected":false},"excerpt":{"rendered":"<p>Dieser luxuri\u00f6se Stuhl aus hochwertigem Kunstleder ist in den Farben Schwarz, Braun und Bordeaux erh\u00e4ltlich und mit einem eleganten Wenge-Buchenrahmen<\/p>\n","protected":false},"featured_media":114621,"comment_status":"open","ping_status":"closed","template":"","meta":[],"product_brand":[],"product_cat":[9855],"product_tag":[],"class_list":{"0":"post-114663","1":"product","2":"type-product","3":"status-publish","4":"has-post-thumbnail","6":"product_cat-ledersessel","7":"pa_armrest-armrest-nein-de","8":"pa_frame-nicht-stapelbar-frame-de","9":"pa_product-color-color-schwarz-de","10":"pa_product-color-color-braun-de","11":"pa_product-color-color-taupe-de","12":"pa_product-color-color-bordeaux-de","13":"pa_product-frame-color-wenge-frame-color-de","14":"pa_product-material-buche-rahmen-material-de","15":"pa_product-seat-cm-45x45-seat-cm-de","16":"pa_product-seat-height-cm-48-seat-height-cm-de","17":"pa_product-seats-1-seats-de","18":"pa_product-upholstery-upholstery-kunstleder-de","20":"first","21":"instock","22":"sale","23":"taxable","24":"shipping-taxable","25":"purchasable","26":"product-type-variable","27":"has-default-attributes","28":"hc-var-color"},"yoast_head":"<!-- This site is optimized with the Yoast SEO plugin v26.4 - https:\/\/yoast.com\/wordpress\/plugins\/seo\/ -->\n<title>Horeca Stuhl - Megan - Kunstleder<\/title>\n<meta name=\"robots\" content=\"index, follow, max-snippet:-1, max-image-preview:large, max-video-preview:-1\" \/>\n<link rel=\"canonical\" href=\"https:\/\/intermob.be\/de\/produkt\/horeca-stuhl-megan\/\" \/>\n<meta property=\"og:locale\" content=\"de_DE\" \/>\n<meta property=\"og:type\" content=\"article\" \/>\n<meta property=\"og:title\" content=\"Horeca Stuhl - Megan - Kunstleder\" \/>\n<meta property=\"og:description\" content=\"Dieser luxuri\u00f6se Stuhl aus hochwertigem Kunstleder ist in den Farben Schwarz, Braun und Bordeaux erh\u00e4ltlich und mit einem eleganten Wenge-Buchenrahmen\" \/>\n<meta property=\"og:url\" content=\"https:\/\/intermob.be\/de\/produkt\/horeca-stuhl-megan\/\" \/>\n<meta property=\"og:site_name\" content=\"Intermob Mobilier\" \/>\n<meta property=\"article:modified_time\" content=\"2025-10-11T08:49:49+00:00\" \/>\n<meta property=\"og:image\" content=\"https:\/\/intermob.be\/wp-content\/uploads\/2024\/08\/Horeca-Stoel-Megan-Zwart.jpg\" \/>\n\t<meta property=\"og:image:width\" content=\"512\" \/>\n\t<meta property=\"og:image:height\" content=\"512\" \/>\n\t<meta property=\"og:image:type\" content=\"image\/jpeg\" \/>\n<meta name=\"twitter:card\" content=\"summary_large_image\" \/>\n<meta name=\"twitter:label1\" content=\"Gesch\u00e4tzte Lesezeit\" \/>\n\t<meta name=\"twitter:data1\" content=\"2\u00a0Minuten\" \/>\n<script type=\"application\/ld+json\" class=\"yoast-schema-graph\">{\"@context\":\"https:\/\/schema.org\",\"@graph\":[{\"@type\":\"WebPage\",\"@id\":\"https:\/\/intermob.be\/de\/produkt\/horeca-stuhl-megan\/\",\"url\":\"https:\/\/intermob.be\/de\/produkt\/horeca-stuhl-megan\/\",\"name\":\"Horeca Stuhl - Megan - Kunstleder\",\"isPartOf\":{\"@id\":\"https:\/\/intermob.be\/de\/#website\"},\"primaryImageOfPage\":{\"@id\":\"https:\/\/intermob.be\/de\/produkt\/horeca-stuhl-megan\/#primaryimage\"},\"image\":{\"@id\":\"https:\/\/intermob.be\/de\/produkt\/horeca-stuhl-megan\/#primaryimage\"},\"thumbnailUrl\":\"https:\/\/intermob.be\/wp-content\/uploads\/2024\/08\/Horeca-Stoel-Megan-Zwart.jpg\",\"datePublished\":\"2024-08-12T10:15:05+00:00\",\"dateModified\":\"2025-10-11T08:49:49+00:00\",\"breadcrumb\":{\"@id\":\"https:\/\/intermob.be\/de\/produkt\/horeca-stuhl-megan\/#breadcrumb\"},\"inLanguage\":\"de\",\"potentialAction\":[{\"@type\":\"ReadAction\",\"target\":[\"https:\/\/intermob.be\/de\/produkt\/horeca-stuhl-megan\/\"]}]},{\"@type\":\"ImageObject\",\"inLanguage\":\"de\",\"@id\":\"https:\/\/intermob.be\/de\/produkt\/horeca-stuhl-megan\/#primaryimage\",\"url\":\"https:\/\/intermob.be\/wp-content\/uploads\/2024\/08\/Horeca-Stoel-Megan-Zwart.jpg\",\"contentUrl\":\"https:\/\/intermob.be\/wp-content\/uploads\/2024\/08\/Horeca-Stoel-Megan-Zwart.jpg\",\"width\":512,\"height\":512,\"caption\":\"Horeca-Stoel-Megan-Zwart\"},{\"@type\":\"BreadcrumbList\",\"@id\":\"https:\/\/intermob.be\/de\/produkt\/horeca-stuhl-megan\/#breadcrumb\",\"itemListElement\":[{\"@type\":\"ListItem\",\"position\":1,\"name\":\"Home\",\"item\":\"https:\/\/intermob.be\/de\/\"},{\"@type\":\"ListItem\",\"position\":2,\"name\":\"Shop\",\"item\":\"https:\/\/intermob.be\/de\/shop\/\"},{\"@type\":\"ListItem\",\"position\":3,\"name\":\"Chaise - Megan - Simili Cuir\"}]},{\"@type\":\"WebSite\",\"@id\":\"https:\/\/intermob.be\/de\/#website\",\"url\":\"https:\/\/intermob.be\/de\/\",\"name\":\"Intermob\",\"description\":\"\",\"publisher\":{\"@id\":\"https:\/\/intermob.be\/de\/#organization\"},\"potentialAction\":[{\"@type\":\"SearchAction\",\"target\":{\"@type\":\"EntryPoint\",\"urlTemplate\":\"https:\/\/intermob.be\/de\/?s={search_term_string}\"},\"query-input\":{\"@type\":\"PropertyValueSpecification\",\"valueRequired\":true,\"valueName\":\"search_term_string\"}}],\"inLanguage\":\"de\"},{\"@type\":\"Organization\",\"@id\":\"https:\/\/intermob.be\/de\/#organization\",\"name\":\"Intermob Mobilier\",\"url\":\"https:\/\/intermob.be\/de\/\",\"logo\":{\"@type\":\"ImageObject\",\"inLanguage\":\"de\",\"@id\":\"https:\/\/intermob.be\/de\/#\/schema\/logo\/image\/\",\"url\":\"https:\/\/intermob.be\/wp-content\/uploads\/2025\/09\/intb-bold-logo.png\",\"contentUrl\":\"https:\/\/intermob.be\/wp-content\/uploads\/2025\/09\/intb-bold-logo.png\",\"width\":480,\"height\":158,\"caption\":\"Intermob Mobilier\"},\"image\":{\"@id\":\"https:\/\/intermob.be\/de\/#\/schema\/logo\/image\/\"}}]}<\/script>\n<!-- \/ Yoast SEO plugin. -->","yoast_head_json":{"title":"Horeca Stuhl - Megan - Kunstleder","robots":{"index":"index","follow":"follow","max-snippet":"max-snippet:-1","max-image-preview":"max-image-preview:large","max-video-preview":"max-video-preview:-1"},"canonical":"https:\/\/intermob.be\/de\/produkt\/horeca-stuhl-megan\/","og_locale":"de_DE","og_type":"article","og_title":"Horeca Stuhl - Megan - Kunstleder","og_description":"Dieser luxuri\u00f6se Stuhl aus hochwertigem Kunstleder ist in den Farben Schwarz, Braun und Bordeaux erh\u00e4ltlich und mit einem eleganten Wenge-Buchenrahmen","og_url":"https:\/\/intermob.be\/de\/produkt\/horeca-stuhl-megan\/","og_site_name":"Intermob Mobilier","article_modified_time":"2025-10-11T08:49:49+00:00","og_image":[{"width":512,"height":512,"url":"https:\/\/intermob.be\/wp-content\/uploads\/2024\/08\/Horeca-Stoel-Megan-Zwart.jpg","type":"image\/jpeg"}],"twitter_card":"summary_large_image","twitter_misc":{"Gesch\u00e4tzte Lesezeit":"2\u00a0Minuten"},"schema":{"@context":"https:\/\/schema.org","@graph":[{"@type":"WebPage","@id":"https:\/\/intermob.be\/de\/produkt\/horeca-stuhl-megan\/","url":"https:\/\/intermob.be\/de\/produkt\/horeca-stuhl-megan\/","name":"Horeca Stuhl - Megan - Kunstleder","isPartOf":{"@id":"https:\/\/intermob.be\/de\/#website"},"primaryImageOfPage":{"@id":"https:\/\/intermob.be\/de\/produkt\/horeca-stuhl-megan\/#primaryimage"},"image":{"@id":"https:\/\/intermob.be\/de\/produkt\/horeca-stuhl-megan\/#primaryimage"},"thumbnailUrl":"https:\/\/intermob.be\/wp-content\/uploads\/2024\/08\/Horeca-Stoel-Megan-Zwart.jpg","datePublished":"2024-08-12T10:15:05+00:00","dateModified":"2025-10-11T08:49:49+00:00","breadcrumb":{"@id":"https:\/\/intermob.be\/de\/produkt\/horeca-stuhl-megan\/#breadcrumb"},"inLanguage":"de","potentialAction":[{"@type":"ReadAction","target":["https:\/\/intermob.be\/de\/produkt\/horeca-stuhl-megan\/"]}]},{"@type":"ImageObject","inLanguage":"de","@id":"https:\/\/intermob.be\/de\/produkt\/horeca-stuhl-megan\/#primaryimage","url":"https:\/\/intermob.be\/wp-content\/uploads\/2024\/08\/Horeca-Stoel-Megan-Zwart.jpg","contentUrl":"https:\/\/intermob.be\/wp-content\/uploads\/2024\/08\/Horeca-Stoel-Megan-Zwart.jpg","width":512,"height":512,"caption":"Horeca-Stoel-Megan-Zwart"},{"@type":"BreadcrumbList","@id":"https:\/\/intermob.be\/de\/produkt\/horeca-stuhl-megan\/#breadcrumb","itemListElement":[{"@type":"ListItem","position":1,"name":"Home","item":"https:\/\/intermob.be\/de\/"},{"@type":"ListItem","position":2,"name":"Shop","item":"https:\/\/intermob.be\/de\/shop\/"},{"@type":"ListItem","position":3,"name":"Chaise - Megan - Simili Cuir"}]},{"@type":"WebSite","@id":"https:\/\/intermob.be\/de\/#website","url":"https:\/\/intermob.be\/de\/","name":"Intermob","description":"","publisher":{"@id":"https:\/\/intermob.be\/de\/#organization"},"potentialAction":[{"@type":"SearchAction","target":{"@type":"EntryPoint","urlTemplate":"https:\/\/intermob.be\/de\/?s={search_term_string}"},"query-input":{"@type":"PropertyValueSpecification","valueRequired":true,"valueName":"search_term_string"}}],"inLanguage":"de"},{"@type":"Organization","@id":"https:\/\/intermob.be\/de\/#organization","name":"Intermob Mobilier","url":"https:\/\/intermob.be\/de\/","logo":{"@type":"ImageObject","inLanguage":"de","@id":"https:\/\/intermob.be\/de\/#\/schema\/logo\/image\/","url":"https:\/\/intermob.be\/wp-content\/uploads\/2025\/09\/intb-bold-logo.png","contentUrl":"https:\/\/intermob.be\/wp-content\/uploads\/2025\/09\/intb-bold-logo.png","width":480,"height":158,"caption":"Intermob Mobilier"},"image":{"@id":"https:\/\/intermob.be\/de\/#\/schema\/logo\/image\/"}}]}},"_links":{"self":[{"href":"https:\/\/intermob.be\/de\/wp-json\/wp\/v2\/product\/114663","targetHints":{"allow":["GET"]}}],"collection":[{"href":"https:\/\/intermob.be\/de\/wp-json\/wp\/v2\/product"}],"about":[{"href":"https:\/\/intermob.be\/de\/wp-json\/wp\/v2\/types\/product"}],"replies":[{"embeddable":true,"href":"https:\/\/intermob.be\/de\/wp-json\/wp\/v2\/comments?post=114663"}],"version-history":[{"count":0,"href":"https:\/\/intermob.be\/de\/wp-json\/wp\/v2\/product\/114663\/revisions"}],"wp:featuredmedia":[{"embeddable":true,"href":"https:\/\/intermob.be\/de\/wp-json\/wp\/v2\/media\/114621"}],"wp:attachment":[{"href":"https:\/\/intermob.be\/de\/wp-json\/wp\/v2\/media?parent=114663"}],"wp:term":[{"taxonomy":"product_brand","embeddable":true,"href":"https:\/\/intermob.be\/de\/wp-json\/wp\/v2\/product_brand?post=114663"},{"taxonomy":"product_cat","embeddable":true,"href":"https:\/\/intermob.be\/de\/wp-json\/wp\/v2\/product_cat?post=114663"},{"taxonomy":"product_tag","embeddable":true,"href":"https:\/\/intermob.be\/de\/wp-json\/wp\/v2\/product_tag?post=114663"}],"curies":[{"name":"wp","href":"https:\/\/api.w.org\/{rel}","templated":true}]}}