{"id":118117,"date":"2024-10-30T14:36:28","date_gmt":"2024-10-30T14:36:28","guid":{"rendered":"https:\/\/intermob.be\/?post_type=product&#038;p=118117"},"modified":"2025-07-02T12:09:25","modified_gmt":"2025-07-02T12:09:25","slug":"horeca-niedrig-tischfuss-stahl-oe40-hoehe-48-cm-schwarz-gold","status":"publish","type":"product","link":"https:\/\/intermob.be\/de\/produkt\/horeca-niedrig-tischfuss-stahl-oe40-hoehe-48-cm-schwarz-gold\/","title":{"rendered":"Niedrig Tischfu\u00df - \u00d840 x H 48 cm - Stahl"},"content":{"rendered":"<p>Platte: 25x25x3 cm.<\/p>\n<p><span style=\"color: #000000;\"><strong>Geeignet unter folgenden Abmessungen:<\/strong><\/span><\/p>\n<ul>\n<li><span style=\"color: #000000;\">60&#215;60 cm<\/span><\/li>\n<li><span style=\"color: #000000;\">70&#215;70 cm<\/span><\/li>\n<li><span style=\"color: #000000;\">80&#215;80 cm<\/span><\/li>\n<li><span style=\"color: #000000;\">\u00d8 70 cm<\/span><\/li>\n<li><span style=\"color: #000000;\">\u00d8 80 cm<\/span><\/li>\n<\/ul>\n<p><span style=\"color: #000000;\"><strong>Geeignet f\u00fcr alle unsere Tischplatten im Innenbereich.<\/strong><\/span><\/p>\n","protected":false},"excerpt":{"rendered":"<p>Platte: 25x25x3 cm. Geeignet unter folgenden Abmessungen: 60&#215;60 cm 70&#215;70 cm 80&#215;80 cm \u00d8 70 cm \u00d8 80 cm Geeignet<\/p>\n","protected":false},"featured_media":118111,"comment_status":"open","ping_status":"closed","template":"","meta":[],"product_brand":[],"product_cat":[9811],"product_tag":[],"class_list":{"0":"post-118117","1":"product","2":"type-product","3":"status-publish","4":"has-post-thumbnail","6":"product_cat-tischgestelle","7":"pa_product-color-color-schwarz-de","8":"pa_product-material-stahl-material-de","9":"pa_product-more-dimensions-ja-de","10":"pa_product-usage-usage-innen-de","11":"pa_table-base-height-cm-48-cm-de","13":"first","14":"instock","15":"sale","16":"taxable","17":"shipping-taxable","18":"purchasable","19":"product-type-simple"},"yoast_head":"<!-- This site is optimized with the Yoast SEO plugin v26.4 - https:\/\/yoast.com\/wordpress\/plugins\/seo\/ -->\n<title>Horeca Niedrig Tischfu\u00df - \u00d840 H\u00f6he 48 Cm - Stahl<\/title>\n<meta name=\"robots\" content=\"index, follow, max-snippet:-1, max-image-preview:large, max-video-preview:-1\" \/>\n<link rel=\"canonical\" href=\"https:\/\/intermob.be\/de\/produkt\/horeca-niedrig-tischfuss-stahl-oe40-hoehe-48-cm-schwarz-gold\/\" \/>\n<meta property=\"og:locale\" content=\"de_DE\" \/>\n<meta property=\"og:type\" content=\"article\" \/>\n<meta property=\"og:title\" content=\"Horeca Niedrig Tischfu\u00df - \u00d840 H\u00f6he 48 Cm - Stahl\" \/>\n<meta property=\"og:description\" content=\"Platte: 25x25x3 cm. Geeignet unter folgenden Abmessungen: 60&#215;60 cm 70&#215;70 cm 80&#215;80 cm \u00d8 70 cm \u00d8 80 cm Geeignet\" \/>\n<meta property=\"og:url\" content=\"https:\/\/intermob.be\/de\/produkt\/horeca-niedrig-tischfuss-stahl-oe40-hoehe-48-cm-schwarz-gold\/\" \/>\n<meta property=\"og:site_name\" content=\"Intermob Mobilier\" \/>\n<meta property=\"article:modified_time\" content=\"2025-07-02T12:09:25+00:00\" \/>\n<meta property=\"og:image\" content=\"https:\/\/intermob.be\/wp-content\/uploads\/2024\/10\/Horeca-Tafelonderstel-Laag-Staal-O40-Hoogte-48-Cm-Zwart-Goud-1.jpg\" \/>\n\t<meta property=\"og:image:width\" content=\"1500\" \/>\n\t<meta property=\"og:image:height\" content=\"1500\" \/>\n\t<meta property=\"og:image:type\" content=\"image\/jpeg\" \/>\n<meta name=\"twitter:card\" content=\"summary_large_image\" \/>\n<meta name=\"twitter:label1\" content=\"Gesch\u00e4tzte Lesezeit\" \/>\n\t<meta name=\"twitter:data1\" content=\"1\u00a0Minute\" \/>\n<script type=\"application\/ld+json\" class=\"yoast-schema-graph\">{\"@context\":\"https:\/\/schema.org\",\"@graph\":[{\"@type\":\"WebPage\",\"@id\":\"https:\/\/intermob.be\/de\/produkt\/horeca-niedrig-tischfuss-stahl-oe40-hoehe-48-cm-schwarz-gold\/\",\"url\":\"https:\/\/intermob.be\/de\/produkt\/horeca-niedrig-tischfuss-stahl-oe40-hoehe-48-cm-schwarz-gold\/\",\"name\":\"Horeca Niedrig Tischfu\u00df - \u00d840 H\u00f6he 48 Cm - Stahl\",\"isPartOf\":{\"@id\":\"https:\/\/intermob.be\/de\/#website\"},\"primaryImageOfPage\":{\"@id\":\"https:\/\/intermob.be\/de\/produkt\/horeca-niedrig-tischfuss-stahl-oe40-hoehe-48-cm-schwarz-gold\/#primaryimage\"},\"image\":{\"@id\":\"https:\/\/intermob.be\/de\/produkt\/horeca-niedrig-tischfuss-stahl-oe40-hoehe-48-cm-schwarz-gold\/#primaryimage\"},\"thumbnailUrl\":\"https:\/\/intermob.be\/wp-content\/uploads\/2024\/10\/Horeca-Tafelonderstel-Laag-Staal-O40-Hoogte-48-Cm-Zwart-Goud-1.jpg\",\"datePublished\":\"2024-10-30T14:36:28+00:00\",\"dateModified\":\"2025-07-02T12:09:25+00:00\",\"breadcrumb\":{\"@id\":\"https:\/\/intermob.be\/de\/produkt\/horeca-niedrig-tischfuss-stahl-oe40-hoehe-48-cm-schwarz-gold\/#breadcrumb\"},\"inLanguage\":\"de\",\"potentialAction\":[{\"@type\":\"ReadAction\",\"target\":[\"https:\/\/intermob.be\/de\/produkt\/horeca-niedrig-tischfuss-stahl-oe40-hoehe-48-cm-schwarz-gold\/\"]}]},{\"@type\":\"ImageObject\",\"inLanguage\":\"de\",\"@id\":\"https:\/\/intermob.be\/de\/produkt\/horeca-niedrig-tischfuss-stahl-oe40-hoehe-48-cm-schwarz-gold\/#primaryimage\",\"url\":\"https:\/\/intermob.be\/wp-content\/uploads\/2024\/10\/Horeca-Tafelonderstel-Laag-Staal-O40-Hoogte-48-Cm-Zwart-Goud-1.jpg\",\"contentUrl\":\"https:\/\/intermob.be\/wp-content\/uploads\/2024\/10\/Horeca-Tafelonderstel-Laag-Staal-O40-Hoogte-48-Cm-Zwart-Goud-1.jpg\",\"width\":1500,\"height\":1500,\"caption\":\"Horeca-Tafelonderstel-Laag-Staal-O40-Hoogte-48-Cm-Zwart-Goud-1\"},{\"@type\":\"BreadcrumbList\",\"@id\":\"https:\/\/intermob.be\/de\/produkt\/horeca-niedrig-tischfuss-stahl-oe40-hoehe-48-cm-schwarz-gold\/#breadcrumb\",\"itemListElement\":[{\"@type\":\"ListItem\",\"position\":1,\"name\":\"Home\",\"item\":\"https:\/\/intermob.be\/de\/\"},{\"@type\":\"ListItem\",\"position\":2,\"name\":\"Shop\",\"item\":\"https:\/\/intermob.be\/de\/shop\/\"},{\"@type\":\"ListItem\",\"position\":3,\"name\":\"Pied De Table Basse - \u00d840 x H 48 cm - Acier\"}]},{\"@type\":\"WebSite\",\"@id\":\"https:\/\/intermob.be\/de\/#website\",\"url\":\"https:\/\/intermob.be\/de\/\",\"name\":\"Intermob\",\"description\":\"\",\"publisher\":{\"@id\":\"https:\/\/intermob.be\/de\/#organization\"},\"potentialAction\":[{\"@type\":\"SearchAction\",\"target\":{\"@type\":\"EntryPoint\",\"urlTemplate\":\"https:\/\/intermob.be\/de\/?s={search_term_string}\"},\"query-input\":{\"@type\":\"PropertyValueSpecification\",\"valueRequired\":true,\"valueName\":\"search_term_string\"}}],\"inLanguage\":\"de\"},{\"@type\":\"Organization\",\"@id\":\"https:\/\/intermob.be\/de\/#organization\",\"name\":\"Intermob Mobilier\",\"url\":\"https:\/\/intermob.be\/de\/\",\"logo\":{\"@type\":\"ImageObject\",\"inLanguage\":\"de\",\"@id\":\"https:\/\/intermob.be\/de\/#\/schema\/logo\/image\/\",\"url\":\"https:\/\/intermob.be\/wp-content\/uploads\/2025\/09\/intb-bold-logo.png\",\"contentUrl\":\"https:\/\/intermob.be\/wp-content\/uploads\/2025\/09\/intb-bold-logo.png\",\"width\":480,\"height\":158,\"caption\":\"Intermob Mobilier\"},\"image\":{\"@id\":\"https:\/\/intermob.be\/de\/#\/schema\/logo\/image\/\"}}]}<\/script>\n<!-- \/ Yoast SEO plugin. -->","yoast_head_json":{"title":"Horeca Niedrig Tischfu\u00df - \u00d840 H\u00f6he 48 Cm - Stahl","robots":{"index":"index","follow":"follow","max-snippet":"max-snippet:-1","max-image-preview":"max-image-preview:large","max-video-preview":"max-video-preview:-1"},"canonical":"https:\/\/intermob.be\/de\/produkt\/horeca-niedrig-tischfuss-stahl-oe40-hoehe-48-cm-schwarz-gold\/","og_locale":"de_DE","og_type":"article","og_title":"Horeca Niedrig Tischfu\u00df - \u00d840 H\u00f6he 48 Cm - Stahl","og_description":"Platte: 25x25x3 cm. Geeignet unter folgenden Abmessungen: 60&#215;60 cm 70&#215;70 cm 80&#215;80 cm \u00d8 70 cm \u00d8 80 cm Geeignet","og_url":"https:\/\/intermob.be\/de\/produkt\/horeca-niedrig-tischfuss-stahl-oe40-hoehe-48-cm-schwarz-gold\/","og_site_name":"Intermob Mobilier","article_modified_time":"2025-07-02T12:09:25+00:00","og_image":[{"width":1500,"height":1500,"url":"https:\/\/intermob.be\/wp-content\/uploads\/2024\/10\/Horeca-Tafelonderstel-Laag-Staal-O40-Hoogte-48-Cm-Zwart-Goud-1.jpg","type":"image\/jpeg"}],"twitter_card":"summary_large_image","twitter_misc":{"Gesch\u00e4tzte Lesezeit":"1\u00a0Minute"},"schema":{"@context":"https:\/\/schema.org","@graph":[{"@type":"WebPage","@id":"https:\/\/intermob.be\/de\/produkt\/horeca-niedrig-tischfuss-stahl-oe40-hoehe-48-cm-schwarz-gold\/","url":"https:\/\/intermob.be\/de\/produkt\/horeca-niedrig-tischfuss-stahl-oe40-hoehe-48-cm-schwarz-gold\/","name":"Horeca Niedrig Tischfu\u00df - \u00d840 H\u00f6he 48 Cm - Stahl","isPartOf":{"@id":"https:\/\/intermob.be\/de\/#website"},"primaryImageOfPage":{"@id":"https:\/\/intermob.be\/de\/produkt\/horeca-niedrig-tischfuss-stahl-oe40-hoehe-48-cm-schwarz-gold\/#primaryimage"},"image":{"@id":"https:\/\/intermob.be\/de\/produkt\/horeca-niedrig-tischfuss-stahl-oe40-hoehe-48-cm-schwarz-gold\/#primaryimage"},"thumbnailUrl":"https:\/\/intermob.be\/wp-content\/uploads\/2024\/10\/Horeca-Tafelonderstel-Laag-Staal-O40-Hoogte-48-Cm-Zwart-Goud-1.jpg","datePublished":"2024-10-30T14:36:28+00:00","dateModified":"2025-07-02T12:09:25+00:00","breadcrumb":{"@id":"https:\/\/intermob.be\/de\/produkt\/horeca-niedrig-tischfuss-stahl-oe40-hoehe-48-cm-schwarz-gold\/#breadcrumb"},"inLanguage":"de","potentialAction":[{"@type":"ReadAction","target":["https:\/\/intermob.be\/de\/produkt\/horeca-niedrig-tischfuss-stahl-oe40-hoehe-48-cm-schwarz-gold\/"]}]},{"@type":"ImageObject","inLanguage":"de","@id":"https:\/\/intermob.be\/de\/produkt\/horeca-niedrig-tischfuss-stahl-oe40-hoehe-48-cm-schwarz-gold\/#primaryimage","url":"https:\/\/intermob.be\/wp-content\/uploads\/2024\/10\/Horeca-Tafelonderstel-Laag-Staal-O40-Hoogte-48-Cm-Zwart-Goud-1.jpg","contentUrl":"https:\/\/intermob.be\/wp-content\/uploads\/2024\/10\/Horeca-Tafelonderstel-Laag-Staal-O40-Hoogte-48-Cm-Zwart-Goud-1.jpg","width":1500,"height":1500,"caption":"Horeca-Tafelonderstel-Laag-Staal-O40-Hoogte-48-Cm-Zwart-Goud-1"},{"@type":"BreadcrumbList","@id":"https:\/\/intermob.be\/de\/produkt\/horeca-niedrig-tischfuss-stahl-oe40-hoehe-48-cm-schwarz-gold\/#breadcrumb","itemListElement":[{"@type":"ListItem","position":1,"name":"Home","item":"https:\/\/intermob.be\/de\/"},{"@type":"ListItem","position":2,"name":"Shop","item":"https:\/\/intermob.be\/de\/shop\/"},{"@type":"ListItem","position":3,"name":"Pied De Table Basse - \u00d840 x H 48 cm - Acier"}]},{"@type":"WebSite","@id":"https:\/\/intermob.be\/de\/#website","url":"https:\/\/intermob.be\/de\/","name":"Intermob","description":"","publisher":{"@id":"https:\/\/intermob.be\/de\/#organization"},"potentialAction":[{"@type":"SearchAction","target":{"@type":"EntryPoint","urlTemplate":"https:\/\/intermob.be\/de\/?s={search_term_string}"},"query-input":{"@type":"PropertyValueSpecification","valueRequired":true,"valueName":"search_term_string"}}],"inLanguage":"de"},{"@type":"Organization","@id":"https:\/\/intermob.be\/de\/#organization","name":"Intermob Mobilier","url":"https:\/\/intermob.be\/de\/","logo":{"@type":"ImageObject","inLanguage":"de","@id":"https:\/\/intermob.be\/de\/#\/schema\/logo\/image\/","url":"https:\/\/intermob.be\/wp-content\/uploads\/2025\/09\/intb-bold-logo.png","contentUrl":"https:\/\/intermob.be\/wp-content\/uploads\/2025\/09\/intb-bold-logo.png","width":480,"height":158,"caption":"Intermob Mobilier"},"image":{"@id":"https:\/\/intermob.be\/de\/#\/schema\/logo\/image\/"}}]}},"_links":{"self":[{"href":"https:\/\/intermob.be\/de\/wp-json\/wp\/v2\/product\/118117","targetHints":{"allow":["GET"]}}],"collection":[{"href":"https:\/\/intermob.be\/de\/wp-json\/wp\/v2\/product"}],"about":[{"href":"https:\/\/intermob.be\/de\/wp-json\/wp\/v2\/types\/product"}],"replies":[{"embeddable":true,"href":"https:\/\/intermob.be\/de\/wp-json\/wp\/v2\/comments?post=118117"}],"version-history":[{"count":0,"href":"https:\/\/intermob.be\/de\/wp-json\/wp\/v2\/product\/118117\/revisions"}],"wp:featuredmedia":[{"embeddable":true,"href":"https:\/\/intermob.be\/de\/wp-json\/wp\/v2\/media\/118111"}],"wp:attachment":[{"href":"https:\/\/intermob.be\/de\/wp-json\/wp\/v2\/media?parent=118117"}],"wp:term":[{"taxonomy":"product_brand","embeddable":true,"href":"https:\/\/intermob.be\/de\/wp-json\/wp\/v2\/product_brand?post=118117"},{"taxonomy":"product_cat","embeddable":true,"href":"https:\/\/intermob.be\/de\/wp-json\/wp\/v2\/product_cat?post=118117"},{"taxonomy":"product_tag","embeddable":true,"href":"https:\/\/intermob.be\/de\/wp-json\/wp\/v2\/product_tag?post=118117"}],"curies":[{"name":"wp","href":"https:\/\/api.w.org\/{rel}","templated":true}]}}