{"id":119019,"date":"2024-11-05T08:05:04","date_gmt":"2024-11-05T08:05:04","guid":{"rendered":"https:\/\/intermob.be\/?post_type=product&#038;p=119019"},"modified":"2024-11-05T08:07:05","modified_gmt":"2024-11-05T08:07:05","slug":"horeca-tisch-mit-goldkante-dublin-marmor-schwarz-60x60-cm-mit-basis","status":"publish","type":"product","link":"https:\/\/intermob.be\/de\/produkt\/horeca-tisch-mit-goldkante-dublin-marmor-schwarz-60x60-cm-mit-basis\/","title":{"rendered":"Tisch Mit Goldkante - Dublin Marmor Schwarz - 60x60 Cm"},"content":{"rendered":"<p><i class=\"fas fa-check-circle description-icon-green\" aria-hidden=\"true\"><\/i><span style=\"color: #ff6600;\"> Die Tische sind unmontiert<\/span><br \/>\n<i class=\"fas fa-check-circle description-icon-green\" aria-hidden=\"true\"><\/i><span style=\"color: #339966;\"> Die Tischplatten sind nicht vorgebohrt<\/span><br \/>\n<i class=\"fas fa-check-circle description-icon-green\" aria-hidden=\"true\"><\/i><span style=\"color: #ff6600;\"> Schrauben sind inklusive, wenn die Tischplatten zusammen mit den Untergestellen bestellt werden<\/span><br \/>\n<i class=\"fas fa-check-circle description-icon-green\" aria-hidden=\"true\"><\/i><span style=\"color: #339966;\"> Das zur Montage ben\u00f6tigte Material ist im Karton enthalten<\/span><\/p>\n","protected":false},"excerpt":{"rendered":"<p>Die Tische sind unmontiert Die Tischplatten sind nicht vorgebohrt Schrauben sind inklusive, wenn die Tischplatten zusammen mit den Untergestellen bestellt<\/p>\n","protected":false},"featured_media":119006,"comment_status":"open","ping_status":"closed","template":"","meta":[],"product_brand":[],"product_cat":[16593,10511],"product_tag":[],"class_list":{"0":"post-119019","1":"product","2":"type-product","3":"status-publish","4":"has-post-thumbnail","6":"product_cat-dublin-marmor-schwarz-gold-tisch-sortiment","7":"product_cat-kommt-demnaechst","8":"pa_product-frame-color-schwarz-frame-color-de","9":"pa_product-more-colors-ja-de","10":"pa_product-more-dimensions-ja-de","11":"pa_product-tabletop-color-gold-tabletop-color-de","12":"pa_product-tabletop-color-schwarz-tabletop-color-de","13":"pa_product-tabletop-color-weiss-tabletop-color-de","14":"pa_product-usage-usage-innen-de","15":"pa_table-height-cm-77-cm-de","17":"first","18":"instock","19":"sale","20":"taxable","21":"shipping-taxable","22":"purchasable","23":"product-type-simple"},"yoast_head":"<!-- This site is optimized with the Yoast SEO plugin v26.4 - https:\/\/yoast.com\/wordpress\/plugins\/seo\/ -->\n<title>Horeca Tisch Mit Goldkante - Dublin Marmor Schwarz - 60x60 Cm Mit Basis<\/title>\n<meta name=\"robots\" content=\"index, follow, max-snippet:-1, max-image-preview:large, max-video-preview:-1\" \/>\n<link rel=\"canonical\" href=\"https:\/\/intermob.be\/de\/produkt\/horeca-tisch-mit-goldkante-dublin-marmor-schwarz-60x60-cm-mit-basis\/\" \/>\n<meta property=\"og:locale\" content=\"de_DE\" \/>\n<meta property=\"og:type\" content=\"article\" \/>\n<meta property=\"og:title\" content=\"Horeca Tisch Mit Goldkante - Dublin Marmor Schwarz - 60x60 Cm Mit Basis\" \/>\n<meta property=\"og:description\" content=\"Die Tische sind unmontiert Die Tischplatten sind nicht vorgebohrt Schrauben sind inklusive, wenn die Tischplatten zusammen mit den Untergestellen bestellt\" \/>\n<meta property=\"og:url\" content=\"https:\/\/intermob.be\/de\/produkt\/horeca-tisch-mit-goldkante-dublin-marmor-schwarz-60x60-cm-mit-basis\/\" \/>\n<meta property=\"og:site_name\" content=\"Intermob Mobilier\" \/>\n<meta property=\"article:modified_time\" content=\"2024-11-05T08:07:05+00:00\" \/>\n<meta property=\"og:image\" content=\"https:\/\/intermob.be\/wp-content\/uploads\/2024\/11\/Horeca-Tafel-Met-Gouden-Rand-Dublin-Marmer-Zwart-60x60-Cm-Met-Onderstel-1.jpg\" \/>\n\t<meta property=\"og:image:width\" content=\"1500\" \/>\n\t<meta property=\"og:image:height\" content=\"1500\" \/>\n\t<meta property=\"og:image:type\" content=\"image\/jpeg\" \/>\n<meta name=\"twitter:card\" content=\"summary_large_image\" \/>\n<script type=\"application\/ld+json\" class=\"yoast-schema-graph\">{\"@context\":\"https:\/\/schema.org\",\"@graph\":[{\"@type\":\"WebPage\",\"@id\":\"https:\/\/intermob.be\/de\/produkt\/horeca-tisch-mit-goldkante-dublin-marmor-schwarz-60x60-cm-mit-basis\/\",\"url\":\"https:\/\/intermob.be\/de\/produkt\/horeca-tisch-mit-goldkante-dublin-marmor-schwarz-60x60-cm-mit-basis\/\",\"name\":\"Horeca Tisch Mit Goldkante - Dublin Marmor Schwarz - 60x60 Cm Mit Basis\",\"isPartOf\":{\"@id\":\"https:\/\/intermob.be\/de\/#website\"},\"primaryImageOfPage\":{\"@id\":\"https:\/\/intermob.be\/de\/produkt\/horeca-tisch-mit-goldkante-dublin-marmor-schwarz-60x60-cm-mit-basis\/#primaryimage\"},\"image\":{\"@id\":\"https:\/\/intermob.be\/de\/produkt\/horeca-tisch-mit-goldkante-dublin-marmor-schwarz-60x60-cm-mit-basis\/#primaryimage\"},\"thumbnailUrl\":\"https:\/\/intermob.be\/wp-content\/uploads\/2024\/11\/Horeca-Tafel-Met-Gouden-Rand-Dublin-Marmer-Zwart-60x60-Cm-Met-Onderstel-1.jpg\",\"datePublished\":\"2024-11-05T08:05:04+00:00\",\"dateModified\":\"2024-11-05T08:07:05+00:00\",\"breadcrumb\":{\"@id\":\"https:\/\/intermob.be\/de\/produkt\/horeca-tisch-mit-goldkante-dublin-marmor-schwarz-60x60-cm-mit-basis\/#breadcrumb\"},\"inLanguage\":\"de\",\"potentialAction\":[{\"@type\":\"ReadAction\",\"target\":[\"https:\/\/intermob.be\/de\/produkt\/horeca-tisch-mit-goldkante-dublin-marmor-schwarz-60x60-cm-mit-basis\/\"]}]},{\"@type\":\"ImageObject\",\"inLanguage\":\"de\",\"@id\":\"https:\/\/intermob.be\/de\/produkt\/horeca-tisch-mit-goldkante-dublin-marmor-schwarz-60x60-cm-mit-basis\/#primaryimage\",\"url\":\"https:\/\/intermob.be\/wp-content\/uploads\/2024\/11\/Horeca-Tafel-Met-Gouden-Rand-Dublin-Marmer-Zwart-60x60-Cm-Met-Onderstel-1.jpg\",\"contentUrl\":\"https:\/\/intermob.be\/wp-content\/uploads\/2024\/11\/Horeca-Tafel-Met-Gouden-Rand-Dublin-Marmer-Zwart-60x60-Cm-Met-Onderstel-1.jpg\",\"width\":1500,\"height\":1500,\"caption\":\"DUBLIN STIJL TAFELS, INDUSTRI\u00cbLE UITSTRALING, METALEN ONDERSTEL, RUSTIEK ONTWERP, MODERNE HORECATAFEL, HOUT EN METAAL COMBINATIE, RESTAURANT TAFEL, CAFE, TABLES DE STYLE DUBLIN, ASPECT INDUSTRIEL, PIETEMENT EN M\u00c9TAL, DESIGN RUSTIQUE, TABLE DE RESTAURATION MODERNE, COMBINAISON BOIS ET M\u00c9TAL, TABLE DE RESTAURANT, CAF\u00c9, DUBLIN STYLE TABLES, INDUSTRIAL APPEARANCE, METAL BASE, RUSTIC DESIGN, MODERN CATERING TABLE, WOOD AND METAL COMBINATION, RESTAURANT TABLE, TISCHE IM DUBLIN-STIL, INDUSTRIELLES AUSSEHEN, METALLGESTELL, RUSTIKALES DESIGN, MODERNER CATERING-TISCH, KOMBINATION AUS HOLZ UND METALL, RESTAURANT-TISCH\"},{\"@type\":\"BreadcrumbList\",\"@id\":\"https:\/\/intermob.be\/de\/produkt\/horeca-tisch-mit-goldkante-dublin-marmor-schwarz-60x60-cm-mit-basis\/#breadcrumb\",\"itemListElement\":[{\"@type\":\"ListItem\",\"position\":1,\"name\":\"Home\",\"item\":\"https:\/\/intermob.be\/de\/\"},{\"@type\":\"ListItem\",\"position\":2,\"name\":\"Shop\",\"item\":\"https:\/\/intermob.be\/de\/shop\/\"},{\"@type\":\"ListItem\",\"position\":3,\"name\":\"Tisch Mit Goldkante - Dublin Marmor Schwarz - 60x60 Cm\"}]},{\"@type\":\"WebSite\",\"@id\":\"https:\/\/intermob.be\/de\/#website\",\"url\":\"https:\/\/intermob.be\/de\/\",\"name\":\"Intermob\",\"description\":\"\",\"publisher\":{\"@id\":\"https:\/\/intermob.be\/de\/#organization\"},\"potentialAction\":[{\"@type\":\"SearchAction\",\"target\":{\"@type\":\"EntryPoint\",\"urlTemplate\":\"https:\/\/intermob.be\/de\/?s={search_term_string}\"},\"query-input\":{\"@type\":\"PropertyValueSpecification\",\"valueRequired\":true,\"valueName\":\"search_term_string\"}}],\"inLanguage\":\"de\"},{\"@type\":\"Organization\",\"@id\":\"https:\/\/intermob.be\/de\/#organization\",\"name\":\"Intermob Mobilier\",\"url\":\"https:\/\/intermob.be\/de\/\",\"logo\":{\"@type\":\"ImageObject\",\"inLanguage\":\"de\",\"@id\":\"https:\/\/intermob.be\/de\/#\/schema\/logo\/image\/\",\"url\":\"https:\/\/intermob.be\/wp-content\/uploads\/2025\/09\/intb-bold-logo.png\",\"contentUrl\":\"https:\/\/intermob.be\/wp-content\/uploads\/2025\/09\/intb-bold-logo.png\",\"width\":480,\"height\":158,\"caption\":\"Intermob Mobilier\"},\"image\":{\"@id\":\"https:\/\/intermob.be\/de\/#\/schema\/logo\/image\/\"}}]}<\/script>\n<!-- \/ Yoast SEO plugin. -->","yoast_head_json":{"title":"Horeca Tisch Mit Goldkante - Dublin Marmor Schwarz - 60x60 Cm Mit Basis","robots":{"index":"index","follow":"follow","max-snippet":"max-snippet:-1","max-image-preview":"max-image-preview:large","max-video-preview":"max-video-preview:-1"},"canonical":"https:\/\/intermob.be\/de\/produkt\/horeca-tisch-mit-goldkante-dublin-marmor-schwarz-60x60-cm-mit-basis\/","og_locale":"de_DE","og_type":"article","og_title":"Horeca Tisch Mit Goldkante - Dublin Marmor Schwarz - 60x60 Cm Mit Basis","og_description":"Die Tische sind unmontiert Die Tischplatten sind nicht vorgebohrt Schrauben sind inklusive, wenn die Tischplatten zusammen mit den Untergestellen bestellt","og_url":"https:\/\/intermob.be\/de\/produkt\/horeca-tisch-mit-goldkante-dublin-marmor-schwarz-60x60-cm-mit-basis\/","og_site_name":"Intermob Mobilier","article_modified_time":"2024-11-05T08:07:05+00:00","og_image":[{"width":1500,"height":1500,"url":"https:\/\/intermob.be\/wp-content\/uploads\/2024\/11\/Horeca-Tafel-Met-Gouden-Rand-Dublin-Marmer-Zwart-60x60-Cm-Met-Onderstel-1.jpg","type":"image\/jpeg"}],"twitter_card":"summary_large_image","schema":{"@context":"https:\/\/schema.org","@graph":[{"@type":"WebPage","@id":"https:\/\/intermob.be\/de\/produkt\/horeca-tisch-mit-goldkante-dublin-marmor-schwarz-60x60-cm-mit-basis\/","url":"https:\/\/intermob.be\/de\/produkt\/horeca-tisch-mit-goldkante-dublin-marmor-schwarz-60x60-cm-mit-basis\/","name":"Horeca Tisch Mit Goldkante - Dublin Marmor Schwarz - 60x60 Cm Mit Basis","isPartOf":{"@id":"https:\/\/intermob.be\/de\/#website"},"primaryImageOfPage":{"@id":"https:\/\/intermob.be\/de\/produkt\/horeca-tisch-mit-goldkante-dublin-marmor-schwarz-60x60-cm-mit-basis\/#primaryimage"},"image":{"@id":"https:\/\/intermob.be\/de\/produkt\/horeca-tisch-mit-goldkante-dublin-marmor-schwarz-60x60-cm-mit-basis\/#primaryimage"},"thumbnailUrl":"https:\/\/intermob.be\/wp-content\/uploads\/2024\/11\/Horeca-Tafel-Met-Gouden-Rand-Dublin-Marmer-Zwart-60x60-Cm-Met-Onderstel-1.jpg","datePublished":"2024-11-05T08:05:04+00:00","dateModified":"2024-11-05T08:07:05+00:00","breadcrumb":{"@id":"https:\/\/intermob.be\/de\/produkt\/horeca-tisch-mit-goldkante-dublin-marmor-schwarz-60x60-cm-mit-basis\/#breadcrumb"},"inLanguage":"de","potentialAction":[{"@type":"ReadAction","target":["https:\/\/intermob.be\/de\/produkt\/horeca-tisch-mit-goldkante-dublin-marmor-schwarz-60x60-cm-mit-basis\/"]}]},{"@type":"ImageObject","inLanguage":"de","@id":"https:\/\/intermob.be\/de\/produkt\/horeca-tisch-mit-goldkante-dublin-marmor-schwarz-60x60-cm-mit-basis\/#primaryimage","url":"https:\/\/intermob.be\/wp-content\/uploads\/2024\/11\/Horeca-Tafel-Met-Gouden-Rand-Dublin-Marmer-Zwart-60x60-Cm-Met-Onderstel-1.jpg","contentUrl":"https:\/\/intermob.be\/wp-content\/uploads\/2024\/11\/Horeca-Tafel-Met-Gouden-Rand-Dublin-Marmer-Zwart-60x60-Cm-Met-Onderstel-1.jpg","width":1500,"height":1500,"caption":"DUBLIN STIJL TAFELS, INDUSTRI\u00cbLE UITSTRALING, METALEN ONDERSTEL, RUSTIEK ONTWERP, MODERNE HORECATAFEL, HOUT EN METAAL COMBINATIE, RESTAURANT TAFEL, CAFE, TABLES DE STYLE DUBLIN, ASPECT INDUSTRIEL, PIETEMENT EN M\u00c9TAL, DESIGN RUSTIQUE, TABLE DE RESTAURATION MODERNE, COMBINAISON BOIS ET M\u00c9TAL, TABLE DE RESTAURANT, CAF\u00c9, DUBLIN STYLE TABLES, INDUSTRIAL APPEARANCE, METAL BASE, RUSTIC DESIGN, MODERN CATERING TABLE, WOOD AND METAL COMBINATION, RESTAURANT TABLE, TISCHE IM DUBLIN-STIL, INDUSTRIELLES AUSSEHEN, METALLGESTELL, RUSTIKALES DESIGN, MODERNER CATERING-TISCH, KOMBINATION AUS HOLZ UND METALL, RESTAURANT-TISCH"},{"@type":"BreadcrumbList","@id":"https:\/\/intermob.be\/de\/produkt\/horeca-tisch-mit-goldkante-dublin-marmor-schwarz-60x60-cm-mit-basis\/#breadcrumb","itemListElement":[{"@type":"ListItem","position":1,"name":"Home","item":"https:\/\/intermob.be\/de\/"},{"@type":"ListItem","position":2,"name":"Shop","item":"https:\/\/intermob.be\/de\/shop\/"},{"@type":"ListItem","position":3,"name":"Tisch Mit Goldkante - Dublin Marmor Schwarz - 60x60 Cm"}]},{"@type":"WebSite","@id":"https:\/\/intermob.be\/de\/#website","url":"https:\/\/intermob.be\/de\/","name":"Intermob","description":"","publisher":{"@id":"https:\/\/intermob.be\/de\/#organization"},"potentialAction":[{"@type":"SearchAction","target":{"@type":"EntryPoint","urlTemplate":"https:\/\/intermob.be\/de\/?s={search_term_string}"},"query-input":{"@type":"PropertyValueSpecification","valueRequired":true,"valueName":"search_term_string"}}],"inLanguage":"de"},{"@type":"Organization","@id":"https:\/\/intermob.be\/de\/#organization","name":"Intermob Mobilier","url":"https:\/\/intermob.be\/de\/","logo":{"@type":"ImageObject","inLanguage":"de","@id":"https:\/\/intermob.be\/de\/#\/schema\/logo\/image\/","url":"https:\/\/intermob.be\/wp-content\/uploads\/2025\/09\/intb-bold-logo.png","contentUrl":"https:\/\/intermob.be\/wp-content\/uploads\/2025\/09\/intb-bold-logo.png","width":480,"height":158,"caption":"Intermob Mobilier"},"image":{"@id":"https:\/\/intermob.be\/de\/#\/schema\/logo\/image\/"}}]}},"_links":{"self":[{"href":"https:\/\/intermob.be\/de\/wp-json\/wp\/v2\/product\/119019","targetHints":{"allow":["GET"]}}],"collection":[{"href":"https:\/\/intermob.be\/de\/wp-json\/wp\/v2\/product"}],"about":[{"href":"https:\/\/intermob.be\/de\/wp-json\/wp\/v2\/types\/product"}],"replies":[{"embeddable":true,"href":"https:\/\/intermob.be\/de\/wp-json\/wp\/v2\/comments?post=119019"}],"version-history":[{"count":0,"href":"https:\/\/intermob.be\/de\/wp-json\/wp\/v2\/product\/119019\/revisions"}],"wp:featuredmedia":[{"embeddable":true,"href":"https:\/\/intermob.be\/de\/wp-json\/wp\/v2\/media\/119006"}],"wp:attachment":[{"href":"https:\/\/intermob.be\/de\/wp-json\/wp\/v2\/media?parent=119019"}],"wp:term":[{"taxonomy":"product_brand","embeddable":true,"href":"https:\/\/intermob.be\/de\/wp-json\/wp\/v2\/product_brand?post=119019"},{"taxonomy":"product_cat","embeddable":true,"href":"https:\/\/intermob.be\/de\/wp-json\/wp\/v2\/product_cat?post=119019"},{"taxonomy":"product_tag","embeddable":true,"href":"https:\/\/intermob.be\/de\/wp-json\/wp\/v2\/product_tag?post=119019"}],"curies":[{"name":"wp","href":"https:\/\/api.w.org\/{rel}","templated":true}]}}