{"id":144912,"date":"2025-08-02T10:12:48","date_gmt":"2025-08-02T10:12:48","guid":{"rendered":"https:\/\/intermob.be\/?post_type=product&#038;p=144912"},"modified":"2025-10-11T09:27:18","modified_gmt":"2025-10-11T09:27:18","slug":"horeca-stuhl-tara-kunstleder","status":"publish","type":"product","link":"https:\/\/intermob.be\/de\/produkt\/horeca-stuhl-tara-kunstleder\/","title":{"rendered":"Stuhl - Tara - Kunstleder"},"content":{"rendered":"<p><span style=\"color: #000000;\">Dieser stilvolle Stuhl mit weicher Kunstlederpolsterung ist in verschiedenen Farben erh\u00e4ltlich und mit einem stabilen Wenge-Buchenrahmen kombiniert. Das zeitlose Design und die langlebigen Materialien machen diesen Stuhl ideal f\u00fcr den intensiven Einsatz in Gastronomiebetrieben wie Restaurants, Caf\u00e9s und Bars. Die vielseitigen Farboptionen f\u00fcgen sich m\u00fchelos in verschiedene Einrichtungsstile ein, von modern bis klassisch, sodass Sie eine einladende Atmosph\u00e4re schaffen k\u00f6nnen, in der sich G\u00e4ste wohlf\u00fchlen und gerne l\u00e4nger verweilen. Perfekt f\u00fcr jedes Gastronomiekonzept, das Luxus und Komfort ausstrahlen m\u00f6chte, ohne auf Langlebigkeit zu verzichten.<\/span><\/p>\n<p><span style=\"color: #000000;\">St\u00fchle f\u00fcr Ihr Unternehmen gibt es in allen Formen, Gr\u00f6\u00dfen und Farben. Das Intermob bietet eine Auswahl an St\u00fchlen, auf denen alles m\u00f6glich ist. Auf diese Weise k\u00f6nnen Sie das gew\u00fcnschte Material f\u00fcr Ihre St\u00fchle ausw\u00e4hlen. Passt Holz besser zu Ihrem Interieur? Oder eher Metall? Komfort ist auch ein wichtiger Faktor. Welche R\u00fcckenlehne bevorzugen Sie und \u00fcberlegen, welche Farbe am besten zum Rest des Raums passt. Nicht genug Auswahl? Das Intermob stellt ma\u00dfgefertigte M\u00f6bel her und ist offen f\u00fcr Ihre Fragen und W\u00fcnsche.<\/span><\/p>\n<p><span style=\"color: #000000;\"><strong>Zus\u00e4tzliche Information:<\/strong><\/span><\/p>\n<ul>\n<li><span style=\"color: #000000;\">Lieferung mit einem Standard-Kunststoffgleitnagel<\/span><\/li>\n<li><span style=\"color: #000000;\">Kommt gebrauchsfertig<\/span><\/li>\n<li><span style=\"color: #000000;\">Garantiertes europ\u00e4isches Produkt<\/span><\/li>\n<li><span style=\"color: #000000;\">1 Jahr Garantie<\/span><\/li>\n<\/ul>\n","protected":false},"excerpt":{"rendered":"<p>Dieser stilvolle Stuhl mit weicher Kunstlederpolsterung ist in verschiedenen Farben erh\u00e4ltlich und mit einem stabilen Wenge-Buchenrahmen kombiniert. Das zeitlose Design<\/p>\n","protected":false},"featured_media":114621,"comment_status":"closed","ping_status":"closed","template":"","meta":[],"product_brand":[],"product_cat":[9855],"product_tag":[17390],"class_list":{"0":"post-144912","1":"product","2":"type-product","3":"status-publish","4":"has-post-thumbnail","6":"product_cat-ledersessel","7":"product_tag-horeca-moebel","8":"pa_armrest-armrest-nein-de","9":"pa_frame-nicht-stapelbar-frame-de","10":"pa_product-color-color-schwarz-de","11":"pa_product-color-color-braun-de","12":"pa_product-color-color-taupe-de","13":"pa_product-color-color-bordeaux-de","14":"pa_product-color-color-rot-de","15":"pa_product-color-color-gruen-de","16":"pa_product-color-color-creme-de","17":"pa_product-color-color-braun-dd02-de","18":"pa_product-color-color-orange-de","19":"pa_product-color-color-minzgruen-de","20":"pa_product-color-color-senf-de","21":"pa_product-color-color-dunkelrot-de","22":"pa_product-frame-color-wenge-frame-color-de","23":"pa_product-material-buche-rahmen-material-de","24":"pa_product-more-colors-ja-de","25":"pa_product-more-dimensions-ja-de","26":"pa_product-seat-cm-45x45-seat-cm-de","27":"pa_product-seat-height-cm-48-seat-height-cm-de","28":"pa_product-seats-1-seats-de","29":"pa_product-upholstery-upholstery-kunstleder-de","30":"pa_product-usage-usage-innen-de","32":"first","33":"instock","34":"sale","35":"taxable","36":"shipping-taxable","37":"purchasable","38":"product-type-variable","39":"hc-var-color"},"yoast_head":"<!-- This site is optimized with the Yoast SEO plugin v26.4 - https:\/\/yoast.com\/wordpress\/plugins\/seo\/ -->\n<title>Horeca Stuhl - Tara - Kunstleder<\/title>\n<meta name=\"robots\" content=\"index, follow, max-snippet:-1, max-image-preview:large, max-video-preview:-1\" \/>\n<link rel=\"canonical\" href=\"https:\/\/intermob.be\/de\/produkt\/horeca-stuhl-tara-kunstleder\/\" \/>\n<meta property=\"og:locale\" content=\"de_DE\" \/>\n<meta property=\"og:type\" content=\"article\" \/>\n<meta property=\"og:title\" content=\"Horeca Stuhl - Tara - Kunstleder\" \/>\n<meta property=\"og:description\" content=\"Dieser stilvolle Stuhl mit weicher Kunstlederpolsterung ist in verschiedenen Farben erh\u00e4ltlich und mit einem stabilen Wenge-Buchenrahmen kombiniert. Das zeitlose Design\" \/>\n<meta property=\"og:url\" content=\"https:\/\/intermob.be\/de\/produkt\/horeca-stuhl-tara-kunstleder\/\" \/>\n<meta property=\"og:site_name\" content=\"Intermob Mobilier\" \/>\n<meta property=\"article:modified_time\" content=\"2025-10-11T09:27:18+00:00\" \/>\n<meta property=\"og:image\" content=\"https:\/\/intermob.be\/wp-content\/uploads\/2024\/08\/Horeca-Stoel-Megan-Zwart.jpg\" \/>\n\t<meta property=\"og:image:width\" content=\"512\" \/>\n\t<meta property=\"og:image:height\" content=\"512\" \/>\n\t<meta property=\"og:image:type\" content=\"image\/jpeg\" \/>\n<meta name=\"twitter:card\" content=\"summary_large_image\" \/>\n<meta name=\"twitter:label1\" content=\"Gesch\u00e4tzte Lesezeit\" \/>\n\t<meta name=\"twitter:data1\" content=\"1\u00a0Minute\" \/>\n<script type=\"application\/ld+json\" class=\"yoast-schema-graph\">{\"@context\":\"https:\/\/schema.org\",\"@graph\":[{\"@type\":\"WebPage\",\"@id\":\"https:\/\/intermob.be\/de\/produkt\/horeca-stuhl-tara-kunstleder\/\",\"url\":\"https:\/\/intermob.be\/de\/produkt\/horeca-stuhl-tara-kunstleder\/\",\"name\":\"Horeca Stuhl - Tara - Kunstleder\",\"isPartOf\":{\"@id\":\"https:\/\/intermob.be\/de\/#website\"},\"primaryImageOfPage\":{\"@id\":\"https:\/\/intermob.be\/de\/produkt\/horeca-stuhl-tara-kunstleder\/#primaryimage\"},\"image\":{\"@id\":\"https:\/\/intermob.be\/de\/produkt\/horeca-stuhl-tara-kunstleder\/#primaryimage\"},\"thumbnailUrl\":\"https:\/\/intermob.be\/wp-content\/uploads\/2024\/08\/Horeca-Stoel-Megan-Zwart.jpg\",\"datePublished\":\"2025-08-02T10:12:48+00:00\",\"dateModified\":\"2025-10-11T09:27:18+00:00\",\"breadcrumb\":{\"@id\":\"https:\/\/intermob.be\/de\/produkt\/horeca-stuhl-tara-kunstleder\/#breadcrumb\"},\"inLanguage\":\"de\",\"potentialAction\":[{\"@type\":\"ReadAction\",\"target\":[\"https:\/\/intermob.be\/de\/produkt\/horeca-stuhl-tara-kunstleder\/\"]}]},{\"@type\":\"ImageObject\",\"inLanguage\":\"de\",\"@id\":\"https:\/\/intermob.be\/de\/produkt\/horeca-stuhl-tara-kunstleder\/#primaryimage\",\"url\":\"https:\/\/intermob.be\/wp-content\/uploads\/2024\/08\/Horeca-Stoel-Megan-Zwart.jpg\",\"contentUrl\":\"https:\/\/intermob.be\/wp-content\/uploads\/2024\/08\/Horeca-Stoel-Megan-Zwart.jpg\",\"width\":512,\"height\":512,\"caption\":\"Horeca-Stoel-Megan-Zwart\"},{\"@type\":\"BreadcrumbList\",\"@id\":\"https:\/\/intermob.be\/de\/produkt\/horeca-stuhl-tara-kunstleder\/#breadcrumb\",\"itemListElement\":[{\"@type\":\"ListItem\",\"position\":1,\"name\":\"Home\",\"item\":\"https:\/\/intermob.be\/de\/\"},{\"@type\":\"ListItem\",\"position\":2,\"name\":\"Shop\",\"item\":\"https:\/\/intermob.be\/de\/shop\/\"},{\"@type\":\"ListItem\",\"position\":3,\"name\":\"Stoel - Tara - Kunstleer\"}]},{\"@type\":\"WebSite\",\"@id\":\"https:\/\/intermob.be\/de\/#website\",\"url\":\"https:\/\/intermob.be\/de\/\",\"name\":\"Intermob\",\"description\":\"\",\"publisher\":{\"@id\":\"https:\/\/intermob.be\/de\/#organization\"},\"potentialAction\":[{\"@type\":\"SearchAction\",\"target\":{\"@type\":\"EntryPoint\",\"urlTemplate\":\"https:\/\/intermob.be\/de\/?s={search_term_string}\"},\"query-input\":{\"@type\":\"PropertyValueSpecification\",\"valueRequired\":true,\"valueName\":\"search_term_string\"}}],\"inLanguage\":\"de\"},{\"@type\":\"Organization\",\"@id\":\"https:\/\/intermob.be\/de\/#organization\",\"name\":\"Intermob Mobilier\",\"url\":\"https:\/\/intermob.be\/de\/\",\"logo\":{\"@type\":\"ImageObject\",\"inLanguage\":\"de\",\"@id\":\"https:\/\/intermob.be\/de\/#\/schema\/logo\/image\/\",\"url\":\"https:\/\/intermob.be\/wp-content\/uploads\/2025\/09\/intb-bold-logo.png\",\"contentUrl\":\"https:\/\/intermob.be\/wp-content\/uploads\/2025\/09\/intb-bold-logo.png\",\"width\":480,\"height\":158,\"caption\":\"Intermob Mobilier\"},\"image\":{\"@id\":\"https:\/\/intermob.be\/de\/#\/schema\/logo\/image\/\"}}]}<\/script>\n<!-- \/ Yoast SEO plugin. -->","yoast_head_json":{"title":"Horeca Stuhl - Tara - Kunstleder","robots":{"index":"index","follow":"follow","max-snippet":"max-snippet:-1","max-image-preview":"max-image-preview:large","max-video-preview":"max-video-preview:-1"},"canonical":"https:\/\/intermob.be\/de\/produkt\/horeca-stuhl-tara-kunstleder\/","og_locale":"de_DE","og_type":"article","og_title":"Horeca Stuhl - Tara - Kunstleder","og_description":"Dieser stilvolle Stuhl mit weicher Kunstlederpolsterung ist in verschiedenen Farben erh\u00e4ltlich und mit einem stabilen Wenge-Buchenrahmen kombiniert. Das zeitlose Design","og_url":"https:\/\/intermob.be\/de\/produkt\/horeca-stuhl-tara-kunstleder\/","og_site_name":"Intermob Mobilier","article_modified_time":"2025-10-11T09:27:18+00:00","og_image":[{"width":512,"height":512,"url":"https:\/\/intermob.be\/wp-content\/uploads\/2024\/08\/Horeca-Stoel-Megan-Zwart.jpg","type":"image\/jpeg"}],"twitter_card":"summary_large_image","twitter_misc":{"Gesch\u00e4tzte Lesezeit":"1\u00a0Minute"},"schema":{"@context":"https:\/\/schema.org","@graph":[{"@type":"WebPage","@id":"https:\/\/intermob.be\/de\/produkt\/horeca-stuhl-tara-kunstleder\/","url":"https:\/\/intermob.be\/de\/produkt\/horeca-stuhl-tara-kunstleder\/","name":"Horeca Stuhl - Tara - Kunstleder","isPartOf":{"@id":"https:\/\/intermob.be\/de\/#website"},"primaryImageOfPage":{"@id":"https:\/\/intermob.be\/de\/produkt\/horeca-stuhl-tara-kunstleder\/#primaryimage"},"image":{"@id":"https:\/\/intermob.be\/de\/produkt\/horeca-stuhl-tara-kunstleder\/#primaryimage"},"thumbnailUrl":"https:\/\/intermob.be\/wp-content\/uploads\/2024\/08\/Horeca-Stoel-Megan-Zwart.jpg","datePublished":"2025-08-02T10:12:48+00:00","dateModified":"2025-10-11T09:27:18+00:00","breadcrumb":{"@id":"https:\/\/intermob.be\/de\/produkt\/horeca-stuhl-tara-kunstleder\/#breadcrumb"},"inLanguage":"de","potentialAction":[{"@type":"ReadAction","target":["https:\/\/intermob.be\/de\/produkt\/horeca-stuhl-tara-kunstleder\/"]}]},{"@type":"ImageObject","inLanguage":"de","@id":"https:\/\/intermob.be\/de\/produkt\/horeca-stuhl-tara-kunstleder\/#primaryimage","url":"https:\/\/intermob.be\/wp-content\/uploads\/2024\/08\/Horeca-Stoel-Megan-Zwart.jpg","contentUrl":"https:\/\/intermob.be\/wp-content\/uploads\/2024\/08\/Horeca-Stoel-Megan-Zwart.jpg","width":512,"height":512,"caption":"Horeca-Stoel-Megan-Zwart"},{"@type":"BreadcrumbList","@id":"https:\/\/intermob.be\/de\/produkt\/horeca-stuhl-tara-kunstleder\/#breadcrumb","itemListElement":[{"@type":"ListItem","position":1,"name":"Home","item":"https:\/\/intermob.be\/de\/"},{"@type":"ListItem","position":2,"name":"Shop","item":"https:\/\/intermob.be\/de\/shop\/"},{"@type":"ListItem","position":3,"name":"Stoel - Tara - Kunstleer"}]},{"@type":"WebSite","@id":"https:\/\/intermob.be\/de\/#website","url":"https:\/\/intermob.be\/de\/","name":"Intermob","description":"","publisher":{"@id":"https:\/\/intermob.be\/de\/#organization"},"potentialAction":[{"@type":"SearchAction","target":{"@type":"EntryPoint","urlTemplate":"https:\/\/intermob.be\/de\/?s={search_term_string}"},"query-input":{"@type":"PropertyValueSpecification","valueRequired":true,"valueName":"search_term_string"}}],"inLanguage":"de"},{"@type":"Organization","@id":"https:\/\/intermob.be\/de\/#organization","name":"Intermob Mobilier","url":"https:\/\/intermob.be\/de\/","logo":{"@type":"ImageObject","inLanguage":"de","@id":"https:\/\/intermob.be\/de\/#\/schema\/logo\/image\/","url":"https:\/\/intermob.be\/wp-content\/uploads\/2025\/09\/intb-bold-logo.png","contentUrl":"https:\/\/intermob.be\/wp-content\/uploads\/2025\/09\/intb-bold-logo.png","width":480,"height":158,"caption":"Intermob Mobilier"},"image":{"@id":"https:\/\/intermob.be\/de\/#\/schema\/logo\/image\/"}}]}},"_links":{"self":[{"href":"https:\/\/intermob.be\/de\/wp-json\/wp\/v2\/product\/144912","targetHints":{"allow":["GET"]}}],"collection":[{"href":"https:\/\/intermob.be\/de\/wp-json\/wp\/v2\/product"}],"about":[{"href":"https:\/\/intermob.be\/de\/wp-json\/wp\/v2\/types\/product"}],"replies":[{"embeddable":true,"href":"https:\/\/intermob.be\/de\/wp-json\/wp\/v2\/comments?post=144912"}],"version-history":[{"count":1,"href":"https:\/\/intermob.be\/de\/wp-json\/wp\/v2\/product\/144912\/revisions"}],"predecessor-version":[{"id":154526,"href":"https:\/\/intermob.be\/de\/wp-json\/wp\/v2\/product\/144912\/revisions\/154526"}],"wp:featuredmedia":[{"embeddable":true,"href":"https:\/\/intermob.be\/de\/wp-json\/wp\/v2\/media\/114621"}],"wp:attachment":[{"href":"https:\/\/intermob.be\/de\/wp-json\/wp\/v2\/media?parent=144912"}],"wp:term":[{"taxonomy":"product_brand","embeddable":true,"href":"https:\/\/intermob.be\/de\/wp-json\/wp\/v2\/product_brand?post=144912"},{"taxonomy":"product_cat","embeddable":true,"href":"https:\/\/intermob.be\/de\/wp-json\/wp\/v2\/product_cat?post=144912"},{"taxonomy":"product_tag","embeddable":true,"href":"https:\/\/intermob.be\/de\/wp-json\/wp\/v2\/product_tag?post=144912"}],"curies":[{"name":"wp","href":"https:\/\/api.w.org\/{rel}","templated":true}]}}