{"id":146002,"date":"2025-08-15T13:53:24","date_gmt":"2025-08-15T13:53:24","guid":{"rendered":"https:\/\/intermob.be\/?post_type=product&#038;p=146002"},"modified":"2025-08-15T13:56:20","modified_gmt":"2025-08-15T13:56:20","slug":"horeca-tischfuss-gusseisen-45x45-hoehe-72-cm-gold-ce155-gold","status":"publish","type":"product","link":"https:\/\/intermob.be\/de\/produkt\/horeca-tischfuss-gusseisen-45x45-hoehe-72-cm-gold-ce155-gold\/","title":{"rendered":"Tischfu\u00df - 45 x 45 x H 72 cm - Gusseisen"},"content":{"rendered":"<p><span style=\"color: #000000;\">Dieses anmutige Tischbein ist \u00fcberall sch\u00f6n, weil es dekorativ und funktional sowie \u00e4u\u00dferst zuverl\u00e4ssig und robust ist. Ideal f\u00fcr Terrassen, G\u00e4rten und andere Au\u00dfenbereiche in der N\u00e4he von Restaurants, Bistros und Caf\u00e9s. Das Bein ist schwer genug, um Tische bei allen Wetterbedingungen an Ort.<\/span><\/p>\n<ul>\n<li id=\"tw-target-text\" dir=\"ltr\" data-placeholder=\"\u00c7eviri\"><span lang=\"de\" style=\"color: #000000;\">Abmessungen Bodenplatte 45&#215;45 cm<\/span><\/li>\n<li dir=\"ltr\" data-placeholder=\"\u00c7eviri\"><span lang=\"de\" style=\"color: #000000;\">Verstellbare Beinkappen<\/span><\/li>\n<li dir=\"ltr\" data-placeholder=\"\u00c7eviri\"><span lang=\"de\" style=\"color: #000000;\">Bodenschutz und verstellbarer Fu\u00df unter dem Fu\u00df<\/span><\/li>\n<li dir=\"ltr\" data-placeholder=\"\u00c7eviri\"><span lang=\"de\" style=\"color: #000000;\">Lieferung in flacher Verpackung<\/span><\/li>\n<li dir=\"ltr\" data-placeholder=\"\u00c7eviri\"><span lang=\"de\" style=\"color: #000000;\">1 Jahr Garantie<\/span><\/li>\n<li dir=\"ltr\" data-placeholder=\"\u00c7eviri\">Die Tischgestelle sind unmontiert<\/li>\n<li dir=\"ltr\" data-placeholder=\"\u00c7eviri\">Das zur Montage ben\u00f6tigte Material ist im Karton enthalten<\/li>\n<\/ul>\n<p dir=\"ltr\" data-placeholder=\"\u00c7eviri\"><span style=\"color: #000000;\"><strong><span lang=\"de\">Geeignet unter folgenden Abmessungen: <\/span><\/strong><\/span><\/p>\n<ul>\n<li dir=\"ltr\" data-placeholder=\"\u00c7eviri\"><span lang=\"de\" style=\"color: #000000;\">60&#215;60 cm<\/span><\/li>\n<li dir=\"ltr\" data-placeholder=\"\u00c7eviri\"><span lang=\"de\" style=\"color: #000000;\">70&#215;70 cm<\/span><\/li>\n<li dir=\"ltr\" data-placeholder=\"\u00c7eviri\"><span lang=\"de\" style=\"color: #000000;\">80&#215;80 cm<\/span><\/li>\n<li dir=\"ltr\" data-placeholder=\"\u00c7eviri\"><span lang=\"de\" style=\"color: #000000;\">\u00d8 70 cm<\/span><\/li>\n<li dir=\"ltr\" data-placeholder=\"\u00c7eviri\"><span lang=\"de\" style=\"color: #000000;\">\u00d8 80 cm<\/span><\/li>\n<\/ul>\n","protected":false},"excerpt":{"rendered":"<p>Dieses anmutige Tischbein ist \u00fcberall sch\u00f6n, weil es dekorativ und funktional sowie \u00e4u\u00dferst zuverl\u00e4ssig und robust ist. Ideal f\u00fcr Terrassen,<\/p>\n","protected":false},"featured_media":145996,"comment_status":"closed","ping_status":"closed","template":"","meta":[],"product_brand":[],"product_cat":[9811,9851],"product_tag":[],"class_list":{"0":"post-146002","1":"product","2":"type-product","3":"status-publish","4":"has-post-thumbnail","6":"product_cat-tischgestelle","7":"product_cat-terrasse-tischgestelle","8":"pa_product-color-color-gold-de","9":"pa_product-material-material-gusseisen","10":"pa_product-more-colors-ja-de","11":"pa_product-usage-usage-innen-de","12":"pa_table-base-height-cm-72-cm-de","14":"first","15":"instock","16":"sale","17":"taxable","18":"shipping-taxable","19":"purchasable","20":"product-type-simple"},"yoast_head":"<!-- This site is optimized with the Yoast SEO plugin v26.4 - https:\/\/yoast.com\/wordpress\/plugins\/seo\/ -->\n<title>Horeca Tischfu\u00df - 45x45 H\u00f6he 72 Cm - Gusseisen<\/title>\n<meta name=\"robots\" content=\"index, follow, max-snippet:-1, max-image-preview:large, max-video-preview:-1\" \/>\n<link rel=\"canonical\" href=\"https:\/\/intermob.be\/de\/produkt\/horeca-tischfuss-gusseisen-45x45-hoehe-72-cm-gold-ce155-gold\/\" \/>\n<meta property=\"og:locale\" content=\"de_DE\" \/>\n<meta property=\"og:type\" content=\"article\" \/>\n<meta property=\"og:title\" content=\"Horeca Tischfu\u00df - 45x45 H\u00f6he 72 Cm - Gusseisen\" \/>\n<meta property=\"og:description\" content=\"Dieses anmutige Tischbein ist \u00fcberall sch\u00f6n, weil es dekorativ und funktional sowie \u00e4u\u00dferst zuverl\u00e4ssig und robust ist. Ideal f\u00fcr Terrassen,\" \/>\n<meta property=\"og:url\" content=\"https:\/\/intermob.be\/de\/produkt\/horeca-tischfuss-gusseisen-45x45-hoehe-72-cm-gold-ce155-gold\/\" \/>\n<meta property=\"og:site_name\" content=\"Intermob Mobilier\" \/>\n<meta property=\"article:modified_time\" content=\"2025-08-15T13:56:20+00:00\" \/>\n<meta property=\"og:image\" content=\"https:\/\/intermob.be\/wp-content\/uploads\/2025\/08\/Horeca-Tafelonderstel-Gietijzer-45x45-Hoogte-72-Cm-Goud-CE155-GOLD.jpg\" \/>\n\t<meta property=\"og:image:width\" content=\"1500\" \/>\n\t<meta property=\"og:image:height\" content=\"1500\" \/>\n\t<meta property=\"og:image:type\" content=\"image\/jpeg\" \/>\n<meta name=\"twitter:card\" content=\"summary_large_image\" \/>\n<script type=\"application\/ld+json\" class=\"yoast-schema-graph\">{\"@context\":\"https:\/\/schema.org\",\"@graph\":[{\"@type\":\"WebPage\",\"@id\":\"https:\/\/intermob.be\/de\/produkt\/horeca-tischfuss-gusseisen-45x45-hoehe-72-cm-gold-ce155-gold\/\",\"url\":\"https:\/\/intermob.be\/de\/produkt\/horeca-tischfuss-gusseisen-45x45-hoehe-72-cm-gold-ce155-gold\/\",\"name\":\"Horeca Tischfu\u00df - 45x45 H\u00f6he 72 Cm - Gusseisen\",\"isPartOf\":{\"@id\":\"https:\/\/intermob.be\/de\/#website\"},\"primaryImageOfPage\":{\"@id\":\"https:\/\/intermob.be\/de\/produkt\/horeca-tischfuss-gusseisen-45x45-hoehe-72-cm-gold-ce155-gold\/#primaryimage\"},\"image\":{\"@id\":\"https:\/\/intermob.be\/de\/produkt\/horeca-tischfuss-gusseisen-45x45-hoehe-72-cm-gold-ce155-gold\/#primaryimage\"},\"thumbnailUrl\":\"https:\/\/intermob.be\/wp-content\/uploads\/2025\/08\/Horeca-Tafelonderstel-Gietijzer-45x45-Hoogte-72-Cm-Goud-CE155-GOLD.jpg\",\"datePublished\":\"2025-08-15T13:53:24+00:00\",\"dateModified\":\"2025-08-15T13:56:20+00:00\",\"breadcrumb\":{\"@id\":\"https:\/\/intermob.be\/de\/produkt\/horeca-tischfuss-gusseisen-45x45-hoehe-72-cm-gold-ce155-gold\/#breadcrumb\"},\"inLanguage\":\"de\",\"potentialAction\":[{\"@type\":\"ReadAction\",\"target\":[\"https:\/\/intermob.be\/de\/produkt\/horeca-tischfuss-gusseisen-45x45-hoehe-72-cm-gold-ce155-gold\/\"]}]},{\"@type\":\"ImageObject\",\"inLanguage\":\"de\",\"@id\":\"https:\/\/intermob.be\/de\/produkt\/horeca-tischfuss-gusseisen-45x45-hoehe-72-cm-gold-ce155-gold\/#primaryimage\",\"url\":\"https:\/\/intermob.be\/wp-content\/uploads\/2025\/08\/Horeca-Tafelonderstel-Gietijzer-45x45-Hoogte-72-Cm-Goud-CE155-GOLD.jpg\",\"contentUrl\":\"https:\/\/intermob.be\/wp-content\/uploads\/2025\/08\/Horeca-Tafelonderstel-Gietijzer-45x45-Hoogte-72-Cm-Goud-CE155-GOLD.jpg\",\"width\":1500,\"height\":1500,\"caption\":\"Horeca-Tafelonderstel-Gietijzer-45x45-Hoogte-72-Cm-Goud-CE155-GOLD\"},{\"@type\":\"BreadcrumbList\",\"@id\":\"https:\/\/intermob.be\/de\/produkt\/horeca-tischfuss-gusseisen-45x45-hoehe-72-cm-gold-ce155-gold\/#breadcrumb\",\"itemListElement\":[{\"@type\":\"ListItem\",\"position\":1,\"name\":\"Home\",\"item\":\"https:\/\/intermob.be\/de\/\"},{\"@type\":\"ListItem\",\"position\":2,\"name\":\"Shop\",\"item\":\"https:\/\/intermob.be\/de\/shop\/\"},{\"@type\":\"ListItem\",\"position\":3,\"name\":\"Pied De Table - 45 x 45 x H 72 cm - Fonte\"}]},{\"@type\":\"WebSite\",\"@id\":\"https:\/\/intermob.be\/de\/#website\",\"url\":\"https:\/\/intermob.be\/de\/\",\"name\":\"Intermob\",\"description\":\"\",\"publisher\":{\"@id\":\"https:\/\/intermob.be\/de\/#organization\"},\"potentialAction\":[{\"@type\":\"SearchAction\",\"target\":{\"@type\":\"EntryPoint\",\"urlTemplate\":\"https:\/\/intermob.be\/de\/?s={search_term_string}\"},\"query-input\":{\"@type\":\"PropertyValueSpecification\",\"valueRequired\":true,\"valueName\":\"search_term_string\"}}],\"inLanguage\":\"de\"},{\"@type\":\"Organization\",\"@id\":\"https:\/\/intermob.be\/de\/#organization\",\"name\":\"Intermob Mobilier\",\"url\":\"https:\/\/intermob.be\/de\/\",\"logo\":{\"@type\":\"ImageObject\",\"inLanguage\":\"de\",\"@id\":\"https:\/\/intermob.be\/de\/#\/schema\/logo\/image\/\",\"url\":\"https:\/\/intermob.be\/wp-content\/uploads\/2025\/09\/intb-bold-logo.png\",\"contentUrl\":\"https:\/\/intermob.be\/wp-content\/uploads\/2025\/09\/intb-bold-logo.png\",\"width\":480,\"height\":158,\"caption\":\"Intermob Mobilier\"},\"image\":{\"@id\":\"https:\/\/intermob.be\/de\/#\/schema\/logo\/image\/\"}}]}<\/script>\n<!-- \/ Yoast SEO plugin. -->","yoast_head_json":{"title":"Horeca Tischfu\u00df - 45x45 H\u00f6he 72 Cm - Gusseisen","robots":{"index":"index","follow":"follow","max-snippet":"max-snippet:-1","max-image-preview":"max-image-preview:large","max-video-preview":"max-video-preview:-1"},"canonical":"https:\/\/intermob.be\/de\/produkt\/horeca-tischfuss-gusseisen-45x45-hoehe-72-cm-gold-ce155-gold\/","og_locale":"de_DE","og_type":"article","og_title":"Horeca Tischfu\u00df - 45x45 H\u00f6he 72 Cm - Gusseisen","og_description":"Dieses anmutige Tischbein ist \u00fcberall sch\u00f6n, weil es dekorativ und funktional sowie \u00e4u\u00dferst zuverl\u00e4ssig und robust ist. Ideal f\u00fcr Terrassen,","og_url":"https:\/\/intermob.be\/de\/produkt\/horeca-tischfuss-gusseisen-45x45-hoehe-72-cm-gold-ce155-gold\/","og_site_name":"Intermob Mobilier","article_modified_time":"2025-08-15T13:56:20+00:00","og_image":[{"width":1500,"height":1500,"url":"https:\/\/intermob.be\/wp-content\/uploads\/2025\/08\/Horeca-Tafelonderstel-Gietijzer-45x45-Hoogte-72-Cm-Goud-CE155-GOLD.jpg","type":"image\/jpeg"}],"twitter_card":"summary_large_image","schema":{"@context":"https:\/\/schema.org","@graph":[{"@type":"WebPage","@id":"https:\/\/intermob.be\/de\/produkt\/horeca-tischfuss-gusseisen-45x45-hoehe-72-cm-gold-ce155-gold\/","url":"https:\/\/intermob.be\/de\/produkt\/horeca-tischfuss-gusseisen-45x45-hoehe-72-cm-gold-ce155-gold\/","name":"Horeca Tischfu\u00df - 45x45 H\u00f6he 72 Cm - Gusseisen","isPartOf":{"@id":"https:\/\/intermob.be\/de\/#website"},"primaryImageOfPage":{"@id":"https:\/\/intermob.be\/de\/produkt\/horeca-tischfuss-gusseisen-45x45-hoehe-72-cm-gold-ce155-gold\/#primaryimage"},"image":{"@id":"https:\/\/intermob.be\/de\/produkt\/horeca-tischfuss-gusseisen-45x45-hoehe-72-cm-gold-ce155-gold\/#primaryimage"},"thumbnailUrl":"https:\/\/intermob.be\/wp-content\/uploads\/2025\/08\/Horeca-Tafelonderstel-Gietijzer-45x45-Hoogte-72-Cm-Goud-CE155-GOLD.jpg","datePublished":"2025-08-15T13:53:24+00:00","dateModified":"2025-08-15T13:56:20+00:00","breadcrumb":{"@id":"https:\/\/intermob.be\/de\/produkt\/horeca-tischfuss-gusseisen-45x45-hoehe-72-cm-gold-ce155-gold\/#breadcrumb"},"inLanguage":"de","potentialAction":[{"@type":"ReadAction","target":["https:\/\/intermob.be\/de\/produkt\/horeca-tischfuss-gusseisen-45x45-hoehe-72-cm-gold-ce155-gold\/"]}]},{"@type":"ImageObject","inLanguage":"de","@id":"https:\/\/intermob.be\/de\/produkt\/horeca-tischfuss-gusseisen-45x45-hoehe-72-cm-gold-ce155-gold\/#primaryimage","url":"https:\/\/intermob.be\/wp-content\/uploads\/2025\/08\/Horeca-Tafelonderstel-Gietijzer-45x45-Hoogte-72-Cm-Goud-CE155-GOLD.jpg","contentUrl":"https:\/\/intermob.be\/wp-content\/uploads\/2025\/08\/Horeca-Tafelonderstel-Gietijzer-45x45-Hoogte-72-Cm-Goud-CE155-GOLD.jpg","width":1500,"height":1500,"caption":"Horeca-Tafelonderstel-Gietijzer-45x45-Hoogte-72-Cm-Goud-CE155-GOLD"},{"@type":"BreadcrumbList","@id":"https:\/\/intermob.be\/de\/produkt\/horeca-tischfuss-gusseisen-45x45-hoehe-72-cm-gold-ce155-gold\/#breadcrumb","itemListElement":[{"@type":"ListItem","position":1,"name":"Home","item":"https:\/\/intermob.be\/de\/"},{"@type":"ListItem","position":2,"name":"Shop","item":"https:\/\/intermob.be\/de\/shop\/"},{"@type":"ListItem","position":3,"name":"Pied De Table - 45 x 45 x H 72 cm - Fonte"}]},{"@type":"WebSite","@id":"https:\/\/intermob.be\/de\/#website","url":"https:\/\/intermob.be\/de\/","name":"Intermob","description":"","publisher":{"@id":"https:\/\/intermob.be\/de\/#organization"},"potentialAction":[{"@type":"SearchAction","target":{"@type":"EntryPoint","urlTemplate":"https:\/\/intermob.be\/de\/?s={search_term_string}"},"query-input":{"@type":"PropertyValueSpecification","valueRequired":true,"valueName":"search_term_string"}}],"inLanguage":"de"},{"@type":"Organization","@id":"https:\/\/intermob.be\/de\/#organization","name":"Intermob Mobilier","url":"https:\/\/intermob.be\/de\/","logo":{"@type":"ImageObject","inLanguage":"de","@id":"https:\/\/intermob.be\/de\/#\/schema\/logo\/image\/","url":"https:\/\/intermob.be\/wp-content\/uploads\/2025\/09\/intb-bold-logo.png","contentUrl":"https:\/\/intermob.be\/wp-content\/uploads\/2025\/09\/intb-bold-logo.png","width":480,"height":158,"caption":"Intermob Mobilier"},"image":{"@id":"https:\/\/intermob.be\/de\/#\/schema\/logo\/image\/"}}]}},"_links":{"self":[{"href":"https:\/\/intermob.be\/de\/wp-json\/wp\/v2\/product\/146002","targetHints":{"allow":["GET"]}}],"collection":[{"href":"https:\/\/intermob.be\/de\/wp-json\/wp\/v2\/product"}],"about":[{"href":"https:\/\/intermob.be\/de\/wp-json\/wp\/v2\/types\/product"}],"replies":[{"embeddable":true,"href":"https:\/\/intermob.be\/de\/wp-json\/wp\/v2\/comments?post=146002"}],"version-history":[{"count":0,"href":"https:\/\/intermob.be\/de\/wp-json\/wp\/v2\/product\/146002\/revisions"}],"wp:featuredmedia":[{"embeddable":true,"href":"https:\/\/intermob.be\/de\/wp-json\/wp\/v2\/media\/145996"}],"wp:attachment":[{"href":"https:\/\/intermob.be\/de\/wp-json\/wp\/v2\/media?parent=146002"}],"wp:term":[{"taxonomy":"product_brand","embeddable":true,"href":"https:\/\/intermob.be\/de\/wp-json\/wp\/v2\/product_brand?post=146002"},{"taxonomy":"product_cat","embeddable":true,"href":"https:\/\/intermob.be\/de\/wp-json\/wp\/v2\/product_cat?post=146002"},{"taxonomy":"product_tag","embeddable":true,"href":"https:\/\/intermob.be\/de\/wp-json\/wp\/v2\/product_tag?post=146002"}],"curies":[{"name":"wp","href":"https:\/\/api.w.org\/{rel}","templated":true}]}}