{"id":148263,"date":"2025-09-06T06:19:59","date_gmt":"2025-09-06T06:19:59","guid":{"rendered":"https:\/\/intermob.be\/?post_type=product&#038;p=148263"},"modified":"2025-09-13T08:11:52","modified_gmt":"2025-09-13T08:11:52","slug":"horeca-essbank-safran-kunstleder-camel","status":"publish","type":"product","link":"https:\/\/intermob.be\/de\/produkt\/horeca-essbank-safran-kunstleder-camel\/","title":{"rendered":"Essbank - Safran - Kunstleder"},"content":{"rendered":"<p><span style=\"color: #000000\">Das Safran-Sofa ist eines unserer beliebten Sofas, das dank seines stilvollen Erscheinungsbilds ideal f\u00fcr Ihr Interieur geeignet ist. Sehr bequemes und robustes Sofa, das leicht zu kombinieren ist und jahrelang verwendet werden kann. Bedeckt mit hochwertigem, pflegeleichtem Kunstleder. Es ist f\u00fcr alle Catering-Betriebe geeignet und bietet mit seiner Breite von 120 cm Platz f\u00fcr 2 Personen. Lieferung mit Wenge MDF-Basis und Standard-Kunststoff-Gleitnagel unten.<\/span><\/p>\n<p><span style=\"color: #000000\">Aufmerksamkeit ! Die Ma\u00dfe der B\u00e4nke k\u00f6nnen je nach verwendetem Material um 1 bis 2 cm variieren.<\/span><\/p>\n","protected":false},"excerpt":{"rendered":"<p>Das Safran-Sofa ist eines unserer beliebten Sofas, das dank seines stilvollen Erscheinungsbilds ideal f\u00fcr Ihr Interieur geeignet ist. Sehr bequemes<\/p>\n","protected":false},"featured_media":148253,"comment_status":"closed","ping_status":"closed","template":"","meta":[],"product_brand":[],"product_cat":[9751],"product_tag":[],"class_list":{"0":"post-148263","1":"product","2":"type-product","3":"status-publish","4":"has-post-thumbnail","6":"product_cat-safran-banke","7":"pa_product-color-color-camel-de","8":"pa_product-frame-color-wenge-frame-color-de","9":"pa_product-more-colors-ja-de","10":"pa_product-more-dimensions-ja-de","11":"pa_product-seat-height-cm-47-seat-height-cm-de","12":"pa_product-seats-2-seats-de","13":"pa_product-upholstery-upholstery-kunstleder-de","14":"pa_product-usage-usage-innen-de","16":"first","17":"onbackorder","18":"sale","19":"taxable","20":"shipping-taxable","21":"purchasable","22":"product-type-simple"},"yoast_head":"<!-- This site is optimized with the Yoast SEO plugin v26.4 - https:\/\/yoast.com\/wordpress\/plugins\/seo\/ -->\n<title>Horeca Essbank - Safran - Kunstleder<\/title>\n<meta name=\"robots\" content=\"index, follow, max-snippet:-1, max-image-preview:large, max-video-preview:-1\" \/>\n<link rel=\"canonical\" href=\"https:\/\/intermob.be\/de\/produkt\/horeca-essbank-safran-kunstleder-camel\/\" \/>\n<meta property=\"og:locale\" content=\"de_DE\" \/>\n<meta property=\"og:type\" content=\"article\" \/>\n<meta property=\"og:title\" content=\"Horeca Essbank - Safran - Kunstleder\" \/>\n<meta property=\"og:description\" content=\"Das Safran-Sofa ist eines unserer beliebten Sofas, das dank seines stilvollen Erscheinungsbilds ideal f\u00fcr Ihr Interieur geeignet ist. Sehr bequemes\" \/>\n<meta property=\"og:url\" content=\"https:\/\/intermob.be\/de\/produkt\/horeca-essbank-safran-kunstleder-camel\/\" \/>\n<meta property=\"og:site_name\" content=\"Intermob Mobilier\" \/>\n<meta property=\"article:modified_time\" content=\"2025-09-13T08:11:52+00:00\" \/>\n<meta property=\"og:image\" content=\"https:\/\/intermob.be\/wp-content\/uploads\/2025\/09\/Horeca-Eetbank-Safran-120-cm-Kunstleer-Camel.jpg\" \/>\n\t<meta property=\"og:image:width\" content=\"1500\" \/>\n\t<meta property=\"og:image:height\" content=\"1500\" \/>\n\t<meta property=\"og:image:type\" content=\"image\/jpeg\" \/>\n<meta name=\"twitter:card\" content=\"summary_large_image\" \/>\n<meta name=\"twitter:label1\" content=\"Gesch\u00e4tzte Lesezeit\" \/>\n\t<meta name=\"twitter:data1\" content=\"1\u00a0Minute\" \/>\n<script type=\"application\/ld+json\" class=\"yoast-schema-graph\">{\"@context\":\"https:\/\/schema.org\",\"@graph\":[{\"@type\":\"WebPage\",\"@id\":\"https:\/\/intermob.be\/de\/produkt\/horeca-essbank-safran-kunstleder-camel\/\",\"url\":\"https:\/\/intermob.be\/de\/produkt\/horeca-essbank-safran-kunstleder-camel\/\",\"name\":\"Horeca Essbank - Safran - Kunstleder\",\"isPartOf\":{\"@id\":\"https:\/\/intermob.be\/de\/#website\"},\"primaryImageOfPage\":{\"@id\":\"https:\/\/intermob.be\/de\/produkt\/horeca-essbank-safran-kunstleder-camel\/#primaryimage\"},\"image\":{\"@id\":\"https:\/\/intermob.be\/de\/produkt\/horeca-essbank-safran-kunstleder-camel\/#primaryimage\"},\"thumbnailUrl\":\"https:\/\/intermob.be\/wp-content\/uploads\/2025\/09\/Horeca-Eetbank-Safran-120-cm-Kunstleer-Camel.jpg\",\"datePublished\":\"2025-09-06T06:19:59+00:00\",\"dateModified\":\"2025-09-13T08:11:52+00:00\",\"breadcrumb\":{\"@id\":\"https:\/\/intermob.be\/de\/produkt\/horeca-essbank-safran-kunstleder-camel\/#breadcrumb\"},\"inLanguage\":\"de\",\"potentialAction\":[{\"@type\":\"ReadAction\",\"target\":[\"https:\/\/intermob.be\/de\/produkt\/horeca-essbank-safran-kunstleder-camel\/\"]}]},{\"@type\":\"ImageObject\",\"inLanguage\":\"de\",\"@id\":\"https:\/\/intermob.be\/de\/produkt\/horeca-essbank-safran-kunstleder-camel\/#primaryimage\",\"url\":\"https:\/\/intermob.be\/wp-content\/uploads\/2025\/09\/Horeca-Eetbank-Safran-120-cm-Kunstleer-Camel.jpg\",\"contentUrl\":\"https:\/\/intermob.be\/wp-content\/uploads\/2025\/09\/Horeca-Eetbank-Safran-120-cm-Kunstleer-Camel.jpg\",\"width\":1500,\"height\":1500,\"caption\":\"Horeca-Eetbank-Safran-120-cm-Kunstleer-Camel\"},{\"@type\":\"BreadcrumbList\",\"@id\":\"https:\/\/intermob.be\/de\/produkt\/horeca-essbank-safran-kunstleder-camel\/#breadcrumb\",\"itemListElement\":[{\"@type\":\"ListItem\",\"position\":1,\"name\":\"Home\",\"item\":\"https:\/\/intermob.be\/de\/\"},{\"@type\":\"ListItem\",\"position\":2,\"name\":\"Shop\",\"item\":\"https:\/\/intermob.be\/de\/shop\/\"},{\"@type\":\"ListItem\",\"position\":3,\"name\":\"Banquette - Safran - Simili Cuir\"}]},{\"@type\":\"WebSite\",\"@id\":\"https:\/\/intermob.be\/de\/#website\",\"url\":\"https:\/\/intermob.be\/de\/\",\"name\":\"Intermob\",\"description\":\"\",\"publisher\":{\"@id\":\"https:\/\/intermob.be\/de\/#organization\"},\"potentialAction\":[{\"@type\":\"SearchAction\",\"target\":{\"@type\":\"EntryPoint\",\"urlTemplate\":\"https:\/\/intermob.be\/de\/?s={search_term_string}\"},\"query-input\":{\"@type\":\"PropertyValueSpecification\",\"valueRequired\":true,\"valueName\":\"search_term_string\"}}],\"inLanguage\":\"de\"},{\"@type\":\"Organization\",\"@id\":\"https:\/\/intermob.be\/de\/#organization\",\"name\":\"Intermob Mobilier\",\"url\":\"https:\/\/intermob.be\/de\/\",\"logo\":{\"@type\":\"ImageObject\",\"inLanguage\":\"de\",\"@id\":\"https:\/\/intermob.be\/de\/#\/schema\/logo\/image\/\",\"url\":\"https:\/\/intermob.be\/wp-content\/uploads\/2025\/09\/intb-bold-logo.png\",\"contentUrl\":\"https:\/\/intermob.be\/wp-content\/uploads\/2025\/09\/intb-bold-logo.png\",\"width\":480,\"height\":158,\"caption\":\"Intermob Mobilier\"},\"image\":{\"@id\":\"https:\/\/intermob.be\/de\/#\/schema\/logo\/image\/\"}}]}<\/script>\n<!-- \/ Yoast SEO plugin. -->","yoast_head_json":{"title":"Horeca Essbank - Safran - Kunstleder","robots":{"index":"index","follow":"follow","max-snippet":"max-snippet:-1","max-image-preview":"max-image-preview:large","max-video-preview":"max-video-preview:-1"},"canonical":"https:\/\/intermob.be\/de\/produkt\/horeca-essbank-safran-kunstleder-camel\/","og_locale":"de_DE","og_type":"article","og_title":"Horeca Essbank - Safran - Kunstleder","og_description":"Das Safran-Sofa ist eines unserer beliebten Sofas, das dank seines stilvollen Erscheinungsbilds ideal f\u00fcr Ihr Interieur geeignet ist. Sehr bequemes","og_url":"https:\/\/intermob.be\/de\/produkt\/horeca-essbank-safran-kunstleder-camel\/","og_site_name":"Intermob Mobilier","article_modified_time":"2025-09-13T08:11:52+00:00","og_image":[{"width":1500,"height":1500,"url":"https:\/\/intermob.be\/wp-content\/uploads\/2025\/09\/Horeca-Eetbank-Safran-120-cm-Kunstleer-Camel.jpg","type":"image\/jpeg"}],"twitter_card":"summary_large_image","twitter_misc":{"Gesch\u00e4tzte Lesezeit":"1\u00a0Minute"},"schema":{"@context":"https:\/\/schema.org","@graph":[{"@type":"WebPage","@id":"https:\/\/intermob.be\/de\/produkt\/horeca-essbank-safran-kunstleder-camel\/","url":"https:\/\/intermob.be\/de\/produkt\/horeca-essbank-safran-kunstleder-camel\/","name":"Horeca Essbank - Safran - Kunstleder","isPartOf":{"@id":"https:\/\/intermob.be\/de\/#website"},"primaryImageOfPage":{"@id":"https:\/\/intermob.be\/de\/produkt\/horeca-essbank-safran-kunstleder-camel\/#primaryimage"},"image":{"@id":"https:\/\/intermob.be\/de\/produkt\/horeca-essbank-safran-kunstleder-camel\/#primaryimage"},"thumbnailUrl":"https:\/\/intermob.be\/wp-content\/uploads\/2025\/09\/Horeca-Eetbank-Safran-120-cm-Kunstleer-Camel.jpg","datePublished":"2025-09-06T06:19:59+00:00","dateModified":"2025-09-13T08:11:52+00:00","breadcrumb":{"@id":"https:\/\/intermob.be\/de\/produkt\/horeca-essbank-safran-kunstleder-camel\/#breadcrumb"},"inLanguage":"de","potentialAction":[{"@type":"ReadAction","target":["https:\/\/intermob.be\/de\/produkt\/horeca-essbank-safran-kunstleder-camel\/"]}]},{"@type":"ImageObject","inLanguage":"de","@id":"https:\/\/intermob.be\/de\/produkt\/horeca-essbank-safran-kunstleder-camel\/#primaryimage","url":"https:\/\/intermob.be\/wp-content\/uploads\/2025\/09\/Horeca-Eetbank-Safran-120-cm-Kunstleer-Camel.jpg","contentUrl":"https:\/\/intermob.be\/wp-content\/uploads\/2025\/09\/Horeca-Eetbank-Safran-120-cm-Kunstleer-Camel.jpg","width":1500,"height":1500,"caption":"Horeca-Eetbank-Safran-120-cm-Kunstleer-Camel"},{"@type":"BreadcrumbList","@id":"https:\/\/intermob.be\/de\/produkt\/horeca-essbank-safran-kunstleder-camel\/#breadcrumb","itemListElement":[{"@type":"ListItem","position":1,"name":"Home","item":"https:\/\/intermob.be\/de\/"},{"@type":"ListItem","position":2,"name":"Shop","item":"https:\/\/intermob.be\/de\/shop\/"},{"@type":"ListItem","position":3,"name":"Banquette - Safran - Simili Cuir"}]},{"@type":"WebSite","@id":"https:\/\/intermob.be\/de\/#website","url":"https:\/\/intermob.be\/de\/","name":"Intermob","description":"","publisher":{"@id":"https:\/\/intermob.be\/de\/#organization"},"potentialAction":[{"@type":"SearchAction","target":{"@type":"EntryPoint","urlTemplate":"https:\/\/intermob.be\/de\/?s={search_term_string}"},"query-input":{"@type":"PropertyValueSpecification","valueRequired":true,"valueName":"search_term_string"}}],"inLanguage":"de"},{"@type":"Organization","@id":"https:\/\/intermob.be\/de\/#organization","name":"Intermob Mobilier","url":"https:\/\/intermob.be\/de\/","logo":{"@type":"ImageObject","inLanguage":"de","@id":"https:\/\/intermob.be\/de\/#\/schema\/logo\/image\/","url":"https:\/\/intermob.be\/wp-content\/uploads\/2025\/09\/intb-bold-logo.png","contentUrl":"https:\/\/intermob.be\/wp-content\/uploads\/2025\/09\/intb-bold-logo.png","width":480,"height":158,"caption":"Intermob Mobilier"},"image":{"@id":"https:\/\/intermob.be\/de\/#\/schema\/logo\/image\/"}}]}},"_links":{"self":[{"href":"https:\/\/intermob.be\/de\/wp-json\/wp\/v2\/product\/148263","targetHints":{"allow":["GET"]}}],"collection":[{"href":"https:\/\/intermob.be\/de\/wp-json\/wp\/v2\/product"}],"about":[{"href":"https:\/\/intermob.be\/de\/wp-json\/wp\/v2\/types\/product"}],"replies":[{"embeddable":true,"href":"https:\/\/intermob.be\/de\/wp-json\/wp\/v2\/comments?post=148263"}],"version-history":[{"count":0,"href":"https:\/\/intermob.be\/de\/wp-json\/wp\/v2\/product\/148263\/revisions"}],"wp:featuredmedia":[{"embeddable":true,"href":"https:\/\/intermob.be\/de\/wp-json\/wp\/v2\/media\/148253"}],"wp:attachment":[{"href":"https:\/\/intermob.be\/de\/wp-json\/wp\/v2\/media?parent=148263"}],"wp:term":[{"taxonomy":"product_brand","embeddable":true,"href":"https:\/\/intermob.be\/de\/wp-json\/wp\/v2\/product_brand?post=148263"},{"taxonomy":"product_cat","embeddable":true,"href":"https:\/\/intermob.be\/de\/wp-json\/wp\/v2\/product_cat?post=148263"},{"taxonomy":"product_tag","embeddable":true,"href":"https:\/\/intermob.be\/de\/wp-json\/wp\/v2\/product_tag?post=148263"}],"curies":[{"name":"wp","href":"https:\/\/api.w.org\/{rel}","templated":true}]}}