{"id":149275,"date":"2025-09-11T07:48:16","date_gmt":"2025-09-11T07:48:16","guid":{"rendered":"https:\/\/intermob.be\/?post_type=product&#038;p=149275"},"modified":"2025-09-11T08:00:44","modified_gmt":"2025-09-11T08:00:44","slug":"horeca-eck-essbank-napoli-kunstleder-braun","status":"publish","type":"product","link":"https:\/\/intermob.be\/de\/produkt\/horeca-eck-essbank-napoli-kunstleder-braun\/","title":{"rendered":"Eck-Essbank - Eco Luna - Kunstleder"},"content":{"rendered":"<p><span style=\"color: #000000;\">Napoli ist ein absoluter Klassiker von h\u00f6chster Qualit\u00e4t! Dieses Sofa besteht aus hochwertigem Leder mit einem luxuri\u00f6sen Aussehen. Geeignet f\u00fcr ein elegantes Interieur. Bedeckt mit pflegeleichtem Santiago Kunstleder. Es ist f\u00fcr alle Catering-Betriebe geeignet. Lieferung mit schwarzer MDF-Basis und Standard-Kunststoffgleitnagel unten.<\/span><\/p>\n<p><span style=\"color: #000000;\">Dieses Produkt ist auch als Ma\u00dfanfertigung bis 200 cm sowie mit verschiedenen Stoffen und Farben erh\u00e4ltlich.<\/span><\/p>\n<p><span style=\"color: #000000;\">Aufmerksamkeit ! Die Ma\u00dfe der B\u00e4nke k\u00f6nnen je nach verwendetem Material um 1 bis 2 cm variieren.<\/span><\/p>\n","protected":false},"excerpt":{"rendered":"<p>Napoli ist ein absoluter Klassiker von h\u00f6chster Qualit\u00e4t! Dieses Sofa besteht aus hochwertigem Leder mit einem luxuri\u00f6sen Aussehen. Geeignet f\u00fcr<\/p>\n","protected":false},"featured_media":149222,"comment_status":"closed","ping_status":"closed","template":"","meta":[],"product_brand":[],"product_cat":[10055],"product_tag":[],"class_list":{"0":"post-149275","1":"product","2":"type-product","3":"status-publish","4":"has-post-thumbnail","6":"product_cat-napoli-banke","7":"pa_product-color-color-braun-de","8":"pa_product-frame-color-wenge-frame-color-de","9":"pa_product-more-colors-ja-de","10":"pa_product-seat-height-cm-49-seat-height-cm-de","11":"pa_product-seats-1-seats-de","12":"pa_product-upholstery-upholstery-kunstleder-de","13":"pa_product-usage-usage-innen-de","15":"first","16":"onbackorder","17":"sale","18":"taxable","19":"shipping-taxable","20":"purchasable","21":"product-type-simple"},"yoast_head":"<!-- This site is optimized with the Yoast SEO plugin v26.4 - https:\/\/yoast.com\/wordpress\/plugins\/seo\/ -->\n<title>Horeca Eck-Essbank - Napoli - Kunstleder<\/title>\n<meta name=\"robots\" content=\"index, follow, max-snippet:-1, max-image-preview:large, max-video-preview:-1\" \/>\n<link rel=\"canonical\" href=\"https:\/\/intermob.be\/de\/produkt\/horeca-eck-essbank-napoli-kunstleder-braun\/\" \/>\n<meta property=\"og:locale\" content=\"de_DE\" \/>\n<meta property=\"og:type\" content=\"article\" \/>\n<meta property=\"og:title\" content=\"Horeca Eck-Essbank - Napoli - Kunstleder\" \/>\n<meta property=\"og:description\" content=\"Napoli ist ein absoluter Klassiker von h\u00f6chster Qualit\u00e4t! Dieses Sofa besteht aus hochwertigem Leder mit einem luxuri\u00f6sen Aussehen. Geeignet f\u00fcr\" \/>\n<meta property=\"og:url\" content=\"https:\/\/intermob.be\/de\/produkt\/horeca-eck-essbank-napoli-kunstleder-braun\/\" \/>\n<meta property=\"og:site_name\" content=\"Intermob Mobilier\" \/>\n<meta property=\"article:modified_time\" content=\"2025-09-11T08:00:44+00:00\" \/>\n<meta property=\"og:image\" content=\"https:\/\/intermob.be\/wp-content\/uploads\/2025\/09\/Horeca-Hoek-Eetbank-Napoli-Kunstleer-Bruin.jpg\" \/>\n\t<meta property=\"og:image:width\" content=\"1500\" \/>\n\t<meta property=\"og:image:height\" content=\"1500\" \/>\n\t<meta property=\"og:image:type\" content=\"image\/jpeg\" \/>\n<meta name=\"twitter:card\" content=\"summary_large_image\" \/>\n<meta name=\"twitter:label1\" content=\"Gesch\u00e4tzte Lesezeit\" \/>\n\t<meta name=\"twitter:data1\" content=\"1\u00a0Minute\" \/>\n<script type=\"application\/ld+json\" class=\"yoast-schema-graph\">{\"@context\":\"https:\/\/schema.org\",\"@graph\":[{\"@type\":\"WebPage\",\"@id\":\"https:\/\/intermob.be\/de\/produkt\/horeca-eck-essbank-napoli-kunstleder-braun\/\",\"url\":\"https:\/\/intermob.be\/de\/produkt\/horeca-eck-essbank-napoli-kunstleder-braun\/\",\"name\":\"Horeca Eck-Essbank - Napoli - Kunstleder\",\"isPartOf\":{\"@id\":\"https:\/\/intermob.be\/de\/#website\"},\"primaryImageOfPage\":{\"@id\":\"https:\/\/intermob.be\/de\/produkt\/horeca-eck-essbank-napoli-kunstleder-braun\/#primaryimage\"},\"image\":{\"@id\":\"https:\/\/intermob.be\/de\/produkt\/horeca-eck-essbank-napoli-kunstleder-braun\/#primaryimage\"},\"thumbnailUrl\":\"https:\/\/intermob.be\/wp-content\/uploads\/2025\/09\/Horeca-Hoek-Eetbank-Napoli-Kunstleer-Bruin.jpg\",\"datePublished\":\"2025-09-11T07:48:16+00:00\",\"dateModified\":\"2025-09-11T08:00:44+00:00\",\"breadcrumb\":{\"@id\":\"https:\/\/intermob.be\/de\/produkt\/horeca-eck-essbank-napoli-kunstleder-braun\/#breadcrumb\"},\"inLanguage\":\"de\",\"potentialAction\":[{\"@type\":\"ReadAction\",\"target\":[\"https:\/\/intermob.be\/de\/produkt\/horeca-eck-essbank-napoli-kunstleder-braun\/\"]}]},{\"@type\":\"ImageObject\",\"inLanguage\":\"de\",\"@id\":\"https:\/\/intermob.be\/de\/produkt\/horeca-eck-essbank-napoli-kunstleder-braun\/#primaryimage\",\"url\":\"https:\/\/intermob.be\/wp-content\/uploads\/2025\/09\/Horeca-Hoek-Eetbank-Napoli-Kunstleer-Bruin.jpg\",\"contentUrl\":\"https:\/\/intermob.be\/wp-content\/uploads\/2025\/09\/Horeca-Hoek-Eetbank-Napoli-Kunstleer-Bruin.jpg\",\"width\":1500,\"height\":1500,\"caption\":\"Horeca-Hoek-Eetbank-Napoli-Kunstleer-Bruin\"},{\"@type\":\"BreadcrumbList\",\"@id\":\"https:\/\/intermob.be\/de\/produkt\/horeca-eck-essbank-napoli-kunstleder-braun\/#breadcrumb\",\"itemListElement\":[{\"@type\":\"ListItem\",\"position\":1,\"name\":\"Home\",\"item\":\"https:\/\/intermob.be\/de\/\"},{\"@type\":\"ListItem\",\"position\":2,\"name\":\"Shop\",\"item\":\"https:\/\/intermob.be\/de\/shop\/\"},{\"@type\":\"ListItem\",\"position\":3,\"name\":\"Banquette D&#039;angle - Luna Eco - Simili Cuir\"}]},{\"@type\":\"WebSite\",\"@id\":\"https:\/\/intermob.be\/de\/#website\",\"url\":\"https:\/\/intermob.be\/de\/\",\"name\":\"Intermob\",\"description\":\"\",\"publisher\":{\"@id\":\"https:\/\/intermob.be\/de\/#organization\"},\"potentialAction\":[{\"@type\":\"SearchAction\",\"target\":{\"@type\":\"EntryPoint\",\"urlTemplate\":\"https:\/\/intermob.be\/de\/?s={search_term_string}\"},\"query-input\":{\"@type\":\"PropertyValueSpecification\",\"valueRequired\":true,\"valueName\":\"search_term_string\"}}],\"inLanguage\":\"de\"},{\"@type\":\"Organization\",\"@id\":\"https:\/\/intermob.be\/de\/#organization\",\"name\":\"Intermob Mobilier\",\"url\":\"https:\/\/intermob.be\/de\/\",\"logo\":{\"@type\":\"ImageObject\",\"inLanguage\":\"de\",\"@id\":\"https:\/\/intermob.be\/de\/#\/schema\/logo\/image\/\",\"url\":\"https:\/\/intermob.be\/wp-content\/uploads\/2025\/09\/intb-bold-logo.png\",\"contentUrl\":\"https:\/\/intermob.be\/wp-content\/uploads\/2025\/09\/intb-bold-logo.png\",\"width\":480,\"height\":158,\"caption\":\"Intermob Mobilier\"},\"image\":{\"@id\":\"https:\/\/intermob.be\/de\/#\/schema\/logo\/image\/\"}}]}<\/script>\n<!-- \/ Yoast SEO plugin. -->","yoast_head_json":{"title":"Horeca Eck-Essbank - Napoli - Kunstleder","robots":{"index":"index","follow":"follow","max-snippet":"max-snippet:-1","max-image-preview":"max-image-preview:large","max-video-preview":"max-video-preview:-1"},"canonical":"https:\/\/intermob.be\/de\/produkt\/horeca-eck-essbank-napoli-kunstleder-braun\/","og_locale":"de_DE","og_type":"article","og_title":"Horeca Eck-Essbank - Napoli - Kunstleder","og_description":"Napoli ist ein absoluter Klassiker von h\u00f6chster Qualit\u00e4t! Dieses Sofa besteht aus hochwertigem Leder mit einem luxuri\u00f6sen Aussehen. Geeignet f\u00fcr","og_url":"https:\/\/intermob.be\/de\/produkt\/horeca-eck-essbank-napoli-kunstleder-braun\/","og_site_name":"Intermob Mobilier","article_modified_time":"2025-09-11T08:00:44+00:00","og_image":[{"width":1500,"height":1500,"url":"https:\/\/intermob.be\/wp-content\/uploads\/2025\/09\/Horeca-Hoek-Eetbank-Napoli-Kunstleer-Bruin.jpg","type":"image\/jpeg"}],"twitter_card":"summary_large_image","twitter_misc":{"Gesch\u00e4tzte Lesezeit":"1\u00a0Minute"},"schema":{"@context":"https:\/\/schema.org","@graph":[{"@type":"WebPage","@id":"https:\/\/intermob.be\/de\/produkt\/horeca-eck-essbank-napoli-kunstleder-braun\/","url":"https:\/\/intermob.be\/de\/produkt\/horeca-eck-essbank-napoli-kunstleder-braun\/","name":"Horeca Eck-Essbank - Napoli - Kunstleder","isPartOf":{"@id":"https:\/\/intermob.be\/de\/#website"},"primaryImageOfPage":{"@id":"https:\/\/intermob.be\/de\/produkt\/horeca-eck-essbank-napoli-kunstleder-braun\/#primaryimage"},"image":{"@id":"https:\/\/intermob.be\/de\/produkt\/horeca-eck-essbank-napoli-kunstleder-braun\/#primaryimage"},"thumbnailUrl":"https:\/\/intermob.be\/wp-content\/uploads\/2025\/09\/Horeca-Hoek-Eetbank-Napoli-Kunstleer-Bruin.jpg","datePublished":"2025-09-11T07:48:16+00:00","dateModified":"2025-09-11T08:00:44+00:00","breadcrumb":{"@id":"https:\/\/intermob.be\/de\/produkt\/horeca-eck-essbank-napoli-kunstleder-braun\/#breadcrumb"},"inLanguage":"de","potentialAction":[{"@type":"ReadAction","target":["https:\/\/intermob.be\/de\/produkt\/horeca-eck-essbank-napoli-kunstleder-braun\/"]}]},{"@type":"ImageObject","inLanguage":"de","@id":"https:\/\/intermob.be\/de\/produkt\/horeca-eck-essbank-napoli-kunstleder-braun\/#primaryimage","url":"https:\/\/intermob.be\/wp-content\/uploads\/2025\/09\/Horeca-Hoek-Eetbank-Napoli-Kunstleer-Bruin.jpg","contentUrl":"https:\/\/intermob.be\/wp-content\/uploads\/2025\/09\/Horeca-Hoek-Eetbank-Napoli-Kunstleer-Bruin.jpg","width":1500,"height":1500,"caption":"Horeca-Hoek-Eetbank-Napoli-Kunstleer-Bruin"},{"@type":"BreadcrumbList","@id":"https:\/\/intermob.be\/de\/produkt\/horeca-eck-essbank-napoli-kunstleder-braun\/#breadcrumb","itemListElement":[{"@type":"ListItem","position":1,"name":"Home","item":"https:\/\/intermob.be\/de\/"},{"@type":"ListItem","position":2,"name":"Shop","item":"https:\/\/intermob.be\/de\/shop\/"},{"@type":"ListItem","position":3,"name":"Banquette D&#039;angle - Luna Eco - Simili Cuir"}]},{"@type":"WebSite","@id":"https:\/\/intermob.be\/de\/#website","url":"https:\/\/intermob.be\/de\/","name":"Intermob","description":"","publisher":{"@id":"https:\/\/intermob.be\/de\/#organization"},"potentialAction":[{"@type":"SearchAction","target":{"@type":"EntryPoint","urlTemplate":"https:\/\/intermob.be\/de\/?s={search_term_string}"},"query-input":{"@type":"PropertyValueSpecification","valueRequired":true,"valueName":"search_term_string"}}],"inLanguage":"de"},{"@type":"Organization","@id":"https:\/\/intermob.be\/de\/#organization","name":"Intermob Mobilier","url":"https:\/\/intermob.be\/de\/","logo":{"@type":"ImageObject","inLanguage":"de","@id":"https:\/\/intermob.be\/de\/#\/schema\/logo\/image\/","url":"https:\/\/intermob.be\/wp-content\/uploads\/2025\/09\/intb-bold-logo.png","contentUrl":"https:\/\/intermob.be\/wp-content\/uploads\/2025\/09\/intb-bold-logo.png","width":480,"height":158,"caption":"Intermob Mobilier"},"image":{"@id":"https:\/\/intermob.be\/de\/#\/schema\/logo\/image\/"}}]}},"_links":{"self":[{"href":"https:\/\/intermob.be\/de\/wp-json\/wp\/v2\/product\/149275","targetHints":{"allow":["GET"]}}],"collection":[{"href":"https:\/\/intermob.be\/de\/wp-json\/wp\/v2\/product"}],"about":[{"href":"https:\/\/intermob.be\/de\/wp-json\/wp\/v2\/types\/product"}],"replies":[{"embeddable":true,"href":"https:\/\/intermob.be\/de\/wp-json\/wp\/v2\/comments?post=149275"}],"version-history":[{"count":0,"href":"https:\/\/intermob.be\/de\/wp-json\/wp\/v2\/product\/149275\/revisions"}],"wp:featuredmedia":[{"embeddable":true,"href":"https:\/\/intermob.be\/de\/wp-json\/wp\/v2\/media\/149222"}],"wp:attachment":[{"href":"https:\/\/intermob.be\/de\/wp-json\/wp\/v2\/media?parent=149275"}],"wp:term":[{"taxonomy":"product_brand","embeddable":true,"href":"https:\/\/intermob.be\/de\/wp-json\/wp\/v2\/product_brand?post=149275"},{"taxonomy":"product_cat","embeddable":true,"href":"https:\/\/intermob.be\/de\/wp-json\/wp\/v2\/product_cat?post=149275"},{"taxonomy":"product_tag","embeddable":true,"href":"https:\/\/intermob.be\/de\/wp-json\/wp\/v2\/product_tag?post=149275"}],"curies":[{"name":"wp","href":"https:\/\/api.w.org\/{rel}","templated":true}]}}