{"id":153181,"date":"2025-10-30T12:15:46","date_gmt":"2025-10-30T12:15:46","guid":{"rendered":"https:\/\/intermob.be\/?post_type=product&#038;p=153181"},"modified":"2025-10-30T12:17:47","modified_gmt":"2025-10-30T12:17:47","slug":"horeca-stuhl-spectra-kunstleder","status":"publish","type":"product","link":"https:\/\/intermob.be\/de\/produkt\/horeca-stuhl-spectra-kunstleder\/","title":{"rendered":"Stuhl - SPECTRA - Kunstleder"},"content":{"rendered":"<p><span style=\"color: #000000;\">Dieser moderne Kunstlederstuhl kombiniert mit einem schlanken schwarzen Metallrahmen, bietet eine raffinierte Optik, die sich m\u00fchelos in jedes Interieur einf\u00fcgt. Das Kunstleder ist nicht nur pflegeleicht, sondern strahlt auch Luxus aus, ideal f\u00fcr den intensiven Einsatz in dynamischen Gastronomiebetrieben wie Caf\u00e9s und Restaurants. Dieser Stuhl verleiht Ihrem Raum eine zeitgem\u00e4\u00dfe und einladende Atmosph\u00e4re, sodass sich G\u00e4ste wohlf\u00fchlen und gerne l\u00e4nger verweilen. Eine ideale Wahl f\u00fcr alle, die Qualit\u00e4t, Stil und Komfort in einem suchen.<\/span><\/p>\n<p><span style=\"color: #000000;\"><strong>Zus\u00e4tzliche Information:<\/strong><\/span><\/p>\n<ul>\n<li><span style=\"color: #000000;\">Die St\u00fchle sind nicht zusammengebaut und werden immer paarweise in Pappkartons verpackt<\/span><\/li>\n<li><span style=\"color: #000000;\">Der Sitz wird mit 4 Schrauben am Rahmen befestigt<\/span><\/li>\n<li><span style=\"color: #000000;\">Das f\u00fcr die Montage erforderliche Material ist im Lieferumfang enthalten<\/span><\/li>\n<li><span style=\"color: #000000;\">Die St\u00fchle sind leicht zu montieren<\/span><\/li>\n<\/ul>\n","protected":false},"excerpt":{"rendered":"<p>Dieser moderne Kunstlederstuhl kombiniert mit einem schlanken schwarzen Metallrahmen, bietet eine raffinierte Optik, die sich m\u00fchelos in jedes Interieur einf\u00fcgt.<\/p>\n","protected":false},"featured_media":153157,"comment_status":"closed","ping_status":"closed","template":"","meta":[],"product_brand":[],"product_cat":[10067,16745,10063,9859,9863,10511],"product_tag":[17388,17390,17392],"class_list":{"0":"post-153181","1":"product","2":"type-product","3":"status-publish","4":"has-post-thumbnail","6":"product_cat-vintage-stuhle","7":"product_cat-solange-der-vorrat-reicht","8":"product_cat-vintage-stuhl","9":"product_cat-neu","10":"product_cat-werbeprodukte","11":"product_cat-kommt-demnaechst","12":"product_tag-horeca-furniture","13":"product_tag-horeca-moebel","14":"product_tag-meubles-horeca","15":"pa_armrest-armrest-nein-de","16":"pa_frame-nicht-stapelbar-frame-de","17":"pa_product-color-color-braun-de","18":"pa_product-color-color-cognac-de","19":"pa_product-color-color-olive-de","20":"pa_product-color-color-bordeaux-de","21":"pa_product-frame-color-schwarz-frame-color-de","22":"pa_product-material-metallrahmen-material-de","23":"pa_product-more-colors-ja-de","24":"pa_product-seat-height-cm-47-seat-height-cm-de","25":"pa_product-seats-1-seats-de","26":"pa_product-upholstery-upholstery-kunstleder-de","27":"pa_product-usage-usage-innen-de","29":"first","30":"instock","31":"sale","32":"taxable","33":"shipping-taxable","34":"purchasable","35":"product-type-variable","36":"hc-var-color"},"yoast_head":"<!-- This site is optimized with the Yoast SEO plugin v26.4 - https:\/\/yoast.com\/wordpress\/plugins\/seo\/ -->\n<title>Horeca Stuhl - SPECTRA - Kunstleder<\/title>\n<meta name=\"robots\" content=\"index, follow, max-snippet:-1, max-image-preview:large, max-video-preview:-1\" \/>\n<link rel=\"canonical\" href=\"https:\/\/intermob.be\/de\/produkt\/horeca-stuhl-spectra-kunstleder\/\" \/>\n<meta property=\"og:locale\" content=\"de_DE\" \/>\n<meta property=\"og:type\" content=\"article\" \/>\n<meta property=\"og:title\" content=\"Horeca Stuhl - SPECTRA - Kunstleder\" \/>\n<meta property=\"og:description\" content=\"Dieser moderne Kunstlederstuhl kombiniert mit einem schlanken schwarzen Metallrahmen, bietet eine raffinierte Optik, die sich m\u00fchelos in jedes Interieur einf\u00fcgt.\" \/>\n<meta property=\"og:url\" content=\"https:\/\/intermob.be\/de\/produkt\/horeca-stuhl-spectra-kunstleder\/\" \/>\n<meta property=\"og:site_name\" content=\"Intermob Mobilier\" \/>\n<meta property=\"article:modified_time\" content=\"2025-10-30T12:17:47+00:00\" \/>\n<meta property=\"og:image\" content=\"https:\/\/intermob.be\/wp-content\/uploads\/2025\/10\/Horeca-Stoel-Spectra-Cognac.jpg\" \/>\n\t<meta property=\"og:image:width\" content=\"1500\" \/>\n\t<meta property=\"og:image:height\" content=\"1500\" \/>\n\t<meta property=\"og:image:type\" content=\"image\/jpeg\" \/>\n<meta name=\"twitter:card\" content=\"summary_large_image\" \/>\n<script type=\"application\/ld+json\" class=\"yoast-schema-graph\">{\"@context\":\"https:\/\/schema.org\",\"@graph\":[{\"@type\":\"WebPage\",\"@id\":\"https:\/\/intermob.be\/de\/produkt\/horeca-stuhl-spectra-kunstleder\/\",\"url\":\"https:\/\/intermob.be\/de\/produkt\/horeca-stuhl-spectra-kunstleder\/\",\"name\":\"Horeca Stuhl - SPECTRA - Kunstleder\",\"isPartOf\":{\"@id\":\"https:\/\/intermob.be\/de\/#website\"},\"primaryImageOfPage\":{\"@id\":\"https:\/\/intermob.be\/de\/produkt\/horeca-stuhl-spectra-kunstleder\/#primaryimage\"},\"image\":{\"@id\":\"https:\/\/intermob.be\/de\/produkt\/horeca-stuhl-spectra-kunstleder\/#primaryimage\"},\"thumbnailUrl\":\"https:\/\/intermob.be\/wp-content\/uploads\/2025\/10\/Horeca-Stoel-Spectra-Cognac.jpg\",\"datePublished\":\"2025-10-30T12:15:46+00:00\",\"dateModified\":\"2025-10-30T12:17:47+00:00\",\"breadcrumb\":{\"@id\":\"https:\/\/intermob.be\/de\/produkt\/horeca-stuhl-spectra-kunstleder\/#breadcrumb\"},\"inLanguage\":\"de\",\"potentialAction\":[{\"@type\":\"ReadAction\",\"target\":[\"https:\/\/intermob.be\/de\/produkt\/horeca-stuhl-spectra-kunstleder\/\"]}]},{\"@type\":\"ImageObject\",\"inLanguage\":\"de\",\"@id\":\"https:\/\/intermob.be\/de\/produkt\/horeca-stuhl-spectra-kunstleder\/#primaryimage\",\"url\":\"https:\/\/intermob.be\/wp-content\/uploads\/2025\/10\/Horeca-Stoel-Spectra-Cognac.jpg\",\"contentUrl\":\"https:\/\/intermob.be\/wp-content\/uploads\/2025\/10\/Horeca-Stoel-Spectra-Cognac.jpg\",\"width\":1500,\"height\":1500,\"caption\":\"Horeca-Stoel-Spectra-Cognac\"},{\"@type\":\"BreadcrumbList\",\"@id\":\"https:\/\/intermob.be\/de\/produkt\/horeca-stuhl-spectra-kunstleder\/#breadcrumb\",\"itemListElement\":[{\"@type\":\"ListItem\",\"position\":1,\"name\":\"Home\",\"item\":\"https:\/\/intermob.be\/de\/\"},{\"@type\":\"ListItem\",\"position\":2,\"name\":\"Shop\",\"item\":\"https:\/\/intermob.be\/de\/shop\/\"},{\"@type\":\"ListItem\",\"position\":3,\"name\":\"Stuhl - SPECTRA - Kunstleder\"}]},{\"@type\":\"WebSite\",\"@id\":\"https:\/\/intermob.be\/de\/#website\",\"url\":\"https:\/\/intermob.be\/de\/\",\"name\":\"Intermob\",\"description\":\"\",\"publisher\":{\"@id\":\"https:\/\/intermob.be\/de\/#organization\"},\"potentialAction\":[{\"@type\":\"SearchAction\",\"target\":{\"@type\":\"EntryPoint\",\"urlTemplate\":\"https:\/\/intermob.be\/de\/?s={search_term_string}\"},\"query-input\":{\"@type\":\"PropertyValueSpecification\",\"valueRequired\":true,\"valueName\":\"search_term_string\"}}],\"inLanguage\":\"de\"},{\"@type\":\"Organization\",\"@id\":\"https:\/\/intermob.be\/de\/#organization\",\"name\":\"Intermob Mobilier\",\"url\":\"https:\/\/intermob.be\/de\/\",\"logo\":{\"@type\":\"ImageObject\",\"inLanguage\":\"de\",\"@id\":\"https:\/\/intermob.be\/de\/#\/schema\/logo\/image\/\",\"url\":\"https:\/\/intermob.be\/wp-content\/uploads\/2025\/09\/intb-bold-logo.png\",\"contentUrl\":\"https:\/\/intermob.be\/wp-content\/uploads\/2025\/09\/intb-bold-logo.png\",\"width\":480,\"height\":158,\"caption\":\"Intermob Mobilier\"},\"image\":{\"@id\":\"https:\/\/intermob.be\/de\/#\/schema\/logo\/image\/\"}}]}<\/script>\n<!-- \/ Yoast SEO plugin. -->","yoast_head_json":{"title":"Horeca Stuhl - SPECTRA - Kunstleder","robots":{"index":"index","follow":"follow","max-snippet":"max-snippet:-1","max-image-preview":"max-image-preview:large","max-video-preview":"max-video-preview:-1"},"canonical":"https:\/\/intermob.be\/de\/produkt\/horeca-stuhl-spectra-kunstleder\/","og_locale":"de_DE","og_type":"article","og_title":"Horeca Stuhl - SPECTRA - Kunstleder","og_description":"Dieser moderne Kunstlederstuhl kombiniert mit einem schlanken schwarzen Metallrahmen, bietet eine raffinierte Optik, die sich m\u00fchelos in jedes Interieur einf\u00fcgt.","og_url":"https:\/\/intermob.be\/de\/produkt\/horeca-stuhl-spectra-kunstleder\/","og_site_name":"Intermob Mobilier","article_modified_time":"2025-10-30T12:17:47+00:00","og_image":[{"width":1500,"height":1500,"url":"https:\/\/intermob.be\/wp-content\/uploads\/2025\/10\/Horeca-Stoel-Spectra-Cognac.jpg","type":"image\/jpeg"}],"twitter_card":"summary_large_image","schema":{"@context":"https:\/\/schema.org","@graph":[{"@type":"WebPage","@id":"https:\/\/intermob.be\/de\/produkt\/horeca-stuhl-spectra-kunstleder\/","url":"https:\/\/intermob.be\/de\/produkt\/horeca-stuhl-spectra-kunstleder\/","name":"Horeca Stuhl - SPECTRA - Kunstleder","isPartOf":{"@id":"https:\/\/intermob.be\/de\/#website"},"primaryImageOfPage":{"@id":"https:\/\/intermob.be\/de\/produkt\/horeca-stuhl-spectra-kunstleder\/#primaryimage"},"image":{"@id":"https:\/\/intermob.be\/de\/produkt\/horeca-stuhl-spectra-kunstleder\/#primaryimage"},"thumbnailUrl":"https:\/\/intermob.be\/wp-content\/uploads\/2025\/10\/Horeca-Stoel-Spectra-Cognac.jpg","datePublished":"2025-10-30T12:15:46+00:00","dateModified":"2025-10-30T12:17:47+00:00","breadcrumb":{"@id":"https:\/\/intermob.be\/de\/produkt\/horeca-stuhl-spectra-kunstleder\/#breadcrumb"},"inLanguage":"de","potentialAction":[{"@type":"ReadAction","target":["https:\/\/intermob.be\/de\/produkt\/horeca-stuhl-spectra-kunstleder\/"]}]},{"@type":"ImageObject","inLanguage":"de","@id":"https:\/\/intermob.be\/de\/produkt\/horeca-stuhl-spectra-kunstleder\/#primaryimage","url":"https:\/\/intermob.be\/wp-content\/uploads\/2025\/10\/Horeca-Stoel-Spectra-Cognac.jpg","contentUrl":"https:\/\/intermob.be\/wp-content\/uploads\/2025\/10\/Horeca-Stoel-Spectra-Cognac.jpg","width":1500,"height":1500,"caption":"Horeca-Stoel-Spectra-Cognac"},{"@type":"BreadcrumbList","@id":"https:\/\/intermob.be\/de\/produkt\/horeca-stuhl-spectra-kunstleder\/#breadcrumb","itemListElement":[{"@type":"ListItem","position":1,"name":"Home","item":"https:\/\/intermob.be\/de\/"},{"@type":"ListItem","position":2,"name":"Shop","item":"https:\/\/intermob.be\/de\/shop\/"},{"@type":"ListItem","position":3,"name":"Stuhl - SPECTRA - Kunstleder"}]},{"@type":"WebSite","@id":"https:\/\/intermob.be\/de\/#website","url":"https:\/\/intermob.be\/de\/","name":"Intermob","description":"","publisher":{"@id":"https:\/\/intermob.be\/de\/#organization"},"potentialAction":[{"@type":"SearchAction","target":{"@type":"EntryPoint","urlTemplate":"https:\/\/intermob.be\/de\/?s={search_term_string}"},"query-input":{"@type":"PropertyValueSpecification","valueRequired":true,"valueName":"search_term_string"}}],"inLanguage":"de"},{"@type":"Organization","@id":"https:\/\/intermob.be\/de\/#organization","name":"Intermob Mobilier","url":"https:\/\/intermob.be\/de\/","logo":{"@type":"ImageObject","inLanguage":"de","@id":"https:\/\/intermob.be\/de\/#\/schema\/logo\/image\/","url":"https:\/\/intermob.be\/wp-content\/uploads\/2025\/09\/intb-bold-logo.png","contentUrl":"https:\/\/intermob.be\/wp-content\/uploads\/2025\/09\/intb-bold-logo.png","width":480,"height":158,"caption":"Intermob Mobilier"},"image":{"@id":"https:\/\/intermob.be\/de\/#\/schema\/logo\/image\/"}}]}},"_links":{"self":[{"href":"https:\/\/intermob.be\/de\/wp-json\/wp\/v2\/product\/153181","targetHints":{"allow":["GET"]}}],"collection":[{"href":"https:\/\/intermob.be\/de\/wp-json\/wp\/v2\/product"}],"about":[{"href":"https:\/\/intermob.be\/de\/wp-json\/wp\/v2\/types\/product"}],"replies":[{"embeddable":true,"href":"https:\/\/intermob.be\/de\/wp-json\/wp\/v2\/comments?post=153181"}],"version-history":[{"count":0,"href":"https:\/\/intermob.be\/de\/wp-json\/wp\/v2\/product\/153181\/revisions"}],"wp:featuredmedia":[{"embeddable":true,"href":"https:\/\/intermob.be\/de\/wp-json\/wp\/v2\/media\/153157"}],"wp:attachment":[{"href":"https:\/\/intermob.be\/de\/wp-json\/wp\/v2\/media?parent=153181"}],"wp:term":[{"taxonomy":"product_brand","embeddable":true,"href":"https:\/\/intermob.be\/de\/wp-json\/wp\/v2\/product_brand?post=153181"},{"taxonomy":"product_cat","embeddable":true,"href":"https:\/\/intermob.be\/de\/wp-json\/wp\/v2\/product_cat?post=153181"},{"taxonomy":"product_tag","embeddable":true,"href":"https:\/\/intermob.be\/de\/wp-json\/wp\/v2\/product_tag?post=153181"}],"curies":[{"name":"wp","href":"https:\/\/api.w.org\/{rel}","templated":true}]}}