{"id":153299,"date":"2025-10-31T05:40:53","date_gmt":"2025-10-31T05:40:53","guid":{"rendered":"https:\/\/intermob.be\/?post_type=product&#038;p=153299"},"modified":"2025-10-31T05:45:10","modified_gmt":"2025-10-31T05:45:10","slug":"horeca-stuhl-hercules-kunstleder","status":"publish","type":"product","link":"https:\/\/intermob.be\/de\/produkt\/horeca-stuhl-hercules-kunstleder\/","title":{"rendered":"Stuhl - Hercules - Kunstleder"},"content":{"rendered":"<p><span style=\"color: #000000;\">Dieser Kunstlederstuhl, erh\u00e4ltlich kombiniert Stil mit Langlebigkeit. Der schlanke schwarze Metallrahmen sorgt f\u00fcr Stabilit\u00e4t und verleiht dem Stuhl eine zeitgem\u00e4\u00dfe Optik, die perfekt zu einem modernen Interieur passt. Die vertikalen N\u00e4hte an der R\u00fcckenlehne f\u00fcgen eine dezente, luxuri\u00f6se Note hinzu und machen den Stuhl visuell ansprechend. Ideal f\u00fcr Caf\u00e9s, Restaurants und andere Gastronomiebetriebe, die nach stilvollen, komfortablen Sitzgelegenheiten suchen, die leicht zu pflegen sind. Dieser Stuhl bietet Ihren Kunden einen einladenden und bequemen Platz zum Entspannen und Genie\u00dfen der Atmosph\u00e4re, w\u00e4hrend Ihr Betrieb eine anspruchsvolle Ausstrahlung erh\u00e4lt.<\/span><\/p>\n<p><span style=\"color: #000000;\"><strong>Zus\u00e4tzliche Information:<\/strong><\/span><\/p>\n<ul>\n<li><span style=\"color: #000000;\">Die St\u00fchle sind nicht zusammengebaut und werden immer paarweise in Pappkartons verpackt<\/span><\/li>\n<li><span style=\"color: #000000;\">Der Sitz wird mit 4 Schrauben am Rahmen befestigt<\/span><\/li>\n<li><span style=\"color: #000000;\">Das f\u00fcr die Montage erforderliche Material ist im Lieferumfang enthalten<\/span><\/li>\n<li><span style=\"color: #000000;\">Die St\u00fchle sind leicht zu montieren<\/span><\/li>\n<\/ul>\n<p>&nbsp;<\/p>\n","protected":false},"excerpt":{"rendered":"<p>Dieser Kunstlederstuhl, erh\u00e4ltlich kombiniert Stil mit Langlebigkeit. Der schlanke schwarze Metallrahmen sorgt f\u00fcr Stabilit\u00e4t und verleiht dem Stuhl eine zeitgem\u00e4\u00dfe<\/p>\n","protected":false},"featured_media":153294,"comment_status":"closed","ping_status":"closed","template":"","meta":[],"product_brand":[],"product_cat":[10067,16745,10063,9859,9863,10511],"product_tag":[17388,17390,17392],"class_list":{"0":"post-153299","1":"product","2":"type-product","3":"status-publish","4":"has-post-thumbnail","6":"product_cat-vintage-stuhle","7":"product_cat-solange-der-vorrat-reicht","8":"product_cat-vintage-stuhl","9":"product_cat-neu","10":"product_cat-werbeprodukte","11":"product_cat-kommt-demnaechst","12":"product_tag-horeca-furniture","13":"product_tag-horeca-moebel","14":"product_tag-meubles-horeca","15":"pa_armrest-armrest-nein-de","16":"pa_product-color-color-bordeaux-de","17":"pa_product-frame-color-schwarz-frame-color-de","18":"pa_product-material-metallrahmen-material-de","19":"pa_product-more-colors-ja-de","20":"pa_product-seat-height-cm-46-seat-height-cm-de","21":"pa_product-seats-1-seats-de","22":"pa_product-upholstery-upholstery-kunstleder-de","23":"pa_product-usage-usage-innen-de","25":"first","26":"instock","27":"sale","28":"taxable","29":"shipping-taxable","30":"purchasable","31":"product-type-simple"},"yoast_head":"<!-- This site is optimized with the Yoast SEO plugin v26.4 - https:\/\/yoast.com\/wordpress\/plugins\/seo\/ -->\n<title>Horeca Stuhl - HERCULES - Kunstleder<\/title>\n<meta name=\"robots\" content=\"index, follow, max-snippet:-1, max-image-preview:large, max-video-preview:-1\" \/>\n<link rel=\"canonical\" href=\"https:\/\/intermob.be\/de\/produkt\/horeca-stuhl-hercules-kunstleder\/\" \/>\n<meta property=\"og:locale\" content=\"de_DE\" \/>\n<meta property=\"og:type\" content=\"article\" \/>\n<meta property=\"og:title\" content=\"Horeca Stuhl - HERCULES - Kunstleder\" \/>\n<meta property=\"og:description\" content=\"Dieser Kunstlederstuhl, erh\u00e4ltlich kombiniert Stil mit Langlebigkeit. Der schlanke schwarze Metallrahmen sorgt f\u00fcr Stabilit\u00e4t und verleiht dem Stuhl eine zeitgem\u00e4\u00dfe\" \/>\n<meta property=\"og:url\" content=\"https:\/\/intermob.be\/de\/produkt\/horeca-stuhl-hercules-kunstleder\/\" \/>\n<meta property=\"og:site_name\" content=\"Intermob Mobilier\" \/>\n<meta property=\"article:modified_time\" content=\"2025-10-31T05:45:10+00:00\" \/>\n<meta property=\"og:image\" content=\"https:\/\/intermob.be\/wp-content\/uploads\/2025\/10\/Horeca-Stoel-Hercules-Bordeaux.jpg\" \/>\n\t<meta property=\"og:image:width\" content=\"1500\" \/>\n\t<meta property=\"og:image:height\" content=\"1500\" \/>\n\t<meta property=\"og:image:type\" content=\"image\/jpeg\" \/>\n<meta name=\"twitter:card\" content=\"summary_large_image\" \/>\n<script type=\"application\/ld+json\" class=\"yoast-schema-graph\">{\"@context\":\"https:\/\/schema.org\",\"@graph\":[{\"@type\":\"WebPage\",\"@id\":\"https:\/\/intermob.be\/de\/produkt\/horeca-stuhl-hercules-kunstleder\/\",\"url\":\"https:\/\/intermob.be\/de\/produkt\/horeca-stuhl-hercules-kunstleder\/\",\"name\":\"Horeca Stuhl - HERCULES - Kunstleder\",\"isPartOf\":{\"@id\":\"https:\/\/intermob.be\/de\/#website\"},\"primaryImageOfPage\":{\"@id\":\"https:\/\/intermob.be\/de\/produkt\/horeca-stuhl-hercules-kunstleder\/#primaryimage\"},\"image\":{\"@id\":\"https:\/\/intermob.be\/de\/produkt\/horeca-stuhl-hercules-kunstleder\/#primaryimage\"},\"thumbnailUrl\":\"https:\/\/intermob.be\/wp-content\/uploads\/2025\/10\/Horeca-Stoel-Hercules-Bordeaux.jpg\",\"datePublished\":\"2025-10-31T05:40:53+00:00\",\"dateModified\":\"2025-10-31T05:45:10+00:00\",\"breadcrumb\":{\"@id\":\"https:\/\/intermob.be\/de\/produkt\/horeca-stuhl-hercules-kunstleder\/#breadcrumb\"},\"inLanguage\":\"de\",\"potentialAction\":[{\"@type\":\"ReadAction\",\"target\":[\"https:\/\/intermob.be\/de\/produkt\/horeca-stuhl-hercules-kunstleder\/\"]}]},{\"@type\":\"ImageObject\",\"inLanguage\":\"de\",\"@id\":\"https:\/\/intermob.be\/de\/produkt\/horeca-stuhl-hercules-kunstleder\/#primaryimage\",\"url\":\"https:\/\/intermob.be\/wp-content\/uploads\/2025\/10\/Horeca-Stoel-Hercules-Bordeaux.jpg\",\"contentUrl\":\"https:\/\/intermob.be\/wp-content\/uploads\/2025\/10\/Horeca-Stoel-Hercules-Bordeaux.jpg\",\"width\":1500,\"height\":1500,\"caption\":\"Horeca-Stoel-Hercules-Bordeaux\"},{\"@type\":\"BreadcrumbList\",\"@id\":\"https:\/\/intermob.be\/de\/produkt\/horeca-stuhl-hercules-kunstleder\/#breadcrumb\",\"itemListElement\":[{\"@type\":\"ListItem\",\"position\":1,\"name\":\"Home\",\"item\":\"https:\/\/intermob.be\/de\/\"},{\"@type\":\"ListItem\",\"position\":2,\"name\":\"Shop\",\"item\":\"https:\/\/intermob.be\/de\/shop\/\"},{\"@type\":\"ListItem\",\"position\":3,\"name\":\"Horeca Stuhl &#8211; HERCULES &#8211; Kunstleder\"}]},{\"@type\":\"WebSite\",\"@id\":\"https:\/\/intermob.be\/de\/#website\",\"url\":\"https:\/\/intermob.be\/de\/\",\"name\":\"Intermob\",\"description\":\"\",\"publisher\":{\"@id\":\"https:\/\/intermob.be\/de\/#organization\"},\"potentialAction\":[{\"@type\":\"SearchAction\",\"target\":{\"@type\":\"EntryPoint\",\"urlTemplate\":\"https:\/\/intermob.be\/de\/?s={search_term_string}\"},\"query-input\":{\"@type\":\"PropertyValueSpecification\",\"valueRequired\":true,\"valueName\":\"search_term_string\"}}],\"inLanguage\":\"de\"},{\"@type\":\"Organization\",\"@id\":\"https:\/\/intermob.be\/de\/#organization\",\"name\":\"Intermob Mobilier\",\"url\":\"https:\/\/intermob.be\/de\/\",\"logo\":{\"@type\":\"ImageObject\",\"inLanguage\":\"de\",\"@id\":\"https:\/\/intermob.be\/de\/#\/schema\/logo\/image\/\",\"url\":\"https:\/\/intermob.be\/wp-content\/uploads\/2025\/09\/intb-bold-logo.png\",\"contentUrl\":\"https:\/\/intermob.be\/wp-content\/uploads\/2025\/09\/intb-bold-logo.png\",\"width\":480,\"height\":158,\"caption\":\"Intermob Mobilier\"},\"image\":{\"@id\":\"https:\/\/intermob.be\/de\/#\/schema\/logo\/image\/\"}}]}<\/script>\n<!-- \/ Yoast SEO plugin. -->","yoast_head_json":{"title":"Horeca Stuhl - HERCULES - Kunstleder","robots":{"index":"index","follow":"follow","max-snippet":"max-snippet:-1","max-image-preview":"max-image-preview:large","max-video-preview":"max-video-preview:-1"},"canonical":"https:\/\/intermob.be\/de\/produkt\/horeca-stuhl-hercules-kunstleder\/","og_locale":"de_DE","og_type":"article","og_title":"Horeca Stuhl - HERCULES - Kunstleder","og_description":"Dieser Kunstlederstuhl, erh\u00e4ltlich kombiniert Stil mit Langlebigkeit. Der schlanke schwarze Metallrahmen sorgt f\u00fcr Stabilit\u00e4t und verleiht dem Stuhl eine zeitgem\u00e4\u00dfe","og_url":"https:\/\/intermob.be\/de\/produkt\/horeca-stuhl-hercules-kunstleder\/","og_site_name":"Intermob Mobilier","article_modified_time":"2025-10-31T05:45:10+00:00","og_image":[{"width":1500,"height":1500,"url":"https:\/\/intermob.be\/wp-content\/uploads\/2025\/10\/Horeca-Stoel-Hercules-Bordeaux.jpg","type":"image\/jpeg"}],"twitter_card":"summary_large_image","schema":{"@context":"https:\/\/schema.org","@graph":[{"@type":"WebPage","@id":"https:\/\/intermob.be\/de\/produkt\/horeca-stuhl-hercules-kunstleder\/","url":"https:\/\/intermob.be\/de\/produkt\/horeca-stuhl-hercules-kunstleder\/","name":"Horeca Stuhl - HERCULES - Kunstleder","isPartOf":{"@id":"https:\/\/intermob.be\/de\/#website"},"primaryImageOfPage":{"@id":"https:\/\/intermob.be\/de\/produkt\/horeca-stuhl-hercules-kunstleder\/#primaryimage"},"image":{"@id":"https:\/\/intermob.be\/de\/produkt\/horeca-stuhl-hercules-kunstleder\/#primaryimage"},"thumbnailUrl":"https:\/\/intermob.be\/wp-content\/uploads\/2025\/10\/Horeca-Stoel-Hercules-Bordeaux.jpg","datePublished":"2025-10-31T05:40:53+00:00","dateModified":"2025-10-31T05:45:10+00:00","breadcrumb":{"@id":"https:\/\/intermob.be\/de\/produkt\/horeca-stuhl-hercules-kunstleder\/#breadcrumb"},"inLanguage":"de","potentialAction":[{"@type":"ReadAction","target":["https:\/\/intermob.be\/de\/produkt\/horeca-stuhl-hercules-kunstleder\/"]}]},{"@type":"ImageObject","inLanguage":"de","@id":"https:\/\/intermob.be\/de\/produkt\/horeca-stuhl-hercules-kunstleder\/#primaryimage","url":"https:\/\/intermob.be\/wp-content\/uploads\/2025\/10\/Horeca-Stoel-Hercules-Bordeaux.jpg","contentUrl":"https:\/\/intermob.be\/wp-content\/uploads\/2025\/10\/Horeca-Stoel-Hercules-Bordeaux.jpg","width":1500,"height":1500,"caption":"Horeca-Stoel-Hercules-Bordeaux"},{"@type":"BreadcrumbList","@id":"https:\/\/intermob.be\/de\/produkt\/horeca-stuhl-hercules-kunstleder\/#breadcrumb","itemListElement":[{"@type":"ListItem","position":1,"name":"Home","item":"https:\/\/intermob.be\/de\/"},{"@type":"ListItem","position":2,"name":"Shop","item":"https:\/\/intermob.be\/de\/shop\/"},{"@type":"ListItem","position":3,"name":"Horeca Stuhl &#8211; HERCULES &#8211; Kunstleder"}]},{"@type":"WebSite","@id":"https:\/\/intermob.be\/de\/#website","url":"https:\/\/intermob.be\/de\/","name":"Intermob","description":"","publisher":{"@id":"https:\/\/intermob.be\/de\/#organization"},"potentialAction":[{"@type":"SearchAction","target":{"@type":"EntryPoint","urlTemplate":"https:\/\/intermob.be\/de\/?s={search_term_string}"},"query-input":{"@type":"PropertyValueSpecification","valueRequired":true,"valueName":"search_term_string"}}],"inLanguage":"de"},{"@type":"Organization","@id":"https:\/\/intermob.be\/de\/#organization","name":"Intermob Mobilier","url":"https:\/\/intermob.be\/de\/","logo":{"@type":"ImageObject","inLanguage":"de","@id":"https:\/\/intermob.be\/de\/#\/schema\/logo\/image\/","url":"https:\/\/intermob.be\/wp-content\/uploads\/2025\/09\/intb-bold-logo.png","contentUrl":"https:\/\/intermob.be\/wp-content\/uploads\/2025\/09\/intb-bold-logo.png","width":480,"height":158,"caption":"Intermob Mobilier"},"image":{"@id":"https:\/\/intermob.be\/de\/#\/schema\/logo\/image\/"}}]}},"_links":{"self":[{"href":"https:\/\/intermob.be\/de\/wp-json\/wp\/v2\/product\/153299","targetHints":{"allow":["GET"]}}],"collection":[{"href":"https:\/\/intermob.be\/de\/wp-json\/wp\/v2\/product"}],"about":[{"href":"https:\/\/intermob.be\/de\/wp-json\/wp\/v2\/types\/product"}],"replies":[{"embeddable":true,"href":"https:\/\/intermob.be\/de\/wp-json\/wp\/v2\/comments?post=153299"}],"version-history":[{"count":0,"href":"https:\/\/intermob.be\/de\/wp-json\/wp\/v2\/product\/153299\/revisions"}],"wp:featuredmedia":[{"embeddable":true,"href":"https:\/\/intermob.be\/de\/wp-json\/wp\/v2\/media\/153294"}],"wp:attachment":[{"href":"https:\/\/intermob.be\/de\/wp-json\/wp\/v2\/media?parent=153299"}],"wp:term":[{"taxonomy":"product_brand","embeddable":true,"href":"https:\/\/intermob.be\/de\/wp-json\/wp\/v2\/product_brand?post=153299"},{"taxonomy":"product_cat","embeddable":true,"href":"https:\/\/intermob.be\/de\/wp-json\/wp\/v2\/product_cat?post=153299"},{"taxonomy":"product_tag","embeddable":true,"href":"https:\/\/intermob.be\/de\/wp-json\/wp\/v2\/product_tag?post=153299"}],"curies":[{"name":"wp","href":"https:\/\/api.w.org\/{rel}","templated":true}]}}