{"id":154555,"date":"2025-12-16T13:44:54","date_gmt":"2025-12-16T13:44:54","guid":{"rendered":"https:\/\/intermob.be\/?post_type=product&#038;p=154555"},"modified":"2025-12-16T13:53:57","modified_gmt":"2025-12-16T13:53:57","slug":"horeca-stuhl-roko-kunstleder-braun","status":"publish","type":"product","link":"https:\/\/intermob.be\/de\/produkt\/horeca-stuhl-roko-kunstleder-braun\/","title":{"rendered":"Stuhl - Roko - Kunstleder"},"content":{"rendered":"<p><span style=\"color: #000000;\">St\u00fchle f\u00fcr Ihr Unternehmen gibt es in allen Formen, Gr\u00f6\u00dfen und Farben. Das Intermob bietet eine Auswahl an St\u00fchlen, auf denen alles m\u00f6glich ist. Auf diese Weise k\u00f6nnen Sie das gew\u00fcnschte Material f\u00fcr Ihre St\u00fchle ausw\u00e4hlen. Passt Holz besser zu Ihrem Interieur? Oder eher Metall? Komfort ist auch ein wichtiger Faktor. Welche R\u00fcckenlehne bevorzugen Sie und \u00fcberlegen, welche Farbe am besten zum Rest des Raums passt. Nicht genug Auswahl? Das Intermob stellt ma\u00dfgefertigte M\u00f6bel her und ist offen f\u00fcr Ihre Fragen und W\u00fcnsche.<\/span><\/p>\n<p><span style=\"color: #000000;\"><strong>Zus\u00e4tzliche Information:<\/strong><\/span><\/p>\n<ul>\n<li><span style=\"color: #000000;\">Sitztiefe: 38 cm<\/span><\/li>\n<li><span style=\"color: #000000;\">Lieferung mit einem Standard-Kunststoffgleitnagel<\/span><\/li>\n<li><span style=\"color: #000000;\">Kommt gebrauchsfertig<\/span><\/li>\n<li><span style=\"color: #000000;\">Garantiertes europ\u00e4isches Produkt<\/span><\/li>\n<li><span style=\"color: #000000;\">1 Jahr Garantie<\/span><\/li>\n<\/ul>\n","protected":false},"excerpt":{"rendered":"<p>St\u00fchle f\u00fcr Ihr Unternehmen gibt es in allen Formen, Gr\u00f6\u00dfen und Farben. Das Intermob bietet eine Auswahl an St\u00fchlen, auf<\/p>\n","protected":false},"featured_media":154561,"comment_status":"closed","ping_status":"closed","template":"","meta":[],"product_brand":[],"product_cat":[9855,9859],"product_tag":[],"class_list":{"0":"post-154555","1":"product","2":"type-product","3":"status-publish","4":"has-post-thumbnail","6":"product_cat-ledersessel","7":"product_cat-neu","8":"pa_armrest-armrest-nein-de","9":"pa_frame-nicht-stapelbar-frame-de","10":"pa_product-color-color-bordeaux-de","11":"pa_product-frame-color-wenge-frame-color-de","12":"pa_product-material-buche-rahmen-material-de","13":"pa_product-seat-height-cm-49-seat-height-cm-de","14":"pa_product-seats-1-seats-de","15":"pa_product-upholstery-upholstery-kunstleder-de","16":"pa_product-usage-usage-innen-de","18":"first","19":"onbackorder","20":"sale","21":"taxable","22":"shipping-taxable","23":"purchasable","24":"product-type-simple"},"yoast_head":"<!-- This site is optimized with the Yoast SEO plugin v26.4 - https:\/\/yoast.com\/wordpress\/plugins\/seo\/ -->\n<title>Horeca Stuhl - Roko - Kunstleder<\/title>\n<meta name=\"robots\" content=\"index, follow, max-snippet:-1, max-image-preview:large, max-video-preview:-1\" \/>\n<link rel=\"canonical\" href=\"https:\/\/intermob.be\/de\/produkt\/horeca-stuhl-roko-kunstleder-braun\/\" \/>\n<meta property=\"og:locale\" content=\"de_DE\" \/>\n<meta property=\"og:type\" content=\"article\" \/>\n<meta property=\"og:title\" content=\"Horeca Stuhl - Roko - Kunstleder\" \/>\n<meta property=\"og:description\" content=\"St\u00fchle f\u00fcr Ihr Unternehmen gibt es in allen Formen, Gr\u00f6\u00dfen und Farben. Das Intermob bietet eine Auswahl an St\u00fchlen, auf\" \/>\n<meta property=\"og:url\" content=\"https:\/\/intermob.be\/de\/produkt\/horeca-stuhl-roko-kunstleder-braun\/\" \/>\n<meta property=\"og:site_name\" content=\"Intermob Mobilier\" \/>\n<meta property=\"article:modified_time\" content=\"2025-12-16T13:53:57+00:00\" \/>\n<meta property=\"og:image\" content=\"https:\/\/intermob.be\/wp-content\/uploads\/2025\/12\/Horeca-Stoel-ROKO-Bruin-Kunstleer.jpg\" \/>\n\t<meta property=\"og:image:width\" content=\"1500\" \/>\n\t<meta property=\"og:image:height\" content=\"1500\" \/>\n\t<meta property=\"og:image:type\" content=\"image\/jpeg\" \/>\n<meta name=\"twitter:card\" content=\"summary_large_image\" \/>\n<meta name=\"twitter:label1\" content=\"Gesch\u00e4tzte Lesezeit\" \/>\n\t<meta name=\"twitter:data1\" content=\"1\u00a0Minute\" \/>\n<script type=\"application\/ld+json\" class=\"yoast-schema-graph\">{\"@context\":\"https:\/\/schema.org\",\"@graph\":[{\"@type\":\"WebPage\",\"@id\":\"https:\/\/intermob.be\/de\/produkt\/horeca-stuhl-roko-kunstleder-braun\/\",\"url\":\"https:\/\/intermob.be\/de\/produkt\/horeca-stuhl-roko-kunstleder-braun\/\",\"name\":\"Horeca Stuhl - Roko - Kunstleder\",\"isPartOf\":{\"@id\":\"https:\/\/intermob.be\/de\/#website\"},\"primaryImageOfPage\":{\"@id\":\"https:\/\/intermob.be\/de\/produkt\/horeca-stuhl-roko-kunstleder-braun\/#primaryimage\"},\"image\":{\"@id\":\"https:\/\/intermob.be\/de\/produkt\/horeca-stuhl-roko-kunstleder-braun\/#primaryimage\"},\"thumbnailUrl\":\"https:\/\/intermob.be\/wp-content\/uploads\/2025\/12\/Horeca-Stoel-ROKO-Bruin-Kunstleer.jpg\",\"datePublished\":\"2025-12-16T13:44:54+00:00\",\"dateModified\":\"2025-12-16T13:53:57+00:00\",\"breadcrumb\":{\"@id\":\"https:\/\/intermob.be\/de\/produkt\/horeca-stuhl-roko-kunstleder-braun\/#breadcrumb\"},\"inLanguage\":\"de\",\"potentialAction\":[{\"@type\":\"ReadAction\",\"target\":[\"https:\/\/intermob.be\/de\/produkt\/horeca-stuhl-roko-kunstleder-braun\/\"]}]},{\"@type\":\"ImageObject\",\"inLanguage\":\"de\",\"@id\":\"https:\/\/intermob.be\/de\/produkt\/horeca-stuhl-roko-kunstleder-braun\/#primaryimage\",\"url\":\"https:\/\/intermob.be\/wp-content\/uploads\/2025\/12\/Horeca-Stoel-ROKO-Bruin-Kunstleer.jpg\",\"contentUrl\":\"https:\/\/intermob.be\/wp-content\/uploads\/2025\/12\/Horeca-Stoel-ROKO-Bruin-Kunstleer.jpg\",\"width\":1500,\"height\":1500,\"caption\":\"Horeca-Stoel-ROKO-Bruin-Kunstleer\"},{\"@type\":\"BreadcrumbList\",\"@id\":\"https:\/\/intermob.be\/de\/produkt\/horeca-stuhl-roko-kunstleder-braun\/#breadcrumb\",\"itemListElement\":[{\"@type\":\"ListItem\",\"position\":1,\"name\":\"Home\",\"item\":\"https:\/\/intermob.be\/de\/\"},{\"@type\":\"ListItem\",\"position\":2,\"name\":\"Shop\",\"item\":\"https:\/\/intermob.be\/de\/shop\/\"},{\"@type\":\"ListItem\",\"position\":3,\"name\":\"Stoel - Roko - Kunstleer\"}]},{\"@type\":\"WebSite\",\"@id\":\"https:\/\/intermob.be\/de\/#website\",\"url\":\"https:\/\/intermob.be\/de\/\",\"name\":\"Intermob\",\"description\":\"\",\"publisher\":{\"@id\":\"https:\/\/intermob.be\/de\/#organization\"},\"potentialAction\":[{\"@type\":\"SearchAction\",\"target\":{\"@type\":\"EntryPoint\",\"urlTemplate\":\"https:\/\/intermob.be\/de\/?s={search_term_string}\"},\"query-input\":{\"@type\":\"PropertyValueSpecification\",\"valueRequired\":true,\"valueName\":\"search_term_string\"}}],\"inLanguage\":\"de\"},{\"@type\":\"Organization\",\"@id\":\"https:\/\/intermob.be\/de\/#organization\",\"name\":\"Intermob Mobilier\",\"url\":\"https:\/\/intermob.be\/de\/\",\"logo\":{\"@type\":\"ImageObject\",\"inLanguage\":\"de\",\"@id\":\"https:\/\/intermob.be\/de\/#\/schema\/logo\/image\/\",\"url\":\"https:\/\/intermob.be\/wp-content\/uploads\/2025\/09\/intb-bold-logo.png\",\"contentUrl\":\"https:\/\/intermob.be\/wp-content\/uploads\/2025\/09\/intb-bold-logo.png\",\"width\":480,\"height\":158,\"caption\":\"Intermob Mobilier\"},\"image\":{\"@id\":\"https:\/\/intermob.be\/de\/#\/schema\/logo\/image\/\"}}]}<\/script>\n<!-- \/ Yoast SEO plugin. -->","yoast_head_json":{"title":"Horeca Stuhl - Roko - Kunstleder","robots":{"index":"index","follow":"follow","max-snippet":"max-snippet:-1","max-image-preview":"max-image-preview:large","max-video-preview":"max-video-preview:-1"},"canonical":"https:\/\/intermob.be\/de\/produkt\/horeca-stuhl-roko-kunstleder-braun\/","og_locale":"de_DE","og_type":"article","og_title":"Horeca Stuhl - Roko - Kunstleder","og_description":"St\u00fchle f\u00fcr Ihr Unternehmen gibt es in allen Formen, Gr\u00f6\u00dfen und Farben. Das Intermob bietet eine Auswahl an St\u00fchlen, auf","og_url":"https:\/\/intermob.be\/de\/produkt\/horeca-stuhl-roko-kunstleder-braun\/","og_site_name":"Intermob Mobilier","article_modified_time":"2025-12-16T13:53:57+00:00","og_image":[{"width":1500,"height":1500,"url":"https:\/\/intermob.be\/wp-content\/uploads\/2025\/12\/Horeca-Stoel-ROKO-Bruin-Kunstleer.jpg","type":"image\/jpeg"}],"twitter_card":"summary_large_image","twitter_misc":{"Gesch\u00e4tzte Lesezeit":"1\u00a0Minute"},"schema":{"@context":"https:\/\/schema.org","@graph":[{"@type":"WebPage","@id":"https:\/\/intermob.be\/de\/produkt\/horeca-stuhl-roko-kunstleder-braun\/","url":"https:\/\/intermob.be\/de\/produkt\/horeca-stuhl-roko-kunstleder-braun\/","name":"Horeca Stuhl - Roko - Kunstleder","isPartOf":{"@id":"https:\/\/intermob.be\/de\/#website"},"primaryImageOfPage":{"@id":"https:\/\/intermob.be\/de\/produkt\/horeca-stuhl-roko-kunstleder-braun\/#primaryimage"},"image":{"@id":"https:\/\/intermob.be\/de\/produkt\/horeca-stuhl-roko-kunstleder-braun\/#primaryimage"},"thumbnailUrl":"https:\/\/intermob.be\/wp-content\/uploads\/2025\/12\/Horeca-Stoel-ROKO-Bruin-Kunstleer.jpg","datePublished":"2025-12-16T13:44:54+00:00","dateModified":"2025-12-16T13:53:57+00:00","breadcrumb":{"@id":"https:\/\/intermob.be\/de\/produkt\/horeca-stuhl-roko-kunstleder-braun\/#breadcrumb"},"inLanguage":"de","potentialAction":[{"@type":"ReadAction","target":["https:\/\/intermob.be\/de\/produkt\/horeca-stuhl-roko-kunstleder-braun\/"]}]},{"@type":"ImageObject","inLanguage":"de","@id":"https:\/\/intermob.be\/de\/produkt\/horeca-stuhl-roko-kunstleder-braun\/#primaryimage","url":"https:\/\/intermob.be\/wp-content\/uploads\/2025\/12\/Horeca-Stoel-ROKO-Bruin-Kunstleer.jpg","contentUrl":"https:\/\/intermob.be\/wp-content\/uploads\/2025\/12\/Horeca-Stoel-ROKO-Bruin-Kunstleer.jpg","width":1500,"height":1500,"caption":"Horeca-Stoel-ROKO-Bruin-Kunstleer"},{"@type":"BreadcrumbList","@id":"https:\/\/intermob.be\/de\/produkt\/horeca-stuhl-roko-kunstleder-braun\/#breadcrumb","itemListElement":[{"@type":"ListItem","position":1,"name":"Home","item":"https:\/\/intermob.be\/de\/"},{"@type":"ListItem","position":2,"name":"Shop","item":"https:\/\/intermob.be\/de\/shop\/"},{"@type":"ListItem","position":3,"name":"Stoel - Roko - Kunstleer"}]},{"@type":"WebSite","@id":"https:\/\/intermob.be\/de\/#website","url":"https:\/\/intermob.be\/de\/","name":"Intermob","description":"","publisher":{"@id":"https:\/\/intermob.be\/de\/#organization"},"potentialAction":[{"@type":"SearchAction","target":{"@type":"EntryPoint","urlTemplate":"https:\/\/intermob.be\/de\/?s={search_term_string}"},"query-input":{"@type":"PropertyValueSpecification","valueRequired":true,"valueName":"search_term_string"}}],"inLanguage":"de"},{"@type":"Organization","@id":"https:\/\/intermob.be\/de\/#organization","name":"Intermob Mobilier","url":"https:\/\/intermob.be\/de\/","logo":{"@type":"ImageObject","inLanguage":"de","@id":"https:\/\/intermob.be\/de\/#\/schema\/logo\/image\/","url":"https:\/\/intermob.be\/wp-content\/uploads\/2025\/09\/intb-bold-logo.png","contentUrl":"https:\/\/intermob.be\/wp-content\/uploads\/2025\/09\/intb-bold-logo.png","width":480,"height":158,"caption":"Intermob Mobilier"},"image":{"@id":"https:\/\/intermob.be\/de\/#\/schema\/logo\/image\/"}}]}},"_links":{"self":[{"href":"https:\/\/intermob.be\/de\/wp-json\/wp\/v2\/product\/154555","targetHints":{"allow":["GET"]}}],"collection":[{"href":"https:\/\/intermob.be\/de\/wp-json\/wp\/v2\/product"}],"about":[{"href":"https:\/\/intermob.be\/de\/wp-json\/wp\/v2\/types\/product"}],"replies":[{"embeddable":true,"href":"https:\/\/intermob.be\/de\/wp-json\/wp\/v2\/comments?post=154555"}],"version-history":[{"count":2,"href":"https:\/\/intermob.be\/de\/wp-json\/wp\/v2\/product\/154555\/revisions"}],"predecessor-version":[{"id":154568,"href":"https:\/\/intermob.be\/de\/wp-json\/wp\/v2\/product\/154555\/revisions\/154568"}],"wp:featuredmedia":[{"embeddable":true,"href":"https:\/\/intermob.be\/de\/wp-json\/wp\/v2\/media\/154561"}],"wp:attachment":[{"href":"https:\/\/intermob.be\/de\/wp-json\/wp\/v2\/media?parent=154555"}],"wp:term":[{"taxonomy":"product_brand","embeddable":true,"href":"https:\/\/intermob.be\/de\/wp-json\/wp\/v2\/product_brand?post=154555"},{"taxonomy":"product_cat","embeddable":true,"href":"https:\/\/intermob.be\/de\/wp-json\/wp\/v2\/product_cat?post=154555"},{"taxonomy":"product_tag","embeddable":true,"href":"https:\/\/intermob.be\/de\/wp-json\/wp\/v2\/product_tag?post=154555"}],"curies":[{"name":"wp","href":"https:\/\/api.w.org\/{rel}","templated":true}]}}