{"id":156129,"date":"2026-01-23T08:15:59","date_gmt":"2026-01-23T08:15:59","guid":{"rendered":"https:\/\/intermob.be\/?post_type=product&#038;p=156129"},"modified":"2026-01-23T08:22:38","modified_gmt":"2026-01-23T08:22:38","slug":"horeca-tisch-aus-mangoholz-mango-compact-nature-70x120-cm-mit-basis","status":"publish","type":"product","link":"https:\/\/intermob.be\/de\/produkt\/horeca-tisch-aus-mangoholz-mango-compact-nature-70x120-cm-mit-basis\/","title":{"rendered":"Mangoholz - Mango Compact Nature - 70x120 Cm"},"content":{"rendered":"<p><span style=\"color: #000000;\">Der Tisch hat eine Oberfl\u00e4che aus Mangoholz, kombiniert mit einem schwarzen Metallbein. Die M\u00f6bel haben viele Farbnuancen, wodurch sie sehr lebendig wirken und viel Atmosph\u00e4re schaffen! Dieser Artikel ist handgefertigt. Jeder Artikel ist ein Unikat. Unregelm\u00e4\u00dfigkeiten in Form und Farbe zeigen individuellen Charakter.<\/span><\/p>\n<p><i class=\"fas fa-check-circle description-icon-green\" aria-hidden=\"true\"><\/i><span style=\"color: #ff6600;\"> Die Tische sind unmontiert<\/span><br \/>\n<i class=\"fas fa-check-circle description-icon-green\" aria-hidden=\"true\"><\/i><span style=\"color: #339966;\"> Die Tischplatten sind nicht vorgebohrt<\/span><br \/>\n<i class=\"fas fa-check-circle description-icon-green\" aria-hidden=\"true\"><\/i><span style=\"color: #ff6600;\"> Schrauben sind inklusive, wenn die Tischplatten zusammen mit den Untergestellen bestellt werden<\/span><br \/>\n<i class=\"fas fa-check-circle description-icon-green\" aria-hidden=\"true\"><\/i><span style=\"color: #339966;\"> Das zur Montage ben\u00f6tigte Material ist im Karton enthalten<\/span><\/p>\n","protected":false},"excerpt":{"rendered":"<p>Der Tisch hat eine Oberfl\u00e4che aus Mangoholz, kombiniert mit einem schwarzen Metallbein. Die M\u00f6bel haben viele Farbnuancen, wodurch sie sehr<\/p>\n","protected":false},"featured_media":156135,"comment_status":"open","ping_status":"closed","template":"","meta":[],"product_brand":[],"product_cat":[17444],"product_tag":[17391,17393,17395],"class_list":{"0":"post-156129","1":"product","2":"type-product","3":"status-publish","4":"has-post-thumbnail","6":"product_cat-mango-compact-nature-tisch-sortiment","7":"product_tag-meubles-de-restaurant","8":"product_tag-restaurant-furniture","9":"product_tag-restaurant-moebel","10":"pa_product-frame-color-schwarz-frame-color-de","11":"pa_product-more-colors-ja-de","12":"pa_product-more-dimensions-ja-de","13":"pa_product-seats-4-seats-de","14":"pa_product-tabletop-color-naturliche-tabletop-color-de","15":"pa_product-usage-usage-innen-de","16":"pa_table-height-cm-75-cm-de","18":"first","19":"outofstock","20":"sale","21":"taxable","22":"shipping-taxable","23":"purchasable","24":"product-type-simple"},"yoast_head":"<!-- This site is optimized with the Yoast SEO plugin v26.4 - https:\/\/yoast.com\/wordpress\/plugins\/seo\/ -->\n<title>Horeca Tisch aus Mangoholz - Mango Compact Nature - 70x120 Cm Mit Basis<\/title>\n<meta name=\"robots\" content=\"index, follow, max-snippet:-1, max-image-preview:large, max-video-preview:-1\" \/>\n<link rel=\"canonical\" href=\"https:\/\/intermob.be\/de\/produkt\/horeca-tisch-aus-mangoholz-mango-compact-nature-70x120-cm-mit-basis\/\" \/>\n<meta property=\"og:locale\" content=\"de_DE\" \/>\n<meta property=\"og:type\" content=\"article\" \/>\n<meta property=\"og:title\" content=\"Horeca Tisch aus Mangoholz - Mango Compact Nature - 70x120 Cm Mit Basis\" \/>\n<meta property=\"og:description\" content=\"Der Tisch hat eine Oberfl\u00e4che aus Mangoholz, kombiniert mit einem schwarzen Metallbein. Die M\u00f6bel haben viele Farbnuancen, wodurch sie sehr\" \/>\n<meta property=\"og:url\" content=\"https:\/\/intermob.be\/de\/produkt\/horeca-tisch-aus-mangoholz-mango-compact-nature-70x120-cm-mit-basis\/\" \/>\n<meta property=\"og:site_name\" content=\"Intermob Mobilier\" \/>\n<meta property=\"article:modified_time\" content=\"2026-01-23T08:22:38+00:00\" \/>\n<meta property=\"og:image\" content=\"https:\/\/intermob.be\/wp-content\/uploads\/2026\/01\/Horeca-Mangohout-Tafel-Met-Onderstel-70x120cm-B-341.jpg\" \/>\n\t<meta property=\"og:image:width\" content=\"1500\" \/>\n\t<meta property=\"og:image:height\" content=\"1500\" \/>\n\t<meta property=\"og:image:type\" content=\"image\/jpeg\" \/>\n<meta name=\"twitter:card\" content=\"summary_large_image\" \/>\n<meta name=\"twitter:label1\" content=\"Gesch\u00e4tzte Lesezeit\" \/>\n\t<meta name=\"twitter:data1\" content=\"1\u00a0Minute\" \/>\n<script type=\"application\/ld+json\" class=\"yoast-schema-graph\">{\"@context\":\"https:\/\/schema.org\",\"@graph\":[{\"@type\":\"WebPage\",\"@id\":\"https:\/\/intermob.be\/de\/produkt\/horeca-tisch-aus-mangoholz-mango-compact-nature-70x120-cm-mit-basis\/\",\"url\":\"https:\/\/intermob.be\/de\/produkt\/horeca-tisch-aus-mangoholz-mango-compact-nature-70x120-cm-mit-basis\/\",\"name\":\"Horeca Tisch aus Mangoholz - Mango Compact Nature - 70x120 Cm Mit Basis\",\"isPartOf\":{\"@id\":\"https:\/\/intermob.be\/de\/#website\"},\"primaryImageOfPage\":{\"@id\":\"https:\/\/intermob.be\/de\/produkt\/horeca-tisch-aus-mangoholz-mango-compact-nature-70x120-cm-mit-basis\/#primaryimage\"},\"image\":{\"@id\":\"https:\/\/intermob.be\/de\/produkt\/horeca-tisch-aus-mangoholz-mango-compact-nature-70x120-cm-mit-basis\/#primaryimage\"},\"thumbnailUrl\":\"https:\/\/intermob.be\/wp-content\/uploads\/2026\/01\/Horeca-Mangohout-Tafel-Met-Onderstel-70x120cm-B-341.jpg\",\"datePublished\":\"2026-01-23T08:15:59+00:00\",\"dateModified\":\"2026-01-23T08:22:38+00:00\",\"breadcrumb\":{\"@id\":\"https:\/\/intermob.be\/de\/produkt\/horeca-tisch-aus-mangoholz-mango-compact-nature-70x120-cm-mit-basis\/#breadcrumb\"},\"inLanguage\":\"de\",\"potentialAction\":[{\"@type\":\"ReadAction\",\"target\":[\"https:\/\/intermob.be\/de\/produkt\/horeca-tisch-aus-mangoholz-mango-compact-nature-70x120-cm-mit-basis\/\"]}]},{\"@type\":\"ImageObject\",\"inLanguage\":\"de\",\"@id\":\"https:\/\/intermob.be\/de\/produkt\/horeca-tisch-aus-mangoholz-mango-compact-nature-70x120-cm-mit-basis\/#primaryimage\",\"url\":\"https:\/\/intermob.be\/wp-content\/uploads\/2026\/01\/Horeca-Mangohout-Tafel-Met-Onderstel-70x120cm-B-341.jpg\",\"contentUrl\":\"https:\/\/intermob.be\/wp-content\/uploads\/2026\/01\/Horeca-Mangohout-Tafel-Met-Onderstel-70x120cm-B-341.jpg\",\"width\":1500,\"height\":1500,\"caption\":\"Horeca-Mangohout-Tafel-Met-Onderstel-70x120cm-B-341\"},{\"@type\":\"BreadcrumbList\",\"@id\":\"https:\/\/intermob.be\/de\/produkt\/horeca-tisch-aus-mangoholz-mango-compact-nature-70x120-cm-mit-basis\/#breadcrumb\",\"itemListElement\":[{\"@type\":\"ListItem\",\"position\":1,\"name\":\"Home\",\"item\":\"https:\/\/intermob.be\/de\/\"},{\"@type\":\"ListItem\",\"position\":2,\"name\":\"Shop\",\"item\":\"https:\/\/intermob.be\/de\/shop\/\"},{\"@type\":\"ListItem\",\"position\":3,\"name\":\"Mangohout Tafel - Mango Compact Nature - 70x120 Cm\"}]},{\"@type\":\"WebSite\",\"@id\":\"https:\/\/intermob.be\/de\/#website\",\"url\":\"https:\/\/intermob.be\/de\/\",\"name\":\"Intermob\",\"description\":\"\",\"publisher\":{\"@id\":\"https:\/\/intermob.be\/de\/#organization\"},\"potentialAction\":[{\"@type\":\"SearchAction\",\"target\":{\"@type\":\"EntryPoint\",\"urlTemplate\":\"https:\/\/intermob.be\/de\/?s={search_term_string}\"},\"query-input\":{\"@type\":\"PropertyValueSpecification\",\"valueRequired\":true,\"valueName\":\"search_term_string\"}}],\"inLanguage\":\"de\"},{\"@type\":\"Organization\",\"@id\":\"https:\/\/intermob.be\/de\/#organization\",\"name\":\"Intermob Mobilier\",\"url\":\"https:\/\/intermob.be\/de\/\",\"logo\":{\"@type\":\"ImageObject\",\"inLanguage\":\"de\",\"@id\":\"https:\/\/intermob.be\/de\/#\/schema\/logo\/image\/\",\"url\":\"https:\/\/intermob.be\/wp-content\/uploads\/2025\/09\/intb-bold-logo.png\",\"contentUrl\":\"https:\/\/intermob.be\/wp-content\/uploads\/2025\/09\/intb-bold-logo.png\",\"width\":480,\"height\":158,\"caption\":\"Intermob Mobilier\"},\"image\":{\"@id\":\"https:\/\/intermob.be\/de\/#\/schema\/logo\/image\/\"}}]}<\/script>\n<!-- \/ Yoast SEO plugin. -->","yoast_head_json":{"title":"Horeca Tisch aus Mangoholz - Mango Compact Nature - 70x120 Cm Mit Basis","robots":{"index":"index","follow":"follow","max-snippet":"max-snippet:-1","max-image-preview":"max-image-preview:large","max-video-preview":"max-video-preview:-1"},"canonical":"https:\/\/intermob.be\/de\/produkt\/horeca-tisch-aus-mangoholz-mango-compact-nature-70x120-cm-mit-basis\/","og_locale":"de_DE","og_type":"article","og_title":"Horeca Tisch aus Mangoholz - Mango Compact Nature - 70x120 Cm Mit Basis","og_description":"Der Tisch hat eine Oberfl\u00e4che aus Mangoholz, kombiniert mit einem schwarzen Metallbein. Die M\u00f6bel haben viele Farbnuancen, wodurch sie sehr","og_url":"https:\/\/intermob.be\/de\/produkt\/horeca-tisch-aus-mangoholz-mango-compact-nature-70x120-cm-mit-basis\/","og_site_name":"Intermob Mobilier","article_modified_time":"2026-01-23T08:22:38+00:00","og_image":[{"width":1500,"height":1500,"url":"https:\/\/intermob.be\/wp-content\/uploads\/2026\/01\/Horeca-Mangohout-Tafel-Met-Onderstel-70x120cm-B-341.jpg","type":"image\/jpeg"}],"twitter_card":"summary_large_image","twitter_misc":{"Gesch\u00e4tzte Lesezeit":"1\u00a0Minute"},"schema":{"@context":"https:\/\/schema.org","@graph":[{"@type":"WebPage","@id":"https:\/\/intermob.be\/de\/produkt\/horeca-tisch-aus-mangoholz-mango-compact-nature-70x120-cm-mit-basis\/","url":"https:\/\/intermob.be\/de\/produkt\/horeca-tisch-aus-mangoholz-mango-compact-nature-70x120-cm-mit-basis\/","name":"Horeca Tisch aus Mangoholz - Mango Compact Nature - 70x120 Cm Mit Basis","isPartOf":{"@id":"https:\/\/intermob.be\/de\/#website"},"primaryImageOfPage":{"@id":"https:\/\/intermob.be\/de\/produkt\/horeca-tisch-aus-mangoholz-mango-compact-nature-70x120-cm-mit-basis\/#primaryimage"},"image":{"@id":"https:\/\/intermob.be\/de\/produkt\/horeca-tisch-aus-mangoholz-mango-compact-nature-70x120-cm-mit-basis\/#primaryimage"},"thumbnailUrl":"https:\/\/intermob.be\/wp-content\/uploads\/2026\/01\/Horeca-Mangohout-Tafel-Met-Onderstel-70x120cm-B-341.jpg","datePublished":"2026-01-23T08:15:59+00:00","dateModified":"2026-01-23T08:22:38+00:00","breadcrumb":{"@id":"https:\/\/intermob.be\/de\/produkt\/horeca-tisch-aus-mangoholz-mango-compact-nature-70x120-cm-mit-basis\/#breadcrumb"},"inLanguage":"de","potentialAction":[{"@type":"ReadAction","target":["https:\/\/intermob.be\/de\/produkt\/horeca-tisch-aus-mangoholz-mango-compact-nature-70x120-cm-mit-basis\/"]}]},{"@type":"ImageObject","inLanguage":"de","@id":"https:\/\/intermob.be\/de\/produkt\/horeca-tisch-aus-mangoholz-mango-compact-nature-70x120-cm-mit-basis\/#primaryimage","url":"https:\/\/intermob.be\/wp-content\/uploads\/2026\/01\/Horeca-Mangohout-Tafel-Met-Onderstel-70x120cm-B-341.jpg","contentUrl":"https:\/\/intermob.be\/wp-content\/uploads\/2026\/01\/Horeca-Mangohout-Tafel-Met-Onderstel-70x120cm-B-341.jpg","width":1500,"height":1500,"caption":"Horeca-Mangohout-Tafel-Met-Onderstel-70x120cm-B-341"},{"@type":"BreadcrumbList","@id":"https:\/\/intermob.be\/de\/produkt\/horeca-tisch-aus-mangoholz-mango-compact-nature-70x120-cm-mit-basis\/#breadcrumb","itemListElement":[{"@type":"ListItem","position":1,"name":"Home","item":"https:\/\/intermob.be\/de\/"},{"@type":"ListItem","position":2,"name":"Shop","item":"https:\/\/intermob.be\/de\/shop\/"},{"@type":"ListItem","position":3,"name":"Mangohout Tafel - Mango Compact Nature - 70x120 Cm"}]},{"@type":"WebSite","@id":"https:\/\/intermob.be\/de\/#website","url":"https:\/\/intermob.be\/de\/","name":"Intermob","description":"","publisher":{"@id":"https:\/\/intermob.be\/de\/#organization"},"potentialAction":[{"@type":"SearchAction","target":{"@type":"EntryPoint","urlTemplate":"https:\/\/intermob.be\/de\/?s={search_term_string}"},"query-input":{"@type":"PropertyValueSpecification","valueRequired":true,"valueName":"search_term_string"}}],"inLanguage":"de"},{"@type":"Organization","@id":"https:\/\/intermob.be\/de\/#organization","name":"Intermob Mobilier","url":"https:\/\/intermob.be\/de\/","logo":{"@type":"ImageObject","inLanguage":"de","@id":"https:\/\/intermob.be\/de\/#\/schema\/logo\/image\/","url":"https:\/\/intermob.be\/wp-content\/uploads\/2025\/09\/intb-bold-logo.png","contentUrl":"https:\/\/intermob.be\/wp-content\/uploads\/2025\/09\/intb-bold-logo.png","width":480,"height":158,"caption":"Intermob Mobilier"},"image":{"@id":"https:\/\/intermob.be\/de\/#\/schema\/logo\/image\/"}}]}},"_links":{"self":[{"href":"https:\/\/intermob.be\/de\/wp-json\/wp\/v2\/product\/156129","targetHints":{"allow":["GET"]}}],"collection":[{"href":"https:\/\/intermob.be\/de\/wp-json\/wp\/v2\/product"}],"about":[{"href":"https:\/\/intermob.be\/de\/wp-json\/wp\/v2\/types\/product"}],"replies":[{"embeddable":true,"href":"https:\/\/intermob.be\/de\/wp-json\/wp\/v2\/comments?post=156129"}],"version-history":[{"count":2,"href":"https:\/\/intermob.be\/de\/wp-json\/wp\/v2\/product\/156129\/revisions"}],"predecessor-version":[{"id":156143,"href":"https:\/\/intermob.be\/de\/wp-json\/wp\/v2\/product\/156129\/revisions\/156143"}],"wp:featuredmedia":[{"embeddable":true,"href":"https:\/\/intermob.be\/de\/wp-json\/wp\/v2\/media\/156135"}],"wp:attachment":[{"href":"https:\/\/intermob.be\/de\/wp-json\/wp\/v2\/media?parent=156129"}],"wp:term":[{"taxonomy":"product_brand","embeddable":true,"href":"https:\/\/intermob.be\/de\/wp-json\/wp\/v2\/product_brand?post=156129"},{"taxonomy":"product_cat","embeddable":true,"href":"https:\/\/intermob.be\/de\/wp-json\/wp\/v2\/product_cat?post=156129"},{"taxonomy":"product_tag","embeddable":true,"href":"https:\/\/intermob.be\/de\/wp-json\/wp\/v2\/product_tag?post=156129"}],"curies":[{"name":"wp","href":"https:\/\/api.w.org\/{rel}","templated":true}]}}