{"id":70110,"date":"2012-08-04T14:30:55","date_gmt":"2012-08-04T14:30:55","guid":{"rendered":"https:\/\/intermob.be\/?post_type=product&#038;p=70110"},"modified":"2024-11-21T06:48:46","modified_gmt":"2024-11-21T06:48:46","slug":"horeca-holz-barstuhl-mit-armlehne-tara","status":"publish","type":"product","link":"https:\/\/intermob.be\/de\/produkt\/horeca-holz-barstuhl-mit-armlehne-tara\/","title":{"rendered":"Holz-Barstuhl - Tara - Kunstleder"},"content":{"rendered":"<p><span style=\"color: #000000;\">Verleihen Sie Ihrem Interieur eine elegante Ausstrahlung mit diesem Barhocker aus Kunstleder mit Armlehnen, erh\u00e4ltlich in verschiedenen trendigen Farben. Der schwarze Buchenrahmen strahlt Eleganz aus und bietet eine stabile Unterst\u00fctzung, w\u00e4hrend die bequemen Armlehnen zus\u00e4tzlichen Sitzkomfort gew\u00e4hrleisten. Die pflegeleichte Kunstlederpolsterung kombiniert eine luxuri\u00f6se Optik mit praktischer Langlebigkeit und ist somit ideal f\u00fcr den t\u00e4glichen intensiven Einsatz.<\/span><\/p>\n<p><span style=\"color: #000000;\">Speziell f\u00fcr Gastronomiebetriebe wie Restaurants, Caf\u00e9s und Bars entwickelt, verleiht dieser Barhocker Ihrem Interieur eine moderne und einladende Atmosph\u00e4re. Die Armlehnen laden die G\u00e4ste ein, l\u00e4nger zu verweilen, w\u00e4hrend das zeitlose Design m\u00fchelos in klassische sowie moderne Stile passt. Mit diesem Barhocker entscheiden Sie sich f\u00fcr Komfort, Stil und Benutzerfreundlichkeit \u2013 die perfekte Erg\u00e4nzung f\u00fcr ein Gastronomiekonzept, das beeindrucken und G\u00e4ste immer wieder zur\u00fcckkehren lassen m\u00f6chte.<\/span><\/p>\n<p><span style=\"color: #000000;\"><strong>Zus\u00e4tzliche Information:<\/strong><\/span><\/p>\n<ul>\n<li><span style=\"color: #000000;\">Standardm\u00e4\u00dfig mit verschiebbaren Kunststoffknopff\u00fc\u00dfen geliefert<\/span><\/li>\n<li><span style=\"color: #000000;\">Vollst\u00e4ndig einsatzbereit<\/span><\/li>\n<li><span style=\"color: #000000;\">Garantiertes europ\u00e4isches Produkt<\/span><\/li>\n<li><span style=\"color: #000000;\">1 Jahr Herstellergarantie<\/span><\/li>\n<\/ul>\n<p><span style=\"color: #000000;\"><strong>M\u00f6glichkeit:<\/strong><\/span><\/p>\n<ul>\n<li><span style=\"color: #000000;\">Nat\u00fcrlicher Rahmen + 7,50 \u20ac<\/span><\/li>\n<li><span style=\"color: #000000;\">Doppelte Farbe + 10,00 \u20ac<\/span><\/li>\n<li><span style=\"color: #000000;\">S\u00fcd + 15,00 \u20ac<\/span><\/li>\n<li><span style=\"color: #000000;\">Ravenna (nur der Sitzplatz) + 15 \u20ac<\/span><\/li>\n<\/ul>\n","protected":false},"excerpt":{"rendered":"<p>Verleihen Sie Ihrem Interieur eine elegante Ausstrahlung mit diesem Barhocker aus Kunstleder mit Armlehnen, erh\u00e4ltlich in verschiedenen trendigen Farben. Der<\/p>\n","protected":false},"featured_media":70083,"comment_status":"open","ping_status":"closed","template":"","meta":[],"product_brand":[],"product_cat":[10267],"product_tag":[17388,17389,17392],"class_list":{"0":"post-70110","1":"product","2":"type-product","3":"status-publish","4":"has-post-thumbnail","6":"product_cat-holzstange","7":"product_tag-horeca-furniture","8":"product_tag-horeca-meubelen","9":"product_tag-meubles-horeca","10":"pa_armrest-armrest-ja-de","11":"pa_frame-nicht-stapelbar-frame-de","12":"pa_product-color-color-schwarz-de","13":"pa_product-frame-color-schwarz-frame-color-de","14":"pa_product-material-buche-rahmen-material-de","15":"pa_product-more-colors-ja-de","16":"pa_product-more-dimensions-ja-de","17":"pa_product-seat-cm-45x45-seat-cm-de","18":"pa_product-seat-height-cm-80-seat-height-cm-de","19":"pa_product-seats-1-seats-de","20":"pa_product-upholstery-upholstery-kunstleder-de","21":"pa_product-usage-usage-innen-de","23":"first","24":"instock","25":"sale","26":"taxable","27":"shipping-taxable","28":"purchasable","29":"product-type-simple"},"yoast_head":"<!-- This site is optimized with the Yoast SEO plugin v26.4 - https:\/\/yoast.com\/wordpress\/plugins\/seo\/ -->\n<title>Horeca Holz-Barstuhl mit Armlehne - Tara - Kunstleder<\/title>\n<meta name=\"robots\" content=\"index, follow, max-snippet:-1, max-image-preview:large, max-video-preview:-1\" \/>\n<link rel=\"canonical\" href=\"https:\/\/intermob.be\/de\/produkt\/horeca-holz-barstuhl-mit-armlehne-tara\/\" \/>\n<meta property=\"og:locale\" content=\"de_DE\" \/>\n<meta property=\"og:type\" content=\"article\" \/>\n<meta property=\"og:title\" content=\"Horeca Holz-Barstuhl mit Armlehne - Tara - Kunstleder\" \/>\n<meta property=\"og:description\" content=\"Verleihen Sie Ihrem Interieur eine elegante Ausstrahlung mit diesem Barhocker aus Kunstleder mit Armlehnen, erh\u00e4ltlich in verschiedenen trendigen Farben. Der\" \/>\n<meta property=\"og:url\" content=\"https:\/\/intermob.be\/de\/produkt\/horeca-holz-barstuhl-mit-armlehne-tara\/\" \/>\n<meta property=\"og:site_name\" content=\"Intermob Mobilier\" \/>\n<meta property=\"article:modified_time\" content=\"2024-11-21T06:48:46+00:00\" \/>\n<meta property=\"og:image\" content=\"https:\/\/intermob.be\/wp-content\/uploads\/2024\/03\/products-Horeca-Barstoel-Tara-Met-Armleuning-Zwart-2.jpg\" \/>\n\t<meta property=\"og:image:width\" content=\"512\" \/>\n\t<meta property=\"og:image:height\" content=\"512\" \/>\n\t<meta property=\"og:image:type\" content=\"image\/jpeg\" \/>\n<meta name=\"twitter:card\" content=\"summary_large_image\" \/>\n<meta name=\"twitter:label1\" content=\"Gesch\u00e4tzte Lesezeit\" \/>\n\t<meta name=\"twitter:data1\" content=\"1\u00a0Minute\" \/>\n<script type=\"application\/ld+json\" class=\"yoast-schema-graph\">{\"@context\":\"https:\/\/schema.org\",\"@graph\":[{\"@type\":\"WebPage\",\"@id\":\"https:\/\/intermob.be\/de\/produkt\/horeca-holz-barstuhl-mit-armlehne-tara\/\",\"url\":\"https:\/\/intermob.be\/de\/produkt\/horeca-holz-barstuhl-mit-armlehne-tara\/\",\"name\":\"Horeca Holz-Barstuhl mit Armlehne - Tara - Kunstleder\",\"isPartOf\":{\"@id\":\"https:\/\/intermob.be\/de\/#website\"},\"primaryImageOfPage\":{\"@id\":\"https:\/\/intermob.be\/de\/produkt\/horeca-holz-barstuhl-mit-armlehne-tara\/#primaryimage\"},\"image\":{\"@id\":\"https:\/\/intermob.be\/de\/produkt\/horeca-holz-barstuhl-mit-armlehne-tara\/#primaryimage\"},\"thumbnailUrl\":\"https:\/\/intermob.be\/wp-content\/uploads\/2024\/03\/products-Horeca-Barstoel-Tara-Met-Armleuning-Zwart-2.jpg\",\"datePublished\":\"2012-08-04T14:30:55+00:00\",\"dateModified\":\"2024-11-21T06:48:46+00:00\",\"breadcrumb\":{\"@id\":\"https:\/\/intermob.be\/de\/produkt\/horeca-holz-barstuhl-mit-armlehne-tara\/#breadcrumb\"},\"inLanguage\":\"de\",\"potentialAction\":[{\"@type\":\"ReadAction\",\"target\":[\"https:\/\/intermob.be\/de\/produkt\/horeca-holz-barstuhl-mit-armlehne-tara\/\"]}]},{\"@type\":\"ImageObject\",\"inLanguage\":\"de\",\"@id\":\"https:\/\/intermob.be\/de\/produkt\/horeca-holz-barstuhl-mit-armlehne-tara\/#primaryimage\",\"url\":\"https:\/\/intermob.be\/wp-content\/uploads\/2024\/03\/products-Horeca-Barstoel-Tara-Met-Armleuning-Zwart-2.jpg\",\"contentUrl\":\"https:\/\/intermob.be\/wp-content\/uploads\/2024\/03\/products-Horeca-Barstoel-Tara-Met-Armleuning-Zwart-2.jpg\",\"width\":512,\"height\":512,\"caption\":\"Horeca Barstoel - Tara - Met Armleuning Zwart\"},{\"@type\":\"BreadcrumbList\",\"@id\":\"https:\/\/intermob.be\/de\/produkt\/horeca-holz-barstuhl-mit-armlehne-tara\/#breadcrumb\",\"itemListElement\":[{\"@type\":\"ListItem\",\"position\":1,\"name\":\"Home\",\"item\":\"https:\/\/intermob.be\/de\/\"},{\"@type\":\"ListItem\",\"position\":2,\"name\":\"Shop\",\"item\":\"https:\/\/intermob.be\/de\/shop\/\"},{\"@type\":\"ListItem\",\"position\":3,\"name\":\"Chaise De Bar En Bois - Tara - Simili Cuir\"}]},{\"@type\":\"WebSite\",\"@id\":\"https:\/\/intermob.be\/de\/#website\",\"url\":\"https:\/\/intermob.be\/de\/\",\"name\":\"Intermob\",\"description\":\"\",\"publisher\":{\"@id\":\"https:\/\/intermob.be\/de\/#organization\"},\"potentialAction\":[{\"@type\":\"SearchAction\",\"target\":{\"@type\":\"EntryPoint\",\"urlTemplate\":\"https:\/\/intermob.be\/de\/?s={search_term_string}\"},\"query-input\":{\"@type\":\"PropertyValueSpecification\",\"valueRequired\":true,\"valueName\":\"search_term_string\"}}],\"inLanguage\":\"de\"},{\"@type\":\"Organization\",\"@id\":\"https:\/\/intermob.be\/de\/#organization\",\"name\":\"Intermob Mobilier\",\"url\":\"https:\/\/intermob.be\/de\/\",\"logo\":{\"@type\":\"ImageObject\",\"inLanguage\":\"de\",\"@id\":\"https:\/\/intermob.be\/de\/#\/schema\/logo\/image\/\",\"url\":\"https:\/\/intermob.be\/wp-content\/uploads\/2025\/09\/intb-bold-logo.png\",\"contentUrl\":\"https:\/\/intermob.be\/wp-content\/uploads\/2025\/09\/intb-bold-logo.png\",\"width\":480,\"height\":158,\"caption\":\"Intermob Mobilier\"},\"image\":{\"@id\":\"https:\/\/intermob.be\/de\/#\/schema\/logo\/image\/\"}}]}<\/script>\n<!-- \/ Yoast SEO plugin. -->","yoast_head_json":{"title":"Horeca Holz-Barstuhl mit Armlehne - Tara - Kunstleder","robots":{"index":"index","follow":"follow","max-snippet":"max-snippet:-1","max-image-preview":"max-image-preview:large","max-video-preview":"max-video-preview:-1"},"canonical":"https:\/\/intermob.be\/de\/produkt\/horeca-holz-barstuhl-mit-armlehne-tara\/","og_locale":"de_DE","og_type":"article","og_title":"Horeca Holz-Barstuhl mit Armlehne - Tara - Kunstleder","og_description":"Verleihen Sie Ihrem Interieur eine elegante Ausstrahlung mit diesem Barhocker aus Kunstleder mit Armlehnen, erh\u00e4ltlich in verschiedenen trendigen Farben. Der","og_url":"https:\/\/intermob.be\/de\/produkt\/horeca-holz-barstuhl-mit-armlehne-tara\/","og_site_name":"Intermob Mobilier","article_modified_time":"2024-11-21T06:48:46+00:00","og_image":[{"width":512,"height":512,"url":"https:\/\/intermob.be\/wp-content\/uploads\/2024\/03\/products-Horeca-Barstoel-Tara-Met-Armleuning-Zwart-2.jpg","type":"image\/jpeg"}],"twitter_card":"summary_large_image","twitter_misc":{"Gesch\u00e4tzte Lesezeit":"1\u00a0Minute"},"schema":{"@context":"https:\/\/schema.org","@graph":[{"@type":"WebPage","@id":"https:\/\/intermob.be\/de\/produkt\/horeca-holz-barstuhl-mit-armlehne-tara\/","url":"https:\/\/intermob.be\/de\/produkt\/horeca-holz-barstuhl-mit-armlehne-tara\/","name":"Horeca Holz-Barstuhl mit Armlehne - Tara - Kunstleder","isPartOf":{"@id":"https:\/\/intermob.be\/de\/#website"},"primaryImageOfPage":{"@id":"https:\/\/intermob.be\/de\/produkt\/horeca-holz-barstuhl-mit-armlehne-tara\/#primaryimage"},"image":{"@id":"https:\/\/intermob.be\/de\/produkt\/horeca-holz-barstuhl-mit-armlehne-tara\/#primaryimage"},"thumbnailUrl":"https:\/\/intermob.be\/wp-content\/uploads\/2024\/03\/products-Horeca-Barstoel-Tara-Met-Armleuning-Zwart-2.jpg","datePublished":"2012-08-04T14:30:55+00:00","dateModified":"2024-11-21T06:48:46+00:00","breadcrumb":{"@id":"https:\/\/intermob.be\/de\/produkt\/horeca-holz-barstuhl-mit-armlehne-tara\/#breadcrumb"},"inLanguage":"de","potentialAction":[{"@type":"ReadAction","target":["https:\/\/intermob.be\/de\/produkt\/horeca-holz-barstuhl-mit-armlehne-tara\/"]}]},{"@type":"ImageObject","inLanguage":"de","@id":"https:\/\/intermob.be\/de\/produkt\/horeca-holz-barstuhl-mit-armlehne-tara\/#primaryimage","url":"https:\/\/intermob.be\/wp-content\/uploads\/2024\/03\/products-Horeca-Barstoel-Tara-Met-Armleuning-Zwart-2.jpg","contentUrl":"https:\/\/intermob.be\/wp-content\/uploads\/2024\/03\/products-Horeca-Barstoel-Tara-Met-Armleuning-Zwart-2.jpg","width":512,"height":512,"caption":"Horeca Barstoel - Tara - Met Armleuning Zwart"},{"@type":"BreadcrumbList","@id":"https:\/\/intermob.be\/de\/produkt\/horeca-holz-barstuhl-mit-armlehne-tara\/#breadcrumb","itemListElement":[{"@type":"ListItem","position":1,"name":"Home","item":"https:\/\/intermob.be\/de\/"},{"@type":"ListItem","position":2,"name":"Shop","item":"https:\/\/intermob.be\/de\/shop\/"},{"@type":"ListItem","position":3,"name":"Chaise De Bar En Bois - Tara - Simili Cuir"}]},{"@type":"WebSite","@id":"https:\/\/intermob.be\/de\/#website","url":"https:\/\/intermob.be\/de\/","name":"Intermob","description":"","publisher":{"@id":"https:\/\/intermob.be\/de\/#organization"},"potentialAction":[{"@type":"SearchAction","target":{"@type":"EntryPoint","urlTemplate":"https:\/\/intermob.be\/de\/?s={search_term_string}"},"query-input":{"@type":"PropertyValueSpecification","valueRequired":true,"valueName":"search_term_string"}}],"inLanguage":"de"},{"@type":"Organization","@id":"https:\/\/intermob.be\/de\/#organization","name":"Intermob Mobilier","url":"https:\/\/intermob.be\/de\/","logo":{"@type":"ImageObject","inLanguage":"de","@id":"https:\/\/intermob.be\/de\/#\/schema\/logo\/image\/","url":"https:\/\/intermob.be\/wp-content\/uploads\/2025\/09\/intb-bold-logo.png","contentUrl":"https:\/\/intermob.be\/wp-content\/uploads\/2025\/09\/intb-bold-logo.png","width":480,"height":158,"caption":"Intermob Mobilier"},"image":{"@id":"https:\/\/intermob.be\/de\/#\/schema\/logo\/image\/"}}]}},"_links":{"self":[{"href":"https:\/\/intermob.be\/de\/wp-json\/wp\/v2\/product\/70110","targetHints":{"allow":["GET"]}}],"collection":[{"href":"https:\/\/intermob.be\/de\/wp-json\/wp\/v2\/product"}],"about":[{"href":"https:\/\/intermob.be\/de\/wp-json\/wp\/v2\/types\/product"}],"replies":[{"embeddable":true,"href":"https:\/\/intermob.be\/de\/wp-json\/wp\/v2\/comments?post=70110"}],"version-history":[{"count":0,"href":"https:\/\/intermob.be\/de\/wp-json\/wp\/v2\/product\/70110\/revisions"}],"wp:featuredmedia":[{"embeddable":true,"href":"https:\/\/intermob.be\/de\/wp-json\/wp\/v2\/media\/70083"}],"wp:attachment":[{"href":"https:\/\/intermob.be\/de\/wp-json\/wp\/v2\/media?parent=70110"}],"wp:term":[{"taxonomy":"product_brand","embeddable":true,"href":"https:\/\/intermob.be\/de\/wp-json\/wp\/v2\/product_brand?post=70110"},{"taxonomy":"product_cat","embeddable":true,"href":"https:\/\/intermob.be\/de\/wp-json\/wp\/v2\/product_cat?post=70110"},{"taxonomy":"product_tag","embeddable":true,"href":"https:\/\/intermob.be\/de\/wp-json\/wp\/v2\/product_tag?post=70110"}],"curies":[{"name":"wp","href":"https:\/\/api.w.org\/{rel}","templated":true}]}}