{"id":70118,"date":"2012-08-04T14:33:57","date_gmt":"2012-08-04T14:33:57","guid":{"rendered":"https:\/\/intermob.be\/?post_type=product&#038;p=70118"},"modified":"2025-07-01T12:34:36","modified_gmt":"2025-07-01T12:34:36","slug":"horeca-holz-barstuhl-mit-armlehne-omega","status":"publish","type":"product","link":"https:\/\/intermob.be\/de\/produkt\/horeca-holz-barstuhl-mit-armlehne-omega\/","title":{"rendered":"Holz-Barstuhl - Omega - Kunstleder"},"content":{"rendered":"<p><span style=\"color: #000000;\">Bringen Sie Komfort und Stil in Ihr Interieur mit diesem Barhocker aus Kunstleder, erh\u00e4ltlich in verschiedenen trendigen Farben. Das Design mit Armlehnen bietet zus\u00e4tzlichen Halt und Luxus, w\u00e4hrend der wengefarbene Buchenrahmen nat\u00fcrliche Eleganz ausstrahlt und Stabilit\u00e4t sowie Langlebigkeit gew\u00e4hrleistet. Die pflegeleichte Kunstlederpolsterung macht diesen Hocker nicht nur praktisch, sondern auch zu einer anspruchsvollen Wahl f\u00fcr den intensiven Gebrauch.<\/span><\/p>\n<p><span style=\"color: #000000;\">Speziell entwickelt f\u00fcr Restaurants, Caf\u00e9s und Bars, die ihre G\u00e4ste mit einer einladenden und professionellen Atmosph\u00e4re verw\u00f6hnen m\u00f6chten. Der ergonomische Sitz und die Armlehnen bieten ultimativen Komfort, der Ihre G\u00e4ste dazu einl\u00e4dt, l\u00e4nger zu verweilen. Das warme Holz und die modernen Farben schaffen eine zeitlose Optik, die perfekt zu klassischen sowie modernen Gastronomiekonzepten passt. W\u00e4hlen Sie einen Barhocker, der Luxus, Funktionalit\u00e4t und Stil vereint \u2013 die perfekte Erg\u00e4nzung f\u00fcr ein gastfreundliches Gastronomiekonzept, das beeindrucken m\u00f6chte.<\/span><\/p>\n<p><span style=\"color: #000000;\"><strong>Zus\u00e4tzliche Information:<\/strong><\/span><\/p>\n<ul>\n<li><span style=\"color: #000000;\">Lieferung mit einem Standard-Kunststoffgleitnagel<\/span><\/li>\n<li><span style=\"color: #000000;\">Lieferung gebrauchsfertig<\/span><\/li>\n<li><span style=\"color: #000000;\">Garantiertes europ\u00e4isches Produkt<\/span><\/li>\n<li><span style=\"color: #000000;\">1 Jahr Werksgarantie<\/span><\/li>\n<\/ul>\n","protected":false},"excerpt":{"rendered":"<p>Bringen Sie Komfort und Stil in Ihr Interieur mit diesem Barhocker aus Kunstleder, erh\u00e4ltlich in verschiedenen trendigen Farben. Das Design<\/p>\n","protected":false},"featured_media":70127,"comment_status":"open","ping_status":"closed","template":"","meta":[],"product_brand":[],"product_cat":[10267],"product_tag":[],"class_list":{"0":"post-70118","1":"product","2":"type-product","3":"status-publish","4":"has-post-thumbnail","6":"product_cat-holzstange","7":"pa_armrest-armrest-ja-de","8":"pa_frame-nicht-stapelbar-frame-de","9":"pa_product-color-color-schwarz-de","10":"pa_product-color-color-taupe-de","11":"pa_product-color-color-bordeaux-de","12":"pa_product-color-color-weiss-de","13":"pa_product-frame-color-wenge-frame-color-de","14":"pa_product-material-buche-rahmen-material-de","15":"pa_product-more-colors-ja-de","16":"pa_product-more-dimensions-ja-de","17":"pa_product-seat-height-cm-80-seat-height-cm-de","18":"pa_product-seats-1-seats-de","19":"pa_product-upholstery-upholstery-kunstleder-de","20":"pa_product-usage-usage-innen-de","22":"first","23":"outofstock","24":"sale","25":"taxable","26":"shipping-taxable","27":"purchasable","28":"product-type-variable","29":"hc-var-color"},"yoast_head":"<!-- This site is optimized with the Yoast SEO plugin v26.4 - https:\/\/yoast.com\/wordpress\/plugins\/seo\/ -->\n<title>Horeca Holz-Barstuhl Mit Armlehne - Omega - Kunstleder<\/title>\n<meta name=\"robots\" content=\"index, follow, max-snippet:-1, max-image-preview:large, max-video-preview:-1\" \/>\n<link rel=\"canonical\" href=\"https:\/\/intermob.be\/de\/produkt\/horeca-holz-barstuhl-mit-armlehne-omega\/\" \/>\n<meta property=\"og:locale\" content=\"de_DE\" \/>\n<meta property=\"og:type\" content=\"article\" \/>\n<meta property=\"og:title\" content=\"Horeca Holz-Barstuhl Mit Armlehne - Omega - Kunstleder\" \/>\n<meta property=\"og:description\" content=\"Bringen Sie Komfort und Stil in Ihr Interieur mit diesem Barhocker aus Kunstleder, erh\u00e4ltlich in verschiedenen trendigen Farben. Das Design\" \/>\n<meta property=\"og:url\" content=\"https:\/\/intermob.be\/de\/produkt\/horeca-holz-barstuhl-mit-armlehne-omega\/\" \/>\n<meta property=\"og:site_name\" content=\"Intermob Mobilier\" \/>\n<meta property=\"article:modified_time\" content=\"2025-07-01T12:34:36+00:00\" \/>\n<meta property=\"og:image\" content=\"https:\/\/intermob.be\/wp-content\/uploads\/2024\/03\/products-Horeca-Barstoel-Omega-Met-Armleuning-Zwart-1-2.jpg\" \/>\n\t<meta property=\"og:image:width\" content=\"800\" \/>\n\t<meta property=\"og:image:height\" content=\"800\" \/>\n\t<meta property=\"og:image:type\" content=\"image\/jpeg\" \/>\n<meta name=\"twitter:card\" content=\"summary_large_image\" \/>\n<meta name=\"twitter:label1\" content=\"Gesch\u00e4tzte Lesezeit\" \/>\n\t<meta name=\"twitter:data1\" content=\"1\u00a0Minute\" \/>\n<script type=\"application\/ld+json\" class=\"yoast-schema-graph\">{\"@context\":\"https:\/\/schema.org\",\"@graph\":[{\"@type\":\"WebPage\",\"@id\":\"https:\/\/intermob.be\/de\/produkt\/horeca-holz-barstuhl-mit-armlehne-omega\/\",\"url\":\"https:\/\/intermob.be\/de\/produkt\/horeca-holz-barstuhl-mit-armlehne-omega\/\",\"name\":\"Horeca Holz-Barstuhl Mit Armlehne - Omega - Kunstleder\",\"isPartOf\":{\"@id\":\"https:\/\/intermob.be\/de\/#website\"},\"primaryImageOfPage\":{\"@id\":\"https:\/\/intermob.be\/de\/produkt\/horeca-holz-barstuhl-mit-armlehne-omega\/#primaryimage\"},\"image\":{\"@id\":\"https:\/\/intermob.be\/de\/produkt\/horeca-holz-barstuhl-mit-armlehne-omega\/#primaryimage\"},\"thumbnailUrl\":\"https:\/\/intermob.be\/wp-content\/uploads\/2024\/03\/products-Horeca-Barstoel-Omega-Met-Armleuning-Zwart-1-2.jpg\",\"datePublished\":\"2012-08-04T14:33:57+00:00\",\"dateModified\":\"2025-07-01T12:34:36+00:00\",\"breadcrumb\":{\"@id\":\"https:\/\/intermob.be\/de\/produkt\/horeca-holz-barstuhl-mit-armlehne-omega\/#breadcrumb\"},\"inLanguage\":\"de\",\"potentialAction\":[{\"@type\":\"ReadAction\",\"target\":[\"https:\/\/intermob.be\/de\/produkt\/horeca-holz-barstuhl-mit-armlehne-omega\/\"]}]},{\"@type\":\"ImageObject\",\"inLanguage\":\"de\",\"@id\":\"https:\/\/intermob.be\/de\/produkt\/horeca-holz-barstuhl-mit-armlehne-omega\/#primaryimage\",\"url\":\"https:\/\/intermob.be\/wp-content\/uploads\/2024\/03\/products-Horeca-Barstoel-Omega-Met-Armleuning-Zwart-1-2.jpg\",\"contentUrl\":\"https:\/\/intermob.be\/wp-content\/uploads\/2024\/03\/products-Horeca-Barstoel-Omega-Met-Armleuning-Zwart-1-2.jpg\",\"width\":800,\"height\":800,\"caption\":\"Horeca Barstoel - Omega - Met Armleuning Zwart\"},{\"@type\":\"BreadcrumbList\",\"@id\":\"https:\/\/intermob.be\/de\/produkt\/horeca-holz-barstuhl-mit-armlehne-omega\/#breadcrumb\",\"itemListElement\":[{\"@type\":\"ListItem\",\"position\":1,\"name\":\"Home\",\"item\":\"https:\/\/intermob.be\/de\/\"},{\"@type\":\"ListItem\",\"position\":2,\"name\":\"Shop\",\"item\":\"https:\/\/intermob.be\/de\/shop\/\"},{\"@type\":\"ListItem\",\"position\":3,\"name\":\"Chaise De Bar En Bois - Omega - Simili Cuir\"}]},{\"@type\":\"WebSite\",\"@id\":\"https:\/\/intermob.be\/de\/#website\",\"url\":\"https:\/\/intermob.be\/de\/\",\"name\":\"Intermob\",\"description\":\"\",\"publisher\":{\"@id\":\"https:\/\/intermob.be\/de\/#organization\"},\"potentialAction\":[{\"@type\":\"SearchAction\",\"target\":{\"@type\":\"EntryPoint\",\"urlTemplate\":\"https:\/\/intermob.be\/de\/?s={search_term_string}\"},\"query-input\":{\"@type\":\"PropertyValueSpecification\",\"valueRequired\":true,\"valueName\":\"search_term_string\"}}],\"inLanguage\":\"de\"},{\"@type\":\"Organization\",\"@id\":\"https:\/\/intermob.be\/de\/#organization\",\"name\":\"Intermob Mobilier\",\"url\":\"https:\/\/intermob.be\/de\/\",\"logo\":{\"@type\":\"ImageObject\",\"inLanguage\":\"de\",\"@id\":\"https:\/\/intermob.be\/de\/#\/schema\/logo\/image\/\",\"url\":\"https:\/\/intermob.be\/wp-content\/uploads\/2025\/09\/intb-bold-logo.png\",\"contentUrl\":\"https:\/\/intermob.be\/wp-content\/uploads\/2025\/09\/intb-bold-logo.png\",\"width\":480,\"height\":158,\"caption\":\"Intermob Mobilier\"},\"image\":{\"@id\":\"https:\/\/intermob.be\/de\/#\/schema\/logo\/image\/\"}}]}<\/script>\n<!-- \/ Yoast SEO plugin. -->","yoast_head_json":{"title":"Horeca Holz-Barstuhl Mit Armlehne - Omega - Kunstleder","robots":{"index":"index","follow":"follow","max-snippet":"max-snippet:-1","max-image-preview":"max-image-preview:large","max-video-preview":"max-video-preview:-1"},"canonical":"https:\/\/intermob.be\/de\/produkt\/horeca-holz-barstuhl-mit-armlehne-omega\/","og_locale":"de_DE","og_type":"article","og_title":"Horeca Holz-Barstuhl Mit Armlehne - Omega - Kunstleder","og_description":"Bringen Sie Komfort und Stil in Ihr Interieur mit diesem Barhocker aus Kunstleder, erh\u00e4ltlich in verschiedenen trendigen Farben. Das Design","og_url":"https:\/\/intermob.be\/de\/produkt\/horeca-holz-barstuhl-mit-armlehne-omega\/","og_site_name":"Intermob Mobilier","article_modified_time":"2025-07-01T12:34:36+00:00","og_image":[{"width":800,"height":800,"url":"https:\/\/intermob.be\/wp-content\/uploads\/2024\/03\/products-Horeca-Barstoel-Omega-Met-Armleuning-Zwart-1-2.jpg","type":"image\/jpeg"}],"twitter_card":"summary_large_image","twitter_misc":{"Gesch\u00e4tzte Lesezeit":"1\u00a0Minute"},"schema":{"@context":"https:\/\/schema.org","@graph":[{"@type":"WebPage","@id":"https:\/\/intermob.be\/de\/produkt\/horeca-holz-barstuhl-mit-armlehne-omega\/","url":"https:\/\/intermob.be\/de\/produkt\/horeca-holz-barstuhl-mit-armlehne-omega\/","name":"Horeca Holz-Barstuhl Mit Armlehne - Omega - Kunstleder","isPartOf":{"@id":"https:\/\/intermob.be\/de\/#website"},"primaryImageOfPage":{"@id":"https:\/\/intermob.be\/de\/produkt\/horeca-holz-barstuhl-mit-armlehne-omega\/#primaryimage"},"image":{"@id":"https:\/\/intermob.be\/de\/produkt\/horeca-holz-barstuhl-mit-armlehne-omega\/#primaryimage"},"thumbnailUrl":"https:\/\/intermob.be\/wp-content\/uploads\/2024\/03\/products-Horeca-Barstoel-Omega-Met-Armleuning-Zwart-1-2.jpg","datePublished":"2012-08-04T14:33:57+00:00","dateModified":"2025-07-01T12:34:36+00:00","breadcrumb":{"@id":"https:\/\/intermob.be\/de\/produkt\/horeca-holz-barstuhl-mit-armlehne-omega\/#breadcrumb"},"inLanguage":"de","potentialAction":[{"@type":"ReadAction","target":["https:\/\/intermob.be\/de\/produkt\/horeca-holz-barstuhl-mit-armlehne-omega\/"]}]},{"@type":"ImageObject","inLanguage":"de","@id":"https:\/\/intermob.be\/de\/produkt\/horeca-holz-barstuhl-mit-armlehne-omega\/#primaryimage","url":"https:\/\/intermob.be\/wp-content\/uploads\/2024\/03\/products-Horeca-Barstoel-Omega-Met-Armleuning-Zwart-1-2.jpg","contentUrl":"https:\/\/intermob.be\/wp-content\/uploads\/2024\/03\/products-Horeca-Barstoel-Omega-Met-Armleuning-Zwart-1-2.jpg","width":800,"height":800,"caption":"Horeca Barstoel - Omega - Met Armleuning Zwart"},{"@type":"BreadcrumbList","@id":"https:\/\/intermob.be\/de\/produkt\/horeca-holz-barstuhl-mit-armlehne-omega\/#breadcrumb","itemListElement":[{"@type":"ListItem","position":1,"name":"Home","item":"https:\/\/intermob.be\/de\/"},{"@type":"ListItem","position":2,"name":"Shop","item":"https:\/\/intermob.be\/de\/shop\/"},{"@type":"ListItem","position":3,"name":"Chaise De Bar En Bois - Omega - Simili Cuir"}]},{"@type":"WebSite","@id":"https:\/\/intermob.be\/de\/#website","url":"https:\/\/intermob.be\/de\/","name":"Intermob","description":"","publisher":{"@id":"https:\/\/intermob.be\/de\/#organization"},"potentialAction":[{"@type":"SearchAction","target":{"@type":"EntryPoint","urlTemplate":"https:\/\/intermob.be\/de\/?s={search_term_string}"},"query-input":{"@type":"PropertyValueSpecification","valueRequired":true,"valueName":"search_term_string"}}],"inLanguage":"de"},{"@type":"Organization","@id":"https:\/\/intermob.be\/de\/#organization","name":"Intermob Mobilier","url":"https:\/\/intermob.be\/de\/","logo":{"@type":"ImageObject","inLanguage":"de","@id":"https:\/\/intermob.be\/de\/#\/schema\/logo\/image\/","url":"https:\/\/intermob.be\/wp-content\/uploads\/2025\/09\/intb-bold-logo.png","contentUrl":"https:\/\/intermob.be\/wp-content\/uploads\/2025\/09\/intb-bold-logo.png","width":480,"height":158,"caption":"Intermob Mobilier"},"image":{"@id":"https:\/\/intermob.be\/de\/#\/schema\/logo\/image\/"}}]}},"_links":{"self":[{"href":"https:\/\/intermob.be\/de\/wp-json\/wp\/v2\/product\/70118","targetHints":{"allow":["GET"]}}],"collection":[{"href":"https:\/\/intermob.be\/de\/wp-json\/wp\/v2\/product"}],"about":[{"href":"https:\/\/intermob.be\/de\/wp-json\/wp\/v2\/types\/product"}],"replies":[{"embeddable":true,"href":"https:\/\/intermob.be\/de\/wp-json\/wp\/v2\/comments?post=70118"}],"version-history":[{"count":0,"href":"https:\/\/intermob.be\/de\/wp-json\/wp\/v2\/product\/70118\/revisions"}],"wp:featuredmedia":[{"embeddable":true,"href":"https:\/\/intermob.be\/de\/wp-json\/wp\/v2\/media\/70127"}],"wp:attachment":[{"href":"https:\/\/intermob.be\/de\/wp-json\/wp\/v2\/media?parent=70118"}],"wp:term":[{"taxonomy":"product_brand","embeddable":true,"href":"https:\/\/intermob.be\/de\/wp-json\/wp\/v2\/product_brand?post=70118"},{"taxonomy":"product_cat","embeddable":true,"href":"https:\/\/intermob.be\/de\/wp-json\/wp\/v2\/product_cat?post=70118"},{"taxonomy":"product_tag","embeddable":true,"href":"https:\/\/intermob.be\/de\/wp-json\/wp\/v2\/product_tag?post=70118"}],"curies":[{"name":"wp","href":"https:\/\/api.w.org\/{rel}","templated":true}]}}