{"id":70242,"date":"2012-08-06T14:51:00","date_gmt":"2012-08-06T14:51:00","guid":{"rendered":"https:\/\/intermob.be\/?post_type=product&#038;p=70242"},"modified":"2025-06-26T13:09:20","modified_gmt":"2025-06-26T13:09:20","slug":"horeca-sessel-omega","status":"publish","type":"product","link":"https:\/\/intermob.be\/de\/produkt\/horeca-sessel-omega\/","title":{"rendered":"Sessel - Omega - Kunstleder"},"content":{"rendered":"<p><span style=\"color: #000000;\">Dieser stilvolle Kunstleder-Armstuhl, erh\u00e4ltlich in verschiedenen Farben, kombiniert Eleganz und Komfort dank des hochwertigen wengefarbenen Buchenrahmens und der luxuri\u00f6sen Optik des Kunstleders. Die bequemen Armlehnen und die stabile Konstruktion machen diesen Stuhl perfekt f\u00fcr langfristigen Sitzkomfort in stark frequentierten Gastronomiebetrieben. Ideal f\u00fcr Restaurants, Caf\u00e9s und Bars, die eine einladende und raffinierte Atmosph\u00e4re schaffen m\u00f6chten, in der G\u00e4ste gerne l\u00e4nger verweilen und genie\u00dfen. Dank des pflegeleichten Materials sieht der Stuhl selbst bei intensiver Nutzung immer gepflegt und ansprechend aus \u2013 eine wertvolle Wahl f\u00fcr jede gastfreundliche Einrichtung.<\/span><\/p>\n<p><span style=\"color: #000000;\"><strong>Zus\u00e4tzliche Information:<\/strong><\/span><\/p>\n<ul>\n<li><span style=\"color: #000000;\">Lieferung mit einem Standard-Kunststoffgleitnagel<\/span><\/li>\n<li><span style=\"color: #000000;\">Lieferung gebrauchsfertig<\/span><\/li>\n<li><span style=\"color: #000000;\">Garantiertes europ\u00e4isches Produkt<\/span><\/li>\n<li><span style=\"color: #000000;\">1 Jahr Werksgarantie<\/span><\/li>\n<\/ul>\n<p><span style=\"color: #000000;\"><strong>In diesem Preis sind zus\u00e4tzlich 10 \u20ac f\u00fcr die empfohlene Schutzbehandlung f\u00fcr Verschlei\u00df und Farb\u00fcbertragung enthalten.<\/strong><\/span><\/p>\n","protected":false},"excerpt":{"rendered":"<p>Dieser stilvolle Kunstleder-Armstuhl, erh\u00e4ltlich in verschiedenen Farben, kombiniert Eleganz und Komfort dank des hochwertigen wengefarbenen Buchenrahmens und der luxuri\u00f6sen Optik<\/p>\n","protected":false},"featured_media":70281,"comment_status":"open","ping_status":"closed","template":"","meta":[],"product_brand":[],"product_cat":[10051],"product_tag":[17389,17390,17392,17388],"class_list":{"0":"post-70242","1":"product","2":"type-product","3":"status-publish","4":"has-post-thumbnail","6":"product_cat-sessel","7":"product_tag-horeca-meubelen","8":"product_tag-horeca-moebel","9":"product_tag-meubles-horeca","10":"product_tag-horeca-furniture","11":"pa_armrest-armrest-ja-de","12":"pa_frame-nicht-stapelbar-frame-de","13":"pa_product-arm-height-cm-69-arm-height-cm-de","14":"pa_product-color-color-schwarz-de","15":"pa_product-color-color-braun-de","16":"pa_product-color-color-cognac-de","17":"pa_product-color-color-taupe-de","18":"pa_product-color-color-rot-de","19":"pa_product-color-color-gruen-de","20":"pa_product-color-color-creme-de","21":"pa_product-frame-color-wenge-frame-color-de","22":"pa_product-material-buche-rahmen-material-de","23":"pa_product-more-colors-ja-de","24":"pa_product-more-dimensions-ja-de","25":"pa_product-seat-height-cm-49-seat-height-cm-de","26":"pa_product-seats-1-seats-de","27":"pa_product-upholstery-upholstery-kunstleder-de","28":"pa_product-usage-usage-innen-de","30":"first","31":"instock","32":"sale","33":"taxable","34":"shipping-taxable","35":"purchasable","36":"product-type-variable","37":"hc-var-color"},"yoast_head":"<!-- This site is optimized with the Yoast SEO plugin v26.4 - https:\/\/yoast.com\/wordpress\/plugins\/seo\/ -->\n<title>Horeca Sessel - Omega - Kunstleder<\/title>\n<meta name=\"robots\" content=\"index, follow, max-snippet:-1, max-image-preview:large, max-video-preview:-1\" \/>\n<link rel=\"canonical\" href=\"https:\/\/intermob.be\/de\/produkt\/horeca-sessel-omega\/\" \/>\n<meta property=\"og:locale\" content=\"de_DE\" \/>\n<meta property=\"og:type\" content=\"article\" \/>\n<meta property=\"og:title\" content=\"Horeca Sessel - Omega - Kunstleder\" \/>\n<meta property=\"og:description\" content=\"Dieser stilvolle Kunstleder-Armstuhl, erh\u00e4ltlich in verschiedenen Farben, kombiniert Eleganz und Komfort dank des hochwertigen wengefarbenen Buchenrahmens und der luxuri\u00f6sen Optik\" \/>\n<meta property=\"og:url\" content=\"https:\/\/intermob.be\/de\/produkt\/horeca-sessel-omega\/\" \/>\n<meta property=\"og:site_name\" content=\"Intermob Mobilier\" \/>\n<meta property=\"article:modified_time\" content=\"2025-06-26T13:09:20+00:00\" \/>\n<meta property=\"og:image\" content=\"https:\/\/intermob.be\/wp-content\/uploads\/2024\/03\/products-Horeca-Fauteuil-\u2013-Omega-\u2013-Zwart-2.jpg\" \/>\n\t<meta property=\"og:image:width\" content=\"800\" \/>\n\t<meta property=\"og:image:height\" content=\"800\" \/>\n\t<meta property=\"og:image:type\" content=\"image\/jpeg\" \/>\n<meta name=\"twitter:card\" content=\"summary_large_image\" \/>\n<meta name=\"twitter:label1\" content=\"Gesch\u00e4tzte Lesezeit\" \/>\n\t<meta name=\"twitter:data1\" content=\"1\u00a0Minute\" \/>\n<script type=\"application\/ld+json\" class=\"yoast-schema-graph\">{\"@context\":\"https:\/\/schema.org\",\"@graph\":[{\"@type\":\"WebPage\",\"@id\":\"https:\/\/intermob.be\/de\/produkt\/horeca-sessel-omega\/\",\"url\":\"https:\/\/intermob.be\/de\/produkt\/horeca-sessel-omega\/\",\"name\":\"Horeca Sessel - Omega - Kunstleder\",\"isPartOf\":{\"@id\":\"https:\/\/intermob.be\/de\/#website\"},\"primaryImageOfPage\":{\"@id\":\"https:\/\/intermob.be\/de\/produkt\/horeca-sessel-omega\/#primaryimage\"},\"image\":{\"@id\":\"https:\/\/intermob.be\/de\/produkt\/horeca-sessel-omega\/#primaryimage\"},\"thumbnailUrl\":\"https:\/\/intermob.be\/wp-content\/uploads\/2024\/03\/products-Horeca-Fauteuil-\u2013-Omega-\u2013-Zwart-2.jpg\",\"datePublished\":\"2012-08-06T14:51:00+00:00\",\"dateModified\":\"2025-06-26T13:09:20+00:00\",\"breadcrumb\":{\"@id\":\"https:\/\/intermob.be\/de\/produkt\/horeca-sessel-omega\/#breadcrumb\"},\"inLanguage\":\"de\",\"potentialAction\":[{\"@type\":\"ReadAction\",\"target\":[\"https:\/\/intermob.be\/de\/produkt\/horeca-sessel-omega\/\"]}]},{\"@type\":\"ImageObject\",\"inLanguage\":\"de\",\"@id\":\"https:\/\/intermob.be\/de\/produkt\/horeca-sessel-omega\/#primaryimage\",\"url\":\"https:\/\/intermob.be\/wp-content\/uploads\/2024\/03\/products-Horeca-Fauteuil-\u2013-Omega-\u2013-Zwart-2.jpg\",\"contentUrl\":\"https:\/\/intermob.be\/wp-content\/uploads\/2024\/03\/products-Horeca-Fauteuil-\u2013-Omega-\u2013-Zwart-2.jpg\",\"width\":800,\"height\":800,\"caption\":\"Horeca Fauteuil \u2013 Omega \u2013 Zwart\"},{\"@type\":\"BreadcrumbList\",\"@id\":\"https:\/\/intermob.be\/de\/produkt\/horeca-sessel-omega\/#breadcrumb\",\"itemListElement\":[{\"@type\":\"ListItem\",\"position\":1,\"name\":\"Home\",\"item\":\"https:\/\/intermob.be\/de\/\"},{\"@type\":\"ListItem\",\"position\":2,\"name\":\"Shop\",\"item\":\"https:\/\/intermob.be\/de\/shop\/\"},{\"@type\":\"ListItem\",\"position\":3,\"name\":\"Chaise Avec Accoudoirs - Omega - Simili Cuir\"}]},{\"@type\":\"WebSite\",\"@id\":\"https:\/\/intermob.be\/de\/#website\",\"url\":\"https:\/\/intermob.be\/de\/\",\"name\":\"Intermob\",\"description\":\"\",\"publisher\":{\"@id\":\"https:\/\/intermob.be\/de\/#organization\"},\"potentialAction\":[{\"@type\":\"SearchAction\",\"target\":{\"@type\":\"EntryPoint\",\"urlTemplate\":\"https:\/\/intermob.be\/de\/?s={search_term_string}\"},\"query-input\":{\"@type\":\"PropertyValueSpecification\",\"valueRequired\":true,\"valueName\":\"search_term_string\"}}],\"inLanguage\":\"de\"},{\"@type\":\"Organization\",\"@id\":\"https:\/\/intermob.be\/de\/#organization\",\"name\":\"Intermob Mobilier\",\"url\":\"https:\/\/intermob.be\/de\/\",\"logo\":{\"@type\":\"ImageObject\",\"inLanguage\":\"de\",\"@id\":\"https:\/\/intermob.be\/de\/#\/schema\/logo\/image\/\",\"url\":\"https:\/\/intermob.be\/wp-content\/uploads\/2025\/09\/intb-bold-logo.png\",\"contentUrl\":\"https:\/\/intermob.be\/wp-content\/uploads\/2025\/09\/intb-bold-logo.png\",\"width\":480,\"height\":158,\"caption\":\"Intermob Mobilier\"},\"image\":{\"@id\":\"https:\/\/intermob.be\/de\/#\/schema\/logo\/image\/\"}}]}<\/script>\n<!-- \/ Yoast SEO plugin. -->","yoast_head_json":{"title":"Horeca Sessel - Omega - Kunstleder","robots":{"index":"index","follow":"follow","max-snippet":"max-snippet:-1","max-image-preview":"max-image-preview:large","max-video-preview":"max-video-preview:-1"},"canonical":"https:\/\/intermob.be\/de\/produkt\/horeca-sessel-omega\/","og_locale":"de_DE","og_type":"article","og_title":"Horeca Sessel - Omega - Kunstleder","og_description":"Dieser stilvolle Kunstleder-Armstuhl, erh\u00e4ltlich in verschiedenen Farben, kombiniert Eleganz und Komfort dank des hochwertigen wengefarbenen Buchenrahmens und der luxuri\u00f6sen Optik","og_url":"https:\/\/intermob.be\/de\/produkt\/horeca-sessel-omega\/","og_site_name":"Intermob Mobilier","article_modified_time":"2025-06-26T13:09:20+00:00","og_image":[{"width":800,"height":800,"url":"https:\/\/intermob.be\/wp-content\/uploads\/2024\/03\/products-Horeca-Fauteuil-\u2013-Omega-\u2013-Zwart-2.jpg","type":"image\/jpeg"}],"twitter_card":"summary_large_image","twitter_misc":{"Gesch\u00e4tzte Lesezeit":"1\u00a0Minute"},"schema":{"@context":"https:\/\/schema.org","@graph":[{"@type":"WebPage","@id":"https:\/\/intermob.be\/de\/produkt\/horeca-sessel-omega\/","url":"https:\/\/intermob.be\/de\/produkt\/horeca-sessel-omega\/","name":"Horeca Sessel - Omega - Kunstleder","isPartOf":{"@id":"https:\/\/intermob.be\/de\/#website"},"primaryImageOfPage":{"@id":"https:\/\/intermob.be\/de\/produkt\/horeca-sessel-omega\/#primaryimage"},"image":{"@id":"https:\/\/intermob.be\/de\/produkt\/horeca-sessel-omega\/#primaryimage"},"thumbnailUrl":"https:\/\/intermob.be\/wp-content\/uploads\/2024\/03\/products-Horeca-Fauteuil-\u2013-Omega-\u2013-Zwart-2.jpg","datePublished":"2012-08-06T14:51:00+00:00","dateModified":"2025-06-26T13:09:20+00:00","breadcrumb":{"@id":"https:\/\/intermob.be\/de\/produkt\/horeca-sessel-omega\/#breadcrumb"},"inLanguage":"de","potentialAction":[{"@type":"ReadAction","target":["https:\/\/intermob.be\/de\/produkt\/horeca-sessel-omega\/"]}]},{"@type":"ImageObject","inLanguage":"de","@id":"https:\/\/intermob.be\/de\/produkt\/horeca-sessel-omega\/#primaryimage","url":"https:\/\/intermob.be\/wp-content\/uploads\/2024\/03\/products-Horeca-Fauteuil-\u2013-Omega-\u2013-Zwart-2.jpg","contentUrl":"https:\/\/intermob.be\/wp-content\/uploads\/2024\/03\/products-Horeca-Fauteuil-\u2013-Omega-\u2013-Zwart-2.jpg","width":800,"height":800,"caption":"Horeca Fauteuil \u2013 Omega \u2013 Zwart"},{"@type":"BreadcrumbList","@id":"https:\/\/intermob.be\/de\/produkt\/horeca-sessel-omega\/#breadcrumb","itemListElement":[{"@type":"ListItem","position":1,"name":"Home","item":"https:\/\/intermob.be\/de\/"},{"@type":"ListItem","position":2,"name":"Shop","item":"https:\/\/intermob.be\/de\/shop\/"},{"@type":"ListItem","position":3,"name":"Chaise Avec Accoudoirs - Omega - Simili Cuir"}]},{"@type":"WebSite","@id":"https:\/\/intermob.be\/de\/#website","url":"https:\/\/intermob.be\/de\/","name":"Intermob","description":"","publisher":{"@id":"https:\/\/intermob.be\/de\/#organization"},"potentialAction":[{"@type":"SearchAction","target":{"@type":"EntryPoint","urlTemplate":"https:\/\/intermob.be\/de\/?s={search_term_string}"},"query-input":{"@type":"PropertyValueSpecification","valueRequired":true,"valueName":"search_term_string"}}],"inLanguage":"de"},{"@type":"Organization","@id":"https:\/\/intermob.be\/de\/#organization","name":"Intermob Mobilier","url":"https:\/\/intermob.be\/de\/","logo":{"@type":"ImageObject","inLanguage":"de","@id":"https:\/\/intermob.be\/de\/#\/schema\/logo\/image\/","url":"https:\/\/intermob.be\/wp-content\/uploads\/2025\/09\/intb-bold-logo.png","contentUrl":"https:\/\/intermob.be\/wp-content\/uploads\/2025\/09\/intb-bold-logo.png","width":480,"height":158,"caption":"Intermob Mobilier"},"image":{"@id":"https:\/\/intermob.be\/de\/#\/schema\/logo\/image\/"}}]}},"_links":{"self":[{"href":"https:\/\/intermob.be\/de\/wp-json\/wp\/v2\/product\/70242","targetHints":{"allow":["GET"]}}],"collection":[{"href":"https:\/\/intermob.be\/de\/wp-json\/wp\/v2\/product"}],"about":[{"href":"https:\/\/intermob.be\/de\/wp-json\/wp\/v2\/types\/product"}],"replies":[{"embeddable":true,"href":"https:\/\/intermob.be\/de\/wp-json\/wp\/v2\/comments?post=70242"}],"version-history":[{"count":0,"href":"https:\/\/intermob.be\/de\/wp-json\/wp\/v2\/product\/70242\/revisions"}],"wp:featuredmedia":[{"embeddable":true,"href":"https:\/\/intermob.be\/de\/wp-json\/wp\/v2\/media\/70281"}],"wp:attachment":[{"href":"https:\/\/intermob.be\/de\/wp-json\/wp\/v2\/media?parent=70242"}],"wp:term":[{"taxonomy":"product_brand","embeddable":true,"href":"https:\/\/intermob.be\/de\/wp-json\/wp\/v2\/product_brand?post=70242"},{"taxonomy":"product_cat","embeddable":true,"href":"https:\/\/intermob.be\/de\/wp-json\/wp\/v2\/product_cat?post=70242"},{"taxonomy":"product_tag","embeddable":true,"href":"https:\/\/intermob.be\/de\/wp-json\/wp\/v2\/product_tag?post=70242"}],"curies":[{"name":"wp","href":"https:\/\/api.w.org\/{rel}","templated":true}]}}