{"id":70492,"date":"2012-08-11T00:43:54","date_gmt":"2012-08-11T00:43:54","guid":{"rendered":"https:\/\/intermob.be\/?post_type=product&#038;p=70492"},"modified":"2026-01-26T13:04:25","modified_gmt":"2026-01-26T13:04:25","slug":"horeca-stapelbar-terrassenstuhl-u507","status":"publish","type":"product","link":"https:\/\/intermob.be\/de\/produkt\/horeca-stapelbar-terrassenstuhl-u507\/","title":{"rendered":"Stapelbar Terrassenstuhl - U507 - Aluminium\/Rattan"},"content":{"rendered":"<p><span style=\"color: #000000;\">Erleben Sie die stilvolle und funktionale Ausstrahlung dieses Aluminium-Terrassen-Armstuhls in zeitlosem Schwarz und nat\u00fcrlichem Rattan-Look. Der robuste Aluminiumrahmen sorgt f\u00fcr eine stabile Konstruktion, w\u00e4hrend der Rattan-Stil dem Stuhl ein nat\u00fcrliches und einladendes Erscheinungsbild verleiht. Dieser Stuhl ist wasserfest, stapelbar und leicht zu reinigen, ideal f\u00fcr den intensiven Einsatz in Caf\u00e9s, Bistros, Restaurants und Bars.<\/span><\/p>\n<p><span style=\"color: #000000;\">Perfekt f\u00fcr Gastronomiebetriebe, die eine moderne und gem\u00fctliche Atmosph\u00e4re schaffen m\u00f6chten, in der sich G\u00e4ste drinnen wie drau\u00dfen bequem entspannen k\u00f6nnen. Dieser Terrassenstuhl kombiniert ein pflegeleichtes Design mit einer eleganten Optik und macht Ihren Au\u00dfenbereich sofort attraktiv f\u00fcr Kunden.<\/span><\/p>\n<p><span style=\"color: #000000;\"><strong>Zus\u00e4tzliche Informationen:<\/strong><\/span><\/p>\n<div>\n<ul>\n<li><span style=\"color: #000000;\">Leichter, widerstandsf\u00e4higer und wasserdichter Aluminiumrahmen<\/span><\/li>\n<li><span style=\"color: #000000;\">tapelbar zur einfachen Aufbewahrung (bis zu 12 St\u00fchle gleichzeitig)<\/span><\/li>\n<\/ul>\n<\/div>\n","protected":false},"excerpt":{"rendered":"<p>Erleben Sie die stilvolle und funktionale Ausstrahlung dieses Aluminium-Terrassen-Armstuhls in zeitlosem Schwarz und nat\u00fcrlichem Rattan-Look. Der robuste Aluminiumrahmen sorgt f\u00fcr<\/p>\n","protected":false},"featured_media":70493,"comment_status":"open","ping_status":"closed","template":"","meta":[],"product_brand":[],"product_cat":[9783],"product_tag":[17388,17390,17392],"class_list":{"0":"post-70492","1":"product","2":"type-product","3":"status-publish","4":"has-post-thumbnail","6":"product_cat-terrassenstuhl","7":"product_tag-horeca-furniture","8":"product_tag-horeca-moebel","9":"product_tag-meubles-horeca","10":"pa_armrest-armrest-ja-de","11":"pa_diameter-tube-mm-180-diameter-tube-mm-de","12":"pa_frame-stapelbar-frame-de","13":"pa_product-color-color-schwarz-de","14":"pa_product-color-color-natuerliche-de","15":"pa_product-frame-color-silber-frame-color-de","16":"pa_product-material-material-aluminium-de","17":"pa_product-material-material-rattan-de","18":"pa_product-more-colors-ja-de","19":"pa_product-seat-height-cm-43-seat-height-cm-de","20":"pa_product-seats-1-seats-de","21":"pa_product-usage-usage-innen-draussen-de","22":"pa_tube-frame-mm-25-tube-frame-mm-de","24":"first","25":"instock","26":"sale","27":"featured","28":"taxable","29":"shipping-taxable","30":"purchasable","31":"product-type-variable","32":"hc-var-color"},"yoast_head":"<!-- This site is optimized with the Yoast SEO plugin v26.4 - https:\/\/yoast.com\/wordpress\/plugins\/seo\/ -->\n<title>Horeca Stapelbar Terrassenstuhl - U507 - Aluminium\/Rattan<\/title>\n<meta name=\"robots\" content=\"index, follow, max-snippet:-1, max-image-preview:large, max-video-preview:-1\" \/>\n<link rel=\"canonical\" href=\"https:\/\/intermob.be\/de\/produkt\/horeca-stapelbar-terrassenstuhl-u507\/\" \/>\n<meta property=\"og:locale\" content=\"de_DE\" \/>\n<meta property=\"og:type\" content=\"article\" \/>\n<meta property=\"og:title\" content=\"Horeca Stapelbar Terrassenstuhl - U507 - Aluminium\/Rattan\" \/>\n<meta property=\"og:description\" content=\"Erleben Sie die stilvolle und funktionale Ausstrahlung dieses Aluminium-Terrassen-Armstuhls in zeitlosem Schwarz und nat\u00fcrlichem Rattan-Look. Der robuste Aluminiumrahmen sorgt f\u00fcr\" \/>\n<meta property=\"og:url\" content=\"https:\/\/intermob.be\/de\/produkt\/horeca-stapelbar-terrassenstuhl-u507\/\" \/>\n<meta property=\"og:site_name\" content=\"Intermob Mobilier\" \/>\n<meta property=\"article:modified_time\" content=\"2026-01-26T13:04:25+00:00\" \/>\n<meta property=\"og:image\" content=\"https:\/\/intermob.be\/wp-content\/uploads\/2024\/03\/products-Stapelbaar-Horeca-Terrasstoel-U507-Zwart-2.jpg\" \/>\n\t<meta property=\"og:image:width\" content=\"800\" \/>\n\t<meta property=\"og:image:height\" content=\"800\" \/>\n\t<meta property=\"og:image:type\" content=\"image\/jpeg\" \/>\n<meta name=\"twitter:card\" content=\"summary_large_image\" \/>\n<meta name=\"twitter:label1\" content=\"Gesch\u00e4tzte Lesezeit\" \/>\n\t<meta name=\"twitter:data1\" content=\"1\u00a0Minute\" \/>\n<script type=\"application\/ld+json\" class=\"yoast-schema-graph\">{\"@context\":\"https:\/\/schema.org\",\"@graph\":[{\"@type\":\"WebPage\",\"@id\":\"https:\/\/intermob.be\/de\/produkt\/horeca-stapelbar-terrassenstuhl-u507\/\",\"url\":\"https:\/\/intermob.be\/de\/produkt\/horeca-stapelbar-terrassenstuhl-u507\/\",\"name\":\"Horeca Stapelbar Terrassenstuhl - U507 - Aluminium\/Rattan\",\"isPartOf\":{\"@id\":\"https:\/\/intermob.be\/de\/#website\"},\"primaryImageOfPage\":{\"@id\":\"https:\/\/intermob.be\/de\/produkt\/horeca-stapelbar-terrassenstuhl-u507\/#primaryimage\"},\"image\":{\"@id\":\"https:\/\/intermob.be\/de\/produkt\/horeca-stapelbar-terrassenstuhl-u507\/#primaryimage\"},\"thumbnailUrl\":\"https:\/\/intermob.be\/wp-content\/uploads\/2024\/03\/products-Stapelbaar-Horeca-Terrasstoel-U507-Zwart-2.jpg\",\"datePublished\":\"2012-08-11T00:43:54+00:00\",\"dateModified\":\"2026-01-26T13:04:25+00:00\",\"breadcrumb\":{\"@id\":\"https:\/\/intermob.be\/de\/produkt\/horeca-stapelbar-terrassenstuhl-u507\/#breadcrumb\"},\"inLanguage\":\"de\",\"potentialAction\":[{\"@type\":\"ReadAction\",\"target\":[\"https:\/\/intermob.be\/de\/produkt\/horeca-stapelbar-terrassenstuhl-u507\/\"]}]},{\"@type\":\"ImageObject\",\"inLanguage\":\"de\",\"@id\":\"https:\/\/intermob.be\/de\/produkt\/horeca-stapelbar-terrassenstuhl-u507\/#primaryimage\",\"url\":\"https:\/\/intermob.be\/wp-content\/uploads\/2024\/03\/products-Stapelbaar-Horeca-Terrasstoel-U507-Zwart-2.jpg\",\"contentUrl\":\"https:\/\/intermob.be\/wp-content\/uploads\/2024\/03\/products-Stapelbaar-Horeca-Terrasstoel-U507-Zwart-2.jpg\",\"width\":800,\"height\":800,\"caption\":\"Stapelbaar Horeca Terrasstoel - U507 - Zwart\"},{\"@type\":\"BreadcrumbList\",\"@id\":\"https:\/\/intermob.be\/de\/produkt\/horeca-stapelbar-terrassenstuhl-u507\/#breadcrumb\",\"itemListElement\":[{\"@type\":\"ListItem\",\"position\":1,\"name\":\"Home\",\"item\":\"https:\/\/intermob.be\/de\/\"},{\"@type\":\"ListItem\",\"position\":2,\"name\":\"Shop\",\"item\":\"https:\/\/intermob.be\/de\/shop\/\"},{\"@type\":\"ListItem\",\"position\":3,\"name\":\"Stapelbar Terrassenstuhl - U507 - Aluminium\/Rattan\"}]},{\"@type\":\"WebSite\",\"@id\":\"https:\/\/intermob.be\/de\/#website\",\"url\":\"https:\/\/intermob.be\/de\/\",\"name\":\"Intermob\",\"description\":\"\",\"publisher\":{\"@id\":\"https:\/\/intermob.be\/de\/#organization\"},\"potentialAction\":[{\"@type\":\"SearchAction\",\"target\":{\"@type\":\"EntryPoint\",\"urlTemplate\":\"https:\/\/intermob.be\/de\/?s={search_term_string}\"},\"query-input\":{\"@type\":\"PropertyValueSpecification\",\"valueRequired\":true,\"valueName\":\"search_term_string\"}}],\"inLanguage\":\"de\"},{\"@type\":\"Organization\",\"@id\":\"https:\/\/intermob.be\/de\/#organization\",\"name\":\"Intermob Mobilier\",\"url\":\"https:\/\/intermob.be\/de\/\",\"logo\":{\"@type\":\"ImageObject\",\"inLanguage\":\"de\",\"@id\":\"https:\/\/intermob.be\/de\/#\/schema\/logo\/image\/\",\"url\":\"https:\/\/intermob.be\/wp-content\/uploads\/2025\/09\/intb-bold-logo.png\",\"contentUrl\":\"https:\/\/intermob.be\/wp-content\/uploads\/2025\/09\/intb-bold-logo.png\",\"width\":480,\"height\":158,\"caption\":\"Intermob Mobilier\"},\"image\":{\"@id\":\"https:\/\/intermob.be\/de\/#\/schema\/logo\/image\/\"}}]}<\/script>\n<!-- \/ Yoast SEO plugin. -->","yoast_head_json":{"title":"Horeca Stapelbar Terrassenstuhl - U507 - Aluminium\/Rattan","robots":{"index":"index","follow":"follow","max-snippet":"max-snippet:-1","max-image-preview":"max-image-preview:large","max-video-preview":"max-video-preview:-1"},"canonical":"https:\/\/intermob.be\/de\/produkt\/horeca-stapelbar-terrassenstuhl-u507\/","og_locale":"de_DE","og_type":"article","og_title":"Horeca Stapelbar Terrassenstuhl - U507 - Aluminium\/Rattan","og_description":"Erleben Sie die stilvolle und funktionale Ausstrahlung dieses Aluminium-Terrassen-Armstuhls in zeitlosem Schwarz und nat\u00fcrlichem Rattan-Look. Der robuste Aluminiumrahmen sorgt f\u00fcr","og_url":"https:\/\/intermob.be\/de\/produkt\/horeca-stapelbar-terrassenstuhl-u507\/","og_site_name":"Intermob Mobilier","article_modified_time":"2026-01-26T13:04:25+00:00","og_image":[{"width":800,"height":800,"url":"https:\/\/intermob.be\/wp-content\/uploads\/2024\/03\/products-Stapelbaar-Horeca-Terrasstoel-U507-Zwart-2.jpg","type":"image\/jpeg"}],"twitter_card":"summary_large_image","twitter_misc":{"Gesch\u00e4tzte Lesezeit":"1\u00a0Minute"},"schema":{"@context":"https:\/\/schema.org","@graph":[{"@type":"WebPage","@id":"https:\/\/intermob.be\/de\/produkt\/horeca-stapelbar-terrassenstuhl-u507\/","url":"https:\/\/intermob.be\/de\/produkt\/horeca-stapelbar-terrassenstuhl-u507\/","name":"Horeca Stapelbar Terrassenstuhl - U507 - Aluminium\/Rattan","isPartOf":{"@id":"https:\/\/intermob.be\/de\/#website"},"primaryImageOfPage":{"@id":"https:\/\/intermob.be\/de\/produkt\/horeca-stapelbar-terrassenstuhl-u507\/#primaryimage"},"image":{"@id":"https:\/\/intermob.be\/de\/produkt\/horeca-stapelbar-terrassenstuhl-u507\/#primaryimage"},"thumbnailUrl":"https:\/\/intermob.be\/wp-content\/uploads\/2024\/03\/products-Stapelbaar-Horeca-Terrasstoel-U507-Zwart-2.jpg","datePublished":"2012-08-11T00:43:54+00:00","dateModified":"2026-01-26T13:04:25+00:00","breadcrumb":{"@id":"https:\/\/intermob.be\/de\/produkt\/horeca-stapelbar-terrassenstuhl-u507\/#breadcrumb"},"inLanguage":"de","potentialAction":[{"@type":"ReadAction","target":["https:\/\/intermob.be\/de\/produkt\/horeca-stapelbar-terrassenstuhl-u507\/"]}]},{"@type":"ImageObject","inLanguage":"de","@id":"https:\/\/intermob.be\/de\/produkt\/horeca-stapelbar-terrassenstuhl-u507\/#primaryimage","url":"https:\/\/intermob.be\/wp-content\/uploads\/2024\/03\/products-Stapelbaar-Horeca-Terrasstoel-U507-Zwart-2.jpg","contentUrl":"https:\/\/intermob.be\/wp-content\/uploads\/2024\/03\/products-Stapelbaar-Horeca-Terrasstoel-U507-Zwart-2.jpg","width":800,"height":800,"caption":"Stapelbaar Horeca Terrasstoel - U507 - Zwart"},{"@type":"BreadcrumbList","@id":"https:\/\/intermob.be\/de\/produkt\/horeca-stapelbar-terrassenstuhl-u507\/#breadcrumb","itemListElement":[{"@type":"ListItem","position":1,"name":"Home","item":"https:\/\/intermob.be\/de\/"},{"@type":"ListItem","position":2,"name":"Shop","item":"https:\/\/intermob.be\/de\/shop\/"},{"@type":"ListItem","position":3,"name":"Stapelbar Terrassenstuhl - U507 - Aluminium\/Rattan"}]},{"@type":"WebSite","@id":"https:\/\/intermob.be\/de\/#website","url":"https:\/\/intermob.be\/de\/","name":"Intermob","description":"","publisher":{"@id":"https:\/\/intermob.be\/de\/#organization"},"potentialAction":[{"@type":"SearchAction","target":{"@type":"EntryPoint","urlTemplate":"https:\/\/intermob.be\/de\/?s={search_term_string}"},"query-input":{"@type":"PropertyValueSpecification","valueRequired":true,"valueName":"search_term_string"}}],"inLanguage":"de"},{"@type":"Organization","@id":"https:\/\/intermob.be\/de\/#organization","name":"Intermob Mobilier","url":"https:\/\/intermob.be\/de\/","logo":{"@type":"ImageObject","inLanguage":"de","@id":"https:\/\/intermob.be\/de\/#\/schema\/logo\/image\/","url":"https:\/\/intermob.be\/wp-content\/uploads\/2025\/09\/intb-bold-logo.png","contentUrl":"https:\/\/intermob.be\/wp-content\/uploads\/2025\/09\/intb-bold-logo.png","width":480,"height":158,"caption":"Intermob Mobilier"},"image":{"@id":"https:\/\/intermob.be\/de\/#\/schema\/logo\/image\/"}}]}},"_links":{"self":[{"href":"https:\/\/intermob.be\/de\/wp-json\/wp\/v2\/product\/70492","targetHints":{"allow":["GET"]}}],"collection":[{"href":"https:\/\/intermob.be\/de\/wp-json\/wp\/v2\/product"}],"about":[{"href":"https:\/\/intermob.be\/de\/wp-json\/wp\/v2\/types\/product"}],"replies":[{"embeddable":true,"href":"https:\/\/intermob.be\/de\/wp-json\/wp\/v2\/comments?post=70492"}],"version-history":[{"count":1,"href":"https:\/\/intermob.be\/de\/wp-json\/wp\/v2\/product\/70492\/revisions"}],"predecessor-version":[{"id":156709,"href":"https:\/\/intermob.be\/de\/wp-json\/wp\/v2\/product\/70492\/revisions\/156709"}],"wp:featuredmedia":[{"embeddable":true,"href":"https:\/\/intermob.be\/de\/wp-json\/wp\/v2\/media\/70493"}],"wp:attachment":[{"href":"https:\/\/intermob.be\/de\/wp-json\/wp\/v2\/media?parent=70492"}],"wp:term":[{"taxonomy":"product_brand","embeddable":true,"href":"https:\/\/intermob.be\/de\/wp-json\/wp\/v2\/product_brand?post=70492"},{"taxonomy":"product_cat","embeddable":true,"href":"https:\/\/intermob.be\/de\/wp-json\/wp\/v2\/product_cat?post=70492"},{"taxonomy":"product_tag","embeddable":true,"href":"https:\/\/intermob.be\/de\/wp-json\/wp\/v2\/product_tag?post=70492"}],"curies":[{"name":"wp","href":"https:\/\/api.w.org\/{rel}","templated":true}]}}