{"id":70508,"date":"2012-08-13T01:58:44","date_gmt":"2012-08-13T01:58:44","guid":{"rendered":"https:\/\/intermob.be\/?post_type=product&#038;p=70508"},"modified":"2025-10-13T08:53:11","modified_gmt":"2025-10-13T08:53:11","slug":"horeca-terrassentisch-rund-eschenholz-u428-60-cm","status":"publish","type":"product","link":"https:\/\/intermob.be\/de\/produkt\/horeca-terrassentisch-rund-eschenholz-u428-60-cm\/","title":{"rendered":"Runder Terrasse Tisch Eschenholz - U428 - 60 Cm"},"content":{"rendered":"<div id=\"article-detail-title\">\n<p><span style=\"color: #000000\">Holz ist ein nat\u00fcrliches Material, dessen Aussehen sich verschlechtert, wenn es drau\u00dfen gelassen wird. Eine Oberfl\u00e4chenbeschichtung ist wichtig, um sie zu sch\u00fctzen durch vorzeitiges Rei\u00dfen \/ Spalten von Holz bei Witterungseinfl\u00fcssen. Das Finish muss regelm\u00e4\u00dfig gewartet werden um sicherzustellen, dass das Holz vor Feuchtigkeit gesch\u00fctzt ist und die M\u00f6bel optimal aussehen. Um das Aussehen des Holzes zu erhalten, sollten Teak\u00f6lbeschichtungen regelm\u00e4\u00dfig gem\u00e4\u00df dem Anweisungen mit dem \u00d6l geliefert. Die H\u00e4ufigkeit h\u00e4ngt von den Wetterbedingungen ab. Wir empfehlen, einen Sonnenschirm in exponierter Position zu verwenden, um zu verhindern, dass \u00d6le austrocknen und abbl\u00e4ttern. Dies hilft dabei, das Aussehen der Tischoberfl\u00e4che beizubehalten. Um sein Aussehen zu erhalten, m\u00fcssen diese Holzm\u00f6bel vor Unwettern gesch\u00fctzt und darunter gelagert werden Abdeckung im Winter. Die M\u00f6bel sollten vor und nach dem Verlegen gro\u00dfz\u00fcgig mit \u00d6l beschichtet werden aus dem Lager genommen. Wenn Sie Ihre M\u00f6bel nicht behandeln, werden sie grau und rissig. Leichte Schleifdose Stellen Sie die urspr\u00fcngliche Farbe wieder her. Danach kann Teak\u00f6l gem\u00e4\u00df den obigen Anweisungen regelm\u00e4\u00dfig aufgetragen werden. Attraktiver Tisch mit Eschenholzplatte und stabiler, schwerer Basis. Die Klinge ist vorbehandelt und daher witterungsbest\u00e4ndig. Bestellen Sie GDL476 Rustins Teak\u00f6l f\u00fcr die Klingenwartung.<\/span><\/p>\n<p><span style=\"color: #000000\"><strong>Zus\u00e4tzliche Information:<\/strong><\/span><\/p>\n<\/div>\n<ul>\n<li><span style=\"color: #000000\">Vorbehandelte Eschenholzplatte mit Aluminiumkante<\/span><\/li>\n<li><span style=\"color: #000000\">Aluminiumbasis<\/span><\/li>\n<li><span style=\"color: #000000\">Flach verpackt f\u00fcr einfache Selbstmontage<\/span><\/li>\n<li><span style=\"color: #000000\">Kompakte Verpackung<\/span><\/li>\n<li><span style=\"color: #000000\">Das zur Montage ben\u00f6tigte Material ist im Karton enthalten<\/span><\/li>\n<li><span style=\"color: #000000\">Behandeln Sie das Holz regelm\u00e4\u00dfig und vor Gebrauch mit dem \u00d6l \u2013 so bleibt es wie neu<\/span><\/li>\n<\/ul>\n","protected":false},"excerpt":{"rendered":"<p>Holz ist ein nat\u00fcrliches Material, dessen Aussehen sich verschlechtert, wenn es drau\u00dfen gelassen wird. Eine Oberfl\u00e4chenbeschichtung ist wichtig, um sie<\/p>\n","protected":false},"featured_media":70509,"comment_status":"open","ping_status":"closed","template":"","meta":[],"product_brand":[],"product_cat":[16745,9987],"product_tag":[],"class_list":{"0":"post-70508","1":"product","2":"type-product","3":"status-publish","4":"has-post-thumbnail","6":"product_cat-solange-der-vorrat-reicht","7":"product_cat-eschenholz-tisch-sortiment","8":"pa_product-frame-color-silber-frame-color-de","9":"pa_product-more-colors-ja-de","10":"pa_product-more-dimensions-ja-de","11":"pa_product-tabletop-color-holzoptik-tabletop-color-de","12":"pa_table-height-cm-72-cm-de","14":"first","15":"instock","16":"sale","17":"taxable","18":"shipping-taxable","19":"purchasable","20":"product-type-simple"},"yoast_head":"<!-- This site is optimized with the Yoast SEO plugin v26.4 - https:\/\/yoast.com\/wordpress\/plugins\/seo\/ -->\n<title>Horeca Terrassentisch Rund Eschenholz - U428 - 60 Cm<\/title>\n<meta name=\"description\" content=\"Entdecken Sie unseren runden Terrassentisch aus Esche \u00d8 60 cm. Dieser Tisch mit seinem silberfarbenen Aluminiumfu\u00df wird Ihre Terrasse erfolgreich schm\u00fccken.\" \/>\n<meta name=\"robots\" content=\"index, follow, max-snippet:-1, max-image-preview:large, max-video-preview:-1\" \/>\n<link rel=\"canonical\" href=\"https:\/\/intermob.be\/de\/produkt\/horeca-terrassentisch-rund-eschenholz-u428-60-cm\/\" \/>\n<meta property=\"og:locale\" content=\"de_DE\" \/>\n<meta property=\"og:type\" content=\"article\" \/>\n<meta property=\"og:title\" content=\"Horeca Terrassentisch Rund Eschenholz - U428 - 60 Cm\" \/>\n<meta property=\"og:description\" content=\"Entdecken Sie unseren runden Terrassentisch aus Esche \u00d8 60 cm. Dieser Tisch mit seinem silberfarbenen Aluminiumfu\u00df wird Ihre Terrasse erfolgreich schm\u00fccken.\" \/>\n<meta property=\"og:url\" content=\"https:\/\/intermob.be\/de\/produkt\/horeca-terrassentisch-rund-eschenholz-u428-60-cm\/\" \/>\n<meta property=\"og:site_name\" content=\"Intermob Mobilier\" \/>\n<meta property=\"article:modified_time\" content=\"2025-10-13T08:53:11+00:00\" \/>\n<meta property=\"og:image\" content=\"https:\/\/intermob.be\/wp-content\/uploads\/2024\/03\/products-Horeca-Terras-Tafel-Rond-Essenhout-\u2013-U428-\u2013-60-Cm-2.jpg\" \/>\n\t<meta property=\"og:image:width\" content=\"800\" \/>\n\t<meta property=\"og:image:height\" content=\"800\" \/>\n\t<meta property=\"og:image:type\" content=\"image\/jpeg\" \/>\n<meta name=\"twitter:card\" content=\"summary_large_image\" \/>\n<meta name=\"twitter:label1\" content=\"Gesch\u00e4tzte Lesezeit\" \/>\n\t<meta name=\"twitter:data1\" content=\"2\u00a0Minuten\" \/>\n<script type=\"application\/ld+json\" class=\"yoast-schema-graph\">{\"@context\":\"https:\/\/schema.org\",\"@graph\":[{\"@type\":\"WebPage\",\"@id\":\"https:\/\/intermob.be\/de\/produkt\/horeca-terrassentisch-rund-eschenholz-u428-60-cm\/\",\"url\":\"https:\/\/intermob.be\/de\/produkt\/horeca-terrassentisch-rund-eschenholz-u428-60-cm\/\",\"name\":\"Horeca Terrassentisch Rund Eschenholz - U428 - 60 Cm\",\"isPartOf\":{\"@id\":\"https:\/\/intermob.be\/de\/#website\"},\"primaryImageOfPage\":{\"@id\":\"https:\/\/intermob.be\/de\/produkt\/horeca-terrassentisch-rund-eschenholz-u428-60-cm\/#primaryimage\"},\"image\":{\"@id\":\"https:\/\/intermob.be\/de\/produkt\/horeca-terrassentisch-rund-eschenholz-u428-60-cm\/#primaryimage\"},\"thumbnailUrl\":\"https:\/\/intermob.be\/wp-content\/uploads\/2024\/03\/products-Horeca-Terras-Tafel-Rond-Essenhout-\u2013-U428-\u2013-60-Cm-2.jpg\",\"datePublished\":\"2012-08-13T01:58:44+00:00\",\"dateModified\":\"2025-10-13T08:53:11+00:00\",\"description\":\"Entdecken Sie unseren runden Terrassentisch aus Esche \u00d8 60 cm. Dieser Tisch mit seinem silberfarbenen Aluminiumfu\u00df wird Ihre Terrasse erfolgreich schm\u00fccken.\",\"breadcrumb\":{\"@id\":\"https:\/\/intermob.be\/de\/produkt\/horeca-terrassentisch-rund-eschenholz-u428-60-cm\/#breadcrumb\"},\"inLanguage\":\"de\",\"potentialAction\":[{\"@type\":\"ReadAction\",\"target\":[\"https:\/\/intermob.be\/de\/produkt\/horeca-terrassentisch-rund-eschenholz-u428-60-cm\/\"]}]},{\"@type\":\"ImageObject\",\"inLanguage\":\"de\",\"@id\":\"https:\/\/intermob.be\/de\/produkt\/horeca-terrassentisch-rund-eschenholz-u428-60-cm\/#primaryimage\",\"url\":\"https:\/\/intermob.be\/wp-content\/uploads\/2024\/03\/products-Horeca-Terras-Tafel-Rond-Essenhout-\u2013-U428-\u2013-60-Cm-2.jpg\",\"contentUrl\":\"https:\/\/intermob.be\/wp-content\/uploads\/2024\/03\/products-Horeca-Terras-Tafel-Rond-Essenhout-\u2013-U428-\u2013-60-Cm-2.jpg\",\"width\":800,\"height\":800,\"caption\":\"Horeca Terras Tafel Rond Essenhout \u2013 U428 \u2013 60 Cm\"},{\"@type\":\"BreadcrumbList\",\"@id\":\"https:\/\/intermob.be\/de\/produkt\/horeca-terrassentisch-rund-eschenholz-u428-60-cm\/#breadcrumb\",\"itemListElement\":[{\"@type\":\"ListItem\",\"position\":1,\"name\":\"Home\",\"item\":\"https:\/\/intermob.be\/de\/\"},{\"@type\":\"ListItem\",\"position\":2,\"name\":\"Shop\",\"item\":\"https:\/\/intermob.be\/de\/shop\/\"},{\"@type\":\"ListItem\",\"position\":3,\"name\":\"Table De Terrasse Ronde En Fr\u00eane - U428 - 60 Cm\"}]},{\"@type\":\"WebSite\",\"@id\":\"https:\/\/intermob.be\/de\/#website\",\"url\":\"https:\/\/intermob.be\/de\/\",\"name\":\"Intermob\",\"description\":\"\",\"publisher\":{\"@id\":\"https:\/\/intermob.be\/de\/#organization\"},\"potentialAction\":[{\"@type\":\"SearchAction\",\"target\":{\"@type\":\"EntryPoint\",\"urlTemplate\":\"https:\/\/intermob.be\/de\/?s={search_term_string}\"},\"query-input\":{\"@type\":\"PropertyValueSpecification\",\"valueRequired\":true,\"valueName\":\"search_term_string\"}}],\"inLanguage\":\"de\"},{\"@type\":\"Organization\",\"@id\":\"https:\/\/intermob.be\/de\/#organization\",\"name\":\"Intermob Mobilier\",\"url\":\"https:\/\/intermob.be\/de\/\",\"logo\":{\"@type\":\"ImageObject\",\"inLanguage\":\"de\",\"@id\":\"https:\/\/intermob.be\/de\/#\/schema\/logo\/image\/\",\"url\":\"https:\/\/intermob.be\/wp-content\/uploads\/2025\/09\/intb-bold-logo.png\",\"contentUrl\":\"https:\/\/intermob.be\/wp-content\/uploads\/2025\/09\/intb-bold-logo.png\",\"width\":480,\"height\":158,\"caption\":\"Intermob Mobilier\"},\"image\":{\"@id\":\"https:\/\/intermob.be\/de\/#\/schema\/logo\/image\/\"}}]}<\/script>\n<!-- \/ Yoast SEO plugin. -->","yoast_head_json":{"title":"Horeca Terrassentisch Rund Eschenholz - U428 - 60 Cm","description":"Entdecken Sie unseren runden Terrassentisch aus Esche \u00d8 60 cm. Dieser Tisch mit seinem silberfarbenen Aluminiumfu\u00df wird Ihre Terrasse erfolgreich schm\u00fccken.","robots":{"index":"index","follow":"follow","max-snippet":"max-snippet:-1","max-image-preview":"max-image-preview:large","max-video-preview":"max-video-preview:-1"},"canonical":"https:\/\/intermob.be\/de\/produkt\/horeca-terrassentisch-rund-eschenholz-u428-60-cm\/","og_locale":"de_DE","og_type":"article","og_title":"Horeca Terrassentisch Rund Eschenholz - U428 - 60 Cm","og_description":"Entdecken Sie unseren runden Terrassentisch aus Esche \u00d8 60 cm. Dieser Tisch mit seinem silberfarbenen Aluminiumfu\u00df wird Ihre Terrasse erfolgreich schm\u00fccken.","og_url":"https:\/\/intermob.be\/de\/produkt\/horeca-terrassentisch-rund-eschenholz-u428-60-cm\/","og_site_name":"Intermob Mobilier","article_modified_time":"2025-10-13T08:53:11+00:00","og_image":[{"width":800,"height":800,"url":"https:\/\/intermob.be\/wp-content\/uploads\/2024\/03\/products-Horeca-Terras-Tafel-Rond-Essenhout-\u2013-U428-\u2013-60-Cm-2.jpg","type":"image\/jpeg"}],"twitter_card":"summary_large_image","twitter_misc":{"Gesch\u00e4tzte Lesezeit":"2\u00a0Minuten"},"schema":{"@context":"https:\/\/schema.org","@graph":[{"@type":"WebPage","@id":"https:\/\/intermob.be\/de\/produkt\/horeca-terrassentisch-rund-eschenholz-u428-60-cm\/","url":"https:\/\/intermob.be\/de\/produkt\/horeca-terrassentisch-rund-eschenholz-u428-60-cm\/","name":"Horeca Terrassentisch Rund Eschenholz - U428 - 60 Cm","isPartOf":{"@id":"https:\/\/intermob.be\/de\/#website"},"primaryImageOfPage":{"@id":"https:\/\/intermob.be\/de\/produkt\/horeca-terrassentisch-rund-eschenholz-u428-60-cm\/#primaryimage"},"image":{"@id":"https:\/\/intermob.be\/de\/produkt\/horeca-terrassentisch-rund-eschenholz-u428-60-cm\/#primaryimage"},"thumbnailUrl":"https:\/\/intermob.be\/wp-content\/uploads\/2024\/03\/products-Horeca-Terras-Tafel-Rond-Essenhout-\u2013-U428-\u2013-60-Cm-2.jpg","datePublished":"2012-08-13T01:58:44+00:00","dateModified":"2025-10-13T08:53:11+00:00","description":"Entdecken Sie unseren runden Terrassentisch aus Esche \u00d8 60 cm. Dieser Tisch mit seinem silberfarbenen Aluminiumfu\u00df wird Ihre Terrasse erfolgreich schm\u00fccken.","breadcrumb":{"@id":"https:\/\/intermob.be\/de\/produkt\/horeca-terrassentisch-rund-eschenholz-u428-60-cm\/#breadcrumb"},"inLanguage":"de","potentialAction":[{"@type":"ReadAction","target":["https:\/\/intermob.be\/de\/produkt\/horeca-terrassentisch-rund-eschenholz-u428-60-cm\/"]}]},{"@type":"ImageObject","inLanguage":"de","@id":"https:\/\/intermob.be\/de\/produkt\/horeca-terrassentisch-rund-eschenholz-u428-60-cm\/#primaryimage","url":"https:\/\/intermob.be\/wp-content\/uploads\/2024\/03\/products-Horeca-Terras-Tafel-Rond-Essenhout-\u2013-U428-\u2013-60-Cm-2.jpg","contentUrl":"https:\/\/intermob.be\/wp-content\/uploads\/2024\/03\/products-Horeca-Terras-Tafel-Rond-Essenhout-\u2013-U428-\u2013-60-Cm-2.jpg","width":800,"height":800,"caption":"Horeca Terras Tafel Rond Essenhout \u2013 U428 \u2013 60 Cm"},{"@type":"BreadcrumbList","@id":"https:\/\/intermob.be\/de\/produkt\/horeca-terrassentisch-rund-eschenholz-u428-60-cm\/#breadcrumb","itemListElement":[{"@type":"ListItem","position":1,"name":"Home","item":"https:\/\/intermob.be\/de\/"},{"@type":"ListItem","position":2,"name":"Shop","item":"https:\/\/intermob.be\/de\/shop\/"},{"@type":"ListItem","position":3,"name":"Table De Terrasse Ronde En Fr\u00eane - U428 - 60 Cm"}]},{"@type":"WebSite","@id":"https:\/\/intermob.be\/de\/#website","url":"https:\/\/intermob.be\/de\/","name":"Intermob","description":"","publisher":{"@id":"https:\/\/intermob.be\/de\/#organization"},"potentialAction":[{"@type":"SearchAction","target":{"@type":"EntryPoint","urlTemplate":"https:\/\/intermob.be\/de\/?s={search_term_string}"},"query-input":{"@type":"PropertyValueSpecification","valueRequired":true,"valueName":"search_term_string"}}],"inLanguage":"de"},{"@type":"Organization","@id":"https:\/\/intermob.be\/de\/#organization","name":"Intermob Mobilier","url":"https:\/\/intermob.be\/de\/","logo":{"@type":"ImageObject","inLanguage":"de","@id":"https:\/\/intermob.be\/de\/#\/schema\/logo\/image\/","url":"https:\/\/intermob.be\/wp-content\/uploads\/2025\/09\/intb-bold-logo.png","contentUrl":"https:\/\/intermob.be\/wp-content\/uploads\/2025\/09\/intb-bold-logo.png","width":480,"height":158,"caption":"Intermob Mobilier"},"image":{"@id":"https:\/\/intermob.be\/de\/#\/schema\/logo\/image\/"}}]}},"_links":{"self":[{"href":"https:\/\/intermob.be\/de\/wp-json\/wp\/v2\/product\/70508","targetHints":{"allow":["GET"]}}],"collection":[{"href":"https:\/\/intermob.be\/de\/wp-json\/wp\/v2\/product"}],"about":[{"href":"https:\/\/intermob.be\/de\/wp-json\/wp\/v2\/types\/product"}],"replies":[{"embeddable":true,"href":"https:\/\/intermob.be\/de\/wp-json\/wp\/v2\/comments?post=70508"}],"version-history":[{"count":0,"href":"https:\/\/intermob.be\/de\/wp-json\/wp\/v2\/product\/70508\/revisions"}],"wp:featuredmedia":[{"embeddable":true,"href":"https:\/\/intermob.be\/de\/wp-json\/wp\/v2\/media\/70509"}],"wp:attachment":[{"href":"https:\/\/intermob.be\/de\/wp-json\/wp\/v2\/media?parent=70508"}],"wp:term":[{"taxonomy":"product_brand","embeddable":true,"href":"https:\/\/intermob.be\/de\/wp-json\/wp\/v2\/product_brand?post=70508"},{"taxonomy":"product_cat","embeddable":true,"href":"https:\/\/intermob.be\/de\/wp-json\/wp\/v2\/product_cat?post=70508"},{"taxonomy":"product_tag","embeddable":true,"href":"https:\/\/intermob.be\/de\/wp-json\/wp\/v2\/product_tag?post=70508"}],"curies":[{"name":"wp","href":"https:\/\/api.w.org\/{rel}","templated":true}]}}