{"id":71506,"date":"2014-11-11T11:50:01","date_gmt":"2014-11-11T11:50:01","guid":{"rendered":"https:\/\/intermob.be\/?post_type=product&#038;p=71506"},"modified":"2025-06-26T07:55:03","modified_gmt":"2025-06-26T07:55:03","slug":"horeca-kopfteil-creme","status":"publish","type":"product","link":"https:\/\/intermob.be\/de\/produkt\/horeca-kopfteil-creme\/","title":{"rendered":"Kopfteil - Kunstleder"},"content":{"rendered":"<p><span style=\"color: #000000;\">Dieses elegante Kopfteil mit cremefarbener Kunstlederpolsterung und raffinierten Knopfdetails verleiht jeder Gastronomielocation eine luxuri\u00f6se Ausstrahlung. Perfekt f\u00fcr Restaurants und Caf\u00e9s, die eine schicke und einladende Atmosph\u00e4re schaffen m\u00f6chten. Das strapazierf\u00e4hige Material und die zeitlose Verarbeitung machen es zu einer stilvollen Erg\u00e4nzung Ihres Interieurs. Beeindrucken Sie Ihre G\u00e4ste mit diesem stilvollen Design!<\/span><\/p>\n","protected":false},"excerpt":{"rendered":"<p>Dieses elegante Kopfteil mit cremefarbener Kunstlederpolsterung und raffinierten Knopfdetails verleiht jeder Gastronomielocation eine luxuri\u00f6se Ausstrahlung. Perfekt f\u00fcr Restaurants und Caf\u00e9s,<\/p>\n","protected":false},"featured_media":71507,"comment_status":"open","ping_status":"closed","template":"","meta":[],"product_brand":[],"product_cat":[9827],"product_tag":[],"class_list":{"0":"post-71506","1":"product","2":"type-product","3":"status-publish","4":"has-post-thumbnail","6":"product_cat-ruckenlehne","7":"pa_product-color-color-creme-de","8":"pa_product-more-colors-ja-de","9":"pa_product-upholstery-upholstery-kunstleder-de","10":"pa_product-usage-usage-innen-de","12":"first","13":"onbackorder","14":"sale","15":"taxable","16":"shipping-taxable","17":"purchasable","18":"product-type-simple"},"yoast_head":"<!-- This site is optimized with the Yoast SEO plugin v26.4 - https:\/\/yoast.com\/wordpress\/plugins\/seo\/ -->\n<title>Horeca Kopfteil - Creme - Kunstleder<\/title>\n<meta name=\"description\" content=\"Finden Sie bei Horeca Center unser cremefarbenes Kopfteil mit einer Breite von 120 cm und einer H\u00f6he von 100 cm. Mit Kunstleder bezogen. Verschiedene Farben erh\u00e4ltlich.\" \/>\n<meta name=\"robots\" content=\"index, follow, max-snippet:-1, max-image-preview:large, max-video-preview:-1\" \/>\n<link rel=\"canonical\" href=\"https:\/\/intermob.be\/de\/produkt\/horeca-kopfteil-creme\/\" \/>\n<meta property=\"og:locale\" content=\"de_DE\" \/>\n<meta property=\"og:type\" content=\"article\" \/>\n<meta property=\"og:title\" content=\"Horeca Kopfteil - Creme - Kunstleder\" \/>\n<meta property=\"og:description\" content=\"Finden Sie bei Horeca Center unser cremefarbenes Kopfteil mit einer Breite von 120 cm und einer H\u00f6he von 100 cm. Mit Kunstleder bezogen. Verschiedene Farben erh\u00e4ltlich.\" \/>\n<meta property=\"og:url\" content=\"https:\/\/intermob.be\/de\/produkt\/horeca-kopfteil-creme\/\" \/>\n<meta property=\"og:site_name\" content=\"Intermob Mobilier\" \/>\n<meta property=\"article:modified_time\" content=\"2025-06-26T07:55:03+00:00\" \/>\n<meta property=\"og:image\" content=\"https:\/\/intermob.be\/wp-content\/uploads\/2024\/03\/products-Horeca-Hoofdbord-Creme-2.jpg\" \/>\n\t<meta property=\"og:image:width\" content=\"800\" \/>\n\t<meta property=\"og:image:height\" content=\"800\" \/>\n\t<meta property=\"og:image:type\" content=\"image\/jpeg\" \/>\n<meta name=\"twitter:card\" content=\"summary_large_image\" \/>\n<meta name=\"twitter:label1\" content=\"Gesch\u00e4tzte Lesezeit\" \/>\n\t<meta name=\"twitter:data1\" content=\"1\u00a0Minute\" \/>\n<script type=\"application\/ld+json\" class=\"yoast-schema-graph\">{\"@context\":\"https:\/\/schema.org\",\"@graph\":[{\"@type\":\"WebPage\",\"@id\":\"https:\/\/intermob.be\/de\/produkt\/horeca-kopfteil-creme\/\",\"url\":\"https:\/\/intermob.be\/de\/produkt\/horeca-kopfteil-creme\/\",\"name\":\"Horeca Kopfteil - Creme - Kunstleder\",\"isPartOf\":{\"@id\":\"https:\/\/intermob.be\/de\/#website\"},\"primaryImageOfPage\":{\"@id\":\"https:\/\/intermob.be\/de\/produkt\/horeca-kopfteil-creme\/#primaryimage\"},\"image\":{\"@id\":\"https:\/\/intermob.be\/de\/produkt\/horeca-kopfteil-creme\/#primaryimage\"},\"thumbnailUrl\":\"https:\/\/intermob.be\/wp-content\/uploads\/2024\/03\/products-Horeca-Hoofdbord-Creme-2.jpg\",\"datePublished\":\"2014-11-11T11:50:01+00:00\",\"dateModified\":\"2025-06-26T07:55:03+00:00\",\"description\":\"Finden Sie bei Horeca Center unser cremefarbenes Kopfteil mit einer Breite von 120 cm und einer H\u00f6he von 100 cm. Mit Kunstleder bezogen. Verschiedene Farben erh\u00e4ltlich.\",\"breadcrumb\":{\"@id\":\"https:\/\/intermob.be\/de\/produkt\/horeca-kopfteil-creme\/#breadcrumb\"},\"inLanguage\":\"de\",\"potentialAction\":[{\"@type\":\"ReadAction\",\"target\":[\"https:\/\/intermob.be\/de\/produkt\/horeca-kopfteil-creme\/\"]}]},{\"@type\":\"ImageObject\",\"inLanguage\":\"de\",\"@id\":\"https:\/\/intermob.be\/de\/produkt\/horeca-kopfteil-creme\/#primaryimage\",\"url\":\"https:\/\/intermob.be\/wp-content\/uploads\/2024\/03\/products-Horeca-Hoofdbord-Creme-2.jpg\",\"contentUrl\":\"https:\/\/intermob.be\/wp-content\/uploads\/2024\/03\/products-Horeca-Hoofdbord-Creme-2.jpg\",\"width\":800,\"height\":800,\"caption\":\"Horeca Hoofdbord - Creme\"},{\"@type\":\"BreadcrumbList\",\"@id\":\"https:\/\/intermob.be\/de\/produkt\/horeca-kopfteil-creme\/#breadcrumb\",\"itemListElement\":[{\"@type\":\"ListItem\",\"position\":1,\"name\":\"Home\",\"item\":\"https:\/\/intermob.be\/de\/\"},{\"@type\":\"ListItem\",\"position\":2,\"name\":\"Shop\",\"item\":\"https:\/\/intermob.be\/de\/shop\/\"},{\"@type\":\"ListItem\",\"position\":3,\"name\":\"T\u00eate de Lit - Simili Cuir\"}]},{\"@type\":\"WebSite\",\"@id\":\"https:\/\/intermob.be\/de\/#website\",\"url\":\"https:\/\/intermob.be\/de\/\",\"name\":\"Intermob\",\"description\":\"\",\"publisher\":{\"@id\":\"https:\/\/intermob.be\/de\/#organization\"},\"potentialAction\":[{\"@type\":\"SearchAction\",\"target\":{\"@type\":\"EntryPoint\",\"urlTemplate\":\"https:\/\/intermob.be\/de\/?s={search_term_string}\"},\"query-input\":{\"@type\":\"PropertyValueSpecification\",\"valueRequired\":true,\"valueName\":\"search_term_string\"}}],\"inLanguage\":\"de\"},{\"@type\":\"Organization\",\"@id\":\"https:\/\/intermob.be\/de\/#organization\",\"name\":\"Intermob Mobilier\",\"url\":\"https:\/\/intermob.be\/de\/\",\"logo\":{\"@type\":\"ImageObject\",\"inLanguage\":\"de\",\"@id\":\"https:\/\/intermob.be\/de\/#\/schema\/logo\/image\/\",\"url\":\"https:\/\/intermob.be\/wp-content\/uploads\/2025\/09\/intb-bold-logo.png\",\"contentUrl\":\"https:\/\/intermob.be\/wp-content\/uploads\/2025\/09\/intb-bold-logo.png\",\"width\":480,\"height\":158,\"caption\":\"Intermob Mobilier\"},\"image\":{\"@id\":\"https:\/\/intermob.be\/de\/#\/schema\/logo\/image\/\"}}]}<\/script>\n<!-- \/ Yoast SEO plugin. -->","yoast_head_json":{"title":"Horeca Kopfteil - Creme - Kunstleder","description":"Finden Sie bei Horeca Center unser cremefarbenes Kopfteil mit einer Breite von 120 cm und einer H\u00f6he von 100 cm. Mit Kunstleder bezogen. Verschiedene Farben erh\u00e4ltlich.","robots":{"index":"index","follow":"follow","max-snippet":"max-snippet:-1","max-image-preview":"max-image-preview:large","max-video-preview":"max-video-preview:-1"},"canonical":"https:\/\/intermob.be\/de\/produkt\/horeca-kopfteil-creme\/","og_locale":"de_DE","og_type":"article","og_title":"Horeca Kopfteil - Creme - Kunstleder","og_description":"Finden Sie bei Horeca Center unser cremefarbenes Kopfteil mit einer Breite von 120 cm und einer H\u00f6he von 100 cm. Mit Kunstleder bezogen. Verschiedene Farben erh\u00e4ltlich.","og_url":"https:\/\/intermob.be\/de\/produkt\/horeca-kopfteil-creme\/","og_site_name":"Intermob Mobilier","article_modified_time":"2025-06-26T07:55:03+00:00","og_image":[{"width":800,"height":800,"url":"https:\/\/intermob.be\/wp-content\/uploads\/2024\/03\/products-Horeca-Hoofdbord-Creme-2.jpg","type":"image\/jpeg"}],"twitter_card":"summary_large_image","twitter_misc":{"Gesch\u00e4tzte Lesezeit":"1\u00a0Minute"},"schema":{"@context":"https:\/\/schema.org","@graph":[{"@type":"WebPage","@id":"https:\/\/intermob.be\/de\/produkt\/horeca-kopfteil-creme\/","url":"https:\/\/intermob.be\/de\/produkt\/horeca-kopfteil-creme\/","name":"Horeca Kopfteil - Creme - Kunstleder","isPartOf":{"@id":"https:\/\/intermob.be\/de\/#website"},"primaryImageOfPage":{"@id":"https:\/\/intermob.be\/de\/produkt\/horeca-kopfteil-creme\/#primaryimage"},"image":{"@id":"https:\/\/intermob.be\/de\/produkt\/horeca-kopfteil-creme\/#primaryimage"},"thumbnailUrl":"https:\/\/intermob.be\/wp-content\/uploads\/2024\/03\/products-Horeca-Hoofdbord-Creme-2.jpg","datePublished":"2014-11-11T11:50:01+00:00","dateModified":"2025-06-26T07:55:03+00:00","description":"Finden Sie bei Horeca Center unser cremefarbenes Kopfteil mit einer Breite von 120 cm und einer H\u00f6he von 100 cm. Mit Kunstleder bezogen. Verschiedene Farben erh\u00e4ltlich.","breadcrumb":{"@id":"https:\/\/intermob.be\/de\/produkt\/horeca-kopfteil-creme\/#breadcrumb"},"inLanguage":"de","potentialAction":[{"@type":"ReadAction","target":["https:\/\/intermob.be\/de\/produkt\/horeca-kopfteil-creme\/"]}]},{"@type":"ImageObject","inLanguage":"de","@id":"https:\/\/intermob.be\/de\/produkt\/horeca-kopfteil-creme\/#primaryimage","url":"https:\/\/intermob.be\/wp-content\/uploads\/2024\/03\/products-Horeca-Hoofdbord-Creme-2.jpg","contentUrl":"https:\/\/intermob.be\/wp-content\/uploads\/2024\/03\/products-Horeca-Hoofdbord-Creme-2.jpg","width":800,"height":800,"caption":"Horeca Hoofdbord - Creme"},{"@type":"BreadcrumbList","@id":"https:\/\/intermob.be\/de\/produkt\/horeca-kopfteil-creme\/#breadcrumb","itemListElement":[{"@type":"ListItem","position":1,"name":"Home","item":"https:\/\/intermob.be\/de\/"},{"@type":"ListItem","position":2,"name":"Shop","item":"https:\/\/intermob.be\/de\/shop\/"},{"@type":"ListItem","position":3,"name":"T\u00eate de Lit - Simili Cuir"}]},{"@type":"WebSite","@id":"https:\/\/intermob.be\/de\/#website","url":"https:\/\/intermob.be\/de\/","name":"Intermob","description":"","publisher":{"@id":"https:\/\/intermob.be\/de\/#organization"},"potentialAction":[{"@type":"SearchAction","target":{"@type":"EntryPoint","urlTemplate":"https:\/\/intermob.be\/de\/?s={search_term_string}"},"query-input":{"@type":"PropertyValueSpecification","valueRequired":true,"valueName":"search_term_string"}}],"inLanguage":"de"},{"@type":"Organization","@id":"https:\/\/intermob.be\/de\/#organization","name":"Intermob Mobilier","url":"https:\/\/intermob.be\/de\/","logo":{"@type":"ImageObject","inLanguage":"de","@id":"https:\/\/intermob.be\/de\/#\/schema\/logo\/image\/","url":"https:\/\/intermob.be\/wp-content\/uploads\/2025\/09\/intb-bold-logo.png","contentUrl":"https:\/\/intermob.be\/wp-content\/uploads\/2025\/09\/intb-bold-logo.png","width":480,"height":158,"caption":"Intermob Mobilier"},"image":{"@id":"https:\/\/intermob.be\/de\/#\/schema\/logo\/image\/"}}]}},"_links":{"self":[{"href":"https:\/\/intermob.be\/de\/wp-json\/wp\/v2\/product\/71506","targetHints":{"allow":["GET"]}}],"collection":[{"href":"https:\/\/intermob.be\/de\/wp-json\/wp\/v2\/product"}],"about":[{"href":"https:\/\/intermob.be\/de\/wp-json\/wp\/v2\/types\/product"}],"replies":[{"embeddable":true,"href":"https:\/\/intermob.be\/de\/wp-json\/wp\/v2\/comments?post=71506"}],"version-history":[{"count":0,"href":"https:\/\/intermob.be\/de\/wp-json\/wp\/v2\/product\/71506\/revisions"}],"wp:featuredmedia":[{"embeddable":true,"href":"https:\/\/intermob.be\/de\/wp-json\/wp\/v2\/media\/71507"}],"wp:attachment":[{"href":"https:\/\/intermob.be\/de\/wp-json\/wp\/v2\/media?parent=71506"}],"wp:term":[{"taxonomy":"product_brand","embeddable":true,"href":"https:\/\/intermob.be\/de\/wp-json\/wp\/v2\/product_brand?post=71506"},{"taxonomy":"product_cat","embeddable":true,"href":"https:\/\/intermob.be\/de\/wp-json\/wp\/v2\/product_cat?post=71506"},{"taxonomy":"product_tag","embeddable":true,"href":"https:\/\/intermob.be\/de\/wp-json\/wp\/v2\/product_tag?post=71506"}],"curies":[{"name":"wp","href":"https:\/\/api.w.org\/{rel}","templated":true}]}}