{"id":71528,"date":"2014-11-11T12:54:26","date_gmt":"2014-11-11T12:54:26","guid":{"rendered":"https:\/\/intermob.be\/?post_type=product&#038;p=71528"},"modified":"2025-06-26T06:22:14","modified_gmt":"2025-06-26T06:22:14","slug":"horeca-sitzbank-american-up-schwarz","status":"publish","type":"product","link":"https:\/\/intermob.be\/de\/produkt\/horeca-sitzbank-american-up-schwarz\/","title":{"rendered":"Essbank - American Up - Kunstleder"},"content":{"rendered":"<p><span style=\"color: #000000;\">Das American Up Sofa verf\u00fcgt \u00fcber ein hohes Ma\u00df an Ausstattung. Aufgrund seiner hohen Ausstattung ist es ideal f\u00fcr die Einrichtung eines VIP-Bereichs in Ihrer Bar, Disco oder Ihrem Restaurant. Bedeckt mit hochwertigem, pflegeleichtem Kunstleder. Das Sofa kann aus einer Vielzahl von Kunstleder hergestellt werden. Dieses Produkt ist auch nach Ma\u00df sowie mit einer Auswahl an Stoffen und Farben erh\u00e4ltlich, wobei zu ber\u00fccksichtigen ist, dass die Preise f\u00fcr die Individualisierung variieren.<\/span><\/p>\n<p><span style=\"color: #000000;\">Aufmerksamkeit ! Die Ma\u00dfe der B\u00e4nke k\u00f6nnen je nach verwendetem Material um 1 bis 2 cm variieren.<\/span><\/p>\n<p><span style=\"color: #000000;\"><strong>Pro zus\u00e4tzlichen Z\u00e4hler + \u20ac 455,00.<\/strong><\/span><\/p>\n","protected":false},"excerpt":{"rendered":"<p>Das American Up Sofa verf\u00fcgt \u00fcber ein hohes Ma\u00df an Ausstattung. Aufgrund seiner hohen Ausstattung ist es ideal f\u00fcr die<\/p>\n","protected":false},"featured_media":157188,"comment_status":"open","ping_status":"closed","template":"","meta":[],"product_brand":[],"product_cat":[9799],"product_tag":[17389],"class_list":{"0":"post-71528","1":"product","2":"type-product","3":"status-publish","4":"has-post-thumbnail","6":"product_cat-american-up-banke","7":"product_tag-horeca-meubelen","8":"pa_product-color-color-schwarz-de","9":"pa_product-frame-color-wenge-frame-color-de","10":"pa_product-more-colors-ja-de","11":"pa_product-more-dimensions-ja-de","12":"pa_product-seat-height-cm-73-seat-height-cm-de","13":"pa_product-seats-6-seats-de","14":"pa_product-upholstery-upholstery-kunstleder-de","15":"pa_product-usage-usage-innen-de","17":"first","18":"onbackorder","19":"sale","20":"taxable","21":"shipping-taxable","22":"purchasable","23":"product-type-simple"},"yoast_head":"<!-- This site is optimized with the Yoast SEO plugin v26.4 - https:\/\/yoast.com\/wordpress\/plugins\/seo\/ -->\n<title>Horeca Essbank - American Up - Kunstleder<\/title>\n<meta name=\"description\" content=\"American Up schwarze Sitzbank. Gepolstert in Kunstleder und Metallrahmen. Ma\u00dfe 300x80x130 cm und H\u00f6he 73 cm.\" \/>\n<meta name=\"robots\" content=\"index, follow, max-snippet:-1, max-image-preview:large, max-video-preview:-1\" \/>\n<link rel=\"canonical\" href=\"https:\/\/intermob.be\/de\/produkt\/horeca-sitzbank-american-up-schwarz\/\" \/>\n<meta property=\"og:locale\" content=\"de_DE\" \/>\n<meta property=\"og:type\" content=\"article\" \/>\n<meta property=\"og:title\" content=\"Horeca Essbank - American Up - Kunstleder\" \/>\n<meta property=\"og:description\" content=\"American Up schwarze Sitzbank. Gepolstert in Kunstleder und Metallrahmen. Ma\u00dfe 300x80x130 cm und H\u00f6he 73 cm.\" \/>\n<meta property=\"og:url\" content=\"https:\/\/intermob.be\/de\/produkt\/horeca-sitzbank-american-up-schwarz\/\" \/>\n<meta property=\"og:site_name\" content=\"Intermob Mobilier\" \/>\n<meta property=\"article:modified_time\" content=\"2025-06-26T06:22:14+00:00\" \/>\n<meta property=\"og:image\" content=\"https:\/\/intermob.be\/wp-content\/uploads\/2024\/03\/products-Horeca-Eetbank-American-Up-Zwart-2.jpg\" \/>\n\t<meta property=\"og:image:width\" content=\"800\" \/>\n\t<meta property=\"og:image:height\" content=\"800\" \/>\n\t<meta property=\"og:image:type\" content=\"image\/jpeg\" \/>\n<meta name=\"twitter:card\" content=\"summary_large_image\" \/>\n<meta name=\"twitter:label1\" content=\"Gesch\u00e4tzte Lesezeit\" \/>\n\t<meta name=\"twitter:data1\" content=\"1\u00a0Minute\" \/>\n<script type=\"application\/ld+json\" class=\"yoast-schema-graph\">{\"@context\":\"https:\/\/schema.org\",\"@graph\":[{\"@type\":\"WebPage\",\"@id\":\"https:\/\/intermob.be\/de\/produkt\/horeca-sitzbank-american-up-schwarz\/\",\"url\":\"https:\/\/intermob.be\/de\/produkt\/horeca-sitzbank-american-up-schwarz\/\",\"name\":\"Horeca Essbank - American Up - Kunstleder\",\"isPartOf\":{\"@id\":\"https:\/\/intermob.be\/de\/#website\"},\"primaryImageOfPage\":{\"@id\":\"https:\/\/intermob.be\/de\/produkt\/horeca-sitzbank-american-up-schwarz\/#primaryimage\"},\"image\":{\"@id\":\"https:\/\/intermob.be\/de\/produkt\/horeca-sitzbank-american-up-schwarz\/#primaryimage\"},\"thumbnailUrl\":\"https:\/\/intermob.be\/wp-content\/uploads\/2014\/11\/Hoofd-Categorie-Banken-America-up-Referans.jpg\",\"datePublished\":\"2014-11-11T12:54:26+00:00\",\"dateModified\":\"2025-06-26T06:22:14+00:00\",\"description\":\"American Up schwarze Sitzbank. Gepolstert in Kunstleder und Metallrahmen. Ma\u00dfe 300x80x130 cm und H\u00f6he 73 cm.\",\"breadcrumb\":{\"@id\":\"https:\/\/intermob.be\/de\/produkt\/horeca-sitzbank-american-up-schwarz\/#breadcrumb\"},\"inLanguage\":\"de\",\"potentialAction\":[{\"@type\":\"ReadAction\",\"target\":[\"https:\/\/intermob.be\/de\/produkt\/horeca-sitzbank-american-up-schwarz\/\"]}]},{\"@type\":\"ImageObject\",\"inLanguage\":\"de\",\"@id\":\"https:\/\/intermob.be\/de\/produkt\/horeca-sitzbank-american-up-schwarz\/#primaryimage\",\"url\":\"https:\/\/intermob.be\/wp-content\/uploads\/2014\/11\/Hoofd-Categorie-Banken-America-up-Referans.jpg\",\"contentUrl\":\"https:\/\/intermob.be\/wp-content\/uploads\/2014\/11\/Hoofd-Categorie-Banken-America-up-Referans.jpg\",\"width\":1500,\"height\":1500,\"caption\":\"Hoofd-Categorie-Banken-America-up-Referans\"},{\"@type\":\"BreadcrumbList\",\"@id\":\"https:\/\/intermob.be\/de\/produkt\/horeca-sitzbank-american-up-schwarz\/#breadcrumb\",\"itemListElement\":[{\"@type\":\"ListItem\",\"position\":1,\"name\":\"Home\",\"item\":\"https:\/\/intermob.be\/de\/\"},{\"@type\":\"ListItem\",\"position\":2,\"name\":\"Shop\",\"item\":\"https:\/\/intermob.be\/de\/shop\/\"},{\"@type\":\"ListItem\",\"position\":3,\"name\":\"Banquette - American Up - Simili Cuir\"}]},{\"@type\":\"WebSite\",\"@id\":\"https:\/\/intermob.be\/de\/#website\",\"url\":\"https:\/\/intermob.be\/de\/\",\"name\":\"Intermob\",\"description\":\"\",\"publisher\":{\"@id\":\"https:\/\/intermob.be\/de\/#organization\"},\"potentialAction\":[{\"@type\":\"SearchAction\",\"target\":{\"@type\":\"EntryPoint\",\"urlTemplate\":\"https:\/\/intermob.be\/de\/?s={search_term_string}\"},\"query-input\":{\"@type\":\"PropertyValueSpecification\",\"valueRequired\":true,\"valueName\":\"search_term_string\"}}],\"inLanguage\":\"de\"},{\"@type\":\"Organization\",\"@id\":\"https:\/\/intermob.be\/de\/#organization\",\"name\":\"Intermob Mobilier\",\"url\":\"https:\/\/intermob.be\/de\/\",\"logo\":{\"@type\":\"ImageObject\",\"inLanguage\":\"de\",\"@id\":\"https:\/\/intermob.be\/de\/#\/schema\/logo\/image\/\",\"url\":\"https:\/\/intermob.be\/wp-content\/uploads\/2025\/09\/intb-bold-logo.png\",\"contentUrl\":\"https:\/\/intermob.be\/wp-content\/uploads\/2025\/09\/intb-bold-logo.png\",\"width\":480,\"height\":158,\"caption\":\"Intermob Mobilier\"},\"image\":{\"@id\":\"https:\/\/intermob.be\/de\/#\/schema\/logo\/image\/\"}}]}<\/script>\n<!-- \/ Yoast SEO plugin. -->","yoast_head_json":{"title":"Horeca Essbank - American Up - Kunstleder","description":"American Up schwarze Sitzbank. Gepolstert in Kunstleder und Metallrahmen. Ma\u00dfe 300x80x130 cm und H\u00f6he 73 cm.","robots":{"index":"index","follow":"follow","max-snippet":"max-snippet:-1","max-image-preview":"max-image-preview:large","max-video-preview":"max-video-preview:-1"},"canonical":"https:\/\/intermob.be\/de\/produkt\/horeca-sitzbank-american-up-schwarz\/","og_locale":"de_DE","og_type":"article","og_title":"Horeca Essbank - American Up - Kunstleder","og_description":"American Up schwarze Sitzbank. Gepolstert in Kunstleder und Metallrahmen. Ma\u00dfe 300x80x130 cm und H\u00f6he 73 cm.","og_url":"https:\/\/intermob.be\/de\/produkt\/horeca-sitzbank-american-up-schwarz\/","og_site_name":"Intermob Mobilier","article_modified_time":"2025-06-26T06:22:14+00:00","og_image":[{"width":800,"height":800,"url":"https:\/\/intermob.be\/wp-content\/uploads\/2024\/03\/products-Horeca-Eetbank-American-Up-Zwart-2.jpg","type":"image\/jpeg"}],"twitter_card":"summary_large_image","twitter_misc":{"Gesch\u00e4tzte Lesezeit":"1\u00a0Minute"},"schema":{"@context":"https:\/\/schema.org","@graph":[{"@type":"WebPage","@id":"https:\/\/intermob.be\/de\/produkt\/horeca-sitzbank-american-up-schwarz\/","url":"https:\/\/intermob.be\/de\/produkt\/horeca-sitzbank-american-up-schwarz\/","name":"Horeca Essbank - American Up - Kunstleder","isPartOf":{"@id":"https:\/\/intermob.be\/de\/#website"},"primaryImageOfPage":{"@id":"https:\/\/intermob.be\/de\/produkt\/horeca-sitzbank-american-up-schwarz\/#primaryimage"},"image":{"@id":"https:\/\/intermob.be\/de\/produkt\/horeca-sitzbank-american-up-schwarz\/#primaryimage"},"thumbnailUrl":"https:\/\/intermob.be\/wp-content\/uploads\/2014\/11\/Hoofd-Categorie-Banken-America-up-Referans.jpg","datePublished":"2014-11-11T12:54:26+00:00","dateModified":"2025-06-26T06:22:14+00:00","description":"American Up schwarze Sitzbank. Gepolstert in Kunstleder und Metallrahmen. Ma\u00dfe 300x80x130 cm und H\u00f6he 73 cm.","breadcrumb":{"@id":"https:\/\/intermob.be\/de\/produkt\/horeca-sitzbank-american-up-schwarz\/#breadcrumb"},"inLanguage":"de","potentialAction":[{"@type":"ReadAction","target":["https:\/\/intermob.be\/de\/produkt\/horeca-sitzbank-american-up-schwarz\/"]}]},{"@type":"ImageObject","inLanguage":"de","@id":"https:\/\/intermob.be\/de\/produkt\/horeca-sitzbank-american-up-schwarz\/#primaryimage","url":"https:\/\/intermob.be\/wp-content\/uploads\/2014\/11\/Hoofd-Categorie-Banken-America-up-Referans.jpg","contentUrl":"https:\/\/intermob.be\/wp-content\/uploads\/2014\/11\/Hoofd-Categorie-Banken-America-up-Referans.jpg","width":1500,"height":1500,"caption":"Hoofd-Categorie-Banken-America-up-Referans"},{"@type":"BreadcrumbList","@id":"https:\/\/intermob.be\/de\/produkt\/horeca-sitzbank-american-up-schwarz\/#breadcrumb","itemListElement":[{"@type":"ListItem","position":1,"name":"Home","item":"https:\/\/intermob.be\/de\/"},{"@type":"ListItem","position":2,"name":"Shop","item":"https:\/\/intermob.be\/de\/shop\/"},{"@type":"ListItem","position":3,"name":"Banquette - American Up - Simili Cuir"}]},{"@type":"WebSite","@id":"https:\/\/intermob.be\/de\/#website","url":"https:\/\/intermob.be\/de\/","name":"Intermob","description":"","publisher":{"@id":"https:\/\/intermob.be\/de\/#organization"},"potentialAction":[{"@type":"SearchAction","target":{"@type":"EntryPoint","urlTemplate":"https:\/\/intermob.be\/de\/?s={search_term_string}"},"query-input":{"@type":"PropertyValueSpecification","valueRequired":true,"valueName":"search_term_string"}}],"inLanguage":"de"},{"@type":"Organization","@id":"https:\/\/intermob.be\/de\/#organization","name":"Intermob Mobilier","url":"https:\/\/intermob.be\/de\/","logo":{"@type":"ImageObject","inLanguage":"de","@id":"https:\/\/intermob.be\/de\/#\/schema\/logo\/image\/","url":"https:\/\/intermob.be\/wp-content\/uploads\/2025\/09\/intb-bold-logo.png","contentUrl":"https:\/\/intermob.be\/wp-content\/uploads\/2025\/09\/intb-bold-logo.png","width":480,"height":158,"caption":"Intermob Mobilier"},"image":{"@id":"https:\/\/intermob.be\/de\/#\/schema\/logo\/image\/"}}]}},"_links":{"self":[{"href":"https:\/\/intermob.be\/de\/wp-json\/wp\/v2\/product\/71528","targetHints":{"allow":["GET"]}}],"collection":[{"href":"https:\/\/intermob.be\/de\/wp-json\/wp\/v2\/product"}],"about":[{"href":"https:\/\/intermob.be\/de\/wp-json\/wp\/v2\/types\/product"}],"replies":[{"embeddable":true,"href":"https:\/\/intermob.be\/de\/wp-json\/wp\/v2\/comments?post=71528"}],"version-history":[{"count":0,"href":"https:\/\/intermob.be\/de\/wp-json\/wp\/v2\/product\/71528\/revisions"}],"wp:featuredmedia":[{"embeddable":true,"href":"https:\/\/intermob.be\/de\/wp-json\/wp\/v2\/media\/157188"}],"wp:attachment":[{"href":"https:\/\/intermob.be\/de\/wp-json\/wp\/v2\/media?parent=71528"}],"wp:term":[{"taxonomy":"product_brand","embeddable":true,"href":"https:\/\/intermob.be\/de\/wp-json\/wp\/v2\/product_brand?post=71528"},{"taxonomy":"product_cat","embeddable":true,"href":"https:\/\/intermob.be\/de\/wp-json\/wp\/v2\/product_cat?post=71528"},{"taxonomy":"product_tag","embeddable":true,"href":"https:\/\/intermob.be\/de\/wp-json\/wp\/v2\/product_tag?post=71528"}],"curies":[{"name":"wp","href":"https:\/\/api.w.org\/{rel}","templated":true}]}}