{"id":71606,"date":"2015-04-23T14:05:15","date_gmt":"2015-04-23T14:05:15","guid":{"rendered":"https:\/\/intermob.be\/?post_type=product&#038;p=71606"},"modified":"2025-10-11T10:02:05","modified_gmt":"2025-10-11T10:02:05","slug":"horeca-stuhl-tara-l-r","status":"publish","type":"product","link":"https:\/\/intermob.be\/de\/produkt\/horeca-stuhl-tara-l-r\/","title":{"rendered":"Stuhl - Tara LR - Kunstleder"},"content":{"rendered":"<p><span style=\"color: #000000;\">Dieser elegante Stuhl mit hochwertiger Kunstlederpolsterung, erh\u00e4ltlich in verschiedenen Farben, ist perfekt f\u00fcr dynamische Gastronomieumgebungen. Der robuste Wenge-Buchenrahmen sorgt f\u00fcr eine solide Optik und bietet optimale Stabilit\u00e4t und Komfort. Ob Sie eine raffinierte Atmosph\u00e4re in einem Restaurant schaffen m\u00f6chten, eine stilvolle Ausstrahlung f\u00fcr Ihr Caf\u00e9 suchen oder G\u00e4ste in einer Bar komfortabel empfangen m\u00f6chten \u2013 dieser Stuhl passt sich m\u00fchelos jeder Umgebung an. Mit seinen langlebigen Materialien und einladendem Design ist er ideal f\u00fcr den t\u00e4glichen intensiven Gebrauch und tr\u00e4gt zu einem luxuri\u00f6sen und einladenden Ambiente bei.<\/span><\/p>\n<p><span style=\"color: #000000;\">St\u00fchle f\u00fcr Ihr Unternehmen gibt es in allen Formen, Gr\u00f6\u00dfen und Farben. Das Intermob bietet eine Auswahl an St\u00fchlen, auf denen alles m\u00f6glich ist. Auf diese Weise k\u00f6nnen Sie das gew\u00fcnschte Material f\u00fcr Ihre St\u00fchle ausw\u00e4hlen. Passt Holz besser zu Ihrem Interieur? Oder eher Metall? Komfort ist auch ein wichtiger Faktor. Welche R\u00fcckenlehne bevorzugen Sie und \u00fcberlegen, welche Farbe am besten zum Rest des Raums passt. Nicht genug Auswahl? Das Intermob stellt ma\u00dfgefertigte M\u00f6bel her und ist offen f\u00fcr Ihre Fragen und W\u00fcnsche.<\/span><\/p>\n<p><span style=\"color: #000000;\"><strong>Zus\u00e4tzliche Information:<\/strong><\/span><\/p>\n<ul>\n<li><span style=\"color: #000000;\">Lieferung mit einem Standard-Kunststoffgleitnagel<\/span><\/li>\n<li><span style=\"color: #000000;\">Kommt gebrauchsfertig<\/span><\/li>\n<li><span style=\"color: #000000;\">Garantiertes europ\u00e4isches Produkt<\/span><\/li>\n<li><span style=\"color: #000000;\">1 Jahr Garantie<\/span><\/li>\n<\/ul>\n","protected":false},"excerpt":{"rendered":"<p>Dieser elegante Stuhl mit hochwertiger Kunstlederpolsterung, erh\u00e4ltlich in verschiedenen Farben, ist perfekt f\u00fcr dynamische Gastronomieumgebungen. Der robuste Wenge-Buchenrahmen sorgt f\u00fcr<\/p>\n","protected":false},"featured_media":77589,"comment_status":"open","ping_status":"closed","template":"","meta":[],"product_brand":[],"product_cat":[9855],"product_tag":[17389,17390,17392],"class_list":{"0":"post-71606","1":"product","2":"type-product","3":"status-publish","4":"has-post-thumbnail","6":"product_cat-ledersessel","7":"product_tag-horeca-meubelen","8":"product_tag-horeca-moebel","9":"product_tag-meubles-horeca","10":"pa_armrest-armrest-nein-de","11":"pa_frame-nicht-stapelbar-frame-de","12":"pa_product-color-color-schwarz-de","13":"pa_product-color-color-braun-de","14":"pa_product-color-color-bordeaux-de","15":"pa_product-color-color-rot-de","16":"pa_product-color-color-weiss-de","17":"pa_product-frame-color-wenge-frame-color-de","18":"pa_product-material-buche-rahmen-material-de","19":"pa_product-more-colors-ja-de","20":"pa_product-seat-height-cm-48-seat-height-cm-de","21":"pa_product-seats-1-seats-de","22":"pa_product-upholstery-upholstery-kunstleder-de","23":"pa_product-usage-usage-innen-de","25":"first","26":"instock","27":"sale","28":"taxable","29":"shipping-taxable","30":"purchasable","31":"product-type-variable","32":"hc-var-color"},"yoast_head":"<!-- This site is optimized with the Yoast SEO plugin v26.4 - https:\/\/yoast.com\/wordpress\/plugins\/seo\/ -->\n<title>Horeca Stuhl - Tara L-R - Kunstleder<\/title>\n<meta name=\"robots\" content=\"index, follow, max-snippet:-1, max-image-preview:large, max-video-preview:-1\" \/>\n<link rel=\"canonical\" href=\"https:\/\/intermob.be\/de\/produkt\/horeca-stuhl-tara-l-r\/\" \/>\n<meta property=\"og:locale\" content=\"de_DE\" \/>\n<meta property=\"og:type\" content=\"article\" \/>\n<meta property=\"og:title\" content=\"Horeca Stuhl - Tara L-R - Kunstleder\" \/>\n<meta property=\"og:description\" content=\"Dieser elegante Stuhl mit hochwertiger Kunstlederpolsterung, erh\u00e4ltlich in verschiedenen Farben, ist perfekt f\u00fcr dynamische Gastronomieumgebungen. Der robuste Wenge-Buchenrahmen sorgt f\u00fcr\" \/>\n<meta property=\"og:url\" content=\"https:\/\/intermob.be\/de\/produkt\/horeca-stuhl-tara-l-r\/\" \/>\n<meta property=\"og:site_name\" content=\"Intermob Mobilier\" \/>\n<meta property=\"article:modified_time\" content=\"2025-10-11T10:02:05+00:00\" \/>\n<meta property=\"og:image\" content=\"https:\/\/intermob.be\/wp-content\/uploads\/2024\/03\/products-Horeca-Stoel-\u2013-Tara-L-R-\u2013-Zwart-2-2.jpg\" \/>\n\t<meta property=\"og:image:width\" content=\"512\" \/>\n\t<meta property=\"og:image:height\" content=\"512\" \/>\n\t<meta property=\"og:image:type\" content=\"image\/jpeg\" \/>\n<meta name=\"twitter:card\" content=\"summary_large_image\" \/>\n<meta name=\"twitter:label1\" content=\"Gesch\u00e4tzte Lesezeit\" \/>\n\t<meta name=\"twitter:data1\" content=\"2\u00a0Minuten\" \/>\n<script type=\"application\/ld+json\" class=\"yoast-schema-graph\">{\"@context\":\"https:\/\/schema.org\",\"@graph\":[{\"@type\":\"WebPage\",\"@id\":\"https:\/\/intermob.be\/de\/produkt\/horeca-stuhl-tara-l-r\/\",\"url\":\"https:\/\/intermob.be\/de\/produkt\/horeca-stuhl-tara-l-r\/\",\"name\":\"Horeca Stuhl - Tara L-R - Kunstleder\",\"isPartOf\":{\"@id\":\"https:\/\/intermob.be\/de\/#website\"},\"primaryImageOfPage\":{\"@id\":\"https:\/\/intermob.be\/de\/produkt\/horeca-stuhl-tara-l-r\/#primaryimage\"},\"image\":{\"@id\":\"https:\/\/intermob.be\/de\/produkt\/horeca-stuhl-tara-l-r\/#primaryimage\"},\"thumbnailUrl\":\"https:\/\/intermob.be\/wp-content\/uploads\/2024\/03\/products-Horeca-Stoel-\u2013-Tara-L-R-\u2013-Zwart-2-2.jpg\",\"datePublished\":\"2015-04-23T14:05:15+00:00\",\"dateModified\":\"2025-10-11T10:02:05+00:00\",\"breadcrumb\":{\"@id\":\"https:\/\/intermob.be\/de\/produkt\/horeca-stuhl-tara-l-r\/#breadcrumb\"},\"inLanguage\":\"de\",\"potentialAction\":[{\"@type\":\"ReadAction\",\"target\":[\"https:\/\/intermob.be\/de\/produkt\/horeca-stuhl-tara-l-r\/\"]}]},{\"@type\":\"ImageObject\",\"inLanguage\":\"de\",\"@id\":\"https:\/\/intermob.be\/de\/produkt\/horeca-stuhl-tara-l-r\/#primaryimage\",\"url\":\"https:\/\/intermob.be\/wp-content\/uploads\/2024\/03\/products-Horeca-Stoel-\u2013-Tara-L-R-\u2013-Zwart-2-2.jpg\",\"contentUrl\":\"https:\/\/intermob.be\/wp-content\/uploads\/2024\/03\/products-Horeca-Stoel-\u2013-Tara-L-R-\u2013-Zwart-2-2.jpg\",\"width\":512,\"height\":512,\"caption\":\"Horeca Stoel \u2013 Tara L-R \u2013 Zwart\"},{\"@type\":\"BreadcrumbList\",\"@id\":\"https:\/\/intermob.be\/de\/produkt\/horeca-stuhl-tara-l-r\/#breadcrumb\",\"itemListElement\":[{\"@type\":\"ListItem\",\"position\":1,\"name\":\"Home\",\"item\":\"https:\/\/intermob.be\/de\/\"},{\"@type\":\"ListItem\",\"position\":2,\"name\":\"Shop\",\"item\":\"https:\/\/intermob.be\/de\/shop\/\"},{\"@type\":\"ListItem\",\"position\":3,\"name\":\"Chaise - Tara LR - Simili Cuir\"}]},{\"@type\":\"WebSite\",\"@id\":\"https:\/\/intermob.be\/de\/#website\",\"url\":\"https:\/\/intermob.be\/de\/\",\"name\":\"Intermob\",\"description\":\"\",\"publisher\":{\"@id\":\"https:\/\/intermob.be\/de\/#organization\"},\"potentialAction\":[{\"@type\":\"SearchAction\",\"target\":{\"@type\":\"EntryPoint\",\"urlTemplate\":\"https:\/\/intermob.be\/de\/?s={search_term_string}\"},\"query-input\":{\"@type\":\"PropertyValueSpecification\",\"valueRequired\":true,\"valueName\":\"search_term_string\"}}],\"inLanguage\":\"de\"},{\"@type\":\"Organization\",\"@id\":\"https:\/\/intermob.be\/de\/#organization\",\"name\":\"Intermob Mobilier\",\"url\":\"https:\/\/intermob.be\/de\/\",\"logo\":{\"@type\":\"ImageObject\",\"inLanguage\":\"de\",\"@id\":\"https:\/\/intermob.be\/de\/#\/schema\/logo\/image\/\",\"url\":\"https:\/\/intermob.be\/wp-content\/uploads\/2025\/09\/intb-bold-logo.png\",\"contentUrl\":\"https:\/\/intermob.be\/wp-content\/uploads\/2025\/09\/intb-bold-logo.png\",\"width\":480,\"height\":158,\"caption\":\"Intermob Mobilier\"},\"image\":{\"@id\":\"https:\/\/intermob.be\/de\/#\/schema\/logo\/image\/\"}}]}<\/script>\n<!-- \/ Yoast SEO plugin. -->","yoast_head_json":{"title":"Horeca Stuhl - Tara L-R - Kunstleder","robots":{"index":"index","follow":"follow","max-snippet":"max-snippet:-1","max-image-preview":"max-image-preview:large","max-video-preview":"max-video-preview:-1"},"canonical":"https:\/\/intermob.be\/de\/produkt\/horeca-stuhl-tara-l-r\/","og_locale":"de_DE","og_type":"article","og_title":"Horeca Stuhl - Tara L-R - Kunstleder","og_description":"Dieser elegante Stuhl mit hochwertiger Kunstlederpolsterung, erh\u00e4ltlich in verschiedenen Farben, ist perfekt f\u00fcr dynamische Gastronomieumgebungen. Der robuste Wenge-Buchenrahmen sorgt f\u00fcr","og_url":"https:\/\/intermob.be\/de\/produkt\/horeca-stuhl-tara-l-r\/","og_site_name":"Intermob Mobilier","article_modified_time":"2025-10-11T10:02:05+00:00","og_image":[{"width":512,"height":512,"url":"https:\/\/intermob.be\/wp-content\/uploads\/2024\/03\/products-Horeca-Stoel-\u2013-Tara-L-R-\u2013-Zwart-2-2.jpg","type":"image\/jpeg"}],"twitter_card":"summary_large_image","twitter_misc":{"Gesch\u00e4tzte Lesezeit":"2\u00a0Minuten"},"schema":{"@context":"https:\/\/schema.org","@graph":[{"@type":"WebPage","@id":"https:\/\/intermob.be\/de\/produkt\/horeca-stuhl-tara-l-r\/","url":"https:\/\/intermob.be\/de\/produkt\/horeca-stuhl-tara-l-r\/","name":"Horeca Stuhl - Tara L-R - Kunstleder","isPartOf":{"@id":"https:\/\/intermob.be\/de\/#website"},"primaryImageOfPage":{"@id":"https:\/\/intermob.be\/de\/produkt\/horeca-stuhl-tara-l-r\/#primaryimage"},"image":{"@id":"https:\/\/intermob.be\/de\/produkt\/horeca-stuhl-tara-l-r\/#primaryimage"},"thumbnailUrl":"https:\/\/intermob.be\/wp-content\/uploads\/2024\/03\/products-Horeca-Stoel-\u2013-Tara-L-R-\u2013-Zwart-2-2.jpg","datePublished":"2015-04-23T14:05:15+00:00","dateModified":"2025-10-11T10:02:05+00:00","breadcrumb":{"@id":"https:\/\/intermob.be\/de\/produkt\/horeca-stuhl-tara-l-r\/#breadcrumb"},"inLanguage":"de","potentialAction":[{"@type":"ReadAction","target":["https:\/\/intermob.be\/de\/produkt\/horeca-stuhl-tara-l-r\/"]}]},{"@type":"ImageObject","inLanguage":"de","@id":"https:\/\/intermob.be\/de\/produkt\/horeca-stuhl-tara-l-r\/#primaryimage","url":"https:\/\/intermob.be\/wp-content\/uploads\/2024\/03\/products-Horeca-Stoel-\u2013-Tara-L-R-\u2013-Zwart-2-2.jpg","contentUrl":"https:\/\/intermob.be\/wp-content\/uploads\/2024\/03\/products-Horeca-Stoel-\u2013-Tara-L-R-\u2013-Zwart-2-2.jpg","width":512,"height":512,"caption":"Horeca Stoel \u2013 Tara L-R \u2013 Zwart"},{"@type":"BreadcrumbList","@id":"https:\/\/intermob.be\/de\/produkt\/horeca-stuhl-tara-l-r\/#breadcrumb","itemListElement":[{"@type":"ListItem","position":1,"name":"Home","item":"https:\/\/intermob.be\/de\/"},{"@type":"ListItem","position":2,"name":"Shop","item":"https:\/\/intermob.be\/de\/shop\/"},{"@type":"ListItem","position":3,"name":"Chaise - Tara LR - Simili Cuir"}]},{"@type":"WebSite","@id":"https:\/\/intermob.be\/de\/#website","url":"https:\/\/intermob.be\/de\/","name":"Intermob","description":"","publisher":{"@id":"https:\/\/intermob.be\/de\/#organization"},"potentialAction":[{"@type":"SearchAction","target":{"@type":"EntryPoint","urlTemplate":"https:\/\/intermob.be\/de\/?s={search_term_string}"},"query-input":{"@type":"PropertyValueSpecification","valueRequired":true,"valueName":"search_term_string"}}],"inLanguage":"de"},{"@type":"Organization","@id":"https:\/\/intermob.be\/de\/#organization","name":"Intermob Mobilier","url":"https:\/\/intermob.be\/de\/","logo":{"@type":"ImageObject","inLanguage":"de","@id":"https:\/\/intermob.be\/de\/#\/schema\/logo\/image\/","url":"https:\/\/intermob.be\/wp-content\/uploads\/2025\/09\/intb-bold-logo.png","contentUrl":"https:\/\/intermob.be\/wp-content\/uploads\/2025\/09\/intb-bold-logo.png","width":480,"height":158,"caption":"Intermob Mobilier"},"image":{"@id":"https:\/\/intermob.be\/de\/#\/schema\/logo\/image\/"}}]}},"_links":{"self":[{"href":"https:\/\/intermob.be\/de\/wp-json\/wp\/v2\/product\/71606","targetHints":{"allow":["GET"]}}],"collection":[{"href":"https:\/\/intermob.be\/de\/wp-json\/wp\/v2\/product"}],"about":[{"href":"https:\/\/intermob.be\/de\/wp-json\/wp\/v2\/types\/product"}],"replies":[{"embeddable":true,"href":"https:\/\/intermob.be\/de\/wp-json\/wp\/v2\/comments?post=71606"}],"version-history":[{"count":0,"href":"https:\/\/intermob.be\/de\/wp-json\/wp\/v2\/product\/71606\/revisions"}],"wp:featuredmedia":[{"embeddable":true,"href":"https:\/\/intermob.be\/de\/wp-json\/wp\/v2\/media\/77589"}],"wp:attachment":[{"href":"https:\/\/intermob.be\/de\/wp-json\/wp\/v2\/media?parent=71606"}],"wp:term":[{"taxonomy":"product_brand","embeddable":true,"href":"https:\/\/intermob.be\/de\/wp-json\/wp\/v2\/product_brand?post=71606"},{"taxonomy":"product_cat","embeddable":true,"href":"https:\/\/intermob.be\/de\/wp-json\/wp\/v2\/product_cat?post=71606"},{"taxonomy":"product_tag","embeddable":true,"href":"https:\/\/intermob.be\/de\/wp-json\/wp\/v2\/product_tag?post=71606"}],"curies":[{"name":"wp","href":"https:\/\/api.w.org\/{rel}","templated":true}]}}