{"id":71942,"date":"2015-08-25T12:16:05","date_gmt":"2015-08-25T12:16:05","guid":{"rendered":"https:\/\/intermob.be\/?post_type=product&#038;p=71942"},"modified":"2025-09-11T10:24:18","modified_gmt":"2025-09-11T10:24:18","slug":"horeca-sitzbank-safran-capiton-schwarz","status":"publish","type":"product","link":"https:\/\/intermob.be\/de\/produkt\/horeca-sitzbank-safran-capiton-schwarz\/","title":{"rendered":"Essbank - Capiton - Kunstleder"},"content":{"rendered":"<div id=\"tw-target\">\n<div id=\"tw-target-text-container\">\n<p><span style=\"color: #000000;\">Das Safran-Sofa ist eines unserer beliebten Sofas, das dank seines stilvollen Erscheinungsbilds ideal f\u00fcr Ihr Interieur geeignet ist. Sehr bequemes und robustes Sofa, das leicht zu kombinieren ist und jahrelang verwendet werden kann. Bedeckt mit hochwertigem, pflegeleichtem Kunstleder. Es ist f\u00fcr alle Catering-Betriebe geeignet und bietet mit seiner Breite von 120 cm Platz f\u00fcr 2 Personen. Lieferung mit Wenge MDF-Basis und Standard-Kunststoff-Gleitnagel unten.<\/span><\/p>\n<p><span style=\"color: #000000;\">Dieses Produkt ist auch als Ma\u00dfanfertigung bis 200 cm sowie mit verschiedenen Stoffen und Farben erh\u00e4ltlich.<\/span><\/p>\n<p><span style=\"color: #000000;\">Aufmerksamkeit ! Die Ma\u00dfe der B\u00e4nke k\u00f6nnen je nach verwendetem Material um 1 bis 2 cm variieren.<\/span><\/p>\n<\/div>\n<\/div>\n<div id=\"gtx-trans\" style=\"position: absolute; left: 790px; top: 88px;\">\n<div class=\"gtx-trans-icon\"><\/div>\n<\/div>\n","protected":false},"excerpt":{"rendered":"<p>Das Safran-Sofa ist eines unserer beliebten Sofas, das dank seines stilvollen Erscheinungsbilds ideal f\u00fcr Ihr Interieur geeignet ist. Sehr bequemes<\/p>\n","protected":false},"featured_media":149474,"comment_status":"open","ping_status":"closed","template":"","meta":[],"product_brand":[],"product_cat":[17322],"product_tag":[],"class_list":{"0":"post-71942","1":"product","2":"type-product","3":"status-publish","4":"has-post-thumbnail","6":"product_cat-capiton-baenke","7":"pa_product-color-color-schwarz-de","8":"pa_product-frame-color-wenge-frame-color-de","9":"pa_product-more-colors-ja-de","10":"pa_product-more-dimensions-ja-de","11":"pa_product-seat-height-cm-47-seat-height-cm-de","12":"pa_product-seats-2-seats-de","13":"pa_product-upholstery-upholstery-kunstleder-de","14":"pa_product-usage-usage-innen-de","16":"first","17":"onbackorder","18":"sale","19":"taxable","20":"shipping-taxable","21":"purchasable","22":"product-type-simple"},"yoast_head":"<!-- This site is optimized with the Yoast SEO plugin v26.4 - https:\/\/yoast.com\/wordpress\/plugins\/seo\/ -->\n<title>Horeca Essbank - Capiton - Kunstleder Mit Schwarzen\u00a0Kn\u00f6pfen<\/title>\n<meta name=\"description\" content=\"Safran Capiton Schwarze Bank aus Kunstleder mit MDF-Rahmen. Bank f\u00fcr zwei Personen. Ma\u00dfe 120x70x98 cm und H\u00f6he 47 cm.\" \/>\n<meta name=\"robots\" content=\"index, follow, max-snippet:-1, max-image-preview:large, max-video-preview:-1\" \/>\n<link rel=\"canonical\" href=\"https:\/\/intermob.be\/de\/produkt\/horeca-sitzbank-safran-capiton-schwarz\/\" \/>\n<meta property=\"og:locale\" content=\"de_DE\" \/>\n<meta property=\"og:type\" content=\"article\" \/>\n<meta property=\"og:title\" content=\"Horeca Essbank - Capiton - Kunstleder Mit Schwarzen\u00a0Kn\u00f6pfen\" \/>\n<meta property=\"og:description\" content=\"Safran Capiton Schwarze Bank aus Kunstleder mit MDF-Rahmen. Bank f\u00fcr zwei Personen. Ma\u00dfe 120x70x98 cm und H\u00f6he 47 cm.\" \/>\n<meta property=\"og:url\" content=\"https:\/\/intermob.be\/de\/produkt\/horeca-sitzbank-safran-capiton-schwarz\/\" \/>\n<meta property=\"og:site_name\" content=\"Intermob Mobilier\" \/>\n<meta property=\"article:modified_time\" content=\"2025-09-11T10:24:18+00:00\" \/>\n<meta property=\"og:image\" content=\"https:\/\/intermob.be\/wp-content\/uploads\/2015\/08\/Horeca-Eetbank-Safran-120-cm-Capiton-Kunstleer.jpg\" \/>\n\t<meta property=\"og:image:width\" content=\"1500\" \/>\n\t<meta property=\"og:image:height\" content=\"1500\" \/>\n\t<meta property=\"og:image:type\" content=\"image\/jpeg\" \/>\n<meta name=\"twitter:card\" content=\"summary_large_image\" \/>\n<meta name=\"twitter:label1\" content=\"Gesch\u00e4tzte Lesezeit\" \/>\n\t<meta name=\"twitter:data1\" content=\"1\u00a0Minute\" \/>\n<script type=\"application\/ld+json\" class=\"yoast-schema-graph\">{\"@context\":\"https:\/\/schema.org\",\"@graph\":[{\"@type\":\"WebPage\",\"@id\":\"https:\/\/intermob.be\/de\/produkt\/horeca-sitzbank-safran-capiton-schwarz\/\",\"url\":\"https:\/\/intermob.be\/de\/produkt\/horeca-sitzbank-safran-capiton-schwarz\/\",\"name\":\"Horeca Essbank - Capiton - Kunstleder Mit Schwarzen\u00a0Kn\u00f6pfen\",\"isPartOf\":{\"@id\":\"https:\/\/intermob.be\/de\/#website\"},\"primaryImageOfPage\":{\"@id\":\"https:\/\/intermob.be\/de\/produkt\/horeca-sitzbank-safran-capiton-schwarz\/#primaryimage\"},\"image\":{\"@id\":\"https:\/\/intermob.be\/de\/produkt\/horeca-sitzbank-safran-capiton-schwarz\/#primaryimage\"},\"thumbnailUrl\":\"https:\/\/intermob.be\/wp-content\/uploads\/2015\/08\/Horeca-Eetbank-Safran-120-cm-Capiton-Kunstleer.jpg\",\"datePublished\":\"2015-08-25T12:16:05+00:00\",\"dateModified\":\"2025-09-11T10:24:18+00:00\",\"description\":\"Safran Capiton Schwarze Bank aus Kunstleder mit MDF-Rahmen. Bank f\u00fcr zwei Personen. Ma\u00dfe 120x70x98 cm und H\u00f6he 47 cm.\",\"breadcrumb\":{\"@id\":\"https:\/\/intermob.be\/de\/produkt\/horeca-sitzbank-safran-capiton-schwarz\/#breadcrumb\"},\"inLanguage\":\"de\",\"potentialAction\":[{\"@type\":\"ReadAction\",\"target\":[\"https:\/\/intermob.be\/de\/produkt\/horeca-sitzbank-safran-capiton-schwarz\/\"]}]},{\"@type\":\"ImageObject\",\"inLanguage\":\"de\",\"@id\":\"https:\/\/intermob.be\/de\/produkt\/horeca-sitzbank-safran-capiton-schwarz\/#primaryimage\",\"url\":\"https:\/\/intermob.be\/wp-content\/uploads\/2015\/08\/Horeca-Eetbank-Safran-120-cm-Capiton-Kunstleer.jpg\",\"contentUrl\":\"https:\/\/intermob.be\/wp-content\/uploads\/2015\/08\/Horeca-Eetbank-Safran-120-cm-Capiton-Kunstleer.jpg\",\"width\":1500,\"height\":1500,\"caption\":\"Horeca-Eetbank-Safran-120-cm-Capiton-Kunstleer\"},{\"@type\":\"BreadcrumbList\",\"@id\":\"https:\/\/intermob.be\/de\/produkt\/horeca-sitzbank-safran-capiton-schwarz\/#breadcrumb\",\"itemListElement\":[{\"@type\":\"ListItem\",\"position\":1,\"name\":\"Home\",\"item\":\"https:\/\/intermob.be\/de\/\"},{\"@type\":\"ListItem\",\"position\":2,\"name\":\"Shop\",\"item\":\"https:\/\/intermob.be\/de\/shop\/\"},{\"@type\":\"ListItem\",\"position\":3,\"name\":\"Banquette - Capiton - Simili Cuir\"}]},{\"@type\":\"WebSite\",\"@id\":\"https:\/\/intermob.be\/de\/#website\",\"url\":\"https:\/\/intermob.be\/de\/\",\"name\":\"Intermob\",\"description\":\"\",\"publisher\":{\"@id\":\"https:\/\/intermob.be\/de\/#organization\"},\"potentialAction\":[{\"@type\":\"SearchAction\",\"target\":{\"@type\":\"EntryPoint\",\"urlTemplate\":\"https:\/\/intermob.be\/de\/?s={search_term_string}\"},\"query-input\":{\"@type\":\"PropertyValueSpecification\",\"valueRequired\":true,\"valueName\":\"search_term_string\"}}],\"inLanguage\":\"de\"},{\"@type\":\"Organization\",\"@id\":\"https:\/\/intermob.be\/de\/#organization\",\"name\":\"Intermob Mobilier\",\"url\":\"https:\/\/intermob.be\/de\/\",\"logo\":{\"@type\":\"ImageObject\",\"inLanguage\":\"de\",\"@id\":\"https:\/\/intermob.be\/de\/#\/schema\/logo\/image\/\",\"url\":\"https:\/\/intermob.be\/wp-content\/uploads\/2025\/09\/intb-bold-logo.png\",\"contentUrl\":\"https:\/\/intermob.be\/wp-content\/uploads\/2025\/09\/intb-bold-logo.png\",\"width\":480,\"height\":158,\"caption\":\"Intermob Mobilier\"},\"image\":{\"@id\":\"https:\/\/intermob.be\/de\/#\/schema\/logo\/image\/\"}}]}<\/script>\n<!-- \/ Yoast SEO plugin. -->","yoast_head_json":{"title":"Horeca Essbank - Capiton - Kunstleder Mit Schwarzen\u00a0Kn\u00f6pfen","description":"Safran Capiton Schwarze Bank aus Kunstleder mit MDF-Rahmen. Bank f\u00fcr zwei Personen. Ma\u00dfe 120x70x98 cm und H\u00f6he 47 cm.","robots":{"index":"index","follow":"follow","max-snippet":"max-snippet:-1","max-image-preview":"max-image-preview:large","max-video-preview":"max-video-preview:-1"},"canonical":"https:\/\/intermob.be\/de\/produkt\/horeca-sitzbank-safran-capiton-schwarz\/","og_locale":"de_DE","og_type":"article","og_title":"Horeca Essbank - Capiton - Kunstleder Mit Schwarzen\u00a0Kn\u00f6pfen","og_description":"Safran Capiton Schwarze Bank aus Kunstleder mit MDF-Rahmen. Bank f\u00fcr zwei Personen. Ma\u00dfe 120x70x98 cm und H\u00f6he 47 cm.","og_url":"https:\/\/intermob.be\/de\/produkt\/horeca-sitzbank-safran-capiton-schwarz\/","og_site_name":"Intermob Mobilier","article_modified_time":"2025-09-11T10:24:18+00:00","og_image":[{"width":1500,"height":1500,"url":"https:\/\/intermob.be\/wp-content\/uploads\/2015\/08\/Horeca-Eetbank-Safran-120-cm-Capiton-Kunstleer.jpg","type":"image\/jpeg"}],"twitter_card":"summary_large_image","twitter_misc":{"Gesch\u00e4tzte Lesezeit":"1\u00a0Minute"},"schema":{"@context":"https:\/\/schema.org","@graph":[{"@type":"WebPage","@id":"https:\/\/intermob.be\/de\/produkt\/horeca-sitzbank-safran-capiton-schwarz\/","url":"https:\/\/intermob.be\/de\/produkt\/horeca-sitzbank-safran-capiton-schwarz\/","name":"Horeca Essbank - Capiton - Kunstleder Mit Schwarzen\u00a0Kn\u00f6pfen","isPartOf":{"@id":"https:\/\/intermob.be\/de\/#website"},"primaryImageOfPage":{"@id":"https:\/\/intermob.be\/de\/produkt\/horeca-sitzbank-safran-capiton-schwarz\/#primaryimage"},"image":{"@id":"https:\/\/intermob.be\/de\/produkt\/horeca-sitzbank-safran-capiton-schwarz\/#primaryimage"},"thumbnailUrl":"https:\/\/intermob.be\/wp-content\/uploads\/2015\/08\/Horeca-Eetbank-Safran-120-cm-Capiton-Kunstleer.jpg","datePublished":"2015-08-25T12:16:05+00:00","dateModified":"2025-09-11T10:24:18+00:00","description":"Safran Capiton Schwarze Bank aus Kunstleder mit MDF-Rahmen. Bank f\u00fcr zwei Personen. Ma\u00dfe 120x70x98 cm und H\u00f6he 47 cm.","breadcrumb":{"@id":"https:\/\/intermob.be\/de\/produkt\/horeca-sitzbank-safran-capiton-schwarz\/#breadcrumb"},"inLanguage":"de","potentialAction":[{"@type":"ReadAction","target":["https:\/\/intermob.be\/de\/produkt\/horeca-sitzbank-safran-capiton-schwarz\/"]}]},{"@type":"ImageObject","inLanguage":"de","@id":"https:\/\/intermob.be\/de\/produkt\/horeca-sitzbank-safran-capiton-schwarz\/#primaryimage","url":"https:\/\/intermob.be\/wp-content\/uploads\/2015\/08\/Horeca-Eetbank-Safran-120-cm-Capiton-Kunstleer.jpg","contentUrl":"https:\/\/intermob.be\/wp-content\/uploads\/2015\/08\/Horeca-Eetbank-Safran-120-cm-Capiton-Kunstleer.jpg","width":1500,"height":1500,"caption":"Horeca-Eetbank-Safran-120-cm-Capiton-Kunstleer"},{"@type":"BreadcrumbList","@id":"https:\/\/intermob.be\/de\/produkt\/horeca-sitzbank-safran-capiton-schwarz\/#breadcrumb","itemListElement":[{"@type":"ListItem","position":1,"name":"Home","item":"https:\/\/intermob.be\/de\/"},{"@type":"ListItem","position":2,"name":"Shop","item":"https:\/\/intermob.be\/de\/shop\/"},{"@type":"ListItem","position":3,"name":"Banquette - Capiton - Simili Cuir"}]},{"@type":"WebSite","@id":"https:\/\/intermob.be\/de\/#website","url":"https:\/\/intermob.be\/de\/","name":"Intermob","description":"","publisher":{"@id":"https:\/\/intermob.be\/de\/#organization"},"potentialAction":[{"@type":"SearchAction","target":{"@type":"EntryPoint","urlTemplate":"https:\/\/intermob.be\/de\/?s={search_term_string}"},"query-input":{"@type":"PropertyValueSpecification","valueRequired":true,"valueName":"search_term_string"}}],"inLanguage":"de"},{"@type":"Organization","@id":"https:\/\/intermob.be\/de\/#organization","name":"Intermob Mobilier","url":"https:\/\/intermob.be\/de\/","logo":{"@type":"ImageObject","inLanguage":"de","@id":"https:\/\/intermob.be\/de\/#\/schema\/logo\/image\/","url":"https:\/\/intermob.be\/wp-content\/uploads\/2025\/09\/intb-bold-logo.png","contentUrl":"https:\/\/intermob.be\/wp-content\/uploads\/2025\/09\/intb-bold-logo.png","width":480,"height":158,"caption":"Intermob Mobilier"},"image":{"@id":"https:\/\/intermob.be\/de\/#\/schema\/logo\/image\/"}}]}},"_links":{"self":[{"href":"https:\/\/intermob.be\/de\/wp-json\/wp\/v2\/product\/71942","targetHints":{"allow":["GET"]}}],"collection":[{"href":"https:\/\/intermob.be\/de\/wp-json\/wp\/v2\/product"}],"about":[{"href":"https:\/\/intermob.be\/de\/wp-json\/wp\/v2\/types\/product"}],"replies":[{"embeddable":true,"href":"https:\/\/intermob.be\/de\/wp-json\/wp\/v2\/comments?post=71942"}],"version-history":[{"count":0,"href":"https:\/\/intermob.be\/de\/wp-json\/wp\/v2\/product\/71942\/revisions"}],"wp:featuredmedia":[{"embeddable":true,"href":"https:\/\/intermob.be\/de\/wp-json\/wp\/v2\/media\/149474"}],"wp:attachment":[{"href":"https:\/\/intermob.be\/de\/wp-json\/wp\/v2\/media?parent=71942"}],"wp:term":[{"taxonomy":"product_brand","embeddable":true,"href":"https:\/\/intermob.be\/de\/wp-json\/wp\/v2\/product_brand?post=71942"},{"taxonomy":"product_cat","embeddable":true,"href":"https:\/\/intermob.be\/de\/wp-json\/wp\/v2\/product_cat?post=71942"},{"taxonomy":"product_tag","embeddable":true,"href":"https:\/\/intermob.be\/de\/wp-json\/wp\/v2\/product_tag?post=71942"}],"curies":[{"name":"wp","href":"https:\/\/api.w.org\/{rel}","templated":true}]}}