{"id":72182,"date":"2016-12-14T10:44:48","date_gmt":"2016-12-14T10:44:48","guid":{"rendered":"https:\/\/intermob.be\/?post_type=product&#038;p=72182"},"modified":"2025-09-13T10:28:31","modified_gmt":"2025-09-13T10:28:31","slug":"horeca-sitzbank-safran-schwarz-rot-2","status":"publish","type":"product","link":"https:\/\/intermob.be\/de\/produkt\/horeca-sitzbank-safran-schwarz-rot-2\/","title":{"rendered":"Essbank - Safran - Kunstleder"},"content":{"rendered":"<p><span style=\"color: #000000\">Das Safran-Sofa ist eines unserer beliebten Sofas, das dank seines stilvollen Erscheinungsbilds ideal f\u00fcr Ihr Interieur geeignet ist. Sehr bequemes und robustes Sofa, das leicht zu kombinieren ist und jahrelang verwendet werden kann. Es ist f\u00fcr alle Catering-Betriebe geeignet. Lieferung mit schwarzer MDF-Basis und Standard-Kunststoffgleitnagel unten.<\/span><\/p>\n<p><span style=\"color: #000000\">Aufmerksamkeit ! Die Ma\u00dfe der B\u00e4nke k\u00f6nnen je nach verwendetem Material um 1 bis 2 cm variieren.<\/span><\/p>\n","protected":false},"excerpt":{"rendered":"<p>Das Safran-Sofa ist eines unserer beliebten Sofas, das dank seines stilvollen Erscheinungsbilds ideal f\u00fcr Ihr Interieur geeignet ist. Sehr bequemes<\/p>\n","protected":false},"featured_media":72183,"comment_status":"open","ping_status":"closed","template":"","meta":[],"product_brand":[],"product_cat":[9791],"product_tag":[],"class_list":{"0":"post-72182","1":"product","2":"type-product","3":"status-publish","4":"has-post-thumbnail","6":"product_cat-american-banke","7":"pa_product-color-color-schwarz-de","8":"pa_product-color-color-rot-de","9":"pa_product-frame-color-wenge-frame-color-de","10":"pa_product-more-colors-ja-de","11":"pa_product-more-dimensions-ja-de","12":"pa_product-seat-height-cm-47-seat-height-cm-de","13":"pa_product-seats-1-seats-de","14":"pa_product-upholstery-upholstery-kunstleder-de","15":"pa_product-usage-usage-innen-de","17":"first","18":"onbackorder","19":"sale","20":"taxable","21":"shipping-taxable","22":"purchasable","23":"product-type-simple"},"yoast_head":"<!-- This site is optimized with the Yoast SEO plugin v26.4 - https:\/\/yoast.com\/wordpress\/plugins\/seo\/ -->\n<title>Horeca Essbank - Safran - Kunstleder<\/title>\n<meta name=\"description\" content=\"Safran Schwarz und Rot Sitzbank aus Kunstleder mit MDF-Rahmen. Einsitzer-Bank. Abmessungen 60x70x98 cm und H\u00f6he 47 cm.\" \/>\n<meta name=\"robots\" content=\"index, follow, max-snippet:-1, max-image-preview:large, max-video-preview:-1\" \/>\n<link rel=\"canonical\" href=\"https:\/\/intermob.be\/de\/produkt\/horeca-sitzbank-safran-schwarz-rot-2\/\" \/>\n<meta property=\"og:locale\" content=\"de_DE\" \/>\n<meta property=\"og:type\" content=\"article\" \/>\n<meta property=\"og:title\" content=\"Horeca Essbank - Safran - Kunstleder\" \/>\n<meta property=\"og:description\" content=\"Safran Schwarz und Rot Sitzbank aus Kunstleder mit MDF-Rahmen. Einsitzer-Bank. Abmessungen 60x70x98 cm und H\u00f6he 47 cm.\" \/>\n<meta property=\"og:url\" content=\"https:\/\/intermob.be\/de\/produkt\/horeca-sitzbank-safran-schwarz-rot-2\/\" \/>\n<meta property=\"og:site_name\" content=\"Intermob Mobilier\" \/>\n<meta property=\"article:modified_time\" content=\"2025-09-13T10:28:31+00:00\" \/>\n<meta property=\"og:image\" content=\"https:\/\/intermob.be\/wp-content\/uploads\/2024\/03\/products-Horeca-Eetbank-Safran-Zwart-Rood-2.jpg\" \/>\n\t<meta property=\"og:image:width\" content=\"800\" \/>\n\t<meta property=\"og:image:height\" content=\"800\" \/>\n\t<meta property=\"og:image:type\" content=\"image\/jpeg\" \/>\n<meta name=\"twitter:card\" content=\"summary_large_image\" \/>\n<meta name=\"twitter:label1\" content=\"Gesch\u00e4tzte Lesezeit\" \/>\n\t<meta name=\"twitter:data1\" content=\"1\u00a0Minute\" \/>\n<script type=\"application\/ld+json\" class=\"yoast-schema-graph\">{\"@context\":\"https:\/\/schema.org\",\"@graph\":[{\"@type\":\"WebPage\",\"@id\":\"https:\/\/intermob.be\/de\/produkt\/horeca-sitzbank-safran-schwarz-rot-2\/\",\"url\":\"https:\/\/intermob.be\/de\/produkt\/horeca-sitzbank-safran-schwarz-rot-2\/\",\"name\":\"Horeca Essbank - Safran - Kunstleder\",\"isPartOf\":{\"@id\":\"https:\/\/intermob.be\/de\/#website\"},\"primaryImageOfPage\":{\"@id\":\"https:\/\/intermob.be\/de\/produkt\/horeca-sitzbank-safran-schwarz-rot-2\/#primaryimage\"},\"image\":{\"@id\":\"https:\/\/intermob.be\/de\/produkt\/horeca-sitzbank-safran-schwarz-rot-2\/#primaryimage\"},\"thumbnailUrl\":\"https:\/\/intermob.be\/wp-content\/uploads\/2024\/03\/products-Horeca-Eetbank-Safran-Zwart-Rood-2.jpg\",\"datePublished\":\"2016-12-14T10:44:48+00:00\",\"dateModified\":\"2025-09-13T10:28:31+00:00\",\"description\":\"Safran Schwarz und Rot Sitzbank aus Kunstleder mit MDF-Rahmen. Einsitzer-Bank. Abmessungen 60x70x98 cm und H\u00f6he 47 cm.\",\"breadcrumb\":{\"@id\":\"https:\/\/intermob.be\/de\/produkt\/horeca-sitzbank-safran-schwarz-rot-2\/#breadcrumb\"},\"inLanguage\":\"de\",\"potentialAction\":[{\"@type\":\"ReadAction\",\"target\":[\"https:\/\/intermob.be\/de\/produkt\/horeca-sitzbank-safran-schwarz-rot-2\/\"]}]},{\"@type\":\"ImageObject\",\"inLanguage\":\"de\",\"@id\":\"https:\/\/intermob.be\/de\/produkt\/horeca-sitzbank-safran-schwarz-rot-2\/#primaryimage\",\"url\":\"https:\/\/intermob.be\/wp-content\/uploads\/2024\/03\/products-Horeca-Eetbank-Safran-Zwart-Rood-2.jpg\",\"contentUrl\":\"https:\/\/intermob.be\/wp-content\/uploads\/2024\/03\/products-Horeca-Eetbank-Safran-Zwart-Rood-2.jpg\",\"width\":800,\"height\":800,\"caption\":\"Horeca Eetbank - Safran - Zwart Rood\"},{\"@type\":\"BreadcrumbList\",\"@id\":\"https:\/\/intermob.be\/de\/produkt\/horeca-sitzbank-safran-schwarz-rot-2\/#breadcrumb\",\"itemListElement\":[{\"@type\":\"ListItem\",\"position\":1,\"name\":\"Home\",\"item\":\"https:\/\/intermob.be\/de\/\"},{\"@type\":\"ListItem\",\"position\":2,\"name\":\"Shop\",\"item\":\"https:\/\/intermob.be\/de\/shop\/\"},{\"@type\":\"ListItem\",\"position\":3,\"name\":\"Banquette - Safran - Simili Cuir\"}]},{\"@type\":\"WebSite\",\"@id\":\"https:\/\/intermob.be\/de\/#website\",\"url\":\"https:\/\/intermob.be\/de\/\",\"name\":\"Intermob\",\"description\":\"\",\"publisher\":{\"@id\":\"https:\/\/intermob.be\/de\/#organization\"},\"potentialAction\":[{\"@type\":\"SearchAction\",\"target\":{\"@type\":\"EntryPoint\",\"urlTemplate\":\"https:\/\/intermob.be\/de\/?s={search_term_string}\"},\"query-input\":{\"@type\":\"PropertyValueSpecification\",\"valueRequired\":true,\"valueName\":\"search_term_string\"}}],\"inLanguage\":\"de\"},{\"@type\":\"Organization\",\"@id\":\"https:\/\/intermob.be\/de\/#organization\",\"name\":\"Intermob Mobilier\",\"url\":\"https:\/\/intermob.be\/de\/\",\"logo\":{\"@type\":\"ImageObject\",\"inLanguage\":\"de\",\"@id\":\"https:\/\/intermob.be\/de\/#\/schema\/logo\/image\/\",\"url\":\"https:\/\/intermob.be\/wp-content\/uploads\/2025\/09\/intb-bold-logo.png\",\"contentUrl\":\"https:\/\/intermob.be\/wp-content\/uploads\/2025\/09\/intb-bold-logo.png\",\"width\":480,\"height\":158,\"caption\":\"Intermob Mobilier\"},\"image\":{\"@id\":\"https:\/\/intermob.be\/de\/#\/schema\/logo\/image\/\"}}]}<\/script>\n<!-- \/ Yoast SEO plugin. -->","yoast_head_json":{"title":"Horeca Essbank - Safran - Kunstleder","description":"Safran Schwarz und Rot Sitzbank aus Kunstleder mit MDF-Rahmen. Einsitzer-Bank. Abmessungen 60x70x98 cm und H\u00f6he 47 cm.","robots":{"index":"index","follow":"follow","max-snippet":"max-snippet:-1","max-image-preview":"max-image-preview:large","max-video-preview":"max-video-preview:-1"},"canonical":"https:\/\/intermob.be\/de\/produkt\/horeca-sitzbank-safran-schwarz-rot-2\/","og_locale":"de_DE","og_type":"article","og_title":"Horeca Essbank - Safran - Kunstleder","og_description":"Safran Schwarz und Rot Sitzbank aus Kunstleder mit MDF-Rahmen. Einsitzer-Bank. Abmessungen 60x70x98 cm und H\u00f6he 47 cm.","og_url":"https:\/\/intermob.be\/de\/produkt\/horeca-sitzbank-safran-schwarz-rot-2\/","og_site_name":"Intermob Mobilier","article_modified_time":"2025-09-13T10:28:31+00:00","og_image":[{"width":800,"height":800,"url":"https:\/\/intermob.be\/wp-content\/uploads\/2024\/03\/products-Horeca-Eetbank-Safran-Zwart-Rood-2.jpg","type":"image\/jpeg"}],"twitter_card":"summary_large_image","twitter_misc":{"Gesch\u00e4tzte Lesezeit":"1\u00a0Minute"},"schema":{"@context":"https:\/\/schema.org","@graph":[{"@type":"WebPage","@id":"https:\/\/intermob.be\/de\/produkt\/horeca-sitzbank-safran-schwarz-rot-2\/","url":"https:\/\/intermob.be\/de\/produkt\/horeca-sitzbank-safran-schwarz-rot-2\/","name":"Horeca Essbank - Safran - Kunstleder","isPartOf":{"@id":"https:\/\/intermob.be\/de\/#website"},"primaryImageOfPage":{"@id":"https:\/\/intermob.be\/de\/produkt\/horeca-sitzbank-safran-schwarz-rot-2\/#primaryimage"},"image":{"@id":"https:\/\/intermob.be\/de\/produkt\/horeca-sitzbank-safran-schwarz-rot-2\/#primaryimage"},"thumbnailUrl":"https:\/\/intermob.be\/wp-content\/uploads\/2024\/03\/products-Horeca-Eetbank-Safran-Zwart-Rood-2.jpg","datePublished":"2016-12-14T10:44:48+00:00","dateModified":"2025-09-13T10:28:31+00:00","description":"Safran Schwarz und Rot Sitzbank aus Kunstleder mit MDF-Rahmen. Einsitzer-Bank. Abmessungen 60x70x98 cm und H\u00f6he 47 cm.","breadcrumb":{"@id":"https:\/\/intermob.be\/de\/produkt\/horeca-sitzbank-safran-schwarz-rot-2\/#breadcrumb"},"inLanguage":"de","potentialAction":[{"@type":"ReadAction","target":["https:\/\/intermob.be\/de\/produkt\/horeca-sitzbank-safran-schwarz-rot-2\/"]}]},{"@type":"ImageObject","inLanguage":"de","@id":"https:\/\/intermob.be\/de\/produkt\/horeca-sitzbank-safran-schwarz-rot-2\/#primaryimage","url":"https:\/\/intermob.be\/wp-content\/uploads\/2024\/03\/products-Horeca-Eetbank-Safran-Zwart-Rood-2.jpg","contentUrl":"https:\/\/intermob.be\/wp-content\/uploads\/2024\/03\/products-Horeca-Eetbank-Safran-Zwart-Rood-2.jpg","width":800,"height":800,"caption":"Horeca Eetbank - Safran - Zwart Rood"},{"@type":"BreadcrumbList","@id":"https:\/\/intermob.be\/de\/produkt\/horeca-sitzbank-safran-schwarz-rot-2\/#breadcrumb","itemListElement":[{"@type":"ListItem","position":1,"name":"Home","item":"https:\/\/intermob.be\/de\/"},{"@type":"ListItem","position":2,"name":"Shop","item":"https:\/\/intermob.be\/de\/shop\/"},{"@type":"ListItem","position":3,"name":"Banquette - Safran - Simili Cuir"}]},{"@type":"WebSite","@id":"https:\/\/intermob.be\/de\/#website","url":"https:\/\/intermob.be\/de\/","name":"Intermob","description":"","publisher":{"@id":"https:\/\/intermob.be\/de\/#organization"},"potentialAction":[{"@type":"SearchAction","target":{"@type":"EntryPoint","urlTemplate":"https:\/\/intermob.be\/de\/?s={search_term_string}"},"query-input":{"@type":"PropertyValueSpecification","valueRequired":true,"valueName":"search_term_string"}}],"inLanguage":"de"},{"@type":"Organization","@id":"https:\/\/intermob.be\/de\/#organization","name":"Intermob Mobilier","url":"https:\/\/intermob.be\/de\/","logo":{"@type":"ImageObject","inLanguage":"de","@id":"https:\/\/intermob.be\/de\/#\/schema\/logo\/image\/","url":"https:\/\/intermob.be\/wp-content\/uploads\/2025\/09\/intb-bold-logo.png","contentUrl":"https:\/\/intermob.be\/wp-content\/uploads\/2025\/09\/intb-bold-logo.png","width":480,"height":158,"caption":"Intermob Mobilier"},"image":{"@id":"https:\/\/intermob.be\/de\/#\/schema\/logo\/image\/"}}]}},"_links":{"self":[{"href":"https:\/\/intermob.be\/de\/wp-json\/wp\/v2\/product\/72182","targetHints":{"allow":["GET"]}}],"collection":[{"href":"https:\/\/intermob.be\/de\/wp-json\/wp\/v2\/product"}],"about":[{"href":"https:\/\/intermob.be\/de\/wp-json\/wp\/v2\/types\/product"}],"replies":[{"embeddable":true,"href":"https:\/\/intermob.be\/de\/wp-json\/wp\/v2\/comments?post=72182"}],"version-history":[{"count":0,"href":"https:\/\/intermob.be\/de\/wp-json\/wp\/v2\/product\/72182\/revisions"}],"wp:featuredmedia":[{"embeddable":true,"href":"https:\/\/intermob.be\/de\/wp-json\/wp\/v2\/media\/72183"}],"wp:attachment":[{"href":"https:\/\/intermob.be\/de\/wp-json\/wp\/v2\/media?parent=72182"}],"wp:term":[{"taxonomy":"product_brand","embeddable":true,"href":"https:\/\/intermob.be\/de\/wp-json\/wp\/v2\/product_brand?post=72182"},{"taxonomy":"product_cat","embeddable":true,"href":"https:\/\/intermob.be\/de\/wp-json\/wp\/v2\/product_cat?post=72182"},{"taxonomy":"product_tag","embeddable":true,"href":"https:\/\/intermob.be\/de\/wp-json\/wp\/v2\/product_tag?post=72182"}],"curies":[{"name":"wp","href":"https:\/\/api.w.org\/{rel}","templated":true}]}}