{"id":72400,"date":"2018-03-27T09:37:12","date_gmt":"2018-03-27T09:37:12","guid":{"rendered":"https:\/\/intermob.be\/?post_type=product&#038;p=72400"},"modified":"2025-10-11T09:48:17","modified_gmt":"2025-10-11T09:48:17","slug":"horeca-stuhl-basic","status":"publish","type":"product","link":"https:\/\/intermob.be\/de\/produkt\/horeca-stuhl-basic\/","title":{"rendered":"Stuhl - Basic - Kunstleder"},"content":{"rendered":"<div class=\"oSioSc\">\n<div id=\"tw-target\">\n<div id=\"tw-target-text-container\" class=\"gsrt tw-nfl tw-ta-container\">\n<div class=\"oSioSc\">\n<div id=\"tw-target\">\n<div id=\"tw-target-text-container\" class=\"gsrt tw-nfl tw-ta-container\">\n<p><span style=\"color: #000000;\">Dieser stilvolle Kunstlederstuhl, erh\u00e4ltlich in den Farben Taupe, Bordeaux und Schwarz, bringt Raffinesse und Komfort in jeden Raum. Der elegante schwarze Buchenrahmen sorgt f\u00fcr eine stabile Basis und eine moderne Ausstrahlung, w\u00e4hrend das hochwertige Kunstleder ein weiches und langlebiges Sitzerlebnis bietet. Ideal f\u00fcr Gastronomiebetriebe wie Restaurants und Caf\u00e9s, in denen Stil und Funktionalit\u00e4t zusammenkommen, um eine einladende Atmosph\u00e4re zu schaffen. Bieten Sie Ihren G\u00e4sten ein luxuri\u00f6ses Sitzerlebnis, das zum l\u00e4ngeren Verweilen einl\u00e4dt, und genie\u00dfen Sie ein Interieur, das Klasse ausstrahlt.<\/span><\/p>\n<p><span style=\"color: #000000;\">St\u00fchle f\u00fcr Ihr Unternehmen gibt es in allen Formen, Gr\u00f6\u00dfen und Farben. Das Intermob bietet eine Auswahl an St\u00fchlen, in denen alles m\u00f6glich ist. Auf diese Weise k\u00f6nnen Sie das gew\u00fcnschte Material f\u00fcr Ihre St\u00fchle ausw\u00e4hlen. Ist Holz besser f\u00fcr Ihr Interieur? Oder eher Metall? Komfort ist auch ein wichtiger Faktor. Welche R\u00fcckenlehne bevorzugen Sie und bestimmen die Farbe, die am besten zum Rest des Raums passt. Nicht genug Auswahl? Das Intermob stellt kundenspezifische M\u00f6bel her und ist offen f\u00fcr Ihre Fragen und W\u00fcnsche.<\/span><\/p>\n<p><span style=\"color: #000000;\"><strong>Bronco-Stoff:<\/strong><\/span><br \/>\n<span style=\"color: #000000;\">Bronco-Stoff ist eine Art Kunstleder, auch bekannt als Skai-Leder, das h\u00e4ufig f\u00fcr M\u00f6belpolsterungen verwendet wird. Es kombiniert die \u00c4sthetik von echtem Leder mit den praktischen Vorteilen synthetischer Materialien. Dank seiner Haltbarkeit und Pflegeleichtigkeit ist Bronco-Stoff ideal f\u00fcr die Polsterung verschiedener M\u00f6belst\u00fccke wie Sofas, St\u00fchle und Kopfteile. Der Stoff verleiht jedem Interieur eine luxuri\u00f6se und komfortable Optik. Bronco-Kunstleder bietet eine hervorragende Balance zwischen luxuri\u00f6sem Aussehen, Komfort und praktischen Eigenschaften und ist daher eine beliebte Wahl f\u00fcr hochwertige M\u00f6belpolsterungen.<\/span><\/p>\n<p><span style=\"color: #000000;\"><strong>Zus\u00e4tzliche Information:<\/strong><\/span><\/p>\n<ul>\n<li><span style=\"color: #000000;\">Kommt mit einem Standard Kunststoff Gleitnagel<\/span><\/li>\n<li><span style=\"color: #000000;\">Komplett gebrauchsfertig geliefert<\/span><\/li>\n<li><span style=\"color: #000000;\">Europ\u00e4isches Produkt garantiert<\/span><\/li>\n<li><span style=\"color: #000000;\">1 Jahr Garantie<\/span><\/li>\n<\/ul>\n<\/div>\n<\/div>\n<\/div>\n<\/div>\n<\/div>\n<\/div>\n","protected":false},"excerpt":{"rendered":"<p>Dieser stilvolle Kunstlederstuhl, erh\u00e4ltlich in den Farben Taupe, Bordeaux und Schwarz, bringt Raffinesse und Komfort in jeden Raum. Der elegante<\/p>\n","protected":false},"featured_media":72379,"comment_status":"open","ping_status":"closed","template":"","meta":[],"product_brand":[],"product_cat":[9855],"product_tag":[17388,17389,17390,17392],"class_list":{"0":"post-72400","1":"product","2":"type-product","3":"status-publish","4":"has-post-thumbnail","6":"product_cat-ledersessel","7":"product_tag-horeca-furniture","8":"product_tag-horeca-meubelen","9":"product_tag-horeca-moebel","10":"product_tag-meubles-horeca","11":"pa_armrest-armrest-nein-de","12":"pa_frame-nicht-stapelbar-frame-de","13":"pa_product-color-color-schwarz-de","14":"pa_product-color-color-taupe-de","15":"pa_product-color-color-bordeaux-de","16":"pa_product-frame-color-schwarz-frame-color-de","17":"pa_product-material-buche-rahmen-material-de","18":"pa_product-more-colors-ja-de","19":"pa_product-seat-cm-42x42-seat-cm-de","20":"pa_product-seat-height-cm-50-seat-height-cm-de","21":"pa_product-seats-1-seats-de","22":"pa_product-upholstery-upholstery-kunstleder-de","23":"pa_product-usage-usage-innen-de","25":"first","26":"instock","27":"sale","28":"featured","29":"taxable","30":"shipping-taxable","31":"purchasable","32":"product-type-variable","33":"hc-var-color"},"yoast_head":"<!-- This site is optimized with the Yoast SEO plugin v26.4 - https:\/\/yoast.com\/wordpress\/plugins\/seo\/ -->\n<title>Horeca Stuhl - Basic - Kunstleder<\/title>\n<meta name=\"robots\" content=\"index, follow, max-snippet:-1, max-image-preview:large, max-video-preview:-1\" \/>\n<link rel=\"canonical\" href=\"https:\/\/intermob.be\/de\/produkt\/horeca-stuhl-basic\/\" \/>\n<meta property=\"og:locale\" content=\"de_DE\" \/>\n<meta property=\"og:type\" content=\"article\" \/>\n<meta property=\"og:title\" content=\"Horeca Stuhl - Basic - Kunstleder\" \/>\n<meta property=\"og:description\" content=\"Dieser stilvolle Kunstlederstuhl, erh\u00e4ltlich in den Farben Taupe, Bordeaux und Schwarz, bringt Raffinesse und Komfort in jeden Raum. Der elegante\" \/>\n<meta property=\"og:url\" content=\"https:\/\/intermob.be\/de\/produkt\/horeca-stuhl-basic\/\" \/>\n<meta property=\"og:site_name\" content=\"Intermob Mobilier\" \/>\n<meta property=\"article:modified_time\" content=\"2025-10-11T09:48:17+00:00\" \/>\n<meta property=\"og:image\" content=\"https:\/\/intermob.be\/wp-content\/uploads\/2024\/03\/products-Horeca-Stoel-Basic-Zwart-1-2.jpg\" \/>\n\t<meta property=\"og:image:width\" content=\"800\" \/>\n\t<meta property=\"og:image:height\" content=\"800\" \/>\n\t<meta property=\"og:image:type\" content=\"image\/jpeg\" \/>\n<meta name=\"twitter:card\" content=\"summary_large_image\" \/>\n<meta name=\"twitter:label1\" content=\"Gesch\u00e4tzte Lesezeit\" \/>\n\t<meta name=\"twitter:data1\" content=\"2\u00a0Minuten\" \/>\n<script type=\"application\/ld+json\" class=\"yoast-schema-graph\">{\"@context\":\"https:\/\/schema.org\",\"@graph\":[{\"@type\":\"WebPage\",\"@id\":\"https:\/\/intermob.be\/de\/produkt\/horeca-stuhl-basic\/\",\"url\":\"https:\/\/intermob.be\/de\/produkt\/horeca-stuhl-basic\/\",\"name\":\"Horeca Stuhl - Basic - Kunstleder\",\"isPartOf\":{\"@id\":\"https:\/\/intermob.be\/de\/#website\"},\"primaryImageOfPage\":{\"@id\":\"https:\/\/intermob.be\/de\/produkt\/horeca-stuhl-basic\/#primaryimage\"},\"image\":{\"@id\":\"https:\/\/intermob.be\/de\/produkt\/horeca-stuhl-basic\/#primaryimage\"},\"thumbnailUrl\":\"https:\/\/intermob.be\/wp-content\/uploads\/2024\/03\/products-Horeca-Stoel-Basic-Zwart-1-2.jpg\",\"datePublished\":\"2018-03-27T09:37:12+00:00\",\"dateModified\":\"2025-10-11T09:48:17+00:00\",\"breadcrumb\":{\"@id\":\"https:\/\/intermob.be\/de\/produkt\/horeca-stuhl-basic\/#breadcrumb\"},\"inLanguage\":\"de\",\"potentialAction\":[{\"@type\":\"ReadAction\",\"target\":[\"https:\/\/intermob.be\/de\/produkt\/horeca-stuhl-basic\/\"]}]},{\"@type\":\"ImageObject\",\"inLanguage\":\"de\",\"@id\":\"https:\/\/intermob.be\/de\/produkt\/horeca-stuhl-basic\/#primaryimage\",\"url\":\"https:\/\/intermob.be\/wp-content\/uploads\/2024\/03\/products-Horeca-Stoel-Basic-Zwart-1-2.jpg\",\"contentUrl\":\"https:\/\/intermob.be\/wp-content\/uploads\/2024\/03\/products-Horeca-Stoel-Basic-Zwart-1-2.jpg\",\"width\":800,\"height\":800,\"caption\":\"Horeca Stoel - Basic - Zwart\"},{\"@type\":\"BreadcrumbList\",\"@id\":\"https:\/\/intermob.be\/de\/produkt\/horeca-stuhl-basic\/#breadcrumb\",\"itemListElement\":[{\"@type\":\"ListItem\",\"position\":1,\"name\":\"Home\",\"item\":\"https:\/\/intermob.be\/de\/\"},{\"@type\":\"ListItem\",\"position\":2,\"name\":\"Shop\",\"item\":\"https:\/\/intermob.be\/de\/shop\/\"},{\"@type\":\"ListItem\",\"position\":3,\"name\":\"Horeca Stuhl &#8211; Basic &#8211; Kunstleder\"}]},{\"@type\":\"WebSite\",\"@id\":\"https:\/\/intermob.be\/de\/#website\",\"url\":\"https:\/\/intermob.be\/de\/\",\"name\":\"Intermob\",\"description\":\"\",\"publisher\":{\"@id\":\"https:\/\/intermob.be\/de\/#organization\"},\"potentialAction\":[{\"@type\":\"SearchAction\",\"target\":{\"@type\":\"EntryPoint\",\"urlTemplate\":\"https:\/\/intermob.be\/de\/?s={search_term_string}\"},\"query-input\":{\"@type\":\"PropertyValueSpecification\",\"valueRequired\":true,\"valueName\":\"search_term_string\"}}],\"inLanguage\":\"de\"},{\"@type\":\"Organization\",\"@id\":\"https:\/\/intermob.be\/de\/#organization\",\"name\":\"Intermob Mobilier\",\"url\":\"https:\/\/intermob.be\/de\/\",\"logo\":{\"@type\":\"ImageObject\",\"inLanguage\":\"de\",\"@id\":\"https:\/\/intermob.be\/de\/#\/schema\/logo\/image\/\",\"url\":\"https:\/\/intermob.be\/wp-content\/uploads\/2025\/09\/intb-bold-logo.png\",\"contentUrl\":\"https:\/\/intermob.be\/wp-content\/uploads\/2025\/09\/intb-bold-logo.png\",\"width\":480,\"height\":158,\"caption\":\"Intermob Mobilier\"},\"image\":{\"@id\":\"https:\/\/intermob.be\/de\/#\/schema\/logo\/image\/\"}}]}<\/script>\n<!-- \/ Yoast SEO plugin. -->","yoast_head_json":{"title":"Horeca Stuhl - Basic - Kunstleder","robots":{"index":"index","follow":"follow","max-snippet":"max-snippet:-1","max-image-preview":"max-image-preview:large","max-video-preview":"max-video-preview:-1"},"canonical":"https:\/\/intermob.be\/de\/produkt\/horeca-stuhl-basic\/","og_locale":"de_DE","og_type":"article","og_title":"Horeca Stuhl - Basic - Kunstleder","og_description":"Dieser stilvolle Kunstlederstuhl, erh\u00e4ltlich in den Farben Taupe, Bordeaux und Schwarz, bringt Raffinesse und Komfort in jeden Raum. Der elegante","og_url":"https:\/\/intermob.be\/de\/produkt\/horeca-stuhl-basic\/","og_site_name":"Intermob Mobilier","article_modified_time":"2025-10-11T09:48:17+00:00","og_image":[{"width":800,"height":800,"url":"https:\/\/intermob.be\/wp-content\/uploads\/2024\/03\/products-Horeca-Stoel-Basic-Zwart-1-2.jpg","type":"image\/jpeg"}],"twitter_card":"summary_large_image","twitter_misc":{"Gesch\u00e4tzte Lesezeit":"2\u00a0Minuten"},"schema":{"@context":"https:\/\/schema.org","@graph":[{"@type":"WebPage","@id":"https:\/\/intermob.be\/de\/produkt\/horeca-stuhl-basic\/","url":"https:\/\/intermob.be\/de\/produkt\/horeca-stuhl-basic\/","name":"Horeca Stuhl - Basic - Kunstleder","isPartOf":{"@id":"https:\/\/intermob.be\/de\/#website"},"primaryImageOfPage":{"@id":"https:\/\/intermob.be\/de\/produkt\/horeca-stuhl-basic\/#primaryimage"},"image":{"@id":"https:\/\/intermob.be\/de\/produkt\/horeca-stuhl-basic\/#primaryimage"},"thumbnailUrl":"https:\/\/intermob.be\/wp-content\/uploads\/2024\/03\/products-Horeca-Stoel-Basic-Zwart-1-2.jpg","datePublished":"2018-03-27T09:37:12+00:00","dateModified":"2025-10-11T09:48:17+00:00","breadcrumb":{"@id":"https:\/\/intermob.be\/de\/produkt\/horeca-stuhl-basic\/#breadcrumb"},"inLanguage":"de","potentialAction":[{"@type":"ReadAction","target":["https:\/\/intermob.be\/de\/produkt\/horeca-stuhl-basic\/"]}]},{"@type":"ImageObject","inLanguage":"de","@id":"https:\/\/intermob.be\/de\/produkt\/horeca-stuhl-basic\/#primaryimage","url":"https:\/\/intermob.be\/wp-content\/uploads\/2024\/03\/products-Horeca-Stoel-Basic-Zwart-1-2.jpg","contentUrl":"https:\/\/intermob.be\/wp-content\/uploads\/2024\/03\/products-Horeca-Stoel-Basic-Zwart-1-2.jpg","width":800,"height":800,"caption":"Horeca Stoel - Basic - Zwart"},{"@type":"BreadcrumbList","@id":"https:\/\/intermob.be\/de\/produkt\/horeca-stuhl-basic\/#breadcrumb","itemListElement":[{"@type":"ListItem","position":1,"name":"Home","item":"https:\/\/intermob.be\/de\/"},{"@type":"ListItem","position":2,"name":"Shop","item":"https:\/\/intermob.be\/de\/shop\/"},{"@type":"ListItem","position":3,"name":"Horeca Stuhl &#8211; Basic &#8211; Kunstleder"}]},{"@type":"WebSite","@id":"https:\/\/intermob.be\/de\/#website","url":"https:\/\/intermob.be\/de\/","name":"Intermob","description":"","publisher":{"@id":"https:\/\/intermob.be\/de\/#organization"},"potentialAction":[{"@type":"SearchAction","target":{"@type":"EntryPoint","urlTemplate":"https:\/\/intermob.be\/de\/?s={search_term_string}"},"query-input":{"@type":"PropertyValueSpecification","valueRequired":true,"valueName":"search_term_string"}}],"inLanguage":"de"},{"@type":"Organization","@id":"https:\/\/intermob.be\/de\/#organization","name":"Intermob Mobilier","url":"https:\/\/intermob.be\/de\/","logo":{"@type":"ImageObject","inLanguage":"de","@id":"https:\/\/intermob.be\/de\/#\/schema\/logo\/image\/","url":"https:\/\/intermob.be\/wp-content\/uploads\/2025\/09\/intb-bold-logo.png","contentUrl":"https:\/\/intermob.be\/wp-content\/uploads\/2025\/09\/intb-bold-logo.png","width":480,"height":158,"caption":"Intermob Mobilier"},"image":{"@id":"https:\/\/intermob.be\/de\/#\/schema\/logo\/image\/"}}]}},"_links":{"self":[{"href":"https:\/\/intermob.be\/de\/wp-json\/wp\/v2\/product\/72400","targetHints":{"allow":["GET"]}}],"collection":[{"href":"https:\/\/intermob.be\/de\/wp-json\/wp\/v2\/product"}],"about":[{"href":"https:\/\/intermob.be\/de\/wp-json\/wp\/v2\/types\/product"}],"replies":[{"embeddable":true,"href":"https:\/\/intermob.be\/de\/wp-json\/wp\/v2\/comments?post=72400"}],"version-history":[{"count":0,"href":"https:\/\/intermob.be\/de\/wp-json\/wp\/v2\/product\/72400\/revisions"}],"wp:featuredmedia":[{"embeddable":true,"href":"https:\/\/intermob.be\/de\/wp-json\/wp\/v2\/media\/72379"}],"wp:attachment":[{"href":"https:\/\/intermob.be\/de\/wp-json\/wp\/v2\/media?parent=72400"}],"wp:term":[{"taxonomy":"product_brand","embeddable":true,"href":"https:\/\/intermob.be\/de\/wp-json\/wp\/v2\/product_brand?post=72400"},{"taxonomy":"product_cat","embeddable":true,"href":"https:\/\/intermob.be\/de\/wp-json\/wp\/v2\/product_cat?post=72400"},{"taxonomy":"product_tag","embeddable":true,"href":"https:\/\/intermob.be\/de\/wp-json\/wp\/v2\/product_tag?post=72400"}],"curies":[{"name":"wp","href":"https:\/\/api.w.org\/{rel}","templated":true}]}}