{"id":72640,"date":"2018-07-12T11:40:20","date_gmt":"2018-07-12T11:40:20","guid":{"rendered":"https:\/\/intermob.be\/?post_type=product&#038;p=72640"},"modified":"2025-10-11T10:03:33","modified_gmt":"2025-10-11T10:03:33","slug":"horeca-stuhl-dex-pu","status":"publish","type":"product","link":"https:\/\/intermob.be\/de\/produkt\/horeca-stuhl-dex-pu\/","title":{"rendered":"Stuhl - Dex - Kunstleder"},"content":{"rendered":"<p><span style=\"color: #000000;\">F\u00fcgen Sie Ihrem Interieur eine Note von Klasse hinzu mit diesem luxuri\u00f6sen Kunstlederstuhl, erh\u00e4ltlich in stilvollem Schwarz und warmem Ary Cognac, kombiniert mit einem stabilen Wenge-Buchenrahmen. Der Stuhl bietet dank des hochwertigen Kunstleders einen bequemen Sitz, w\u00e4hrend das zeitlose Design mit dezenten N\u00e4hten f\u00fcr eine raffinierte Optik sorgt. Perfekt f\u00fcr Gastronomiebetriebe wie Restaurants, Caf\u00e9s und Bars, in denen Stil und Langlebigkeit zusammenkommen, um eine einladende Atmosph\u00e4re zu schaffen, die Ihre G\u00e4ste sicher sch\u00e4tzen werden.<\/span><\/p>\n<p><span style=\"color: #000000;\">St\u00fchle f\u00fcr Ihr Unternehmen gibt es in allen Formen, Gr\u00f6\u00dfen und Farben. Das Intermob bietet eine Auswahl an St\u00fchlen, auf denen alles m\u00f6glich ist. Auf diese Weise k\u00f6nnen Sie das gew\u00fcnschte Material f\u00fcr Ihre St\u00fchle ausw\u00e4hlen. Passt Holz besser zu Ihrem Interieur? Oder eher Metall? Dar\u00fcber hinaus ist Komfort ein wichtiger Faktor. Welche R\u00fcckenlehne bevorzugen Sie und welche Farbe am besten zum Rest des Raums passt. Nicht genug Auswahl? Das Intermob stellt ma\u00dfgefertigte M\u00f6bel her und ist offen f\u00fcr Ihre Fragen und W\u00fcnsche.<\/span><\/p>\n<p><span style=\"color: #000000;\"><strong>Zus\u00e4tzliche Information:<\/strong><\/span><\/p>\n<ul>\n<li><span style=\"color: #000000;\">Lieferung mit einem Standard-Kunststoffgleitnagel<\/span><\/li>\n<li><span style=\"color: #000000;\">Kommt gebrauchsfertig<\/span><\/li>\n<li><span style=\"color: #000000;\">Garantiertes europ\u00e4isches Produkt<\/span><\/li>\n<li><span style=\"color: #000000;\">1 Jahr Garantie<\/span><\/li>\n<\/ul>\n","protected":false},"excerpt":{"rendered":"<p>F\u00fcgen Sie Ihrem Interieur eine Note von Klasse hinzu mit diesem luxuri\u00f6sen Kunstlederstuhl, erh\u00e4ltlich in stilvollem Schwarz und warmem Ary<\/p>\n","protected":false},"featured_media":72641,"comment_status":"open","ping_status":"closed","template":"","meta":[],"product_brand":[],"product_cat":[9855],"product_tag":[],"class_list":{"0":"post-72640","1":"product","2":"type-product","3":"status-publish","4":"has-post-thumbnail","6":"product_cat-ledersessel","7":"pa_armrest-armrest-nein-de","8":"pa_frame-nicht-stapelbar-frame-de","9":"pa_product-color-color-schwarz-de","10":"pa_product-color-color-braun-de","11":"pa_product-color-color-taupe-de","12":"pa_product-frame-color-wenge-frame-color-de","13":"pa_product-material-buche-rahmen-material-de","14":"pa_product-more-colors-ja-de","15":"pa_product-more-dimensions-ja-de","16":"pa_product-seat-cm-42x47-seat-cm-de","17":"pa_product-seat-height-cm-51-seat-height-cm-de","18":"pa_product-seats-1-seats-de","19":"pa_product-upholstery-upholstery-kunstleder-de","20":"pa_product-usage-usage-innen-de","22":"first","23":"instock","24":"sale","25":"taxable","26":"shipping-taxable","27":"purchasable","28":"product-type-variable","29":"hc-var-color"},"yoast_head":"<!-- This site is optimized with the Yoast SEO plugin v26.4 - https:\/\/yoast.com\/wordpress\/plugins\/seo\/ -->\n<title>Horeca Stuhl - Dex - Kunstleder<\/title>\n<meta name=\"robots\" content=\"index, follow, max-snippet:-1, max-image-preview:large, max-video-preview:-1\" \/>\n<link rel=\"canonical\" href=\"https:\/\/intermob.be\/de\/produkt\/horeca-stuhl-dex-pu\/\" \/>\n<meta property=\"og:locale\" content=\"de_DE\" \/>\n<meta property=\"og:type\" content=\"article\" \/>\n<meta property=\"og:title\" content=\"Horeca Stuhl - Dex - Kunstleder\" \/>\n<meta property=\"og:description\" content=\"F\u00fcgen Sie Ihrem Interieur eine Note von Klasse hinzu mit diesem luxuri\u00f6sen Kunstlederstuhl, erh\u00e4ltlich in stilvollem Schwarz und warmem Ary\" \/>\n<meta property=\"og:url\" content=\"https:\/\/intermob.be\/de\/produkt\/horeca-stuhl-dex-pu\/\" \/>\n<meta property=\"og:site_name\" content=\"Intermob Mobilier\" \/>\n<meta property=\"article:modified_time\" content=\"2025-10-11T10:03:33+00:00\" \/>\n<meta property=\"og:image\" content=\"https:\/\/intermob.be\/wp-content\/uploads\/2024\/03\/products-Horeca-Stoel-Dex-Zwart-Z-2.jpg\" \/>\n\t<meta property=\"og:image:width\" content=\"800\" \/>\n\t<meta property=\"og:image:height\" content=\"800\" \/>\n\t<meta property=\"og:image:type\" content=\"image\/jpeg\" \/>\n<meta name=\"twitter:card\" content=\"summary_large_image\" \/>\n<meta name=\"twitter:label1\" content=\"Gesch\u00e4tzte Lesezeit\" \/>\n\t<meta name=\"twitter:data1\" content=\"1\u00a0Minute\" \/>\n<script type=\"application\/ld+json\" class=\"yoast-schema-graph\">{\"@context\":\"https:\/\/schema.org\",\"@graph\":[{\"@type\":\"WebPage\",\"@id\":\"https:\/\/intermob.be\/de\/produkt\/horeca-stuhl-dex-pu\/\",\"url\":\"https:\/\/intermob.be\/de\/produkt\/horeca-stuhl-dex-pu\/\",\"name\":\"Horeca Stuhl - Dex - Kunstleder\",\"isPartOf\":{\"@id\":\"https:\/\/intermob.be\/de\/#website\"},\"primaryImageOfPage\":{\"@id\":\"https:\/\/intermob.be\/de\/produkt\/horeca-stuhl-dex-pu\/#primaryimage\"},\"image\":{\"@id\":\"https:\/\/intermob.be\/de\/produkt\/horeca-stuhl-dex-pu\/#primaryimage\"},\"thumbnailUrl\":\"https:\/\/intermob.be\/wp-content\/uploads\/2024\/03\/products-Horeca-Stoel-Dex-Zwart-Z-2.jpg\",\"datePublished\":\"2018-07-12T11:40:20+00:00\",\"dateModified\":\"2025-10-11T10:03:33+00:00\",\"breadcrumb\":{\"@id\":\"https:\/\/intermob.be\/de\/produkt\/horeca-stuhl-dex-pu\/#breadcrumb\"},\"inLanguage\":\"de\",\"potentialAction\":[{\"@type\":\"ReadAction\",\"target\":[\"https:\/\/intermob.be\/de\/produkt\/horeca-stuhl-dex-pu\/\"]}]},{\"@type\":\"ImageObject\",\"inLanguage\":\"de\",\"@id\":\"https:\/\/intermob.be\/de\/produkt\/horeca-stuhl-dex-pu\/#primaryimage\",\"url\":\"https:\/\/intermob.be\/wp-content\/uploads\/2024\/03\/products-Horeca-Stoel-Dex-Zwart-Z-2.jpg\",\"contentUrl\":\"https:\/\/intermob.be\/wp-content\/uploads\/2024\/03\/products-Horeca-Stoel-Dex-Zwart-Z-2.jpg\",\"width\":800,\"height\":800,\"caption\":\"Horeca Stoel - Dex - Zwart - Z\"},{\"@type\":\"BreadcrumbList\",\"@id\":\"https:\/\/intermob.be\/de\/produkt\/horeca-stuhl-dex-pu\/#breadcrumb\",\"itemListElement\":[{\"@type\":\"ListItem\",\"position\":1,\"name\":\"Home\",\"item\":\"https:\/\/intermob.be\/de\/\"},{\"@type\":\"ListItem\",\"position\":2,\"name\":\"Shop\",\"item\":\"https:\/\/intermob.be\/de\/shop\/\"},{\"@type\":\"ListItem\",\"position\":3,\"name\":\"Horeca Stuhl &#8211; Dex &#8211; Kunstleder\"}]},{\"@type\":\"WebSite\",\"@id\":\"https:\/\/intermob.be\/de\/#website\",\"url\":\"https:\/\/intermob.be\/de\/\",\"name\":\"Intermob\",\"description\":\"\",\"publisher\":{\"@id\":\"https:\/\/intermob.be\/de\/#organization\"},\"potentialAction\":[{\"@type\":\"SearchAction\",\"target\":{\"@type\":\"EntryPoint\",\"urlTemplate\":\"https:\/\/intermob.be\/de\/?s={search_term_string}\"},\"query-input\":{\"@type\":\"PropertyValueSpecification\",\"valueRequired\":true,\"valueName\":\"search_term_string\"}}],\"inLanguage\":\"de\"},{\"@type\":\"Organization\",\"@id\":\"https:\/\/intermob.be\/de\/#organization\",\"name\":\"Intermob Mobilier\",\"url\":\"https:\/\/intermob.be\/de\/\",\"logo\":{\"@type\":\"ImageObject\",\"inLanguage\":\"de\",\"@id\":\"https:\/\/intermob.be\/de\/#\/schema\/logo\/image\/\",\"url\":\"https:\/\/intermob.be\/wp-content\/uploads\/2025\/09\/intb-bold-logo.png\",\"contentUrl\":\"https:\/\/intermob.be\/wp-content\/uploads\/2025\/09\/intb-bold-logo.png\",\"width\":480,\"height\":158,\"caption\":\"Intermob Mobilier\"},\"image\":{\"@id\":\"https:\/\/intermob.be\/de\/#\/schema\/logo\/image\/\"}}]}<\/script>\n<!-- \/ Yoast SEO plugin. -->","yoast_head_json":{"title":"Horeca Stuhl - Dex - Kunstleder","robots":{"index":"index","follow":"follow","max-snippet":"max-snippet:-1","max-image-preview":"max-image-preview:large","max-video-preview":"max-video-preview:-1"},"canonical":"https:\/\/intermob.be\/de\/produkt\/horeca-stuhl-dex-pu\/","og_locale":"de_DE","og_type":"article","og_title":"Horeca Stuhl - Dex - Kunstleder","og_description":"F\u00fcgen Sie Ihrem Interieur eine Note von Klasse hinzu mit diesem luxuri\u00f6sen Kunstlederstuhl, erh\u00e4ltlich in stilvollem Schwarz und warmem Ary","og_url":"https:\/\/intermob.be\/de\/produkt\/horeca-stuhl-dex-pu\/","og_site_name":"Intermob Mobilier","article_modified_time":"2025-10-11T10:03:33+00:00","og_image":[{"width":800,"height":800,"url":"https:\/\/intermob.be\/wp-content\/uploads\/2024\/03\/products-Horeca-Stoel-Dex-Zwart-Z-2.jpg","type":"image\/jpeg"}],"twitter_card":"summary_large_image","twitter_misc":{"Gesch\u00e4tzte Lesezeit":"1\u00a0Minute"},"schema":{"@context":"https:\/\/schema.org","@graph":[{"@type":"WebPage","@id":"https:\/\/intermob.be\/de\/produkt\/horeca-stuhl-dex-pu\/","url":"https:\/\/intermob.be\/de\/produkt\/horeca-stuhl-dex-pu\/","name":"Horeca Stuhl - Dex - Kunstleder","isPartOf":{"@id":"https:\/\/intermob.be\/de\/#website"},"primaryImageOfPage":{"@id":"https:\/\/intermob.be\/de\/produkt\/horeca-stuhl-dex-pu\/#primaryimage"},"image":{"@id":"https:\/\/intermob.be\/de\/produkt\/horeca-stuhl-dex-pu\/#primaryimage"},"thumbnailUrl":"https:\/\/intermob.be\/wp-content\/uploads\/2024\/03\/products-Horeca-Stoel-Dex-Zwart-Z-2.jpg","datePublished":"2018-07-12T11:40:20+00:00","dateModified":"2025-10-11T10:03:33+00:00","breadcrumb":{"@id":"https:\/\/intermob.be\/de\/produkt\/horeca-stuhl-dex-pu\/#breadcrumb"},"inLanguage":"de","potentialAction":[{"@type":"ReadAction","target":["https:\/\/intermob.be\/de\/produkt\/horeca-stuhl-dex-pu\/"]}]},{"@type":"ImageObject","inLanguage":"de","@id":"https:\/\/intermob.be\/de\/produkt\/horeca-stuhl-dex-pu\/#primaryimage","url":"https:\/\/intermob.be\/wp-content\/uploads\/2024\/03\/products-Horeca-Stoel-Dex-Zwart-Z-2.jpg","contentUrl":"https:\/\/intermob.be\/wp-content\/uploads\/2024\/03\/products-Horeca-Stoel-Dex-Zwart-Z-2.jpg","width":800,"height":800,"caption":"Horeca Stoel - Dex - Zwart - Z"},{"@type":"BreadcrumbList","@id":"https:\/\/intermob.be\/de\/produkt\/horeca-stuhl-dex-pu\/#breadcrumb","itemListElement":[{"@type":"ListItem","position":1,"name":"Home","item":"https:\/\/intermob.be\/de\/"},{"@type":"ListItem","position":2,"name":"Shop","item":"https:\/\/intermob.be\/de\/shop\/"},{"@type":"ListItem","position":3,"name":"Horeca Stuhl &#8211; Dex &#8211; Kunstleder"}]},{"@type":"WebSite","@id":"https:\/\/intermob.be\/de\/#website","url":"https:\/\/intermob.be\/de\/","name":"Intermob","description":"","publisher":{"@id":"https:\/\/intermob.be\/de\/#organization"},"potentialAction":[{"@type":"SearchAction","target":{"@type":"EntryPoint","urlTemplate":"https:\/\/intermob.be\/de\/?s={search_term_string}"},"query-input":{"@type":"PropertyValueSpecification","valueRequired":true,"valueName":"search_term_string"}}],"inLanguage":"de"},{"@type":"Organization","@id":"https:\/\/intermob.be\/de\/#organization","name":"Intermob Mobilier","url":"https:\/\/intermob.be\/de\/","logo":{"@type":"ImageObject","inLanguage":"de","@id":"https:\/\/intermob.be\/de\/#\/schema\/logo\/image\/","url":"https:\/\/intermob.be\/wp-content\/uploads\/2025\/09\/intb-bold-logo.png","contentUrl":"https:\/\/intermob.be\/wp-content\/uploads\/2025\/09\/intb-bold-logo.png","width":480,"height":158,"caption":"Intermob Mobilier"},"image":{"@id":"https:\/\/intermob.be\/de\/#\/schema\/logo\/image\/"}}]}},"_links":{"self":[{"href":"https:\/\/intermob.be\/de\/wp-json\/wp\/v2\/product\/72640","targetHints":{"allow":["GET"]}}],"collection":[{"href":"https:\/\/intermob.be\/de\/wp-json\/wp\/v2\/product"}],"about":[{"href":"https:\/\/intermob.be\/de\/wp-json\/wp\/v2\/types\/product"}],"replies":[{"embeddable":true,"href":"https:\/\/intermob.be\/de\/wp-json\/wp\/v2\/comments?post=72640"}],"version-history":[{"count":0,"href":"https:\/\/intermob.be\/de\/wp-json\/wp\/v2\/product\/72640\/revisions"}],"wp:featuredmedia":[{"embeddable":true,"href":"https:\/\/intermob.be\/de\/wp-json\/wp\/v2\/media\/72641"}],"wp:attachment":[{"href":"https:\/\/intermob.be\/de\/wp-json\/wp\/v2\/media?parent=72640"}],"wp:term":[{"taxonomy":"product_brand","embeddable":true,"href":"https:\/\/intermob.be\/de\/wp-json\/wp\/v2\/product_brand?post=72640"},{"taxonomy":"product_cat","embeddable":true,"href":"https:\/\/intermob.be\/de\/wp-json\/wp\/v2\/product_cat?post=72640"},{"taxonomy":"product_tag","embeddable":true,"href":"https:\/\/intermob.be\/de\/wp-json\/wp\/v2\/product_tag?post=72640"}],"curies":[{"name":"wp","href":"https:\/\/api.w.org\/{rel}","templated":true}]}}