{"id":72746,"date":"2018-07-16T14:24:35","date_gmt":"2018-07-16T14:24:35","guid":{"rendered":"https:\/\/intermob.be\/?post_type=product&#038;p=72746"},"modified":"2025-06-26T13:09:31","modified_gmt":"2025-06-26T13:09:31","slug":"horeca-sessel-dex","status":"publish","type":"product","link":"https:\/\/intermob.be\/de\/produkt\/horeca-sessel-dex\/","title":{"rendered":"Sessel - Dex - Kunstleder"},"content":{"rendered":"<p><span style=\"color: #000000;\">Dieser stilvolle Armstuhl aus hochwertigem Kunstleder, erh\u00e4ltlich in Schwarz und Taupe, kombiniert Komfort mit einem raffinierten Look. Der stabile wengefarbene Buchenrahmen bietet optimale Stabilit\u00e4t und ist perfekt f\u00fcr den intensiven Einsatz geeignet. Die subtilen N\u00e4hte und die elegante Verarbeitung verleihen diesem Stuhl ein luxuri\u00f6ses Erscheinungsbild, das gut in moderne Gastronomieumgebungen passt. Ideal f\u00fcr Restaurants, Caf\u00e9s und andere Hospitality-Umgebungen, verleiht dieser Stuhl jedem Interieur einen Hauch von Eleganz und l\u00e4dt Ihre G\u00e4ste ein, l\u00e4nger zu verweilen und zu genie\u00dfen.<\/span><\/p>\n<p><span style=\"color: #000000;\"><strong>Zus\u00e4tzliche Information:<\/strong><\/span><\/p>\n<ul>\n<li><span style=\"color: #000000;\">Lieferung mit einem Standard-Kunststoffgleitnagel<\/span><\/li>\n<li><span style=\"color: #000000;\">Lieferung gebrauchsfertig<\/span><\/li>\n<li><span style=\"color: #000000;\">Garantiertes europ\u00e4isches Produkt<\/span><\/li>\n<li><span style=\"color: #000000;\">1 Jahr Werksgarantie<\/span><\/li>\n<\/ul>\n","protected":false},"excerpt":{"rendered":"<p>Dieser stilvolle Armstuhl aus hochwertigem Kunstleder, erh\u00e4ltlich in Schwarz und Taupe, kombiniert Komfort mit einem raffinierten Look. Der stabile wengefarbene<\/p>\n","protected":false},"featured_media":72251,"comment_status":"open","ping_status":"closed","template":"","meta":[],"product_brand":[],"product_cat":[10051],"product_tag":[],"class_list":{"0":"post-72746","1":"product","2":"type-product","3":"status-publish","4":"has-post-thumbnail","6":"product_cat-sessel","7":"pa_armrest-armrest-ja-de","8":"pa_frame-nicht-stapelbar-frame-de","9":"pa_product-arm-height-cm-67-arm-height-cm-de","10":"pa_product-color-color-schwarz-de","11":"pa_product-color-color-taupe-de","12":"pa_product-frame-color-wenge-frame-color-de","13":"pa_product-material-buche-rahmen-material-de","14":"pa_product-more-colors-ja-de","15":"pa_product-seat-height-cm-51-seat-height-cm-de","16":"pa_product-seats-1-seats-de","17":"pa_product-upholstery-upholstery-kunstleder-de","18":"pa_product-usage-usage-innen-de","20":"first","21":"instock","22":"sale","23":"taxable","24":"shipping-taxable","25":"purchasable","26":"product-type-variable","27":"hc-var-color"},"yoast_head":"<!-- This site is optimized with the Yoast SEO plugin v26.4 - https:\/\/yoast.com\/wordpress\/plugins\/seo\/ -->\n<title>Horeca Sessel - Dex - Kunstleder<\/title>\n<meta name=\"robots\" content=\"index, follow, max-snippet:-1, max-image-preview:large, max-video-preview:-1\" \/>\n<link rel=\"canonical\" href=\"https:\/\/intermob.be\/de\/produkt\/horeca-sessel-dex\/\" \/>\n<meta property=\"og:locale\" content=\"de_DE\" \/>\n<meta property=\"og:type\" content=\"article\" \/>\n<meta property=\"og:title\" content=\"Horeca Sessel - Dex - Kunstleder\" \/>\n<meta property=\"og:description\" content=\"Dieser stilvolle Armstuhl aus hochwertigem Kunstleder, erh\u00e4ltlich in Schwarz und Taupe, kombiniert Komfort mit einem raffinierten Look. Der stabile wengefarbene\" \/>\n<meta property=\"og:url\" content=\"https:\/\/intermob.be\/de\/produkt\/horeca-sessel-dex\/\" \/>\n<meta property=\"og:site_name\" content=\"Intermob Mobilier\" \/>\n<meta property=\"article:modified_time\" content=\"2025-06-26T13:09:31+00:00\" \/>\n<meta property=\"og:image\" content=\"https:\/\/intermob.be\/wp-content\/uploads\/2024\/03\/products-Horeca-Fauteuil-Dex-Zwart-2.jpg\" \/>\n\t<meta property=\"og:image:width\" content=\"800\" \/>\n\t<meta property=\"og:image:height\" content=\"800\" \/>\n\t<meta property=\"og:image:type\" content=\"image\/jpeg\" \/>\n<meta name=\"twitter:card\" content=\"summary_large_image\" \/>\n<meta name=\"twitter:label1\" content=\"Gesch\u00e4tzte Lesezeit\" \/>\n\t<meta name=\"twitter:data1\" content=\"1\u00a0Minute\" \/>\n<script type=\"application\/ld+json\" class=\"yoast-schema-graph\">{\"@context\":\"https:\/\/schema.org\",\"@graph\":[{\"@type\":\"WebPage\",\"@id\":\"https:\/\/intermob.be\/de\/produkt\/horeca-sessel-dex\/\",\"url\":\"https:\/\/intermob.be\/de\/produkt\/horeca-sessel-dex\/\",\"name\":\"Horeca Sessel - Dex - Kunstleder\",\"isPartOf\":{\"@id\":\"https:\/\/intermob.be\/de\/#website\"},\"primaryImageOfPage\":{\"@id\":\"https:\/\/intermob.be\/de\/produkt\/horeca-sessel-dex\/#primaryimage\"},\"image\":{\"@id\":\"https:\/\/intermob.be\/de\/produkt\/horeca-sessel-dex\/#primaryimage\"},\"thumbnailUrl\":\"https:\/\/intermob.be\/wp-content\/uploads\/2024\/03\/products-Horeca-Fauteuil-Dex-Zwart-2.jpg\",\"datePublished\":\"2018-07-16T14:24:35+00:00\",\"dateModified\":\"2025-06-26T13:09:31+00:00\",\"breadcrumb\":{\"@id\":\"https:\/\/intermob.be\/de\/produkt\/horeca-sessel-dex\/#breadcrumb\"},\"inLanguage\":\"de\",\"potentialAction\":[{\"@type\":\"ReadAction\",\"target\":[\"https:\/\/intermob.be\/de\/produkt\/horeca-sessel-dex\/\"]}]},{\"@type\":\"ImageObject\",\"inLanguage\":\"de\",\"@id\":\"https:\/\/intermob.be\/de\/produkt\/horeca-sessel-dex\/#primaryimage\",\"url\":\"https:\/\/intermob.be\/wp-content\/uploads\/2024\/03\/products-Horeca-Fauteuil-Dex-Zwart-2.jpg\",\"contentUrl\":\"https:\/\/intermob.be\/wp-content\/uploads\/2024\/03\/products-Horeca-Fauteuil-Dex-Zwart-2.jpg\",\"width\":800,\"height\":800,\"caption\":\"Horeca Fauteuil - Dex - Zwart\"},{\"@type\":\"BreadcrumbList\",\"@id\":\"https:\/\/intermob.be\/de\/produkt\/horeca-sessel-dex\/#breadcrumb\",\"itemListElement\":[{\"@type\":\"ListItem\",\"position\":1,\"name\":\"Home\",\"item\":\"https:\/\/intermob.be\/de\/\"},{\"@type\":\"ListItem\",\"position\":2,\"name\":\"Shop\",\"item\":\"https:\/\/intermob.be\/de\/shop\/\"},{\"@type\":\"ListItem\",\"position\":3,\"name\":\"Fauteuil - Dex - Simili Cuir\"}]},{\"@type\":\"WebSite\",\"@id\":\"https:\/\/intermob.be\/de\/#website\",\"url\":\"https:\/\/intermob.be\/de\/\",\"name\":\"Intermob\",\"description\":\"\",\"publisher\":{\"@id\":\"https:\/\/intermob.be\/de\/#organization\"},\"potentialAction\":[{\"@type\":\"SearchAction\",\"target\":{\"@type\":\"EntryPoint\",\"urlTemplate\":\"https:\/\/intermob.be\/de\/?s={search_term_string}\"},\"query-input\":{\"@type\":\"PropertyValueSpecification\",\"valueRequired\":true,\"valueName\":\"search_term_string\"}}],\"inLanguage\":\"de\"},{\"@type\":\"Organization\",\"@id\":\"https:\/\/intermob.be\/de\/#organization\",\"name\":\"Intermob Mobilier\",\"url\":\"https:\/\/intermob.be\/de\/\",\"logo\":{\"@type\":\"ImageObject\",\"inLanguage\":\"de\",\"@id\":\"https:\/\/intermob.be\/de\/#\/schema\/logo\/image\/\",\"url\":\"https:\/\/intermob.be\/wp-content\/uploads\/2025\/09\/intb-bold-logo.png\",\"contentUrl\":\"https:\/\/intermob.be\/wp-content\/uploads\/2025\/09\/intb-bold-logo.png\",\"width\":480,\"height\":158,\"caption\":\"Intermob Mobilier\"},\"image\":{\"@id\":\"https:\/\/intermob.be\/de\/#\/schema\/logo\/image\/\"}}]}<\/script>\n<!-- \/ Yoast SEO plugin. -->","yoast_head_json":{"title":"Horeca Sessel - Dex - Kunstleder","robots":{"index":"index","follow":"follow","max-snippet":"max-snippet:-1","max-image-preview":"max-image-preview:large","max-video-preview":"max-video-preview:-1"},"canonical":"https:\/\/intermob.be\/de\/produkt\/horeca-sessel-dex\/","og_locale":"de_DE","og_type":"article","og_title":"Horeca Sessel - Dex - Kunstleder","og_description":"Dieser stilvolle Armstuhl aus hochwertigem Kunstleder, erh\u00e4ltlich in Schwarz und Taupe, kombiniert Komfort mit einem raffinierten Look. Der stabile wengefarbene","og_url":"https:\/\/intermob.be\/de\/produkt\/horeca-sessel-dex\/","og_site_name":"Intermob Mobilier","article_modified_time":"2025-06-26T13:09:31+00:00","og_image":[{"width":800,"height":800,"url":"https:\/\/intermob.be\/wp-content\/uploads\/2024\/03\/products-Horeca-Fauteuil-Dex-Zwart-2.jpg","type":"image\/jpeg"}],"twitter_card":"summary_large_image","twitter_misc":{"Gesch\u00e4tzte Lesezeit":"1\u00a0Minute"},"schema":{"@context":"https:\/\/schema.org","@graph":[{"@type":"WebPage","@id":"https:\/\/intermob.be\/de\/produkt\/horeca-sessel-dex\/","url":"https:\/\/intermob.be\/de\/produkt\/horeca-sessel-dex\/","name":"Horeca Sessel - Dex - Kunstleder","isPartOf":{"@id":"https:\/\/intermob.be\/de\/#website"},"primaryImageOfPage":{"@id":"https:\/\/intermob.be\/de\/produkt\/horeca-sessel-dex\/#primaryimage"},"image":{"@id":"https:\/\/intermob.be\/de\/produkt\/horeca-sessel-dex\/#primaryimage"},"thumbnailUrl":"https:\/\/intermob.be\/wp-content\/uploads\/2024\/03\/products-Horeca-Fauteuil-Dex-Zwart-2.jpg","datePublished":"2018-07-16T14:24:35+00:00","dateModified":"2025-06-26T13:09:31+00:00","breadcrumb":{"@id":"https:\/\/intermob.be\/de\/produkt\/horeca-sessel-dex\/#breadcrumb"},"inLanguage":"de","potentialAction":[{"@type":"ReadAction","target":["https:\/\/intermob.be\/de\/produkt\/horeca-sessel-dex\/"]}]},{"@type":"ImageObject","inLanguage":"de","@id":"https:\/\/intermob.be\/de\/produkt\/horeca-sessel-dex\/#primaryimage","url":"https:\/\/intermob.be\/wp-content\/uploads\/2024\/03\/products-Horeca-Fauteuil-Dex-Zwart-2.jpg","contentUrl":"https:\/\/intermob.be\/wp-content\/uploads\/2024\/03\/products-Horeca-Fauteuil-Dex-Zwart-2.jpg","width":800,"height":800,"caption":"Horeca Fauteuil - Dex - Zwart"},{"@type":"BreadcrumbList","@id":"https:\/\/intermob.be\/de\/produkt\/horeca-sessel-dex\/#breadcrumb","itemListElement":[{"@type":"ListItem","position":1,"name":"Home","item":"https:\/\/intermob.be\/de\/"},{"@type":"ListItem","position":2,"name":"Shop","item":"https:\/\/intermob.be\/de\/shop\/"},{"@type":"ListItem","position":3,"name":"Fauteuil - Dex - Simili Cuir"}]},{"@type":"WebSite","@id":"https:\/\/intermob.be\/de\/#website","url":"https:\/\/intermob.be\/de\/","name":"Intermob","description":"","publisher":{"@id":"https:\/\/intermob.be\/de\/#organization"},"potentialAction":[{"@type":"SearchAction","target":{"@type":"EntryPoint","urlTemplate":"https:\/\/intermob.be\/de\/?s={search_term_string}"},"query-input":{"@type":"PropertyValueSpecification","valueRequired":true,"valueName":"search_term_string"}}],"inLanguage":"de"},{"@type":"Organization","@id":"https:\/\/intermob.be\/de\/#organization","name":"Intermob Mobilier","url":"https:\/\/intermob.be\/de\/","logo":{"@type":"ImageObject","inLanguage":"de","@id":"https:\/\/intermob.be\/de\/#\/schema\/logo\/image\/","url":"https:\/\/intermob.be\/wp-content\/uploads\/2025\/09\/intb-bold-logo.png","contentUrl":"https:\/\/intermob.be\/wp-content\/uploads\/2025\/09\/intb-bold-logo.png","width":480,"height":158,"caption":"Intermob Mobilier"},"image":{"@id":"https:\/\/intermob.be\/de\/#\/schema\/logo\/image\/"}}]}},"_links":{"self":[{"href":"https:\/\/intermob.be\/de\/wp-json\/wp\/v2\/product\/72746","targetHints":{"allow":["GET"]}}],"collection":[{"href":"https:\/\/intermob.be\/de\/wp-json\/wp\/v2\/product"}],"about":[{"href":"https:\/\/intermob.be\/de\/wp-json\/wp\/v2\/types\/product"}],"replies":[{"embeddable":true,"href":"https:\/\/intermob.be\/de\/wp-json\/wp\/v2\/comments?post=72746"}],"version-history":[{"count":0,"href":"https:\/\/intermob.be\/de\/wp-json\/wp\/v2\/product\/72746\/revisions"}],"wp:featuredmedia":[{"embeddable":true,"href":"https:\/\/intermob.be\/de\/wp-json\/wp\/v2\/media\/72251"}],"wp:attachment":[{"href":"https:\/\/intermob.be\/de\/wp-json\/wp\/v2\/media?parent=72746"}],"wp:term":[{"taxonomy":"product_brand","embeddable":true,"href":"https:\/\/intermob.be\/de\/wp-json\/wp\/v2\/product_brand?post=72746"},{"taxonomy":"product_cat","embeddable":true,"href":"https:\/\/intermob.be\/de\/wp-json\/wp\/v2\/product_cat?post=72746"},{"taxonomy":"product_tag","embeddable":true,"href":"https:\/\/intermob.be\/de\/wp-json\/wp\/v2\/product_tag?post=72746"}],"curies":[{"name":"wp","href":"https:\/\/api.w.org\/{rel}","templated":true}]}}