{"id":73546,"date":"2019-03-07T16:45:21","date_gmt":"2019-03-07T16:45:21","guid":{"rendered":"https:\/\/intermob.be\/?post_type=product&#038;p=73546"},"modified":"2024-11-21T07:17:25","modified_gmt":"2024-11-21T07:17:25","slug":"horeca-barstuhl-violet-wenge","status":"publish","type":"product","link":"https:\/\/intermob.be\/de\/produkt\/horeca-barstuhl-violet-wenge\/","title":{"rendered":"Holz-Barstuhl - Violet - Holz"},"content":{"rendered":"<p><span style=\"color: #000000;\">Heben Sie Ihr Interieur mit diesem eleganten Holzbarhocker auf ein neues Niveau, erh\u00e4ltlich in reichen Wenge- und warmen Eichent\u00f6nen. Der Rahmen, ausgef\u00fchrt in passenden Wenge- oder Eichent\u00f6nen, schafft ein harmonisches Gesamtbild und eine robuste Konstruktion, die perfekt f\u00fcr den t\u00e4glichen intensiven Gebrauch geeignet ist. Das authentische Holz bringt nat\u00fcrlichen Charme, w\u00e4hrend die hochwertige Verarbeitung f\u00fcr ein elegantes Erscheinungsbild sorgt.<\/span><\/p>\n<p><span style=\"color: #000000;\">Dieser Barhocker wurde mit Blick auf Stil und Komfort entworfen und ist ideal f\u00fcr Restaurants, Caf\u00e9s und Bars, die eine einladende und professionelle Atmosph\u00e4re schaffen m\u00f6chten. Die ergonomische Sitzfl\u00e4che bietet h\u00f6chsten Komfort, w\u00e4hrend die zeitlosen Farben und nat\u00fcrlichen Materialien sowohl moderne als auch klassische Interieurs erg\u00e4nzen. Mit diesem Holzbarhocker entscheiden Sie sich f\u00fcr Qualit\u00e4t und Eleganz \u2013 die perfekte Wahl f\u00fcr Gastronomiebetriebe, die mit einer warmen und einladenden Atmosph\u00e4re beeindrucken m\u00f6chten.<\/span><\/p>\n","protected":false},"excerpt":{"rendered":"<p>Heben Sie Ihr Interieur mit diesem eleganten Holzbarhocker auf ein neues Niveau, erh\u00e4ltlich in reichen Wenge- und warmen Eichent\u00f6nen. Der<\/p>\n","protected":false},"featured_media":73547,"comment_status":"open","ping_status":"closed","template":"","meta":[],"product_brand":[],"product_cat":[10267],"product_tag":[17389,17392],"class_list":{"0":"post-73546","1":"product","2":"type-product","3":"status-publish","4":"has-post-thumbnail","6":"product_cat-holzstange","7":"product_tag-horeca-meubelen","8":"product_tag-meubles-horeca","9":"pa_frame-nicht-stapelbar-frame-de","10":"pa_product-color-color-wenge-de","11":"pa_product-frame-color-wenge-frame-color-de","12":"pa_product-material-material-holz-de","13":"pa_product-more-colors-ja-de","14":"pa_product-more-dimensions-ja-de","15":"pa_product-seats-1-seats-de","16":"pa_product-usage-usage-innen-de","18":"first","19":"instock","20":"sale","21":"taxable","22":"shipping-taxable","23":"purchasable","24":"product-type-simple"},"yoast_head":"<!-- This site is optimized with the Yoast SEO plugin v26.4 - https:\/\/yoast.com\/wordpress\/plugins\/seo\/ -->\n<title>Horeca Holz-Barstuhl - Violet - Holz<\/title>\n<meta name=\"robots\" content=\"index, follow, max-snippet:-1, max-image-preview:large, max-video-preview:-1\" \/>\n<link rel=\"canonical\" href=\"https:\/\/intermob.be\/de\/produkt\/horeca-barstuhl-violet-wenge\/\" \/>\n<meta property=\"og:locale\" content=\"de_DE\" \/>\n<meta property=\"og:type\" content=\"article\" \/>\n<meta property=\"og:title\" content=\"Horeca Holz-Barstuhl - Violet - Holz\" \/>\n<meta property=\"og:description\" content=\"Heben Sie Ihr Interieur mit diesem eleganten Holzbarhocker auf ein neues Niveau, erh\u00e4ltlich in reichen Wenge- und warmen Eichent\u00f6nen. Der\" \/>\n<meta property=\"og:url\" content=\"https:\/\/intermob.be\/de\/produkt\/horeca-barstuhl-violet-wenge\/\" \/>\n<meta property=\"og:site_name\" content=\"Intermob Mobilier\" \/>\n<meta property=\"article:modified_time\" content=\"2024-11-21T07:17:25+00:00\" \/>\n<meta property=\"og:image\" content=\"https:\/\/intermob.be\/wp-content\/uploads\/2024\/03\/products-Horeca-Barstoel-Violet-Wenge-2.jpg\" \/>\n\t<meta property=\"og:image:width\" content=\"800\" \/>\n\t<meta property=\"og:image:height\" content=\"800\" \/>\n\t<meta property=\"og:image:type\" content=\"image\/jpeg\" \/>\n<meta name=\"twitter:card\" content=\"summary_large_image\" \/>\n<meta name=\"twitter:label1\" content=\"Gesch\u00e4tzte Lesezeit\" \/>\n\t<meta name=\"twitter:data1\" content=\"1\u00a0Minute\" \/>\n<script type=\"application\/ld+json\" class=\"yoast-schema-graph\">{\"@context\":\"https:\/\/schema.org\",\"@graph\":[{\"@type\":\"WebPage\",\"@id\":\"https:\/\/intermob.be\/de\/produkt\/horeca-barstuhl-violet-wenge\/\",\"url\":\"https:\/\/intermob.be\/de\/produkt\/horeca-barstuhl-violet-wenge\/\",\"name\":\"Horeca Holz-Barstuhl - Violet - Holz\",\"isPartOf\":{\"@id\":\"https:\/\/intermob.be\/de\/#website\"},\"primaryImageOfPage\":{\"@id\":\"https:\/\/intermob.be\/de\/produkt\/horeca-barstuhl-violet-wenge\/#primaryimage\"},\"image\":{\"@id\":\"https:\/\/intermob.be\/de\/produkt\/horeca-barstuhl-violet-wenge\/#primaryimage\"},\"thumbnailUrl\":\"https:\/\/intermob.be\/wp-content\/uploads\/2024\/03\/products-Horeca-Barstoel-Violet-Wenge-2.jpg\",\"datePublished\":\"2019-03-07T16:45:21+00:00\",\"dateModified\":\"2024-11-21T07:17:25+00:00\",\"breadcrumb\":{\"@id\":\"https:\/\/intermob.be\/de\/produkt\/horeca-barstuhl-violet-wenge\/#breadcrumb\"},\"inLanguage\":\"de\",\"potentialAction\":[{\"@type\":\"ReadAction\",\"target\":[\"https:\/\/intermob.be\/de\/produkt\/horeca-barstuhl-violet-wenge\/\"]}]},{\"@type\":\"ImageObject\",\"inLanguage\":\"de\",\"@id\":\"https:\/\/intermob.be\/de\/produkt\/horeca-barstuhl-violet-wenge\/#primaryimage\",\"url\":\"https:\/\/intermob.be\/wp-content\/uploads\/2024\/03\/products-Horeca-Barstoel-Violet-Wenge-2.jpg\",\"contentUrl\":\"https:\/\/intermob.be\/wp-content\/uploads\/2024\/03\/products-Horeca-Barstoel-Violet-Wenge-2.jpg\",\"width\":800,\"height\":800,\"caption\":\"Horeca Barstoel - Violet - Wenge\"},{\"@type\":\"BreadcrumbList\",\"@id\":\"https:\/\/intermob.be\/de\/produkt\/horeca-barstuhl-violet-wenge\/#breadcrumb\",\"itemListElement\":[{\"@type\":\"ListItem\",\"position\":1,\"name\":\"Home\",\"item\":\"https:\/\/intermob.be\/de\/\"},{\"@type\":\"ListItem\",\"position\":2,\"name\":\"Shop\",\"item\":\"https:\/\/intermob.be\/de\/shop\/\"},{\"@type\":\"ListItem\",\"position\":3,\"name\":\"Holz-Barstuhl - Violet - Holz\"}]},{\"@type\":\"WebSite\",\"@id\":\"https:\/\/intermob.be\/de\/#website\",\"url\":\"https:\/\/intermob.be\/de\/\",\"name\":\"Intermob\",\"description\":\"\",\"publisher\":{\"@id\":\"https:\/\/intermob.be\/de\/#organization\"},\"potentialAction\":[{\"@type\":\"SearchAction\",\"target\":{\"@type\":\"EntryPoint\",\"urlTemplate\":\"https:\/\/intermob.be\/de\/?s={search_term_string}\"},\"query-input\":{\"@type\":\"PropertyValueSpecification\",\"valueRequired\":true,\"valueName\":\"search_term_string\"}}],\"inLanguage\":\"de\"},{\"@type\":\"Organization\",\"@id\":\"https:\/\/intermob.be\/de\/#organization\",\"name\":\"Intermob Mobilier\",\"url\":\"https:\/\/intermob.be\/de\/\",\"logo\":{\"@type\":\"ImageObject\",\"inLanguage\":\"de\",\"@id\":\"https:\/\/intermob.be\/de\/#\/schema\/logo\/image\/\",\"url\":\"https:\/\/intermob.be\/wp-content\/uploads\/2025\/09\/intb-bold-logo.png\",\"contentUrl\":\"https:\/\/intermob.be\/wp-content\/uploads\/2025\/09\/intb-bold-logo.png\",\"width\":480,\"height\":158,\"caption\":\"Intermob Mobilier\"},\"image\":{\"@id\":\"https:\/\/intermob.be\/de\/#\/schema\/logo\/image\/\"}}]}<\/script>\n<!-- \/ Yoast SEO plugin. -->","yoast_head_json":{"title":"Horeca Holz-Barstuhl - Violet - Holz","robots":{"index":"index","follow":"follow","max-snippet":"max-snippet:-1","max-image-preview":"max-image-preview:large","max-video-preview":"max-video-preview:-1"},"canonical":"https:\/\/intermob.be\/de\/produkt\/horeca-barstuhl-violet-wenge\/","og_locale":"de_DE","og_type":"article","og_title":"Horeca Holz-Barstuhl - Violet - Holz","og_description":"Heben Sie Ihr Interieur mit diesem eleganten Holzbarhocker auf ein neues Niveau, erh\u00e4ltlich in reichen Wenge- und warmen Eichent\u00f6nen. Der","og_url":"https:\/\/intermob.be\/de\/produkt\/horeca-barstuhl-violet-wenge\/","og_site_name":"Intermob Mobilier","article_modified_time":"2024-11-21T07:17:25+00:00","og_image":[{"width":800,"height":800,"url":"https:\/\/intermob.be\/wp-content\/uploads\/2024\/03\/products-Horeca-Barstoel-Violet-Wenge-2.jpg","type":"image\/jpeg"}],"twitter_card":"summary_large_image","twitter_misc":{"Gesch\u00e4tzte Lesezeit":"1\u00a0Minute"},"schema":{"@context":"https:\/\/schema.org","@graph":[{"@type":"WebPage","@id":"https:\/\/intermob.be\/de\/produkt\/horeca-barstuhl-violet-wenge\/","url":"https:\/\/intermob.be\/de\/produkt\/horeca-barstuhl-violet-wenge\/","name":"Horeca Holz-Barstuhl - Violet - Holz","isPartOf":{"@id":"https:\/\/intermob.be\/de\/#website"},"primaryImageOfPage":{"@id":"https:\/\/intermob.be\/de\/produkt\/horeca-barstuhl-violet-wenge\/#primaryimage"},"image":{"@id":"https:\/\/intermob.be\/de\/produkt\/horeca-barstuhl-violet-wenge\/#primaryimage"},"thumbnailUrl":"https:\/\/intermob.be\/wp-content\/uploads\/2024\/03\/products-Horeca-Barstoel-Violet-Wenge-2.jpg","datePublished":"2019-03-07T16:45:21+00:00","dateModified":"2024-11-21T07:17:25+00:00","breadcrumb":{"@id":"https:\/\/intermob.be\/de\/produkt\/horeca-barstuhl-violet-wenge\/#breadcrumb"},"inLanguage":"de","potentialAction":[{"@type":"ReadAction","target":["https:\/\/intermob.be\/de\/produkt\/horeca-barstuhl-violet-wenge\/"]}]},{"@type":"ImageObject","inLanguage":"de","@id":"https:\/\/intermob.be\/de\/produkt\/horeca-barstuhl-violet-wenge\/#primaryimage","url":"https:\/\/intermob.be\/wp-content\/uploads\/2024\/03\/products-Horeca-Barstoel-Violet-Wenge-2.jpg","contentUrl":"https:\/\/intermob.be\/wp-content\/uploads\/2024\/03\/products-Horeca-Barstoel-Violet-Wenge-2.jpg","width":800,"height":800,"caption":"Horeca Barstoel - Violet - Wenge"},{"@type":"BreadcrumbList","@id":"https:\/\/intermob.be\/de\/produkt\/horeca-barstuhl-violet-wenge\/#breadcrumb","itemListElement":[{"@type":"ListItem","position":1,"name":"Home","item":"https:\/\/intermob.be\/de\/"},{"@type":"ListItem","position":2,"name":"Shop","item":"https:\/\/intermob.be\/de\/shop\/"},{"@type":"ListItem","position":3,"name":"Holz-Barstuhl - Violet - Holz"}]},{"@type":"WebSite","@id":"https:\/\/intermob.be\/de\/#website","url":"https:\/\/intermob.be\/de\/","name":"Intermob","description":"","publisher":{"@id":"https:\/\/intermob.be\/de\/#organization"},"potentialAction":[{"@type":"SearchAction","target":{"@type":"EntryPoint","urlTemplate":"https:\/\/intermob.be\/de\/?s={search_term_string}"},"query-input":{"@type":"PropertyValueSpecification","valueRequired":true,"valueName":"search_term_string"}}],"inLanguage":"de"},{"@type":"Organization","@id":"https:\/\/intermob.be\/de\/#organization","name":"Intermob Mobilier","url":"https:\/\/intermob.be\/de\/","logo":{"@type":"ImageObject","inLanguage":"de","@id":"https:\/\/intermob.be\/de\/#\/schema\/logo\/image\/","url":"https:\/\/intermob.be\/wp-content\/uploads\/2025\/09\/intb-bold-logo.png","contentUrl":"https:\/\/intermob.be\/wp-content\/uploads\/2025\/09\/intb-bold-logo.png","width":480,"height":158,"caption":"Intermob Mobilier"},"image":{"@id":"https:\/\/intermob.be\/de\/#\/schema\/logo\/image\/"}}]}},"_links":{"self":[{"href":"https:\/\/intermob.be\/de\/wp-json\/wp\/v2\/product\/73546","targetHints":{"allow":["GET"]}}],"collection":[{"href":"https:\/\/intermob.be\/de\/wp-json\/wp\/v2\/product"}],"about":[{"href":"https:\/\/intermob.be\/de\/wp-json\/wp\/v2\/types\/product"}],"replies":[{"embeddable":true,"href":"https:\/\/intermob.be\/de\/wp-json\/wp\/v2\/comments?post=73546"}],"version-history":[{"count":0,"href":"https:\/\/intermob.be\/de\/wp-json\/wp\/v2\/product\/73546\/revisions"}],"wp:featuredmedia":[{"embeddable":true,"href":"https:\/\/intermob.be\/de\/wp-json\/wp\/v2\/media\/73547"}],"wp:attachment":[{"href":"https:\/\/intermob.be\/de\/wp-json\/wp\/v2\/media?parent=73546"}],"wp:term":[{"taxonomy":"product_brand","embeddable":true,"href":"https:\/\/intermob.be\/de\/wp-json\/wp\/v2\/product_brand?post=73546"},{"taxonomy":"product_cat","embeddable":true,"href":"https:\/\/intermob.be\/de\/wp-json\/wp\/v2\/product_cat?post=73546"},{"taxonomy":"product_tag","embeddable":true,"href":"https:\/\/intermob.be\/de\/wp-json\/wp\/v2\/product_tag?post=73546"}],"curies":[{"name":"wp","href":"https:\/\/api.w.org\/{rel}","templated":true}]}}