{"id":73560,"date":"2019-03-11T17:03:55","date_gmt":"2019-03-11T17:03:55","guid":{"rendered":"https:\/\/intermob.be\/?post_type=product&#038;p=73560"},"modified":"2025-06-26T07:00:18","modified_gmt":"2025-06-26T07:00:18","slug":"horeca-stuhl-violet-wenge","status":"publish","type":"product","link":"https:\/\/intermob.be\/de\/produkt\/horeca-stuhl-violet-wenge\/","title":{"rendered":"Stuhl - Violet - Buchenholz"},"content":{"rendered":"<p><span style=\"color: #000000;\">Dieser Buchenholzstuhl strahlt zeitlose Eleganz aus mit seiner Verarbeitung und dem robusten Buchenrahmen. Die klassischen Linien und nat\u00fcrlichen Holzt\u00f6ne sorgen f\u00fcr eine warme, authentische Ausstrahlung, die perfekt in jedes Interieur passt. Ideal f\u00fcr den Einsatz in Gastronomiebetrieben wie Restaurants und Caf\u00e9s, wo Langlebigkeit und Stil zusammenkommen. Mit diesem Stuhl verleihen Sie Ihrem Raum eine raffinierte und einladende Atmosph\u00e4re, die Besucher sich sofort wie zu Hause f\u00fchlen l\u00e4sst.<\/span><\/p>\n","protected":false},"excerpt":{"rendered":"<p>Dieser Buchenholzstuhl strahlt zeitlose Eleganz aus mit seiner Verarbeitung und dem robusten Buchenrahmen. Die klassischen Linien und nat\u00fcrlichen Holzt\u00f6ne sorgen<\/p>\n","protected":false},"featured_media":126730,"comment_status":"open","ping_status":"closed","template":"","meta":[],"product_brand":[],"product_cat":[10047],"product_tag":[],"class_list":{"0":"post-73560","1":"product","2":"type-product","3":"status-publish","4":"has-post-thumbnail","6":"product_cat-klassische-stuhle","7":"pa_armrest-armrest-nein-de","8":"pa_frame-nicht-stapelbar-frame-de","9":"pa_product-color-color-wenge-de","10":"pa_product-frame-color-wenge-frame-color-de","11":"pa_product-material-buche-rahmen-material-de","12":"pa_product-more-dimensions-ja-de","13":"pa_product-seat-height-cm-49-seat-height-cm-de","14":"pa_product-seats-1-seats-de","15":"pa_product-usage-usage-innen-de","17":"first","18":"instock","19":"sale","20":"taxable","21":"shipping-taxable","22":"purchasable","23":"product-type-simple"},"yoast_head":"<!-- This site is optimized with the Yoast SEO plugin v26.4 - https:\/\/yoast.com\/wordpress\/plugins\/seo\/ -->\n<title>Horeca Stuhl - Violet - Buchenholz<\/title>\n<meta name=\"robots\" content=\"index, follow, max-snippet:-1, max-image-preview:large, max-video-preview:-1\" \/>\n<link rel=\"canonical\" href=\"https:\/\/intermob.be\/de\/produkt\/horeca-stuhl-violet-wenge\/\" \/>\n<meta property=\"og:locale\" content=\"de_DE\" \/>\n<meta property=\"og:type\" content=\"article\" \/>\n<meta property=\"og:title\" content=\"Horeca Stuhl - Violet - Buchenholz\" \/>\n<meta property=\"og:description\" content=\"Dieser Buchenholzstuhl strahlt zeitlose Eleganz aus mit seiner Verarbeitung und dem robusten Buchenrahmen. Die klassischen Linien und nat\u00fcrlichen Holzt\u00f6ne sorgen\" \/>\n<meta property=\"og:url\" content=\"https:\/\/intermob.be\/de\/produkt\/horeca-stuhl-violet-wenge\/\" \/>\n<meta property=\"og:site_name\" content=\"Intermob Mobilier\" \/>\n<meta property=\"article:modified_time\" content=\"2025-06-26T07:00:18+00:00\" \/>\n<meta property=\"og:image\" content=\"https:\/\/intermob.be\/wp-content\/uploads\/2019\/03\/Horeca-Stoel-Violet-Wenge-Beukenhout.jpg\" \/>\n\t<meta property=\"og:image:width\" content=\"1500\" \/>\n\t<meta property=\"og:image:height\" content=\"1500\" \/>\n\t<meta property=\"og:image:type\" content=\"image\/jpeg\" \/>\n<meta name=\"twitter:card\" content=\"summary_large_image\" \/>\n<meta name=\"twitter:label1\" content=\"Gesch\u00e4tzte Lesezeit\" \/>\n\t<meta name=\"twitter:data1\" content=\"1\u00a0Minute\" \/>\n<script type=\"application\/ld+json\" class=\"yoast-schema-graph\">{\"@context\":\"https:\/\/schema.org\",\"@graph\":[{\"@type\":\"WebPage\",\"@id\":\"https:\/\/intermob.be\/de\/produkt\/horeca-stuhl-violet-wenge\/\",\"url\":\"https:\/\/intermob.be\/de\/produkt\/horeca-stuhl-violet-wenge\/\",\"name\":\"Horeca Stuhl - Violet - Buchenholz\",\"isPartOf\":{\"@id\":\"https:\/\/intermob.be\/de\/#website\"},\"primaryImageOfPage\":{\"@id\":\"https:\/\/intermob.be\/de\/produkt\/horeca-stuhl-violet-wenge\/#primaryimage\"},\"image\":{\"@id\":\"https:\/\/intermob.be\/de\/produkt\/horeca-stuhl-violet-wenge\/#primaryimage\"},\"thumbnailUrl\":\"https:\/\/intermob.be\/wp-content\/uploads\/2019\/03\/Horeca-Stoel-Violet-Wenge-Beukenhout.jpg\",\"datePublished\":\"2019-03-11T17:03:55+00:00\",\"dateModified\":\"2025-06-26T07:00:18+00:00\",\"breadcrumb\":{\"@id\":\"https:\/\/intermob.be\/de\/produkt\/horeca-stuhl-violet-wenge\/#breadcrumb\"},\"inLanguage\":\"de\",\"potentialAction\":[{\"@type\":\"ReadAction\",\"target\":[\"https:\/\/intermob.be\/de\/produkt\/horeca-stuhl-violet-wenge\/\"]}]},{\"@type\":\"ImageObject\",\"inLanguage\":\"de\",\"@id\":\"https:\/\/intermob.be\/de\/produkt\/horeca-stuhl-violet-wenge\/#primaryimage\",\"url\":\"https:\/\/intermob.be\/wp-content\/uploads\/2019\/03\/Horeca-Stoel-Violet-Wenge-Beukenhout.jpg\",\"contentUrl\":\"https:\/\/intermob.be\/wp-content\/uploads\/2019\/03\/Horeca-Stoel-Violet-Wenge-Beukenhout.jpg\",\"width\":1500,\"height\":1500,\"caption\":\"Horeca-Stoel-Violet-Weng\u00e9-Beukenhout\"},{\"@type\":\"BreadcrumbList\",\"@id\":\"https:\/\/intermob.be\/de\/produkt\/horeca-stuhl-violet-wenge\/#breadcrumb\",\"itemListElement\":[{\"@type\":\"ListItem\",\"position\":1,\"name\":\"Home\",\"item\":\"https:\/\/intermob.be\/de\/\"},{\"@type\":\"ListItem\",\"position\":2,\"name\":\"Shop\",\"item\":\"https:\/\/intermob.be\/de\/shop\/\"},{\"@type\":\"ListItem\",\"position\":3,\"name\":\"Chaise - Violet - Bois De H\u00eatre\"}]},{\"@type\":\"WebSite\",\"@id\":\"https:\/\/intermob.be\/de\/#website\",\"url\":\"https:\/\/intermob.be\/de\/\",\"name\":\"Intermob\",\"description\":\"\",\"publisher\":{\"@id\":\"https:\/\/intermob.be\/de\/#organization\"},\"potentialAction\":[{\"@type\":\"SearchAction\",\"target\":{\"@type\":\"EntryPoint\",\"urlTemplate\":\"https:\/\/intermob.be\/de\/?s={search_term_string}\"},\"query-input\":{\"@type\":\"PropertyValueSpecification\",\"valueRequired\":true,\"valueName\":\"search_term_string\"}}],\"inLanguage\":\"de\"},{\"@type\":\"Organization\",\"@id\":\"https:\/\/intermob.be\/de\/#organization\",\"name\":\"Intermob Mobilier\",\"url\":\"https:\/\/intermob.be\/de\/\",\"logo\":{\"@type\":\"ImageObject\",\"inLanguage\":\"de\",\"@id\":\"https:\/\/intermob.be\/de\/#\/schema\/logo\/image\/\",\"url\":\"https:\/\/intermob.be\/wp-content\/uploads\/2025\/09\/intb-bold-logo.png\",\"contentUrl\":\"https:\/\/intermob.be\/wp-content\/uploads\/2025\/09\/intb-bold-logo.png\",\"width\":480,\"height\":158,\"caption\":\"Intermob Mobilier\"},\"image\":{\"@id\":\"https:\/\/intermob.be\/de\/#\/schema\/logo\/image\/\"}}]}<\/script>\n<!-- \/ Yoast SEO plugin. -->","yoast_head_json":{"title":"Horeca Stuhl - Violet - Buchenholz","robots":{"index":"index","follow":"follow","max-snippet":"max-snippet:-1","max-image-preview":"max-image-preview:large","max-video-preview":"max-video-preview:-1"},"canonical":"https:\/\/intermob.be\/de\/produkt\/horeca-stuhl-violet-wenge\/","og_locale":"de_DE","og_type":"article","og_title":"Horeca Stuhl - Violet - Buchenholz","og_description":"Dieser Buchenholzstuhl strahlt zeitlose Eleganz aus mit seiner Verarbeitung und dem robusten Buchenrahmen. Die klassischen Linien und nat\u00fcrlichen Holzt\u00f6ne sorgen","og_url":"https:\/\/intermob.be\/de\/produkt\/horeca-stuhl-violet-wenge\/","og_site_name":"Intermob Mobilier","article_modified_time":"2025-06-26T07:00:18+00:00","og_image":[{"width":1500,"height":1500,"url":"https:\/\/intermob.be\/wp-content\/uploads\/2019\/03\/Horeca-Stoel-Violet-Wenge-Beukenhout.jpg","type":"image\/jpeg"}],"twitter_card":"summary_large_image","twitter_misc":{"Gesch\u00e4tzte Lesezeit":"1\u00a0Minute"},"schema":{"@context":"https:\/\/schema.org","@graph":[{"@type":"WebPage","@id":"https:\/\/intermob.be\/de\/produkt\/horeca-stuhl-violet-wenge\/","url":"https:\/\/intermob.be\/de\/produkt\/horeca-stuhl-violet-wenge\/","name":"Horeca Stuhl - Violet - Buchenholz","isPartOf":{"@id":"https:\/\/intermob.be\/de\/#website"},"primaryImageOfPage":{"@id":"https:\/\/intermob.be\/de\/produkt\/horeca-stuhl-violet-wenge\/#primaryimage"},"image":{"@id":"https:\/\/intermob.be\/de\/produkt\/horeca-stuhl-violet-wenge\/#primaryimage"},"thumbnailUrl":"https:\/\/intermob.be\/wp-content\/uploads\/2019\/03\/Horeca-Stoel-Violet-Wenge-Beukenhout.jpg","datePublished":"2019-03-11T17:03:55+00:00","dateModified":"2025-06-26T07:00:18+00:00","breadcrumb":{"@id":"https:\/\/intermob.be\/de\/produkt\/horeca-stuhl-violet-wenge\/#breadcrumb"},"inLanguage":"de","potentialAction":[{"@type":"ReadAction","target":["https:\/\/intermob.be\/de\/produkt\/horeca-stuhl-violet-wenge\/"]}]},{"@type":"ImageObject","inLanguage":"de","@id":"https:\/\/intermob.be\/de\/produkt\/horeca-stuhl-violet-wenge\/#primaryimage","url":"https:\/\/intermob.be\/wp-content\/uploads\/2019\/03\/Horeca-Stoel-Violet-Wenge-Beukenhout.jpg","contentUrl":"https:\/\/intermob.be\/wp-content\/uploads\/2019\/03\/Horeca-Stoel-Violet-Wenge-Beukenhout.jpg","width":1500,"height":1500,"caption":"Horeca-Stoel-Violet-Weng\u00e9-Beukenhout"},{"@type":"BreadcrumbList","@id":"https:\/\/intermob.be\/de\/produkt\/horeca-stuhl-violet-wenge\/#breadcrumb","itemListElement":[{"@type":"ListItem","position":1,"name":"Home","item":"https:\/\/intermob.be\/de\/"},{"@type":"ListItem","position":2,"name":"Shop","item":"https:\/\/intermob.be\/de\/shop\/"},{"@type":"ListItem","position":3,"name":"Chaise - Violet - Bois De H\u00eatre"}]},{"@type":"WebSite","@id":"https:\/\/intermob.be\/de\/#website","url":"https:\/\/intermob.be\/de\/","name":"Intermob","description":"","publisher":{"@id":"https:\/\/intermob.be\/de\/#organization"},"potentialAction":[{"@type":"SearchAction","target":{"@type":"EntryPoint","urlTemplate":"https:\/\/intermob.be\/de\/?s={search_term_string}"},"query-input":{"@type":"PropertyValueSpecification","valueRequired":true,"valueName":"search_term_string"}}],"inLanguage":"de"},{"@type":"Organization","@id":"https:\/\/intermob.be\/de\/#organization","name":"Intermob Mobilier","url":"https:\/\/intermob.be\/de\/","logo":{"@type":"ImageObject","inLanguage":"de","@id":"https:\/\/intermob.be\/de\/#\/schema\/logo\/image\/","url":"https:\/\/intermob.be\/wp-content\/uploads\/2025\/09\/intb-bold-logo.png","contentUrl":"https:\/\/intermob.be\/wp-content\/uploads\/2025\/09\/intb-bold-logo.png","width":480,"height":158,"caption":"Intermob Mobilier"},"image":{"@id":"https:\/\/intermob.be\/de\/#\/schema\/logo\/image\/"}}]}},"_links":{"self":[{"href":"https:\/\/intermob.be\/de\/wp-json\/wp\/v2\/product\/73560","targetHints":{"allow":["GET"]}}],"collection":[{"href":"https:\/\/intermob.be\/de\/wp-json\/wp\/v2\/product"}],"about":[{"href":"https:\/\/intermob.be\/de\/wp-json\/wp\/v2\/types\/product"}],"replies":[{"embeddable":true,"href":"https:\/\/intermob.be\/de\/wp-json\/wp\/v2\/comments?post=73560"}],"version-history":[{"count":0,"href":"https:\/\/intermob.be\/de\/wp-json\/wp\/v2\/product\/73560\/revisions"}],"wp:featuredmedia":[{"embeddable":true,"href":"https:\/\/intermob.be\/de\/wp-json\/wp\/v2\/media\/126730"}],"wp:attachment":[{"href":"https:\/\/intermob.be\/de\/wp-json\/wp\/v2\/media?parent=73560"}],"wp:term":[{"taxonomy":"product_brand","embeddable":true,"href":"https:\/\/intermob.be\/de\/wp-json\/wp\/v2\/product_brand?post=73560"},{"taxonomy":"product_cat","embeddable":true,"href":"https:\/\/intermob.be\/de\/wp-json\/wp\/v2\/product_cat?post=73560"},{"taxonomy":"product_tag","embeddable":true,"href":"https:\/\/intermob.be\/de\/wp-json\/wp\/v2\/product_tag?post=73560"}],"curies":[{"name":"wp","href":"https:\/\/api.w.org\/{rel}","templated":true}]}}