{"id":73578,"date":"2019-03-19T14:35:02","date_gmt":"2019-03-19T14:35:02","guid":{"rendered":"https:\/\/intermob.be\/?post_type=product&#038;p=73578"},"modified":"2025-06-27T11:06:26","modified_gmt":"2025-06-27T11:06:26","slug":"horeca-holz-barstuhl-lila","status":"publish","type":"product","link":"https:\/\/intermob.be\/de\/produkt\/horeca-holz-barstuhl-lila\/","title":{"rendered":"Holz-Barstuhl  - Lila - Kunstleder"},"content":{"rendered":"<ul>\n<li><span style=\"color: #000000;\">In verschiedenen Farben erh\u00e4ltlich<\/span><\/li>\n<li><span style=\"color: #000000;\">Standardm\u00e4\u00dfig mit verschiebbaren Kunststoffknopff\u00fc\u00dfen geliefert<\/span><\/li>\n<li><span style=\"color: #000000;\">Vollst\u00e4ndig einsatzbereit<\/span><\/li>\n<li><span style=\"color: #000000;\">Garantiertes europ\u00e4isches Produkt<\/span><\/li>\n<li><span style=\"color: #000000;\">1 Jahr Herstellergarantie<\/span><\/li>\n<\/ul>\n","protected":false},"excerpt":{"rendered":"<p>In verschiedenen Farben erh\u00e4ltlich Standardm\u00e4\u00dfig mit verschiebbaren Kunststoffknopff\u00fc\u00dfen geliefert Vollst\u00e4ndig einsatzbereit Garantiertes europ\u00e4isches Produkt 1 Jahr Herstellergarantie<\/p>\n","protected":false},"featured_media":73579,"comment_status":"open","ping_status":"closed","template":"","meta":[],"product_brand":[],"product_cat":[10267],"product_tag":[17388,17389,17392],"class_list":{"0":"post-73578","1":"product","2":"type-product","3":"status-publish","4":"has-post-thumbnail","6":"product_cat-holzstange","7":"product_tag-horeca-furniture","8":"product_tag-horeca-meubelen","9":"product_tag-meubles-horeca","10":"pa_frame-nicht-stapelbar-frame-de","11":"pa_product-color-color-schwarz-de","12":"pa_product-color-color-taupe-de","13":"pa_product-color-color-eiche-de","14":"pa_product-frame-color-wenge-frame-color-de","15":"pa_product-material-buche-rahmen-material-de","16":"pa_product-more-colors-ja-de","17":"pa_product-more-dimensions-ja-de","18":"pa_product-seat-height-cm-80-seat-height-cm-de","19":"pa_product-seats-1-seats-de","20":"pa_product-upholstery-upholstery-kunstleder-de","21":"pa_product-usage-usage-innen-de","23":"first","24":"instock","25":"sale","26":"taxable","27":"shipping-taxable","28":"purchasable","29":"product-type-variable","30":"hc-var-color"},"yoast_head":"<!-- This site is optimized with the Yoast SEO plugin v26.4 - https:\/\/yoast.com\/wordpress\/plugins\/seo\/ -->\n<title>Horeca Holz-Barstuhl - Lila - Kunstleder<\/title>\n<meta name=\"robots\" content=\"index, follow, max-snippet:-1, max-image-preview:large, max-video-preview:-1\" \/>\n<link rel=\"canonical\" href=\"https:\/\/intermob.be\/de\/produkt\/horeca-holz-barstuhl-lila\/\" \/>\n<meta property=\"og:locale\" content=\"de_DE\" \/>\n<meta property=\"og:type\" content=\"article\" \/>\n<meta property=\"og:title\" content=\"Horeca Holz-Barstuhl - Lila - Kunstleder\" \/>\n<meta property=\"og:description\" content=\"In verschiedenen Farben erh\u00e4ltlich Standardm\u00e4\u00dfig mit verschiebbaren Kunststoffknopff\u00fc\u00dfen geliefert Vollst\u00e4ndig einsatzbereit Garantiertes europ\u00e4isches Produkt 1 Jahr Herstellergarantie\" \/>\n<meta property=\"og:url\" content=\"https:\/\/intermob.be\/de\/produkt\/horeca-holz-barstuhl-lila\/\" \/>\n<meta property=\"og:site_name\" content=\"Intermob Mobilier\" \/>\n<meta property=\"article:modified_time\" content=\"2025-06-27T11:06:26+00:00\" \/>\n<meta property=\"og:image\" content=\"https:\/\/intermob.be\/wp-content\/uploads\/2024\/03\/products-Horeca-Barstoel-Lila-s-Zwart-2.jpg\" \/>\n\t<meta property=\"og:image:width\" content=\"512\" \/>\n\t<meta property=\"og:image:height\" content=\"512\" \/>\n\t<meta property=\"og:image:type\" content=\"image\/jpeg\" \/>\n<meta name=\"twitter:card\" content=\"summary_large_image\" \/>\n<meta name=\"twitter:label1\" content=\"Gesch\u00e4tzte Lesezeit\" \/>\n\t<meta name=\"twitter:data1\" content=\"1\u00a0Minute\" \/>\n<script type=\"application\/ld+json\" class=\"yoast-schema-graph\">{\"@context\":\"https:\/\/schema.org\",\"@graph\":[{\"@type\":\"WebPage\",\"@id\":\"https:\/\/intermob.be\/de\/produkt\/horeca-holz-barstuhl-lila\/\",\"url\":\"https:\/\/intermob.be\/de\/produkt\/horeca-holz-barstuhl-lila\/\",\"name\":\"Horeca Holz-Barstuhl - Lila - Kunstleder\",\"isPartOf\":{\"@id\":\"https:\/\/intermob.be\/de\/#website\"},\"primaryImageOfPage\":{\"@id\":\"https:\/\/intermob.be\/de\/produkt\/horeca-holz-barstuhl-lila\/#primaryimage\"},\"image\":{\"@id\":\"https:\/\/intermob.be\/de\/produkt\/horeca-holz-barstuhl-lila\/#primaryimage\"},\"thumbnailUrl\":\"https:\/\/intermob.be\/wp-content\/uploads\/2024\/03\/products-Horeca-Barstoel-Lila-s-Zwart-2.jpg\",\"datePublished\":\"2019-03-19T14:35:02+00:00\",\"dateModified\":\"2025-06-27T11:06:26+00:00\",\"breadcrumb\":{\"@id\":\"https:\/\/intermob.be\/de\/produkt\/horeca-holz-barstuhl-lila\/#breadcrumb\"},\"inLanguage\":\"de\",\"potentialAction\":[{\"@type\":\"ReadAction\",\"target\":[\"https:\/\/intermob.be\/de\/produkt\/horeca-holz-barstuhl-lila\/\"]}]},{\"@type\":\"ImageObject\",\"inLanguage\":\"de\",\"@id\":\"https:\/\/intermob.be\/de\/produkt\/horeca-holz-barstuhl-lila\/#primaryimage\",\"url\":\"https:\/\/intermob.be\/wp-content\/uploads\/2024\/03\/products-Horeca-Barstoel-Lila-s-Zwart-2.jpg\",\"contentUrl\":\"https:\/\/intermob.be\/wp-content\/uploads\/2024\/03\/products-Horeca-Barstoel-Lila-s-Zwart-2.jpg\",\"width\":512,\"height\":512,\"caption\":\"Horeca Barstoel - Lila-s - Zwart\"},{\"@type\":\"BreadcrumbList\",\"@id\":\"https:\/\/intermob.be\/de\/produkt\/horeca-holz-barstuhl-lila\/#breadcrumb\",\"itemListElement\":[{\"@type\":\"ListItem\",\"position\":1,\"name\":\"Home\",\"item\":\"https:\/\/intermob.be\/de\/\"},{\"@type\":\"ListItem\",\"position\":2,\"name\":\"Shop\",\"item\":\"https:\/\/intermob.be\/de\/shop\/\"},{\"@type\":\"ListItem\",\"position\":3,\"name\":\"Chaise De Bar En Bois - Lila - Simili Cuir\"}]},{\"@type\":\"WebSite\",\"@id\":\"https:\/\/intermob.be\/de\/#website\",\"url\":\"https:\/\/intermob.be\/de\/\",\"name\":\"Intermob\",\"description\":\"\",\"publisher\":{\"@id\":\"https:\/\/intermob.be\/de\/#organization\"},\"potentialAction\":[{\"@type\":\"SearchAction\",\"target\":{\"@type\":\"EntryPoint\",\"urlTemplate\":\"https:\/\/intermob.be\/de\/?s={search_term_string}\"},\"query-input\":{\"@type\":\"PropertyValueSpecification\",\"valueRequired\":true,\"valueName\":\"search_term_string\"}}],\"inLanguage\":\"de\"},{\"@type\":\"Organization\",\"@id\":\"https:\/\/intermob.be\/de\/#organization\",\"name\":\"Intermob Mobilier\",\"url\":\"https:\/\/intermob.be\/de\/\",\"logo\":{\"@type\":\"ImageObject\",\"inLanguage\":\"de\",\"@id\":\"https:\/\/intermob.be\/de\/#\/schema\/logo\/image\/\",\"url\":\"https:\/\/intermob.be\/wp-content\/uploads\/2025\/09\/intb-bold-logo.png\",\"contentUrl\":\"https:\/\/intermob.be\/wp-content\/uploads\/2025\/09\/intb-bold-logo.png\",\"width\":480,\"height\":158,\"caption\":\"Intermob Mobilier\"},\"image\":{\"@id\":\"https:\/\/intermob.be\/de\/#\/schema\/logo\/image\/\"}}]}<\/script>\n<!-- \/ Yoast SEO plugin. -->","yoast_head_json":{"title":"Horeca Holz-Barstuhl - Lila - Kunstleder","robots":{"index":"index","follow":"follow","max-snippet":"max-snippet:-1","max-image-preview":"max-image-preview:large","max-video-preview":"max-video-preview:-1"},"canonical":"https:\/\/intermob.be\/de\/produkt\/horeca-holz-barstuhl-lila\/","og_locale":"de_DE","og_type":"article","og_title":"Horeca Holz-Barstuhl - Lila - Kunstleder","og_description":"In verschiedenen Farben erh\u00e4ltlich Standardm\u00e4\u00dfig mit verschiebbaren Kunststoffknopff\u00fc\u00dfen geliefert Vollst\u00e4ndig einsatzbereit Garantiertes europ\u00e4isches Produkt 1 Jahr Herstellergarantie","og_url":"https:\/\/intermob.be\/de\/produkt\/horeca-holz-barstuhl-lila\/","og_site_name":"Intermob Mobilier","article_modified_time":"2025-06-27T11:06:26+00:00","og_image":[{"width":512,"height":512,"url":"https:\/\/intermob.be\/wp-content\/uploads\/2024\/03\/products-Horeca-Barstoel-Lila-s-Zwart-2.jpg","type":"image\/jpeg"}],"twitter_card":"summary_large_image","twitter_misc":{"Gesch\u00e4tzte Lesezeit":"1\u00a0Minute"},"schema":{"@context":"https:\/\/schema.org","@graph":[{"@type":"WebPage","@id":"https:\/\/intermob.be\/de\/produkt\/horeca-holz-barstuhl-lila\/","url":"https:\/\/intermob.be\/de\/produkt\/horeca-holz-barstuhl-lila\/","name":"Horeca Holz-Barstuhl - Lila - Kunstleder","isPartOf":{"@id":"https:\/\/intermob.be\/de\/#website"},"primaryImageOfPage":{"@id":"https:\/\/intermob.be\/de\/produkt\/horeca-holz-barstuhl-lila\/#primaryimage"},"image":{"@id":"https:\/\/intermob.be\/de\/produkt\/horeca-holz-barstuhl-lila\/#primaryimage"},"thumbnailUrl":"https:\/\/intermob.be\/wp-content\/uploads\/2024\/03\/products-Horeca-Barstoel-Lila-s-Zwart-2.jpg","datePublished":"2019-03-19T14:35:02+00:00","dateModified":"2025-06-27T11:06:26+00:00","breadcrumb":{"@id":"https:\/\/intermob.be\/de\/produkt\/horeca-holz-barstuhl-lila\/#breadcrumb"},"inLanguage":"de","potentialAction":[{"@type":"ReadAction","target":["https:\/\/intermob.be\/de\/produkt\/horeca-holz-barstuhl-lila\/"]}]},{"@type":"ImageObject","inLanguage":"de","@id":"https:\/\/intermob.be\/de\/produkt\/horeca-holz-barstuhl-lila\/#primaryimage","url":"https:\/\/intermob.be\/wp-content\/uploads\/2024\/03\/products-Horeca-Barstoel-Lila-s-Zwart-2.jpg","contentUrl":"https:\/\/intermob.be\/wp-content\/uploads\/2024\/03\/products-Horeca-Barstoel-Lila-s-Zwart-2.jpg","width":512,"height":512,"caption":"Horeca Barstoel - Lila-s - Zwart"},{"@type":"BreadcrumbList","@id":"https:\/\/intermob.be\/de\/produkt\/horeca-holz-barstuhl-lila\/#breadcrumb","itemListElement":[{"@type":"ListItem","position":1,"name":"Home","item":"https:\/\/intermob.be\/de\/"},{"@type":"ListItem","position":2,"name":"Shop","item":"https:\/\/intermob.be\/de\/shop\/"},{"@type":"ListItem","position":3,"name":"Chaise De Bar En Bois - Lila - Simili Cuir"}]},{"@type":"WebSite","@id":"https:\/\/intermob.be\/de\/#website","url":"https:\/\/intermob.be\/de\/","name":"Intermob","description":"","publisher":{"@id":"https:\/\/intermob.be\/de\/#organization"},"potentialAction":[{"@type":"SearchAction","target":{"@type":"EntryPoint","urlTemplate":"https:\/\/intermob.be\/de\/?s={search_term_string}"},"query-input":{"@type":"PropertyValueSpecification","valueRequired":true,"valueName":"search_term_string"}}],"inLanguage":"de"},{"@type":"Organization","@id":"https:\/\/intermob.be\/de\/#organization","name":"Intermob Mobilier","url":"https:\/\/intermob.be\/de\/","logo":{"@type":"ImageObject","inLanguage":"de","@id":"https:\/\/intermob.be\/de\/#\/schema\/logo\/image\/","url":"https:\/\/intermob.be\/wp-content\/uploads\/2025\/09\/intb-bold-logo.png","contentUrl":"https:\/\/intermob.be\/wp-content\/uploads\/2025\/09\/intb-bold-logo.png","width":480,"height":158,"caption":"Intermob Mobilier"},"image":{"@id":"https:\/\/intermob.be\/de\/#\/schema\/logo\/image\/"}}]}},"_links":{"self":[{"href":"https:\/\/intermob.be\/de\/wp-json\/wp\/v2\/product\/73578","targetHints":{"allow":["GET"]}}],"collection":[{"href":"https:\/\/intermob.be\/de\/wp-json\/wp\/v2\/product"}],"about":[{"href":"https:\/\/intermob.be\/de\/wp-json\/wp\/v2\/types\/product"}],"replies":[{"embeddable":true,"href":"https:\/\/intermob.be\/de\/wp-json\/wp\/v2\/comments?post=73578"}],"version-history":[{"count":0,"href":"https:\/\/intermob.be\/de\/wp-json\/wp\/v2\/product\/73578\/revisions"}],"wp:featuredmedia":[{"embeddable":true,"href":"https:\/\/intermob.be\/de\/wp-json\/wp\/v2\/media\/73579"}],"wp:attachment":[{"href":"https:\/\/intermob.be\/de\/wp-json\/wp\/v2\/media?parent=73578"}],"wp:term":[{"taxonomy":"product_brand","embeddable":true,"href":"https:\/\/intermob.be\/de\/wp-json\/wp\/v2\/product_brand?post=73578"},{"taxonomy":"product_cat","embeddable":true,"href":"https:\/\/intermob.be\/de\/wp-json\/wp\/v2\/product_cat?post=73578"},{"taxonomy":"product_tag","embeddable":true,"href":"https:\/\/intermob.be\/de\/wp-json\/wp\/v2\/product_tag?post=73578"}],"curies":[{"name":"wp","href":"https:\/\/api.w.org\/{rel}","templated":true}]}}