{"id":74960,"date":"2020-01-22T16:36:53","date_gmt":"2020-01-22T16:36:53","guid":{"rendered":"https:\/\/intermob.be\/?post_type=product&#038;p=74960"},"modified":"2025-06-26T06:28:44","modified_gmt":"2025-06-26T06:28:44","slug":"horeca-lounge-sitz-boreas","status":"publish","type":"product","link":"https:\/\/intermob.be\/de\/produkt\/horeca-lounge-sitz-boreas\/","title":{"rendered":"Lounge-Sitz - Boreas - Mikrofaser"},"content":{"rendered":"<p><span style=\"color: #000000;\">Dieser luxuri\u00f6se Lounge-Sessel mit Mikrofaserpolsterung und einem schwarzen Buchenholzrahmen bietet sowohl Komfort als auch Stil. Die R\u00fcckenlehne mit raffinierten vertikalen N\u00e4hten verleiht eine moderne Note. Perfekt f\u00fcr Gastronomiebetriebe, die eine elegante und einladende Atmosph\u00e4re schaffen m\u00f6chten. Komfort und Design in einem!<\/span><\/p>\n","protected":false},"excerpt":{"rendered":"<p>Dieser luxuri\u00f6se Lounge-Sessel mit Mikrofaserpolsterung und einem schwarzen Buchenholzrahmen bietet sowohl Komfort als auch Stil. Die R\u00fcckenlehne mit raffinierten vertikalen<\/p>\n","protected":false},"featured_media":74961,"comment_status":"open","ping_status":"closed","template":"","meta":[],"product_brand":[],"product_cat":[10175,10223],"product_tag":[],"class_list":{"0":"post-74960","1":"product","2":"type-product","3":"status-publish","4":"has-post-thumbnail","6":"product_cat-aperitive-sitze","7":"product_cat-aperitiver-sitze","8":"pa_product-color-color-braun-de","9":"pa_product-color-color-cognac-de","10":"pa_product-color-color-olive-de","11":"pa_product-frame-color-schwarz-frame-color-de","12":"pa_product-more-colors-ja-de","13":"pa_product-more-dimensions-ja-de","14":"pa_product-seat-height-cm-43-seat-height-cm-de","15":"pa_product-seats-1-seats-de","16":"pa_product-upholstery-upholstery-mikrofaser-de","17":"pa_product-usage-usage-innen-de","19":"first","20":"instock","21":"sale","22":"taxable","23":"shipping-taxable","24":"purchasable","25":"product-type-variable","26":"hc-var-color"},"yoast_head":"<!-- This site is optimized with the Yoast SEO plugin v26.4 - https:\/\/yoast.com\/wordpress\/plugins\/seo\/ -->\n<title>Horeca Lounge-Sitz - Boreas - Mikrofaser<\/title>\n<meta name=\"description\" content=\"Entdecken Sie den Einsitzer-Loungesessel Boreas. Gef\u00fcttert mit Wildleder und Metallstruktur. Die Ma\u00dfe betragen 60x68x77 cm und die H\u00f6he betr\u00e4gt 43 cm.\" \/>\n<meta name=\"robots\" content=\"index, follow, max-snippet:-1, max-image-preview:large, max-video-preview:-1\" \/>\n<link rel=\"canonical\" href=\"https:\/\/intermob.be\/de\/produkt\/horeca-lounge-sitz-boreas\/\" \/>\n<meta property=\"og:locale\" content=\"de_DE\" \/>\n<meta property=\"og:type\" content=\"article\" \/>\n<meta property=\"og:title\" content=\"Horeca Lounge-Sitz - Boreas - Mikrofaser\" \/>\n<meta property=\"og:description\" content=\"Entdecken Sie den Einsitzer-Loungesessel Boreas. Gef\u00fcttert mit Wildleder und Metallstruktur. Die Ma\u00dfe betragen 60x68x77 cm und die H\u00f6he betr\u00e4gt 43 cm.\" \/>\n<meta property=\"og:url\" content=\"https:\/\/intermob.be\/de\/produkt\/horeca-lounge-sitz-boreas\/\" \/>\n<meta property=\"og:site_name\" content=\"Intermob Mobilier\" \/>\n<meta property=\"article:modified_time\" content=\"2025-06-26T06:28:44+00:00\" \/>\n<meta property=\"og:image\" content=\"https:\/\/intermob.be\/wp-content\/uploads\/2024\/03\/products-Horeca-Aperitiefzetel-Boreas-Cognac-Z-2.jpg\" \/>\n\t<meta property=\"og:image:width\" content=\"512\" \/>\n\t<meta property=\"og:image:height\" content=\"512\" \/>\n\t<meta property=\"og:image:type\" content=\"image\/jpeg\" \/>\n<meta name=\"twitter:card\" content=\"summary_large_image\" \/>\n<meta name=\"twitter:label1\" content=\"Gesch\u00e4tzte Lesezeit\" \/>\n\t<meta name=\"twitter:data1\" content=\"1\u00a0Minute\" \/>\n<script type=\"application\/ld+json\" class=\"yoast-schema-graph\">{\"@context\":\"https:\/\/schema.org\",\"@graph\":[{\"@type\":\"WebPage\",\"@id\":\"https:\/\/intermob.be\/de\/produkt\/horeca-lounge-sitz-boreas\/\",\"url\":\"https:\/\/intermob.be\/de\/produkt\/horeca-lounge-sitz-boreas\/\",\"name\":\"Horeca Lounge-Sitz - Boreas - Mikrofaser\",\"isPartOf\":{\"@id\":\"https:\/\/intermob.be\/de\/#website\"},\"primaryImageOfPage\":{\"@id\":\"https:\/\/intermob.be\/de\/produkt\/horeca-lounge-sitz-boreas\/#primaryimage\"},\"image\":{\"@id\":\"https:\/\/intermob.be\/de\/produkt\/horeca-lounge-sitz-boreas\/#primaryimage\"},\"thumbnailUrl\":\"https:\/\/intermob.be\/wp-content\/uploads\/2024\/03\/products-Horeca-Aperitiefzetel-Boreas-Cognac-Z-2.jpg\",\"datePublished\":\"2020-01-22T16:36:53+00:00\",\"dateModified\":\"2025-06-26T06:28:44+00:00\",\"description\":\"Entdecken Sie den Einsitzer-Loungesessel Boreas. Gef\u00fcttert mit Wildleder und Metallstruktur. Die Ma\u00dfe betragen 60x68x77 cm und die H\u00f6he betr\u00e4gt 43 cm.\",\"breadcrumb\":{\"@id\":\"https:\/\/intermob.be\/de\/produkt\/horeca-lounge-sitz-boreas\/#breadcrumb\"},\"inLanguage\":\"de\",\"potentialAction\":[{\"@type\":\"ReadAction\",\"target\":[\"https:\/\/intermob.be\/de\/produkt\/horeca-lounge-sitz-boreas\/\"]}]},{\"@type\":\"ImageObject\",\"inLanguage\":\"de\",\"@id\":\"https:\/\/intermob.be\/de\/produkt\/horeca-lounge-sitz-boreas\/#primaryimage\",\"url\":\"https:\/\/intermob.be\/wp-content\/uploads\/2024\/03\/products-Horeca-Aperitiefzetel-Boreas-Cognac-Z-2.jpg\",\"contentUrl\":\"https:\/\/intermob.be\/wp-content\/uploads\/2024\/03\/products-Horeca-Aperitiefzetel-Boreas-Cognac-Z-2.jpg\",\"width\":512,\"height\":512,\"caption\":\"Horeca Aperitiefzetel - Boreas - Cognac - Z\"},{\"@type\":\"BreadcrumbList\",\"@id\":\"https:\/\/intermob.be\/de\/produkt\/horeca-lounge-sitz-boreas\/#breadcrumb\",\"itemListElement\":[{\"@type\":\"ListItem\",\"position\":1,\"name\":\"Home\",\"item\":\"https:\/\/intermob.be\/de\/\"},{\"@type\":\"ListItem\",\"position\":2,\"name\":\"Shop\",\"item\":\"https:\/\/intermob.be\/de\/shop\/\"},{\"@type\":\"ListItem\",\"position\":3,\"name\":\"Fauteuil De Salon - Boreas - Microfibre\"}]},{\"@type\":\"WebSite\",\"@id\":\"https:\/\/intermob.be\/de\/#website\",\"url\":\"https:\/\/intermob.be\/de\/\",\"name\":\"Intermob\",\"description\":\"\",\"publisher\":{\"@id\":\"https:\/\/intermob.be\/de\/#organization\"},\"potentialAction\":[{\"@type\":\"SearchAction\",\"target\":{\"@type\":\"EntryPoint\",\"urlTemplate\":\"https:\/\/intermob.be\/de\/?s={search_term_string}\"},\"query-input\":{\"@type\":\"PropertyValueSpecification\",\"valueRequired\":true,\"valueName\":\"search_term_string\"}}],\"inLanguage\":\"de\"},{\"@type\":\"Organization\",\"@id\":\"https:\/\/intermob.be\/de\/#organization\",\"name\":\"Intermob Mobilier\",\"url\":\"https:\/\/intermob.be\/de\/\",\"logo\":{\"@type\":\"ImageObject\",\"inLanguage\":\"de\",\"@id\":\"https:\/\/intermob.be\/de\/#\/schema\/logo\/image\/\",\"url\":\"https:\/\/intermob.be\/wp-content\/uploads\/2025\/09\/intb-bold-logo.png\",\"contentUrl\":\"https:\/\/intermob.be\/wp-content\/uploads\/2025\/09\/intb-bold-logo.png\",\"width\":480,\"height\":158,\"caption\":\"Intermob Mobilier\"},\"image\":{\"@id\":\"https:\/\/intermob.be\/de\/#\/schema\/logo\/image\/\"}}]}<\/script>\n<!-- \/ Yoast SEO plugin. -->","yoast_head_json":{"title":"Horeca Lounge-Sitz - Boreas - Mikrofaser","description":"Entdecken Sie den Einsitzer-Loungesessel Boreas. Gef\u00fcttert mit Wildleder und Metallstruktur. Die Ma\u00dfe betragen 60x68x77 cm und die H\u00f6he betr\u00e4gt 43 cm.","robots":{"index":"index","follow":"follow","max-snippet":"max-snippet:-1","max-image-preview":"max-image-preview:large","max-video-preview":"max-video-preview:-1"},"canonical":"https:\/\/intermob.be\/de\/produkt\/horeca-lounge-sitz-boreas\/","og_locale":"de_DE","og_type":"article","og_title":"Horeca Lounge-Sitz - Boreas - Mikrofaser","og_description":"Entdecken Sie den Einsitzer-Loungesessel Boreas. Gef\u00fcttert mit Wildleder und Metallstruktur. Die Ma\u00dfe betragen 60x68x77 cm und die H\u00f6he betr\u00e4gt 43 cm.","og_url":"https:\/\/intermob.be\/de\/produkt\/horeca-lounge-sitz-boreas\/","og_site_name":"Intermob Mobilier","article_modified_time":"2025-06-26T06:28:44+00:00","og_image":[{"width":512,"height":512,"url":"https:\/\/intermob.be\/wp-content\/uploads\/2024\/03\/products-Horeca-Aperitiefzetel-Boreas-Cognac-Z-2.jpg","type":"image\/jpeg"}],"twitter_card":"summary_large_image","twitter_misc":{"Gesch\u00e4tzte Lesezeit":"1\u00a0Minute"},"schema":{"@context":"https:\/\/schema.org","@graph":[{"@type":"WebPage","@id":"https:\/\/intermob.be\/de\/produkt\/horeca-lounge-sitz-boreas\/","url":"https:\/\/intermob.be\/de\/produkt\/horeca-lounge-sitz-boreas\/","name":"Horeca Lounge-Sitz - Boreas - Mikrofaser","isPartOf":{"@id":"https:\/\/intermob.be\/de\/#website"},"primaryImageOfPage":{"@id":"https:\/\/intermob.be\/de\/produkt\/horeca-lounge-sitz-boreas\/#primaryimage"},"image":{"@id":"https:\/\/intermob.be\/de\/produkt\/horeca-lounge-sitz-boreas\/#primaryimage"},"thumbnailUrl":"https:\/\/intermob.be\/wp-content\/uploads\/2024\/03\/products-Horeca-Aperitiefzetel-Boreas-Cognac-Z-2.jpg","datePublished":"2020-01-22T16:36:53+00:00","dateModified":"2025-06-26T06:28:44+00:00","description":"Entdecken Sie den Einsitzer-Loungesessel Boreas. Gef\u00fcttert mit Wildleder und Metallstruktur. Die Ma\u00dfe betragen 60x68x77 cm und die H\u00f6he betr\u00e4gt 43 cm.","breadcrumb":{"@id":"https:\/\/intermob.be\/de\/produkt\/horeca-lounge-sitz-boreas\/#breadcrumb"},"inLanguage":"de","potentialAction":[{"@type":"ReadAction","target":["https:\/\/intermob.be\/de\/produkt\/horeca-lounge-sitz-boreas\/"]}]},{"@type":"ImageObject","inLanguage":"de","@id":"https:\/\/intermob.be\/de\/produkt\/horeca-lounge-sitz-boreas\/#primaryimage","url":"https:\/\/intermob.be\/wp-content\/uploads\/2024\/03\/products-Horeca-Aperitiefzetel-Boreas-Cognac-Z-2.jpg","contentUrl":"https:\/\/intermob.be\/wp-content\/uploads\/2024\/03\/products-Horeca-Aperitiefzetel-Boreas-Cognac-Z-2.jpg","width":512,"height":512,"caption":"Horeca Aperitiefzetel - Boreas - Cognac - Z"},{"@type":"BreadcrumbList","@id":"https:\/\/intermob.be\/de\/produkt\/horeca-lounge-sitz-boreas\/#breadcrumb","itemListElement":[{"@type":"ListItem","position":1,"name":"Home","item":"https:\/\/intermob.be\/de\/"},{"@type":"ListItem","position":2,"name":"Shop","item":"https:\/\/intermob.be\/de\/shop\/"},{"@type":"ListItem","position":3,"name":"Fauteuil De Salon - Boreas - Microfibre"}]},{"@type":"WebSite","@id":"https:\/\/intermob.be\/de\/#website","url":"https:\/\/intermob.be\/de\/","name":"Intermob","description":"","publisher":{"@id":"https:\/\/intermob.be\/de\/#organization"},"potentialAction":[{"@type":"SearchAction","target":{"@type":"EntryPoint","urlTemplate":"https:\/\/intermob.be\/de\/?s={search_term_string}"},"query-input":{"@type":"PropertyValueSpecification","valueRequired":true,"valueName":"search_term_string"}}],"inLanguage":"de"},{"@type":"Organization","@id":"https:\/\/intermob.be\/de\/#organization","name":"Intermob Mobilier","url":"https:\/\/intermob.be\/de\/","logo":{"@type":"ImageObject","inLanguage":"de","@id":"https:\/\/intermob.be\/de\/#\/schema\/logo\/image\/","url":"https:\/\/intermob.be\/wp-content\/uploads\/2025\/09\/intb-bold-logo.png","contentUrl":"https:\/\/intermob.be\/wp-content\/uploads\/2025\/09\/intb-bold-logo.png","width":480,"height":158,"caption":"Intermob Mobilier"},"image":{"@id":"https:\/\/intermob.be\/de\/#\/schema\/logo\/image\/"}}]}},"_links":{"self":[{"href":"https:\/\/intermob.be\/de\/wp-json\/wp\/v2\/product\/74960","targetHints":{"allow":["GET"]}}],"collection":[{"href":"https:\/\/intermob.be\/de\/wp-json\/wp\/v2\/product"}],"about":[{"href":"https:\/\/intermob.be\/de\/wp-json\/wp\/v2\/types\/product"}],"replies":[{"embeddable":true,"href":"https:\/\/intermob.be\/de\/wp-json\/wp\/v2\/comments?post=74960"}],"version-history":[{"count":0,"href":"https:\/\/intermob.be\/de\/wp-json\/wp\/v2\/product\/74960\/revisions"}],"wp:featuredmedia":[{"embeddable":true,"href":"https:\/\/intermob.be\/de\/wp-json\/wp\/v2\/media\/74961"}],"wp:attachment":[{"href":"https:\/\/intermob.be\/de\/wp-json\/wp\/v2\/media?parent=74960"}],"wp:term":[{"taxonomy":"product_brand","embeddable":true,"href":"https:\/\/intermob.be\/de\/wp-json\/wp\/v2\/product_brand?post=74960"},{"taxonomy":"product_cat","embeddable":true,"href":"https:\/\/intermob.be\/de\/wp-json\/wp\/v2\/product_cat?post=74960"},{"taxonomy":"product_tag","embeddable":true,"href":"https:\/\/intermob.be\/de\/wp-json\/wp\/v2\/product_tag?post=74960"}],"curies":[{"name":"wp","href":"https:\/\/api.w.org\/{rel}","templated":true}]}}