{"id":75372,"date":"2020-02-21T17:22:15","date_gmt":"2020-02-21T17:22:15","guid":{"rendered":"https:\/\/intermob.be\/?post_type=product&#038;p=75372"},"modified":"2021-10-18T10:32:08","modified_gmt":"2021-10-18T10:32:08","slug":"pendelleuchte-matrix-34-cm-rostfarbe","status":"publish","type":"product","link":"https:\/\/intermob.be\/de\/produkt\/pendelleuchte-matrix-34-cm-rostfarbe\/","title":{"rendered":"Matrix - \u00d8 34 Cm - Rost"},"content":{"rendered":"<p><span style=\"color: #000000;\">Die Kette kann durch Entfernen der Glieder von der Kette gek\u00fcrzt werden.<\/span><\/p>\n<p><span style=\"color: #000000;\"><strong>Zusatzinformation:<\/strong><\/span><\/p>\n<ul>\n<li><span style=\"color: #000000;\">Geeignet f\u00fcr LED-Lampen<\/span><\/li>\n<li><span style=\"color: #000000;\">Lampentyp: G95<\/span><\/li>\n<li><span style=\"color: #000000;\">Stecker: E27<\/span><\/li>\n<li><span style=\"color: #000000;\">Lampen Hinweis: Geeignet f\u00fcr Standardlampen.<\/span><\/li>\n<li><span style=\"color: #000000;\">Anzahl der Flammen: 1<\/span><\/li>\n<li><span style=\"color: #000000;\">Leistung: 60 W.<\/span><\/li>\n<li><span style=\"color: #000000;\">Energieeffizienzklasse: A ++ &#8211; E.<\/span><\/li>\n<li><span style=\"color: #000000;\">Lampen enthalten: Nein<\/span><\/li>\n<li><span style=\"color: #000000;\">Austauschbare Gl\u00fchlampe: Ja<\/span><\/li>\n<li><span style=\"color: #000000;\">IP-Code: IP20<\/span><\/li>\n<li><span style=\"color: #000000;\">Schutzklasse: I.<\/span><\/li>\n<li><span style=\"color: #000000;\">Spannung: 230 V.<\/span><\/li>\n<li><span style=\"color: #000000;\">Dimmbar: Ja, dimmbar \u00fcber einen externen Dimmer (an der Wand montiert), wenn eine geeignete Lichtquelle verwendet wird.<\/span><\/li>\n<\/ul>\n<p><span style=\"color: #000000;\"><strong>GL\u00dcHBIRNEN NICHT INBEGRIFFEN!<\/strong><\/span><br \/>\n<span style=\"color: #000000;\"><strong>MINDESTVERKAUF VON 4 ST\u00dcCKEN AUS DER GANZEN SAMMLUNG.<\/strong><\/span><\/p>\n<p><span style=\"color: #000000;\"><strong>LETZTES ST\u00dcCK SHOWROOM-MODELL.<\/strong><\/span><\/p>\n","protected":false},"excerpt":{"rendered":"<p>Die Kette kann durch Entfernen der Glieder von der Kette gek\u00fcrzt werden. Zusatzinformation: Geeignet f\u00fcr LED-Lampen Lampentyp: G95 Stecker: E27<\/p>\n","protected":false},"featured_media":75373,"comment_status":"open","ping_status":"closed","template":"","meta":[],"product_brand":[],"product_cat":[16745],"product_tag":[17388,17389,17390,17391,17392,17393,17395],"class_list":{"0":"post-75372","1":"product","2":"type-product","3":"status-publish","4":"has-post-thumbnail","6":"product_cat-solange-der-vorrat-reicht","7":"product_tag-horeca-furniture","8":"product_tag-horeca-meubelen","9":"product_tag-horeca-moebel","10":"product_tag-meubles-de-restaurant","11":"product_tag-meubles-horeca","12":"product_tag-restaurant-furniture","13":"product_tag-restaurant-moebel","15":"first","16":"instock","17":"taxable","18":"shipping-taxable","19":"purchasable","20":"product-type-simple"},"yoast_head":"<!-- This site is optimized with the Yoast SEO plugin v26.4 - https:\/\/yoast.com\/wordpress\/plugins\/seo\/ -->\n<title>Pendelleuchte Matrix \u00d8 34 Cm Rostfarbe<\/title>\n<meta name=\"robots\" content=\"index, follow, max-snippet:-1, max-image-preview:large, max-video-preview:-1\" \/>\n<link rel=\"canonical\" href=\"https:\/\/intermob.be\/de\/produkt\/pendelleuchte-matrix-34-cm-rostfarbe\/\" \/>\n<meta property=\"og:locale\" content=\"de_DE\" \/>\n<meta property=\"og:type\" content=\"article\" \/>\n<meta property=\"og:title\" content=\"Pendelleuchte Matrix \u00d8 34 Cm Rostfarbe\" \/>\n<meta property=\"og:description\" content=\"Die Kette kann durch Entfernen der Glieder von der Kette gek\u00fcrzt werden. Zusatzinformation: Geeignet f\u00fcr LED-Lampen Lampentyp: G95 Stecker: E27\" \/>\n<meta property=\"og:url\" content=\"https:\/\/intermob.be\/de\/produkt\/pendelleuchte-matrix-34-cm-rostfarbe\/\" \/>\n<meta property=\"og:site_name\" content=\"Intermob Mobilier\" \/>\n<meta property=\"article:modified_time\" content=\"2021-10-18T10:32:08+00:00\" \/>\n<meta property=\"og:image\" content=\"https:\/\/intermob.be\/wp-content\/uploads\/2024\/03\/products-Matrix-Opschorting-34-Cm-Roest-Kleur-5.jpg\" \/>\n\t<meta property=\"og:image:width\" content=\"800\" \/>\n\t<meta property=\"og:image:height\" content=\"800\" \/>\n\t<meta property=\"og:image:type\" content=\"image\/jpeg\" \/>\n<meta name=\"twitter:card\" content=\"summary_large_image\" \/>\n<script type=\"application\/ld+json\" class=\"yoast-schema-graph\">{\"@context\":\"https:\/\/schema.org\",\"@graph\":[{\"@type\":\"WebPage\",\"@id\":\"https:\/\/intermob.be\/de\/produkt\/pendelleuchte-matrix-34-cm-rostfarbe\/\",\"url\":\"https:\/\/intermob.be\/de\/produkt\/pendelleuchte-matrix-34-cm-rostfarbe\/\",\"name\":\"Pendelleuchte Matrix \u00d8 34 Cm Rostfarbe\",\"isPartOf\":{\"@id\":\"https:\/\/intermob.be\/de\/#website\"},\"primaryImageOfPage\":{\"@id\":\"https:\/\/intermob.be\/de\/produkt\/pendelleuchte-matrix-34-cm-rostfarbe\/#primaryimage\"},\"image\":{\"@id\":\"https:\/\/intermob.be\/de\/produkt\/pendelleuchte-matrix-34-cm-rostfarbe\/#primaryimage\"},\"thumbnailUrl\":\"https:\/\/intermob.be\/wp-content\/uploads\/2024\/03\/products-Matrix-Opschorting-34-Cm-Roest-Kleur-5.jpg\",\"datePublished\":\"2020-02-21T17:22:15+00:00\",\"dateModified\":\"2021-10-18T10:32:08+00:00\",\"breadcrumb\":{\"@id\":\"https:\/\/intermob.be\/de\/produkt\/pendelleuchte-matrix-34-cm-rostfarbe\/#breadcrumb\"},\"inLanguage\":\"de\",\"potentialAction\":[{\"@type\":\"ReadAction\",\"target\":[\"https:\/\/intermob.be\/de\/produkt\/pendelleuchte-matrix-34-cm-rostfarbe\/\"]}]},{\"@type\":\"ImageObject\",\"inLanguage\":\"de\",\"@id\":\"https:\/\/intermob.be\/de\/produkt\/pendelleuchte-matrix-34-cm-rostfarbe\/#primaryimage\",\"url\":\"https:\/\/intermob.be\/wp-content\/uploads\/2024\/03\/products-Matrix-Opschorting-34-Cm-Roest-Kleur-5.jpg\",\"contentUrl\":\"https:\/\/intermob.be\/wp-content\/uploads\/2024\/03\/products-Matrix-Opschorting-34-Cm-Roest-Kleur-5.jpg\",\"width\":800,\"height\":800,\"caption\":\"Matrix Opschorting 34 Cm Roest Kleur\"},{\"@type\":\"BreadcrumbList\",\"@id\":\"https:\/\/intermob.be\/de\/produkt\/pendelleuchte-matrix-34-cm-rostfarbe\/#breadcrumb\",\"itemListElement\":[{\"@type\":\"ListItem\",\"position\":1,\"name\":\"Home\",\"item\":\"https:\/\/intermob.be\/de\/\"},{\"@type\":\"ListItem\",\"position\":2,\"name\":\"Shop\",\"item\":\"https:\/\/intermob.be\/de\/shop\/\"},{\"@type\":\"ListItem\",\"position\":3,\"name\":\"Matrix - \u00d8 34 Cm - Roest\"}]},{\"@type\":\"WebSite\",\"@id\":\"https:\/\/intermob.be\/de\/#website\",\"url\":\"https:\/\/intermob.be\/de\/\",\"name\":\"Intermob\",\"description\":\"\",\"publisher\":{\"@id\":\"https:\/\/intermob.be\/de\/#organization\"},\"potentialAction\":[{\"@type\":\"SearchAction\",\"target\":{\"@type\":\"EntryPoint\",\"urlTemplate\":\"https:\/\/intermob.be\/de\/?s={search_term_string}\"},\"query-input\":{\"@type\":\"PropertyValueSpecification\",\"valueRequired\":true,\"valueName\":\"search_term_string\"}}],\"inLanguage\":\"de\"},{\"@type\":\"Organization\",\"@id\":\"https:\/\/intermob.be\/de\/#organization\",\"name\":\"Intermob Mobilier\",\"url\":\"https:\/\/intermob.be\/de\/\",\"logo\":{\"@type\":\"ImageObject\",\"inLanguage\":\"de\",\"@id\":\"https:\/\/intermob.be\/de\/#\/schema\/logo\/image\/\",\"url\":\"https:\/\/intermob.be\/wp-content\/uploads\/2025\/09\/intb-bold-logo.png\",\"contentUrl\":\"https:\/\/intermob.be\/wp-content\/uploads\/2025\/09\/intb-bold-logo.png\",\"width\":480,\"height\":158,\"caption\":\"Intermob Mobilier\"},\"image\":{\"@id\":\"https:\/\/intermob.be\/de\/#\/schema\/logo\/image\/\"}}]}<\/script>\n<!-- \/ Yoast SEO plugin. -->","yoast_head_json":{"title":"Pendelleuchte Matrix \u00d8 34 Cm Rostfarbe","robots":{"index":"index","follow":"follow","max-snippet":"max-snippet:-1","max-image-preview":"max-image-preview:large","max-video-preview":"max-video-preview:-1"},"canonical":"https:\/\/intermob.be\/de\/produkt\/pendelleuchte-matrix-34-cm-rostfarbe\/","og_locale":"de_DE","og_type":"article","og_title":"Pendelleuchte Matrix \u00d8 34 Cm Rostfarbe","og_description":"Die Kette kann durch Entfernen der Glieder von der Kette gek\u00fcrzt werden. Zusatzinformation: Geeignet f\u00fcr LED-Lampen Lampentyp: G95 Stecker: E27","og_url":"https:\/\/intermob.be\/de\/produkt\/pendelleuchte-matrix-34-cm-rostfarbe\/","og_site_name":"Intermob Mobilier","article_modified_time":"2021-10-18T10:32:08+00:00","og_image":[{"width":800,"height":800,"url":"https:\/\/intermob.be\/wp-content\/uploads\/2024\/03\/products-Matrix-Opschorting-34-Cm-Roest-Kleur-5.jpg","type":"image\/jpeg"}],"twitter_card":"summary_large_image","schema":{"@context":"https:\/\/schema.org","@graph":[{"@type":"WebPage","@id":"https:\/\/intermob.be\/de\/produkt\/pendelleuchte-matrix-34-cm-rostfarbe\/","url":"https:\/\/intermob.be\/de\/produkt\/pendelleuchte-matrix-34-cm-rostfarbe\/","name":"Pendelleuchte Matrix \u00d8 34 Cm Rostfarbe","isPartOf":{"@id":"https:\/\/intermob.be\/de\/#website"},"primaryImageOfPage":{"@id":"https:\/\/intermob.be\/de\/produkt\/pendelleuchte-matrix-34-cm-rostfarbe\/#primaryimage"},"image":{"@id":"https:\/\/intermob.be\/de\/produkt\/pendelleuchte-matrix-34-cm-rostfarbe\/#primaryimage"},"thumbnailUrl":"https:\/\/intermob.be\/wp-content\/uploads\/2024\/03\/products-Matrix-Opschorting-34-Cm-Roest-Kleur-5.jpg","datePublished":"2020-02-21T17:22:15+00:00","dateModified":"2021-10-18T10:32:08+00:00","breadcrumb":{"@id":"https:\/\/intermob.be\/de\/produkt\/pendelleuchte-matrix-34-cm-rostfarbe\/#breadcrumb"},"inLanguage":"de","potentialAction":[{"@type":"ReadAction","target":["https:\/\/intermob.be\/de\/produkt\/pendelleuchte-matrix-34-cm-rostfarbe\/"]}]},{"@type":"ImageObject","inLanguage":"de","@id":"https:\/\/intermob.be\/de\/produkt\/pendelleuchte-matrix-34-cm-rostfarbe\/#primaryimage","url":"https:\/\/intermob.be\/wp-content\/uploads\/2024\/03\/products-Matrix-Opschorting-34-Cm-Roest-Kleur-5.jpg","contentUrl":"https:\/\/intermob.be\/wp-content\/uploads\/2024\/03\/products-Matrix-Opschorting-34-Cm-Roest-Kleur-5.jpg","width":800,"height":800,"caption":"Matrix Opschorting 34 Cm Roest Kleur"},{"@type":"BreadcrumbList","@id":"https:\/\/intermob.be\/de\/produkt\/pendelleuchte-matrix-34-cm-rostfarbe\/#breadcrumb","itemListElement":[{"@type":"ListItem","position":1,"name":"Home","item":"https:\/\/intermob.be\/de\/"},{"@type":"ListItem","position":2,"name":"Shop","item":"https:\/\/intermob.be\/de\/shop\/"},{"@type":"ListItem","position":3,"name":"Matrix - \u00d8 34 Cm - Roest"}]},{"@type":"WebSite","@id":"https:\/\/intermob.be\/de\/#website","url":"https:\/\/intermob.be\/de\/","name":"Intermob","description":"","publisher":{"@id":"https:\/\/intermob.be\/de\/#organization"},"potentialAction":[{"@type":"SearchAction","target":{"@type":"EntryPoint","urlTemplate":"https:\/\/intermob.be\/de\/?s={search_term_string}"},"query-input":{"@type":"PropertyValueSpecification","valueRequired":true,"valueName":"search_term_string"}}],"inLanguage":"de"},{"@type":"Organization","@id":"https:\/\/intermob.be\/de\/#organization","name":"Intermob Mobilier","url":"https:\/\/intermob.be\/de\/","logo":{"@type":"ImageObject","inLanguage":"de","@id":"https:\/\/intermob.be\/de\/#\/schema\/logo\/image\/","url":"https:\/\/intermob.be\/wp-content\/uploads\/2025\/09\/intb-bold-logo.png","contentUrl":"https:\/\/intermob.be\/wp-content\/uploads\/2025\/09\/intb-bold-logo.png","width":480,"height":158,"caption":"Intermob Mobilier"},"image":{"@id":"https:\/\/intermob.be\/de\/#\/schema\/logo\/image\/"}}]}},"_links":{"self":[{"href":"https:\/\/intermob.be\/de\/wp-json\/wp\/v2\/product\/75372","targetHints":{"allow":["GET"]}}],"collection":[{"href":"https:\/\/intermob.be\/de\/wp-json\/wp\/v2\/product"}],"about":[{"href":"https:\/\/intermob.be\/de\/wp-json\/wp\/v2\/types\/product"}],"replies":[{"embeddable":true,"href":"https:\/\/intermob.be\/de\/wp-json\/wp\/v2\/comments?post=75372"}],"version-history":[{"count":0,"href":"https:\/\/intermob.be\/de\/wp-json\/wp\/v2\/product\/75372\/revisions"}],"wp:featuredmedia":[{"embeddable":true,"href":"https:\/\/intermob.be\/de\/wp-json\/wp\/v2\/media\/75373"}],"wp:attachment":[{"href":"https:\/\/intermob.be\/de\/wp-json\/wp\/v2\/media?parent=75372"}],"wp:term":[{"taxonomy":"product_brand","embeddable":true,"href":"https:\/\/intermob.be\/de\/wp-json\/wp\/v2\/product_brand?post=75372"},{"taxonomy":"product_cat","embeddable":true,"href":"https:\/\/intermob.be\/de\/wp-json\/wp\/v2\/product_cat?post=75372"},{"taxonomy":"product_tag","embeddable":true,"href":"https:\/\/intermob.be\/de\/wp-json\/wp\/v2\/product_tag?post=75372"}],"curies":[{"name":"wp","href":"https:\/\/api.w.org\/{rel}","templated":true}]}}