{"id":75434,"date":"2020-02-22T13:40:58","date_gmt":"2020-02-22T13:40:58","guid":{"rendered":"https:\/\/intermob.be\/?post_type=product&#038;p=75434"},"modified":"2021-10-18T11:14:00","modified_gmt":"2021-10-18T11:14:00","slug":"emma-pendelleuchte-47-cm-korund-schwarz","status":"publish","type":"product","link":"https:\/\/intermob.be\/de\/produkt\/emma-pendelleuchte-47-cm-korund-schwarz\/","title":{"rendered":"Emma - \u00d8  47 Cm - Korund Schwarz"},"content":{"rendered":"<p><span style=\"color: #000000;\">Die Kette kann durch Entfernen der Glieder von der Kette gek\u00fcrzt werden.<\/span><\/p>\n<p><span style=\"color: #000000;\"><strong>Zusatzinformation:<\/strong><\/span><\/p>\n<ul>\n<li><span style=\"color: #000000;\">geeignet f\u00fcr LED-Lampen.<\/span><\/li>\n<li><span style=\"color: #000000;\">Bei Verwendung einer geeigneten Lichtquelle \u00fcber einen externen Dimmer dimmbar.<\/span><\/li>\n<li><span style=\"color: #000000;\">Lampentyp: A60.<\/span><\/li>\n<li><span style=\"color: #000000;\">Buchse: E27.<\/span><\/li>\n<li><span style=\"color: #000000;\">Lampen Hinweis: Geeignet f\u00fcr Standardlampen.<\/span><\/li>\n<li><span style=\"color: #000000;\">Anzahl der Flammen: 1.<\/span><\/li>\n<li><span style=\"color: #000000;\">Leistung: 60 W.<\/span><\/li>\n<li><span style=\"color: #000000;\">Energieeffizienzklasse: A ++ &#8211; E.<\/span><\/li>\n<li><span style=\"color: #000000;\">Lampen enthalten: Nein.<\/span><\/li>\n<li><span style=\"color: #000000;\">Austauschbare Gl\u00fchbirne: Ja.<\/span><\/li>\n<li><span style=\"color: #000000;\">IP-Code: IP20.<\/span><\/li>\n<li><span style=\"color: #000000;\">Schutzklasse: I.<\/span><\/li>\n<li><span style=\"color: #000000;\">Spannung: 230 V.<\/span><\/li>\n<li><span style=\"color: #000000;\">Dimmbar: Ja, dimmbar \u00fcber einen externen Dimmer (an der Wand montiert), wenn eine geeignete Lichtquelle verwendet wird.<\/span><\/li>\n<\/ul>\n<p><span style=\"color: #000000;\"><strong>GL\u00dcHBIRNEN NICHT INBEGRIFFEN!<\/strong><\/span><br \/>\n<span style=\"color: #000000;\"><strong>MINDESTVERKAUF VON 4 ST\u00dcCKEN AUS DER GANZEN SAMMLUNG.<\/strong><\/span><\/p>\n<p><span style=\"color: #000000;\"><strong>LETZTES ST\u00dcCK SHOWROOM-MODELL.<\/strong><\/span><\/p>\n","protected":false},"excerpt":{"rendered":"<p>Die Kette kann durch Entfernen der Glieder von der Kette gek\u00fcrzt werden. Zusatzinformation: geeignet f\u00fcr LED-Lampen. Bei Verwendung einer geeigneten<\/p>\n","protected":false},"featured_media":75435,"comment_status":"open","ping_status":"closed","template":"","meta":[],"product_brand":[],"product_cat":[16745],"product_tag":[17391,17392,17393,17395,17388,17389,17390],"class_list":{"0":"post-75434","1":"product","2":"type-product","3":"status-publish","4":"has-post-thumbnail","6":"product_cat-solange-der-vorrat-reicht","7":"product_tag-meubles-de-restaurant","8":"product_tag-meubles-horeca","9":"product_tag-restaurant-furniture","10":"product_tag-restaurant-moebel","11":"product_tag-horeca-furniture","12":"product_tag-horeca-meubelen","13":"product_tag-horeca-moebel","15":"first","16":"instock","17":"taxable","18":"shipping-taxable","19":"purchasable","20":"product-type-simple"},"yoast_head":"<!-- This site is optimized with the Yoast SEO plugin v26.4 - https:\/\/yoast.com\/wordpress\/plugins\/seo\/ -->\n<title>Emma Pendelleuchte \u00d8 47 Cm Korund Schwarz<\/title>\n<meta name=\"robots\" content=\"index, follow, max-snippet:-1, max-image-preview:large, max-video-preview:-1\" \/>\n<link rel=\"canonical\" href=\"https:\/\/intermob.be\/de\/produkt\/emma-pendelleuchte-47-cm-korund-schwarz\/\" \/>\n<meta property=\"og:locale\" content=\"de_DE\" \/>\n<meta property=\"og:type\" content=\"article\" \/>\n<meta property=\"og:title\" content=\"Emma Pendelleuchte \u00d8 47 Cm Korund Schwarz\" \/>\n<meta property=\"og:description\" content=\"Die Kette kann durch Entfernen der Glieder von der Kette gek\u00fcrzt werden. Zusatzinformation: geeignet f\u00fcr LED-Lampen. Bei Verwendung einer geeigneten\" \/>\n<meta property=\"og:url\" content=\"https:\/\/intermob.be\/de\/produkt\/emma-pendelleuchte-47-cm-korund-schwarz\/\" \/>\n<meta property=\"og:site_name\" content=\"Intermob Mobilier\" \/>\n<meta property=\"article:modified_time\" content=\"2021-10-18T11:14:00+00:00\" \/>\n<meta property=\"og:image\" content=\"https:\/\/intermob.be\/wp-content\/uploads\/2024\/03\/products-Opschorting-Emma-47-Cm-Corindon-Zwart-4.jpg\" \/>\n\t<meta property=\"og:image:width\" content=\"800\" \/>\n\t<meta property=\"og:image:height\" content=\"800\" \/>\n\t<meta property=\"og:image:type\" content=\"image\/jpeg\" \/>\n<meta name=\"twitter:card\" content=\"summary_large_image\" \/>\n<script type=\"application\/ld+json\" class=\"yoast-schema-graph\">{\"@context\":\"https:\/\/schema.org\",\"@graph\":[{\"@type\":\"WebPage\",\"@id\":\"https:\/\/intermob.be\/de\/produkt\/emma-pendelleuchte-47-cm-korund-schwarz\/\",\"url\":\"https:\/\/intermob.be\/de\/produkt\/emma-pendelleuchte-47-cm-korund-schwarz\/\",\"name\":\"Emma Pendelleuchte \u00d8 47 Cm Korund Schwarz\",\"isPartOf\":{\"@id\":\"https:\/\/intermob.be\/de\/#website\"},\"primaryImageOfPage\":{\"@id\":\"https:\/\/intermob.be\/de\/produkt\/emma-pendelleuchte-47-cm-korund-schwarz\/#primaryimage\"},\"image\":{\"@id\":\"https:\/\/intermob.be\/de\/produkt\/emma-pendelleuchte-47-cm-korund-schwarz\/#primaryimage\"},\"thumbnailUrl\":\"https:\/\/intermob.be\/wp-content\/uploads\/2024\/03\/products-Opschorting-Emma-47-Cm-Corindon-Zwart-4.jpg\",\"datePublished\":\"2020-02-22T13:40:58+00:00\",\"dateModified\":\"2021-10-18T11:14:00+00:00\",\"breadcrumb\":{\"@id\":\"https:\/\/intermob.be\/de\/produkt\/emma-pendelleuchte-47-cm-korund-schwarz\/#breadcrumb\"},\"inLanguage\":\"de\",\"potentialAction\":[{\"@type\":\"ReadAction\",\"target\":[\"https:\/\/intermob.be\/de\/produkt\/emma-pendelleuchte-47-cm-korund-schwarz\/\"]}]},{\"@type\":\"ImageObject\",\"inLanguage\":\"de\",\"@id\":\"https:\/\/intermob.be\/de\/produkt\/emma-pendelleuchte-47-cm-korund-schwarz\/#primaryimage\",\"url\":\"https:\/\/intermob.be\/wp-content\/uploads\/2024\/03\/products-Opschorting-Emma-47-Cm-Corindon-Zwart-4.jpg\",\"contentUrl\":\"https:\/\/intermob.be\/wp-content\/uploads\/2024\/03\/products-Opschorting-Emma-47-Cm-Corindon-Zwart-4.jpg\",\"width\":800,\"height\":800,\"caption\":\"Opschorting Emma 47 Cm Corindon Zwart\"},{\"@type\":\"BreadcrumbList\",\"@id\":\"https:\/\/intermob.be\/de\/produkt\/emma-pendelleuchte-47-cm-korund-schwarz\/#breadcrumb\",\"itemListElement\":[{\"@type\":\"ListItem\",\"position\":1,\"name\":\"Home\",\"item\":\"https:\/\/intermob.be\/de\/\"},{\"@type\":\"ListItem\",\"position\":2,\"name\":\"Shop\",\"item\":\"https:\/\/intermob.be\/de\/shop\/\"},{\"@type\":\"ListItem\",\"position\":3,\"name\":\"Emma - \u00d8 47 Cm - Korund Zwart\"}]},{\"@type\":\"WebSite\",\"@id\":\"https:\/\/intermob.be\/de\/#website\",\"url\":\"https:\/\/intermob.be\/de\/\",\"name\":\"Intermob\",\"description\":\"\",\"publisher\":{\"@id\":\"https:\/\/intermob.be\/de\/#organization\"},\"potentialAction\":[{\"@type\":\"SearchAction\",\"target\":{\"@type\":\"EntryPoint\",\"urlTemplate\":\"https:\/\/intermob.be\/de\/?s={search_term_string}\"},\"query-input\":{\"@type\":\"PropertyValueSpecification\",\"valueRequired\":true,\"valueName\":\"search_term_string\"}}],\"inLanguage\":\"de\"},{\"@type\":\"Organization\",\"@id\":\"https:\/\/intermob.be\/de\/#organization\",\"name\":\"Intermob Mobilier\",\"url\":\"https:\/\/intermob.be\/de\/\",\"logo\":{\"@type\":\"ImageObject\",\"inLanguage\":\"de\",\"@id\":\"https:\/\/intermob.be\/de\/#\/schema\/logo\/image\/\",\"url\":\"https:\/\/intermob.be\/wp-content\/uploads\/2025\/09\/intb-bold-logo.png\",\"contentUrl\":\"https:\/\/intermob.be\/wp-content\/uploads\/2025\/09\/intb-bold-logo.png\",\"width\":480,\"height\":158,\"caption\":\"Intermob Mobilier\"},\"image\":{\"@id\":\"https:\/\/intermob.be\/de\/#\/schema\/logo\/image\/\"}}]}<\/script>\n<!-- \/ Yoast SEO plugin. -->","yoast_head_json":{"title":"Emma Pendelleuchte \u00d8 47 Cm Korund Schwarz","robots":{"index":"index","follow":"follow","max-snippet":"max-snippet:-1","max-image-preview":"max-image-preview:large","max-video-preview":"max-video-preview:-1"},"canonical":"https:\/\/intermob.be\/de\/produkt\/emma-pendelleuchte-47-cm-korund-schwarz\/","og_locale":"de_DE","og_type":"article","og_title":"Emma Pendelleuchte \u00d8 47 Cm Korund Schwarz","og_description":"Die Kette kann durch Entfernen der Glieder von der Kette gek\u00fcrzt werden. Zusatzinformation: geeignet f\u00fcr LED-Lampen. Bei Verwendung einer geeigneten","og_url":"https:\/\/intermob.be\/de\/produkt\/emma-pendelleuchte-47-cm-korund-schwarz\/","og_site_name":"Intermob Mobilier","article_modified_time":"2021-10-18T11:14:00+00:00","og_image":[{"width":800,"height":800,"url":"https:\/\/intermob.be\/wp-content\/uploads\/2024\/03\/products-Opschorting-Emma-47-Cm-Corindon-Zwart-4.jpg","type":"image\/jpeg"}],"twitter_card":"summary_large_image","schema":{"@context":"https:\/\/schema.org","@graph":[{"@type":"WebPage","@id":"https:\/\/intermob.be\/de\/produkt\/emma-pendelleuchte-47-cm-korund-schwarz\/","url":"https:\/\/intermob.be\/de\/produkt\/emma-pendelleuchte-47-cm-korund-schwarz\/","name":"Emma Pendelleuchte \u00d8 47 Cm Korund Schwarz","isPartOf":{"@id":"https:\/\/intermob.be\/de\/#website"},"primaryImageOfPage":{"@id":"https:\/\/intermob.be\/de\/produkt\/emma-pendelleuchte-47-cm-korund-schwarz\/#primaryimage"},"image":{"@id":"https:\/\/intermob.be\/de\/produkt\/emma-pendelleuchte-47-cm-korund-schwarz\/#primaryimage"},"thumbnailUrl":"https:\/\/intermob.be\/wp-content\/uploads\/2024\/03\/products-Opschorting-Emma-47-Cm-Corindon-Zwart-4.jpg","datePublished":"2020-02-22T13:40:58+00:00","dateModified":"2021-10-18T11:14:00+00:00","breadcrumb":{"@id":"https:\/\/intermob.be\/de\/produkt\/emma-pendelleuchte-47-cm-korund-schwarz\/#breadcrumb"},"inLanguage":"de","potentialAction":[{"@type":"ReadAction","target":["https:\/\/intermob.be\/de\/produkt\/emma-pendelleuchte-47-cm-korund-schwarz\/"]}]},{"@type":"ImageObject","inLanguage":"de","@id":"https:\/\/intermob.be\/de\/produkt\/emma-pendelleuchte-47-cm-korund-schwarz\/#primaryimage","url":"https:\/\/intermob.be\/wp-content\/uploads\/2024\/03\/products-Opschorting-Emma-47-Cm-Corindon-Zwart-4.jpg","contentUrl":"https:\/\/intermob.be\/wp-content\/uploads\/2024\/03\/products-Opschorting-Emma-47-Cm-Corindon-Zwart-4.jpg","width":800,"height":800,"caption":"Opschorting Emma 47 Cm Corindon Zwart"},{"@type":"BreadcrumbList","@id":"https:\/\/intermob.be\/de\/produkt\/emma-pendelleuchte-47-cm-korund-schwarz\/#breadcrumb","itemListElement":[{"@type":"ListItem","position":1,"name":"Home","item":"https:\/\/intermob.be\/de\/"},{"@type":"ListItem","position":2,"name":"Shop","item":"https:\/\/intermob.be\/de\/shop\/"},{"@type":"ListItem","position":3,"name":"Emma - \u00d8 47 Cm - Korund Zwart"}]},{"@type":"WebSite","@id":"https:\/\/intermob.be\/de\/#website","url":"https:\/\/intermob.be\/de\/","name":"Intermob","description":"","publisher":{"@id":"https:\/\/intermob.be\/de\/#organization"},"potentialAction":[{"@type":"SearchAction","target":{"@type":"EntryPoint","urlTemplate":"https:\/\/intermob.be\/de\/?s={search_term_string}"},"query-input":{"@type":"PropertyValueSpecification","valueRequired":true,"valueName":"search_term_string"}}],"inLanguage":"de"},{"@type":"Organization","@id":"https:\/\/intermob.be\/de\/#organization","name":"Intermob Mobilier","url":"https:\/\/intermob.be\/de\/","logo":{"@type":"ImageObject","inLanguage":"de","@id":"https:\/\/intermob.be\/de\/#\/schema\/logo\/image\/","url":"https:\/\/intermob.be\/wp-content\/uploads\/2025\/09\/intb-bold-logo.png","contentUrl":"https:\/\/intermob.be\/wp-content\/uploads\/2025\/09\/intb-bold-logo.png","width":480,"height":158,"caption":"Intermob Mobilier"},"image":{"@id":"https:\/\/intermob.be\/de\/#\/schema\/logo\/image\/"}}]}},"_links":{"self":[{"href":"https:\/\/intermob.be\/de\/wp-json\/wp\/v2\/product\/75434","targetHints":{"allow":["GET"]}}],"collection":[{"href":"https:\/\/intermob.be\/de\/wp-json\/wp\/v2\/product"}],"about":[{"href":"https:\/\/intermob.be\/de\/wp-json\/wp\/v2\/types\/product"}],"replies":[{"embeddable":true,"href":"https:\/\/intermob.be\/de\/wp-json\/wp\/v2\/comments?post=75434"}],"version-history":[{"count":0,"href":"https:\/\/intermob.be\/de\/wp-json\/wp\/v2\/product\/75434\/revisions"}],"wp:featuredmedia":[{"embeddable":true,"href":"https:\/\/intermob.be\/de\/wp-json\/wp\/v2\/media\/75435"}],"wp:attachment":[{"href":"https:\/\/intermob.be\/de\/wp-json\/wp\/v2\/media?parent=75434"}],"wp:term":[{"taxonomy":"product_brand","embeddable":true,"href":"https:\/\/intermob.be\/de\/wp-json\/wp\/v2\/product_brand?post=75434"},{"taxonomy":"product_cat","embeddable":true,"href":"https:\/\/intermob.be\/de\/wp-json\/wp\/v2\/product_cat?post=75434"},{"taxonomy":"product_tag","embeddable":true,"href":"https:\/\/intermob.be\/de\/wp-json\/wp\/v2\/product_tag?post=75434"}],"curies":[{"name":"wp","href":"https:\/\/api.w.org\/{rel}","templated":true}]}}