{"id":75452,"date":"2020-02-22T13:56:02","date_gmt":"2020-02-22T13:56:02","guid":{"rendered":"https:\/\/intermob.be\/?post_type=product&#038;p=75452"},"modified":"2024-06-06T12:56:27","modified_gmt":"2024-06-06T12:56:27","slug":"ruben-pendelleuchte-schwarz-uno","status":"publish","type":"product","link":"https:\/\/intermob.be\/de\/produkt\/ruben-pendelleuchte-schwarz-uno\/","title":{"rendered":"Ruben Pendelleuchte Schwarz Uno"},"content":{"rendered":"<p><span style=\"color: #000000;\">Von rustikal \u00fcber industriell bis skandinavisch: Diese Pendelleuchte namens Ruben wird sich wirklich \u00fcberall zu Hause f\u00fchlen. Es ist ein minimalistischer Metallw\u00fcrfel mit einer Gl\u00fchbirne in der Mitte in einer messingfarbenen Fassung. Ruben schafft sofort die richtige Atmosph\u00e4re. Mit einer Gr\u00f6\u00dfe von 22 x 22 Zentimetern ist die Lampe recht kompakt und findet daher leicht ihren Platz \u00fcber einer K\u00fcchentheke oder einem Esstisch. Dank des h\u00f6henverstellbaren Kabels k\u00f6nnen Sie es in der gew\u00fcnschten H\u00f6he in Ihrem Raum aufh\u00e4ngen. Ruben ist mit einer LED-Lampe kompatibel und kann problemlos an einen Lichtdimmer angeschlossen werden. Installieren Sie eine Gl\u00fchbirne \u00fcber Ihrem Esstisch, dimmen Sie das Licht leicht ab und schaffen Sie die Stimmung f\u00fcr ein romantisches T\u00eate-\u00e0-T\u00eate zu Hause.<\/span><\/p>\n<p><span style=\"color: #000000;\"><strong>Zusatzinformation:<\/strong><\/span><\/p>\n<ul>\n<li><span style=\"color: #000000;\">Kann mit einer LED-Lichtquelle verwendet werden<\/span><\/li>\n<li><span style=\"color: #000000;\">Diese Lampe ist h\u00f6henverstellbar<\/span><\/li>\n<li><span style=\"color: #000000;\">Einfach an einen Dimmer anzuschlie\u00dfen (nicht im Lieferumfang enthalten)<\/span><\/li>\n<li><span style=\"color: #000000;\">Energieverbrauch: 1x40W \/ 230V \/ A ++ &#8211; E (exkl.) &#8211; Bei variabler Intensit\u00e4t<\/span><\/li>\n<li><span style=\"color: #000000;\">Mindesth\u00f6he 50 cm &#8211; H\u00f6chsth\u00f6he 150 cm<\/span><\/li>\n<li><span style=\"color: #000000;\">Stil: Modern<\/span><\/li>\n<li><span style=\"color: #000000;\">Form: Quadrat<\/span><\/li>\n<li><span style=\"color: #000000;\">Dimmbar: Ja<\/span><\/li>\n<li><span style=\"color: #000000;\">Lichtwinkel: Rund<\/span><\/li>\n<li><span style=\"color: #000000;\">H\u00f6henverstellbar (vor der Installation)<\/span><\/li>\n<li><span style=\"color: #000000;\">Nicht orientierbar<\/span><\/li>\n<li><span style=\"color: #000000;\">Kabel zum Produkt<\/span><\/li>\n<li><span style=\"color: #000000;\">Kabell\u00e4nge: 130 cm<\/span><\/li>\n<li><span style=\"color: #000000;\">Ohne Detektor<\/span><\/li>\n<li><span style=\"color: #000000;\">Steuerung: Wandschaltersteuerung<\/span><\/li>\n<li><span style=\"color: #000000;\">Stromversorgungstyp: Adapter \/ Stromnetz<\/span><\/li>\n<li><span style=\"color: #000000;\">Klasse IP 20<\/span><\/li>\n<li><span style=\"color: #000000;\">Elektrische Klasse 1<\/span><\/li>\n<li><span style=\"color: #000000;\">Verbrauchseinheit (St\u00fcck) 1<\/span><\/li>\n<li><span style=\"color: #000000;\">Installationszubeh\u00f6r enthalten<\/span><\/li>\n<\/ul>\n<p><span style=\"color: #000000;\"><strong>GL\u00dcHBIRNEN NICHT INBEGRIFFEN!<\/strong><\/span><br \/>\n<span style=\"color: #000000;\"><strong>MINDESTVERKAUF VON 4 ST\u00dcCKEN AUS DER GANZEN SAMMLUNG.<\/strong><\/span><\/p>\n","protected":false},"excerpt":{"rendered":"<p>Von rustikal \u00fcber industriell bis skandinavisch: Diese Pendelleuchte namens Ruben wird sich wirklich \u00fcberall zu Hause f\u00fchlen. Es ist ein<\/p>\n","protected":false},"featured_media":75453,"comment_status":"open","ping_status":"closed","template":"","meta":[],"product_brand":[],"product_cat":[10179],"product_tag":[],"class_list":{"0":"post-75452","1":"product","2":"type-product","3":"status-publish","4":"has-post-thumbnail","6":"product_cat-industrielle-beleuchtung","7":"pa_product-color-color-schwarz-de","8":"pa_product-color-color-matt-gold-de","9":"pa_product-color-color-messing-de","10":"pa_product-material-metallrahmen-material-de","11":"pa_product-material-material-pvc-de","12":"pa_product-usage-usage-innen-de","14":"first","15":"onbackorder","16":"taxable","17":"shipping-taxable","18":"purchasable","19":"product-type-simple"},"yoast_head":"<!-- This site is optimized with the Yoast SEO plugin v26.4 - https:\/\/yoast.com\/wordpress\/plugins\/seo\/ -->\n<title>Ruben Pendelleuchte Schwarz Uno<\/title>\n<meta name=\"robots\" content=\"index, follow, max-snippet:-1, max-image-preview:large, max-video-preview:-1\" \/>\n<link rel=\"canonical\" href=\"https:\/\/intermob.be\/de\/produkt\/ruben-pendelleuchte-schwarz-uno\/\" \/>\n<meta property=\"og:locale\" content=\"de_DE\" \/>\n<meta property=\"og:type\" content=\"article\" \/>\n<meta property=\"og:title\" content=\"Ruben Pendelleuchte Schwarz Uno\" \/>\n<meta property=\"og:description\" content=\"Von rustikal \u00fcber industriell bis skandinavisch: Diese Pendelleuchte namens Ruben wird sich wirklich \u00fcberall zu Hause f\u00fchlen. Es ist ein\" \/>\n<meta property=\"og:url\" content=\"https:\/\/intermob.be\/de\/produkt\/ruben-pendelleuchte-schwarz-uno\/\" \/>\n<meta property=\"og:site_name\" content=\"Intermob Mobilier\" \/>\n<meta property=\"article:modified_time\" content=\"2024-06-06T12:56:27+00:00\" \/>\n<meta property=\"og:image\" content=\"https:\/\/intermob.be\/wp-content\/uploads\/2024\/03\/products-Ruben-Hanglamp-Zwart-Uno-5.jpg\" \/>\n\t<meta property=\"og:image:width\" content=\"800\" \/>\n\t<meta property=\"og:image:height\" content=\"800\" \/>\n\t<meta property=\"og:image:type\" content=\"image\/jpeg\" \/>\n<meta name=\"twitter:card\" content=\"summary_large_image\" \/>\n<meta name=\"twitter:label1\" content=\"Gesch\u00e4tzte Lesezeit\" \/>\n\t<meta name=\"twitter:data1\" content=\"2\u00a0Minuten\" \/>\n<script type=\"application\/ld+json\" class=\"yoast-schema-graph\">{\"@context\":\"https:\/\/schema.org\",\"@graph\":[{\"@type\":\"WebPage\",\"@id\":\"https:\/\/intermob.be\/de\/produkt\/ruben-pendelleuchte-schwarz-uno\/\",\"url\":\"https:\/\/intermob.be\/de\/produkt\/ruben-pendelleuchte-schwarz-uno\/\",\"name\":\"Ruben Pendelleuchte Schwarz Uno\",\"isPartOf\":{\"@id\":\"https:\/\/intermob.be\/de\/#website\"},\"primaryImageOfPage\":{\"@id\":\"https:\/\/intermob.be\/de\/produkt\/ruben-pendelleuchte-schwarz-uno\/#primaryimage\"},\"image\":{\"@id\":\"https:\/\/intermob.be\/de\/produkt\/ruben-pendelleuchte-schwarz-uno\/#primaryimage\"},\"thumbnailUrl\":\"https:\/\/intermob.be\/wp-content\/uploads\/2024\/03\/products-Ruben-Hanglamp-Zwart-Uno-5.jpg\",\"datePublished\":\"2020-02-22T13:56:02+00:00\",\"dateModified\":\"2024-06-06T12:56:27+00:00\",\"breadcrumb\":{\"@id\":\"https:\/\/intermob.be\/de\/produkt\/ruben-pendelleuchte-schwarz-uno\/#breadcrumb\"},\"inLanguage\":\"de\",\"potentialAction\":[{\"@type\":\"ReadAction\",\"target\":[\"https:\/\/intermob.be\/de\/produkt\/ruben-pendelleuchte-schwarz-uno\/\"]}]},{\"@type\":\"ImageObject\",\"inLanguage\":\"de\",\"@id\":\"https:\/\/intermob.be\/de\/produkt\/ruben-pendelleuchte-schwarz-uno\/#primaryimage\",\"url\":\"https:\/\/intermob.be\/wp-content\/uploads\/2024\/03\/products-Ruben-Hanglamp-Zwart-Uno-5.jpg\",\"contentUrl\":\"https:\/\/intermob.be\/wp-content\/uploads\/2024\/03\/products-Ruben-Hanglamp-Zwart-Uno-5.jpg\",\"width\":800,\"height\":800,\"caption\":\"Ruben Hanglamp Zwart Uno\"},{\"@type\":\"BreadcrumbList\",\"@id\":\"https:\/\/intermob.be\/de\/produkt\/ruben-pendelleuchte-schwarz-uno\/#breadcrumb\",\"itemListElement\":[{\"@type\":\"ListItem\",\"position\":1,\"name\":\"Home\",\"item\":\"https:\/\/intermob.be\/de\/\"},{\"@type\":\"ListItem\",\"position\":2,\"name\":\"Shop\",\"item\":\"https:\/\/intermob.be\/de\/shop\/\"},{\"@type\":\"ListItem\",\"position\":3,\"name\":\"Ruben Lampe Pendentif Noir Uno\"}]},{\"@type\":\"WebSite\",\"@id\":\"https:\/\/intermob.be\/de\/#website\",\"url\":\"https:\/\/intermob.be\/de\/\",\"name\":\"Intermob\",\"description\":\"\",\"publisher\":{\"@id\":\"https:\/\/intermob.be\/de\/#organization\"},\"potentialAction\":[{\"@type\":\"SearchAction\",\"target\":{\"@type\":\"EntryPoint\",\"urlTemplate\":\"https:\/\/intermob.be\/de\/?s={search_term_string}\"},\"query-input\":{\"@type\":\"PropertyValueSpecification\",\"valueRequired\":true,\"valueName\":\"search_term_string\"}}],\"inLanguage\":\"de\"},{\"@type\":\"Organization\",\"@id\":\"https:\/\/intermob.be\/de\/#organization\",\"name\":\"Intermob Mobilier\",\"url\":\"https:\/\/intermob.be\/de\/\",\"logo\":{\"@type\":\"ImageObject\",\"inLanguage\":\"de\",\"@id\":\"https:\/\/intermob.be\/de\/#\/schema\/logo\/image\/\",\"url\":\"https:\/\/intermob.be\/wp-content\/uploads\/2025\/09\/intb-bold-logo.png\",\"contentUrl\":\"https:\/\/intermob.be\/wp-content\/uploads\/2025\/09\/intb-bold-logo.png\",\"width\":480,\"height\":158,\"caption\":\"Intermob Mobilier\"},\"image\":{\"@id\":\"https:\/\/intermob.be\/de\/#\/schema\/logo\/image\/\"}}]}<\/script>\n<!-- \/ Yoast SEO plugin. -->","yoast_head_json":{"title":"Ruben Pendelleuchte Schwarz Uno","robots":{"index":"index","follow":"follow","max-snippet":"max-snippet:-1","max-image-preview":"max-image-preview:large","max-video-preview":"max-video-preview:-1"},"canonical":"https:\/\/intermob.be\/de\/produkt\/ruben-pendelleuchte-schwarz-uno\/","og_locale":"de_DE","og_type":"article","og_title":"Ruben Pendelleuchte Schwarz Uno","og_description":"Von rustikal \u00fcber industriell bis skandinavisch: Diese Pendelleuchte namens Ruben wird sich wirklich \u00fcberall zu Hause f\u00fchlen. Es ist ein","og_url":"https:\/\/intermob.be\/de\/produkt\/ruben-pendelleuchte-schwarz-uno\/","og_site_name":"Intermob Mobilier","article_modified_time":"2024-06-06T12:56:27+00:00","og_image":[{"width":800,"height":800,"url":"https:\/\/intermob.be\/wp-content\/uploads\/2024\/03\/products-Ruben-Hanglamp-Zwart-Uno-5.jpg","type":"image\/jpeg"}],"twitter_card":"summary_large_image","twitter_misc":{"Gesch\u00e4tzte Lesezeit":"2\u00a0Minuten"},"schema":{"@context":"https:\/\/schema.org","@graph":[{"@type":"WebPage","@id":"https:\/\/intermob.be\/de\/produkt\/ruben-pendelleuchte-schwarz-uno\/","url":"https:\/\/intermob.be\/de\/produkt\/ruben-pendelleuchte-schwarz-uno\/","name":"Ruben Pendelleuchte Schwarz Uno","isPartOf":{"@id":"https:\/\/intermob.be\/de\/#website"},"primaryImageOfPage":{"@id":"https:\/\/intermob.be\/de\/produkt\/ruben-pendelleuchte-schwarz-uno\/#primaryimage"},"image":{"@id":"https:\/\/intermob.be\/de\/produkt\/ruben-pendelleuchte-schwarz-uno\/#primaryimage"},"thumbnailUrl":"https:\/\/intermob.be\/wp-content\/uploads\/2024\/03\/products-Ruben-Hanglamp-Zwart-Uno-5.jpg","datePublished":"2020-02-22T13:56:02+00:00","dateModified":"2024-06-06T12:56:27+00:00","breadcrumb":{"@id":"https:\/\/intermob.be\/de\/produkt\/ruben-pendelleuchte-schwarz-uno\/#breadcrumb"},"inLanguage":"de","potentialAction":[{"@type":"ReadAction","target":["https:\/\/intermob.be\/de\/produkt\/ruben-pendelleuchte-schwarz-uno\/"]}]},{"@type":"ImageObject","inLanguage":"de","@id":"https:\/\/intermob.be\/de\/produkt\/ruben-pendelleuchte-schwarz-uno\/#primaryimage","url":"https:\/\/intermob.be\/wp-content\/uploads\/2024\/03\/products-Ruben-Hanglamp-Zwart-Uno-5.jpg","contentUrl":"https:\/\/intermob.be\/wp-content\/uploads\/2024\/03\/products-Ruben-Hanglamp-Zwart-Uno-5.jpg","width":800,"height":800,"caption":"Ruben Hanglamp Zwart Uno"},{"@type":"BreadcrumbList","@id":"https:\/\/intermob.be\/de\/produkt\/ruben-pendelleuchte-schwarz-uno\/#breadcrumb","itemListElement":[{"@type":"ListItem","position":1,"name":"Home","item":"https:\/\/intermob.be\/de\/"},{"@type":"ListItem","position":2,"name":"Shop","item":"https:\/\/intermob.be\/de\/shop\/"},{"@type":"ListItem","position":3,"name":"Ruben Lampe Pendentif Noir Uno"}]},{"@type":"WebSite","@id":"https:\/\/intermob.be\/de\/#website","url":"https:\/\/intermob.be\/de\/","name":"Intermob","description":"","publisher":{"@id":"https:\/\/intermob.be\/de\/#organization"},"potentialAction":[{"@type":"SearchAction","target":{"@type":"EntryPoint","urlTemplate":"https:\/\/intermob.be\/de\/?s={search_term_string}"},"query-input":{"@type":"PropertyValueSpecification","valueRequired":true,"valueName":"search_term_string"}}],"inLanguage":"de"},{"@type":"Organization","@id":"https:\/\/intermob.be\/de\/#organization","name":"Intermob Mobilier","url":"https:\/\/intermob.be\/de\/","logo":{"@type":"ImageObject","inLanguage":"de","@id":"https:\/\/intermob.be\/de\/#\/schema\/logo\/image\/","url":"https:\/\/intermob.be\/wp-content\/uploads\/2025\/09\/intb-bold-logo.png","contentUrl":"https:\/\/intermob.be\/wp-content\/uploads\/2025\/09\/intb-bold-logo.png","width":480,"height":158,"caption":"Intermob Mobilier"},"image":{"@id":"https:\/\/intermob.be\/de\/#\/schema\/logo\/image\/"}}]}},"_links":{"self":[{"href":"https:\/\/intermob.be\/de\/wp-json\/wp\/v2\/product\/75452","targetHints":{"allow":["GET"]}}],"collection":[{"href":"https:\/\/intermob.be\/de\/wp-json\/wp\/v2\/product"}],"about":[{"href":"https:\/\/intermob.be\/de\/wp-json\/wp\/v2\/types\/product"}],"replies":[{"embeddable":true,"href":"https:\/\/intermob.be\/de\/wp-json\/wp\/v2\/comments?post=75452"}],"version-history":[{"count":0,"href":"https:\/\/intermob.be\/de\/wp-json\/wp\/v2\/product\/75452\/revisions"}],"wp:featuredmedia":[{"embeddable":true,"href":"https:\/\/intermob.be\/de\/wp-json\/wp\/v2\/media\/75453"}],"wp:attachment":[{"href":"https:\/\/intermob.be\/de\/wp-json\/wp\/v2\/media?parent=75452"}],"wp:term":[{"taxonomy":"product_brand","embeddable":true,"href":"https:\/\/intermob.be\/de\/wp-json\/wp\/v2\/product_brand?post=75452"},{"taxonomy":"product_cat","embeddable":true,"href":"https:\/\/intermob.be\/de\/wp-json\/wp\/v2\/product_cat?post=75452"},{"taxonomy":"product_tag","embeddable":true,"href":"https:\/\/intermob.be\/de\/wp-json\/wp\/v2\/product_tag?post=75452"}],"curies":[{"name":"wp","href":"https:\/\/api.w.org\/{rel}","templated":true}]}}