{"id":75536,"date":"2020-02-24T13:17:31","date_gmt":"2020-02-24T13:17:31","guid":{"rendered":"https:\/\/intermob.be\/?post_type=product&#038;p=75536"},"modified":"2024-06-06T14:41:13","modified_gmt":"2024-06-06T14:41:13","slug":"giada-pendelleuchte-30-cm-matt-gold-messing","status":"publish","type":"product","link":"https:\/\/intermob.be\/de\/produkt\/giada-pendelleuchte-30-cm-matt-gold-messing\/","title":{"rendered":"Giada - \u00d8 30 Cm - Matt Gold \/ Messing"},"content":{"rendered":"<p><span style=\"color: #000000;\">Giada ist so elegant wie sein italienischer Name. Diese H\u00e4ngelampe aus mattem Gold besteht aus hochwertigem Stahl und wirkt im Retro-Stil. Vor allem aber ist sie ein wundersch\u00f6ner Blickfang in Ihrem Interieur. Mit einem Durchmesser von 30 Zentimetern k\u00f6nnen Sie es einfach \u00fcber die Theke oder \u00fcber den Esstisch h\u00e4ngen. Und warum nicht im Wohnzimmer? In Kombination mit einer ger\u00e4ucherten LED-Gl\u00fchlampe m\u00f6chten Sie stundenlang das warme Licht Ihres Kronleuchters beobachten. Giada ist h\u00f6henverstellbar und zwischen 50 und 100 Zentimeter lang. Sie k\u00f6nnen es einfach mit der Montageplatte an der Decke befestigen. Die Lampe ist auch mit einem Lichtdimmer kompatibel.<\/span><\/p>\n<p><span style=\"color: #000000;\"><strong>Zusatzinformation:<\/strong><\/span><\/p>\n<ul>\n<li><span style=\"color: #000000;\">Kann mit einer LED-Lichtquelle verwendet werden<\/span><\/li>\n<li><span style=\"color: #000000;\">Diese Lampe ist h\u00f6henverstellbar<\/span><\/li>\n<li><span style=\"color: #000000;\">Einfach an einen Dimmer anzuschlie\u00dfen (nicht im Lieferumfang enthalten)<\/span><\/li>\n<li><span style=\"color: #000000;\">Energieverbrauch: 1x60W \/ 230V \/ A ++ &#8211; E (exkl.) &#8211; Bei variabler Intensit\u00e4t<\/span><\/li>\n<li><span style=\"color: #000000;\">Mindesth\u00f6he 50 cm \/ H\u00f6chsth\u00f6he 100 cm<\/span><\/li>\n<li><span style=\"color: #000000;\">Retro-Stil<\/span><\/li>\n<li><span style=\"color: #000000;\">Runde Form<\/span><\/li>\n<li><span style=\"color: #000000;\">Dimmbar Ja<\/span><\/li>\n<li><span style=\"color: #000000;\">Lichtwinkel Downlight<\/span><\/li>\n<li><span style=\"color: #000000;\">H\u00f6henverstellbar (vor der Installation)<\/span><\/li>\n<li><span style=\"color: #000000;\">Nicht orientierbar<\/span><\/li>\n<li><span style=\"color: #000000;\">Kabel zum Produkt<\/span><\/li>\n<li><span style=\"color: #000000;\">Kabell\u00e4nge 80 cm<\/span><\/li>\n<li><span style=\"color: #000000;\">Ohne Detektor<\/span><\/li>\n<li><span style=\"color: #000000;\">Wandschaltersteuerung<\/span><\/li>\n<li><span style=\"color: #000000;\">Futtertyp<\/span><\/li>\n<li><span style=\"color: #000000;\">Adapter \/ Stromnetz<\/span><\/li>\n<li><span style=\"color: #000000;\">Klasse IP 20<\/span><\/li>\n<li><span style=\"color: #000000;\">Elektrische Klasse1<\/span><\/li>\n<li><span style=\"color: #000000;\">Lichtquelle dimmbar: Ja<\/span><\/li>\n<li><span style=\"color: #000000;\">Lampe Nummer 1<\/span><\/li>\n<li><span style=\"color: #000000;\">Lampentyp E27<\/span><\/li>\n<li><span style=\"color: #000000;\">Ohne Gl\u00fchbirne<\/span><\/li>\n<li><span style=\"color: #000000;\">Leistung 1 x 60 W<\/span><\/li>\n<li><span style=\"color: #000000;\">Spannung 230 V<\/span><\/li>\n<li><span style=\"color: #000000;\">Energielabel A ++ &#8211; E<\/span><\/li>\n<\/ul>\n<p><span style=\"color: #000000;\"><strong>GL\u00dcHBIRNEN NICHT INBEGRIFFEN!<\/strong><\/span><\/p>\n<p><span style=\"color: #000000;\"><strong>MINDESTVERKAUF VON 4 ST\u00dcCKEN AUS DER GANZEN SAMMLUNG.<\/strong><\/span><\/p>\n","protected":false},"excerpt":{"rendered":"<p>Giada ist so elegant wie sein italienischer Name. Diese H\u00e4ngelampe aus mattem Gold besteht aus hochwertigem Stahl und wirkt im<\/p>\n","protected":false},"featured_media":75537,"comment_status":"open","ping_status":"closed","template":"","meta":[],"product_brand":[],"product_cat":[10179],"product_tag":[],"class_list":{"0":"post-75536","1":"product","2":"type-product","3":"status-publish","4":"has-post-thumbnail","6":"product_cat-industrielle-beleuchtung","7":"pa_product-color-color-schwarz-de","8":"pa_product-color-color-matt-gold-de","9":"pa_product-color-color-messing-de","10":"pa_product-material-stahl-material-de","11":"pa_product-usage-usage-innen-de","13":"first","14":"onbackorder","15":"taxable","16":"shipping-taxable","17":"purchasable","18":"product-type-simple"},"yoast_head":"<!-- This site is optimized with the Yoast SEO plugin v26.4 - https:\/\/yoast.com\/wordpress\/plugins\/seo\/ -->\n<title>Giada Pendelleuchte \u00d8 30 Cm Matt Gold\/Messing<\/title>\n<meta name=\"robots\" content=\"index, follow, max-snippet:-1, max-image-preview:large, max-video-preview:-1\" \/>\n<link rel=\"canonical\" href=\"https:\/\/intermob.be\/de\/produkt\/giada-pendelleuchte-30-cm-matt-gold-messing\/\" \/>\n<meta property=\"og:locale\" content=\"de_DE\" \/>\n<meta property=\"og:type\" content=\"article\" \/>\n<meta property=\"og:title\" content=\"Giada Pendelleuchte \u00d8 30 Cm Matt Gold\/Messing\" \/>\n<meta property=\"og:description\" content=\"Giada ist so elegant wie sein italienischer Name. Diese H\u00e4ngelampe aus mattem Gold besteht aus hochwertigem Stahl und wirkt im\" \/>\n<meta property=\"og:url\" content=\"https:\/\/intermob.be\/de\/produkt\/giada-pendelleuchte-30-cm-matt-gold-messing\/\" \/>\n<meta property=\"og:site_name\" content=\"Intermob Mobilier\" \/>\n<meta property=\"article:modified_time\" content=\"2024-06-06T14:41:13+00:00\" \/>\n<meta property=\"og:image\" content=\"https:\/\/intermob.be\/wp-content\/uploads\/2024\/03\/products-Giada-Hanglamp-O-30-Cm-Mat-Goud-Messing-7.jpg\" \/>\n\t<meta property=\"og:image:width\" content=\"800\" \/>\n\t<meta property=\"og:image:height\" content=\"800\" \/>\n\t<meta property=\"og:image:type\" content=\"image\/jpeg\" \/>\n<meta name=\"twitter:card\" content=\"summary_large_image\" \/>\n<meta name=\"twitter:label1\" content=\"Gesch\u00e4tzte Lesezeit\" \/>\n\t<meta name=\"twitter:data1\" content=\"2\u00a0Minuten\" \/>\n<script type=\"application\/ld+json\" class=\"yoast-schema-graph\">{\"@context\":\"https:\/\/schema.org\",\"@graph\":[{\"@type\":\"WebPage\",\"@id\":\"https:\/\/intermob.be\/de\/produkt\/giada-pendelleuchte-30-cm-matt-gold-messing\/\",\"url\":\"https:\/\/intermob.be\/de\/produkt\/giada-pendelleuchte-30-cm-matt-gold-messing\/\",\"name\":\"Giada Pendelleuchte \u00d8 30 Cm Matt Gold\/Messing\",\"isPartOf\":{\"@id\":\"https:\/\/intermob.be\/de\/#website\"},\"primaryImageOfPage\":{\"@id\":\"https:\/\/intermob.be\/de\/produkt\/giada-pendelleuchte-30-cm-matt-gold-messing\/#primaryimage\"},\"image\":{\"@id\":\"https:\/\/intermob.be\/de\/produkt\/giada-pendelleuchte-30-cm-matt-gold-messing\/#primaryimage\"},\"thumbnailUrl\":\"https:\/\/intermob.be\/wp-content\/uploads\/2024\/03\/products-Giada-Hanglamp-O-30-Cm-Mat-Goud-Messing-7.jpg\",\"datePublished\":\"2020-02-24T13:17:31+00:00\",\"dateModified\":\"2024-06-06T14:41:13+00:00\",\"breadcrumb\":{\"@id\":\"https:\/\/intermob.be\/de\/produkt\/giada-pendelleuchte-30-cm-matt-gold-messing\/#breadcrumb\"},\"inLanguage\":\"de\",\"potentialAction\":[{\"@type\":\"ReadAction\",\"target\":[\"https:\/\/intermob.be\/de\/produkt\/giada-pendelleuchte-30-cm-matt-gold-messing\/\"]}]},{\"@type\":\"ImageObject\",\"inLanguage\":\"de\",\"@id\":\"https:\/\/intermob.be\/de\/produkt\/giada-pendelleuchte-30-cm-matt-gold-messing\/#primaryimage\",\"url\":\"https:\/\/intermob.be\/wp-content\/uploads\/2024\/03\/products-Giada-Hanglamp-O-30-Cm-Mat-Goud-Messing-7.jpg\",\"contentUrl\":\"https:\/\/intermob.be\/wp-content\/uploads\/2024\/03\/products-Giada-Hanglamp-O-30-Cm-Mat-Goud-Messing-7.jpg\",\"width\":800,\"height\":800,\"caption\":\"Giada Hanglamp \u00d8 30 Cm Mat Goud - Messing\"},{\"@type\":\"BreadcrumbList\",\"@id\":\"https:\/\/intermob.be\/de\/produkt\/giada-pendelleuchte-30-cm-matt-gold-messing\/#breadcrumb\",\"itemListElement\":[{\"@type\":\"ListItem\",\"position\":1,\"name\":\"Home\",\"item\":\"https:\/\/intermob.be\/de\/\"},{\"@type\":\"ListItem\",\"position\":2,\"name\":\"Shop\",\"item\":\"https:\/\/intermob.be\/de\/shop\/\"},{\"@type\":\"ListItem\",\"position\":3,\"name\":\"Giada - \u00d8 30 Cm - Or Mat \/ Laiton\"}]},{\"@type\":\"WebSite\",\"@id\":\"https:\/\/intermob.be\/de\/#website\",\"url\":\"https:\/\/intermob.be\/de\/\",\"name\":\"Intermob\",\"description\":\"\",\"publisher\":{\"@id\":\"https:\/\/intermob.be\/de\/#organization\"},\"potentialAction\":[{\"@type\":\"SearchAction\",\"target\":{\"@type\":\"EntryPoint\",\"urlTemplate\":\"https:\/\/intermob.be\/de\/?s={search_term_string}\"},\"query-input\":{\"@type\":\"PropertyValueSpecification\",\"valueRequired\":true,\"valueName\":\"search_term_string\"}}],\"inLanguage\":\"de\"},{\"@type\":\"Organization\",\"@id\":\"https:\/\/intermob.be\/de\/#organization\",\"name\":\"Intermob Mobilier\",\"url\":\"https:\/\/intermob.be\/de\/\",\"logo\":{\"@type\":\"ImageObject\",\"inLanguage\":\"de\",\"@id\":\"https:\/\/intermob.be\/de\/#\/schema\/logo\/image\/\",\"url\":\"https:\/\/intermob.be\/wp-content\/uploads\/2025\/09\/intb-bold-logo.png\",\"contentUrl\":\"https:\/\/intermob.be\/wp-content\/uploads\/2025\/09\/intb-bold-logo.png\",\"width\":480,\"height\":158,\"caption\":\"Intermob Mobilier\"},\"image\":{\"@id\":\"https:\/\/intermob.be\/de\/#\/schema\/logo\/image\/\"}}]}<\/script>\n<!-- \/ Yoast SEO plugin. -->","yoast_head_json":{"title":"Giada Pendelleuchte \u00d8 30 Cm Matt Gold\/Messing","robots":{"index":"index","follow":"follow","max-snippet":"max-snippet:-1","max-image-preview":"max-image-preview:large","max-video-preview":"max-video-preview:-1"},"canonical":"https:\/\/intermob.be\/de\/produkt\/giada-pendelleuchte-30-cm-matt-gold-messing\/","og_locale":"de_DE","og_type":"article","og_title":"Giada Pendelleuchte \u00d8 30 Cm Matt Gold\/Messing","og_description":"Giada ist so elegant wie sein italienischer Name. Diese H\u00e4ngelampe aus mattem Gold besteht aus hochwertigem Stahl und wirkt im","og_url":"https:\/\/intermob.be\/de\/produkt\/giada-pendelleuchte-30-cm-matt-gold-messing\/","og_site_name":"Intermob Mobilier","article_modified_time":"2024-06-06T14:41:13+00:00","og_image":[{"width":800,"height":800,"url":"https:\/\/intermob.be\/wp-content\/uploads\/2024\/03\/products-Giada-Hanglamp-O-30-Cm-Mat-Goud-Messing-7.jpg","type":"image\/jpeg"}],"twitter_card":"summary_large_image","twitter_misc":{"Gesch\u00e4tzte Lesezeit":"2\u00a0Minuten"},"schema":{"@context":"https:\/\/schema.org","@graph":[{"@type":"WebPage","@id":"https:\/\/intermob.be\/de\/produkt\/giada-pendelleuchte-30-cm-matt-gold-messing\/","url":"https:\/\/intermob.be\/de\/produkt\/giada-pendelleuchte-30-cm-matt-gold-messing\/","name":"Giada Pendelleuchte \u00d8 30 Cm Matt Gold\/Messing","isPartOf":{"@id":"https:\/\/intermob.be\/de\/#website"},"primaryImageOfPage":{"@id":"https:\/\/intermob.be\/de\/produkt\/giada-pendelleuchte-30-cm-matt-gold-messing\/#primaryimage"},"image":{"@id":"https:\/\/intermob.be\/de\/produkt\/giada-pendelleuchte-30-cm-matt-gold-messing\/#primaryimage"},"thumbnailUrl":"https:\/\/intermob.be\/wp-content\/uploads\/2024\/03\/products-Giada-Hanglamp-O-30-Cm-Mat-Goud-Messing-7.jpg","datePublished":"2020-02-24T13:17:31+00:00","dateModified":"2024-06-06T14:41:13+00:00","breadcrumb":{"@id":"https:\/\/intermob.be\/de\/produkt\/giada-pendelleuchte-30-cm-matt-gold-messing\/#breadcrumb"},"inLanguage":"de","potentialAction":[{"@type":"ReadAction","target":["https:\/\/intermob.be\/de\/produkt\/giada-pendelleuchte-30-cm-matt-gold-messing\/"]}]},{"@type":"ImageObject","inLanguage":"de","@id":"https:\/\/intermob.be\/de\/produkt\/giada-pendelleuchte-30-cm-matt-gold-messing\/#primaryimage","url":"https:\/\/intermob.be\/wp-content\/uploads\/2024\/03\/products-Giada-Hanglamp-O-30-Cm-Mat-Goud-Messing-7.jpg","contentUrl":"https:\/\/intermob.be\/wp-content\/uploads\/2024\/03\/products-Giada-Hanglamp-O-30-Cm-Mat-Goud-Messing-7.jpg","width":800,"height":800,"caption":"Giada Hanglamp \u00d8 30 Cm Mat Goud - Messing"},{"@type":"BreadcrumbList","@id":"https:\/\/intermob.be\/de\/produkt\/giada-pendelleuchte-30-cm-matt-gold-messing\/#breadcrumb","itemListElement":[{"@type":"ListItem","position":1,"name":"Home","item":"https:\/\/intermob.be\/de\/"},{"@type":"ListItem","position":2,"name":"Shop","item":"https:\/\/intermob.be\/de\/shop\/"},{"@type":"ListItem","position":3,"name":"Giada - \u00d8 30 Cm - Or Mat \/ Laiton"}]},{"@type":"WebSite","@id":"https:\/\/intermob.be\/de\/#website","url":"https:\/\/intermob.be\/de\/","name":"Intermob","description":"","publisher":{"@id":"https:\/\/intermob.be\/de\/#organization"},"potentialAction":[{"@type":"SearchAction","target":{"@type":"EntryPoint","urlTemplate":"https:\/\/intermob.be\/de\/?s={search_term_string}"},"query-input":{"@type":"PropertyValueSpecification","valueRequired":true,"valueName":"search_term_string"}}],"inLanguage":"de"},{"@type":"Organization","@id":"https:\/\/intermob.be\/de\/#organization","name":"Intermob Mobilier","url":"https:\/\/intermob.be\/de\/","logo":{"@type":"ImageObject","inLanguage":"de","@id":"https:\/\/intermob.be\/de\/#\/schema\/logo\/image\/","url":"https:\/\/intermob.be\/wp-content\/uploads\/2025\/09\/intb-bold-logo.png","contentUrl":"https:\/\/intermob.be\/wp-content\/uploads\/2025\/09\/intb-bold-logo.png","width":480,"height":158,"caption":"Intermob Mobilier"},"image":{"@id":"https:\/\/intermob.be\/de\/#\/schema\/logo\/image\/"}}]}},"_links":{"self":[{"href":"https:\/\/intermob.be\/de\/wp-json\/wp\/v2\/product\/75536","targetHints":{"allow":["GET"]}}],"collection":[{"href":"https:\/\/intermob.be\/de\/wp-json\/wp\/v2\/product"}],"about":[{"href":"https:\/\/intermob.be\/de\/wp-json\/wp\/v2\/types\/product"}],"replies":[{"embeddable":true,"href":"https:\/\/intermob.be\/de\/wp-json\/wp\/v2\/comments?post=75536"}],"version-history":[{"count":0,"href":"https:\/\/intermob.be\/de\/wp-json\/wp\/v2\/product\/75536\/revisions"}],"wp:featuredmedia":[{"embeddable":true,"href":"https:\/\/intermob.be\/de\/wp-json\/wp\/v2\/media\/75537"}],"wp:attachment":[{"href":"https:\/\/intermob.be\/de\/wp-json\/wp\/v2\/media?parent=75536"}],"wp:term":[{"taxonomy":"product_brand","embeddable":true,"href":"https:\/\/intermob.be\/de\/wp-json\/wp\/v2\/product_brand?post=75536"},{"taxonomy":"product_cat","embeddable":true,"href":"https:\/\/intermob.be\/de\/wp-json\/wp\/v2\/product_cat?post=75536"},{"taxonomy":"product_tag","embeddable":true,"href":"https:\/\/intermob.be\/de\/wp-json\/wp\/v2\/product_tag?post=75536"}],"curies":[{"name":"wp","href":"https:\/\/api.w.org\/{rel}","templated":true}]}}