{"id":75562,"date":"2020-02-24T13:33:16","date_gmt":"2020-02-24T13:33:16","guid":{"rendered":"https:\/\/intermob.be\/?post_type=product&#038;p=75562"},"modified":"2024-06-06T14:45:45","modified_gmt":"2024-06-06T14:45:45","slug":"giada-pendelleuchte-40-cm-matt-gold-messing","status":"publish","type":"product","link":"https:\/\/intermob.be\/de\/produkt\/giada-pendelleuchte-40-cm-matt-gold-messing\/","title":{"rendered":"Giada - \u00d8 40 Cm - Matt Gold\/Messing"},"content":{"rendered":"<p><span style=\"color: #000000;\">Lassen Sie sich nicht von Giadas Retro-Look t\u00e4uschen. Es wird seinen Platz in fast jedem Innenraum finden. Modern oder klassisch. Die mattgoldene Kante aus hochwertigem Stahl und das zeitlose Design heben es sofort von anderen Kronleuchtern ab. Sie k\u00f6nnen auch die Nasenspitze der Gl\u00fchbirne sehen. Entscheiden Sie sich f\u00fcr eine gro\u00dfe runde ger\u00e4ucherte LED-Gl\u00fchbirne f\u00fcr noch mehr Wirkung. Mit einem Durchmesser von 40 Zentimetern k\u00f6nnen Sie Giada perfekt alleine \u00fcber das Waschbecken oder den Esstisch h\u00e4ngen. Oder Sie k\u00f6nnen mehrere kombinieren. Die Federung ist h\u00f6henverstellbar und zwischen 50 und 100 Zentimeter lang. F\u00fcr mehr Komfort k\u00f6nnen Sie auch die Lampe dimmen.<\/span><\/p>\n<p><span style=\"color: #000000;\"><strong>Zusatzinformation:<\/strong><\/span><\/p>\n<ul>\n<li><span style=\"color: #000000;\">Kann mit einer LED-Lichtquelle verwendet werden<\/span><\/li>\n<li><span style=\"color: #000000;\">Diese Lampe ist h\u00f6henverstellbar<\/span><\/li>\n<li><span style=\"color: #000000;\">Einfach an einen Dimmer anzuschlie\u00dfen (nicht im Lieferumfang enthalten)<\/span><\/li>\n<li><span style=\"color: #000000;\">Energieverbrauch: 1x60W \/ 230V \/ A ++ &#8211; E (exkl.) &#8211; Bei variabler Intensit\u00e4t<\/span><\/li>\n<li><span style=\"color: #000000;\">Mindesth\u00f6he 50 cm \/ H\u00f6chsth\u00f6he 120 cm<\/span><\/li>\n<li><span style=\"color: #000000;\">Maximaler Durchmesser 40 cm<\/span><\/li>\n<li><span style=\"color: #000000;\">Retro-Stil<\/span><\/li>\n<li><span style=\"color: #000000;\">Runde Form<\/span><\/li>\n<li><span style=\"color: #000000;\">Lampe Nummer 1<\/span><\/li>\n<li><span style=\"color: #000000;\">Lampentyp E27<\/span><\/li>\n<li><span style=\"color: #000000;\">Ohne Gl\u00fchbirne<\/span><\/li>\n<li><span style=\"color: #000000;\">Leistung1 x 60 W<\/span><\/li>\n<li><span style=\"color: #000000;\">Spannung 230 V<\/span><\/li>\n<li><span style=\"color: #000000;\">Energielabel A ++ &#8211; E<\/span><\/li>\n<\/ul>\n<p><span style=\"color: #000000;\"><strong>GL\u00dcHBIRNEN NICHT INBEGRIFFEN!<\/strong><\/span><br \/>\n<span style=\"color: #000000;\"><strong>MINDESTVERKAUF VON 4 ST\u00dcCKEN AUS DER GANZEN SAMMLUNG.<\/strong><\/span><\/p>\n","protected":false},"excerpt":{"rendered":"<p>Lassen Sie sich nicht von Giadas Retro-Look t\u00e4uschen. Es wird seinen Platz in fast jedem Innenraum finden. Modern oder klassisch.<\/p>\n","protected":false},"featured_media":75563,"comment_status":"open","ping_status":"closed","template":"","meta":[],"product_brand":[],"product_cat":[10179],"product_tag":[],"class_list":{"0":"post-75562","1":"product","2":"type-product","3":"status-publish","4":"has-post-thumbnail","6":"product_cat-industrielle-beleuchtung","7":"pa_product-color-color-schwarz-de","8":"pa_product-color-color-matt-gold-de","9":"pa_product-color-color-messing-de","10":"pa_product-material-material-aluminium-de","11":"pa_product-material-stahl-material-de","12":"pa_product-usage-usage-innen-de","14":"first","15":"onbackorder","16":"taxable","17":"shipping-taxable","18":"purchasable","19":"product-type-simple"},"yoast_head":"<!-- This site is optimized with the Yoast SEO plugin v26.4 - https:\/\/yoast.com\/wordpress\/plugins\/seo\/ -->\n<title>Giada Pendelleuchte \u00d8 40 Cm Matt Gold\/Messing<\/title>\n<meta name=\"robots\" content=\"index, follow, max-snippet:-1, max-image-preview:large, max-video-preview:-1\" \/>\n<link rel=\"canonical\" href=\"https:\/\/intermob.be\/de\/produkt\/giada-pendelleuchte-40-cm-matt-gold-messing\/\" \/>\n<meta property=\"og:locale\" content=\"de_DE\" \/>\n<meta property=\"og:type\" content=\"article\" \/>\n<meta property=\"og:title\" content=\"Giada Pendelleuchte \u00d8 40 Cm Matt Gold\/Messing\" \/>\n<meta property=\"og:description\" content=\"Lassen Sie sich nicht von Giadas Retro-Look t\u00e4uschen. Es wird seinen Platz in fast jedem Innenraum finden. Modern oder klassisch.\" \/>\n<meta property=\"og:url\" content=\"https:\/\/intermob.be\/de\/produkt\/giada-pendelleuchte-40-cm-matt-gold-messing\/\" \/>\n<meta property=\"og:site_name\" content=\"Intermob Mobilier\" \/>\n<meta property=\"article:modified_time\" content=\"2024-06-06T14:45:45+00:00\" \/>\n<meta property=\"og:image\" content=\"https:\/\/intermob.be\/wp-content\/uploads\/2024\/03\/products-Giada-Hanglamp-O-40-Cm-Mat-Goud-Messing-5.jpg\" \/>\n\t<meta property=\"og:image:width\" content=\"800\" \/>\n\t<meta property=\"og:image:height\" content=\"800\" \/>\n\t<meta property=\"og:image:type\" content=\"image\/jpeg\" \/>\n<meta name=\"twitter:card\" content=\"summary_large_image\" \/>\n<meta name=\"twitter:label1\" content=\"Gesch\u00e4tzte Lesezeit\" \/>\n\t<meta name=\"twitter:data1\" content=\"1\u00a0Minute\" \/>\n<script type=\"application\/ld+json\" class=\"yoast-schema-graph\">{\"@context\":\"https:\/\/schema.org\",\"@graph\":[{\"@type\":\"WebPage\",\"@id\":\"https:\/\/intermob.be\/de\/produkt\/giada-pendelleuchte-40-cm-matt-gold-messing\/\",\"url\":\"https:\/\/intermob.be\/de\/produkt\/giada-pendelleuchte-40-cm-matt-gold-messing\/\",\"name\":\"Giada Pendelleuchte \u00d8 40 Cm Matt Gold\/Messing\",\"isPartOf\":{\"@id\":\"https:\/\/intermob.be\/de\/#website\"},\"primaryImageOfPage\":{\"@id\":\"https:\/\/intermob.be\/de\/produkt\/giada-pendelleuchte-40-cm-matt-gold-messing\/#primaryimage\"},\"image\":{\"@id\":\"https:\/\/intermob.be\/de\/produkt\/giada-pendelleuchte-40-cm-matt-gold-messing\/#primaryimage\"},\"thumbnailUrl\":\"https:\/\/intermob.be\/wp-content\/uploads\/2024\/03\/products-Giada-Hanglamp-O-40-Cm-Mat-Goud-Messing-5.jpg\",\"datePublished\":\"2020-02-24T13:33:16+00:00\",\"dateModified\":\"2024-06-06T14:45:45+00:00\",\"breadcrumb\":{\"@id\":\"https:\/\/intermob.be\/de\/produkt\/giada-pendelleuchte-40-cm-matt-gold-messing\/#breadcrumb\"},\"inLanguage\":\"de\",\"potentialAction\":[{\"@type\":\"ReadAction\",\"target\":[\"https:\/\/intermob.be\/de\/produkt\/giada-pendelleuchte-40-cm-matt-gold-messing\/\"]}]},{\"@type\":\"ImageObject\",\"inLanguage\":\"de\",\"@id\":\"https:\/\/intermob.be\/de\/produkt\/giada-pendelleuchte-40-cm-matt-gold-messing\/#primaryimage\",\"url\":\"https:\/\/intermob.be\/wp-content\/uploads\/2024\/03\/products-Giada-Hanglamp-O-40-Cm-Mat-Goud-Messing-5.jpg\",\"contentUrl\":\"https:\/\/intermob.be\/wp-content\/uploads\/2024\/03\/products-Giada-Hanglamp-O-40-Cm-Mat-Goud-Messing-5.jpg\",\"width\":800,\"height\":800,\"caption\":\"Giada Hanglamp \u00d8 40 Cm Mat Goud - Messing\"},{\"@type\":\"BreadcrumbList\",\"@id\":\"https:\/\/intermob.be\/de\/produkt\/giada-pendelleuchte-40-cm-matt-gold-messing\/#breadcrumb\",\"itemListElement\":[{\"@type\":\"ListItem\",\"position\":1,\"name\":\"Home\",\"item\":\"https:\/\/intermob.be\/de\/\"},{\"@type\":\"ListItem\",\"position\":2,\"name\":\"Shop\",\"item\":\"https:\/\/intermob.be\/de\/shop\/\"},{\"@type\":\"ListItem\",\"position\":3,\"name\":\"Giada - \u00d8 40 Cm - Or Mat\/Laiton\"}]},{\"@type\":\"WebSite\",\"@id\":\"https:\/\/intermob.be\/de\/#website\",\"url\":\"https:\/\/intermob.be\/de\/\",\"name\":\"Intermob\",\"description\":\"\",\"publisher\":{\"@id\":\"https:\/\/intermob.be\/de\/#organization\"},\"potentialAction\":[{\"@type\":\"SearchAction\",\"target\":{\"@type\":\"EntryPoint\",\"urlTemplate\":\"https:\/\/intermob.be\/de\/?s={search_term_string}\"},\"query-input\":{\"@type\":\"PropertyValueSpecification\",\"valueRequired\":true,\"valueName\":\"search_term_string\"}}],\"inLanguage\":\"de\"},{\"@type\":\"Organization\",\"@id\":\"https:\/\/intermob.be\/de\/#organization\",\"name\":\"Intermob Mobilier\",\"url\":\"https:\/\/intermob.be\/de\/\",\"logo\":{\"@type\":\"ImageObject\",\"inLanguage\":\"de\",\"@id\":\"https:\/\/intermob.be\/de\/#\/schema\/logo\/image\/\",\"url\":\"https:\/\/intermob.be\/wp-content\/uploads\/2025\/09\/intb-bold-logo.png\",\"contentUrl\":\"https:\/\/intermob.be\/wp-content\/uploads\/2025\/09\/intb-bold-logo.png\",\"width\":480,\"height\":158,\"caption\":\"Intermob Mobilier\"},\"image\":{\"@id\":\"https:\/\/intermob.be\/de\/#\/schema\/logo\/image\/\"}}]}<\/script>\n<!-- \/ Yoast SEO plugin. -->","yoast_head_json":{"title":"Giada Pendelleuchte \u00d8 40 Cm Matt Gold\/Messing","robots":{"index":"index","follow":"follow","max-snippet":"max-snippet:-1","max-image-preview":"max-image-preview:large","max-video-preview":"max-video-preview:-1"},"canonical":"https:\/\/intermob.be\/de\/produkt\/giada-pendelleuchte-40-cm-matt-gold-messing\/","og_locale":"de_DE","og_type":"article","og_title":"Giada Pendelleuchte \u00d8 40 Cm Matt Gold\/Messing","og_description":"Lassen Sie sich nicht von Giadas Retro-Look t\u00e4uschen. Es wird seinen Platz in fast jedem Innenraum finden. Modern oder klassisch.","og_url":"https:\/\/intermob.be\/de\/produkt\/giada-pendelleuchte-40-cm-matt-gold-messing\/","og_site_name":"Intermob Mobilier","article_modified_time":"2024-06-06T14:45:45+00:00","og_image":[{"width":800,"height":800,"url":"https:\/\/intermob.be\/wp-content\/uploads\/2024\/03\/products-Giada-Hanglamp-O-40-Cm-Mat-Goud-Messing-5.jpg","type":"image\/jpeg"}],"twitter_card":"summary_large_image","twitter_misc":{"Gesch\u00e4tzte Lesezeit":"1\u00a0Minute"},"schema":{"@context":"https:\/\/schema.org","@graph":[{"@type":"WebPage","@id":"https:\/\/intermob.be\/de\/produkt\/giada-pendelleuchte-40-cm-matt-gold-messing\/","url":"https:\/\/intermob.be\/de\/produkt\/giada-pendelleuchte-40-cm-matt-gold-messing\/","name":"Giada Pendelleuchte \u00d8 40 Cm Matt Gold\/Messing","isPartOf":{"@id":"https:\/\/intermob.be\/de\/#website"},"primaryImageOfPage":{"@id":"https:\/\/intermob.be\/de\/produkt\/giada-pendelleuchte-40-cm-matt-gold-messing\/#primaryimage"},"image":{"@id":"https:\/\/intermob.be\/de\/produkt\/giada-pendelleuchte-40-cm-matt-gold-messing\/#primaryimage"},"thumbnailUrl":"https:\/\/intermob.be\/wp-content\/uploads\/2024\/03\/products-Giada-Hanglamp-O-40-Cm-Mat-Goud-Messing-5.jpg","datePublished":"2020-02-24T13:33:16+00:00","dateModified":"2024-06-06T14:45:45+00:00","breadcrumb":{"@id":"https:\/\/intermob.be\/de\/produkt\/giada-pendelleuchte-40-cm-matt-gold-messing\/#breadcrumb"},"inLanguage":"de","potentialAction":[{"@type":"ReadAction","target":["https:\/\/intermob.be\/de\/produkt\/giada-pendelleuchte-40-cm-matt-gold-messing\/"]}]},{"@type":"ImageObject","inLanguage":"de","@id":"https:\/\/intermob.be\/de\/produkt\/giada-pendelleuchte-40-cm-matt-gold-messing\/#primaryimage","url":"https:\/\/intermob.be\/wp-content\/uploads\/2024\/03\/products-Giada-Hanglamp-O-40-Cm-Mat-Goud-Messing-5.jpg","contentUrl":"https:\/\/intermob.be\/wp-content\/uploads\/2024\/03\/products-Giada-Hanglamp-O-40-Cm-Mat-Goud-Messing-5.jpg","width":800,"height":800,"caption":"Giada Hanglamp \u00d8 40 Cm Mat Goud - Messing"},{"@type":"BreadcrumbList","@id":"https:\/\/intermob.be\/de\/produkt\/giada-pendelleuchte-40-cm-matt-gold-messing\/#breadcrumb","itemListElement":[{"@type":"ListItem","position":1,"name":"Home","item":"https:\/\/intermob.be\/de\/"},{"@type":"ListItem","position":2,"name":"Shop","item":"https:\/\/intermob.be\/de\/shop\/"},{"@type":"ListItem","position":3,"name":"Giada - \u00d8 40 Cm - Or Mat\/Laiton"}]},{"@type":"WebSite","@id":"https:\/\/intermob.be\/de\/#website","url":"https:\/\/intermob.be\/de\/","name":"Intermob","description":"","publisher":{"@id":"https:\/\/intermob.be\/de\/#organization"},"potentialAction":[{"@type":"SearchAction","target":{"@type":"EntryPoint","urlTemplate":"https:\/\/intermob.be\/de\/?s={search_term_string}"},"query-input":{"@type":"PropertyValueSpecification","valueRequired":true,"valueName":"search_term_string"}}],"inLanguage":"de"},{"@type":"Organization","@id":"https:\/\/intermob.be\/de\/#organization","name":"Intermob Mobilier","url":"https:\/\/intermob.be\/de\/","logo":{"@type":"ImageObject","inLanguage":"de","@id":"https:\/\/intermob.be\/de\/#\/schema\/logo\/image\/","url":"https:\/\/intermob.be\/wp-content\/uploads\/2025\/09\/intb-bold-logo.png","contentUrl":"https:\/\/intermob.be\/wp-content\/uploads\/2025\/09\/intb-bold-logo.png","width":480,"height":158,"caption":"Intermob Mobilier"},"image":{"@id":"https:\/\/intermob.be\/de\/#\/schema\/logo\/image\/"}}]}},"_links":{"self":[{"href":"https:\/\/intermob.be\/de\/wp-json\/wp\/v2\/product\/75562","targetHints":{"allow":["GET"]}}],"collection":[{"href":"https:\/\/intermob.be\/de\/wp-json\/wp\/v2\/product"}],"about":[{"href":"https:\/\/intermob.be\/de\/wp-json\/wp\/v2\/types\/product"}],"replies":[{"embeddable":true,"href":"https:\/\/intermob.be\/de\/wp-json\/wp\/v2\/comments?post=75562"}],"version-history":[{"count":0,"href":"https:\/\/intermob.be\/de\/wp-json\/wp\/v2\/product\/75562\/revisions"}],"wp:featuredmedia":[{"embeddable":true,"href":"https:\/\/intermob.be\/de\/wp-json\/wp\/v2\/media\/75563"}],"wp:attachment":[{"href":"https:\/\/intermob.be\/de\/wp-json\/wp\/v2\/media?parent=75562"}],"wp:term":[{"taxonomy":"product_brand","embeddable":true,"href":"https:\/\/intermob.be\/de\/wp-json\/wp\/v2\/product_brand?post=75562"},{"taxonomy":"product_cat","embeddable":true,"href":"https:\/\/intermob.be\/de\/wp-json\/wp\/v2\/product_cat?post=75562"},{"taxonomy":"product_tag","embeddable":true,"href":"https:\/\/intermob.be\/de\/wp-json\/wp\/v2\/product_tag?post=75562"}],"curies":[{"name":"wp","href":"https:\/\/api.w.org\/{rel}","templated":true}]}}