{"id":76526,"date":"2020-06-26T19:45:55","date_gmt":"2020-06-26T19:45:55","guid":{"rendered":"https:\/\/intermob.be\/?post_type=product&#038;p=76526"},"modified":"2024-06-24T12:58:45","modified_gmt":"2024-06-24T12:58:45","slug":"horeca-tisch-kompakt-reddenwood-69-120-cm-mit-basis","status":"publish","type":"product","link":"https:\/\/intermob.be\/de\/produkt\/horeca-tisch-kompakt-reddenwood-69-120-cm-mit-basis\/","title":{"rendered":"Tisch - Kompakt Reddenwood - 69x120 Cm"},"content":{"rendered":"<p><span style=\"color: #000000\">Vorgebohrte L\u00f6cher in Kompaktlaminat-Tischplatten passen zu einem bestimmten Tischgestelltyp.<\/span><br \/>\n<span style=\"color: #000000\">Sollte dieser nicht zum gekauften Tischgestell passen, m\u00fcssen Sie mit dem mitgelieferten Bohrer selbst neue L\u00f6cher bohren. Die passenden Schrauben sind ebenfalls im Lieferumfang enthalten. Vergessen Sie nicht, die Plastikfolie von der Tischplatte zu entfernen.<\/span><\/p>\n<p><i class=\"fas fa-check-circle description-icon-green\" aria-hidden=\"true\"><\/i><span style=\"color: #ff6600\"> Die Tische sind unmontiert<\/span><br \/>\n<i class=\"fas fa-check-circle description-icon-green\" aria-hidden=\"true\"><\/i><span style=\"color: #339966\"> Die Tischplatten sind nicht vorgebohrt<\/span><br \/>\n<i class=\"fas fa-check-circle description-icon-green\" aria-hidden=\"true\"><\/i><span style=\"color: #ff6600\"> 1 Bohrspitze und Tiefeneinstellung + Schrauben sind im Produkt enthalten<\/span><br \/>\n<i class=\"fas fa-check-circle description-icon-green\" aria-hidden=\"true\"><\/i><span style=\"color: #339966\"> Das zur Montage ben\u00f6tigte Material ist im Karton enthalten<\/span><\/p>\n","protected":false},"excerpt":{"rendered":"<p>Vorgebohrte L\u00f6cher in Kompaktlaminat-Tischplatten passen zu einem bestimmten Tischgestelltyp. Sollte dieser nicht zum gekauften Tischgestell passen, m\u00fcssen Sie mit dem<\/p>\n","protected":false},"featured_media":76527,"comment_status":"open","ping_status":"closed","template":"","meta":[],"product_brand":[],"product_cat":[10039],"product_tag":[17391,17393,17395],"class_list":{"0":"post-76526","1":"product","2":"type-product","3":"status-publish","4":"has-post-thumbnail","6":"product_cat-cl-reddenwood-tisch-sortiment","7":"product_tag-meubles-de-restaurant","8":"product_tag-restaurant-furniture","9":"product_tag-restaurant-moebel","10":"pa_product-frame-color-schwarz-frame-color-de","11":"pa_product-more-colors-ja-de","12":"pa_product-more-dimensions-ja-de","13":"pa_product-seats-4-seats-de","14":"pa_product-tabletop-color-mehrfarbig-tabletop-color-de","15":"pa_product-tabletop-color-rot-tabletop-de","16":"pa_product-usage-usage-innen-de","17":"pa_table-height-cm-7320-cm-de","19":"first","20":"instock","21":"sale","22":"taxable","23":"shipping-taxable","24":"purchasable","25":"product-type-simple"},"yoast_head":"<!-- This site is optimized with the Yoast SEO plugin v26.4 - https:\/\/yoast.com\/wordpress\/plugins\/seo\/ -->\n<title>Horeca Tisch - Kompakt Reddenwood - 69x120 Cm Mit Basis<\/title>\n<meta name=\"description\" content=\"Entdecken Sie unseren compact laminate reddenwood Tisch 69x120 cm aus HPL auf Gusseisenbasis. Erh\u00e4ltlich in verschiedenen Farben, Formen und Gr\u00f6\u00dfen.\" \/>\n<meta name=\"robots\" content=\"index, follow, max-snippet:-1, max-image-preview:large, max-video-preview:-1\" \/>\n<link rel=\"canonical\" href=\"https:\/\/intermob.be\/de\/produkt\/horeca-tisch-kompakt-reddenwood-69-120-cm-mit-basis\/\" \/>\n<meta property=\"og:locale\" content=\"de_DE\" \/>\n<meta property=\"og:type\" content=\"article\" \/>\n<meta property=\"og:title\" content=\"Horeca Tisch - Kompakt Reddenwood - 69x120 Cm Mit Basis\" \/>\n<meta property=\"og:description\" content=\"Entdecken Sie unseren compact laminate reddenwood Tisch 69x120 cm aus HPL auf Gusseisenbasis. Erh\u00e4ltlich in verschiedenen Farben, Formen und Gr\u00f6\u00dfen.\" \/>\n<meta property=\"og:url\" content=\"https:\/\/intermob.be\/de\/produkt\/horeca-tisch-kompakt-reddenwood-69-120-cm-mit-basis\/\" \/>\n<meta property=\"og:site_name\" content=\"Intermob Mobilier\" \/>\n<meta property=\"article:modified_time\" content=\"2024-06-24T12:58:45+00:00\" \/>\n<meta property=\"og:image\" content=\"https:\/\/intermob.be\/wp-content\/uploads\/2024\/03\/products-Horeca-Tafel-Compact-Reddenwood-69x120-Cm-Met-Onderstel-12mm-NL-FR-2.jpg\" \/>\n\t<meta property=\"og:image:width\" content=\"1000\" \/>\n\t<meta property=\"og:image:height\" content=\"1000\" \/>\n\t<meta property=\"og:image:type\" content=\"image\/jpeg\" \/>\n<meta name=\"twitter:card\" content=\"summary_large_image\" \/>\n<meta name=\"twitter:label1\" content=\"Gesch\u00e4tzte Lesezeit\" \/>\n\t<meta name=\"twitter:data1\" content=\"1\u00a0Minute\" \/>\n<script type=\"application\/ld+json\" class=\"yoast-schema-graph\">{\"@context\":\"https:\/\/schema.org\",\"@graph\":[{\"@type\":\"WebPage\",\"@id\":\"https:\/\/intermob.be\/de\/produkt\/horeca-tisch-kompakt-reddenwood-69-120-cm-mit-basis\/\",\"url\":\"https:\/\/intermob.be\/de\/produkt\/horeca-tisch-kompakt-reddenwood-69-120-cm-mit-basis\/\",\"name\":\"Horeca Tisch - Kompakt Reddenwood - 69x120 Cm Mit Basis\",\"isPartOf\":{\"@id\":\"https:\/\/intermob.be\/de\/#website\"},\"primaryImageOfPage\":{\"@id\":\"https:\/\/intermob.be\/de\/produkt\/horeca-tisch-kompakt-reddenwood-69-120-cm-mit-basis\/#primaryimage\"},\"image\":{\"@id\":\"https:\/\/intermob.be\/de\/produkt\/horeca-tisch-kompakt-reddenwood-69-120-cm-mit-basis\/#primaryimage\"},\"thumbnailUrl\":\"https:\/\/intermob.be\/wp-content\/uploads\/2024\/03\/products-Horeca-Tafel-Compact-Reddenwood-69x120-Cm-Met-Onderstel-12mm-NL-FR-2.jpg\",\"datePublished\":\"2020-06-26T19:45:55+00:00\",\"dateModified\":\"2024-06-24T12:58:45+00:00\",\"description\":\"Entdecken Sie unseren compact laminate reddenwood Tisch 69x120 cm aus HPL auf Gusseisenbasis. Erh\u00e4ltlich in verschiedenen Farben, Formen und Gr\u00f6\u00dfen.\",\"breadcrumb\":{\"@id\":\"https:\/\/intermob.be\/de\/produkt\/horeca-tisch-kompakt-reddenwood-69-120-cm-mit-basis\/#breadcrumb\"},\"inLanguage\":\"de\",\"potentialAction\":[{\"@type\":\"ReadAction\",\"target\":[\"https:\/\/intermob.be\/de\/produkt\/horeca-tisch-kompakt-reddenwood-69-120-cm-mit-basis\/\"]}]},{\"@type\":\"ImageObject\",\"inLanguage\":\"de\",\"@id\":\"https:\/\/intermob.be\/de\/produkt\/horeca-tisch-kompakt-reddenwood-69-120-cm-mit-basis\/#primaryimage\",\"url\":\"https:\/\/intermob.be\/wp-content\/uploads\/2024\/03\/products-Horeca-Tafel-Compact-Reddenwood-69x120-Cm-Met-Onderstel-12mm-NL-FR-2.jpg\",\"contentUrl\":\"https:\/\/intermob.be\/wp-content\/uploads\/2024\/03\/products-Horeca-Tafel-Compact-Reddenwood-69x120-Cm-Met-Onderstel-12mm-NL-FR-2.jpg\",\"width\":1000,\"height\":1000,\"caption\":\"Horeca-Tafel-Compact-Reddenwood-69x120-Cm-Met-Onderstel-12mm-NL-FR\"},{\"@type\":\"BreadcrumbList\",\"@id\":\"https:\/\/intermob.be\/de\/produkt\/horeca-tisch-kompakt-reddenwood-69-120-cm-mit-basis\/#breadcrumb\",\"itemListElement\":[{\"@type\":\"ListItem\",\"position\":1,\"name\":\"Home\",\"item\":\"https:\/\/intermob.be\/de\/\"},{\"@type\":\"ListItem\",\"position\":2,\"name\":\"Shop\",\"item\":\"https:\/\/intermob.be\/de\/shop\/\"},{\"@type\":\"ListItem\",\"position\":3,\"name\":\"Table - Compact Reddenwood - 69x120 Cm\"}]},{\"@type\":\"WebSite\",\"@id\":\"https:\/\/intermob.be\/de\/#website\",\"url\":\"https:\/\/intermob.be\/de\/\",\"name\":\"Intermob\",\"description\":\"\",\"publisher\":{\"@id\":\"https:\/\/intermob.be\/de\/#organization\"},\"potentialAction\":[{\"@type\":\"SearchAction\",\"target\":{\"@type\":\"EntryPoint\",\"urlTemplate\":\"https:\/\/intermob.be\/de\/?s={search_term_string}\"},\"query-input\":{\"@type\":\"PropertyValueSpecification\",\"valueRequired\":true,\"valueName\":\"search_term_string\"}}],\"inLanguage\":\"de\"},{\"@type\":\"Organization\",\"@id\":\"https:\/\/intermob.be\/de\/#organization\",\"name\":\"Intermob Mobilier\",\"url\":\"https:\/\/intermob.be\/de\/\",\"logo\":{\"@type\":\"ImageObject\",\"inLanguage\":\"de\",\"@id\":\"https:\/\/intermob.be\/de\/#\/schema\/logo\/image\/\",\"url\":\"https:\/\/intermob.be\/wp-content\/uploads\/2025\/09\/intb-bold-logo.png\",\"contentUrl\":\"https:\/\/intermob.be\/wp-content\/uploads\/2025\/09\/intb-bold-logo.png\",\"width\":480,\"height\":158,\"caption\":\"Intermob Mobilier\"},\"image\":{\"@id\":\"https:\/\/intermob.be\/de\/#\/schema\/logo\/image\/\"}}]}<\/script>\n<!-- \/ Yoast SEO plugin. -->","yoast_head_json":{"title":"Horeca Tisch - Kompakt Reddenwood - 69x120 Cm Mit Basis","description":"Entdecken Sie unseren compact laminate reddenwood Tisch 69x120 cm aus HPL auf Gusseisenbasis. Erh\u00e4ltlich in verschiedenen Farben, Formen und Gr\u00f6\u00dfen.","robots":{"index":"index","follow":"follow","max-snippet":"max-snippet:-1","max-image-preview":"max-image-preview:large","max-video-preview":"max-video-preview:-1"},"canonical":"https:\/\/intermob.be\/de\/produkt\/horeca-tisch-kompakt-reddenwood-69-120-cm-mit-basis\/","og_locale":"de_DE","og_type":"article","og_title":"Horeca Tisch - Kompakt Reddenwood - 69x120 Cm Mit Basis","og_description":"Entdecken Sie unseren compact laminate reddenwood Tisch 69x120 cm aus HPL auf Gusseisenbasis. Erh\u00e4ltlich in verschiedenen Farben, Formen und Gr\u00f6\u00dfen.","og_url":"https:\/\/intermob.be\/de\/produkt\/horeca-tisch-kompakt-reddenwood-69-120-cm-mit-basis\/","og_site_name":"Intermob Mobilier","article_modified_time":"2024-06-24T12:58:45+00:00","og_image":[{"width":1000,"height":1000,"url":"https:\/\/intermob.be\/wp-content\/uploads\/2024\/03\/products-Horeca-Tafel-Compact-Reddenwood-69x120-Cm-Met-Onderstel-12mm-NL-FR-2.jpg","type":"image\/jpeg"}],"twitter_card":"summary_large_image","twitter_misc":{"Gesch\u00e4tzte Lesezeit":"1\u00a0Minute"},"schema":{"@context":"https:\/\/schema.org","@graph":[{"@type":"WebPage","@id":"https:\/\/intermob.be\/de\/produkt\/horeca-tisch-kompakt-reddenwood-69-120-cm-mit-basis\/","url":"https:\/\/intermob.be\/de\/produkt\/horeca-tisch-kompakt-reddenwood-69-120-cm-mit-basis\/","name":"Horeca Tisch - Kompakt Reddenwood - 69x120 Cm Mit Basis","isPartOf":{"@id":"https:\/\/intermob.be\/de\/#website"},"primaryImageOfPage":{"@id":"https:\/\/intermob.be\/de\/produkt\/horeca-tisch-kompakt-reddenwood-69-120-cm-mit-basis\/#primaryimage"},"image":{"@id":"https:\/\/intermob.be\/de\/produkt\/horeca-tisch-kompakt-reddenwood-69-120-cm-mit-basis\/#primaryimage"},"thumbnailUrl":"https:\/\/intermob.be\/wp-content\/uploads\/2024\/03\/products-Horeca-Tafel-Compact-Reddenwood-69x120-Cm-Met-Onderstel-12mm-NL-FR-2.jpg","datePublished":"2020-06-26T19:45:55+00:00","dateModified":"2024-06-24T12:58:45+00:00","description":"Entdecken Sie unseren compact laminate reddenwood Tisch 69x120 cm aus HPL auf Gusseisenbasis. Erh\u00e4ltlich in verschiedenen Farben, Formen und Gr\u00f6\u00dfen.","breadcrumb":{"@id":"https:\/\/intermob.be\/de\/produkt\/horeca-tisch-kompakt-reddenwood-69-120-cm-mit-basis\/#breadcrumb"},"inLanguage":"de","potentialAction":[{"@type":"ReadAction","target":["https:\/\/intermob.be\/de\/produkt\/horeca-tisch-kompakt-reddenwood-69-120-cm-mit-basis\/"]}]},{"@type":"ImageObject","inLanguage":"de","@id":"https:\/\/intermob.be\/de\/produkt\/horeca-tisch-kompakt-reddenwood-69-120-cm-mit-basis\/#primaryimage","url":"https:\/\/intermob.be\/wp-content\/uploads\/2024\/03\/products-Horeca-Tafel-Compact-Reddenwood-69x120-Cm-Met-Onderstel-12mm-NL-FR-2.jpg","contentUrl":"https:\/\/intermob.be\/wp-content\/uploads\/2024\/03\/products-Horeca-Tafel-Compact-Reddenwood-69x120-Cm-Met-Onderstel-12mm-NL-FR-2.jpg","width":1000,"height":1000,"caption":"Horeca-Tafel-Compact-Reddenwood-69x120-Cm-Met-Onderstel-12mm-NL-FR"},{"@type":"BreadcrumbList","@id":"https:\/\/intermob.be\/de\/produkt\/horeca-tisch-kompakt-reddenwood-69-120-cm-mit-basis\/#breadcrumb","itemListElement":[{"@type":"ListItem","position":1,"name":"Home","item":"https:\/\/intermob.be\/de\/"},{"@type":"ListItem","position":2,"name":"Shop","item":"https:\/\/intermob.be\/de\/shop\/"},{"@type":"ListItem","position":3,"name":"Table - Compact Reddenwood - 69x120 Cm"}]},{"@type":"WebSite","@id":"https:\/\/intermob.be\/de\/#website","url":"https:\/\/intermob.be\/de\/","name":"Intermob","description":"","publisher":{"@id":"https:\/\/intermob.be\/de\/#organization"},"potentialAction":[{"@type":"SearchAction","target":{"@type":"EntryPoint","urlTemplate":"https:\/\/intermob.be\/de\/?s={search_term_string}"},"query-input":{"@type":"PropertyValueSpecification","valueRequired":true,"valueName":"search_term_string"}}],"inLanguage":"de"},{"@type":"Organization","@id":"https:\/\/intermob.be\/de\/#organization","name":"Intermob Mobilier","url":"https:\/\/intermob.be\/de\/","logo":{"@type":"ImageObject","inLanguage":"de","@id":"https:\/\/intermob.be\/de\/#\/schema\/logo\/image\/","url":"https:\/\/intermob.be\/wp-content\/uploads\/2025\/09\/intb-bold-logo.png","contentUrl":"https:\/\/intermob.be\/wp-content\/uploads\/2025\/09\/intb-bold-logo.png","width":480,"height":158,"caption":"Intermob Mobilier"},"image":{"@id":"https:\/\/intermob.be\/de\/#\/schema\/logo\/image\/"}}]}},"_links":{"self":[{"href":"https:\/\/intermob.be\/de\/wp-json\/wp\/v2\/product\/76526","targetHints":{"allow":["GET"]}}],"collection":[{"href":"https:\/\/intermob.be\/de\/wp-json\/wp\/v2\/product"}],"about":[{"href":"https:\/\/intermob.be\/de\/wp-json\/wp\/v2\/types\/product"}],"replies":[{"embeddable":true,"href":"https:\/\/intermob.be\/de\/wp-json\/wp\/v2\/comments?post=76526"}],"version-history":[{"count":0,"href":"https:\/\/intermob.be\/de\/wp-json\/wp\/v2\/product\/76526\/revisions"}],"wp:featuredmedia":[{"embeddable":true,"href":"https:\/\/intermob.be\/de\/wp-json\/wp\/v2\/media\/76527"}],"wp:attachment":[{"href":"https:\/\/intermob.be\/de\/wp-json\/wp\/v2\/media?parent=76526"}],"wp:term":[{"taxonomy":"product_brand","embeddable":true,"href":"https:\/\/intermob.be\/de\/wp-json\/wp\/v2\/product_brand?post=76526"},{"taxonomy":"product_cat","embeddable":true,"href":"https:\/\/intermob.be\/de\/wp-json\/wp\/v2\/product_cat?post=76526"},{"taxonomy":"product_tag","embeddable":true,"href":"https:\/\/intermob.be\/de\/wp-json\/wp\/v2\/product_tag?post=76526"}],"curies":[{"name":"wp","href":"https:\/\/api.w.org\/{rel}","templated":true}]}}