{"id":77320,"date":"2020-08-02T22:29:55","date_gmt":"2020-08-02T22:29:55","guid":{"rendered":"https:\/\/intermob.be\/?post_type=product&#038;p=77320"},"modified":"2025-06-26T06:31:12","modified_gmt":"2025-06-26T06:31:12","slug":"horeca-stuhl-melisa","status":"publish","type":"product","link":"https:\/\/intermob.be\/de\/produkt\/horeca-stuhl-melisa\/","title":{"rendered":"Stuhl - Melisa - Kunstleder"},"content":{"rendered":"<p><span style=\"color: #000000;\">Bringen Sie eine moderne Note und zeitlose Eleganz in Ihr Interieur mit diesem Kunstlederstuhl in stilvollem Schwarz und Taupe. Der robuste Wenge-Buchenrahmen bietet nicht nur Langlebigkeit, sondern verleiht auch eine raffinierte Optik, die perfekt zu hochwertigen Gastronomiebetrieben passt. Der bequeme Sitz aus hochwertigem Kunstleder ist pflegeleicht und f\u00fcr den intensiven Gebrauch geeignet, ideal f\u00fcr Restaurants, Caf\u00e9s und Bars, die sowohl Stil als auch Funktionalit\u00e4t sch\u00e4tzen. Bieten Sie Ihren G\u00e4sten ein luxuri\u00f6ses Sitzerlebnis und verbessern Sie die Ausstrahlung Ihres Lokals mit diesem durchdachten Design, das zum l\u00e4ngeren Verweilen einl\u00e4dt.<\/span><\/p>\n<p><span style=\"color: #000000;\"><strong>Zus\u00e4tzliche Information:<\/strong><\/span><\/p>\n<ul>\n<li><span style=\"color: #000000;\">Lieferung mit einem Standard-Kunststoffgleitnagel<\/span><\/li>\n<li><span style=\"color: #000000;\">Kommt gebrauchsfertig<\/span><\/li>\n<li><span style=\"color: #000000;\">Garantiertes europ\u00e4isches Produkt<\/span><\/li>\n<li><span style=\"color: #000000;\">1 Jahr Garantie<\/span><\/li>\n<\/ul>\n","protected":false},"excerpt":{"rendered":"<p>Bringen Sie eine moderne Note und zeitlose Eleganz in Ihr Interieur mit diesem Kunstlederstuhl in stilvollem Schwarz und Taupe. Der<\/p>\n","protected":false},"featured_media":126708,"comment_status":"open","ping_status":"closed","template":"","meta":[],"product_brand":[],"product_cat":[10047],"product_tag":[],"class_list":{"0":"post-77320","1":"product","2":"type-product","3":"status-publish","4":"has-post-thumbnail","6":"product_cat-klassische-stuhle","7":"pa_armrest-armrest-nein-de","8":"pa_frame-nicht-stapelbar-frame-de","9":"pa_product-color-color-schwarz-de","10":"pa_product-color-color-braun-de","11":"pa_product-color-color-taupe-de","12":"pa_product-frame-color-wenge-frame-color-de","13":"pa_product-material-buche-rahmen-material-de","14":"pa_product-more-colors-ja-de","15":"pa_product-seat-cm-43x44-seat-cm-de","16":"pa_product-seat-height-cm-49-seat-height-cm-de","17":"pa_product-seats-1-seats-de","18":"pa_product-upholstery-upholstery-kunstleder-de","19":"pa_product-usage-usage-innen-de","21":"first","22":"instock","23":"sale","24":"taxable","25":"shipping-taxable","26":"purchasable","27":"product-type-variable","28":"hc-var-color"},"yoast_head":"<!-- This site is optimized with the Yoast SEO plugin v26.4 - https:\/\/yoast.com\/wordpress\/plugins\/seo\/ -->\n<title>Horeca Stuhl - Melisa - Kunstleder<\/title>\n<meta name=\"robots\" content=\"index, follow, max-snippet:-1, max-image-preview:large, max-video-preview:-1\" \/>\n<link rel=\"canonical\" href=\"https:\/\/intermob.be\/de\/produkt\/horeca-stuhl-melisa\/\" \/>\n<meta property=\"og:locale\" content=\"de_DE\" \/>\n<meta property=\"og:type\" content=\"article\" \/>\n<meta property=\"og:title\" content=\"Horeca Stuhl - Melisa - Kunstleder\" \/>\n<meta property=\"og:description\" content=\"Bringen Sie eine moderne Note und zeitlose Eleganz in Ihr Interieur mit diesem Kunstlederstuhl in stilvollem Schwarz und Taupe. Der\" \/>\n<meta property=\"og:url\" content=\"https:\/\/intermob.be\/de\/produkt\/horeca-stuhl-melisa\/\" \/>\n<meta property=\"og:site_name\" content=\"Intermob Mobilier\" \/>\n<meta property=\"article:modified_time\" content=\"2025-06-26T06:31:12+00:00\" \/>\n<meta property=\"og:image\" content=\"https:\/\/intermob.be\/wp-content\/uploads\/2020\/08\/Horeca-Stoel-Melisa-Kunstleer-Zwart.jpg\" \/>\n\t<meta property=\"og:image:width\" content=\"1500\" \/>\n\t<meta property=\"og:image:height\" content=\"1500\" \/>\n\t<meta property=\"og:image:type\" content=\"image\/jpeg\" \/>\n<meta name=\"twitter:card\" content=\"summary_large_image\" \/>\n<meta name=\"twitter:label1\" content=\"Gesch\u00e4tzte Lesezeit\" \/>\n\t<meta name=\"twitter:data1\" content=\"1\u00a0Minute\" \/>\n<script type=\"application\/ld+json\" class=\"yoast-schema-graph\">{\"@context\":\"https:\/\/schema.org\",\"@graph\":[{\"@type\":\"WebPage\",\"@id\":\"https:\/\/intermob.be\/de\/produkt\/horeca-stuhl-melisa\/\",\"url\":\"https:\/\/intermob.be\/de\/produkt\/horeca-stuhl-melisa\/\",\"name\":\"Horeca Stuhl - Melisa - Kunstleder\",\"isPartOf\":{\"@id\":\"https:\/\/intermob.be\/de\/#website\"},\"primaryImageOfPage\":{\"@id\":\"https:\/\/intermob.be\/de\/produkt\/horeca-stuhl-melisa\/#primaryimage\"},\"image\":{\"@id\":\"https:\/\/intermob.be\/de\/produkt\/horeca-stuhl-melisa\/#primaryimage\"},\"thumbnailUrl\":\"https:\/\/intermob.be\/wp-content\/uploads\/2020\/08\/Horeca-Stoel-Melisa-Kunstleer-Zwart.jpg\",\"datePublished\":\"2020-08-02T22:29:55+00:00\",\"dateModified\":\"2025-06-26T06:31:12+00:00\",\"breadcrumb\":{\"@id\":\"https:\/\/intermob.be\/de\/produkt\/horeca-stuhl-melisa\/#breadcrumb\"},\"inLanguage\":\"de\",\"potentialAction\":[{\"@type\":\"ReadAction\",\"target\":[\"https:\/\/intermob.be\/de\/produkt\/horeca-stuhl-melisa\/\"]}]},{\"@type\":\"ImageObject\",\"inLanguage\":\"de\",\"@id\":\"https:\/\/intermob.be\/de\/produkt\/horeca-stuhl-melisa\/#primaryimage\",\"url\":\"https:\/\/intermob.be\/wp-content\/uploads\/2020\/08\/Horeca-Stoel-Melisa-Kunstleer-Zwart.jpg\",\"contentUrl\":\"https:\/\/intermob.be\/wp-content\/uploads\/2020\/08\/Horeca-Stoel-Melisa-Kunstleer-Zwart.jpg\",\"width\":1500,\"height\":1500,\"caption\":\"Horeca-Stoel-Melisa-Kunstleer-Zwart\"},{\"@type\":\"BreadcrumbList\",\"@id\":\"https:\/\/intermob.be\/de\/produkt\/horeca-stuhl-melisa\/#breadcrumb\",\"itemListElement\":[{\"@type\":\"ListItem\",\"position\":1,\"name\":\"Home\",\"item\":\"https:\/\/intermob.be\/de\/\"},{\"@type\":\"ListItem\",\"position\":2,\"name\":\"Shop\",\"item\":\"https:\/\/intermob.be\/de\/shop\/\"},{\"@type\":\"ListItem\",\"position\":3,\"name\":\"Chaise - Melisa - Simili Cuir\"}]},{\"@type\":\"WebSite\",\"@id\":\"https:\/\/intermob.be\/de\/#website\",\"url\":\"https:\/\/intermob.be\/de\/\",\"name\":\"Intermob\",\"description\":\"\",\"publisher\":{\"@id\":\"https:\/\/intermob.be\/de\/#organization\"},\"potentialAction\":[{\"@type\":\"SearchAction\",\"target\":{\"@type\":\"EntryPoint\",\"urlTemplate\":\"https:\/\/intermob.be\/de\/?s={search_term_string}\"},\"query-input\":{\"@type\":\"PropertyValueSpecification\",\"valueRequired\":true,\"valueName\":\"search_term_string\"}}],\"inLanguage\":\"de\"},{\"@type\":\"Organization\",\"@id\":\"https:\/\/intermob.be\/de\/#organization\",\"name\":\"Intermob Mobilier\",\"url\":\"https:\/\/intermob.be\/de\/\",\"logo\":{\"@type\":\"ImageObject\",\"inLanguage\":\"de\",\"@id\":\"https:\/\/intermob.be\/de\/#\/schema\/logo\/image\/\",\"url\":\"https:\/\/intermob.be\/wp-content\/uploads\/2025\/09\/intb-bold-logo.png\",\"contentUrl\":\"https:\/\/intermob.be\/wp-content\/uploads\/2025\/09\/intb-bold-logo.png\",\"width\":480,\"height\":158,\"caption\":\"Intermob Mobilier\"},\"image\":{\"@id\":\"https:\/\/intermob.be\/de\/#\/schema\/logo\/image\/\"}}]}<\/script>\n<!-- \/ Yoast SEO plugin. -->","yoast_head_json":{"title":"Horeca Stuhl - Melisa - Kunstleder","robots":{"index":"index","follow":"follow","max-snippet":"max-snippet:-1","max-image-preview":"max-image-preview:large","max-video-preview":"max-video-preview:-1"},"canonical":"https:\/\/intermob.be\/de\/produkt\/horeca-stuhl-melisa\/","og_locale":"de_DE","og_type":"article","og_title":"Horeca Stuhl - Melisa - Kunstleder","og_description":"Bringen Sie eine moderne Note und zeitlose Eleganz in Ihr Interieur mit diesem Kunstlederstuhl in stilvollem Schwarz und Taupe. Der","og_url":"https:\/\/intermob.be\/de\/produkt\/horeca-stuhl-melisa\/","og_site_name":"Intermob Mobilier","article_modified_time":"2025-06-26T06:31:12+00:00","og_image":[{"width":1500,"height":1500,"url":"https:\/\/intermob.be\/wp-content\/uploads\/2020\/08\/Horeca-Stoel-Melisa-Kunstleer-Zwart.jpg","type":"image\/jpeg"}],"twitter_card":"summary_large_image","twitter_misc":{"Gesch\u00e4tzte Lesezeit":"1\u00a0Minute"},"schema":{"@context":"https:\/\/schema.org","@graph":[{"@type":"WebPage","@id":"https:\/\/intermob.be\/de\/produkt\/horeca-stuhl-melisa\/","url":"https:\/\/intermob.be\/de\/produkt\/horeca-stuhl-melisa\/","name":"Horeca Stuhl - Melisa - Kunstleder","isPartOf":{"@id":"https:\/\/intermob.be\/de\/#website"},"primaryImageOfPage":{"@id":"https:\/\/intermob.be\/de\/produkt\/horeca-stuhl-melisa\/#primaryimage"},"image":{"@id":"https:\/\/intermob.be\/de\/produkt\/horeca-stuhl-melisa\/#primaryimage"},"thumbnailUrl":"https:\/\/intermob.be\/wp-content\/uploads\/2020\/08\/Horeca-Stoel-Melisa-Kunstleer-Zwart.jpg","datePublished":"2020-08-02T22:29:55+00:00","dateModified":"2025-06-26T06:31:12+00:00","breadcrumb":{"@id":"https:\/\/intermob.be\/de\/produkt\/horeca-stuhl-melisa\/#breadcrumb"},"inLanguage":"de","potentialAction":[{"@type":"ReadAction","target":["https:\/\/intermob.be\/de\/produkt\/horeca-stuhl-melisa\/"]}]},{"@type":"ImageObject","inLanguage":"de","@id":"https:\/\/intermob.be\/de\/produkt\/horeca-stuhl-melisa\/#primaryimage","url":"https:\/\/intermob.be\/wp-content\/uploads\/2020\/08\/Horeca-Stoel-Melisa-Kunstleer-Zwart.jpg","contentUrl":"https:\/\/intermob.be\/wp-content\/uploads\/2020\/08\/Horeca-Stoel-Melisa-Kunstleer-Zwart.jpg","width":1500,"height":1500,"caption":"Horeca-Stoel-Melisa-Kunstleer-Zwart"},{"@type":"BreadcrumbList","@id":"https:\/\/intermob.be\/de\/produkt\/horeca-stuhl-melisa\/#breadcrumb","itemListElement":[{"@type":"ListItem","position":1,"name":"Home","item":"https:\/\/intermob.be\/de\/"},{"@type":"ListItem","position":2,"name":"Shop","item":"https:\/\/intermob.be\/de\/shop\/"},{"@type":"ListItem","position":3,"name":"Chaise - Melisa - Simili Cuir"}]},{"@type":"WebSite","@id":"https:\/\/intermob.be\/de\/#website","url":"https:\/\/intermob.be\/de\/","name":"Intermob","description":"","publisher":{"@id":"https:\/\/intermob.be\/de\/#organization"},"potentialAction":[{"@type":"SearchAction","target":{"@type":"EntryPoint","urlTemplate":"https:\/\/intermob.be\/de\/?s={search_term_string}"},"query-input":{"@type":"PropertyValueSpecification","valueRequired":true,"valueName":"search_term_string"}}],"inLanguage":"de"},{"@type":"Organization","@id":"https:\/\/intermob.be\/de\/#organization","name":"Intermob Mobilier","url":"https:\/\/intermob.be\/de\/","logo":{"@type":"ImageObject","inLanguage":"de","@id":"https:\/\/intermob.be\/de\/#\/schema\/logo\/image\/","url":"https:\/\/intermob.be\/wp-content\/uploads\/2025\/09\/intb-bold-logo.png","contentUrl":"https:\/\/intermob.be\/wp-content\/uploads\/2025\/09\/intb-bold-logo.png","width":480,"height":158,"caption":"Intermob Mobilier"},"image":{"@id":"https:\/\/intermob.be\/de\/#\/schema\/logo\/image\/"}}]}},"_links":{"self":[{"href":"https:\/\/intermob.be\/de\/wp-json\/wp\/v2\/product\/77320","targetHints":{"allow":["GET"]}}],"collection":[{"href":"https:\/\/intermob.be\/de\/wp-json\/wp\/v2\/product"}],"about":[{"href":"https:\/\/intermob.be\/de\/wp-json\/wp\/v2\/types\/product"}],"replies":[{"embeddable":true,"href":"https:\/\/intermob.be\/de\/wp-json\/wp\/v2\/comments?post=77320"}],"version-history":[{"count":0,"href":"https:\/\/intermob.be\/de\/wp-json\/wp\/v2\/product\/77320\/revisions"}],"wp:featuredmedia":[{"embeddable":true,"href":"https:\/\/intermob.be\/de\/wp-json\/wp\/v2\/media\/126708"}],"wp:attachment":[{"href":"https:\/\/intermob.be\/de\/wp-json\/wp\/v2\/media?parent=77320"}],"wp:term":[{"taxonomy":"product_brand","embeddable":true,"href":"https:\/\/intermob.be\/de\/wp-json\/wp\/v2\/product_brand?post=77320"},{"taxonomy":"product_cat","embeddable":true,"href":"https:\/\/intermob.be\/de\/wp-json\/wp\/v2\/product_cat?post=77320"},{"taxonomy":"product_tag","embeddable":true,"href":"https:\/\/intermob.be\/de\/wp-json\/wp\/v2\/product_tag?post=77320"}],"curies":[{"name":"wp","href":"https:\/\/api.w.org\/{rel}","templated":true}]}}