{"id":77882,"date":"2020-09-18T22:26:36","date_gmt":"2020-09-18T22:26:36","guid":{"rendered":"https:\/\/intermob.be\/?post_type=product&#038;p=77882"},"modified":"2025-06-26T13:29:56","modified_gmt":"2025-06-26T13:29:56","slug":"horeca-puff-quadrat","status":"publish","type":"product","link":"https:\/\/intermob.be\/de\/produkt\/horeca-puff-quadrat\/","title":{"rendered":"Polsterhocker - Quadratisches - Kunstleder"},"content":{"rendered":"<p><span style=\"color: #000000;\">Dieser elegante Kunstlederhocker, erh\u00e4ltlich in den Farben Dunkeltaupe, Taupe und Schwarz ist die perfekte Erg\u00e4nzung f\u00fcr ein stilvolles und praktisches Interieur. Das Design mit einem schwarzen Rahmen sorgt f\u00fcr Stabilit\u00e4t und Haltbarkeit, w\u00e4hrend das weiche Kunstleder eine luxuri\u00f6se Ausstrahlung verleiht. Ideal f\u00fcr Gastronomiebetriebe wie Restaurants und Caf\u00e9s, in denen G\u00e4ste sich bequem entspannen k\u00f6nnen. Dieser Hocker verleiht nicht nur einen Hauch von Raffinesse, sondern ist auch ein vielseitiges M\u00f6belst\u00fcck, das leicht verschoben werden kann, um eine einladende Atmosph\u00e4re in jedem Raum zu schaffen.<\/span><\/p>\n","protected":false},"excerpt":{"rendered":"<p>Dieser elegante Kunstlederhocker, erh\u00e4ltlich in den Farben Dunkeltaupe, Taupe und Schwarz ist die perfekte Erg\u00e4nzung f\u00fcr ein stilvolles und praktisches<\/p>\n","protected":false},"featured_media":72239,"comment_status":"open","ping_status":"closed","template":"","meta":[],"product_brand":[],"product_cat":[9803],"product_tag":[17388,17389,17390,17392,17393,17394,17395],"class_list":{"0":"post-77882","1":"product","2":"type-product","3":"status-publish","4":"has-post-thumbnail","6":"product_cat-polsterhocker","7":"product_tag-horeca-furniture","8":"product_tag-horeca-meubelen","9":"product_tag-horeca-moebel","10":"product_tag-meubles-horeca","11":"product_tag-restaurant-furniture","12":"product_tag-restaurant-inrichting","13":"product_tag-restaurant-moebel","14":"pa_product-color-color-schwarz-de","15":"pa_product-color-color-taupe-de","16":"pa_product-color-color-dunkles-taupe-de","17":"pa_product-frame-color-schwarz-frame-color-de","18":"pa_product-more-colors-ja-de","19":"pa_product-more-dimensions-ja-de","20":"pa_product-seat-height-cm-45-seat-height-cm-de","21":"pa_product-seats-1-seats-de","22":"pa_product-upholstery-upholstery-kunstleder-de","23":"pa_product-usage-usage-innen-de","25":"first","26":"instock","27":"sale","28":"taxable","29":"shipping-taxable","30":"purchasable","31":"product-type-variable","32":"hc-var-color"},"yoast_head":"<!-- This site is optimized with the Yoast SEO plugin v26.4 - https:\/\/yoast.com\/wordpress\/plugins\/seo\/ -->\n<title>Horeca Puff - Quadrat - Kunstleder<\/title>\n<meta name=\"robots\" content=\"index, follow, max-snippet:-1, max-image-preview:large, max-video-preview:-1\" \/>\n<link rel=\"canonical\" href=\"https:\/\/intermob.be\/de\/produkt\/horeca-puff-quadrat\/\" \/>\n<meta property=\"og:locale\" content=\"de_DE\" \/>\n<meta property=\"og:type\" content=\"article\" \/>\n<meta property=\"og:title\" content=\"Horeca Puff - Quadrat - Kunstleder\" \/>\n<meta property=\"og:description\" content=\"Dieser elegante Kunstlederhocker, erh\u00e4ltlich in den Farben Dunkeltaupe, Taupe und Schwarz ist die perfekte Erg\u00e4nzung f\u00fcr ein stilvolles und praktisches\" \/>\n<meta property=\"og:url\" content=\"https:\/\/intermob.be\/de\/produkt\/horeca-puff-quadrat\/\" \/>\n<meta property=\"og:site_name\" content=\"Intermob Mobilier\" \/>\n<meta property=\"article:modified_time\" content=\"2025-06-26T13:29:56+00:00\" \/>\n<meta property=\"og:image\" content=\"https:\/\/intermob.be\/wp-content\/uploads\/2024\/03\/products-Horeca-Poef-Vierkant-Zwart-2.jpg\" \/>\n\t<meta property=\"og:image:width\" content=\"512\" \/>\n\t<meta property=\"og:image:height\" content=\"512\" \/>\n\t<meta property=\"og:image:type\" content=\"image\/jpeg\" \/>\n<meta name=\"twitter:card\" content=\"summary_large_image\" \/>\n<meta name=\"twitter:label1\" content=\"Gesch\u00e4tzte Lesezeit\" \/>\n\t<meta name=\"twitter:data1\" content=\"1\u00a0Minute\" \/>\n<script type=\"application\/ld+json\" class=\"yoast-schema-graph\">{\"@context\":\"https:\/\/schema.org\",\"@graph\":[{\"@type\":\"WebPage\",\"@id\":\"https:\/\/intermob.be\/de\/produkt\/horeca-puff-quadrat\/\",\"url\":\"https:\/\/intermob.be\/de\/produkt\/horeca-puff-quadrat\/\",\"name\":\"Horeca Puff - Quadrat - Kunstleder\",\"isPartOf\":{\"@id\":\"https:\/\/intermob.be\/de\/#website\"},\"primaryImageOfPage\":{\"@id\":\"https:\/\/intermob.be\/de\/produkt\/horeca-puff-quadrat\/#primaryimage\"},\"image\":{\"@id\":\"https:\/\/intermob.be\/de\/produkt\/horeca-puff-quadrat\/#primaryimage\"},\"thumbnailUrl\":\"https:\/\/intermob.be\/wp-content\/uploads\/2024\/03\/products-Horeca-Poef-Vierkant-Zwart-2.jpg\",\"datePublished\":\"2020-09-18T22:26:36+00:00\",\"dateModified\":\"2025-06-26T13:29:56+00:00\",\"breadcrumb\":{\"@id\":\"https:\/\/intermob.be\/de\/produkt\/horeca-puff-quadrat\/#breadcrumb\"},\"inLanguage\":\"de\",\"potentialAction\":[{\"@type\":\"ReadAction\",\"target\":[\"https:\/\/intermob.be\/de\/produkt\/horeca-puff-quadrat\/\"]}]},{\"@type\":\"ImageObject\",\"inLanguage\":\"de\",\"@id\":\"https:\/\/intermob.be\/de\/produkt\/horeca-puff-quadrat\/#primaryimage\",\"url\":\"https:\/\/intermob.be\/wp-content\/uploads\/2024\/03\/products-Horeca-Poef-Vierkant-Zwart-2.jpg\",\"contentUrl\":\"https:\/\/intermob.be\/wp-content\/uploads\/2024\/03\/products-Horeca-Poef-Vierkant-Zwart-2.jpg\",\"width\":512,\"height\":512,\"caption\":\"Horeca Poef - Vierkant Zwart\"},{\"@type\":\"BreadcrumbList\",\"@id\":\"https:\/\/intermob.be\/de\/produkt\/horeca-puff-quadrat\/#breadcrumb\",\"itemListElement\":[{\"@type\":\"ListItem\",\"position\":1,\"name\":\"Home\",\"item\":\"https:\/\/intermob.be\/de\/\"},{\"@type\":\"ListItem\",\"position\":2,\"name\":\"Shop\",\"item\":\"https:\/\/intermob.be\/de\/shop\/\"},{\"@type\":\"ListItem\",\"position\":3,\"name\":\"Pouf - Carr\u00e9 - Simili Cuir\"}]},{\"@type\":\"WebSite\",\"@id\":\"https:\/\/intermob.be\/de\/#website\",\"url\":\"https:\/\/intermob.be\/de\/\",\"name\":\"Intermob\",\"description\":\"\",\"publisher\":{\"@id\":\"https:\/\/intermob.be\/de\/#organization\"},\"potentialAction\":[{\"@type\":\"SearchAction\",\"target\":{\"@type\":\"EntryPoint\",\"urlTemplate\":\"https:\/\/intermob.be\/de\/?s={search_term_string}\"},\"query-input\":{\"@type\":\"PropertyValueSpecification\",\"valueRequired\":true,\"valueName\":\"search_term_string\"}}],\"inLanguage\":\"de\"},{\"@type\":\"Organization\",\"@id\":\"https:\/\/intermob.be\/de\/#organization\",\"name\":\"Intermob Mobilier\",\"url\":\"https:\/\/intermob.be\/de\/\",\"logo\":{\"@type\":\"ImageObject\",\"inLanguage\":\"de\",\"@id\":\"https:\/\/intermob.be\/de\/#\/schema\/logo\/image\/\",\"url\":\"https:\/\/intermob.be\/wp-content\/uploads\/2025\/09\/intb-bold-logo.png\",\"contentUrl\":\"https:\/\/intermob.be\/wp-content\/uploads\/2025\/09\/intb-bold-logo.png\",\"width\":480,\"height\":158,\"caption\":\"Intermob Mobilier\"},\"image\":{\"@id\":\"https:\/\/intermob.be\/de\/#\/schema\/logo\/image\/\"}}]}<\/script>\n<!-- \/ Yoast SEO plugin. -->","yoast_head_json":{"title":"Horeca Puff - Quadrat - Kunstleder","robots":{"index":"index","follow":"follow","max-snippet":"max-snippet:-1","max-image-preview":"max-image-preview:large","max-video-preview":"max-video-preview:-1"},"canonical":"https:\/\/intermob.be\/de\/produkt\/horeca-puff-quadrat\/","og_locale":"de_DE","og_type":"article","og_title":"Horeca Puff - Quadrat - Kunstleder","og_description":"Dieser elegante Kunstlederhocker, erh\u00e4ltlich in den Farben Dunkeltaupe, Taupe und Schwarz ist die perfekte Erg\u00e4nzung f\u00fcr ein stilvolles und praktisches","og_url":"https:\/\/intermob.be\/de\/produkt\/horeca-puff-quadrat\/","og_site_name":"Intermob Mobilier","article_modified_time":"2025-06-26T13:29:56+00:00","og_image":[{"width":512,"height":512,"url":"https:\/\/intermob.be\/wp-content\/uploads\/2024\/03\/products-Horeca-Poef-Vierkant-Zwart-2.jpg","type":"image\/jpeg"}],"twitter_card":"summary_large_image","twitter_misc":{"Gesch\u00e4tzte Lesezeit":"1\u00a0Minute"},"schema":{"@context":"https:\/\/schema.org","@graph":[{"@type":"WebPage","@id":"https:\/\/intermob.be\/de\/produkt\/horeca-puff-quadrat\/","url":"https:\/\/intermob.be\/de\/produkt\/horeca-puff-quadrat\/","name":"Horeca Puff - Quadrat - Kunstleder","isPartOf":{"@id":"https:\/\/intermob.be\/de\/#website"},"primaryImageOfPage":{"@id":"https:\/\/intermob.be\/de\/produkt\/horeca-puff-quadrat\/#primaryimage"},"image":{"@id":"https:\/\/intermob.be\/de\/produkt\/horeca-puff-quadrat\/#primaryimage"},"thumbnailUrl":"https:\/\/intermob.be\/wp-content\/uploads\/2024\/03\/products-Horeca-Poef-Vierkant-Zwart-2.jpg","datePublished":"2020-09-18T22:26:36+00:00","dateModified":"2025-06-26T13:29:56+00:00","breadcrumb":{"@id":"https:\/\/intermob.be\/de\/produkt\/horeca-puff-quadrat\/#breadcrumb"},"inLanguage":"de","potentialAction":[{"@type":"ReadAction","target":["https:\/\/intermob.be\/de\/produkt\/horeca-puff-quadrat\/"]}]},{"@type":"ImageObject","inLanguage":"de","@id":"https:\/\/intermob.be\/de\/produkt\/horeca-puff-quadrat\/#primaryimage","url":"https:\/\/intermob.be\/wp-content\/uploads\/2024\/03\/products-Horeca-Poef-Vierkant-Zwart-2.jpg","contentUrl":"https:\/\/intermob.be\/wp-content\/uploads\/2024\/03\/products-Horeca-Poef-Vierkant-Zwart-2.jpg","width":512,"height":512,"caption":"Horeca Poef - Vierkant Zwart"},{"@type":"BreadcrumbList","@id":"https:\/\/intermob.be\/de\/produkt\/horeca-puff-quadrat\/#breadcrumb","itemListElement":[{"@type":"ListItem","position":1,"name":"Home","item":"https:\/\/intermob.be\/de\/"},{"@type":"ListItem","position":2,"name":"Shop","item":"https:\/\/intermob.be\/de\/shop\/"},{"@type":"ListItem","position":3,"name":"Pouf - Carr\u00e9 - Simili Cuir"}]},{"@type":"WebSite","@id":"https:\/\/intermob.be\/de\/#website","url":"https:\/\/intermob.be\/de\/","name":"Intermob","description":"","publisher":{"@id":"https:\/\/intermob.be\/de\/#organization"},"potentialAction":[{"@type":"SearchAction","target":{"@type":"EntryPoint","urlTemplate":"https:\/\/intermob.be\/de\/?s={search_term_string}"},"query-input":{"@type":"PropertyValueSpecification","valueRequired":true,"valueName":"search_term_string"}}],"inLanguage":"de"},{"@type":"Organization","@id":"https:\/\/intermob.be\/de\/#organization","name":"Intermob Mobilier","url":"https:\/\/intermob.be\/de\/","logo":{"@type":"ImageObject","inLanguage":"de","@id":"https:\/\/intermob.be\/de\/#\/schema\/logo\/image\/","url":"https:\/\/intermob.be\/wp-content\/uploads\/2025\/09\/intb-bold-logo.png","contentUrl":"https:\/\/intermob.be\/wp-content\/uploads\/2025\/09\/intb-bold-logo.png","width":480,"height":158,"caption":"Intermob Mobilier"},"image":{"@id":"https:\/\/intermob.be\/de\/#\/schema\/logo\/image\/"}}]}},"_links":{"self":[{"href":"https:\/\/intermob.be\/de\/wp-json\/wp\/v2\/product\/77882","targetHints":{"allow":["GET"]}}],"collection":[{"href":"https:\/\/intermob.be\/de\/wp-json\/wp\/v2\/product"}],"about":[{"href":"https:\/\/intermob.be\/de\/wp-json\/wp\/v2\/types\/product"}],"replies":[{"embeddable":true,"href":"https:\/\/intermob.be\/de\/wp-json\/wp\/v2\/comments?post=77882"}],"version-history":[{"count":0,"href":"https:\/\/intermob.be\/de\/wp-json\/wp\/v2\/product\/77882\/revisions"}],"wp:featuredmedia":[{"embeddable":true,"href":"https:\/\/intermob.be\/de\/wp-json\/wp\/v2\/media\/72239"}],"wp:attachment":[{"href":"https:\/\/intermob.be\/de\/wp-json\/wp\/v2\/media?parent=77882"}],"wp:term":[{"taxonomy":"product_brand","embeddable":true,"href":"https:\/\/intermob.be\/de\/wp-json\/wp\/v2\/product_brand?post=77882"},{"taxonomy":"product_cat","embeddable":true,"href":"https:\/\/intermob.be\/de\/wp-json\/wp\/v2\/product_cat?post=77882"},{"taxonomy":"product_tag","embeddable":true,"href":"https:\/\/intermob.be\/de\/wp-json\/wp\/v2\/product_tag?post=77882"}],"curies":[{"name":"wp","href":"https:\/\/api.w.org\/{rel}","templated":true}]}}