{"id":77912,"date":"2020-09-23T13:08:58","date_gmt":"2020-09-23T13:08:58","guid":{"rendered":"https:\/\/intermob.be\/?post_type=product&#038;p=77912"},"modified":"2025-07-03T06:36:18","modified_gmt":"2025-07-03T06:36:18","slug":"horeca-terrassenheizung","status":"publish","type":"product","link":"https:\/\/intermob.be\/de\/produkt\/horeca-terrassenheizung\/","title":{"rendered":"Terrassenheizung - Metall"},"content":{"rendered":"<p><span style=\"color: #000000;\">Dieser Terrassenheizer vereint Eleganz und Effizienz mit einem schwarzen Metallrahmen und einer integrierten Heizfunktion. Er wurde als vielseitiges Tischgestell konzipiert und ist kompatibel mit Tischplatten aus unserem Sortiment, wie Compact Laminate und Werzalit. Mit einem Verbrauch von nur 1,3 kW\/Stunde (etwa 0,30 \u20ac pro Stunde) bietet dieser Terrassenheizer eine energieeffiziente L\u00f6sung zum Beheizen von Au\u00dfenbereichen, selbst an k\u00e4lteren Tagen.<\/span><\/p>\n<p><span style=\"color: #000000;\">Ideal f\u00fcr Restaurants, Caf\u00e9s und Bars, die ihren G\u00e4sten ein komfortables Erlebnis auf Terrassen oder in Au\u00dfenbereichen bieten m\u00f6chten. Das moderne und minimalistische Design f\u00fcgt sich nahtlos in verschiedene Einrichtungsstile ein, w\u00e4hrend die Heizfunktion daf\u00fcr sorgt, dass Ihre G\u00e4ste l\u00e4nger bleiben und genie\u00dfen, unabh\u00e4ngig von der Jahreszeit.<\/span><\/p>\n<p><span style=\"color: #000000;\">Entscheiden Sie sich f\u00fcr eine Kombination aus Stil und Funktionalit\u00e4t mit diesem benutzerfreundlichen Tischgestell \u2013 die perfekte Wahl f\u00fcr ein gastfreundliches und trendiges Gastronomiekonzept.<\/span><\/p>\n<p><strong><span style=\"color: #ff0000;\">Achtung, nur Chassis!<\/span><\/strong><\/p>\n","protected":false},"excerpt":{"rendered":"<p>Dieser Terrassenheizer vereint Eleganz und Effizienz mit einem schwarzen Metallrahmen und einer integrierten Heizfunktion. Er wurde als vielseitiges Tischgestell konzipiert<\/p>\n","protected":false},"featured_media":77913,"comment_status":"open","ping_status":"closed","template":"","meta":[],"product_brand":[],"product_cat":[10263],"product_tag":[17388,17389,17390,17391,17392,17393,17394,17395],"class_list":{"0":"post-77912","1":"product","2":"type-product","3":"status-publish","4":"has-post-thumbnail","6":"product_cat-terrassenheizung","7":"product_tag-horeca-furniture","8":"product_tag-horeca-meubelen","9":"product_tag-horeca-moebel","10":"product_tag-meubles-de-restaurant","11":"product_tag-meubles-horeca","12":"product_tag-restaurant-furniture","13":"product_tag-restaurant-inrichting","14":"product_tag-restaurant-moebel","15":"pa_product-frame-color-schwarz-frame-color-de","16":"pa_product-material-metallrahmen-material-de","17":"pa_product-seat-height-cm-73-seat-height-cm-de","18":"pa_product-seats-2-seats-de","19":"pa_product-tabletop-color-grau-tabletop-color-de","20":"pa_product-usage-usage-innen-draussen-de","22":"first","23":"outofstock","24":"sale","25":"taxable","26":"shipping-taxable","27":"purchasable","28":"product-type-simple"},"yoast_head":"<!-- This site is optimized with the Yoast SEO plugin v26.4 - https:\/\/yoast.com\/wordpress\/plugins\/seo\/ -->\n<title>Horeca Terrassenheizung - Metall<\/title>\n<meta name=\"robots\" content=\"index, follow, max-snippet:-1, max-image-preview:large, max-video-preview:-1\" \/>\n<link rel=\"canonical\" href=\"https:\/\/intermob.be\/de\/produkt\/horeca-terrassenheizung\/\" \/>\n<meta property=\"og:locale\" content=\"de_DE\" \/>\n<meta property=\"og:type\" content=\"article\" \/>\n<meta property=\"og:title\" content=\"Horeca Terrassenheizung - Metall\" \/>\n<meta property=\"og:description\" content=\"Dieser Terrassenheizer vereint Eleganz und Effizienz mit einem schwarzen Metallrahmen und einer integrierten Heizfunktion. Er wurde als vielseitiges Tischgestell konzipiert\" \/>\n<meta property=\"og:url\" content=\"https:\/\/intermob.be\/de\/produkt\/horeca-terrassenheizung\/\" \/>\n<meta property=\"og:site_name\" content=\"Intermob Mobilier\" \/>\n<meta property=\"article:modified_time\" content=\"2025-07-03T06:36:18+00:00\" \/>\n<meta property=\"og:image\" content=\"https:\/\/intermob.be\/wp-content\/uploads\/2024\/03\/products-HOTTABLE-2-YENI1-2.jpg\" \/>\n\t<meta property=\"og:image:width\" content=\"800\" \/>\n\t<meta property=\"og:image:height\" content=\"800\" \/>\n\t<meta property=\"og:image:type\" content=\"image\/jpeg\" \/>\n<meta name=\"twitter:card\" content=\"summary_large_image\" \/>\n<meta name=\"twitter:label1\" content=\"Gesch\u00e4tzte Lesezeit\" \/>\n\t<meta name=\"twitter:data1\" content=\"1\u00a0Minute\" \/>\n<script type=\"application\/ld+json\" class=\"yoast-schema-graph\">{\"@context\":\"https:\/\/schema.org\",\"@graph\":[{\"@type\":\"WebPage\",\"@id\":\"https:\/\/intermob.be\/de\/produkt\/horeca-terrassenheizung\/\",\"url\":\"https:\/\/intermob.be\/de\/produkt\/horeca-terrassenheizung\/\",\"name\":\"Horeca Terrassenheizung - Metall\",\"isPartOf\":{\"@id\":\"https:\/\/intermob.be\/de\/#website\"},\"primaryImageOfPage\":{\"@id\":\"https:\/\/intermob.be\/de\/produkt\/horeca-terrassenheizung\/#primaryimage\"},\"image\":{\"@id\":\"https:\/\/intermob.be\/de\/produkt\/horeca-terrassenheizung\/#primaryimage\"},\"thumbnailUrl\":\"https:\/\/intermob.be\/wp-content\/uploads\/2024\/03\/products-HOTTABLE-2-YENI1-2.jpg\",\"datePublished\":\"2020-09-23T13:08:58+00:00\",\"dateModified\":\"2025-07-03T06:36:18+00:00\",\"breadcrumb\":{\"@id\":\"https:\/\/intermob.be\/de\/produkt\/horeca-terrassenheizung\/#breadcrumb\"},\"inLanguage\":\"de\",\"potentialAction\":[{\"@type\":\"ReadAction\",\"target\":[\"https:\/\/intermob.be\/de\/produkt\/horeca-terrassenheizung\/\"]}]},{\"@type\":\"ImageObject\",\"inLanguage\":\"de\",\"@id\":\"https:\/\/intermob.be\/de\/produkt\/horeca-terrassenheizung\/#primaryimage\",\"url\":\"https:\/\/intermob.be\/wp-content\/uploads\/2024\/03\/products-HOTTABLE-2-YENI1-2.jpg\",\"contentUrl\":\"https:\/\/intermob.be\/wp-content\/uploads\/2024\/03\/products-HOTTABLE-2-YENI1-2.jpg\",\"width\":800,\"height\":800,\"caption\":\"HOTTABLE-2 YENI1\"},{\"@type\":\"BreadcrumbList\",\"@id\":\"https:\/\/intermob.be\/de\/produkt\/horeca-terrassenheizung\/#breadcrumb\",\"itemListElement\":[{\"@type\":\"ListItem\",\"position\":1,\"name\":\"Home\",\"item\":\"https:\/\/intermob.be\/de\/\"},{\"@type\":\"ListItem\",\"position\":2,\"name\":\"Shop\",\"item\":\"https:\/\/intermob.be\/de\/shop\/\"},{\"@type\":\"ListItem\",\"position\":3,\"name\":\"Chauffage de Terrasse - M\u00e9tal\"}]},{\"@type\":\"WebSite\",\"@id\":\"https:\/\/intermob.be\/de\/#website\",\"url\":\"https:\/\/intermob.be\/de\/\",\"name\":\"Intermob\",\"description\":\"\",\"publisher\":{\"@id\":\"https:\/\/intermob.be\/de\/#organization\"},\"potentialAction\":[{\"@type\":\"SearchAction\",\"target\":{\"@type\":\"EntryPoint\",\"urlTemplate\":\"https:\/\/intermob.be\/de\/?s={search_term_string}\"},\"query-input\":{\"@type\":\"PropertyValueSpecification\",\"valueRequired\":true,\"valueName\":\"search_term_string\"}}],\"inLanguage\":\"de\"},{\"@type\":\"Organization\",\"@id\":\"https:\/\/intermob.be\/de\/#organization\",\"name\":\"Intermob Mobilier\",\"url\":\"https:\/\/intermob.be\/de\/\",\"logo\":{\"@type\":\"ImageObject\",\"inLanguage\":\"de\",\"@id\":\"https:\/\/intermob.be\/de\/#\/schema\/logo\/image\/\",\"url\":\"https:\/\/intermob.be\/wp-content\/uploads\/2025\/09\/intb-bold-logo.png\",\"contentUrl\":\"https:\/\/intermob.be\/wp-content\/uploads\/2025\/09\/intb-bold-logo.png\",\"width\":480,\"height\":158,\"caption\":\"Intermob Mobilier\"},\"image\":{\"@id\":\"https:\/\/intermob.be\/de\/#\/schema\/logo\/image\/\"}}]}<\/script>\n<!-- \/ Yoast SEO plugin. -->","yoast_head_json":{"title":"Horeca Terrassenheizung - Metall","robots":{"index":"index","follow":"follow","max-snippet":"max-snippet:-1","max-image-preview":"max-image-preview:large","max-video-preview":"max-video-preview:-1"},"canonical":"https:\/\/intermob.be\/de\/produkt\/horeca-terrassenheizung\/","og_locale":"de_DE","og_type":"article","og_title":"Horeca Terrassenheizung - Metall","og_description":"Dieser Terrassenheizer vereint Eleganz und Effizienz mit einem schwarzen Metallrahmen und einer integrierten Heizfunktion. Er wurde als vielseitiges Tischgestell konzipiert","og_url":"https:\/\/intermob.be\/de\/produkt\/horeca-terrassenheizung\/","og_site_name":"Intermob Mobilier","article_modified_time":"2025-07-03T06:36:18+00:00","og_image":[{"width":800,"height":800,"url":"https:\/\/intermob.be\/wp-content\/uploads\/2024\/03\/products-HOTTABLE-2-YENI1-2.jpg","type":"image\/jpeg"}],"twitter_card":"summary_large_image","twitter_misc":{"Gesch\u00e4tzte Lesezeit":"1\u00a0Minute"},"schema":{"@context":"https:\/\/schema.org","@graph":[{"@type":"WebPage","@id":"https:\/\/intermob.be\/de\/produkt\/horeca-terrassenheizung\/","url":"https:\/\/intermob.be\/de\/produkt\/horeca-terrassenheizung\/","name":"Horeca Terrassenheizung - Metall","isPartOf":{"@id":"https:\/\/intermob.be\/de\/#website"},"primaryImageOfPage":{"@id":"https:\/\/intermob.be\/de\/produkt\/horeca-terrassenheizung\/#primaryimage"},"image":{"@id":"https:\/\/intermob.be\/de\/produkt\/horeca-terrassenheizung\/#primaryimage"},"thumbnailUrl":"https:\/\/intermob.be\/wp-content\/uploads\/2024\/03\/products-HOTTABLE-2-YENI1-2.jpg","datePublished":"2020-09-23T13:08:58+00:00","dateModified":"2025-07-03T06:36:18+00:00","breadcrumb":{"@id":"https:\/\/intermob.be\/de\/produkt\/horeca-terrassenheizung\/#breadcrumb"},"inLanguage":"de","potentialAction":[{"@type":"ReadAction","target":["https:\/\/intermob.be\/de\/produkt\/horeca-terrassenheizung\/"]}]},{"@type":"ImageObject","inLanguage":"de","@id":"https:\/\/intermob.be\/de\/produkt\/horeca-terrassenheizung\/#primaryimage","url":"https:\/\/intermob.be\/wp-content\/uploads\/2024\/03\/products-HOTTABLE-2-YENI1-2.jpg","contentUrl":"https:\/\/intermob.be\/wp-content\/uploads\/2024\/03\/products-HOTTABLE-2-YENI1-2.jpg","width":800,"height":800,"caption":"HOTTABLE-2 YENI1"},{"@type":"BreadcrumbList","@id":"https:\/\/intermob.be\/de\/produkt\/horeca-terrassenheizung\/#breadcrumb","itemListElement":[{"@type":"ListItem","position":1,"name":"Home","item":"https:\/\/intermob.be\/de\/"},{"@type":"ListItem","position":2,"name":"Shop","item":"https:\/\/intermob.be\/de\/shop\/"},{"@type":"ListItem","position":3,"name":"Chauffage de Terrasse - M\u00e9tal"}]},{"@type":"WebSite","@id":"https:\/\/intermob.be\/de\/#website","url":"https:\/\/intermob.be\/de\/","name":"Intermob","description":"","publisher":{"@id":"https:\/\/intermob.be\/de\/#organization"},"potentialAction":[{"@type":"SearchAction","target":{"@type":"EntryPoint","urlTemplate":"https:\/\/intermob.be\/de\/?s={search_term_string}"},"query-input":{"@type":"PropertyValueSpecification","valueRequired":true,"valueName":"search_term_string"}}],"inLanguage":"de"},{"@type":"Organization","@id":"https:\/\/intermob.be\/de\/#organization","name":"Intermob Mobilier","url":"https:\/\/intermob.be\/de\/","logo":{"@type":"ImageObject","inLanguage":"de","@id":"https:\/\/intermob.be\/de\/#\/schema\/logo\/image\/","url":"https:\/\/intermob.be\/wp-content\/uploads\/2025\/09\/intb-bold-logo.png","contentUrl":"https:\/\/intermob.be\/wp-content\/uploads\/2025\/09\/intb-bold-logo.png","width":480,"height":158,"caption":"Intermob Mobilier"},"image":{"@id":"https:\/\/intermob.be\/de\/#\/schema\/logo\/image\/"}}]}},"_links":{"self":[{"href":"https:\/\/intermob.be\/de\/wp-json\/wp\/v2\/product\/77912","targetHints":{"allow":["GET"]}}],"collection":[{"href":"https:\/\/intermob.be\/de\/wp-json\/wp\/v2\/product"}],"about":[{"href":"https:\/\/intermob.be\/de\/wp-json\/wp\/v2\/types\/product"}],"replies":[{"embeddable":true,"href":"https:\/\/intermob.be\/de\/wp-json\/wp\/v2\/comments?post=77912"}],"version-history":[{"count":0,"href":"https:\/\/intermob.be\/de\/wp-json\/wp\/v2\/product\/77912\/revisions"}],"wp:featuredmedia":[{"embeddable":true,"href":"https:\/\/intermob.be\/de\/wp-json\/wp\/v2\/media\/77913"}],"wp:attachment":[{"href":"https:\/\/intermob.be\/de\/wp-json\/wp\/v2\/media?parent=77912"}],"wp:term":[{"taxonomy":"product_brand","embeddable":true,"href":"https:\/\/intermob.be\/de\/wp-json\/wp\/v2\/product_brand?post=77912"},{"taxonomy":"product_cat","embeddable":true,"href":"https:\/\/intermob.be\/de\/wp-json\/wp\/v2\/product_cat?post=77912"},{"taxonomy":"product_tag","embeddable":true,"href":"https:\/\/intermob.be\/de\/wp-json\/wp\/v2\/product_tag?post=77912"}],"curies":[{"name":"wp","href":"https:\/\/api.w.org\/{rel}","templated":true}]}}