{"id":78038,"date":"2020-10-27T08:44:24","date_gmt":"2020-10-27T08:44:24","guid":{"rendered":"https:\/\/intermob.be\/?post_type=product&#038;p=78038"},"modified":"2024-06-06T15:00:49","modified_gmt":"2024-06-06T15:00:49","slug":"led-bulb-gluehfadenlampe-6-4-cm","status":"publish","type":"product","link":"https:\/\/intermob.be\/de\/produkt\/led-bulb-gluehfadenlampe-6-4-cm\/","title":{"rendered":"LED Bulb - Gl\u00fchfadenlampe - \u00d8 6,4 cm "},"content":{"rendered":"<p><span style=\"color: #000000\">LED Bulb erinnert an eine Kohlefadenlampe. Der Vergleich ist schnell gemacht: gelbe F\u00e4den und ein Vintage-Design. Mit seinen LED-F\u00e4den passt LED Bulb perfekt zu Lampen, bei denen das Leuchtmittel sichtbar ist. Sowieso kann man von einer herrlichen Lichtshow genie\u00dfen, bei der das Licht in alle Richtungen strahlt. Die Kombination aus warmwei\u00dfem Licht und Energieeffizienz der LED-Beleuchtung machen aus LED Bulb die ideale Alternative zur herk\u00f6mmlichen Gl\u00fchlampe. Gut zu wissen: Im Gegensatz zu vielen anderen LED-Fadenlampen ist LED Bulb dimmbar.<\/span><\/p>\n<p><span style=\"color: #000000\"><strong>Einzigartige Produktmerkmale:<\/strong><\/span><\/p>\n<ul>\n<li><span style=\"color: #000000\">Art der Lichtquelle: E27 \/ Led<\/span><\/li>\n<li><span style=\"color: #000000\">Energieverbrauch: 5W \/ 230VA<\/span><\/li>\n<li><span style=\"color: #000000\">Lichtleistung von 260 lumen<\/span><\/li>\n<li><span style=\"color: #000000\">Mit extra warmwei\u00dfem Licht ausgestattet (2200K)<\/span><\/li>\n<li><span style=\"color: #000000\">Diese Lichtquelle ist dimmbar<\/span><\/li>\n<li><span style=\"color: #000000\">Form: Rund<\/span><\/li>\n<li><span style=\"color: #000000\">Dimmbar: Ja<\/span><\/li>\n<li><span style=\"color: #000000\">H\u00f6henverstellbar: Nicht H\u00f6henverstellbar<\/span><\/li>\n<li><span style=\"color: #000000\">Richtbar: Nicht Orientierbar<\/span><\/li>\n<li><span style=\"color: #000000\">Sensor: Ohne Sensor<\/span><\/li>\n<li><span style=\"color: #000000\">Bedienung: Bedienung \u00dcber Lichtschalter<\/span><\/li>\n<li><span style=\"color: #000000\">Leuchtmittel einschlie\u00dflich: Ja<\/span><\/li>\n<li><span style=\"color: #000000\">Lichtbron dimbaar: Ja<\/span><\/li>\n<li><span style=\"color: #000000\">Leuchtmittel Nummer: 1<\/span><\/li>\n<li><span style=\"color: #000000\">Lampenfassungstyp: E27<\/span><\/li>\n<li><span style=\"color: #000000\">Leuchtmittel Lampentyp: Led<\/span><\/li>\n<li><span style=\"color: #000000\">Wattleistung: 1 x 5 W<\/span><\/li>\n<li><span style=\"color: #000000\">Spannung: 230 V<\/span><\/li>\n<li><span style=\"color: #000000\">Lumen: 1 x 260 Lm<\/span><\/li>\n<li><span style=\"color: #000000\">Farbtemperatur: 2.200 K<\/span><\/li>\n<li><span style=\"color: #000000\">Leuchtmittel Lebensdauer: 30.000 Stunden<\/span><\/li>\n<li><span style=\"color: #000000\">Strahlwinkel: 360 \u00b0<\/span><\/li>\n<li><span style=\"color: #000000\">Color Rendering Index (CRI): 80<\/span><\/li>\n<li><span style=\"color: #000000\">Energie Etikett: A\u200b\u200b\u200b\u200b\u200b\u200b\u200b<\/span><\/li>\n<\/ul>\n<p><span style=\"color: #000000\"><strong>MINDESTVERKAUF VON 4 ST\u00dcCKEN.<\/strong><\/span><\/p>\n","protected":false},"excerpt":{"rendered":"<p>LED Bulb erinnert an eine Kohlefadenlampe. Der Vergleich ist schnell gemacht: gelbe F\u00e4den und ein Vintage-Design. Mit seinen LED-F\u00e4den passt<\/p>\n","protected":false},"featured_media":78039,"comment_status":"open","ping_status":"closed","template":"","meta":[],"product_brand":[],"product_cat":[10179],"product_tag":[],"class_list":{"0":"post-78038","1":"product","2":"type-product","3":"status-publish","4":"has-post-thumbnail","6":"product_cat-industrielle-beleuchtung","7":"pa_product-color-color-amber-de","8":"pa_product-material-glas-material-de","9":"pa_product-usage-usage-innen-de","11":"first","12":"onbackorder","13":"taxable","14":"shipping-taxable","15":"purchasable","16":"product-type-simple"},"yoast_head":"<!-- This site is optimized with the Yoast SEO plugin v26.4 - https:\/\/yoast.com\/wordpress\/plugins\/seo\/ -->\n<title>LED Bulb - Gl\u00fchfadenlampe - \u00d8 6.40 Cm<\/title>\n<meta name=\"robots\" content=\"index, follow, max-snippet:-1, max-image-preview:large, max-video-preview:-1\" \/>\n<link rel=\"canonical\" href=\"https:\/\/intermob.be\/de\/produkt\/led-bulb-gluehfadenlampe-6-4-cm\/\" \/>\n<meta property=\"og:locale\" content=\"de_DE\" \/>\n<meta property=\"og:type\" content=\"article\" \/>\n<meta property=\"og:title\" content=\"LED Bulb - Gl\u00fchfadenlampe - \u00d8 6.40 Cm\" \/>\n<meta property=\"og:description\" content=\"LED Bulb erinnert an eine Kohlefadenlampe. Der Vergleich ist schnell gemacht: gelbe F\u00e4den und ein Vintage-Design. Mit seinen LED-F\u00e4den passt\" \/>\n<meta property=\"og:url\" content=\"https:\/\/intermob.be\/de\/produkt\/led-bulb-gluehfadenlampe-6-4-cm\/\" \/>\n<meta property=\"og:site_name\" content=\"Intermob Mobilier\" \/>\n<meta property=\"article:modified_time\" content=\"2024-06-06T15:00:49+00:00\" \/>\n<meta property=\"og:image\" content=\"https:\/\/intermob.be\/wp-content\/uploads\/2024\/03\/products-Led-Bulb-Filament-Lamp-O-64-Cm--2.jpg\" \/>\n\t<meta property=\"og:image:width\" content=\"800\" \/>\n\t<meta property=\"og:image:height\" content=\"800\" \/>\n\t<meta property=\"og:image:type\" content=\"image\/jpeg\" \/>\n<meta name=\"twitter:card\" content=\"summary_large_image\" \/>\n<meta name=\"twitter:label1\" content=\"Gesch\u00e4tzte Lesezeit\" \/>\n\t<meta name=\"twitter:data1\" content=\"2\u00a0Minuten\" \/>\n<script type=\"application\/ld+json\" class=\"yoast-schema-graph\">{\"@context\":\"https:\/\/schema.org\",\"@graph\":[{\"@type\":\"WebPage\",\"@id\":\"https:\/\/intermob.be\/de\/produkt\/led-bulb-gluehfadenlampe-6-4-cm\/\",\"url\":\"https:\/\/intermob.be\/de\/produkt\/led-bulb-gluehfadenlampe-6-4-cm\/\",\"name\":\"LED Bulb - Gl\u00fchfadenlampe - \u00d8 6.40 Cm\",\"isPartOf\":{\"@id\":\"https:\/\/intermob.be\/de\/#website\"},\"primaryImageOfPage\":{\"@id\":\"https:\/\/intermob.be\/de\/produkt\/led-bulb-gluehfadenlampe-6-4-cm\/#primaryimage\"},\"image\":{\"@id\":\"https:\/\/intermob.be\/de\/produkt\/led-bulb-gluehfadenlampe-6-4-cm\/#primaryimage\"},\"thumbnailUrl\":\"https:\/\/intermob.be\/wp-content\/uploads\/2024\/03\/products-Led-Bulb-Filament-Lamp-O-64-Cm--2.jpg\",\"datePublished\":\"2020-10-27T08:44:24+00:00\",\"dateModified\":\"2024-06-06T15:00:49+00:00\",\"breadcrumb\":{\"@id\":\"https:\/\/intermob.be\/de\/produkt\/led-bulb-gluehfadenlampe-6-4-cm\/#breadcrumb\"},\"inLanguage\":\"de\",\"potentialAction\":[{\"@type\":\"ReadAction\",\"target\":[\"https:\/\/intermob.be\/de\/produkt\/led-bulb-gluehfadenlampe-6-4-cm\/\"]}]},{\"@type\":\"ImageObject\",\"inLanguage\":\"de\",\"@id\":\"https:\/\/intermob.be\/de\/produkt\/led-bulb-gluehfadenlampe-6-4-cm\/#primaryimage\",\"url\":\"https:\/\/intermob.be\/wp-content\/uploads\/2024\/03\/products-Led-Bulb-Filament-Lamp-O-64-Cm--2.jpg\",\"contentUrl\":\"https:\/\/intermob.be\/wp-content\/uploads\/2024\/03\/products-Led-Bulb-Filament-Lamp-O-64-Cm--2.jpg\",\"width\":800,\"height\":800,\"caption\":\"Led Bulb - Filament Lamp - \u00d8 6,4 Cm\"},{\"@type\":\"BreadcrumbList\",\"@id\":\"https:\/\/intermob.be\/de\/produkt\/led-bulb-gluehfadenlampe-6-4-cm\/#breadcrumb\",\"itemListElement\":[{\"@type\":\"ListItem\",\"position\":1,\"name\":\"Home\",\"item\":\"https:\/\/intermob.be\/de\/\"},{\"@type\":\"ListItem\",\"position\":2,\"name\":\"Shop\",\"item\":\"https:\/\/intermob.be\/de\/shop\/\"},{\"@type\":\"ListItem\",\"position\":3,\"name\":\"LED Bulb &#8211; Gl\u00fchfadenlampe &#8211; \u00d8 6.40 Cm\"}]},{\"@type\":\"WebSite\",\"@id\":\"https:\/\/intermob.be\/de\/#website\",\"url\":\"https:\/\/intermob.be\/de\/\",\"name\":\"Intermob\",\"description\":\"\",\"publisher\":{\"@id\":\"https:\/\/intermob.be\/de\/#organization\"},\"potentialAction\":[{\"@type\":\"SearchAction\",\"target\":{\"@type\":\"EntryPoint\",\"urlTemplate\":\"https:\/\/intermob.be\/de\/?s={search_term_string}\"},\"query-input\":{\"@type\":\"PropertyValueSpecification\",\"valueRequired\":true,\"valueName\":\"search_term_string\"}}],\"inLanguage\":\"de\"},{\"@type\":\"Organization\",\"@id\":\"https:\/\/intermob.be\/de\/#organization\",\"name\":\"Intermob Mobilier\",\"url\":\"https:\/\/intermob.be\/de\/\",\"logo\":{\"@type\":\"ImageObject\",\"inLanguage\":\"de\",\"@id\":\"https:\/\/intermob.be\/de\/#\/schema\/logo\/image\/\",\"url\":\"https:\/\/intermob.be\/wp-content\/uploads\/2025\/09\/intb-bold-logo.png\",\"contentUrl\":\"https:\/\/intermob.be\/wp-content\/uploads\/2025\/09\/intb-bold-logo.png\",\"width\":480,\"height\":158,\"caption\":\"Intermob Mobilier\"},\"image\":{\"@id\":\"https:\/\/intermob.be\/de\/#\/schema\/logo\/image\/\"}}]}<\/script>\n<!-- \/ Yoast SEO plugin. -->","yoast_head_json":{"title":"LED Bulb - Gl\u00fchfadenlampe - \u00d8 6.40 Cm","robots":{"index":"index","follow":"follow","max-snippet":"max-snippet:-1","max-image-preview":"max-image-preview:large","max-video-preview":"max-video-preview:-1"},"canonical":"https:\/\/intermob.be\/de\/produkt\/led-bulb-gluehfadenlampe-6-4-cm\/","og_locale":"de_DE","og_type":"article","og_title":"LED Bulb - Gl\u00fchfadenlampe - \u00d8 6.40 Cm","og_description":"LED Bulb erinnert an eine Kohlefadenlampe. Der Vergleich ist schnell gemacht: gelbe F\u00e4den und ein Vintage-Design. Mit seinen LED-F\u00e4den passt","og_url":"https:\/\/intermob.be\/de\/produkt\/led-bulb-gluehfadenlampe-6-4-cm\/","og_site_name":"Intermob Mobilier","article_modified_time":"2024-06-06T15:00:49+00:00","og_image":[{"width":800,"height":800,"url":"https:\/\/intermob.be\/wp-content\/uploads\/2024\/03\/products-Led-Bulb-Filament-Lamp-O-64-Cm--2.jpg","type":"image\/jpeg"}],"twitter_card":"summary_large_image","twitter_misc":{"Gesch\u00e4tzte Lesezeit":"2\u00a0Minuten"},"schema":{"@context":"https:\/\/schema.org","@graph":[{"@type":"WebPage","@id":"https:\/\/intermob.be\/de\/produkt\/led-bulb-gluehfadenlampe-6-4-cm\/","url":"https:\/\/intermob.be\/de\/produkt\/led-bulb-gluehfadenlampe-6-4-cm\/","name":"LED Bulb - Gl\u00fchfadenlampe - \u00d8 6.40 Cm","isPartOf":{"@id":"https:\/\/intermob.be\/de\/#website"},"primaryImageOfPage":{"@id":"https:\/\/intermob.be\/de\/produkt\/led-bulb-gluehfadenlampe-6-4-cm\/#primaryimage"},"image":{"@id":"https:\/\/intermob.be\/de\/produkt\/led-bulb-gluehfadenlampe-6-4-cm\/#primaryimage"},"thumbnailUrl":"https:\/\/intermob.be\/wp-content\/uploads\/2024\/03\/products-Led-Bulb-Filament-Lamp-O-64-Cm--2.jpg","datePublished":"2020-10-27T08:44:24+00:00","dateModified":"2024-06-06T15:00:49+00:00","breadcrumb":{"@id":"https:\/\/intermob.be\/de\/produkt\/led-bulb-gluehfadenlampe-6-4-cm\/#breadcrumb"},"inLanguage":"de","potentialAction":[{"@type":"ReadAction","target":["https:\/\/intermob.be\/de\/produkt\/led-bulb-gluehfadenlampe-6-4-cm\/"]}]},{"@type":"ImageObject","inLanguage":"de","@id":"https:\/\/intermob.be\/de\/produkt\/led-bulb-gluehfadenlampe-6-4-cm\/#primaryimage","url":"https:\/\/intermob.be\/wp-content\/uploads\/2024\/03\/products-Led-Bulb-Filament-Lamp-O-64-Cm--2.jpg","contentUrl":"https:\/\/intermob.be\/wp-content\/uploads\/2024\/03\/products-Led-Bulb-Filament-Lamp-O-64-Cm--2.jpg","width":800,"height":800,"caption":"Led Bulb - Filament Lamp - \u00d8 6,4 Cm"},{"@type":"BreadcrumbList","@id":"https:\/\/intermob.be\/de\/produkt\/led-bulb-gluehfadenlampe-6-4-cm\/#breadcrumb","itemListElement":[{"@type":"ListItem","position":1,"name":"Home","item":"https:\/\/intermob.be\/de\/"},{"@type":"ListItem","position":2,"name":"Shop","item":"https:\/\/intermob.be\/de\/shop\/"},{"@type":"ListItem","position":3,"name":"LED Bulb &#8211; Gl\u00fchfadenlampe &#8211; \u00d8 6.40 Cm"}]},{"@type":"WebSite","@id":"https:\/\/intermob.be\/de\/#website","url":"https:\/\/intermob.be\/de\/","name":"Intermob","description":"","publisher":{"@id":"https:\/\/intermob.be\/de\/#organization"},"potentialAction":[{"@type":"SearchAction","target":{"@type":"EntryPoint","urlTemplate":"https:\/\/intermob.be\/de\/?s={search_term_string}"},"query-input":{"@type":"PropertyValueSpecification","valueRequired":true,"valueName":"search_term_string"}}],"inLanguage":"de"},{"@type":"Organization","@id":"https:\/\/intermob.be\/de\/#organization","name":"Intermob Mobilier","url":"https:\/\/intermob.be\/de\/","logo":{"@type":"ImageObject","inLanguage":"de","@id":"https:\/\/intermob.be\/de\/#\/schema\/logo\/image\/","url":"https:\/\/intermob.be\/wp-content\/uploads\/2025\/09\/intb-bold-logo.png","contentUrl":"https:\/\/intermob.be\/wp-content\/uploads\/2025\/09\/intb-bold-logo.png","width":480,"height":158,"caption":"Intermob Mobilier"},"image":{"@id":"https:\/\/intermob.be\/de\/#\/schema\/logo\/image\/"}}]}},"_links":{"self":[{"href":"https:\/\/intermob.be\/de\/wp-json\/wp\/v2\/product\/78038","targetHints":{"allow":["GET"]}}],"collection":[{"href":"https:\/\/intermob.be\/de\/wp-json\/wp\/v2\/product"}],"about":[{"href":"https:\/\/intermob.be\/de\/wp-json\/wp\/v2\/types\/product"}],"replies":[{"embeddable":true,"href":"https:\/\/intermob.be\/de\/wp-json\/wp\/v2\/comments?post=78038"}],"version-history":[{"count":0,"href":"https:\/\/intermob.be\/de\/wp-json\/wp\/v2\/product\/78038\/revisions"}],"wp:featuredmedia":[{"embeddable":true,"href":"https:\/\/intermob.be\/de\/wp-json\/wp\/v2\/media\/78039"}],"wp:attachment":[{"href":"https:\/\/intermob.be\/de\/wp-json\/wp\/v2\/media?parent=78038"}],"wp:term":[{"taxonomy":"product_brand","embeddable":true,"href":"https:\/\/intermob.be\/de\/wp-json\/wp\/v2\/product_brand?post=78038"},{"taxonomy":"product_cat","embeddable":true,"href":"https:\/\/intermob.be\/de\/wp-json\/wp\/v2\/product_cat?post=78038"},{"taxonomy":"product_tag","embeddable":true,"href":"https:\/\/intermob.be\/de\/wp-json\/wp\/v2\/product_tag?post=78038"}],"curies":[{"name":"wp","href":"https:\/\/api.w.org\/{rel}","templated":true}]}}