{"id":78334,"date":"2020-12-21T09:52:02","date_gmt":"2020-12-21T09:52:02","guid":{"rendered":"https:\/\/intermob.be\/?post_type=product&#038;p=78334"},"modified":"2026-01-26T13:18:07","modified_gmt":"2026-01-26T13:18:07","slug":"horeca-plastik-stuhl-lagos","status":"publish","type":"product","link":"https:\/\/intermob.be\/de\/produkt\/horeca-plastik-stuhl-lagos\/","title":{"rendered":"Stapelbarer Sessel - Evora - Kunststoff"},"content":{"rendered":"<p><span style=\"color: #000000;\">Dieser vielseitige Kunststoff-Armstuhl, erh\u00e4ltlich in verschiedenen Farben, besteht aus gasunterst\u00fctztem Polypropylen, das mit Glasfaser f\u00fcr zus\u00e4tzliche Robustheit und Haltbarkeit verst\u00e4rkt ist. Das leichte Design macht ihn einfach stapelbar, sodass Lagerung und Transport im Handumdrehen m\u00f6glich sind. Dieser Stuhl bietet eine stilvolle und praktische L\u00f6sung f\u00fcr Gastronomieeinrichtungen wie Restaurants, Caf\u00e9s und Terrassen, die modernes Design mit platzsparendem Komfort verbinden m\u00f6chten. Lassen Sie Ihre G\u00e4ste Komfort und Design genie\u00dfen mit diesem pflegeleichten und langlebigen Armstuhl, ideal f\u00fcr den intensiven t\u00e4glichen Einsatz in belebten Umgebungen.<\/span><\/p>\n<p><span style=\"color: #000000;\">Minderstverkauf 20 St\u00fcck. Fragen Sie nach Informationen f\u00fcr den Kauf von weniger als 20 St\u00fcck. Bei Lagerbestand k\u00f6nnen wir auch weniger als 20 St\u00fcck liefern.<\/span><\/p>\n","protected":false},"excerpt":{"rendered":"<p>Dieser vielseitige Kunststoff-Armstuhl, erh\u00e4ltlich in verschiedenen Farben, besteht aus gasunterst\u00fctztem Polypropylen, das mit Glasfaser f\u00fcr zus\u00e4tzliche Robustheit und Haltbarkeit verst\u00e4rkt<\/p>\n","protected":false},"featured_media":110358,"comment_status":"open","ping_status":"closed","template":"","meta":[],"product_brand":[],"product_cat":[9783,9775,10043],"product_tag":[17390,17392,11628,11630,17388,17389],"class_list":{"0":"post-78334","1":"product","2":"type-product","3":"status-publish","4":"has-post-thumbnail","6":"product_cat-terrassenstuhl","7":"product_cat-kunststoff-stuhl","8":"product_cat-staphel-stuhle","9":"product_tag-horeca-moebel","10":"product_tag-meubles-horeca","11":"product_tag-kunststof","12":"product_tag-plastik-stuhl","13":"product_tag-horeca-furniture","14":"product_tag-horeca-meubelen","15":"pa_armrest-armrest-ja-de","16":"pa_frame-stapelbar-frame-de","17":"pa_product-color-color-schwarz-de","18":"pa_product-color-color-olive-de","19":"pa_product-color-color-taupe-de","20":"pa_product-color-color-weiss-de","21":"pa_product-color-color-camel-de","22":"pa_product-color-color-petroleumblau-de","23":"pa_product-material-material-synthetik","24":"pa_product-more-colors-ja-de","25":"pa_product-seat-height-cm-46-seat-height-cm-de","26":"pa_product-seats-1-seats-de","27":"pa_product-usage-usage-innen-draussen-de","29":"first","30":"instock","31":"sale","32":"taxable","33":"shipping-taxable","34":"purchasable","35":"product-type-variable","36":"hc-var-color"},"yoast_head":"<!-- This site is optimized with the Yoast SEO plugin v26.4 - https:\/\/yoast.com\/wordpress\/plugins\/seo\/ -->\n<title>Horeca Stapelbarer Terrassen Sessel - Evora - Kunststoff<\/title>\n<meta name=\"robots\" content=\"index, follow, max-snippet:-1, max-image-preview:large, max-video-preview:-1\" \/>\n<link rel=\"canonical\" href=\"https:\/\/intermob.be\/de\/produkt\/horeca-plastik-stuhl-lagos\/\" \/>\n<meta property=\"og:locale\" content=\"de_DE\" \/>\n<meta property=\"og:type\" content=\"article\" \/>\n<meta property=\"og:title\" content=\"Horeca Stapelbarer Terrassen Sessel - Evora - Kunststoff\" \/>\n<meta property=\"og:description\" content=\"Dieser vielseitige Kunststoff-Armstuhl, erh\u00e4ltlich in verschiedenen Farben, besteht aus gasunterst\u00fctztem Polypropylen, das mit Glasfaser f\u00fcr zus\u00e4tzliche Robustheit und Haltbarkeit verst\u00e4rkt\" \/>\n<meta property=\"og:url\" content=\"https:\/\/intermob.be\/de\/produkt\/horeca-plastik-stuhl-lagos\/\" \/>\n<meta property=\"og:site_name\" content=\"Intermob Mobilier\" \/>\n<meta property=\"article:modified_time\" content=\"2026-01-26T13:18:07+00:00\" \/>\n<meta property=\"og:image\" content=\"https:\/\/intermob.be\/wp-content\/uploads\/2024\/07\/Kunststof-Horeca-Stoel-Lagos-Zwart-1.jpg\" \/>\n\t<meta property=\"og:image:width\" content=\"800\" \/>\n\t<meta property=\"og:image:height\" content=\"800\" \/>\n\t<meta property=\"og:image:type\" content=\"image\/jpeg\" \/>\n<meta name=\"twitter:card\" content=\"summary_large_image\" \/>\n<meta name=\"twitter:label1\" content=\"Gesch\u00e4tzte Lesezeit\" \/>\n\t<meta name=\"twitter:data1\" content=\"1\u00a0Minute\" \/>\n<script type=\"application\/ld+json\" class=\"yoast-schema-graph\">{\"@context\":\"https:\/\/schema.org\",\"@graph\":[{\"@type\":\"WebPage\",\"@id\":\"https:\/\/intermob.be\/de\/produkt\/horeca-plastik-stuhl-lagos\/\",\"url\":\"https:\/\/intermob.be\/de\/produkt\/horeca-plastik-stuhl-lagos\/\",\"name\":\"Horeca Stapelbarer Terrassen Sessel - Evora - Kunststoff\",\"isPartOf\":{\"@id\":\"https:\/\/intermob.be\/de\/#website\"},\"primaryImageOfPage\":{\"@id\":\"https:\/\/intermob.be\/de\/produkt\/horeca-plastik-stuhl-lagos\/#primaryimage\"},\"image\":{\"@id\":\"https:\/\/intermob.be\/de\/produkt\/horeca-plastik-stuhl-lagos\/#primaryimage\"},\"thumbnailUrl\":\"https:\/\/intermob.be\/wp-content\/uploads\/2024\/07\/Kunststof-Horeca-Stoel-Lagos-Zwart-1.jpg\",\"datePublished\":\"2020-12-21T09:52:02+00:00\",\"dateModified\":\"2026-01-26T13:18:07+00:00\",\"breadcrumb\":{\"@id\":\"https:\/\/intermob.be\/de\/produkt\/horeca-plastik-stuhl-lagos\/#breadcrumb\"},\"inLanguage\":\"de\",\"potentialAction\":[{\"@type\":\"ReadAction\",\"target\":[\"https:\/\/intermob.be\/de\/produkt\/horeca-plastik-stuhl-lagos\/\"]}]},{\"@type\":\"ImageObject\",\"inLanguage\":\"de\",\"@id\":\"https:\/\/intermob.be\/de\/produkt\/horeca-plastik-stuhl-lagos\/#primaryimage\",\"url\":\"https:\/\/intermob.be\/wp-content\/uploads\/2024\/07\/Kunststof-Horeca-Stoel-Lagos-Zwart-1.jpg\",\"contentUrl\":\"https:\/\/intermob.be\/wp-content\/uploads\/2024\/07\/Kunststof-Horeca-Stoel-Lagos-Zwart-1.jpg\",\"width\":800,\"height\":800,\"caption\":\"Kunststof-Horeca-Stoel-Lagos-Zwart-1\"},{\"@type\":\"BreadcrumbList\",\"@id\":\"https:\/\/intermob.be\/de\/produkt\/horeca-plastik-stuhl-lagos\/#breadcrumb\",\"itemListElement\":[{\"@type\":\"ListItem\",\"position\":1,\"name\":\"Home\",\"item\":\"https:\/\/intermob.be\/de\/\"},{\"@type\":\"ListItem\",\"position\":2,\"name\":\"Shop\",\"item\":\"https:\/\/intermob.be\/de\/shop\/\"},{\"@type\":\"ListItem\",\"position\":3,\"name\":\"Stapelbarer Sessel - Evora - Kunststoff\"}]},{\"@type\":\"WebSite\",\"@id\":\"https:\/\/intermob.be\/de\/#website\",\"url\":\"https:\/\/intermob.be\/de\/\",\"name\":\"Intermob\",\"description\":\"\",\"publisher\":{\"@id\":\"https:\/\/intermob.be\/de\/#organization\"},\"potentialAction\":[{\"@type\":\"SearchAction\",\"target\":{\"@type\":\"EntryPoint\",\"urlTemplate\":\"https:\/\/intermob.be\/de\/?s={search_term_string}\"},\"query-input\":{\"@type\":\"PropertyValueSpecification\",\"valueRequired\":true,\"valueName\":\"search_term_string\"}}],\"inLanguage\":\"de\"},{\"@type\":\"Organization\",\"@id\":\"https:\/\/intermob.be\/de\/#organization\",\"name\":\"Intermob Mobilier\",\"url\":\"https:\/\/intermob.be\/de\/\",\"logo\":{\"@type\":\"ImageObject\",\"inLanguage\":\"de\",\"@id\":\"https:\/\/intermob.be\/de\/#\/schema\/logo\/image\/\",\"url\":\"https:\/\/intermob.be\/wp-content\/uploads\/2025\/09\/intb-bold-logo.png\",\"contentUrl\":\"https:\/\/intermob.be\/wp-content\/uploads\/2025\/09\/intb-bold-logo.png\",\"width\":480,\"height\":158,\"caption\":\"Intermob Mobilier\"},\"image\":{\"@id\":\"https:\/\/intermob.be\/de\/#\/schema\/logo\/image\/\"}}]}<\/script>\n<!-- \/ Yoast SEO plugin. -->","yoast_head_json":{"title":"Horeca Stapelbarer Terrassen Sessel - Evora - Kunststoff","robots":{"index":"index","follow":"follow","max-snippet":"max-snippet:-1","max-image-preview":"max-image-preview:large","max-video-preview":"max-video-preview:-1"},"canonical":"https:\/\/intermob.be\/de\/produkt\/horeca-plastik-stuhl-lagos\/","og_locale":"de_DE","og_type":"article","og_title":"Horeca Stapelbarer Terrassen Sessel - Evora - Kunststoff","og_description":"Dieser vielseitige Kunststoff-Armstuhl, erh\u00e4ltlich in verschiedenen Farben, besteht aus gasunterst\u00fctztem Polypropylen, das mit Glasfaser f\u00fcr zus\u00e4tzliche Robustheit und Haltbarkeit verst\u00e4rkt","og_url":"https:\/\/intermob.be\/de\/produkt\/horeca-plastik-stuhl-lagos\/","og_site_name":"Intermob Mobilier","article_modified_time":"2026-01-26T13:18:07+00:00","og_image":[{"width":800,"height":800,"url":"https:\/\/intermob.be\/wp-content\/uploads\/2024\/07\/Kunststof-Horeca-Stoel-Lagos-Zwart-1.jpg","type":"image\/jpeg"}],"twitter_card":"summary_large_image","twitter_misc":{"Gesch\u00e4tzte Lesezeit":"1\u00a0Minute"},"schema":{"@context":"https:\/\/schema.org","@graph":[{"@type":"WebPage","@id":"https:\/\/intermob.be\/de\/produkt\/horeca-plastik-stuhl-lagos\/","url":"https:\/\/intermob.be\/de\/produkt\/horeca-plastik-stuhl-lagos\/","name":"Horeca Stapelbarer Terrassen Sessel - Evora - Kunststoff","isPartOf":{"@id":"https:\/\/intermob.be\/de\/#website"},"primaryImageOfPage":{"@id":"https:\/\/intermob.be\/de\/produkt\/horeca-plastik-stuhl-lagos\/#primaryimage"},"image":{"@id":"https:\/\/intermob.be\/de\/produkt\/horeca-plastik-stuhl-lagos\/#primaryimage"},"thumbnailUrl":"https:\/\/intermob.be\/wp-content\/uploads\/2024\/07\/Kunststof-Horeca-Stoel-Lagos-Zwart-1.jpg","datePublished":"2020-12-21T09:52:02+00:00","dateModified":"2026-01-26T13:18:07+00:00","breadcrumb":{"@id":"https:\/\/intermob.be\/de\/produkt\/horeca-plastik-stuhl-lagos\/#breadcrumb"},"inLanguage":"de","potentialAction":[{"@type":"ReadAction","target":["https:\/\/intermob.be\/de\/produkt\/horeca-plastik-stuhl-lagos\/"]}]},{"@type":"ImageObject","inLanguage":"de","@id":"https:\/\/intermob.be\/de\/produkt\/horeca-plastik-stuhl-lagos\/#primaryimage","url":"https:\/\/intermob.be\/wp-content\/uploads\/2024\/07\/Kunststof-Horeca-Stoel-Lagos-Zwart-1.jpg","contentUrl":"https:\/\/intermob.be\/wp-content\/uploads\/2024\/07\/Kunststof-Horeca-Stoel-Lagos-Zwart-1.jpg","width":800,"height":800,"caption":"Kunststof-Horeca-Stoel-Lagos-Zwart-1"},{"@type":"BreadcrumbList","@id":"https:\/\/intermob.be\/de\/produkt\/horeca-plastik-stuhl-lagos\/#breadcrumb","itemListElement":[{"@type":"ListItem","position":1,"name":"Home","item":"https:\/\/intermob.be\/de\/"},{"@type":"ListItem","position":2,"name":"Shop","item":"https:\/\/intermob.be\/de\/shop\/"},{"@type":"ListItem","position":3,"name":"Stapelbarer Sessel - Evora - Kunststoff"}]},{"@type":"WebSite","@id":"https:\/\/intermob.be\/de\/#website","url":"https:\/\/intermob.be\/de\/","name":"Intermob","description":"","publisher":{"@id":"https:\/\/intermob.be\/de\/#organization"},"potentialAction":[{"@type":"SearchAction","target":{"@type":"EntryPoint","urlTemplate":"https:\/\/intermob.be\/de\/?s={search_term_string}"},"query-input":{"@type":"PropertyValueSpecification","valueRequired":true,"valueName":"search_term_string"}}],"inLanguage":"de"},{"@type":"Organization","@id":"https:\/\/intermob.be\/de\/#organization","name":"Intermob Mobilier","url":"https:\/\/intermob.be\/de\/","logo":{"@type":"ImageObject","inLanguage":"de","@id":"https:\/\/intermob.be\/de\/#\/schema\/logo\/image\/","url":"https:\/\/intermob.be\/wp-content\/uploads\/2025\/09\/intb-bold-logo.png","contentUrl":"https:\/\/intermob.be\/wp-content\/uploads\/2025\/09\/intb-bold-logo.png","width":480,"height":158,"caption":"Intermob Mobilier"},"image":{"@id":"https:\/\/intermob.be\/de\/#\/schema\/logo\/image\/"}}]}},"_links":{"self":[{"href":"https:\/\/intermob.be\/de\/wp-json\/wp\/v2\/product\/78334","targetHints":{"allow":["GET"]}}],"collection":[{"href":"https:\/\/intermob.be\/de\/wp-json\/wp\/v2\/product"}],"about":[{"href":"https:\/\/intermob.be\/de\/wp-json\/wp\/v2\/types\/product"}],"replies":[{"embeddable":true,"href":"https:\/\/intermob.be\/de\/wp-json\/wp\/v2\/comments?post=78334"}],"version-history":[{"count":1,"href":"https:\/\/intermob.be\/de\/wp-json\/wp\/v2\/product\/78334\/revisions"}],"predecessor-version":[{"id":156711,"href":"https:\/\/intermob.be\/de\/wp-json\/wp\/v2\/product\/78334\/revisions\/156711"}],"wp:featuredmedia":[{"embeddable":true,"href":"https:\/\/intermob.be\/de\/wp-json\/wp\/v2\/media\/110358"}],"wp:attachment":[{"href":"https:\/\/intermob.be\/de\/wp-json\/wp\/v2\/media?parent=78334"}],"wp:term":[{"taxonomy":"product_brand","embeddable":true,"href":"https:\/\/intermob.be\/de\/wp-json\/wp\/v2\/product_brand?post=78334"},{"taxonomy":"product_cat","embeddable":true,"href":"https:\/\/intermob.be\/de\/wp-json\/wp\/v2\/product_cat?post=78334"},{"taxonomy":"product_tag","embeddable":true,"href":"https:\/\/intermob.be\/de\/wp-json\/wp\/v2\/product_tag?post=78334"}],"curies":[{"name":"wp","href":"https:\/\/api.w.org\/{rel}","templated":true}]}}