{"id":78342,"date":"2020-12-21T10:15:51","date_gmt":"2020-12-21T10:15:51","guid":{"rendered":"https:\/\/intermob.be\/?post_type=product&#038;p=78342"},"modified":"2026-01-26T13:18:03","modified_gmt":"2026-01-26T13:18:03","slug":"horeca-stapelbarer-kunststoff-terrassenstuhl-evora","status":"publish","type":"product","link":"https:\/\/intermob.be\/de\/produkt\/horeca-stapelbarer-kunststoff-terrassenstuhl-evora\/","title":{"rendered":"Stapelbarer Stuhl - Evora - Kunststoff"},"content":{"rendered":"<p><span style=\"color: #000000;\">Dieser Kunststoffstuhl, erh\u00e4ltlich in verschiedenen Farben, besteht aus gasunterst\u00fctztem Polypropylen, das mit Glasfaser verst\u00e4rkt ist und hohe Festigkeit und Haltbarkeit gew\u00e4hrleistet. Das intelligente, leichte Design macht ihn einfach stapelbar, sodass Sie in belebten Gastronomieumgebungen schnell Platz sparen k\u00f6nnen. Ideal f\u00fcr Caf\u00e9s, Restaurants und Terrassen, die funktionale und stilvolle Sitzl\u00f6sungen ben\u00f6tigen. Dieser Stuhl bietet nicht nur Komfort und Stabilit\u00e4t, sondern tr\u00e4gt auch zu einer modernen und einladenden Atmosph\u00e4re bei, die Ihre G\u00e4ste sicherlich ansprechen wird. Perfekt f\u00fcr den intensiven t\u00e4glichen Einsatz und pflegeleicht.<\/span><\/p>\n","protected":false},"excerpt":{"rendered":"<p>Dieser Kunststoffstuhl, erh\u00e4ltlich in verschiedenen Farben, besteht aus gasunterst\u00fctztem Polypropylen, das mit Glasfaser verst\u00e4rkt ist und hohe Festigkeit und Haltbarkeit<\/p>\n","protected":false},"featured_media":78343,"comment_status":"open","ping_status":"closed","template":"","meta":[],"product_brand":[],"product_cat":[9783,9775,10043],"product_tag":[11628,11629,11630,11631,17388,17389,17390],"class_list":{"0":"post-78342","1":"product","2":"type-product","3":"status-publish","4":"has-post-thumbnail","6":"product_cat-terrassenstuhl","7":"product_cat-kunststoff-stuhl","8":"product_cat-staphel-stuhle","9":"product_tag-kunststof","10":"product_tag-plastic-chair","11":"product_tag-plastik-stuhl","12":"product_tag-chaise-en-plastique","13":"product_tag-horeca-furniture","14":"product_tag-horeca-meubelen","15":"product_tag-horeca-moebel","16":"pa_armrest-armrest-nein-de","17":"pa_frame-stapelbar-frame-de","18":"pa_product-color-color-schwarz-de","19":"pa_product-color-color-olive-de","20":"pa_product-color-color-taupe-de","21":"pa_product-color-color-weiss-de","22":"pa_product-color-color-camel-de","23":"pa_product-color-color-petroleumblau-de","24":"pa_product-material-material-synthetik","25":"pa_product-more-colors-ja-de","26":"pa_product-seat-height-cm-46-seat-height-cm-de","27":"pa_product-seats-1-seats-de","28":"pa_product-usage-usage-innen-draussen-de","30":"first","31":"instock","32":"sale","33":"taxable","34":"shipping-taxable","35":"purchasable","36":"product-type-variable","37":"hc-var-color"},"yoast_head":"<!-- This site is optimized with the Yoast SEO plugin v26.4 - https:\/\/yoast.com\/wordpress\/plugins\/seo\/ -->\n<title>Horeca Stapelbarer Terrassenstuhl - Evora - Kunststoff<\/title>\n<meta name=\"robots\" content=\"index, follow, max-snippet:-1, max-image-preview:large, max-video-preview:-1\" \/>\n<link rel=\"canonical\" href=\"https:\/\/intermob.be\/de\/produkt\/horeca-stapelbarer-kunststoff-terrassenstuhl-evora\/\" \/>\n<meta property=\"og:locale\" content=\"de_DE\" \/>\n<meta property=\"og:type\" content=\"article\" \/>\n<meta property=\"og:title\" content=\"Horeca Stapelbarer Terrassenstuhl - Evora - Kunststoff\" \/>\n<meta property=\"og:description\" content=\"Dieser Kunststoffstuhl, erh\u00e4ltlich in verschiedenen Farben, besteht aus gasunterst\u00fctztem Polypropylen, das mit Glasfaser verst\u00e4rkt ist und hohe Festigkeit und Haltbarkeit\" \/>\n<meta property=\"og:url\" content=\"https:\/\/intermob.be\/de\/produkt\/horeca-stapelbarer-kunststoff-terrassenstuhl-evora\/\" \/>\n<meta property=\"og:site_name\" content=\"Intermob Mobilier\" \/>\n<meta property=\"article:modified_time\" content=\"2026-01-26T13:18:03+00:00\" \/>\n<meta property=\"og:image\" content=\"https:\/\/intermob.be\/wp-content\/uploads\/2024\/03\/products-Kunststof-Horeca-Stoel-Evora-Zwart-1-2.jpg\" \/>\n\t<meta property=\"og:image:width\" content=\"800\" \/>\n\t<meta property=\"og:image:height\" content=\"800\" \/>\n\t<meta property=\"og:image:type\" content=\"image\/jpeg\" \/>\n<meta name=\"twitter:card\" content=\"summary_large_image\" \/>\n<meta name=\"twitter:label1\" content=\"Gesch\u00e4tzte Lesezeit\" \/>\n\t<meta name=\"twitter:data1\" content=\"1\u00a0Minute\" \/>\n<script type=\"application\/ld+json\" class=\"yoast-schema-graph\">{\"@context\":\"https:\/\/schema.org\",\"@graph\":[{\"@type\":\"WebPage\",\"@id\":\"https:\/\/intermob.be\/de\/produkt\/horeca-stapelbarer-kunststoff-terrassenstuhl-evora\/\",\"url\":\"https:\/\/intermob.be\/de\/produkt\/horeca-stapelbarer-kunststoff-terrassenstuhl-evora\/\",\"name\":\"Horeca Stapelbarer Terrassenstuhl - Evora - Kunststoff\",\"isPartOf\":{\"@id\":\"https:\/\/intermob.be\/de\/#website\"},\"primaryImageOfPage\":{\"@id\":\"https:\/\/intermob.be\/de\/produkt\/horeca-stapelbarer-kunststoff-terrassenstuhl-evora\/#primaryimage\"},\"image\":{\"@id\":\"https:\/\/intermob.be\/de\/produkt\/horeca-stapelbarer-kunststoff-terrassenstuhl-evora\/#primaryimage\"},\"thumbnailUrl\":\"https:\/\/intermob.be\/wp-content\/uploads\/2024\/03\/products-Kunststof-Horeca-Stoel-Evora-Zwart-1-2.jpg\",\"datePublished\":\"2020-12-21T10:15:51+00:00\",\"dateModified\":\"2026-01-26T13:18:03+00:00\",\"breadcrumb\":{\"@id\":\"https:\/\/intermob.be\/de\/produkt\/horeca-stapelbarer-kunststoff-terrassenstuhl-evora\/#breadcrumb\"},\"inLanguage\":\"de\",\"potentialAction\":[{\"@type\":\"ReadAction\",\"target\":[\"https:\/\/intermob.be\/de\/produkt\/horeca-stapelbarer-kunststoff-terrassenstuhl-evora\/\"]}]},{\"@type\":\"ImageObject\",\"inLanguage\":\"de\",\"@id\":\"https:\/\/intermob.be\/de\/produkt\/horeca-stapelbarer-kunststoff-terrassenstuhl-evora\/#primaryimage\",\"url\":\"https:\/\/intermob.be\/wp-content\/uploads\/2024\/03\/products-Kunststof-Horeca-Stoel-Evora-Zwart-1-2.jpg\",\"contentUrl\":\"https:\/\/intermob.be\/wp-content\/uploads\/2024\/03\/products-Kunststof-Horeca-Stoel-Evora-Zwart-1-2.jpg\",\"width\":800,\"height\":800,\"caption\":\"Kunststof Horeca Stoel - Evora - Zwart\"},{\"@type\":\"BreadcrumbList\",\"@id\":\"https:\/\/intermob.be\/de\/produkt\/horeca-stapelbarer-kunststoff-terrassenstuhl-evora\/#breadcrumb\",\"itemListElement\":[{\"@type\":\"ListItem\",\"position\":1,\"name\":\"Home\",\"item\":\"https:\/\/intermob.be\/de\/\"},{\"@type\":\"ListItem\",\"position\":2,\"name\":\"Shop\",\"item\":\"https:\/\/intermob.be\/de\/shop\/\"},{\"@type\":\"ListItem\",\"position\":3,\"name\":\"Stapelbarer Stuhl - Evora - Kunststoff\"}]},{\"@type\":\"WebSite\",\"@id\":\"https:\/\/intermob.be\/de\/#website\",\"url\":\"https:\/\/intermob.be\/de\/\",\"name\":\"Intermob\",\"description\":\"\",\"publisher\":{\"@id\":\"https:\/\/intermob.be\/de\/#organization\"},\"potentialAction\":[{\"@type\":\"SearchAction\",\"target\":{\"@type\":\"EntryPoint\",\"urlTemplate\":\"https:\/\/intermob.be\/de\/?s={search_term_string}\"},\"query-input\":{\"@type\":\"PropertyValueSpecification\",\"valueRequired\":true,\"valueName\":\"search_term_string\"}}],\"inLanguage\":\"de\"},{\"@type\":\"Organization\",\"@id\":\"https:\/\/intermob.be\/de\/#organization\",\"name\":\"Intermob Mobilier\",\"url\":\"https:\/\/intermob.be\/de\/\",\"logo\":{\"@type\":\"ImageObject\",\"inLanguage\":\"de\",\"@id\":\"https:\/\/intermob.be\/de\/#\/schema\/logo\/image\/\",\"url\":\"https:\/\/intermob.be\/wp-content\/uploads\/2025\/09\/intb-bold-logo.png\",\"contentUrl\":\"https:\/\/intermob.be\/wp-content\/uploads\/2025\/09\/intb-bold-logo.png\",\"width\":480,\"height\":158,\"caption\":\"Intermob Mobilier\"},\"image\":{\"@id\":\"https:\/\/intermob.be\/de\/#\/schema\/logo\/image\/\"}}]}<\/script>\n<!-- \/ Yoast SEO plugin. -->","yoast_head_json":{"title":"Horeca Stapelbarer Terrassenstuhl - Evora - Kunststoff","robots":{"index":"index","follow":"follow","max-snippet":"max-snippet:-1","max-image-preview":"max-image-preview:large","max-video-preview":"max-video-preview:-1"},"canonical":"https:\/\/intermob.be\/de\/produkt\/horeca-stapelbarer-kunststoff-terrassenstuhl-evora\/","og_locale":"de_DE","og_type":"article","og_title":"Horeca Stapelbarer Terrassenstuhl - Evora - Kunststoff","og_description":"Dieser Kunststoffstuhl, erh\u00e4ltlich in verschiedenen Farben, besteht aus gasunterst\u00fctztem Polypropylen, das mit Glasfaser verst\u00e4rkt ist und hohe Festigkeit und Haltbarkeit","og_url":"https:\/\/intermob.be\/de\/produkt\/horeca-stapelbarer-kunststoff-terrassenstuhl-evora\/","og_site_name":"Intermob Mobilier","article_modified_time":"2026-01-26T13:18:03+00:00","og_image":[{"width":800,"height":800,"url":"https:\/\/intermob.be\/wp-content\/uploads\/2024\/03\/products-Kunststof-Horeca-Stoel-Evora-Zwart-1-2.jpg","type":"image\/jpeg"}],"twitter_card":"summary_large_image","twitter_misc":{"Gesch\u00e4tzte Lesezeit":"1\u00a0Minute"},"schema":{"@context":"https:\/\/schema.org","@graph":[{"@type":"WebPage","@id":"https:\/\/intermob.be\/de\/produkt\/horeca-stapelbarer-kunststoff-terrassenstuhl-evora\/","url":"https:\/\/intermob.be\/de\/produkt\/horeca-stapelbarer-kunststoff-terrassenstuhl-evora\/","name":"Horeca Stapelbarer Terrassenstuhl - Evora - Kunststoff","isPartOf":{"@id":"https:\/\/intermob.be\/de\/#website"},"primaryImageOfPage":{"@id":"https:\/\/intermob.be\/de\/produkt\/horeca-stapelbarer-kunststoff-terrassenstuhl-evora\/#primaryimage"},"image":{"@id":"https:\/\/intermob.be\/de\/produkt\/horeca-stapelbarer-kunststoff-terrassenstuhl-evora\/#primaryimage"},"thumbnailUrl":"https:\/\/intermob.be\/wp-content\/uploads\/2024\/03\/products-Kunststof-Horeca-Stoel-Evora-Zwart-1-2.jpg","datePublished":"2020-12-21T10:15:51+00:00","dateModified":"2026-01-26T13:18:03+00:00","breadcrumb":{"@id":"https:\/\/intermob.be\/de\/produkt\/horeca-stapelbarer-kunststoff-terrassenstuhl-evora\/#breadcrumb"},"inLanguage":"de","potentialAction":[{"@type":"ReadAction","target":["https:\/\/intermob.be\/de\/produkt\/horeca-stapelbarer-kunststoff-terrassenstuhl-evora\/"]}]},{"@type":"ImageObject","inLanguage":"de","@id":"https:\/\/intermob.be\/de\/produkt\/horeca-stapelbarer-kunststoff-terrassenstuhl-evora\/#primaryimage","url":"https:\/\/intermob.be\/wp-content\/uploads\/2024\/03\/products-Kunststof-Horeca-Stoel-Evora-Zwart-1-2.jpg","contentUrl":"https:\/\/intermob.be\/wp-content\/uploads\/2024\/03\/products-Kunststof-Horeca-Stoel-Evora-Zwart-1-2.jpg","width":800,"height":800,"caption":"Kunststof Horeca Stoel - Evora - Zwart"},{"@type":"BreadcrumbList","@id":"https:\/\/intermob.be\/de\/produkt\/horeca-stapelbarer-kunststoff-terrassenstuhl-evora\/#breadcrumb","itemListElement":[{"@type":"ListItem","position":1,"name":"Home","item":"https:\/\/intermob.be\/de\/"},{"@type":"ListItem","position":2,"name":"Shop","item":"https:\/\/intermob.be\/de\/shop\/"},{"@type":"ListItem","position":3,"name":"Stapelbarer Stuhl - Evora - Kunststoff"}]},{"@type":"WebSite","@id":"https:\/\/intermob.be\/de\/#website","url":"https:\/\/intermob.be\/de\/","name":"Intermob","description":"","publisher":{"@id":"https:\/\/intermob.be\/de\/#organization"},"potentialAction":[{"@type":"SearchAction","target":{"@type":"EntryPoint","urlTemplate":"https:\/\/intermob.be\/de\/?s={search_term_string}"},"query-input":{"@type":"PropertyValueSpecification","valueRequired":true,"valueName":"search_term_string"}}],"inLanguage":"de"},{"@type":"Organization","@id":"https:\/\/intermob.be\/de\/#organization","name":"Intermob Mobilier","url":"https:\/\/intermob.be\/de\/","logo":{"@type":"ImageObject","inLanguage":"de","@id":"https:\/\/intermob.be\/de\/#\/schema\/logo\/image\/","url":"https:\/\/intermob.be\/wp-content\/uploads\/2025\/09\/intb-bold-logo.png","contentUrl":"https:\/\/intermob.be\/wp-content\/uploads\/2025\/09\/intb-bold-logo.png","width":480,"height":158,"caption":"Intermob Mobilier"},"image":{"@id":"https:\/\/intermob.be\/de\/#\/schema\/logo\/image\/"}}]}},"_links":{"self":[{"href":"https:\/\/intermob.be\/de\/wp-json\/wp\/v2\/product\/78342","targetHints":{"allow":["GET"]}}],"collection":[{"href":"https:\/\/intermob.be\/de\/wp-json\/wp\/v2\/product"}],"about":[{"href":"https:\/\/intermob.be\/de\/wp-json\/wp\/v2\/types\/product"}],"replies":[{"embeddable":true,"href":"https:\/\/intermob.be\/de\/wp-json\/wp\/v2\/comments?post=78342"}],"version-history":[{"count":1,"href":"https:\/\/intermob.be\/de\/wp-json\/wp\/v2\/product\/78342\/revisions"}],"predecessor-version":[{"id":156722,"href":"https:\/\/intermob.be\/de\/wp-json\/wp\/v2\/product\/78342\/revisions\/156722"}],"wp:featuredmedia":[{"embeddable":true,"href":"https:\/\/intermob.be\/de\/wp-json\/wp\/v2\/media\/78343"}],"wp:attachment":[{"href":"https:\/\/intermob.be\/de\/wp-json\/wp\/v2\/media?parent=78342"}],"wp:term":[{"taxonomy":"product_brand","embeddable":true,"href":"https:\/\/intermob.be\/de\/wp-json\/wp\/v2\/product_brand?post=78342"},{"taxonomy":"product_cat","embeddable":true,"href":"https:\/\/intermob.be\/de\/wp-json\/wp\/v2\/product_cat?post=78342"},{"taxonomy":"product_tag","embeddable":true,"href":"https:\/\/intermob.be\/de\/wp-json\/wp\/v2\/product_tag?post=78342"}],"curies":[{"name":"wp","href":"https:\/\/api.w.org\/{rel}","templated":true}]}}