{"id":78438,"date":"2020-12-21T12:34:49","date_gmt":"2020-12-21T12:34:49","guid":{"rendered":"https:\/\/intermob.be\/?post_type=product&#038;p=78438"},"modified":"2025-12-01T10:46:12","modified_gmt":"2025-12-01T10:46:12","slug":"horeca-stapelbar-terrassenstuhl-lorena","status":"publish","type":"product","link":"https:\/\/intermob.be\/de\/produkt\/horeca-stapelbar-terrassenstuhl-lorena\/","title":{"rendered":"Stapelbarer Stuhl - Lorena - Kunststoff"},"content":{"rendered":"<p><span style=\"color: #000000;\">Dieser Kunststoffstuhl, erh\u00e4ltlich in verschiedenen Farben, besteht aus robustem, gasunterst\u00fctztem Polypropylen, das mit Glasfaser verst\u00e4rkt ist und zus\u00e4tzliche Haltbarkeit und Stabilit\u00e4t bietet. Das moderne, minimalistische Design macht diesen Stuhl zur idealen Wahl f\u00fcr dynamische Gastronomieumgebungen wie Caf\u00e9s, Restaurants und Terrassen. Dank seiner praktischen Stapelbarkeit ist dieser Stuhl schnell und einfach zu lagern. Perfekt f\u00fcr flexible Aufstellungen und platzsparende L\u00f6sungen. Schaffen Sie eine einladende und stilvolle Atmosph\u00e4re f\u00fcr Ihre G\u00e4ste mit diesem robusten, pflegeleichten Stuhl, der Komfort und Funktionalit\u00e4t f\u00fcr den t\u00e4glichen intensiven Gebrauch bietet.<\/span><\/p>\n","protected":false},"excerpt":{"rendered":"<p>Dieser Kunststoffstuhl, erh\u00e4ltlich in verschiedenen Farben, besteht aus robustem, gasunterst\u00fctztem Polypropylen, das mit Glasfaser verst\u00e4rkt ist und zus\u00e4tzliche Haltbarkeit und<\/p>\n","protected":false},"featured_media":72295,"comment_status":"open","ping_status":"closed","template":"","meta":[],"product_brand":[],"product_cat":[9783,9775,10043],"product_tag":[17389,17390,17392,11628,11630,17388],"class_list":{"0":"post-78438","1":"product","2":"type-product","3":"status-publish","4":"has-post-thumbnail","6":"product_cat-terrassenstuhl","7":"product_cat-kunststoff-stuhl","8":"product_cat-staphel-stuhle","9":"product_tag-horeca-meubelen","10":"product_tag-horeca-moebel","11":"product_tag-meubles-horeca","12":"product_tag-kunststof","13":"product_tag-plastik-stuhl","14":"product_tag-horeca-furniture","15":"pa_armrest-armrest-nein-de","16":"pa_frame-stapelbar-frame-de","17":"pa_product-color-color-schwarz-de","18":"pa_product-color-color-olive-de","19":"pa_product-color-color-taupe-de","20":"pa_product-color-color-bordeaux-de","21":"pa_product-color-color-grau-de","22":"pa_product-color-color-rot-de","23":"pa_product-color-color-weiss-de","24":"pa_product-color-color-orange-de","25":"pa_product-color-color-backstein-de","26":"pa_product-material-material-synthetik","27":"pa_product-more-colors-ja-de","28":"pa_product-seat-height-cm-44-seat-height-cm-de","29":"pa_product-seats-1-seats-de","30":"pa_product-usage-usage-innen-draussen-de","32":"first","33":"instock","34":"sale","35":"featured","36":"taxable","37":"shipping-taxable","38":"purchasable","39":"product-type-variable","40":"hc-var-color"},"yoast_head":"<!-- This site is optimized with the Yoast SEO plugin v26.4 - https:\/\/yoast.com\/wordpress\/plugins\/seo\/ -->\n<title>Horeca Stapelbarer Terrassenstuhl - Lorena - Kunststoff<\/title>\n<meta name=\"robots\" content=\"index, follow, max-snippet:-1, max-image-preview:large, max-video-preview:-1\" \/>\n<link rel=\"canonical\" href=\"https:\/\/intermob.be\/de\/produkt\/horeca-stapelbar-terrassenstuhl-lorena\/\" \/>\n<meta property=\"og:locale\" content=\"de_DE\" \/>\n<meta property=\"og:type\" content=\"article\" \/>\n<meta property=\"og:title\" content=\"Horeca Stapelbarer Terrassenstuhl - Lorena - Kunststoff\" \/>\n<meta property=\"og:description\" content=\"Dieser Kunststoffstuhl, erh\u00e4ltlich in verschiedenen Farben, besteht aus robustem, gasunterst\u00fctztem Polypropylen, das mit Glasfaser verst\u00e4rkt ist und zus\u00e4tzliche Haltbarkeit und\" \/>\n<meta property=\"og:url\" content=\"https:\/\/intermob.be\/de\/produkt\/horeca-stapelbar-terrassenstuhl-lorena\/\" \/>\n<meta property=\"og:site_name\" content=\"Intermob Mobilier\" \/>\n<meta property=\"article:modified_time\" content=\"2025-12-01T10:46:12+00:00\" \/>\n<meta property=\"og:image\" content=\"https:\/\/intermob.be\/wp-content\/uploads\/2024\/03\/products-Stapelbaar-Horeca-Terrasstoel-Lorena-Zwart-3-2.jpg\" \/>\n\t<meta property=\"og:image:width\" content=\"800\" \/>\n\t<meta property=\"og:image:height\" content=\"800\" \/>\n\t<meta property=\"og:image:type\" content=\"image\/jpeg\" \/>\n<meta name=\"twitter:card\" content=\"summary_large_image\" \/>\n<meta name=\"twitter:label1\" content=\"Gesch\u00e4tzte Lesezeit\" \/>\n\t<meta name=\"twitter:data1\" content=\"1\u00a0Minute\" \/>\n<script type=\"application\/ld+json\" class=\"yoast-schema-graph\">{\"@context\":\"https:\/\/schema.org\",\"@graph\":[{\"@type\":\"WebPage\",\"@id\":\"https:\/\/intermob.be\/de\/produkt\/horeca-stapelbar-terrassenstuhl-lorena\/\",\"url\":\"https:\/\/intermob.be\/de\/produkt\/horeca-stapelbar-terrassenstuhl-lorena\/\",\"name\":\"Horeca Stapelbarer Terrassenstuhl - Lorena - Kunststoff\",\"isPartOf\":{\"@id\":\"https:\/\/intermob.be\/de\/#website\"},\"primaryImageOfPage\":{\"@id\":\"https:\/\/intermob.be\/de\/produkt\/horeca-stapelbar-terrassenstuhl-lorena\/#primaryimage\"},\"image\":{\"@id\":\"https:\/\/intermob.be\/de\/produkt\/horeca-stapelbar-terrassenstuhl-lorena\/#primaryimage\"},\"thumbnailUrl\":\"https:\/\/intermob.be\/wp-content\/uploads\/2024\/03\/products-Stapelbaar-Horeca-Terrasstoel-Lorena-Zwart-3-2.jpg\",\"datePublished\":\"2020-12-21T12:34:49+00:00\",\"dateModified\":\"2025-12-01T10:46:12+00:00\",\"breadcrumb\":{\"@id\":\"https:\/\/intermob.be\/de\/produkt\/horeca-stapelbar-terrassenstuhl-lorena\/#breadcrumb\"},\"inLanguage\":\"de\",\"potentialAction\":[{\"@type\":\"ReadAction\",\"target\":[\"https:\/\/intermob.be\/de\/produkt\/horeca-stapelbar-terrassenstuhl-lorena\/\"]}]},{\"@type\":\"ImageObject\",\"inLanguage\":\"de\",\"@id\":\"https:\/\/intermob.be\/de\/produkt\/horeca-stapelbar-terrassenstuhl-lorena\/#primaryimage\",\"url\":\"https:\/\/intermob.be\/wp-content\/uploads\/2024\/03\/products-Stapelbaar-Horeca-Terrasstoel-Lorena-Zwart-3-2.jpg\",\"contentUrl\":\"https:\/\/intermob.be\/wp-content\/uploads\/2024\/03\/products-Stapelbaar-Horeca-Terrasstoel-Lorena-Zwart-3-2.jpg\",\"width\":800,\"height\":800,\"caption\":\"Stapelbaar-Horeca-Terrasstoel-Lorena-Zwart\"},{\"@type\":\"BreadcrumbList\",\"@id\":\"https:\/\/intermob.be\/de\/produkt\/horeca-stapelbar-terrassenstuhl-lorena\/#breadcrumb\",\"itemListElement\":[{\"@type\":\"ListItem\",\"position\":1,\"name\":\"Home\",\"item\":\"https:\/\/intermob.be\/de\/\"},{\"@type\":\"ListItem\",\"position\":2,\"name\":\"Shop\",\"item\":\"https:\/\/intermob.be\/de\/shop\/\"},{\"@type\":\"ListItem\",\"position\":3,\"name\":\"Stapelbarer Stuhl - Lorena - Kunststoff\"}]},{\"@type\":\"WebSite\",\"@id\":\"https:\/\/intermob.be\/de\/#website\",\"url\":\"https:\/\/intermob.be\/de\/\",\"name\":\"Intermob\",\"description\":\"\",\"publisher\":{\"@id\":\"https:\/\/intermob.be\/de\/#organization\"},\"potentialAction\":[{\"@type\":\"SearchAction\",\"target\":{\"@type\":\"EntryPoint\",\"urlTemplate\":\"https:\/\/intermob.be\/de\/?s={search_term_string}\"},\"query-input\":{\"@type\":\"PropertyValueSpecification\",\"valueRequired\":true,\"valueName\":\"search_term_string\"}}],\"inLanguage\":\"de\"},{\"@type\":\"Organization\",\"@id\":\"https:\/\/intermob.be\/de\/#organization\",\"name\":\"Intermob Mobilier\",\"url\":\"https:\/\/intermob.be\/de\/\",\"logo\":{\"@type\":\"ImageObject\",\"inLanguage\":\"de\",\"@id\":\"https:\/\/intermob.be\/de\/#\/schema\/logo\/image\/\",\"url\":\"https:\/\/intermob.be\/wp-content\/uploads\/2025\/09\/intb-bold-logo.png\",\"contentUrl\":\"https:\/\/intermob.be\/wp-content\/uploads\/2025\/09\/intb-bold-logo.png\",\"width\":480,\"height\":158,\"caption\":\"Intermob Mobilier\"},\"image\":{\"@id\":\"https:\/\/intermob.be\/de\/#\/schema\/logo\/image\/\"}}]}<\/script>\n<!-- \/ Yoast SEO plugin. -->","yoast_head_json":{"title":"Horeca Stapelbarer Terrassenstuhl - Lorena - Kunststoff","robots":{"index":"index","follow":"follow","max-snippet":"max-snippet:-1","max-image-preview":"max-image-preview:large","max-video-preview":"max-video-preview:-1"},"canonical":"https:\/\/intermob.be\/de\/produkt\/horeca-stapelbar-terrassenstuhl-lorena\/","og_locale":"de_DE","og_type":"article","og_title":"Horeca Stapelbarer Terrassenstuhl - Lorena - Kunststoff","og_description":"Dieser Kunststoffstuhl, erh\u00e4ltlich in verschiedenen Farben, besteht aus robustem, gasunterst\u00fctztem Polypropylen, das mit Glasfaser verst\u00e4rkt ist und zus\u00e4tzliche Haltbarkeit und","og_url":"https:\/\/intermob.be\/de\/produkt\/horeca-stapelbar-terrassenstuhl-lorena\/","og_site_name":"Intermob Mobilier","article_modified_time":"2025-12-01T10:46:12+00:00","og_image":[{"width":800,"height":800,"url":"https:\/\/intermob.be\/wp-content\/uploads\/2024\/03\/products-Stapelbaar-Horeca-Terrasstoel-Lorena-Zwart-3-2.jpg","type":"image\/jpeg"}],"twitter_card":"summary_large_image","twitter_misc":{"Gesch\u00e4tzte Lesezeit":"1\u00a0Minute"},"schema":{"@context":"https:\/\/schema.org","@graph":[{"@type":"WebPage","@id":"https:\/\/intermob.be\/de\/produkt\/horeca-stapelbar-terrassenstuhl-lorena\/","url":"https:\/\/intermob.be\/de\/produkt\/horeca-stapelbar-terrassenstuhl-lorena\/","name":"Horeca Stapelbarer Terrassenstuhl - Lorena - Kunststoff","isPartOf":{"@id":"https:\/\/intermob.be\/de\/#website"},"primaryImageOfPage":{"@id":"https:\/\/intermob.be\/de\/produkt\/horeca-stapelbar-terrassenstuhl-lorena\/#primaryimage"},"image":{"@id":"https:\/\/intermob.be\/de\/produkt\/horeca-stapelbar-terrassenstuhl-lorena\/#primaryimage"},"thumbnailUrl":"https:\/\/intermob.be\/wp-content\/uploads\/2024\/03\/products-Stapelbaar-Horeca-Terrasstoel-Lorena-Zwart-3-2.jpg","datePublished":"2020-12-21T12:34:49+00:00","dateModified":"2025-12-01T10:46:12+00:00","breadcrumb":{"@id":"https:\/\/intermob.be\/de\/produkt\/horeca-stapelbar-terrassenstuhl-lorena\/#breadcrumb"},"inLanguage":"de","potentialAction":[{"@type":"ReadAction","target":["https:\/\/intermob.be\/de\/produkt\/horeca-stapelbar-terrassenstuhl-lorena\/"]}]},{"@type":"ImageObject","inLanguage":"de","@id":"https:\/\/intermob.be\/de\/produkt\/horeca-stapelbar-terrassenstuhl-lorena\/#primaryimage","url":"https:\/\/intermob.be\/wp-content\/uploads\/2024\/03\/products-Stapelbaar-Horeca-Terrasstoel-Lorena-Zwart-3-2.jpg","contentUrl":"https:\/\/intermob.be\/wp-content\/uploads\/2024\/03\/products-Stapelbaar-Horeca-Terrasstoel-Lorena-Zwart-3-2.jpg","width":800,"height":800,"caption":"Stapelbaar-Horeca-Terrasstoel-Lorena-Zwart"},{"@type":"BreadcrumbList","@id":"https:\/\/intermob.be\/de\/produkt\/horeca-stapelbar-terrassenstuhl-lorena\/#breadcrumb","itemListElement":[{"@type":"ListItem","position":1,"name":"Home","item":"https:\/\/intermob.be\/de\/"},{"@type":"ListItem","position":2,"name":"Shop","item":"https:\/\/intermob.be\/de\/shop\/"},{"@type":"ListItem","position":3,"name":"Stapelbarer Stuhl - Lorena - Kunststoff"}]},{"@type":"WebSite","@id":"https:\/\/intermob.be\/de\/#website","url":"https:\/\/intermob.be\/de\/","name":"Intermob","description":"","publisher":{"@id":"https:\/\/intermob.be\/de\/#organization"},"potentialAction":[{"@type":"SearchAction","target":{"@type":"EntryPoint","urlTemplate":"https:\/\/intermob.be\/de\/?s={search_term_string}"},"query-input":{"@type":"PropertyValueSpecification","valueRequired":true,"valueName":"search_term_string"}}],"inLanguage":"de"},{"@type":"Organization","@id":"https:\/\/intermob.be\/de\/#organization","name":"Intermob Mobilier","url":"https:\/\/intermob.be\/de\/","logo":{"@type":"ImageObject","inLanguage":"de","@id":"https:\/\/intermob.be\/de\/#\/schema\/logo\/image\/","url":"https:\/\/intermob.be\/wp-content\/uploads\/2025\/09\/intb-bold-logo.png","contentUrl":"https:\/\/intermob.be\/wp-content\/uploads\/2025\/09\/intb-bold-logo.png","width":480,"height":158,"caption":"Intermob Mobilier"},"image":{"@id":"https:\/\/intermob.be\/de\/#\/schema\/logo\/image\/"}}]}},"_links":{"self":[{"href":"https:\/\/intermob.be\/de\/wp-json\/wp\/v2\/product\/78438","targetHints":{"allow":["GET"]}}],"collection":[{"href":"https:\/\/intermob.be\/de\/wp-json\/wp\/v2\/product"}],"about":[{"href":"https:\/\/intermob.be\/de\/wp-json\/wp\/v2\/types\/product"}],"replies":[{"embeddable":true,"href":"https:\/\/intermob.be\/de\/wp-json\/wp\/v2\/comments?post=78438"}],"version-history":[{"count":0,"href":"https:\/\/intermob.be\/de\/wp-json\/wp\/v2\/product\/78438\/revisions"}],"wp:featuredmedia":[{"embeddable":true,"href":"https:\/\/intermob.be\/de\/wp-json\/wp\/v2\/media\/72295"}],"wp:attachment":[{"href":"https:\/\/intermob.be\/de\/wp-json\/wp\/v2\/media?parent=78438"}],"wp:term":[{"taxonomy":"product_brand","embeddable":true,"href":"https:\/\/intermob.be\/de\/wp-json\/wp\/v2\/product_brand?post=78438"},{"taxonomy":"product_cat","embeddable":true,"href":"https:\/\/intermob.be\/de\/wp-json\/wp\/v2\/product_cat?post=78438"},{"taxonomy":"product_tag","embeddable":true,"href":"https:\/\/intermob.be\/de\/wp-json\/wp\/v2\/product_tag?post=78438"}],"curies":[{"name":"wp","href":"https:\/\/api.w.org\/{rel}","templated":true}]}}