{"id":80654,"date":"2021-04-09T14:59:04","date_gmt":"2021-04-09T14:59:04","guid":{"rendered":"https:\/\/intermob.be\/?post_type=product&#038;p=80654"},"modified":"2026-01-26T13:18:02","modified_gmt":"2026-01-26T13:18:02","slug":"horeca-stapelbar-terrasse-armstuhl-lorena","status":"publish","type":"product","link":"https:\/\/intermob.be\/de\/produkt\/horeca-stapelbar-terrasse-armstuhl-lorena\/","title":{"rendered":"Stapelbarer Sessel - Lorena - Kunststoff"},"content":{"rendered":"<p><span style=\"color: #000000;\">Dieser stilvolle Kunststoff-Armstuhl, erh\u00e4ltlich in verschiedenen trendigen Farben, besteht aus gasunterst\u00fctztem Polypropylen und ist mit Glasfaser verst\u00e4rkt, was f\u00fcr un\u00fcbertroffene Festigkeit und ein leichtes Design sorgt. Das schlanke, moderne Erscheinungsbild passt perfekt in jede Gastronomieumgebung und verleiht Ihrem Interieur einen Hauch von Raffinesse. Dank der stapelbaren Funktionalit\u00e4t l\u00e4sst sich dieser Stuhl einfach lagern, ideal f\u00fcr dynamische Umgebungen wie Restaurants, Caf\u00e9s und Terrassen, in denen Platzersparnis und schnelles Verstauen entscheidend sind. Kombinieren Sie Funktionalit\u00e4t mit Stil und beeindrucken Sie Ihre G\u00e4ste mit einem Sitzkomfort, der auch bei intensiver Nutzung lange h\u00e4lt.<\/span><\/p>\n<p><span style=\"color: #000000;\">Minderstverkauf 20 St\u00fcck. Fragen Sie nach Informationen f\u00fcr den Kauf von weniger als 20 St\u00fcck. Bei Lagerbestand k\u00f6nnen wir auch weniger als 20 St\u00fcck liefern.<\/span><\/p>\n","protected":false},"excerpt":{"rendered":"<p>Dieser stilvolle Kunststoff-Armstuhl, erh\u00e4ltlich in verschiedenen trendigen Farben, besteht aus gasunterst\u00fctztem Polypropylen und ist mit Glasfaser verst\u00e4rkt, was f\u00fcr un\u00fcbertroffene<\/p>\n","protected":false},"featured_media":80615,"comment_status":"open","ping_status":"closed","template":"","meta":[],"product_brand":[],"product_cat":[9783,9775,10043],"product_tag":[11628,17388,17389,17390,17392],"class_list":{"0":"post-80654","1":"product","2":"type-product","3":"status-publish","4":"has-post-thumbnail","6":"product_cat-terrassenstuhl","7":"product_cat-kunststoff-stuhl","8":"product_cat-staphel-stuhle","9":"product_tag-kunststof","10":"product_tag-horeca-furniture","11":"product_tag-horeca-meubelen","12":"product_tag-horeca-moebel","13":"product_tag-meubles-horeca","14":"pa_armrest-armrest-ja-de","15":"pa_frame-stapelbar-frame-de","16":"pa_product-color-color-schwarz-de","17":"pa_product-color-color-taupe-de","18":"pa_product-color-color-bordeaux-de","19":"pa_product-color-color-grau-de","20":"pa_product-color-color-weiss-de","21":"pa_product-color-color-backstein-de","22":"pa_product-material-material-synthetik","23":"pa_product-more-colors-ja-de","24":"pa_product-seat-height-cm-46-seat-height-cm-de","25":"pa_product-seats-1-seats-de","26":"pa_product-usage-usage-innen-draussen-de","28":"first","29":"instock","30":"sale","31":"featured","32":"taxable","33":"shipping-taxable","34":"purchasable","35":"product-type-variable","36":"hc-var-color"},"yoast_head":"<!-- This site is optimized with the Yoast SEO plugin v26.4 - https:\/\/yoast.com\/wordpress\/plugins\/seo\/ -->\n<title>Horeca Stapelbarer Terrassen Sessel - Lorena - Kunststoff<\/title>\n<meta name=\"robots\" content=\"index, follow, max-snippet:-1, max-image-preview:large, max-video-preview:-1\" \/>\n<link rel=\"canonical\" href=\"https:\/\/intermob.be\/de\/produkt\/horeca-stapelbar-terrasse-armstuhl-lorena\/\" \/>\n<meta property=\"og:locale\" content=\"de_DE\" \/>\n<meta property=\"og:type\" content=\"article\" \/>\n<meta property=\"og:title\" content=\"Horeca Stapelbarer Terrassen Sessel - Lorena - Kunststoff\" \/>\n<meta property=\"og:description\" content=\"Dieser stilvolle Kunststoff-Armstuhl, erh\u00e4ltlich in verschiedenen trendigen Farben, besteht aus gasunterst\u00fctztem Polypropylen und ist mit Glasfaser verst\u00e4rkt, was f\u00fcr un\u00fcbertroffene\" \/>\n<meta property=\"og:url\" content=\"https:\/\/intermob.be\/de\/produkt\/horeca-stapelbar-terrasse-armstuhl-lorena\/\" \/>\n<meta property=\"og:site_name\" content=\"Intermob Mobilier\" \/>\n<meta property=\"article:modified_time\" content=\"2026-01-26T13:18:02+00:00\" \/>\n<meta property=\"og:image\" content=\"https:\/\/intermob.be\/wp-content\/uploads\/2024\/03\/products-Stapelbaar-Horeca-Terrastoel-Met-Arm-Lorena-Zwart-900-2.jpg\" \/>\n\t<meta property=\"og:image:width\" content=\"800\" \/>\n\t<meta property=\"og:image:height\" content=\"800\" \/>\n\t<meta property=\"og:image:type\" content=\"image\/jpeg\" \/>\n<meta name=\"twitter:card\" content=\"summary_large_image\" \/>\n<meta name=\"twitter:label1\" content=\"Gesch\u00e4tzte Lesezeit\" \/>\n\t<meta name=\"twitter:data1\" content=\"1\u00a0Minute\" \/>\n<script type=\"application\/ld+json\" class=\"yoast-schema-graph\">{\"@context\":\"https:\/\/schema.org\",\"@graph\":[{\"@type\":\"WebPage\",\"@id\":\"https:\/\/intermob.be\/de\/produkt\/horeca-stapelbar-terrasse-armstuhl-lorena\/\",\"url\":\"https:\/\/intermob.be\/de\/produkt\/horeca-stapelbar-terrasse-armstuhl-lorena\/\",\"name\":\"Horeca Stapelbarer Terrassen Sessel - Lorena - Kunststoff\",\"isPartOf\":{\"@id\":\"https:\/\/intermob.be\/de\/#website\"},\"primaryImageOfPage\":{\"@id\":\"https:\/\/intermob.be\/de\/produkt\/horeca-stapelbar-terrasse-armstuhl-lorena\/#primaryimage\"},\"image\":{\"@id\":\"https:\/\/intermob.be\/de\/produkt\/horeca-stapelbar-terrasse-armstuhl-lorena\/#primaryimage\"},\"thumbnailUrl\":\"https:\/\/intermob.be\/wp-content\/uploads\/2024\/03\/products-Stapelbaar-Horeca-Terrastoel-Met-Arm-Lorena-Zwart-900-2.jpg\",\"datePublished\":\"2021-04-09T14:59:04+00:00\",\"dateModified\":\"2026-01-26T13:18:02+00:00\",\"breadcrumb\":{\"@id\":\"https:\/\/intermob.be\/de\/produkt\/horeca-stapelbar-terrasse-armstuhl-lorena\/#breadcrumb\"},\"inLanguage\":\"de\",\"potentialAction\":[{\"@type\":\"ReadAction\",\"target\":[\"https:\/\/intermob.be\/de\/produkt\/horeca-stapelbar-terrasse-armstuhl-lorena\/\"]}]},{\"@type\":\"ImageObject\",\"inLanguage\":\"de\",\"@id\":\"https:\/\/intermob.be\/de\/produkt\/horeca-stapelbar-terrasse-armstuhl-lorena\/#primaryimage\",\"url\":\"https:\/\/intermob.be\/wp-content\/uploads\/2024\/03\/products-Stapelbaar-Horeca-Terrastoel-Met-Arm-Lorena-Zwart-900-2.jpg\",\"contentUrl\":\"https:\/\/intermob.be\/wp-content\/uploads\/2024\/03\/products-Stapelbaar-Horeca-Terrastoel-Met-Arm-Lorena-Zwart-900-2.jpg\",\"width\":800,\"height\":800,\"caption\":\"Stapelbaar-Horeca-Terrastoel-Met-Arm-Lorena-Zwart-900\"},{\"@type\":\"BreadcrumbList\",\"@id\":\"https:\/\/intermob.be\/de\/produkt\/horeca-stapelbar-terrasse-armstuhl-lorena\/#breadcrumb\",\"itemListElement\":[{\"@type\":\"ListItem\",\"position\":1,\"name\":\"Home\",\"item\":\"https:\/\/intermob.be\/de\/\"},{\"@type\":\"ListItem\",\"position\":2,\"name\":\"Shop\",\"item\":\"https:\/\/intermob.be\/de\/shop\/\"},{\"@type\":\"ListItem\",\"position\":3,\"name\":\"Stapelbarer Sessel - Lorena - Kunststoff\"}]},{\"@type\":\"WebSite\",\"@id\":\"https:\/\/intermob.be\/de\/#website\",\"url\":\"https:\/\/intermob.be\/de\/\",\"name\":\"Intermob\",\"description\":\"\",\"publisher\":{\"@id\":\"https:\/\/intermob.be\/de\/#organization\"},\"potentialAction\":[{\"@type\":\"SearchAction\",\"target\":{\"@type\":\"EntryPoint\",\"urlTemplate\":\"https:\/\/intermob.be\/de\/?s={search_term_string}\"},\"query-input\":{\"@type\":\"PropertyValueSpecification\",\"valueRequired\":true,\"valueName\":\"search_term_string\"}}],\"inLanguage\":\"de\"},{\"@type\":\"Organization\",\"@id\":\"https:\/\/intermob.be\/de\/#organization\",\"name\":\"Intermob Mobilier\",\"url\":\"https:\/\/intermob.be\/de\/\",\"logo\":{\"@type\":\"ImageObject\",\"inLanguage\":\"de\",\"@id\":\"https:\/\/intermob.be\/de\/#\/schema\/logo\/image\/\",\"url\":\"https:\/\/intermob.be\/wp-content\/uploads\/2025\/09\/intb-bold-logo.png\",\"contentUrl\":\"https:\/\/intermob.be\/wp-content\/uploads\/2025\/09\/intb-bold-logo.png\",\"width\":480,\"height\":158,\"caption\":\"Intermob Mobilier\"},\"image\":{\"@id\":\"https:\/\/intermob.be\/de\/#\/schema\/logo\/image\/\"}}]}<\/script>\n<!-- \/ Yoast SEO plugin. -->","yoast_head_json":{"title":"Horeca Stapelbarer Terrassen Sessel - Lorena - Kunststoff","robots":{"index":"index","follow":"follow","max-snippet":"max-snippet:-1","max-image-preview":"max-image-preview:large","max-video-preview":"max-video-preview:-1"},"canonical":"https:\/\/intermob.be\/de\/produkt\/horeca-stapelbar-terrasse-armstuhl-lorena\/","og_locale":"de_DE","og_type":"article","og_title":"Horeca Stapelbarer Terrassen Sessel - Lorena - Kunststoff","og_description":"Dieser stilvolle Kunststoff-Armstuhl, erh\u00e4ltlich in verschiedenen trendigen Farben, besteht aus gasunterst\u00fctztem Polypropylen und ist mit Glasfaser verst\u00e4rkt, was f\u00fcr un\u00fcbertroffene","og_url":"https:\/\/intermob.be\/de\/produkt\/horeca-stapelbar-terrasse-armstuhl-lorena\/","og_site_name":"Intermob Mobilier","article_modified_time":"2026-01-26T13:18:02+00:00","og_image":[{"width":800,"height":800,"url":"https:\/\/intermob.be\/wp-content\/uploads\/2024\/03\/products-Stapelbaar-Horeca-Terrastoel-Met-Arm-Lorena-Zwart-900-2.jpg","type":"image\/jpeg"}],"twitter_card":"summary_large_image","twitter_misc":{"Gesch\u00e4tzte Lesezeit":"1\u00a0Minute"},"schema":{"@context":"https:\/\/schema.org","@graph":[{"@type":"WebPage","@id":"https:\/\/intermob.be\/de\/produkt\/horeca-stapelbar-terrasse-armstuhl-lorena\/","url":"https:\/\/intermob.be\/de\/produkt\/horeca-stapelbar-terrasse-armstuhl-lorena\/","name":"Horeca Stapelbarer Terrassen Sessel - Lorena - Kunststoff","isPartOf":{"@id":"https:\/\/intermob.be\/de\/#website"},"primaryImageOfPage":{"@id":"https:\/\/intermob.be\/de\/produkt\/horeca-stapelbar-terrasse-armstuhl-lorena\/#primaryimage"},"image":{"@id":"https:\/\/intermob.be\/de\/produkt\/horeca-stapelbar-terrasse-armstuhl-lorena\/#primaryimage"},"thumbnailUrl":"https:\/\/intermob.be\/wp-content\/uploads\/2024\/03\/products-Stapelbaar-Horeca-Terrastoel-Met-Arm-Lorena-Zwart-900-2.jpg","datePublished":"2021-04-09T14:59:04+00:00","dateModified":"2026-01-26T13:18:02+00:00","breadcrumb":{"@id":"https:\/\/intermob.be\/de\/produkt\/horeca-stapelbar-terrasse-armstuhl-lorena\/#breadcrumb"},"inLanguage":"de","potentialAction":[{"@type":"ReadAction","target":["https:\/\/intermob.be\/de\/produkt\/horeca-stapelbar-terrasse-armstuhl-lorena\/"]}]},{"@type":"ImageObject","inLanguage":"de","@id":"https:\/\/intermob.be\/de\/produkt\/horeca-stapelbar-terrasse-armstuhl-lorena\/#primaryimage","url":"https:\/\/intermob.be\/wp-content\/uploads\/2024\/03\/products-Stapelbaar-Horeca-Terrastoel-Met-Arm-Lorena-Zwart-900-2.jpg","contentUrl":"https:\/\/intermob.be\/wp-content\/uploads\/2024\/03\/products-Stapelbaar-Horeca-Terrastoel-Met-Arm-Lorena-Zwart-900-2.jpg","width":800,"height":800,"caption":"Stapelbaar-Horeca-Terrastoel-Met-Arm-Lorena-Zwart-900"},{"@type":"BreadcrumbList","@id":"https:\/\/intermob.be\/de\/produkt\/horeca-stapelbar-terrasse-armstuhl-lorena\/#breadcrumb","itemListElement":[{"@type":"ListItem","position":1,"name":"Home","item":"https:\/\/intermob.be\/de\/"},{"@type":"ListItem","position":2,"name":"Shop","item":"https:\/\/intermob.be\/de\/shop\/"},{"@type":"ListItem","position":3,"name":"Stapelbarer Sessel - Lorena - Kunststoff"}]},{"@type":"WebSite","@id":"https:\/\/intermob.be\/de\/#website","url":"https:\/\/intermob.be\/de\/","name":"Intermob","description":"","publisher":{"@id":"https:\/\/intermob.be\/de\/#organization"},"potentialAction":[{"@type":"SearchAction","target":{"@type":"EntryPoint","urlTemplate":"https:\/\/intermob.be\/de\/?s={search_term_string}"},"query-input":{"@type":"PropertyValueSpecification","valueRequired":true,"valueName":"search_term_string"}}],"inLanguage":"de"},{"@type":"Organization","@id":"https:\/\/intermob.be\/de\/#organization","name":"Intermob Mobilier","url":"https:\/\/intermob.be\/de\/","logo":{"@type":"ImageObject","inLanguage":"de","@id":"https:\/\/intermob.be\/de\/#\/schema\/logo\/image\/","url":"https:\/\/intermob.be\/wp-content\/uploads\/2025\/09\/intb-bold-logo.png","contentUrl":"https:\/\/intermob.be\/wp-content\/uploads\/2025\/09\/intb-bold-logo.png","width":480,"height":158,"caption":"Intermob Mobilier"},"image":{"@id":"https:\/\/intermob.be\/de\/#\/schema\/logo\/image\/"}}]}},"_links":{"self":[{"href":"https:\/\/intermob.be\/de\/wp-json\/wp\/v2\/product\/80654","targetHints":{"allow":["GET"]}}],"collection":[{"href":"https:\/\/intermob.be\/de\/wp-json\/wp\/v2\/product"}],"about":[{"href":"https:\/\/intermob.be\/de\/wp-json\/wp\/v2\/types\/product"}],"replies":[{"embeddable":true,"href":"https:\/\/intermob.be\/de\/wp-json\/wp\/v2\/comments?post=80654"}],"version-history":[{"count":1,"href":"https:\/\/intermob.be\/de\/wp-json\/wp\/v2\/product\/80654\/revisions"}],"predecessor-version":[{"id":156721,"href":"https:\/\/intermob.be\/de\/wp-json\/wp\/v2\/product\/80654\/revisions\/156721"}],"wp:featuredmedia":[{"embeddable":true,"href":"https:\/\/intermob.be\/de\/wp-json\/wp\/v2\/media\/80615"}],"wp:attachment":[{"href":"https:\/\/intermob.be\/de\/wp-json\/wp\/v2\/media?parent=80654"}],"wp:term":[{"taxonomy":"product_brand","embeddable":true,"href":"https:\/\/intermob.be\/de\/wp-json\/wp\/v2\/product_brand?post=80654"},{"taxonomy":"product_cat","embeddable":true,"href":"https:\/\/intermob.be\/de\/wp-json\/wp\/v2\/product_cat?post=80654"},{"taxonomy":"product_tag","embeddable":true,"href":"https:\/\/intermob.be\/de\/wp-json\/wp\/v2\/product_tag?post=80654"}],"curies":[{"name":"wp","href":"https:\/\/api.w.org\/{rel}","templated":true}]}}