{"id":80682,"date":"2021-04-12T08:21:50","date_gmt":"2021-04-12T08:21:50","guid":{"rendered":"https:\/\/intermob.be\/?post_type=product&#038;p=80682"},"modified":"2025-06-27T07:05:24","modified_gmt":"2025-06-27T07:05:24","slug":"horeca-tischplatte-dublin-schwarz-5-cm-dick","status":"publish","type":"product","link":"https:\/\/intermob.be\/de\/produkt\/horeca-tischplatte-dublin-schwarz-5-cm-dick\/","title":{"rendered":"Tischplatte - Dublin Schwarz - 5 cm Dick"},"content":{"rendered":"<p><i class=\"fas fa-check-circle description-icon-green\" aria-hidden=\"true\"><\/i><span style=\"color: #339966;\"> Die Tischplatten sind nicht vorgebohrt<\/span><br \/>\n<i class=\"fas fa-check-circle description-icon-green\" aria-hidden=\"true\"><\/i><span style=\"color: #ff6600;\"> Schrauben sind inklusive, wenn die Tischplatten zusammen mit den Untergestellen bestellt werden<\/span><\/p>\n","protected":false},"excerpt":{"rendered":"<p>Die Tischplatten sind nicht vorgebohrt Schrauben sind inklusive, wenn die Tischplatten zusammen mit den Untergestellen bestellt werden<\/p>\n","protected":false},"featured_media":80693,"comment_status":"open","ping_status":"closed","template":"","meta":[],"product_brand":[],"product_cat":[9831],"product_tag":[17388,17389,17390,17393,17395],"class_list":{"0":"post-80682","1":"product","2":"type-product","3":"status-publish","4":"has-post-thumbnail","6":"product_cat-dublin-tischblatt-50mm-dicke","7":"product_tag-horeca-furniture","8":"product_tag-horeca-meubelen","9":"product_tag-horeca-moebel","10":"product_tag-restaurant-furniture","11":"product_tag-restaurant-moebel","12":"pa_dimension-60x60-cm-de","13":"pa_dimension-70x70-cm-de","14":"pa_dimension-80x80-cm-de","15":"pa_dimension-70x120-cm-de","16":"pa_dimension-80x120-cm-de","17":"pa_dimension-70x110-cm-de","18":"pa_dimension-r70o-cm-de","19":"pa_dimension-r70o-cm-de-de","20":"pa_product-color-color-schwarz-de","21":"pa_product-more-colors-ja-de","22":"pa_product-usage-usage-innen-de","24":"first","25":"instock","26":"sale","27":"taxable","28":"shipping-taxable","29":"purchasable","30":"product-type-variable","31":"hc-var-dimension"},"yoast_head":"<!-- This site is optimized with the Yoast SEO plugin v26.4 - https:\/\/yoast.com\/wordpress\/plugins\/seo\/ -->\n<title>Horeca Tischplatte - Dublin Schwarz - 5 cm Dick<\/title>\n<meta name=\"description\" content=\"Entdecken Sie unsere Dublin Black Melamin Tischplatten 60x60, 70x70, \u00d860, \u00d870, 70x110, 70x120, 80x120 cm. Auch in anderen Farben erh\u00e4ltlich.\" \/>\n<meta name=\"robots\" content=\"index, follow, max-snippet:-1, max-image-preview:large, max-video-preview:-1\" \/>\n<link rel=\"canonical\" href=\"https:\/\/intermob.be\/de\/produkt\/horeca-tischplatte-dublin-schwarz-5-cm-dick\/\" \/>\n<meta property=\"og:locale\" content=\"de_DE\" \/>\n<meta property=\"og:type\" content=\"article\" \/>\n<meta property=\"og:title\" content=\"Horeca Tischplatte - Dublin Schwarz - 5 cm Dick\" \/>\n<meta property=\"og:description\" content=\"Entdecken Sie unsere Dublin Black Melamin Tischplatten 60x60, 70x70, \u00d860, \u00d870, 70x110, 70x120, 80x120 cm. Auch in anderen Farben erh\u00e4ltlich.\" \/>\n<meta property=\"og:url\" content=\"https:\/\/intermob.be\/de\/produkt\/horeca-tischplatte-dublin-schwarz-5-cm-dick\/\" \/>\n<meta property=\"og:site_name\" content=\"Intermob Mobilier\" \/>\n<meta property=\"article:modified_time\" content=\"2025-06-27T07:05:24+00:00\" \/>\n<meta property=\"og:image\" content=\"https:\/\/intermob.be\/wp-content\/uploads\/2024\/03\/products-Categorie-Tafelblad-Dublin-Zwart-2.jpg\" \/>\n\t<meta property=\"og:image:width\" content=\"1000\" \/>\n\t<meta property=\"og:image:height\" content=\"1000\" \/>\n\t<meta property=\"og:image:type\" content=\"image\/jpeg\" \/>\n<meta name=\"twitter:card\" content=\"summary_large_image\" \/>\n<meta name=\"twitter:label1\" content=\"Gesch\u00e4tzte Lesezeit\" \/>\n\t<meta name=\"twitter:data1\" content=\"1\u00a0Minute\" \/>\n<script type=\"application\/ld+json\" class=\"yoast-schema-graph\">{\"@context\":\"https:\/\/schema.org\",\"@graph\":[{\"@type\":\"WebPage\",\"@id\":\"https:\/\/intermob.be\/de\/produkt\/horeca-tischplatte-dublin-schwarz-5-cm-dick\/\",\"url\":\"https:\/\/intermob.be\/de\/produkt\/horeca-tischplatte-dublin-schwarz-5-cm-dick\/\",\"name\":\"Horeca Tischplatte - Dublin Schwarz - 5 cm Dick\",\"isPartOf\":{\"@id\":\"https:\/\/intermob.be\/de\/#website\"},\"primaryImageOfPage\":{\"@id\":\"https:\/\/intermob.be\/de\/produkt\/horeca-tischplatte-dublin-schwarz-5-cm-dick\/#primaryimage\"},\"image\":{\"@id\":\"https:\/\/intermob.be\/de\/produkt\/horeca-tischplatte-dublin-schwarz-5-cm-dick\/#primaryimage\"},\"thumbnailUrl\":\"https:\/\/intermob.be\/wp-content\/uploads\/2024\/03\/products-Categorie-Tafelblad-Dublin-Zwart-2.jpg\",\"datePublished\":\"2021-04-12T08:21:50+00:00\",\"dateModified\":\"2025-06-27T07:05:24+00:00\",\"description\":\"Entdecken Sie unsere Dublin Black Melamin Tischplatten 60x60, 70x70, \u00d860, \u00d870, 70x110, 70x120, 80x120 cm. Auch in anderen Farben erh\u00e4ltlich.\",\"breadcrumb\":{\"@id\":\"https:\/\/intermob.be\/de\/produkt\/horeca-tischplatte-dublin-schwarz-5-cm-dick\/#breadcrumb\"},\"inLanguage\":\"de\",\"potentialAction\":[{\"@type\":\"ReadAction\",\"target\":[\"https:\/\/intermob.be\/de\/produkt\/horeca-tischplatte-dublin-schwarz-5-cm-dick\/\"]}]},{\"@type\":\"ImageObject\",\"inLanguage\":\"de\",\"@id\":\"https:\/\/intermob.be\/de\/produkt\/horeca-tischplatte-dublin-schwarz-5-cm-dick\/#primaryimage\",\"url\":\"https:\/\/intermob.be\/wp-content\/uploads\/2024\/03\/products-Categorie-Tafelblad-Dublin-Zwart-2.jpg\",\"contentUrl\":\"https:\/\/intermob.be\/wp-content\/uploads\/2024\/03\/products-Categorie-Tafelblad-Dublin-Zwart-2.jpg\",\"width\":1000,\"height\":1000,\"caption\":\"Categorie-Tafelblad-Dublin-Zwart\"},{\"@type\":\"BreadcrumbList\",\"@id\":\"https:\/\/intermob.be\/de\/produkt\/horeca-tischplatte-dublin-schwarz-5-cm-dick\/#breadcrumb\",\"itemListElement\":[{\"@type\":\"ListItem\",\"position\":1,\"name\":\"Home\",\"item\":\"https:\/\/intermob.be\/de\/\"},{\"@type\":\"ListItem\",\"position\":2,\"name\":\"Shop\",\"item\":\"https:\/\/intermob.be\/de\/shop\/\"},{\"@type\":\"ListItem\",\"position\":3,\"name\":\"Horeca Tischplatte &#8211; Dublin Schwarz &#8211; 5 cm Dick\"}]},{\"@type\":\"WebSite\",\"@id\":\"https:\/\/intermob.be\/de\/#website\",\"url\":\"https:\/\/intermob.be\/de\/\",\"name\":\"Intermob\",\"description\":\"\",\"publisher\":{\"@id\":\"https:\/\/intermob.be\/de\/#organization\"},\"potentialAction\":[{\"@type\":\"SearchAction\",\"target\":{\"@type\":\"EntryPoint\",\"urlTemplate\":\"https:\/\/intermob.be\/de\/?s={search_term_string}\"},\"query-input\":{\"@type\":\"PropertyValueSpecification\",\"valueRequired\":true,\"valueName\":\"search_term_string\"}}],\"inLanguage\":\"de\"},{\"@type\":\"Organization\",\"@id\":\"https:\/\/intermob.be\/de\/#organization\",\"name\":\"Intermob Mobilier\",\"url\":\"https:\/\/intermob.be\/de\/\",\"logo\":{\"@type\":\"ImageObject\",\"inLanguage\":\"de\",\"@id\":\"https:\/\/intermob.be\/de\/#\/schema\/logo\/image\/\",\"url\":\"https:\/\/intermob.be\/wp-content\/uploads\/2025\/09\/intb-bold-logo.png\",\"contentUrl\":\"https:\/\/intermob.be\/wp-content\/uploads\/2025\/09\/intb-bold-logo.png\",\"width\":480,\"height\":158,\"caption\":\"Intermob Mobilier\"},\"image\":{\"@id\":\"https:\/\/intermob.be\/de\/#\/schema\/logo\/image\/\"}}]}<\/script>\n<!-- \/ Yoast SEO plugin. -->","yoast_head_json":{"title":"Horeca Tischplatte - Dublin Schwarz - 5 cm Dick","description":"Entdecken Sie unsere Dublin Black Melamin Tischplatten 60x60, 70x70, \u00d860, \u00d870, 70x110, 70x120, 80x120 cm. Auch in anderen Farben erh\u00e4ltlich.","robots":{"index":"index","follow":"follow","max-snippet":"max-snippet:-1","max-image-preview":"max-image-preview:large","max-video-preview":"max-video-preview:-1"},"canonical":"https:\/\/intermob.be\/de\/produkt\/horeca-tischplatte-dublin-schwarz-5-cm-dick\/","og_locale":"de_DE","og_type":"article","og_title":"Horeca Tischplatte - Dublin Schwarz - 5 cm Dick","og_description":"Entdecken Sie unsere Dublin Black Melamin Tischplatten 60x60, 70x70, \u00d860, \u00d870, 70x110, 70x120, 80x120 cm. Auch in anderen Farben erh\u00e4ltlich.","og_url":"https:\/\/intermob.be\/de\/produkt\/horeca-tischplatte-dublin-schwarz-5-cm-dick\/","og_site_name":"Intermob Mobilier","article_modified_time":"2025-06-27T07:05:24+00:00","og_image":[{"width":1000,"height":1000,"url":"https:\/\/intermob.be\/wp-content\/uploads\/2024\/03\/products-Categorie-Tafelblad-Dublin-Zwart-2.jpg","type":"image\/jpeg"}],"twitter_card":"summary_large_image","twitter_misc":{"Gesch\u00e4tzte Lesezeit":"1\u00a0Minute"},"schema":{"@context":"https:\/\/schema.org","@graph":[{"@type":"WebPage","@id":"https:\/\/intermob.be\/de\/produkt\/horeca-tischplatte-dublin-schwarz-5-cm-dick\/","url":"https:\/\/intermob.be\/de\/produkt\/horeca-tischplatte-dublin-schwarz-5-cm-dick\/","name":"Horeca Tischplatte - Dublin Schwarz - 5 cm Dick","isPartOf":{"@id":"https:\/\/intermob.be\/de\/#website"},"primaryImageOfPage":{"@id":"https:\/\/intermob.be\/de\/produkt\/horeca-tischplatte-dublin-schwarz-5-cm-dick\/#primaryimage"},"image":{"@id":"https:\/\/intermob.be\/de\/produkt\/horeca-tischplatte-dublin-schwarz-5-cm-dick\/#primaryimage"},"thumbnailUrl":"https:\/\/intermob.be\/wp-content\/uploads\/2024\/03\/products-Categorie-Tafelblad-Dublin-Zwart-2.jpg","datePublished":"2021-04-12T08:21:50+00:00","dateModified":"2025-06-27T07:05:24+00:00","description":"Entdecken Sie unsere Dublin Black Melamin Tischplatten 60x60, 70x70, \u00d860, \u00d870, 70x110, 70x120, 80x120 cm. Auch in anderen Farben erh\u00e4ltlich.","breadcrumb":{"@id":"https:\/\/intermob.be\/de\/produkt\/horeca-tischplatte-dublin-schwarz-5-cm-dick\/#breadcrumb"},"inLanguage":"de","potentialAction":[{"@type":"ReadAction","target":["https:\/\/intermob.be\/de\/produkt\/horeca-tischplatte-dublin-schwarz-5-cm-dick\/"]}]},{"@type":"ImageObject","inLanguage":"de","@id":"https:\/\/intermob.be\/de\/produkt\/horeca-tischplatte-dublin-schwarz-5-cm-dick\/#primaryimage","url":"https:\/\/intermob.be\/wp-content\/uploads\/2024\/03\/products-Categorie-Tafelblad-Dublin-Zwart-2.jpg","contentUrl":"https:\/\/intermob.be\/wp-content\/uploads\/2024\/03\/products-Categorie-Tafelblad-Dublin-Zwart-2.jpg","width":1000,"height":1000,"caption":"Categorie-Tafelblad-Dublin-Zwart"},{"@type":"BreadcrumbList","@id":"https:\/\/intermob.be\/de\/produkt\/horeca-tischplatte-dublin-schwarz-5-cm-dick\/#breadcrumb","itemListElement":[{"@type":"ListItem","position":1,"name":"Home","item":"https:\/\/intermob.be\/de\/"},{"@type":"ListItem","position":2,"name":"Shop","item":"https:\/\/intermob.be\/de\/shop\/"},{"@type":"ListItem","position":3,"name":"Horeca Tischplatte &#8211; Dublin Schwarz &#8211; 5 cm Dick"}]},{"@type":"WebSite","@id":"https:\/\/intermob.be\/de\/#website","url":"https:\/\/intermob.be\/de\/","name":"Intermob","description":"","publisher":{"@id":"https:\/\/intermob.be\/de\/#organization"},"potentialAction":[{"@type":"SearchAction","target":{"@type":"EntryPoint","urlTemplate":"https:\/\/intermob.be\/de\/?s={search_term_string}"},"query-input":{"@type":"PropertyValueSpecification","valueRequired":true,"valueName":"search_term_string"}}],"inLanguage":"de"},{"@type":"Organization","@id":"https:\/\/intermob.be\/de\/#organization","name":"Intermob Mobilier","url":"https:\/\/intermob.be\/de\/","logo":{"@type":"ImageObject","inLanguage":"de","@id":"https:\/\/intermob.be\/de\/#\/schema\/logo\/image\/","url":"https:\/\/intermob.be\/wp-content\/uploads\/2025\/09\/intb-bold-logo.png","contentUrl":"https:\/\/intermob.be\/wp-content\/uploads\/2025\/09\/intb-bold-logo.png","width":480,"height":158,"caption":"Intermob Mobilier"},"image":{"@id":"https:\/\/intermob.be\/de\/#\/schema\/logo\/image\/"}}]}},"_links":{"self":[{"href":"https:\/\/intermob.be\/de\/wp-json\/wp\/v2\/product\/80682","targetHints":{"allow":["GET"]}}],"collection":[{"href":"https:\/\/intermob.be\/de\/wp-json\/wp\/v2\/product"}],"about":[{"href":"https:\/\/intermob.be\/de\/wp-json\/wp\/v2\/types\/product"}],"replies":[{"embeddable":true,"href":"https:\/\/intermob.be\/de\/wp-json\/wp\/v2\/comments?post=80682"}],"version-history":[{"count":0,"href":"https:\/\/intermob.be\/de\/wp-json\/wp\/v2\/product\/80682\/revisions"}],"wp:featuredmedia":[{"embeddable":true,"href":"https:\/\/intermob.be\/de\/wp-json\/wp\/v2\/media\/80693"}],"wp:attachment":[{"href":"https:\/\/intermob.be\/de\/wp-json\/wp\/v2\/media?parent=80682"}],"wp:term":[{"taxonomy":"product_brand","embeddable":true,"href":"https:\/\/intermob.be\/de\/wp-json\/wp\/v2\/product_brand?post=80682"},{"taxonomy":"product_cat","embeddable":true,"href":"https:\/\/intermob.be\/de\/wp-json\/wp\/v2\/product_cat?post=80682"},{"taxonomy":"product_tag","embeddable":true,"href":"https:\/\/intermob.be\/de\/wp-json\/wp\/v2\/product_tag?post=80682"}],"curies":[{"name":"wp","href":"https:\/\/api.w.org\/{rel}","templated":true}]}}