{"id":81038,"date":"2021-06-17T13:45:13","date_gmt":"2021-06-17T13:45:13","guid":{"rendered":"https:\/\/intermob.be\/?post_type=product&#038;p=81038"},"modified":"2026-01-26T13:03:00","modified_gmt":"2026-01-26T13:03:00","slug":"horeca-stapelbar-terrasenstuhl-cf402-bambus-ohne-armstuetze","status":"publish","type":"product","link":"https:\/\/intermob.be\/de\/produkt\/horeca-stapelbar-terrasenstuhl-cf402-bambus-ohne-armstuetze\/","title":{"rendered":"Terrassenstuhl - CF402 - Aluminium\/Rattan"},"content":{"rendered":"<p><span style=\"color: #000000;\">Verleihen Sie Ihrer Terrasse eine nat\u00fcrliche und warme Ausstrahlung mit diesem wundersch\u00f6nen Terrassenstuhl im Rattan-Stil. Hergestellt aus robustem Aluminium in einer nat\u00fcrlichen Farbe, bietet dieser Stuhl die perfekte Mischung aus Langlebigkeit und \u00c4sthetik. Die geflochtene Sitzfl\u00e4che und R\u00fcckenlehne in hellen T\u00f6nen sorgen f\u00fcr eine frische und einladende Optik, w\u00e4hrend das wetterbest\u00e4ndige Design ideal f\u00fcr den Au\u00dfenbereich ist. Zudem ist der Stuhl leicht zu reinigen und stapelbar, was ihn ideal f\u00fcr stark frequentierte Gastronomiebetriebe macht.<\/span><\/p>\n<p><span style=\"color: #000000;\">Ideal f\u00fcr Caf\u00e9s, Bistros und Restaurants, die eine charmante, nat\u00fcrliche Atmosph\u00e4re schaffen m\u00f6chten. Mit diesem Terrassenstuhl bieten Sie Ihren G\u00e4sten nicht nur eine bequeme Sitzgelegenheit, sondern auch ein stilvolles Design, das zum Verweilen und Genie\u00dfen einl\u00e4dt.<\/span><\/p>\n<p><span style=\"color: #000000;\"><strong>Zus\u00e4tzliche Information:<\/strong><\/span><\/p>\n<ul>\n<li><span style=\"color: #000000;\">Marke: Bolero<\/span><\/li>\n<li><span style=\"color: #000000;\">Stapelbar bis 7 hoch<\/span><\/li>\n<\/ul>\n","protected":false},"excerpt":{"rendered":"<p>Verleihen Sie Ihrer Terrasse eine nat\u00fcrliche und warme Ausstrahlung mit diesem wundersch\u00f6nen Terrassenstuhl im Rattan-Stil. Hergestellt aus robustem Aluminium in<\/p>\n","protected":false},"featured_media":81039,"comment_status":"open","ping_status":"closed","template":"","meta":[],"product_brand":[],"product_cat":[9783],"product_tag":[17388,17390,17392],"class_list":{"0":"post-81038","1":"product","2":"type-product","3":"status-publish","4":"has-post-thumbnail","6":"product_cat-terrassenstuhl","7":"product_tag-horeca-furniture","8":"product_tag-horeca-moebel","9":"product_tag-meubles-horeca","10":"pa_frame-stapelbar-frame-de","11":"pa_product-color-color-natuerliche-de","12":"pa_product-frame-color-natuerliche-frame-color-de","13":"pa_product-material-material-aluminium-de","14":"pa_product-material-material-rattan-de","15":"pa_product-seat-height-cm-45-seat-height-cm-de","16":"pa_product-seats-1-seats-de","17":"pa_product-usage-usage-innen-draussen-de","19":"first","20":"instock","21":"sale","22":"taxable","23":"shipping-taxable","24":"purchasable","25":"product-type-simple"},"yoast_head":"<!-- This site is optimized with the Yoast SEO plugin v26.4 - https:\/\/yoast.com\/wordpress\/plugins\/seo\/ -->\n<title>Horeca Stapelbar Terrasenstuhl - CF402 - Aluminium\/Rattan<\/title>\n<meta name=\"robots\" content=\"index, follow, max-snippet:-1, max-image-preview:large, max-video-preview:-1\" \/>\n<link rel=\"canonical\" href=\"https:\/\/intermob.be\/de\/produkt\/horeca-stapelbar-terrasenstuhl-cf402-bambus-ohne-armstuetze\/\" \/>\n<meta property=\"og:locale\" content=\"de_DE\" \/>\n<meta property=\"og:type\" content=\"article\" \/>\n<meta property=\"og:title\" content=\"Horeca Stapelbar Terrasenstuhl - CF402 - Aluminium\/Rattan\" \/>\n<meta property=\"og:description\" content=\"Verleihen Sie Ihrer Terrasse eine nat\u00fcrliche und warme Ausstrahlung mit diesem wundersch\u00f6nen Terrassenstuhl im Rattan-Stil. Hergestellt aus robustem Aluminium in\" \/>\n<meta property=\"og:url\" content=\"https:\/\/intermob.be\/de\/produkt\/horeca-stapelbar-terrasenstuhl-cf402-bambus-ohne-armstuetze\/\" \/>\n<meta property=\"og:site_name\" content=\"Intermob Mobilier\" \/>\n<meta property=\"article:modified_time\" content=\"2026-01-26T13:03:00+00:00\" \/>\n<meta property=\"og:image\" content=\"https:\/\/intermob.be\/wp-content\/uploads\/2024\/03\/products-Stapelbaar-Horeca-Terrasstoel-Cf402-Bamboe-Zonder-Armleuning-2.jpg\" \/>\n\t<meta property=\"og:image:width\" content=\"1000\" \/>\n\t<meta property=\"og:image:height\" content=\"1000\" \/>\n\t<meta property=\"og:image:type\" content=\"image\/jpeg\" \/>\n<meta name=\"twitter:card\" content=\"summary_large_image\" \/>\n<meta name=\"twitter:label1\" content=\"Gesch\u00e4tzte Lesezeit\" \/>\n\t<meta name=\"twitter:data1\" content=\"1\u00a0Minute\" \/>\n<script type=\"application\/ld+json\" class=\"yoast-schema-graph\">{\"@context\":\"https:\/\/schema.org\",\"@graph\":[{\"@type\":\"WebPage\",\"@id\":\"https:\/\/intermob.be\/de\/produkt\/horeca-stapelbar-terrasenstuhl-cf402-bambus-ohne-armstuetze\/\",\"url\":\"https:\/\/intermob.be\/de\/produkt\/horeca-stapelbar-terrasenstuhl-cf402-bambus-ohne-armstuetze\/\",\"name\":\"Horeca Stapelbar Terrasenstuhl - CF402 - Aluminium\/Rattan\",\"isPartOf\":{\"@id\":\"https:\/\/intermob.be\/de\/#website\"},\"primaryImageOfPage\":{\"@id\":\"https:\/\/intermob.be\/de\/produkt\/horeca-stapelbar-terrasenstuhl-cf402-bambus-ohne-armstuetze\/#primaryimage\"},\"image\":{\"@id\":\"https:\/\/intermob.be\/de\/produkt\/horeca-stapelbar-terrasenstuhl-cf402-bambus-ohne-armstuetze\/#primaryimage\"},\"thumbnailUrl\":\"https:\/\/intermob.be\/wp-content\/uploads\/2024\/03\/products-Stapelbaar-Horeca-Terrasstoel-Cf402-Bamboe-Zonder-Armleuning-2.jpg\",\"datePublished\":\"2021-06-17T13:45:13+00:00\",\"dateModified\":\"2026-01-26T13:03:00+00:00\",\"breadcrumb\":{\"@id\":\"https:\/\/intermob.be\/de\/produkt\/horeca-stapelbar-terrasenstuhl-cf402-bambus-ohne-armstuetze\/#breadcrumb\"},\"inLanguage\":\"de\",\"potentialAction\":[{\"@type\":\"ReadAction\",\"target\":[\"https:\/\/intermob.be\/de\/produkt\/horeca-stapelbar-terrasenstuhl-cf402-bambus-ohne-armstuetze\/\"]}]},{\"@type\":\"ImageObject\",\"inLanguage\":\"de\",\"@id\":\"https:\/\/intermob.be\/de\/produkt\/horeca-stapelbar-terrasenstuhl-cf402-bambus-ohne-armstuetze\/#primaryimage\",\"url\":\"https:\/\/intermob.be\/wp-content\/uploads\/2024\/03\/products-Stapelbaar-Horeca-Terrasstoel-Cf402-Bamboe-Zonder-Armleuning-2.jpg\",\"contentUrl\":\"https:\/\/intermob.be\/wp-content\/uploads\/2024\/03\/products-Stapelbaar-Horeca-Terrasstoel-Cf402-Bamboe-Zonder-Armleuning-2.jpg\",\"width\":1000,\"height\":1000,\"caption\":\"Stapelbaar-Horeca-Terrasstoel-Cf402-Bamboe-Zonder-Armleuning\"},{\"@type\":\"BreadcrumbList\",\"@id\":\"https:\/\/intermob.be\/de\/produkt\/horeca-stapelbar-terrasenstuhl-cf402-bambus-ohne-armstuetze\/#breadcrumb\",\"itemListElement\":[{\"@type\":\"ListItem\",\"position\":1,\"name\":\"Home\",\"item\":\"https:\/\/intermob.be\/de\/\"},{\"@type\":\"ListItem\",\"position\":2,\"name\":\"Shop\",\"item\":\"https:\/\/intermob.be\/de\/shop\/\"},{\"@type\":\"ListItem\",\"position\":3,\"name\":\"Terrassenstuhl - CF402 - Aluminium\/Rattan\"}]},{\"@type\":\"WebSite\",\"@id\":\"https:\/\/intermob.be\/de\/#website\",\"url\":\"https:\/\/intermob.be\/de\/\",\"name\":\"Intermob\",\"description\":\"\",\"publisher\":{\"@id\":\"https:\/\/intermob.be\/de\/#organization\"},\"potentialAction\":[{\"@type\":\"SearchAction\",\"target\":{\"@type\":\"EntryPoint\",\"urlTemplate\":\"https:\/\/intermob.be\/de\/?s={search_term_string}\"},\"query-input\":{\"@type\":\"PropertyValueSpecification\",\"valueRequired\":true,\"valueName\":\"search_term_string\"}}],\"inLanguage\":\"de\"},{\"@type\":\"Organization\",\"@id\":\"https:\/\/intermob.be\/de\/#organization\",\"name\":\"Intermob Mobilier\",\"url\":\"https:\/\/intermob.be\/de\/\",\"logo\":{\"@type\":\"ImageObject\",\"inLanguage\":\"de\",\"@id\":\"https:\/\/intermob.be\/de\/#\/schema\/logo\/image\/\",\"url\":\"https:\/\/intermob.be\/wp-content\/uploads\/2025\/09\/intb-bold-logo.png\",\"contentUrl\":\"https:\/\/intermob.be\/wp-content\/uploads\/2025\/09\/intb-bold-logo.png\",\"width\":480,\"height\":158,\"caption\":\"Intermob Mobilier\"},\"image\":{\"@id\":\"https:\/\/intermob.be\/de\/#\/schema\/logo\/image\/\"}}]}<\/script>\n<!-- \/ Yoast SEO plugin. -->","yoast_head_json":{"title":"Horeca Stapelbar Terrasenstuhl - CF402 - Aluminium\/Rattan","robots":{"index":"index","follow":"follow","max-snippet":"max-snippet:-1","max-image-preview":"max-image-preview:large","max-video-preview":"max-video-preview:-1"},"canonical":"https:\/\/intermob.be\/de\/produkt\/horeca-stapelbar-terrasenstuhl-cf402-bambus-ohne-armstuetze\/","og_locale":"de_DE","og_type":"article","og_title":"Horeca Stapelbar Terrasenstuhl - CF402 - Aluminium\/Rattan","og_description":"Verleihen Sie Ihrer Terrasse eine nat\u00fcrliche und warme Ausstrahlung mit diesem wundersch\u00f6nen Terrassenstuhl im Rattan-Stil. Hergestellt aus robustem Aluminium in","og_url":"https:\/\/intermob.be\/de\/produkt\/horeca-stapelbar-terrasenstuhl-cf402-bambus-ohne-armstuetze\/","og_site_name":"Intermob Mobilier","article_modified_time":"2026-01-26T13:03:00+00:00","og_image":[{"width":1000,"height":1000,"url":"https:\/\/intermob.be\/wp-content\/uploads\/2024\/03\/products-Stapelbaar-Horeca-Terrasstoel-Cf402-Bamboe-Zonder-Armleuning-2.jpg","type":"image\/jpeg"}],"twitter_card":"summary_large_image","twitter_misc":{"Gesch\u00e4tzte Lesezeit":"1\u00a0Minute"},"schema":{"@context":"https:\/\/schema.org","@graph":[{"@type":"WebPage","@id":"https:\/\/intermob.be\/de\/produkt\/horeca-stapelbar-terrasenstuhl-cf402-bambus-ohne-armstuetze\/","url":"https:\/\/intermob.be\/de\/produkt\/horeca-stapelbar-terrasenstuhl-cf402-bambus-ohne-armstuetze\/","name":"Horeca Stapelbar Terrasenstuhl - CF402 - Aluminium\/Rattan","isPartOf":{"@id":"https:\/\/intermob.be\/de\/#website"},"primaryImageOfPage":{"@id":"https:\/\/intermob.be\/de\/produkt\/horeca-stapelbar-terrasenstuhl-cf402-bambus-ohne-armstuetze\/#primaryimage"},"image":{"@id":"https:\/\/intermob.be\/de\/produkt\/horeca-stapelbar-terrasenstuhl-cf402-bambus-ohne-armstuetze\/#primaryimage"},"thumbnailUrl":"https:\/\/intermob.be\/wp-content\/uploads\/2024\/03\/products-Stapelbaar-Horeca-Terrasstoel-Cf402-Bamboe-Zonder-Armleuning-2.jpg","datePublished":"2021-06-17T13:45:13+00:00","dateModified":"2026-01-26T13:03:00+00:00","breadcrumb":{"@id":"https:\/\/intermob.be\/de\/produkt\/horeca-stapelbar-terrasenstuhl-cf402-bambus-ohne-armstuetze\/#breadcrumb"},"inLanguage":"de","potentialAction":[{"@type":"ReadAction","target":["https:\/\/intermob.be\/de\/produkt\/horeca-stapelbar-terrasenstuhl-cf402-bambus-ohne-armstuetze\/"]}]},{"@type":"ImageObject","inLanguage":"de","@id":"https:\/\/intermob.be\/de\/produkt\/horeca-stapelbar-terrasenstuhl-cf402-bambus-ohne-armstuetze\/#primaryimage","url":"https:\/\/intermob.be\/wp-content\/uploads\/2024\/03\/products-Stapelbaar-Horeca-Terrasstoel-Cf402-Bamboe-Zonder-Armleuning-2.jpg","contentUrl":"https:\/\/intermob.be\/wp-content\/uploads\/2024\/03\/products-Stapelbaar-Horeca-Terrasstoel-Cf402-Bamboe-Zonder-Armleuning-2.jpg","width":1000,"height":1000,"caption":"Stapelbaar-Horeca-Terrasstoel-Cf402-Bamboe-Zonder-Armleuning"},{"@type":"BreadcrumbList","@id":"https:\/\/intermob.be\/de\/produkt\/horeca-stapelbar-terrasenstuhl-cf402-bambus-ohne-armstuetze\/#breadcrumb","itemListElement":[{"@type":"ListItem","position":1,"name":"Home","item":"https:\/\/intermob.be\/de\/"},{"@type":"ListItem","position":2,"name":"Shop","item":"https:\/\/intermob.be\/de\/shop\/"},{"@type":"ListItem","position":3,"name":"Terrassenstuhl - CF402 - Aluminium\/Rattan"}]},{"@type":"WebSite","@id":"https:\/\/intermob.be\/de\/#website","url":"https:\/\/intermob.be\/de\/","name":"Intermob","description":"","publisher":{"@id":"https:\/\/intermob.be\/de\/#organization"},"potentialAction":[{"@type":"SearchAction","target":{"@type":"EntryPoint","urlTemplate":"https:\/\/intermob.be\/de\/?s={search_term_string}"},"query-input":{"@type":"PropertyValueSpecification","valueRequired":true,"valueName":"search_term_string"}}],"inLanguage":"de"},{"@type":"Organization","@id":"https:\/\/intermob.be\/de\/#organization","name":"Intermob Mobilier","url":"https:\/\/intermob.be\/de\/","logo":{"@type":"ImageObject","inLanguage":"de","@id":"https:\/\/intermob.be\/de\/#\/schema\/logo\/image\/","url":"https:\/\/intermob.be\/wp-content\/uploads\/2025\/09\/intb-bold-logo.png","contentUrl":"https:\/\/intermob.be\/wp-content\/uploads\/2025\/09\/intb-bold-logo.png","width":480,"height":158,"caption":"Intermob Mobilier"},"image":{"@id":"https:\/\/intermob.be\/de\/#\/schema\/logo\/image\/"}}]}},"_links":{"self":[{"href":"https:\/\/intermob.be\/de\/wp-json\/wp\/v2\/product\/81038","targetHints":{"allow":["GET"]}}],"collection":[{"href":"https:\/\/intermob.be\/de\/wp-json\/wp\/v2\/product"}],"about":[{"href":"https:\/\/intermob.be\/de\/wp-json\/wp\/v2\/types\/product"}],"replies":[{"embeddable":true,"href":"https:\/\/intermob.be\/de\/wp-json\/wp\/v2\/comments?post=81038"}],"version-history":[{"count":1,"href":"https:\/\/intermob.be\/de\/wp-json\/wp\/v2\/product\/81038\/revisions"}],"predecessor-version":[{"id":156701,"href":"https:\/\/intermob.be\/de\/wp-json\/wp\/v2\/product\/81038\/revisions\/156701"}],"wp:featuredmedia":[{"embeddable":true,"href":"https:\/\/intermob.be\/de\/wp-json\/wp\/v2\/media\/81039"}],"wp:attachment":[{"href":"https:\/\/intermob.be\/de\/wp-json\/wp\/v2\/media?parent=81038"}],"wp:term":[{"taxonomy":"product_brand","embeddable":true,"href":"https:\/\/intermob.be\/de\/wp-json\/wp\/v2\/product_brand?post=81038"},{"taxonomy":"product_cat","embeddable":true,"href":"https:\/\/intermob.be\/de\/wp-json\/wp\/v2\/product_cat?post=81038"},{"taxonomy":"product_tag","embeddable":true,"href":"https:\/\/intermob.be\/de\/wp-json\/wp\/v2\/product_tag?post=81038"}],"curies":[{"name":"wp","href":"https:\/\/api.w.org\/{rel}","templated":true}]}}