{"id":81328,"date":"2021-10-07T08:21:44","date_gmt":"2021-10-07T08:21:44","guid":{"rendered":"https:\/\/intermob.be\/?post_type=product&#038;p=81328"},"modified":"2025-07-03T11:58:28","modified_gmt":"2025-07-03T11:58:28","slug":"horeca-runder-tischfuss-stahl-oe-125-cm-hoehe-72-5-cm-schwarz-2","status":"publish","type":"product","link":"https:\/\/intermob.be\/de\/produkt\/horeca-runder-tischfuss-stahl-oe-125-cm-hoehe-72-5-cm-schwarz-2\/","title":{"rendered":"Runder Tischfu\u00df - \u00d8 125 x H 72.50 cm - Stahl"},"content":{"rendered":"<ul>\n<li><span lang=\"de\" style=\"color: #000000;\">F\u00fcr Tischplatten von 130 cm bis 170 cm<\/span><\/li>\n<li class=\"tw-data-text tw-text-large XcVN5d tw-ta\" dir=\"ltr\" data-placeholder=\"\u00c7eviri\"><span lang=\"de\" style=\"color: #000000;\">Lieferung in flacher Verpackung<\/span><\/li>\n<li class=\"tw-data-text tw-text-large XcVN5d tw-ta\" dir=\"ltr\" data-placeholder=\"\u00c7eviri\"><span lang=\"de\" style=\"color: #000000;\">1 Jahr Werksgarantie<br \/>\n<\/span><\/li>\n<li dir=\"ltr\" data-placeholder=\"\u00c7eviri\"><span style=\"color: #000000;\">Die Tischgestelle sind unmontiert<\/span><\/li>\n<li dir=\"ltr\" data-placeholder=\"\u00c7eviri\"><span style=\"color: #000000;\">Das zur Montage ben\u00f6tigte Material ist im Karton enthalten<\/span><\/li>\n<\/ul>\n<p class=\"tw-data-text tw-text-large XcVN5d tw-ta\" dir=\"ltr\" data-placeholder=\"\u00c7eviri\"><span style=\"color: #000000;\"><strong><span lang=\"de\"> Geeignet f\u00fcr alle unsere Tischplatten im Innenbereich.<\/span><\/strong><\/span><\/p>\n","protected":false},"excerpt":{"rendered":"<p>F\u00fcr Tischplatten von 130 cm bis 170 cm Lieferung in flacher Verpackung 1 Jahr Werksgarantie Die Tischgestelle sind unmontiert Das<\/p>\n","protected":false},"featured_media":77763,"comment_status":"open","ping_status":"closed","template":"","meta":[],"product_brand":[],"product_cat":[9811],"product_tag":[],"class_list":{"0":"post-81328","1":"product","2":"type-product","3":"status-publish","4":"has-post-thumbnail","6":"product_cat-tischgestelle","7":"pa_product-color-color-schwarz-de","8":"pa_product-dimensions-bottom-pl-70-dimensions-bottom-plate-cm-de","9":"pa_product-material-stahl-material-de","10":"pa_product-more-dimensions-ja-de","11":"pa_product-usage-usage-innen-de","12":"pa_table-base-height-cm-7250-cm-de","13":"pa_top-frame-cm-top-frame-125-cm-de","15":"first","16":"instock","17":"sale","18":"taxable","19":"shipping-taxable","20":"purchasable","21":"product-type-simple"},"yoast_head":"<!-- This site is optimized with the Yoast SEO plugin v26.4 - https:\/\/yoast.com\/wordpress\/plugins\/seo\/ -->\n<title>Horeca Runder Tischfu\u00df - \u00d8 125 Cm - H\u00f6he 72.50 Cm - Stahl<\/title>\n<meta name=\"robots\" content=\"index, follow, max-snippet:-1, max-image-preview:large, max-video-preview:-1\" \/>\n<link rel=\"canonical\" href=\"https:\/\/intermob.be\/de\/produkt\/horeca-runder-tischfuss-stahl-oe-125-cm-hoehe-72-5-cm-schwarz-2\/\" \/>\n<meta property=\"og:locale\" content=\"de_DE\" \/>\n<meta property=\"og:type\" content=\"article\" \/>\n<meta property=\"og:title\" content=\"Horeca Runder Tischfu\u00df - \u00d8 125 Cm - H\u00f6he 72.50 Cm - Stahl\" \/>\n<meta property=\"og:description\" content=\"F\u00fcr Tischplatten von 130 cm bis 170 cm Lieferung in flacher Verpackung 1 Jahr Werksgarantie Die Tischgestelle sind unmontiert Das\" \/>\n<meta property=\"og:url\" content=\"https:\/\/intermob.be\/de\/produkt\/horeca-runder-tischfuss-stahl-oe-125-cm-hoehe-72-5-cm-schwarz-2\/\" \/>\n<meta property=\"og:site_name\" content=\"Intermob Mobilier\" \/>\n<meta property=\"article:modified_time\" content=\"2025-07-03T11:58:28+00:00\" \/>\n<meta property=\"og:image\" content=\"https:\/\/intermob.be\/wp-content\/uploads\/2024\/03\/products-products-B-311-2.jpg\" \/>\n\t<meta property=\"og:image:width\" content=\"800\" \/>\n\t<meta property=\"og:image:height\" content=\"800\" \/>\n\t<meta property=\"og:image:type\" content=\"image\/jpeg\" \/>\n<meta name=\"twitter:card\" content=\"summary_large_image\" \/>\n<meta name=\"twitter:label1\" content=\"Gesch\u00e4tzte Lesezeit\" \/>\n\t<meta name=\"twitter:data1\" content=\"1\u00a0Minute\" \/>\n<script type=\"application\/ld+json\" class=\"yoast-schema-graph\">{\"@context\":\"https:\/\/schema.org\",\"@graph\":[{\"@type\":\"WebPage\",\"@id\":\"https:\/\/intermob.be\/de\/produkt\/horeca-runder-tischfuss-stahl-oe-125-cm-hoehe-72-5-cm-schwarz-2\/\",\"url\":\"https:\/\/intermob.be\/de\/produkt\/horeca-runder-tischfuss-stahl-oe-125-cm-hoehe-72-5-cm-schwarz-2\/\",\"name\":\"Horeca Runder Tischfu\u00df - \u00d8 125 Cm - H\u00f6he 72.50 Cm - Stahl\",\"isPartOf\":{\"@id\":\"https:\/\/intermob.be\/de\/#website\"},\"primaryImageOfPage\":{\"@id\":\"https:\/\/intermob.be\/de\/produkt\/horeca-runder-tischfuss-stahl-oe-125-cm-hoehe-72-5-cm-schwarz-2\/#primaryimage\"},\"image\":{\"@id\":\"https:\/\/intermob.be\/de\/produkt\/horeca-runder-tischfuss-stahl-oe-125-cm-hoehe-72-5-cm-schwarz-2\/#primaryimage\"},\"thumbnailUrl\":\"https:\/\/intermob.be\/wp-content\/uploads\/2024\/03\/products-products-B-311-2.jpg\",\"datePublished\":\"2021-10-07T08:21:44+00:00\",\"dateModified\":\"2025-07-03T11:58:28+00:00\",\"breadcrumb\":{\"@id\":\"https:\/\/intermob.be\/de\/produkt\/horeca-runder-tischfuss-stahl-oe-125-cm-hoehe-72-5-cm-schwarz-2\/#breadcrumb\"},\"inLanguage\":\"de\",\"potentialAction\":[{\"@type\":\"ReadAction\",\"target\":[\"https:\/\/intermob.be\/de\/produkt\/horeca-runder-tischfuss-stahl-oe-125-cm-hoehe-72-5-cm-schwarz-2\/\"]}]},{\"@type\":\"ImageObject\",\"inLanguage\":\"de\",\"@id\":\"https:\/\/intermob.be\/de\/produkt\/horeca-runder-tischfuss-stahl-oe-125-cm-hoehe-72-5-cm-schwarz-2\/#primaryimage\",\"url\":\"https:\/\/intermob.be\/wp-content\/uploads\/2024\/03\/products-products-B-311-2.jpg\",\"contentUrl\":\"https:\/\/intermob.be\/wp-content\/uploads\/2024\/03\/products-products-B-311-2.jpg\",\"width\":800,\"height\":800,\"caption\":\"Horeca Tafelonderstel - Rond 72.50 Cm\"},{\"@type\":\"BreadcrumbList\",\"@id\":\"https:\/\/intermob.be\/de\/produkt\/horeca-runder-tischfuss-stahl-oe-125-cm-hoehe-72-5-cm-schwarz-2\/#breadcrumb\",\"itemListElement\":[{\"@type\":\"ListItem\",\"position\":1,\"name\":\"Home\",\"item\":\"https:\/\/intermob.be\/de\/\"},{\"@type\":\"ListItem\",\"position\":2,\"name\":\"Shop\",\"item\":\"https:\/\/intermob.be\/de\/shop\/\"},{\"@type\":\"ListItem\",\"position\":3,\"name\":\"Pied De Table Ronde - \u00d8 125 x H 72.50 cm - Acier\"}]},{\"@type\":\"WebSite\",\"@id\":\"https:\/\/intermob.be\/de\/#website\",\"url\":\"https:\/\/intermob.be\/de\/\",\"name\":\"Intermob\",\"description\":\"\",\"publisher\":{\"@id\":\"https:\/\/intermob.be\/de\/#organization\"},\"potentialAction\":[{\"@type\":\"SearchAction\",\"target\":{\"@type\":\"EntryPoint\",\"urlTemplate\":\"https:\/\/intermob.be\/de\/?s={search_term_string}\"},\"query-input\":{\"@type\":\"PropertyValueSpecification\",\"valueRequired\":true,\"valueName\":\"search_term_string\"}}],\"inLanguage\":\"de\"},{\"@type\":\"Organization\",\"@id\":\"https:\/\/intermob.be\/de\/#organization\",\"name\":\"Intermob Mobilier\",\"url\":\"https:\/\/intermob.be\/de\/\",\"logo\":{\"@type\":\"ImageObject\",\"inLanguage\":\"de\",\"@id\":\"https:\/\/intermob.be\/de\/#\/schema\/logo\/image\/\",\"url\":\"https:\/\/intermob.be\/wp-content\/uploads\/2025\/09\/intb-bold-logo.png\",\"contentUrl\":\"https:\/\/intermob.be\/wp-content\/uploads\/2025\/09\/intb-bold-logo.png\",\"width\":480,\"height\":158,\"caption\":\"Intermob Mobilier\"},\"image\":{\"@id\":\"https:\/\/intermob.be\/de\/#\/schema\/logo\/image\/\"}}]}<\/script>\n<!-- \/ Yoast SEO plugin. -->","yoast_head_json":{"title":"Horeca Runder Tischfu\u00df - \u00d8 125 Cm - H\u00f6he 72.50 Cm - Stahl","robots":{"index":"index","follow":"follow","max-snippet":"max-snippet:-1","max-image-preview":"max-image-preview:large","max-video-preview":"max-video-preview:-1"},"canonical":"https:\/\/intermob.be\/de\/produkt\/horeca-runder-tischfuss-stahl-oe-125-cm-hoehe-72-5-cm-schwarz-2\/","og_locale":"de_DE","og_type":"article","og_title":"Horeca Runder Tischfu\u00df - \u00d8 125 Cm - H\u00f6he 72.50 Cm - Stahl","og_description":"F\u00fcr Tischplatten von 130 cm bis 170 cm Lieferung in flacher Verpackung 1 Jahr Werksgarantie Die Tischgestelle sind unmontiert Das","og_url":"https:\/\/intermob.be\/de\/produkt\/horeca-runder-tischfuss-stahl-oe-125-cm-hoehe-72-5-cm-schwarz-2\/","og_site_name":"Intermob Mobilier","article_modified_time":"2025-07-03T11:58:28+00:00","og_image":[{"width":800,"height":800,"url":"https:\/\/intermob.be\/wp-content\/uploads\/2024\/03\/products-products-B-311-2.jpg","type":"image\/jpeg"}],"twitter_card":"summary_large_image","twitter_misc":{"Gesch\u00e4tzte Lesezeit":"1\u00a0Minute"},"schema":{"@context":"https:\/\/schema.org","@graph":[{"@type":"WebPage","@id":"https:\/\/intermob.be\/de\/produkt\/horeca-runder-tischfuss-stahl-oe-125-cm-hoehe-72-5-cm-schwarz-2\/","url":"https:\/\/intermob.be\/de\/produkt\/horeca-runder-tischfuss-stahl-oe-125-cm-hoehe-72-5-cm-schwarz-2\/","name":"Horeca Runder Tischfu\u00df - \u00d8 125 Cm - H\u00f6he 72.50 Cm - Stahl","isPartOf":{"@id":"https:\/\/intermob.be\/de\/#website"},"primaryImageOfPage":{"@id":"https:\/\/intermob.be\/de\/produkt\/horeca-runder-tischfuss-stahl-oe-125-cm-hoehe-72-5-cm-schwarz-2\/#primaryimage"},"image":{"@id":"https:\/\/intermob.be\/de\/produkt\/horeca-runder-tischfuss-stahl-oe-125-cm-hoehe-72-5-cm-schwarz-2\/#primaryimage"},"thumbnailUrl":"https:\/\/intermob.be\/wp-content\/uploads\/2024\/03\/products-products-B-311-2.jpg","datePublished":"2021-10-07T08:21:44+00:00","dateModified":"2025-07-03T11:58:28+00:00","breadcrumb":{"@id":"https:\/\/intermob.be\/de\/produkt\/horeca-runder-tischfuss-stahl-oe-125-cm-hoehe-72-5-cm-schwarz-2\/#breadcrumb"},"inLanguage":"de","potentialAction":[{"@type":"ReadAction","target":["https:\/\/intermob.be\/de\/produkt\/horeca-runder-tischfuss-stahl-oe-125-cm-hoehe-72-5-cm-schwarz-2\/"]}]},{"@type":"ImageObject","inLanguage":"de","@id":"https:\/\/intermob.be\/de\/produkt\/horeca-runder-tischfuss-stahl-oe-125-cm-hoehe-72-5-cm-schwarz-2\/#primaryimage","url":"https:\/\/intermob.be\/wp-content\/uploads\/2024\/03\/products-products-B-311-2.jpg","contentUrl":"https:\/\/intermob.be\/wp-content\/uploads\/2024\/03\/products-products-B-311-2.jpg","width":800,"height":800,"caption":"Horeca Tafelonderstel - Rond 72.50 Cm"},{"@type":"BreadcrumbList","@id":"https:\/\/intermob.be\/de\/produkt\/horeca-runder-tischfuss-stahl-oe-125-cm-hoehe-72-5-cm-schwarz-2\/#breadcrumb","itemListElement":[{"@type":"ListItem","position":1,"name":"Home","item":"https:\/\/intermob.be\/de\/"},{"@type":"ListItem","position":2,"name":"Shop","item":"https:\/\/intermob.be\/de\/shop\/"},{"@type":"ListItem","position":3,"name":"Pied De Table Ronde - \u00d8 125 x H 72.50 cm - Acier"}]},{"@type":"WebSite","@id":"https:\/\/intermob.be\/de\/#website","url":"https:\/\/intermob.be\/de\/","name":"Intermob","description":"","publisher":{"@id":"https:\/\/intermob.be\/de\/#organization"},"potentialAction":[{"@type":"SearchAction","target":{"@type":"EntryPoint","urlTemplate":"https:\/\/intermob.be\/de\/?s={search_term_string}"},"query-input":{"@type":"PropertyValueSpecification","valueRequired":true,"valueName":"search_term_string"}}],"inLanguage":"de"},{"@type":"Organization","@id":"https:\/\/intermob.be\/de\/#organization","name":"Intermob Mobilier","url":"https:\/\/intermob.be\/de\/","logo":{"@type":"ImageObject","inLanguage":"de","@id":"https:\/\/intermob.be\/de\/#\/schema\/logo\/image\/","url":"https:\/\/intermob.be\/wp-content\/uploads\/2025\/09\/intb-bold-logo.png","contentUrl":"https:\/\/intermob.be\/wp-content\/uploads\/2025\/09\/intb-bold-logo.png","width":480,"height":158,"caption":"Intermob Mobilier"},"image":{"@id":"https:\/\/intermob.be\/de\/#\/schema\/logo\/image\/"}}]}},"_links":{"self":[{"href":"https:\/\/intermob.be\/de\/wp-json\/wp\/v2\/product\/81328","targetHints":{"allow":["GET"]}}],"collection":[{"href":"https:\/\/intermob.be\/de\/wp-json\/wp\/v2\/product"}],"about":[{"href":"https:\/\/intermob.be\/de\/wp-json\/wp\/v2\/types\/product"}],"replies":[{"embeddable":true,"href":"https:\/\/intermob.be\/de\/wp-json\/wp\/v2\/comments?post=81328"}],"version-history":[{"count":0,"href":"https:\/\/intermob.be\/de\/wp-json\/wp\/v2\/product\/81328\/revisions"}],"wp:featuredmedia":[{"embeddable":true,"href":"https:\/\/intermob.be\/de\/wp-json\/wp\/v2\/media\/77763"}],"wp:attachment":[{"href":"https:\/\/intermob.be\/de\/wp-json\/wp\/v2\/media?parent=81328"}],"wp:term":[{"taxonomy":"product_brand","embeddable":true,"href":"https:\/\/intermob.be\/de\/wp-json\/wp\/v2\/product_brand?post=81328"},{"taxonomy":"product_cat","embeddable":true,"href":"https:\/\/intermob.be\/de\/wp-json\/wp\/v2\/product_cat?post=81328"},{"taxonomy":"product_tag","embeddable":true,"href":"https:\/\/intermob.be\/de\/wp-json\/wp\/v2\/product_tag?post=81328"}],"curies":[{"name":"wp","href":"https:\/\/api.w.org\/{rel}","templated":true}]}}