{"id":81422,"date":"2021-10-25T11:36:51","date_gmt":"2021-10-25T11:36:51","guid":{"rendered":"https:\/\/intermob.be\/?post_type=product&#038;p=81422"},"modified":"2025-09-13T08:13:42","modified_gmt":"2025-09-13T08:13:42","slug":"safran-u-baenke","status":"publish","type":"product","link":"https:\/\/intermob.be\/de\/produkt\/safran-u-baenke\/","title":{"rendered":"Essbank - Safran - U B\u00e4nke"},"content":{"rendered":"<p><span style=\"color: #000000\">Banken sind ein wichtiges Grundelement f\u00fcr die Gestaltung Ihres Unternehmens. Das Horeca Center m\u00f6chte einen starken Service bieten und legt daher gro\u00dfen Wert auf eine sch\u00f6ne Verarbeitung seiner Produkte. Die B\u00e4nke sind in verschiedenen Modellen erh\u00e4ltlich und werden vom Horeca Center speziell f\u00fcr Sie angefertigt. Das Preis-Leistungs-Verh\u00e4ltnis der Banken macht das Horeca Center zu einem der f\u00fchrenden Unternehmen in dieser Branche.<\/span><br \/>\n<span style=\"color: #000000\">Aufmerksamkeit ! Die Ma\u00dfe der B\u00e4nke k\u00f6nnen je nach verwendetem Material um 1 bis 2 cm variieren.<\/span><\/p>\n<p><strong><span style=\"color: #000000\">Das Set im Bild besteht aus folgenden Produkten:<br \/>\n<\/span><\/strong><span style=\"color: #000000\">2x Ecksofas von <span style=\"color: #0000ff\"><a style=\"color: #0000ff\" href=\"https:\/\/intermob.be\/de\/produkt\/horeca-sitzbank-safran-eckenbank-schwarz\/\">SH70-B-CASCO<\/a><\/span><\/span><br \/>\n<span style=\"color: #000000\">7x B\u00e4nke von <span style=\"color: #0000ff\"><a style=\"color: #0000ff\" href=\"https:\/\/intermob.be\/de\/produkt\/horeca-sitzbank-safran-schwarz\/\">SS120-B-CASCO<\/a><\/span><\/span><br \/>\n<span style=\"color: #000000\">4x Ledersessel von <span style=\"color: #0000ff\"><a style=\"color: #0000ff\" href=\"https:\/\/intermob.be\/de\/produkt\/horeca-stuhl-tara-schwarz\/\">TARA-BLACK<\/a><\/span><\/span><br \/>\n<span style=\"color: #000000\">8x Tische von <span style=\"color: #0000ff\"><a style=\"color: #0000ff\" href=\"https:\/\/intermob.be\/de\/produkt\/horeca-tisch-dublin-k2-60x60-cm-mit-basis\/\">DUBLIN-K2-60X60+B-339<\/a><\/span><\/span><\/p>\n<p><strong><span style=\"color: #0000ff\"><br \/>\n<span style=\"color: #008000\">PREIS AUF ANFRAGE!<\/span><\/span><\/strong><\/p>\n","protected":false},"excerpt":{"rendered":"<p>Banken sind ein wichtiges Grundelement f\u00fcr die Gestaltung Ihres Unternehmens. Das Horeca Center m\u00f6chte einen starken Service bieten und legt<\/p>\n","protected":false},"featured_media":81423,"comment_status":"open","ping_status":"closed","template":"","meta":[],"product_brand":[],"product_cat":[9751],"product_tag":[],"class_list":{"0":"post-81422","1":"product","2":"type-product","3":"status-publish","4":"has-post-thumbnail","6":"product_cat-safran-banke","7":"pa_product-color-color-schwarz-de","8":"pa_product-frame-color-wenge-frame-color-de","9":"pa_product-more-colors-ja-de","10":"pa_product-more-dimensions-ja-de","11":"pa_product-seats-16-seats-de","12":"pa_product-upholstery-upholstery-kunstleder-de","13":"pa_product-usage-usage-innen-de","15":"first","16":"instock","17":"taxable","18":"shipping-taxable","19":"purchasable","20":"product-type-simple"},"yoast_head":"<!-- This site is optimized with the Yoast SEO plugin v26.4 - https:\/\/yoast.com\/wordpress\/plugins\/seo\/ -->\n<title>Safran - U B\u00e4nke - Intermob Mobilier<\/title>\n<meta name=\"robots\" content=\"index, follow, max-snippet:-1, max-image-preview:large, max-video-preview:-1\" \/>\n<link rel=\"canonical\" href=\"https:\/\/intermob.be\/de\/produkt\/safran-u-baenke\/\" \/>\n<meta property=\"og:locale\" content=\"de_DE\" \/>\n<meta property=\"og:type\" content=\"article\" \/>\n<meta property=\"og:title\" content=\"Safran - U B\u00e4nke - Intermob Mobilier\" \/>\n<meta property=\"og:description\" content=\"Banken sind ein wichtiges Grundelement f\u00fcr die Gestaltung Ihres Unternehmens. Das Horeca Center m\u00f6chte einen starken Service bieten und legt\" \/>\n<meta property=\"og:url\" content=\"https:\/\/intermob.be\/de\/produkt\/safran-u-baenke\/\" \/>\n<meta property=\"og:site_name\" content=\"Intermob Mobilier\" \/>\n<meta property=\"article:modified_time\" content=\"2025-09-13T08:13:42+00:00\" \/>\n<meta property=\"og:image\" content=\"https:\/\/intermob.be\/wp-content\/uploads\/2024\/03\/products-Horeca-Eetbank-Safran-Zwart-Model-16-2.jpg\" \/>\n\t<meta property=\"og:image:width\" content=\"800\" \/>\n\t<meta property=\"og:image:height\" content=\"800\" \/>\n\t<meta property=\"og:image:type\" content=\"image\/jpeg\" \/>\n<meta name=\"twitter:card\" content=\"summary_large_image\" \/>\n<meta name=\"twitter:label1\" content=\"Gesch\u00e4tzte Lesezeit\" \/>\n\t<meta name=\"twitter:data1\" content=\"1\u00a0Minute\" \/>\n<script type=\"application\/ld+json\" class=\"yoast-schema-graph\">{\"@context\":\"https:\/\/schema.org\",\"@graph\":[{\"@type\":\"WebPage\",\"@id\":\"https:\/\/intermob.be\/de\/produkt\/safran-u-baenke\/\",\"url\":\"https:\/\/intermob.be\/de\/produkt\/safran-u-baenke\/\",\"name\":\"Safran - U B\u00e4nke - Intermob Mobilier\",\"isPartOf\":{\"@id\":\"https:\/\/intermob.be\/de\/#website\"},\"primaryImageOfPage\":{\"@id\":\"https:\/\/intermob.be\/de\/produkt\/safran-u-baenke\/#primaryimage\"},\"image\":{\"@id\":\"https:\/\/intermob.be\/de\/produkt\/safran-u-baenke\/#primaryimage\"},\"thumbnailUrl\":\"https:\/\/intermob.be\/wp-content\/uploads\/2024\/03\/products-Horeca-Eetbank-Safran-Zwart-Model-16-2.jpg\",\"datePublished\":\"2021-10-25T11:36:51+00:00\",\"dateModified\":\"2025-09-13T08:13:42+00:00\",\"breadcrumb\":{\"@id\":\"https:\/\/intermob.be\/de\/produkt\/safran-u-baenke\/#breadcrumb\"},\"inLanguage\":\"de\",\"potentialAction\":[{\"@type\":\"ReadAction\",\"target\":[\"https:\/\/intermob.be\/de\/produkt\/safran-u-baenke\/\"]}]},{\"@type\":\"ImageObject\",\"inLanguage\":\"de\",\"@id\":\"https:\/\/intermob.be\/de\/produkt\/safran-u-baenke\/#primaryimage\",\"url\":\"https:\/\/intermob.be\/wp-content\/uploads\/2024\/03\/products-Horeca-Eetbank-Safran-Zwart-Model-16-2.jpg\",\"contentUrl\":\"https:\/\/intermob.be\/wp-content\/uploads\/2024\/03\/products-Horeca-Eetbank-Safran-Zwart-Model-16-2.jpg\",\"width\":800,\"height\":800,\"caption\":\"Horeca Eetbank - Safran - Zwart - Model - 16\"},{\"@type\":\"BreadcrumbList\",\"@id\":\"https:\/\/intermob.be\/de\/produkt\/safran-u-baenke\/#breadcrumb\",\"itemListElement\":[{\"@type\":\"ListItem\",\"position\":1,\"name\":\"Home\",\"item\":\"https:\/\/intermob.be\/de\/\"},{\"@type\":\"ListItem\",\"position\":2,\"name\":\"Shop\",\"item\":\"https:\/\/intermob.be\/de\/shop\/\"},{\"@type\":\"ListItem\",\"position\":3,\"name\":\"Banquette - Safran - Banque U\"}]},{\"@type\":\"WebSite\",\"@id\":\"https:\/\/intermob.be\/de\/#website\",\"url\":\"https:\/\/intermob.be\/de\/\",\"name\":\"Intermob\",\"description\":\"\",\"publisher\":{\"@id\":\"https:\/\/intermob.be\/de\/#organization\"},\"potentialAction\":[{\"@type\":\"SearchAction\",\"target\":{\"@type\":\"EntryPoint\",\"urlTemplate\":\"https:\/\/intermob.be\/de\/?s={search_term_string}\"},\"query-input\":{\"@type\":\"PropertyValueSpecification\",\"valueRequired\":true,\"valueName\":\"search_term_string\"}}],\"inLanguage\":\"de\"},{\"@type\":\"Organization\",\"@id\":\"https:\/\/intermob.be\/de\/#organization\",\"name\":\"Intermob Mobilier\",\"url\":\"https:\/\/intermob.be\/de\/\",\"logo\":{\"@type\":\"ImageObject\",\"inLanguage\":\"de\",\"@id\":\"https:\/\/intermob.be\/de\/#\/schema\/logo\/image\/\",\"url\":\"https:\/\/intermob.be\/wp-content\/uploads\/2025\/09\/intb-bold-logo.png\",\"contentUrl\":\"https:\/\/intermob.be\/wp-content\/uploads\/2025\/09\/intb-bold-logo.png\",\"width\":480,\"height\":158,\"caption\":\"Intermob Mobilier\"},\"image\":{\"@id\":\"https:\/\/intermob.be\/de\/#\/schema\/logo\/image\/\"}}]}<\/script>\n<!-- \/ Yoast SEO plugin. -->","yoast_head_json":{"title":"Safran - U B\u00e4nke - Intermob Mobilier","robots":{"index":"index","follow":"follow","max-snippet":"max-snippet:-1","max-image-preview":"max-image-preview:large","max-video-preview":"max-video-preview:-1"},"canonical":"https:\/\/intermob.be\/de\/produkt\/safran-u-baenke\/","og_locale":"de_DE","og_type":"article","og_title":"Safran - U B\u00e4nke - Intermob Mobilier","og_description":"Banken sind ein wichtiges Grundelement f\u00fcr die Gestaltung Ihres Unternehmens. Das Horeca Center m\u00f6chte einen starken Service bieten und legt","og_url":"https:\/\/intermob.be\/de\/produkt\/safran-u-baenke\/","og_site_name":"Intermob Mobilier","article_modified_time":"2025-09-13T08:13:42+00:00","og_image":[{"width":800,"height":800,"url":"https:\/\/intermob.be\/wp-content\/uploads\/2024\/03\/products-Horeca-Eetbank-Safran-Zwart-Model-16-2.jpg","type":"image\/jpeg"}],"twitter_card":"summary_large_image","twitter_misc":{"Gesch\u00e4tzte Lesezeit":"1\u00a0Minute"},"schema":{"@context":"https:\/\/schema.org","@graph":[{"@type":"WebPage","@id":"https:\/\/intermob.be\/de\/produkt\/safran-u-baenke\/","url":"https:\/\/intermob.be\/de\/produkt\/safran-u-baenke\/","name":"Safran - U B\u00e4nke - Intermob Mobilier","isPartOf":{"@id":"https:\/\/intermob.be\/de\/#website"},"primaryImageOfPage":{"@id":"https:\/\/intermob.be\/de\/produkt\/safran-u-baenke\/#primaryimage"},"image":{"@id":"https:\/\/intermob.be\/de\/produkt\/safran-u-baenke\/#primaryimage"},"thumbnailUrl":"https:\/\/intermob.be\/wp-content\/uploads\/2024\/03\/products-Horeca-Eetbank-Safran-Zwart-Model-16-2.jpg","datePublished":"2021-10-25T11:36:51+00:00","dateModified":"2025-09-13T08:13:42+00:00","breadcrumb":{"@id":"https:\/\/intermob.be\/de\/produkt\/safran-u-baenke\/#breadcrumb"},"inLanguage":"de","potentialAction":[{"@type":"ReadAction","target":["https:\/\/intermob.be\/de\/produkt\/safran-u-baenke\/"]}]},{"@type":"ImageObject","inLanguage":"de","@id":"https:\/\/intermob.be\/de\/produkt\/safran-u-baenke\/#primaryimage","url":"https:\/\/intermob.be\/wp-content\/uploads\/2024\/03\/products-Horeca-Eetbank-Safran-Zwart-Model-16-2.jpg","contentUrl":"https:\/\/intermob.be\/wp-content\/uploads\/2024\/03\/products-Horeca-Eetbank-Safran-Zwart-Model-16-2.jpg","width":800,"height":800,"caption":"Horeca Eetbank - Safran - Zwart - Model - 16"},{"@type":"BreadcrumbList","@id":"https:\/\/intermob.be\/de\/produkt\/safran-u-baenke\/#breadcrumb","itemListElement":[{"@type":"ListItem","position":1,"name":"Home","item":"https:\/\/intermob.be\/de\/"},{"@type":"ListItem","position":2,"name":"Shop","item":"https:\/\/intermob.be\/de\/shop\/"},{"@type":"ListItem","position":3,"name":"Banquette - Safran - Banque U"}]},{"@type":"WebSite","@id":"https:\/\/intermob.be\/de\/#website","url":"https:\/\/intermob.be\/de\/","name":"Intermob","description":"","publisher":{"@id":"https:\/\/intermob.be\/de\/#organization"},"potentialAction":[{"@type":"SearchAction","target":{"@type":"EntryPoint","urlTemplate":"https:\/\/intermob.be\/de\/?s={search_term_string}"},"query-input":{"@type":"PropertyValueSpecification","valueRequired":true,"valueName":"search_term_string"}}],"inLanguage":"de"},{"@type":"Organization","@id":"https:\/\/intermob.be\/de\/#organization","name":"Intermob Mobilier","url":"https:\/\/intermob.be\/de\/","logo":{"@type":"ImageObject","inLanguage":"de","@id":"https:\/\/intermob.be\/de\/#\/schema\/logo\/image\/","url":"https:\/\/intermob.be\/wp-content\/uploads\/2025\/09\/intb-bold-logo.png","contentUrl":"https:\/\/intermob.be\/wp-content\/uploads\/2025\/09\/intb-bold-logo.png","width":480,"height":158,"caption":"Intermob Mobilier"},"image":{"@id":"https:\/\/intermob.be\/de\/#\/schema\/logo\/image\/"}}]}},"_links":{"self":[{"href":"https:\/\/intermob.be\/de\/wp-json\/wp\/v2\/product\/81422","targetHints":{"allow":["GET"]}}],"collection":[{"href":"https:\/\/intermob.be\/de\/wp-json\/wp\/v2\/product"}],"about":[{"href":"https:\/\/intermob.be\/de\/wp-json\/wp\/v2\/types\/product"}],"replies":[{"embeddable":true,"href":"https:\/\/intermob.be\/de\/wp-json\/wp\/v2\/comments?post=81422"}],"version-history":[{"count":0,"href":"https:\/\/intermob.be\/de\/wp-json\/wp\/v2\/product\/81422\/revisions"}],"wp:featuredmedia":[{"embeddable":true,"href":"https:\/\/intermob.be\/de\/wp-json\/wp\/v2\/media\/81423"}],"wp:attachment":[{"href":"https:\/\/intermob.be\/de\/wp-json\/wp\/v2\/media?parent=81422"}],"wp:term":[{"taxonomy":"product_brand","embeddable":true,"href":"https:\/\/intermob.be\/de\/wp-json\/wp\/v2\/product_brand?post=81422"},{"taxonomy":"product_cat","embeddable":true,"href":"https:\/\/intermob.be\/de\/wp-json\/wp\/v2\/product_cat?post=81422"},{"taxonomy":"product_tag","embeddable":true,"href":"https:\/\/intermob.be\/de\/wp-json\/wp\/v2\/product_tag?post=81422"}],"curies":[{"name":"wp","href":"https:\/\/api.w.org\/{rel}","templated":true}]}}