{"id":81458,"date":"2021-10-26T09:05:45","date_gmt":"2021-10-26T09:05:45","guid":{"rendered":"https:\/\/intermob.be\/?post_type=product&#038;p=81458"},"modified":"2025-09-09T11:30:57","modified_gmt":"2025-09-09T11:30:57","slug":"zugbank-luna-bordeaux-2","status":"publish","type":"product","link":"https:\/\/intermob.be\/de\/produkt\/zugbank-luna-bordeaux-2\/","title":{"rendered":"Zugbank - Eco Luna - Taupe"},"content":{"rendered":"<p><span style=\"color: #000000;\">Das Luna-Sofa ist ein sehr bequemes und benutzerfreundliches Sofa, das f\u00fcr jedes Catering-Unternehmen geeignet ist. Bedeckt mit hochwertigem, pflegeleichtem Kunstleder. Es ist f\u00fcr alle Catering-Betriebe geeignet und bietet mit seiner Breite von 120 cm Platz f\u00fcr 2 Personen. Lieferung mit schwarzer MDF-Basis und Standard-Kunststoffgleitnagel unten.\u00a0Der Gesamtplatzbedarf f\u00fcr dieses Zugbank-Set betr\u00e4gt 400 cm.<\/span><\/p>\n<p><span style=\"color: #000000;\">Aufmerksamkeit ! Die Ma\u00dfe der B\u00e4nke k\u00f6nnen je nach verwendetem Material um 1 bis 2 cm variieren.<\/span><\/p>\n<p><strong><span style=\"color: #000000;\">The set in the image consists of the following products:<br \/>\n<\/span><\/strong><span style=\"color: #000000;\">4x B\u00e4nke von <span style=\"color: #0000ff;\"><a style=\"color: #0000ff;\" href=\"https:\/\/intermob.be\/de\/produkt\/horeca-sitzbank-luna-taupe\/\">LUNA-TAUPE<\/a><\/span><\/span><br \/>\n<span style=\"color: #000000;\">2x Tische von <span style=\"color: #0000ff;\"><a style=\"color: #0000ff;\" href=\"https:\/\/intermob.be\/de\/produkt\/horeca-tisch-dublin-wenge-70x120-cm-mit-basis-3\/\">DUBLIN-WN-70X120+B-341<\/a><\/span><\/span><\/p>\n<p><span style=\"color: #008000;\"><strong><br \/>\nPREIS AUF ANFRAGE!<\/strong><\/span><\/p>\n","protected":false},"excerpt":{"rendered":"<p>Das Luna-Sofa ist ein sehr bequemes und benutzerfreundliches Sofa, das f\u00fcr jedes Catering-Unternehmen geeignet ist. Bedeckt mit hochwertigem, pflegeleichtem Kunstleder.<\/p>\n","protected":false},"featured_media":81459,"comment_status":"open","ping_status":"closed","template":"","meta":[],"product_brand":[],"product_cat":[9843],"product_tag":[],"class_list":{"0":"post-81458","1":"product","2":"type-product","3":"status-publish","4":"has-post-thumbnail","6":"product_cat-banke-luna","7":"pa_product-color-color-taupe-de","8":"pa_product-frame-color-wenge-frame-color-de","9":"pa_product-more-colors-ja-de","10":"pa_product-seats-8-seats-de","11":"pa_product-upholstery-upholstery-kunstleder-de","12":"pa_product-usage-usage-innen-de","14":"first","15":"onbackorder","16":"taxable","17":"shipping-taxable","18":"purchasable","19":"product-type-simple"},"yoast_head":"<!-- This site is optimized with the Yoast SEO plugin v26.4 - https:\/\/yoast.com\/wordpress\/plugins\/seo\/ -->\n<title>Zugbank - Eco Luna - Bordeaux<\/title>\n<meta name=\"robots\" content=\"index, follow, max-snippet:-1, max-image-preview:large, max-video-preview:-1\" \/>\n<link rel=\"canonical\" href=\"https:\/\/intermob.be\/de\/produkt\/zugbank-luna-bordeaux-2\/\" \/>\n<meta property=\"og:locale\" content=\"de_DE\" \/>\n<meta property=\"og:type\" content=\"article\" \/>\n<meta property=\"og:title\" content=\"Zugbank - Eco Luna - Bordeaux\" \/>\n<meta property=\"og:description\" content=\"Das Luna-Sofa ist ein sehr bequemes und benutzerfreundliches Sofa, das f\u00fcr jedes Catering-Unternehmen geeignet ist. Bedeckt mit hochwertigem, pflegeleichtem Kunstleder.\" \/>\n<meta property=\"og:url\" content=\"https:\/\/intermob.be\/de\/produkt\/zugbank-luna-bordeaux-2\/\" \/>\n<meta property=\"og:site_name\" content=\"Intermob Mobilier\" \/>\n<meta property=\"article:modified_time\" content=\"2025-09-09T11:30:57+00:00\" \/>\n<meta property=\"og:image\" content=\"https:\/\/intermob.be\/wp-content\/uploads\/2024\/03\/products-Horeca-Eetbank-Luna-Taupe-Model-2-2.jpg\" \/>\n\t<meta property=\"og:image:width\" content=\"800\" \/>\n\t<meta property=\"og:image:height\" content=\"800\" \/>\n\t<meta property=\"og:image:type\" content=\"image\/jpeg\" \/>\n<meta name=\"twitter:card\" content=\"summary_large_image\" \/>\n<meta name=\"twitter:label1\" content=\"Gesch\u00e4tzte Lesezeit\" \/>\n\t<meta name=\"twitter:data1\" content=\"1\u00a0Minute\" \/>\n<script type=\"application\/ld+json\" class=\"yoast-schema-graph\">{\"@context\":\"https:\/\/schema.org\",\"@graph\":[{\"@type\":\"WebPage\",\"@id\":\"https:\/\/intermob.be\/de\/produkt\/zugbank-luna-bordeaux-2\/\",\"url\":\"https:\/\/intermob.be\/de\/produkt\/zugbank-luna-bordeaux-2\/\",\"name\":\"Zugbank - Eco Luna - Bordeaux\",\"isPartOf\":{\"@id\":\"https:\/\/intermob.be\/de\/#website\"},\"primaryImageOfPage\":{\"@id\":\"https:\/\/intermob.be\/de\/produkt\/zugbank-luna-bordeaux-2\/#primaryimage\"},\"image\":{\"@id\":\"https:\/\/intermob.be\/de\/produkt\/zugbank-luna-bordeaux-2\/#primaryimage\"},\"thumbnailUrl\":\"https:\/\/intermob.be\/wp-content\/uploads\/2024\/03\/products-Horeca-Eetbank-Luna-Taupe-Model-2-2.jpg\",\"datePublished\":\"2021-10-26T09:05:45+00:00\",\"dateModified\":\"2025-09-09T11:30:57+00:00\",\"breadcrumb\":{\"@id\":\"https:\/\/intermob.be\/de\/produkt\/zugbank-luna-bordeaux-2\/#breadcrumb\"},\"inLanguage\":\"de\",\"potentialAction\":[{\"@type\":\"ReadAction\",\"target\":[\"https:\/\/intermob.be\/de\/produkt\/zugbank-luna-bordeaux-2\/\"]}]},{\"@type\":\"ImageObject\",\"inLanguage\":\"de\",\"@id\":\"https:\/\/intermob.be\/de\/produkt\/zugbank-luna-bordeaux-2\/#primaryimage\",\"url\":\"https:\/\/intermob.be\/wp-content\/uploads\/2024\/03\/products-Horeca-Eetbank-Luna-Taupe-Model-2-2.jpg\",\"contentUrl\":\"https:\/\/intermob.be\/wp-content\/uploads\/2024\/03\/products-Horeca-Eetbank-Luna-Taupe-Model-2-2.jpg\",\"width\":800,\"height\":800,\"caption\":\"Horeca Eetbank - Luna - Taupe - Model - 2\"},{\"@type\":\"BreadcrumbList\",\"@id\":\"https:\/\/intermob.be\/de\/produkt\/zugbank-luna-bordeaux-2\/#breadcrumb\",\"itemListElement\":[{\"@type\":\"ListItem\",\"position\":1,\"name\":\"Home\",\"item\":\"https:\/\/intermob.be\/de\/\"},{\"@type\":\"ListItem\",\"position\":2,\"name\":\"Shop\",\"item\":\"https:\/\/intermob.be\/de\/shop\/\"},{\"@type\":\"ListItem\",\"position\":3,\"name\":\"Banc De Train - Luna Eco - Taupe\"}]},{\"@type\":\"WebSite\",\"@id\":\"https:\/\/intermob.be\/de\/#website\",\"url\":\"https:\/\/intermob.be\/de\/\",\"name\":\"Intermob\",\"description\":\"\",\"publisher\":{\"@id\":\"https:\/\/intermob.be\/de\/#organization\"},\"potentialAction\":[{\"@type\":\"SearchAction\",\"target\":{\"@type\":\"EntryPoint\",\"urlTemplate\":\"https:\/\/intermob.be\/de\/?s={search_term_string}\"},\"query-input\":{\"@type\":\"PropertyValueSpecification\",\"valueRequired\":true,\"valueName\":\"search_term_string\"}}],\"inLanguage\":\"de\"},{\"@type\":\"Organization\",\"@id\":\"https:\/\/intermob.be\/de\/#organization\",\"name\":\"Intermob Mobilier\",\"url\":\"https:\/\/intermob.be\/de\/\",\"logo\":{\"@type\":\"ImageObject\",\"inLanguage\":\"de\",\"@id\":\"https:\/\/intermob.be\/de\/#\/schema\/logo\/image\/\",\"url\":\"https:\/\/intermob.be\/wp-content\/uploads\/2025\/09\/intb-bold-logo.png\",\"contentUrl\":\"https:\/\/intermob.be\/wp-content\/uploads\/2025\/09\/intb-bold-logo.png\",\"width\":480,\"height\":158,\"caption\":\"Intermob Mobilier\"},\"image\":{\"@id\":\"https:\/\/intermob.be\/de\/#\/schema\/logo\/image\/\"}}]}<\/script>\n<!-- \/ Yoast SEO plugin. -->","yoast_head_json":{"title":"Zugbank - Eco Luna - Bordeaux","robots":{"index":"index","follow":"follow","max-snippet":"max-snippet:-1","max-image-preview":"max-image-preview:large","max-video-preview":"max-video-preview:-1"},"canonical":"https:\/\/intermob.be\/de\/produkt\/zugbank-luna-bordeaux-2\/","og_locale":"de_DE","og_type":"article","og_title":"Zugbank - Eco Luna - Bordeaux","og_description":"Das Luna-Sofa ist ein sehr bequemes und benutzerfreundliches Sofa, das f\u00fcr jedes Catering-Unternehmen geeignet ist. Bedeckt mit hochwertigem, pflegeleichtem Kunstleder.","og_url":"https:\/\/intermob.be\/de\/produkt\/zugbank-luna-bordeaux-2\/","og_site_name":"Intermob Mobilier","article_modified_time":"2025-09-09T11:30:57+00:00","og_image":[{"width":800,"height":800,"url":"https:\/\/intermob.be\/wp-content\/uploads\/2024\/03\/products-Horeca-Eetbank-Luna-Taupe-Model-2-2.jpg","type":"image\/jpeg"}],"twitter_card":"summary_large_image","twitter_misc":{"Gesch\u00e4tzte Lesezeit":"1\u00a0Minute"},"schema":{"@context":"https:\/\/schema.org","@graph":[{"@type":"WebPage","@id":"https:\/\/intermob.be\/de\/produkt\/zugbank-luna-bordeaux-2\/","url":"https:\/\/intermob.be\/de\/produkt\/zugbank-luna-bordeaux-2\/","name":"Zugbank - Eco Luna - Bordeaux","isPartOf":{"@id":"https:\/\/intermob.be\/de\/#website"},"primaryImageOfPage":{"@id":"https:\/\/intermob.be\/de\/produkt\/zugbank-luna-bordeaux-2\/#primaryimage"},"image":{"@id":"https:\/\/intermob.be\/de\/produkt\/zugbank-luna-bordeaux-2\/#primaryimage"},"thumbnailUrl":"https:\/\/intermob.be\/wp-content\/uploads\/2024\/03\/products-Horeca-Eetbank-Luna-Taupe-Model-2-2.jpg","datePublished":"2021-10-26T09:05:45+00:00","dateModified":"2025-09-09T11:30:57+00:00","breadcrumb":{"@id":"https:\/\/intermob.be\/de\/produkt\/zugbank-luna-bordeaux-2\/#breadcrumb"},"inLanguage":"de","potentialAction":[{"@type":"ReadAction","target":["https:\/\/intermob.be\/de\/produkt\/zugbank-luna-bordeaux-2\/"]}]},{"@type":"ImageObject","inLanguage":"de","@id":"https:\/\/intermob.be\/de\/produkt\/zugbank-luna-bordeaux-2\/#primaryimage","url":"https:\/\/intermob.be\/wp-content\/uploads\/2024\/03\/products-Horeca-Eetbank-Luna-Taupe-Model-2-2.jpg","contentUrl":"https:\/\/intermob.be\/wp-content\/uploads\/2024\/03\/products-Horeca-Eetbank-Luna-Taupe-Model-2-2.jpg","width":800,"height":800,"caption":"Horeca Eetbank - Luna - Taupe - Model - 2"},{"@type":"BreadcrumbList","@id":"https:\/\/intermob.be\/de\/produkt\/zugbank-luna-bordeaux-2\/#breadcrumb","itemListElement":[{"@type":"ListItem","position":1,"name":"Home","item":"https:\/\/intermob.be\/de\/"},{"@type":"ListItem","position":2,"name":"Shop","item":"https:\/\/intermob.be\/de\/shop\/"},{"@type":"ListItem","position":3,"name":"Banc De Train - Luna Eco - Taupe"}]},{"@type":"WebSite","@id":"https:\/\/intermob.be\/de\/#website","url":"https:\/\/intermob.be\/de\/","name":"Intermob","description":"","publisher":{"@id":"https:\/\/intermob.be\/de\/#organization"},"potentialAction":[{"@type":"SearchAction","target":{"@type":"EntryPoint","urlTemplate":"https:\/\/intermob.be\/de\/?s={search_term_string}"},"query-input":{"@type":"PropertyValueSpecification","valueRequired":true,"valueName":"search_term_string"}}],"inLanguage":"de"},{"@type":"Organization","@id":"https:\/\/intermob.be\/de\/#organization","name":"Intermob Mobilier","url":"https:\/\/intermob.be\/de\/","logo":{"@type":"ImageObject","inLanguage":"de","@id":"https:\/\/intermob.be\/de\/#\/schema\/logo\/image\/","url":"https:\/\/intermob.be\/wp-content\/uploads\/2025\/09\/intb-bold-logo.png","contentUrl":"https:\/\/intermob.be\/wp-content\/uploads\/2025\/09\/intb-bold-logo.png","width":480,"height":158,"caption":"Intermob Mobilier"},"image":{"@id":"https:\/\/intermob.be\/de\/#\/schema\/logo\/image\/"}}]}},"_links":{"self":[{"href":"https:\/\/intermob.be\/de\/wp-json\/wp\/v2\/product\/81458","targetHints":{"allow":["GET"]}}],"collection":[{"href":"https:\/\/intermob.be\/de\/wp-json\/wp\/v2\/product"}],"about":[{"href":"https:\/\/intermob.be\/de\/wp-json\/wp\/v2\/types\/product"}],"replies":[{"embeddable":true,"href":"https:\/\/intermob.be\/de\/wp-json\/wp\/v2\/comments?post=81458"}],"version-history":[{"count":0,"href":"https:\/\/intermob.be\/de\/wp-json\/wp\/v2\/product\/81458\/revisions"}],"wp:featuredmedia":[{"embeddable":true,"href":"https:\/\/intermob.be\/de\/wp-json\/wp\/v2\/media\/81459"}],"wp:attachment":[{"href":"https:\/\/intermob.be\/de\/wp-json\/wp\/v2\/media?parent=81458"}],"wp:term":[{"taxonomy":"product_brand","embeddable":true,"href":"https:\/\/intermob.be\/de\/wp-json\/wp\/v2\/product_brand?post=81458"},{"taxonomy":"product_cat","embeddable":true,"href":"https:\/\/intermob.be\/de\/wp-json\/wp\/v2\/product_cat?post=81458"},{"taxonomy":"product_tag","embeddable":true,"href":"https:\/\/intermob.be\/de\/wp-json\/wp\/v2\/product_tag?post=81458"}],"curies":[{"name":"wp","href":"https:\/\/api.w.org\/{rel}","templated":true}]}}