{"id":81590,"date":"2021-12-16T13:18:20","date_gmt":"2021-12-16T13:18:20","guid":{"rendered":"https:\/\/intermob.be\/?post_type=product&#038;p=81590"},"modified":"2025-09-12T15:04:09","modified_gmt":"2025-09-12T15:04:09","slug":"horeca-stuehl-samt-jadi","status":"publish","type":"product","link":"https:\/\/intermob.be\/de\/produkt\/horeca-stuehl-samt-jadi\/","title":{"rendered":"St\u00fchl - Jadi - Samt"},"content":{"rendered":"<p><span style=\"color: #000000\">Entdecken Sie den Luxus dieses Samtstuhls, erh\u00e4ltlich in stilvollen Farben wie Ocker, Anthrazit, J\u00e4gergr\u00fcn und Rost. Der weiche Samtbezug bietet optimalen Sitzkomfort, w\u00e4hrend der stabile schwarze Metallrahmen eine moderne Optik verleiht. Perfekt f\u00fcr Gastronomiebetriebe wie Restaurants und Caf\u00e9s, die ihr Interieur mit einer raffinierten und einladenden Atmosph\u00e4re bereichern m\u00f6chten. Dieser Stuhl strahlt nicht nur Eleganz aus, sondern ist auch f\u00fcr den intensiven Gebrauch konzipiert und somit ideal f\u00fcr jeden Gast, der stilvollen Komfort sch\u00e4tzt.<\/span><\/p>\n<p><span style=\"color: #000000\"><strong>Zus\u00e4tzliche Information:<\/strong><\/span><\/p>\n<ul>\n<li><span style=\"color: #000000\">Die Sitze sind nicht zusammengebaut und je 2 in Kartons verpackt<\/span><\/li>\n<li><span style=\"color: #000000\">Der Sitz wird mit 4 Schrauben mit dem Rahmen verschraubt<\/span><\/li>\n<li><span style=\"color: #000000\">Notwendige Materialien f\u00fcr die Montage sind im Karton enthalten<\/span><\/li>\n<li><span style=\"color: #000000\">Die Sitze sind leicht zu montieren<\/span><\/li>\n<\/ul>\n","protected":false},"excerpt":{"rendered":"<p>Entdecken Sie den Luxus dieses Samtstuhls, erh\u00e4ltlich in stilvollen Farben wie Ocker, Anthrazit, J\u00e4gergr\u00fcn und Rost. Der weiche Samtbezug bietet<\/p>\n","protected":false},"featured_media":126291,"comment_status":"open","ping_status":"closed","template":"","meta":[],"product_brand":[],"product_cat":[10067,10063],"product_tag":[],"class_list":{"0":"post-81590","1":"product","2":"type-product","3":"status-publish","4":"has-post-thumbnail","6":"product_cat-vintage-stuhle","7":"product_cat-vintage-stuhl","8":"pa_armrest-armrest-nein-de","9":"pa_frame-nicht-stapelbar-frame-de","10":"pa_leg-height-47-leg-height-de","11":"pa_product-color-color-anthrazit-de","12":"pa_product-color-color-rost-de","13":"pa_product-color-color-hunter-de","14":"pa_product-color-color-ocker-de","15":"pa_product-frame-color-schwarz-frame-color-de","16":"pa_product-material-metallrahmen-material-de","17":"pa_product-more-colors-ja-de","18":"pa_product-more-dimensions-ja-de","19":"pa_product-seat-depth-cm-38-seat-depth-cm-de","20":"pa_product-seat-height-cm-50-seat-height-cm-de","21":"pa_product-seats-1-seats-de","22":"pa_product-upholstery-upholstery-samt-de","23":"pa_product-usage-usage-innen-de","25":"first","26":"instock","27":"sale","28":"taxable","29":"shipping-taxable","30":"purchasable","31":"product-type-variable","32":"hc-var-color"},"yoast_head":"<!-- This site is optimized with the Yoast SEO plugin v26.4 - https:\/\/yoast.com\/wordpress\/plugins\/seo\/ -->\n<title>Horeca St\u00fchl - Jadi - Samt<\/title>\n<meta name=\"robots\" content=\"index, follow, max-snippet:-1, max-image-preview:large, max-video-preview:-1\" \/>\n<link rel=\"canonical\" href=\"https:\/\/intermob.be\/de\/produkt\/horeca-stuehl-samt-jadi\/\" \/>\n<meta property=\"og:locale\" content=\"de_DE\" \/>\n<meta property=\"og:type\" content=\"article\" \/>\n<meta property=\"og:title\" content=\"Horeca St\u00fchl - Jadi - Samt\" \/>\n<meta property=\"og:description\" content=\"Entdecken Sie den Luxus dieses Samtstuhls, erh\u00e4ltlich in stilvollen Farben wie Ocker, Anthrazit, J\u00e4gergr\u00fcn und Rost. Der weiche Samtbezug bietet\" \/>\n<meta property=\"og:url\" content=\"https:\/\/intermob.be\/de\/produkt\/horeca-stuehl-samt-jadi\/\" \/>\n<meta property=\"og:site_name\" content=\"Intermob Mobilier\" \/>\n<meta property=\"article:modified_time\" content=\"2025-09-12T15:04:09+00:00\" \/>\n<meta property=\"og:image\" content=\"https:\/\/intermob.be\/wp-content\/uploads\/2021\/12\/Horeca-Stoel-Jadi-Velvet-Fluweel-Oker.jpg\" \/>\n\t<meta property=\"og:image:width\" content=\"1500\" \/>\n\t<meta property=\"og:image:height\" content=\"1500\" \/>\n\t<meta property=\"og:image:type\" content=\"image\/jpeg\" \/>\n<meta name=\"twitter:card\" content=\"summary_large_image\" \/>\n<meta name=\"twitter:label1\" content=\"Gesch\u00e4tzte Lesezeit\" \/>\n\t<meta name=\"twitter:data1\" content=\"1\u00a0Minute\" \/>\n<script type=\"application\/ld+json\" class=\"yoast-schema-graph\">{\"@context\":\"https:\/\/schema.org\",\"@graph\":[{\"@type\":\"WebPage\",\"@id\":\"https:\/\/intermob.be\/de\/produkt\/horeca-stuehl-samt-jadi\/\",\"url\":\"https:\/\/intermob.be\/de\/produkt\/horeca-stuehl-samt-jadi\/\",\"name\":\"Horeca St\u00fchl - Jadi - Samt\",\"isPartOf\":{\"@id\":\"https:\/\/intermob.be\/de\/#website\"},\"primaryImageOfPage\":{\"@id\":\"https:\/\/intermob.be\/de\/produkt\/horeca-stuehl-samt-jadi\/#primaryimage\"},\"image\":{\"@id\":\"https:\/\/intermob.be\/de\/produkt\/horeca-stuehl-samt-jadi\/#primaryimage\"},\"thumbnailUrl\":\"https:\/\/intermob.be\/wp-content\/uploads\/2021\/12\/Horeca-Stoel-Jadi-Velvet-Fluweel-Oker.jpg\",\"datePublished\":\"2021-12-16T13:18:20+00:00\",\"dateModified\":\"2025-09-12T15:04:09+00:00\",\"breadcrumb\":{\"@id\":\"https:\/\/intermob.be\/de\/produkt\/horeca-stuehl-samt-jadi\/#breadcrumb\"},\"inLanguage\":\"de\",\"potentialAction\":[{\"@type\":\"ReadAction\",\"target\":[\"https:\/\/intermob.be\/de\/produkt\/horeca-stuehl-samt-jadi\/\"]}]},{\"@type\":\"ImageObject\",\"inLanguage\":\"de\",\"@id\":\"https:\/\/intermob.be\/de\/produkt\/horeca-stuehl-samt-jadi\/#primaryimage\",\"url\":\"https:\/\/intermob.be\/wp-content\/uploads\/2021\/12\/Horeca-Stoel-Jadi-Velvet-Fluweel-Oker.jpg\",\"contentUrl\":\"https:\/\/intermob.be\/wp-content\/uploads\/2021\/12\/Horeca-Stoel-Jadi-Velvet-Fluweel-Oker.jpg\",\"width\":1500,\"height\":1500,\"caption\":\"Horeca-Stoel-Jadi-Velvet-Fluweel-Oker\"},{\"@type\":\"BreadcrumbList\",\"@id\":\"https:\/\/intermob.be\/de\/produkt\/horeca-stuehl-samt-jadi\/#breadcrumb\",\"itemListElement\":[{\"@type\":\"ListItem\",\"position\":1,\"name\":\"Home\",\"item\":\"https:\/\/intermob.be\/de\/\"},{\"@type\":\"ListItem\",\"position\":2,\"name\":\"Shop\",\"item\":\"https:\/\/intermob.be\/de\/shop\/\"},{\"@type\":\"ListItem\",\"position\":3,\"name\":\"Horeca St\u00fchl &#8211; Jadi &#8211; Samt\"}]},{\"@type\":\"WebSite\",\"@id\":\"https:\/\/intermob.be\/de\/#website\",\"url\":\"https:\/\/intermob.be\/de\/\",\"name\":\"Intermob\",\"description\":\"\",\"publisher\":{\"@id\":\"https:\/\/intermob.be\/de\/#organization\"},\"potentialAction\":[{\"@type\":\"SearchAction\",\"target\":{\"@type\":\"EntryPoint\",\"urlTemplate\":\"https:\/\/intermob.be\/de\/?s={search_term_string}\"},\"query-input\":{\"@type\":\"PropertyValueSpecification\",\"valueRequired\":true,\"valueName\":\"search_term_string\"}}],\"inLanguage\":\"de\"},{\"@type\":\"Organization\",\"@id\":\"https:\/\/intermob.be\/de\/#organization\",\"name\":\"Intermob Mobilier\",\"url\":\"https:\/\/intermob.be\/de\/\",\"logo\":{\"@type\":\"ImageObject\",\"inLanguage\":\"de\",\"@id\":\"https:\/\/intermob.be\/de\/#\/schema\/logo\/image\/\",\"url\":\"https:\/\/intermob.be\/wp-content\/uploads\/2025\/09\/intb-bold-logo.png\",\"contentUrl\":\"https:\/\/intermob.be\/wp-content\/uploads\/2025\/09\/intb-bold-logo.png\",\"width\":480,\"height\":158,\"caption\":\"Intermob Mobilier\"},\"image\":{\"@id\":\"https:\/\/intermob.be\/de\/#\/schema\/logo\/image\/\"}}]}<\/script>\n<!-- \/ Yoast SEO plugin. -->","yoast_head_json":{"title":"Horeca St\u00fchl - Jadi - Samt","robots":{"index":"index","follow":"follow","max-snippet":"max-snippet:-1","max-image-preview":"max-image-preview:large","max-video-preview":"max-video-preview:-1"},"canonical":"https:\/\/intermob.be\/de\/produkt\/horeca-stuehl-samt-jadi\/","og_locale":"de_DE","og_type":"article","og_title":"Horeca St\u00fchl - Jadi - Samt","og_description":"Entdecken Sie den Luxus dieses Samtstuhls, erh\u00e4ltlich in stilvollen Farben wie Ocker, Anthrazit, J\u00e4gergr\u00fcn und Rost. Der weiche Samtbezug bietet","og_url":"https:\/\/intermob.be\/de\/produkt\/horeca-stuehl-samt-jadi\/","og_site_name":"Intermob Mobilier","article_modified_time":"2025-09-12T15:04:09+00:00","og_image":[{"width":1500,"height":1500,"url":"https:\/\/intermob.be\/wp-content\/uploads\/2021\/12\/Horeca-Stoel-Jadi-Velvet-Fluweel-Oker.jpg","type":"image\/jpeg"}],"twitter_card":"summary_large_image","twitter_misc":{"Gesch\u00e4tzte Lesezeit":"1\u00a0Minute"},"schema":{"@context":"https:\/\/schema.org","@graph":[{"@type":"WebPage","@id":"https:\/\/intermob.be\/de\/produkt\/horeca-stuehl-samt-jadi\/","url":"https:\/\/intermob.be\/de\/produkt\/horeca-stuehl-samt-jadi\/","name":"Horeca St\u00fchl - Jadi - Samt","isPartOf":{"@id":"https:\/\/intermob.be\/de\/#website"},"primaryImageOfPage":{"@id":"https:\/\/intermob.be\/de\/produkt\/horeca-stuehl-samt-jadi\/#primaryimage"},"image":{"@id":"https:\/\/intermob.be\/de\/produkt\/horeca-stuehl-samt-jadi\/#primaryimage"},"thumbnailUrl":"https:\/\/intermob.be\/wp-content\/uploads\/2021\/12\/Horeca-Stoel-Jadi-Velvet-Fluweel-Oker.jpg","datePublished":"2021-12-16T13:18:20+00:00","dateModified":"2025-09-12T15:04:09+00:00","breadcrumb":{"@id":"https:\/\/intermob.be\/de\/produkt\/horeca-stuehl-samt-jadi\/#breadcrumb"},"inLanguage":"de","potentialAction":[{"@type":"ReadAction","target":["https:\/\/intermob.be\/de\/produkt\/horeca-stuehl-samt-jadi\/"]}]},{"@type":"ImageObject","inLanguage":"de","@id":"https:\/\/intermob.be\/de\/produkt\/horeca-stuehl-samt-jadi\/#primaryimage","url":"https:\/\/intermob.be\/wp-content\/uploads\/2021\/12\/Horeca-Stoel-Jadi-Velvet-Fluweel-Oker.jpg","contentUrl":"https:\/\/intermob.be\/wp-content\/uploads\/2021\/12\/Horeca-Stoel-Jadi-Velvet-Fluweel-Oker.jpg","width":1500,"height":1500,"caption":"Horeca-Stoel-Jadi-Velvet-Fluweel-Oker"},{"@type":"BreadcrumbList","@id":"https:\/\/intermob.be\/de\/produkt\/horeca-stuehl-samt-jadi\/#breadcrumb","itemListElement":[{"@type":"ListItem","position":1,"name":"Home","item":"https:\/\/intermob.be\/de\/"},{"@type":"ListItem","position":2,"name":"Shop","item":"https:\/\/intermob.be\/de\/shop\/"},{"@type":"ListItem","position":3,"name":"Horeca St\u00fchl &#8211; Jadi &#8211; Samt"}]},{"@type":"WebSite","@id":"https:\/\/intermob.be\/de\/#website","url":"https:\/\/intermob.be\/de\/","name":"Intermob","description":"","publisher":{"@id":"https:\/\/intermob.be\/de\/#organization"},"potentialAction":[{"@type":"SearchAction","target":{"@type":"EntryPoint","urlTemplate":"https:\/\/intermob.be\/de\/?s={search_term_string}"},"query-input":{"@type":"PropertyValueSpecification","valueRequired":true,"valueName":"search_term_string"}}],"inLanguage":"de"},{"@type":"Organization","@id":"https:\/\/intermob.be\/de\/#organization","name":"Intermob Mobilier","url":"https:\/\/intermob.be\/de\/","logo":{"@type":"ImageObject","inLanguage":"de","@id":"https:\/\/intermob.be\/de\/#\/schema\/logo\/image\/","url":"https:\/\/intermob.be\/wp-content\/uploads\/2025\/09\/intb-bold-logo.png","contentUrl":"https:\/\/intermob.be\/wp-content\/uploads\/2025\/09\/intb-bold-logo.png","width":480,"height":158,"caption":"Intermob Mobilier"},"image":{"@id":"https:\/\/intermob.be\/de\/#\/schema\/logo\/image\/"}}]}},"_links":{"self":[{"href":"https:\/\/intermob.be\/de\/wp-json\/wp\/v2\/product\/81590","targetHints":{"allow":["GET"]}}],"collection":[{"href":"https:\/\/intermob.be\/de\/wp-json\/wp\/v2\/product"}],"about":[{"href":"https:\/\/intermob.be\/de\/wp-json\/wp\/v2\/types\/product"}],"replies":[{"embeddable":true,"href":"https:\/\/intermob.be\/de\/wp-json\/wp\/v2\/comments?post=81590"}],"version-history":[{"count":0,"href":"https:\/\/intermob.be\/de\/wp-json\/wp\/v2\/product\/81590\/revisions"}],"wp:featuredmedia":[{"embeddable":true,"href":"https:\/\/intermob.be\/de\/wp-json\/wp\/v2\/media\/126291"}],"wp:attachment":[{"href":"https:\/\/intermob.be\/de\/wp-json\/wp\/v2\/media?parent=81590"}],"wp:term":[{"taxonomy":"product_brand","embeddable":true,"href":"https:\/\/intermob.be\/de\/wp-json\/wp\/v2\/product_brand?post=81590"},{"taxonomy":"product_cat","embeddable":true,"href":"https:\/\/intermob.be\/de\/wp-json\/wp\/v2\/product_cat?post=81590"},{"taxonomy":"product_tag","embeddable":true,"href":"https:\/\/intermob.be\/de\/wp-json\/wp\/v2\/product_tag?post=81590"}],"curies":[{"name":"wp","href":"https:\/\/api.w.org\/{rel}","templated":true}]}}