{"id":81922,"date":"2021-12-17T07:23:36","date_gmt":"2021-12-17T07:23:36","guid":{"rendered":"https:\/\/intermob.be\/?post_type=product&#038;p=81922"},"modified":"2025-12-02T09:55:23","modified_gmt":"2025-12-02T09:55:23","slug":"horeca-stuehl-samt-fiona","status":"publish","type":"product","link":"https:\/\/intermob.be\/de\/produkt\/horeca-stuehl-samt-fiona\/","title":{"rendered":"St\u00fchl - Fiona - Samt"},"content":{"rendered":"<p><span style=\"color: #000000\">Dieser Samtsessel, erh\u00e4ltlich in einer Reihe von satten Farben wie Sand, Ocker, Schwarz, Grau, Blau, Altrosa, Armeegr\u00fcn, Bordeaux und Rost, ist die perfekte Wahl f\u00fcr eine zeitgen\u00f6ssische und raffinierte Atmosph\u00e4re. Der schwarze Metallrahmen sorgt f\u00fcr eine moderne Optik, w\u00e4hrend der Samtbezug ein luxuri\u00f6ses, weiches Sitzerlebnis bietet. Ideal f\u00fcr Gastronomiebetriebe wie Restaurants, Caf\u00e9s oder Lounges, die eine stilvolle und komfortable Atmosph\u00e4re schaffen m\u00f6chten. Mit diesem Sessel f\u00fcgen Sie Ihrem Raum W\u00e4rme und Charakter hinzu, was f\u00fcr ein angenehmes Erlebnis sorgt und Kunden dazu einl\u00e4dt, l\u00e4nger zu bleiben.<\/span><\/p>\n<p><span style=\"color: #000000\"><strong>Zus\u00e4tzliche Information:<\/strong><\/span><\/p>\n<ul>\n<li><span style=\"color: #000000\">Die Sitze sind nicht zusammengebaut und je 2 in Kartons verpackt<\/span><\/li>\n<li><span style=\"color: #000000\">Der Sitz wird mit 4 Schrauben mit dem Rahmen verschraubt<\/span><\/li>\n<li><span style=\"color: #000000\">Notwendige Materialien f\u00fcr die Montage sind im Karton enthalten<\/span><\/li>\n<li><span style=\"color: #000000\">Die Sitze sind leicht zu montieren<\/span><\/li>\n<\/ul>\n","protected":false},"excerpt":{"rendered":"<p>Dieser Samtsessel, erh\u00e4ltlich in einer Reihe von satten Farben wie Sand, Ocker, Schwarz, Grau, Blau, Altrosa, Armeegr\u00fcn, Bordeaux und Rost,<\/p>\n","protected":false},"featured_media":126168,"comment_status":"open","ping_status":"closed","template":"","meta":[],"product_brand":[],"product_cat":[10067,10063],"product_tag":[],"class_list":{"0":"post-81922","1":"product","2":"type-product","3":"status-publish","4":"has-post-thumbnail","6":"product_cat-vintage-stuhle","7":"product_cat-vintage-stuhl","8":"pa_armrest-armrest-ja-de","9":"pa_frame-nicht-stapelbar-frame-de","10":"pa_product-arm-height-cm-68-arm-height-cm-de","11":"pa_product-color-color-schwarz-de","12":"pa_product-color-color-bordeaux-de","13":"pa_product-color-color-grau-de","14":"pa_product-color-color-rost-de","15":"pa_product-color-color-blau-de","16":"pa_product-color-color-ocker-de","17":"pa_product-color-color-sand-de","18":"pa_product-color-color-armeegruen-de","19":"pa_product-frame-color-schwarz-frame-color-de","20":"pa_product-material-metallrahmen-material-de","21":"pa_product-more-colors-ja-de","22":"pa_product-seat-depth-cm-42-seat-depth-cm-de","23":"pa_product-seat-height-cm-48-seat-height-cm-de","24":"pa_product-seats-1-seats-de","25":"pa_product-upholstery-upholstery-samt-de","26":"pa_product-usage-usage-innen-de","28":"first","29":"instock","30":"sale","31":"taxable","32":"shipping-taxable","33":"purchasable","34":"product-type-variable","35":"hc-var-color"},"yoast_head":"<!-- This site is optimized with the Yoast SEO plugin v26.4 - https:\/\/yoast.com\/wordpress\/plugins\/seo\/ -->\n<title>Horeca Sessel - Fiona - Samt<\/title>\n<meta name=\"robots\" content=\"index, follow, max-snippet:-1, max-image-preview:large, max-video-preview:-1\" \/>\n<link rel=\"canonical\" href=\"https:\/\/intermob.be\/de\/produkt\/horeca-stuehl-samt-fiona\/\" \/>\n<meta property=\"og:locale\" content=\"de_DE\" \/>\n<meta property=\"og:type\" content=\"article\" \/>\n<meta property=\"og:title\" content=\"Horeca Sessel - Fiona - Samt\" \/>\n<meta property=\"og:description\" content=\"Dieser Samtsessel, erh\u00e4ltlich in einer Reihe von satten Farben wie Sand, Ocker, Schwarz, Grau, Blau, Altrosa, Armeegr\u00fcn, Bordeaux und Rost,\" \/>\n<meta property=\"og:url\" content=\"https:\/\/intermob.be\/de\/produkt\/horeca-stuehl-samt-fiona\/\" \/>\n<meta property=\"og:site_name\" content=\"Intermob Mobilier\" \/>\n<meta property=\"article:modified_time\" content=\"2025-12-02T09:55:23+00:00\" \/>\n<meta property=\"og:image\" content=\"https:\/\/intermob.be\/wp-content\/uploads\/2021\/12\/Horeca-Armstoel-Fiona-Velvet-Fluweel-Zand.jpg\" \/>\n\t<meta property=\"og:image:width\" content=\"1500\" \/>\n\t<meta property=\"og:image:height\" content=\"1500\" \/>\n\t<meta property=\"og:image:type\" content=\"image\/jpeg\" \/>\n<meta name=\"twitter:card\" content=\"summary_large_image\" \/>\n<meta name=\"twitter:label1\" content=\"Gesch\u00e4tzte Lesezeit\" \/>\n\t<meta name=\"twitter:data1\" content=\"1\u00a0Minute\" \/>\n<script type=\"application\/ld+json\" class=\"yoast-schema-graph\">{\"@context\":\"https:\/\/schema.org\",\"@graph\":[{\"@type\":\"WebPage\",\"@id\":\"https:\/\/intermob.be\/de\/produkt\/horeca-stuehl-samt-fiona\/\",\"url\":\"https:\/\/intermob.be\/de\/produkt\/horeca-stuehl-samt-fiona\/\",\"name\":\"Horeca Sessel - Fiona - Samt\",\"isPartOf\":{\"@id\":\"https:\/\/intermob.be\/de\/#website\"},\"primaryImageOfPage\":{\"@id\":\"https:\/\/intermob.be\/de\/produkt\/horeca-stuehl-samt-fiona\/#primaryimage\"},\"image\":{\"@id\":\"https:\/\/intermob.be\/de\/produkt\/horeca-stuehl-samt-fiona\/#primaryimage\"},\"thumbnailUrl\":\"https:\/\/intermob.be\/wp-content\/uploads\/2021\/12\/Horeca-Armstoel-Fiona-Velvet-Fluweel-Zand.jpg\",\"datePublished\":\"2021-12-17T07:23:36+00:00\",\"dateModified\":\"2025-12-02T09:55:23+00:00\",\"breadcrumb\":{\"@id\":\"https:\/\/intermob.be\/de\/produkt\/horeca-stuehl-samt-fiona\/#breadcrumb\"},\"inLanguage\":\"de\",\"potentialAction\":[{\"@type\":\"ReadAction\",\"target\":[\"https:\/\/intermob.be\/de\/produkt\/horeca-stuehl-samt-fiona\/\"]}]},{\"@type\":\"ImageObject\",\"inLanguage\":\"de\",\"@id\":\"https:\/\/intermob.be\/de\/produkt\/horeca-stuehl-samt-fiona\/#primaryimage\",\"url\":\"https:\/\/intermob.be\/wp-content\/uploads\/2021\/12\/Horeca-Armstoel-Fiona-Velvet-Fluweel-Zand.jpg\",\"contentUrl\":\"https:\/\/intermob.be\/wp-content\/uploads\/2021\/12\/Horeca-Armstoel-Fiona-Velvet-Fluweel-Zand.jpg\",\"width\":1500,\"height\":1500,\"caption\":\"Horeca-Armstoel-Fiona-Velvet-Fluweel-Zand\"},{\"@type\":\"BreadcrumbList\",\"@id\":\"https:\/\/intermob.be\/de\/produkt\/horeca-stuehl-samt-fiona\/#breadcrumb\",\"itemListElement\":[{\"@type\":\"ListItem\",\"position\":1,\"name\":\"Home\",\"item\":\"https:\/\/intermob.be\/de\/\"},{\"@type\":\"ListItem\",\"position\":2,\"name\":\"Shop\",\"item\":\"https:\/\/intermob.be\/de\/shop\/\"},{\"@type\":\"ListItem\",\"position\":3,\"name\":\"St\u00fchl - Fiona - Samt\"}]},{\"@type\":\"WebSite\",\"@id\":\"https:\/\/intermob.be\/de\/#website\",\"url\":\"https:\/\/intermob.be\/de\/\",\"name\":\"Intermob\",\"description\":\"\",\"publisher\":{\"@id\":\"https:\/\/intermob.be\/de\/#organization\"},\"potentialAction\":[{\"@type\":\"SearchAction\",\"target\":{\"@type\":\"EntryPoint\",\"urlTemplate\":\"https:\/\/intermob.be\/de\/?s={search_term_string}\"},\"query-input\":{\"@type\":\"PropertyValueSpecification\",\"valueRequired\":true,\"valueName\":\"search_term_string\"}}],\"inLanguage\":\"de\"},{\"@type\":\"Organization\",\"@id\":\"https:\/\/intermob.be\/de\/#organization\",\"name\":\"Intermob Mobilier\",\"url\":\"https:\/\/intermob.be\/de\/\",\"logo\":{\"@type\":\"ImageObject\",\"inLanguage\":\"de\",\"@id\":\"https:\/\/intermob.be\/de\/#\/schema\/logo\/image\/\",\"url\":\"https:\/\/intermob.be\/wp-content\/uploads\/2025\/09\/intb-bold-logo.png\",\"contentUrl\":\"https:\/\/intermob.be\/wp-content\/uploads\/2025\/09\/intb-bold-logo.png\",\"width\":480,\"height\":158,\"caption\":\"Intermob Mobilier\"},\"image\":{\"@id\":\"https:\/\/intermob.be\/de\/#\/schema\/logo\/image\/\"}}]}<\/script>\n<!-- \/ Yoast SEO plugin. -->","yoast_head_json":{"title":"Horeca Sessel - Fiona - Samt","robots":{"index":"index","follow":"follow","max-snippet":"max-snippet:-1","max-image-preview":"max-image-preview:large","max-video-preview":"max-video-preview:-1"},"canonical":"https:\/\/intermob.be\/de\/produkt\/horeca-stuehl-samt-fiona\/","og_locale":"de_DE","og_type":"article","og_title":"Horeca Sessel - Fiona - Samt","og_description":"Dieser Samtsessel, erh\u00e4ltlich in einer Reihe von satten Farben wie Sand, Ocker, Schwarz, Grau, Blau, Altrosa, Armeegr\u00fcn, Bordeaux und Rost,","og_url":"https:\/\/intermob.be\/de\/produkt\/horeca-stuehl-samt-fiona\/","og_site_name":"Intermob Mobilier","article_modified_time":"2025-12-02T09:55:23+00:00","og_image":[{"width":1500,"height":1500,"url":"https:\/\/intermob.be\/wp-content\/uploads\/2021\/12\/Horeca-Armstoel-Fiona-Velvet-Fluweel-Zand.jpg","type":"image\/jpeg"}],"twitter_card":"summary_large_image","twitter_misc":{"Gesch\u00e4tzte Lesezeit":"1\u00a0Minute"},"schema":{"@context":"https:\/\/schema.org","@graph":[{"@type":"WebPage","@id":"https:\/\/intermob.be\/de\/produkt\/horeca-stuehl-samt-fiona\/","url":"https:\/\/intermob.be\/de\/produkt\/horeca-stuehl-samt-fiona\/","name":"Horeca Sessel - Fiona - Samt","isPartOf":{"@id":"https:\/\/intermob.be\/de\/#website"},"primaryImageOfPage":{"@id":"https:\/\/intermob.be\/de\/produkt\/horeca-stuehl-samt-fiona\/#primaryimage"},"image":{"@id":"https:\/\/intermob.be\/de\/produkt\/horeca-stuehl-samt-fiona\/#primaryimage"},"thumbnailUrl":"https:\/\/intermob.be\/wp-content\/uploads\/2021\/12\/Horeca-Armstoel-Fiona-Velvet-Fluweel-Zand.jpg","datePublished":"2021-12-17T07:23:36+00:00","dateModified":"2025-12-02T09:55:23+00:00","breadcrumb":{"@id":"https:\/\/intermob.be\/de\/produkt\/horeca-stuehl-samt-fiona\/#breadcrumb"},"inLanguage":"de","potentialAction":[{"@type":"ReadAction","target":["https:\/\/intermob.be\/de\/produkt\/horeca-stuehl-samt-fiona\/"]}]},{"@type":"ImageObject","inLanguage":"de","@id":"https:\/\/intermob.be\/de\/produkt\/horeca-stuehl-samt-fiona\/#primaryimage","url":"https:\/\/intermob.be\/wp-content\/uploads\/2021\/12\/Horeca-Armstoel-Fiona-Velvet-Fluweel-Zand.jpg","contentUrl":"https:\/\/intermob.be\/wp-content\/uploads\/2021\/12\/Horeca-Armstoel-Fiona-Velvet-Fluweel-Zand.jpg","width":1500,"height":1500,"caption":"Horeca-Armstoel-Fiona-Velvet-Fluweel-Zand"},{"@type":"BreadcrumbList","@id":"https:\/\/intermob.be\/de\/produkt\/horeca-stuehl-samt-fiona\/#breadcrumb","itemListElement":[{"@type":"ListItem","position":1,"name":"Home","item":"https:\/\/intermob.be\/de\/"},{"@type":"ListItem","position":2,"name":"Shop","item":"https:\/\/intermob.be\/de\/shop\/"},{"@type":"ListItem","position":3,"name":"St\u00fchl - Fiona - Samt"}]},{"@type":"WebSite","@id":"https:\/\/intermob.be\/de\/#website","url":"https:\/\/intermob.be\/de\/","name":"Intermob","description":"","publisher":{"@id":"https:\/\/intermob.be\/de\/#organization"},"potentialAction":[{"@type":"SearchAction","target":{"@type":"EntryPoint","urlTemplate":"https:\/\/intermob.be\/de\/?s={search_term_string}"},"query-input":{"@type":"PropertyValueSpecification","valueRequired":true,"valueName":"search_term_string"}}],"inLanguage":"de"},{"@type":"Organization","@id":"https:\/\/intermob.be\/de\/#organization","name":"Intermob Mobilier","url":"https:\/\/intermob.be\/de\/","logo":{"@type":"ImageObject","inLanguage":"de","@id":"https:\/\/intermob.be\/de\/#\/schema\/logo\/image\/","url":"https:\/\/intermob.be\/wp-content\/uploads\/2025\/09\/intb-bold-logo.png","contentUrl":"https:\/\/intermob.be\/wp-content\/uploads\/2025\/09\/intb-bold-logo.png","width":480,"height":158,"caption":"Intermob Mobilier"},"image":{"@id":"https:\/\/intermob.be\/de\/#\/schema\/logo\/image\/"}}]}},"_links":{"self":[{"href":"https:\/\/intermob.be\/de\/wp-json\/wp\/v2\/product\/81922","targetHints":{"allow":["GET"]}}],"collection":[{"href":"https:\/\/intermob.be\/de\/wp-json\/wp\/v2\/product"}],"about":[{"href":"https:\/\/intermob.be\/de\/wp-json\/wp\/v2\/types\/product"}],"replies":[{"embeddable":true,"href":"https:\/\/intermob.be\/de\/wp-json\/wp\/v2\/comments?post=81922"}],"version-history":[{"count":0,"href":"https:\/\/intermob.be\/de\/wp-json\/wp\/v2\/product\/81922\/revisions"}],"wp:featuredmedia":[{"embeddable":true,"href":"https:\/\/intermob.be\/de\/wp-json\/wp\/v2\/media\/126168"}],"wp:attachment":[{"href":"https:\/\/intermob.be\/de\/wp-json\/wp\/v2\/media?parent=81922"}],"wp:term":[{"taxonomy":"product_brand","embeddable":true,"href":"https:\/\/intermob.be\/de\/wp-json\/wp\/v2\/product_brand?post=81922"},{"taxonomy":"product_cat","embeddable":true,"href":"https:\/\/intermob.be\/de\/wp-json\/wp\/v2\/product_cat?post=81922"},{"taxonomy":"product_tag","embeddable":true,"href":"https:\/\/intermob.be\/de\/wp-json\/wp\/v2\/product_tag?post=81922"}],"curies":[{"name":"wp","href":"https:\/\/api.w.org\/{rel}","templated":true}]}}